{"id":20280,"date":"2024-12-19T11:35:00","date_gmt":"2024-12-19T14:35:00","guid":{"rendered":"https:\/\/tienda.test.rigelec.com.ar\/?product=lampara-led-luz-calida-e27-a60-14-5w-1400lm"},"modified":"2026-04-30T22:37:59","modified_gmt":"2026-05-01T01:37:59","slug":"lampara-led-luz-calida-e27-a60-14-5w-1400lm","status":"publish","type":"product","link":"https:\/\/tienda.rigelec.com.ar\/?product=lampara-led-luz-calida-e27-a60-14-5w-1400lm","title":{"rendered":"LAMPARA LED LUZ CALIDA E27 &#8211; A60 14.5W &#8211; 1400LM"},"content":{"rendered":"<p>LAMPARA LED LUZ CALIDA<\/p>\n<p data-start=\"220\" data-end=\"623\">La l\u00e1mpara LED Bulbo A60 de 14,5\u202fW combina eficiencia y estilo en un formato cl\u00e1sico y vers\u00e1til. Su luz c\u00e1lida de 3.000\u202fK genera un ambiente acogedor y confortable, ideal para livings, dormitorios, comedores o espacios comerciales que buscan una iluminaci\u00f3n agradable y elegante. Su dise\u00f1o se adapta f\u00e1cilmente a l\u00e1mparas colgantes, plafones o luminarias decorativas.<\/p>\n<p data-start=\"625\" data-end=\"1119\"><strong data-start=\"625\" data-end=\"665\">Ahorro energ\u00e9tico y alto rendimiento<\/strong><br data-start=\"665\" data-end=\"668\" \/>Gracias a la tecnolog\u00eda LED, esta l\u00e1mpara consume \u00fanicamente 14,5\u202fW, reemplazando de manera efectiva a una bombilla incandescente de 100\u202fW. Esto permite un ahorro significativo en el consumo el\u00e9ctrico, sin sacrificar calidad lum\u00ednica. Con un flujo luminoso de 1.400 l\u00famenes, ofrece una iluminaci\u00f3n potente y uniforme que cubre espacios amplios de forma eficiente. Por lo tanto, es ideal para quienes buscan una soluci\u00f3n que combine ahorro y confort.<\/p>\n<p data-start=\"1121\" data-end=\"1490\"><strong data-start=\"1121\" data-end=\"1165\">Iluminaci\u00f3n uniforme y colores naturales<\/strong><br data-start=\"1165\" data-end=\"1168\" \/>La l\u00e1mpara cuenta con un \u00e1ngulo de apertura amplio de 220\u00b0, garantizando una distribuci\u00f3n homog\u00e9nea de la luz. Adem\u00e1s, su \u00edndice de reproducci\u00f3n crom\u00e1tica (CRI) de 80\u202fRa permite percibir los colores de manera natural y realista, mejorando la apariencia de los espacios y haciendo que se sientan m\u00e1s c\u00e1lidos y acogedores.<\/p>\n<p data-start=\"1492\" data-end=\"1523\"><strong data-start=\"1492\" data-end=\"1521\">Especificaciones t\u00e9cnicas<\/strong><\/p>\n<ul data-start=\"1524\" data-end=\"1985\">\n<li data-start=\"1524\" data-end=\"1580\">\n<p data-start=\"1526\" data-end=\"1580\">Potencia: 14,5\u202fW (equivalente a 100\u202fW incandescente)<\/p>\n<\/li>\n<li data-start=\"1581\" data-end=\"1609\">\n<p data-start=\"1583\" data-end=\"1609\">Flujo luminoso: 1.400\u202flm<\/p>\n<\/li>\n<li data-start=\"1610\" data-end=\"1656\">\n<p data-start=\"1612\" data-end=\"1656\">Temperatura de color: 3.000\u202fK \u2013 luz c\u00e1lida<\/p>\n<\/li>\n<li data-start=\"1657\" data-end=\"1685\">\n<p data-start=\"1659\" data-end=\"1685\">\u00c1ngulo de apertura: 220\u00b0<\/p>\n<\/li>\n<li data-start=\"1686\" data-end=\"1700\">\n<p data-start=\"1688\" data-end=\"1700\">Rosca: E27<\/p>\n<\/li>\n<li data-start=\"1701\" data-end=\"1726\">\n<p data-start=\"1703\" data-end=\"1726\">Tipo de LED: SMD 2835<\/p>\n<\/li>\n<li data-start=\"1727\" data-end=\"1757\">\n<p data-start=\"1729\" data-end=\"1757\">Eficiencia: 97\u202flm\/W aprox.<\/p>\n<\/li>\n<li data-start=\"1758\" data-end=\"1772\">\n<p data-start=\"1760\" data-end=\"1772\">CRI: 80\u202fRa<\/p>\n<\/li>\n<li data-start=\"1773\" data-end=\"1800\">\n<p data-start=\"1775\" data-end=\"1800\">Vida \u00fatil: 25.000\u202fhoras<\/p>\n<\/li>\n<li data-start=\"1801\" data-end=\"1837\">\n<p data-start=\"1803\" data-end=\"1837\">Voltaje de entrada: 180\u2013240\u202fV AC<\/p>\n<\/li>\n<li data-start=\"1838\" data-end=\"1899\">\n<p data-start=\"1840\" data-end=\"1899\">Material: cuerpo de PC y aluminio, lente de policarbonato<\/p>\n<\/li>\n<li data-start=\"1900\" data-end=\"1928\">\n<p data-start=\"1902\" data-end=\"1928\">Dimensiones: 60 \u00d7 110\u202fmm<\/p>\n<\/li>\n<li data-start=\"1929\" data-end=\"1943\">\n<p data-start=\"1931\" data-end=\"1943\">Peso: 35\u202fg<\/p>\n<\/li>\n<li data-start=\"1944\" data-end=\"1964\">\n<p data-start=\"1946\" data-end=\"1964\">Protecci\u00f3n: IP20<\/p>\n<\/li>\n<\/ul>\n<p data-start=\"1987\" data-end=\"2249\">La l\u00e1mpara LED Bulbo A60 de 14,5\u202fW es la opci\u00f3n perfecta para quienes buscan eficiencia, durabilidad y una iluminaci\u00f3n c\u00e1lida y confortable. Su dise\u00f1o y rendimiento permiten disfrutar de espacios iluminados, acogedores y con ahorro energ\u00e9tico.<\/p>\n<p data-start=\"1987\" data-end=\"2249\"><a href=\"https:\/\/www.macroled.com.ar\/lamparas\/7428325568389\">https:\/\/www.macroled.com.ar\/lamparas\/7428325568389<\/a><\/p>\n","protected":false},"excerpt":{"rendered":"<p>Potencia: 14.5W<br \/>\nTipo de Blanco: C\u00e1lido 3000k<br \/>\nVida \u00datil (horas): 15.000hs<br \/>\nTensi\u00f3n: AC220-240V<br \/>\nReemplazo: Incandescente 100W<br \/>\nCorriente: 117mA<br \/>\nFactor de Potencia: 0.5<br \/>\nProtecci\u00f3n IP: IP20<br \/>\nProtecci\u00f3n IK: IK00<br \/>\nFunci\u00f3n Dimeable: No<br \/>\n\u00c1ngulo de Apertura: 220\u00b0<br \/>\nMaterial del Cuerpo: PC y Aluminio<br \/>\nMaterial del Lente: Policarbonato<br \/>\nTipo de Chip: 2835 &#8211; 14pcs<\/p>\n","protected":false},"featured_media":20281,"comment_status":"open","ping_status":"closed","template":"","meta":{"_monsterinsights_skip_tracking":false,"_monsterinsights_sitenote_active":false,"_monsterinsights_sitenote_note":"","_monsterinsights_sitenote_category":0},"product_brand":[],"product_cat":[214],"product_tag":[146],"class_list":{"0":"post-20280","1":"product","2":"type-product","3":"status-publish","4":"has-post-thumbnail","6":"product_cat-i-lamparas","7":"product_tag-macroled","9":"first","10":"instock","11":"shipping-taxable","12":"purchasable","13":"product-type-simple"},"yoast_head":"<!-- This site is optimized with the Yoast SEO plugin v25.3.1 - https:\/\/yoast.com\/wordpress\/plugins\/seo\/ -->\n<title>LAMPARA LED LUZ CALIDA E27 - A60 14.5W - 1400LM - Tienda Rigelec<\/title>\n<meta name=\"robots\" content=\"index, follow, max-snippet:-1, max-image-preview:large, max-video-preview:-1\" \/>\n<link rel=\"canonical\" href=\"https:\/\/tienda.rigelec.com.ar\/?product=lampara-led-luz-calida-e27-a60-14-5w-1400lm\" \/>\n<meta property=\"og:locale\" content=\"es_ES\" \/>\n<meta property=\"og:type\" content=\"article\" \/>\n<meta property=\"og:title\" content=\"LAMPARA LED LUZ CALIDA E27 - A60 14.5W - 1400LM - Tienda Rigelec\" \/>\n<meta property=\"og:description\" content=\"Potencia: 14.5W Tipo de Blanco: C\u00e1lido 3000k Vida \u00datil (horas): 15.000hs Tensi\u00f3n: AC220-240V Reemplazo: Incandescente 100W Corriente: 117mA Factor de Potencia: 0.5 Protecci\u00f3n IP: IP20 Protecci\u00f3n IK: IK00 Funci\u00f3n Dimeable: No \u00c1ngulo de Apertura: 220\u00b0 Material del Cuerpo: PC y Aluminio Material del Lente: Policarbonato Tipo de Chip: 2835 - 14pcs\" \/>\n<meta property=\"og:url\" content=\"https:\/\/tienda.rigelec.com.ar\/?product=lampara-led-luz-calida-e27-a60-14-5w-1400lm\" \/>\n<meta property=\"og:site_name\" content=\"Tienda Rigelec\" \/>\n<meta property=\"article:modified_time\" content=\"2026-05-01T01:37:59+00:00\" \/>\n<meta property=\"og:image\" content=\"https:\/\/tienda.rigelec.com.ar\/wp-content\/uploads\/2024\/12\/LAMPARALEDLUZCALIDA-2.jpg\" \/>\n\t<meta property=\"og:image:width\" content=\"942\" \/>\n\t<meta property=\"og:image:height\" content=\"957\" \/>\n\t<meta property=\"og:image:type\" content=\"image\/jpeg\" \/>\n<meta name=\"twitter:card\" content=\"summary_large_image\" \/>\n<meta name=\"twitter:label1\" content=\"Tiempo de lectura\" \/>\n\t<meta name=\"twitter:data1\" content=\"2 minutos\" \/>\n<script type=\"application\/ld+json\" class=\"yoast-schema-graph\">{\"@context\":\"https:\/\/schema.org\",\"@graph\":[{\"@type\":\"WebPage\",\"@id\":\"https:\/\/tienda.rigelec.com.ar\/?product=lampara-led-luz-calida-e27-a60-14-5w-1400lm\",\"url\":\"https:\/\/tienda.rigelec.com.ar\/?product=lampara-led-luz-calida-e27-a60-14-5w-1400lm\",\"name\":\"LAMPARA LED LUZ CALIDA E27 - A60 14.5W - 1400LM - Tienda Rigelec\",\"isPartOf\":{\"@id\":\"https:\/\/tienda.rigelec.com.ar\/#website\"},\"primaryImageOfPage\":{\"@id\":\"https:\/\/tienda.rigelec.com.ar\/?product=lampara-led-luz-calida-e27-a60-14-5w-1400lm#primaryimage\"},\"image\":{\"@id\":\"https:\/\/tienda.rigelec.com.ar\/?product=lampara-led-luz-calida-e27-a60-14-5w-1400lm#primaryimage\"},\"thumbnailUrl\":\"https:\/\/tienda.rigelec.com.ar\/wp-content\/uploads\/2024\/12\/LAMPARALEDLUZCALIDA-2.jpg\",\"datePublished\":\"2024-12-19T14:35:00+00:00\",\"dateModified\":\"2026-05-01T01:37:59+00:00\",\"breadcrumb\":{\"@id\":\"https:\/\/tienda.rigelec.com.ar\/?product=lampara-led-luz-calida-e27-a60-14-5w-1400lm#breadcrumb\"},\"inLanguage\":\"es-AR\",\"potentialAction\":[{\"@type\":\"ReadAction\",\"target\":[\"https:\/\/tienda.rigelec.com.ar\/?product=lampara-led-luz-calida-e27-a60-14-5w-1400lm\"]}]},{\"@type\":\"ImageObject\",\"inLanguage\":\"es-AR\",\"@id\":\"https:\/\/tienda.rigelec.com.ar\/?product=lampara-led-luz-calida-e27-a60-14-5w-1400lm#primaryimage\",\"url\":\"https:\/\/tienda.rigelec.com.ar\/wp-content\/uploads\/2024\/12\/LAMPARALEDLUZCALIDA-2.jpg\",\"contentUrl\":\"https:\/\/tienda.rigelec.com.ar\/wp-content\/uploads\/2024\/12\/LAMPARALEDLUZCALIDA-2.jpg\",\"width\":942,\"height\":957},{\"@type\":\"BreadcrumbList\",\"@id\":\"https:\/\/tienda.rigelec.com.ar\/?product=lampara-led-luz-calida-e27-a60-14-5w-1400lm#breadcrumb\",\"itemListElement\":[{\"@type\":\"ListItem\",\"position\":1,\"name\":\"Inicio\",\"item\":\"https:\/\/tienda.rigelec.com.ar\/\"},{\"@type\":\"ListItem\",\"position\":2,\"name\":\"Shop\",\"item\":\"https:\/\/tienda.rigelec.com.ar\/?page_id=12\"},{\"@type\":\"ListItem\",\"position\":3,\"name\":\"LAMPARA LED LUZ CALIDA E27 &#8211; A60 14.5W &#8211; 1400LM\"}]},{\"@type\":\"WebSite\",\"@id\":\"https:\/\/tienda.rigelec.com.ar\/#website\",\"url\":\"https:\/\/tienda.rigelec.com.ar\/\",\"name\":\"Tienda Rigelec\",\"description\":\"Energia en movimiento\",\"publisher\":{\"@id\":\"https:\/\/tienda.rigelec.com.ar\/#organization\"},\"potentialAction\":[{\"@type\":\"SearchAction\",\"target\":{\"@type\":\"EntryPoint\",\"urlTemplate\":\"https:\/\/tienda.rigelec.com.ar\/?s={search_term_string}\"},\"query-input\":{\"@type\":\"PropertyValueSpecification\",\"valueRequired\":true,\"valueName\":\"search_term_string\"}}],\"inLanguage\":\"es-AR\"},{\"@type\":\"Organization\",\"@id\":\"https:\/\/tienda.rigelec.com.ar\/#organization\",\"name\":\"Tienda Rigelec\",\"url\":\"https:\/\/tienda.rigelec.com.ar\/\",\"logo\":{\"@type\":\"ImageObject\",\"inLanguage\":\"es-AR\",\"@id\":\"https:\/\/tienda.rigelec.com.ar\/#\/schema\/logo\/image\/\",\"url\":\"https:\/\/tienda.rigelec.com.ar\/wp-content\/uploads\/2024\/09\/isologo-blanco-rigelec.png\",\"contentUrl\":\"https:\/\/tienda.rigelec.com.ar\/wp-content\/uploads\/2024\/09\/isologo-blanco-rigelec.png\",\"width\":94,\"height\":97,\"caption\":\"Tienda Rigelec\"},\"image\":{\"@id\":\"https:\/\/tienda.rigelec.com.ar\/#\/schema\/logo\/image\/\"}}]}<\/script>\n<!-- \/ Yoast SEO plugin. -->","yoast_head_json":{"title":"LAMPARA LED LUZ CALIDA E27 - A60 14.5W - 1400LM - Tienda Rigelec","robots":{"index":"index","follow":"follow","max-snippet":"max-snippet:-1","max-image-preview":"max-image-preview:large","max-video-preview":"max-video-preview:-1"},"canonical":"https:\/\/tienda.rigelec.com.ar\/?product=lampara-led-luz-calida-e27-a60-14-5w-1400lm","og_locale":"es_ES","og_type":"article","og_title":"LAMPARA LED LUZ CALIDA E27 - A60 14.5W - 1400LM - Tienda Rigelec","og_description":"Potencia: 14.5W Tipo de Blanco: C\u00e1lido 3000k Vida \u00datil (horas): 15.000hs Tensi\u00f3n: AC220-240V Reemplazo: Incandescente 100W Corriente: 117mA Factor de Potencia: 0.5 Protecci\u00f3n IP: IP20 Protecci\u00f3n IK: IK00 Funci\u00f3n Dimeable: No \u00c1ngulo de Apertura: 220\u00b0 Material del Cuerpo: PC y Aluminio Material del Lente: Policarbonato Tipo de Chip: 2835 - 14pcs","og_url":"https:\/\/tienda.rigelec.com.ar\/?product=lampara-led-luz-calida-e27-a60-14-5w-1400lm","og_site_name":"Tienda Rigelec","article_modified_time":"2026-05-01T01:37:59+00:00","og_image":[{"width":942,"height":957,"url":"https:\/\/tienda.rigelec.com.ar\/wp-content\/uploads\/2024\/12\/LAMPARALEDLUZCALIDA-2.jpg","type":"image\/jpeg"}],"twitter_card":"summary_large_image","twitter_misc":{"Tiempo de lectura":"2 minutos"},"schema":{"@context":"https:\/\/schema.org","@graph":[{"@type":"WebPage","@id":"https:\/\/tienda.rigelec.com.ar\/?product=lampara-led-luz-calida-e27-a60-14-5w-1400lm","url":"https:\/\/tienda.rigelec.com.ar\/?product=lampara-led-luz-calida-e27-a60-14-5w-1400lm","name":"LAMPARA LED LUZ CALIDA E27 - A60 14.5W - 1400LM - Tienda Rigelec","isPartOf":{"@id":"https:\/\/tienda.rigelec.com.ar\/#website"},"primaryImageOfPage":{"@id":"https:\/\/tienda.rigelec.com.ar\/?product=lampara-led-luz-calida-e27-a60-14-5w-1400lm#primaryimage"},"image":{"@id":"https:\/\/tienda.rigelec.com.ar\/?product=lampara-led-luz-calida-e27-a60-14-5w-1400lm#primaryimage"},"thumbnailUrl":"https:\/\/tienda.rigelec.com.ar\/wp-content\/uploads\/2024\/12\/LAMPARALEDLUZCALIDA-2.jpg","datePublished":"2024-12-19T14:35:00+00:00","dateModified":"2026-05-01T01:37:59+00:00","breadcrumb":{"@id":"https:\/\/tienda.rigelec.com.ar\/?product=lampara-led-luz-calida-e27-a60-14-5w-1400lm#breadcrumb"},"inLanguage":"es-AR","potentialAction":[{"@type":"ReadAction","target":["https:\/\/tienda.rigelec.com.ar\/?product=lampara-led-luz-calida-e27-a60-14-5w-1400lm"]}]},{"@type":"ImageObject","inLanguage":"es-AR","@id":"https:\/\/tienda.rigelec.com.ar\/?product=lampara-led-luz-calida-e27-a60-14-5w-1400lm#primaryimage","url":"https:\/\/tienda.rigelec.com.ar\/wp-content\/uploads\/2024\/12\/LAMPARALEDLUZCALIDA-2.jpg","contentUrl":"https:\/\/tienda.rigelec.com.ar\/wp-content\/uploads\/2024\/12\/LAMPARALEDLUZCALIDA-2.jpg","width":942,"height":957},{"@type":"BreadcrumbList","@id":"https:\/\/tienda.rigelec.com.ar\/?product=lampara-led-luz-calida-e27-a60-14-5w-1400lm#breadcrumb","itemListElement":[{"@type":"ListItem","position":1,"name":"Inicio","item":"https:\/\/tienda.rigelec.com.ar\/"},{"@type":"ListItem","position":2,"name":"Shop","item":"https:\/\/tienda.rigelec.com.ar\/?page_id=12"},{"@type":"ListItem","position":3,"name":"LAMPARA LED LUZ CALIDA E27 &#8211; A60 14.5W &#8211; 1400LM"}]},{"@type":"WebSite","@id":"https:\/\/tienda.rigelec.com.ar\/#website","url":"https:\/\/tienda.rigelec.com.ar\/","name":"Tienda Rigelec","description":"Energia en movimiento","publisher":{"@id":"https:\/\/tienda.rigelec.com.ar\/#organization"},"potentialAction":[{"@type":"SearchAction","target":{"@type":"EntryPoint","urlTemplate":"https:\/\/tienda.rigelec.com.ar\/?s={search_term_string}"},"query-input":{"@type":"PropertyValueSpecification","valueRequired":true,"valueName":"search_term_string"}}],"inLanguage":"es-AR"},{"@type":"Organization","@id":"https:\/\/tienda.rigelec.com.ar\/#organization","name":"Tienda Rigelec","url":"https:\/\/tienda.rigelec.com.ar\/","logo":{"@type":"ImageObject","inLanguage":"es-AR","@id":"https:\/\/tienda.rigelec.com.ar\/#\/schema\/logo\/image\/","url":"https:\/\/tienda.rigelec.com.ar\/wp-content\/uploads\/2024\/09\/isologo-blanco-rigelec.png","contentUrl":"https:\/\/tienda.rigelec.com.ar\/wp-content\/uploads\/2024\/09\/isologo-blanco-rigelec.png","width":94,"height":97,"caption":"Tienda Rigelec"},"image":{"@id":"https:\/\/tienda.rigelec.com.ar\/#\/schema\/logo\/image\/"}}]}},"jetpack_sharing_enabled":true,"_links":{"self":[{"href":"https:\/\/tienda.rigelec.com.ar\/index.php?rest_route=\/wp\/v2\/product\/20280","targetHints":{"allow":["GET"]}}],"collection":[{"href":"https:\/\/tienda.rigelec.com.ar\/index.php?rest_route=\/wp\/v2\/product"}],"about":[{"href":"https:\/\/tienda.rigelec.com.ar\/index.php?rest_route=\/wp\/v2\/types\/product"}],"replies":[{"embeddable":true,"href":"https:\/\/tienda.rigelec.com.ar\/index.php?rest_route=%2Fwp%2Fv2%2Fcomments&post=20280"}],"wp:featuredmedia":[{"embeddable":true,"href":"https:\/\/tienda.rigelec.com.ar\/index.php?rest_route=\/wp\/v2\/media\/20281"}],"wp:attachment":[{"href":"https:\/\/tienda.rigelec.com.ar\/index.php?rest_route=%2Fwp%2Fv2%2Fmedia&parent=20280"}],"wp:term":[{"taxonomy":"product_brand","embeddable":true,"href":"https:\/\/tienda.rigelec.com.ar\/index.php?rest_route=%2Fwp%2Fv2%2Fproduct_brand&post=20280"},{"taxonomy":"product_cat","embeddable":true,"href":"https:\/\/tienda.rigelec.com.ar\/index.php?rest_route=%2Fwp%2Fv2%2Fproduct_cat&post=20280"},{"taxonomy":"product_tag","embeddable":true,"href":"https:\/\/tienda.rigelec.com.ar\/index.php?rest_route=%2Fwp%2Fv2%2Fproduct_tag&post=20280"}],"curies":[{"name":"wp","href":"https:\/\/api.w.org\/{rel}","templated":true}]}}