{"id":20362,"date":"2024-12-19T11:38:46","date_gmt":"2024-12-19T14:38:46","guid":{"rendered":"https:\/\/tienda.test.rigelec.com.ar\/?product=contactor-ac3-sc1-40a-bobina-110v-1na1nc"},"modified":"2026-05-01T12:17:04","modified_gmt":"2026-05-01T15:17:04","slug":"contactor-ac3-sc1-40a-bobina-110v-1na1nc","status":"publish","type":"product","link":"https:\/\/tienda.rigelec.com.ar\/?product=contactor-ac3-sc1-40a-bobina-110v-1na1nc","title":{"rendered":"CONTACTOR AC3 SC1 40A &#8211; BOBINA 110V &#8211; 1NA+1NC"},"content":{"rendered":"<p>CONTACTOR AC3<\/p>\n","protected":false},"excerpt":{"rendered":"<p>3X380V<br \/>\nEl contactor de la serie C-1 es usado en circuitos AC 50\/60Hz, tensi\u00f3n nominal de trabajo hasta 660V e intensidad nominal de trabajo hasta 95A de acuerdo con la clase de empleo AC-3. Es usado para poder cerrar y desconectar un circuito a distancia. Conectado a un rel\u00e9 t\u00e9rmico protege el circuito contra sobrecargas, como un interruptor electromagn\u00e9tico. Tambi\u00e9n funciona como temporizador, interruptor inversor y conmutador estrella-tri\u00e1ngulo cuando combina con bloques auxiliares. El producto est\u00e1 en conformidad con las normas IEC 60947-4-1 y GB14048.4.<\/p>\n","protected":false},"featured_media":20363,"comment_status":"open","ping_status":"closed","template":"","meta":{"_monsterinsights_skip_tracking":false,"_monsterinsights_sitenote_active":false,"_monsterinsights_sitenote_note":"","_monsterinsights_sitenote_category":0},"product_brand":[],"product_cat":[332],"product_tag":[137],"class_list":{"0":"post-20362","1":"product","2":"type-product","3":"status-publish","4":"has-post-thumbnail","6":"product_cat-a-contactores","7":"product_tag-steck","9":"first","10":"instock","11":"shipping-taxable","12":"purchasable","13":"product-type-simple"},"yoast_head":"<!-- This site is optimized with the Yoast SEO plugin v25.3.1 - https:\/\/yoast.com\/wordpress\/plugins\/seo\/ -->\n<title>CONTACTOR AC3 SC1 40A - BOBINA 110V - 1NA+1NC - Tienda Rigelec<\/title>\n<meta name=\"robots\" content=\"index, follow, max-snippet:-1, max-image-preview:large, max-video-preview:-1\" \/>\n<link rel=\"canonical\" href=\"https:\/\/tienda.rigelec.com.ar\/?product=contactor-ac3-sc1-40a-bobina-110v-1na1nc\" \/>\n<meta property=\"og:locale\" content=\"es_ES\" \/>\n<meta property=\"og:type\" content=\"article\" \/>\n<meta property=\"og:title\" content=\"CONTACTOR AC3 SC1 40A - BOBINA 110V - 1NA+1NC - Tienda Rigelec\" \/>\n<meta property=\"og:description\" content=\"3X380V El contactor de la serie C-1 es usado en circuitos AC 50\/60Hz, tensi\u00f3n nominal de trabajo hasta 660V e intensidad nominal de trabajo hasta 95A de acuerdo con la clase de empleo AC-3. Es usado para poder cerrar y desconectar un circuito a distancia. Conectado a un rel\u00e9 t\u00e9rmico protege el circuito contra sobrecargas, como un interruptor electromagn\u00e9tico. Tambi\u00e9n funciona como temporizador, interruptor inversor y conmutador estrella-tri\u00e1ngulo cuando combina con bloques auxiliares. El producto est\u00e1 en conformidad con las normas IEC 60947-4-1 y GB14048.4.\" \/>\n<meta property=\"og:url\" content=\"https:\/\/tienda.rigelec.com.ar\/?product=contactor-ac3-sc1-40a-bobina-110v-1na1nc\" \/>\n<meta property=\"og:site_name\" content=\"Tienda Rigelec\" \/>\n<meta property=\"article:modified_time\" content=\"2026-05-01T15:17:04+00:00\" \/>\n<meta property=\"og:image\" content=\"https:\/\/tienda.rigelec.com.ar\/wp-content\/uploads\/2024\/12\/CONTACTORAC3.jpg\" \/>\n\t<meta property=\"og:image:width\" content=\"433\" \/>\n\t<meta property=\"og:image:height\" content=\"436\" \/>\n\t<meta property=\"og:image:type\" content=\"image\/jpeg\" \/>\n<meta name=\"twitter:card\" content=\"summary_large_image\" \/>\n<script type=\"application\/ld+json\" class=\"yoast-schema-graph\">{\"@context\":\"https:\/\/schema.org\",\"@graph\":[{\"@type\":\"WebPage\",\"@id\":\"https:\/\/tienda.rigelec.com.ar\/?product=contactor-ac3-sc1-40a-bobina-110v-1na1nc\",\"url\":\"https:\/\/tienda.rigelec.com.ar\/?product=contactor-ac3-sc1-40a-bobina-110v-1na1nc\",\"name\":\"CONTACTOR AC3 SC1 40A - BOBINA 110V - 1NA+1NC - Tienda Rigelec\",\"isPartOf\":{\"@id\":\"https:\/\/tienda.rigelec.com.ar\/#website\"},\"primaryImageOfPage\":{\"@id\":\"https:\/\/tienda.rigelec.com.ar\/?product=contactor-ac3-sc1-40a-bobina-110v-1na1nc#primaryimage\"},\"image\":{\"@id\":\"https:\/\/tienda.rigelec.com.ar\/?product=contactor-ac3-sc1-40a-bobina-110v-1na1nc#primaryimage\"},\"thumbnailUrl\":\"https:\/\/tienda.rigelec.com.ar\/wp-content\/uploads\/2024\/12\/CONTACTORAC3.jpg\",\"datePublished\":\"2024-12-19T14:38:46+00:00\",\"dateModified\":\"2026-05-01T15:17:04+00:00\",\"breadcrumb\":{\"@id\":\"https:\/\/tienda.rigelec.com.ar\/?product=contactor-ac3-sc1-40a-bobina-110v-1na1nc#breadcrumb\"},\"inLanguage\":\"es-AR\",\"potentialAction\":[{\"@type\":\"ReadAction\",\"target\":[\"https:\/\/tienda.rigelec.com.ar\/?product=contactor-ac3-sc1-40a-bobina-110v-1na1nc\"]}]},{\"@type\":\"ImageObject\",\"inLanguage\":\"es-AR\",\"@id\":\"https:\/\/tienda.rigelec.com.ar\/?product=contactor-ac3-sc1-40a-bobina-110v-1na1nc#primaryimage\",\"url\":\"https:\/\/tienda.rigelec.com.ar\/wp-content\/uploads\/2024\/12\/CONTACTORAC3.jpg\",\"contentUrl\":\"https:\/\/tienda.rigelec.com.ar\/wp-content\/uploads\/2024\/12\/CONTACTORAC3.jpg\",\"width\":433,\"height\":436},{\"@type\":\"BreadcrumbList\",\"@id\":\"https:\/\/tienda.rigelec.com.ar\/?product=contactor-ac3-sc1-40a-bobina-110v-1na1nc#breadcrumb\",\"itemListElement\":[{\"@type\":\"ListItem\",\"position\":1,\"name\":\"Inicio\",\"item\":\"https:\/\/tienda.rigelec.com.ar\/\"},{\"@type\":\"ListItem\",\"position\":2,\"name\":\"Shop\",\"item\":\"https:\/\/tienda.rigelec.com.ar\/?page_id=12\"},{\"@type\":\"ListItem\",\"position\":3,\"name\":\"CONTACTOR AC3 SC1 40A &#8211; BOBINA 110V &#8211; 1NA+1NC\"}]},{\"@type\":\"WebSite\",\"@id\":\"https:\/\/tienda.rigelec.com.ar\/#website\",\"url\":\"https:\/\/tienda.rigelec.com.ar\/\",\"name\":\"Tienda Rigelec\",\"description\":\"Energia en movimiento\",\"publisher\":{\"@id\":\"https:\/\/tienda.rigelec.com.ar\/#organization\"},\"potentialAction\":[{\"@type\":\"SearchAction\",\"target\":{\"@type\":\"EntryPoint\",\"urlTemplate\":\"https:\/\/tienda.rigelec.com.ar\/?s={search_term_string}\"},\"query-input\":{\"@type\":\"PropertyValueSpecification\",\"valueRequired\":true,\"valueName\":\"search_term_string\"}}],\"inLanguage\":\"es-AR\"},{\"@type\":\"Organization\",\"@id\":\"https:\/\/tienda.rigelec.com.ar\/#organization\",\"name\":\"Tienda Rigelec\",\"url\":\"https:\/\/tienda.rigelec.com.ar\/\",\"logo\":{\"@type\":\"ImageObject\",\"inLanguage\":\"es-AR\",\"@id\":\"https:\/\/tienda.rigelec.com.ar\/#\/schema\/logo\/image\/\",\"url\":\"https:\/\/tienda.rigelec.com.ar\/wp-content\/uploads\/2024\/09\/isologo-blanco-rigelec.png\",\"contentUrl\":\"https:\/\/tienda.rigelec.com.ar\/wp-content\/uploads\/2024\/09\/isologo-blanco-rigelec.png\",\"width\":94,\"height\":97,\"caption\":\"Tienda Rigelec\"},\"image\":{\"@id\":\"https:\/\/tienda.rigelec.com.ar\/#\/schema\/logo\/image\/\"}}]}<\/script>\n<!-- \/ Yoast SEO plugin. -->","yoast_head_json":{"title":"CONTACTOR AC3 SC1 40A - BOBINA 110V - 1NA+1NC - Tienda Rigelec","robots":{"index":"index","follow":"follow","max-snippet":"max-snippet:-1","max-image-preview":"max-image-preview:large","max-video-preview":"max-video-preview:-1"},"canonical":"https:\/\/tienda.rigelec.com.ar\/?product=contactor-ac3-sc1-40a-bobina-110v-1na1nc","og_locale":"es_ES","og_type":"article","og_title":"CONTACTOR AC3 SC1 40A - BOBINA 110V - 1NA+1NC - Tienda Rigelec","og_description":"3X380V El contactor de la serie C-1 es usado en circuitos AC 50\/60Hz, tensi\u00f3n nominal de trabajo hasta 660V e intensidad nominal de trabajo hasta 95A de acuerdo con la clase de empleo AC-3. Es usado para poder cerrar y desconectar un circuito a distancia. Conectado a un rel\u00e9 t\u00e9rmico protege el circuito contra sobrecargas, como un interruptor electromagn\u00e9tico. Tambi\u00e9n funciona como temporizador, interruptor inversor y conmutador estrella-tri\u00e1ngulo cuando combina con bloques auxiliares. El producto est\u00e1 en conformidad con las normas IEC 60947-4-1 y GB14048.4.","og_url":"https:\/\/tienda.rigelec.com.ar\/?product=contactor-ac3-sc1-40a-bobina-110v-1na1nc","og_site_name":"Tienda Rigelec","article_modified_time":"2026-05-01T15:17:04+00:00","og_image":[{"width":433,"height":436,"url":"https:\/\/tienda.rigelec.com.ar\/wp-content\/uploads\/2024\/12\/CONTACTORAC3.jpg","type":"image\/jpeg"}],"twitter_card":"summary_large_image","schema":{"@context":"https:\/\/schema.org","@graph":[{"@type":"WebPage","@id":"https:\/\/tienda.rigelec.com.ar\/?product=contactor-ac3-sc1-40a-bobina-110v-1na1nc","url":"https:\/\/tienda.rigelec.com.ar\/?product=contactor-ac3-sc1-40a-bobina-110v-1na1nc","name":"CONTACTOR AC3 SC1 40A - BOBINA 110V - 1NA+1NC - Tienda Rigelec","isPartOf":{"@id":"https:\/\/tienda.rigelec.com.ar\/#website"},"primaryImageOfPage":{"@id":"https:\/\/tienda.rigelec.com.ar\/?product=contactor-ac3-sc1-40a-bobina-110v-1na1nc#primaryimage"},"image":{"@id":"https:\/\/tienda.rigelec.com.ar\/?product=contactor-ac3-sc1-40a-bobina-110v-1na1nc#primaryimage"},"thumbnailUrl":"https:\/\/tienda.rigelec.com.ar\/wp-content\/uploads\/2024\/12\/CONTACTORAC3.jpg","datePublished":"2024-12-19T14:38:46+00:00","dateModified":"2026-05-01T15:17:04+00:00","breadcrumb":{"@id":"https:\/\/tienda.rigelec.com.ar\/?product=contactor-ac3-sc1-40a-bobina-110v-1na1nc#breadcrumb"},"inLanguage":"es-AR","potentialAction":[{"@type":"ReadAction","target":["https:\/\/tienda.rigelec.com.ar\/?product=contactor-ac3-sc1-40a-bobina-110v-1na1nc"]}]},{"@type":"ImageObject","inLanguage":"es-AR","@id":"https:\/\/tienda.rigelec.com.ar\/?product=contactor-ac3-sc1-40a-bobina-110v-1na1nc#primaryimage","url":"https:\/\/tienda.rigelec.com.ar\/wp-content\/uploads\/2024\/12\/CONTACTORAC3.jpg","contentUrl":"https:\/\/tienda.rigelec.com.ar\/wp-content\/uploads\/2024\/12\/CONTACTORAC3.jpg","width":433,"height":436},{"@type":"BreadcrumbList","@id":"https:\/\/tienda.rigelec.com.ar\/?product=contactor-ac3-sc1-40a-bobina-110v-1na1nc#breadcrumb","itemListElement":[{"@type":"ListItem","position":1,"name":"Inicio","item":"https:\/\/tienda.rigelec.com.ar\/"},{"@type":"ListItem","position":2,"name":"Shop","item":"https:\/\/tienda.rigelec.com.ar\/?page_id=12"},{"@type":"ListItem","position":3,"name":"CONTACTOR AC3 SC1 40A &#8211; BOBINA 110V &#8211; 1NA+1NC"}]},{"@type":"WebSite","@id":"https:\/\/tienda.rigelec.com.ar\/#website","url":"https:\/\/tienda.rigelec.com.ar\/","name":"Tienda Rigelec","description":"Energia en movimiento","publisher":{"@id":"https:\/\/tienda.rigelec.com.ar\/#organization"},"potentialAction":[{"@type":"SearchAction","target":{"@type":"EntryPoint","urlTemplate":"https:\/\/tienda.rigelec.com.ar\/?s={search_term_string}"},"query-input":{"@type":"PropertyValueSpecification","valueRequired":true,"valueName":"search_term_string"}}],"inLanguage":"es-AR"},{"@type":"Organization","@id":"https:\/\/tienda.rigelec.com.ar\/#organization","name":"Tienda Rigelec","url":"https:\/\/tienda.rigelec.com.ar\/","logo":{"@type":"ImageObject","inLanguage":"es-AR","@id":"https:\/\/tienda.rigelec.com.ar\/#\/schema\/logo\/image\/","url":"https:\/\/tienda.rigelec.com.ar\/wp-content\/uploads\/2024\/09\/isologo-blanco-rigelec.png","contentUrl":"https:\/\/tienda.rigelec.com.ar\/wp-content\/uploads\/2024\/09\/isologo-blanco-rigelec.png","width":94,"height":97,"caption":"Tienda Rigelec"},"image":{"@id":"https:\/\/tienda.rigelec.com.ar\/#\/schema\/logo\/image\/"}}]}},"jetpack_sharing_enabled":true,"_links":{"self":[{"href":"https:\/\/tienda.rigelec.com.ar\/index.php?rest_route=\/wp\/v2\/product\/20362","targetHints":{"allow":["GET"]}}],"collection":[{"href":"https:\/\/tienda.rigelec.com.ar\/index.php?rest_route=\/wp\/v2\/product"}],"about":[{"href":"https:\/\/tienda.rigelec.com.ar\/index.php?rest_route=\/wp\/v2\/types\/product"}],"replies":[{"embeddable":true,"href":"https:\/\/tienda.rigelec.com.ar\/index.php?rest_route=%2Fwp%2Fv2%2Fcomments&post=20362"}],"wp:featuredmedia":[{"embeddable":true,"href":"https:\/\/tienda.rigelec.com.ar\/index.php?rest_route=\/wp\/v2\/media\/20363"}],"wp:attachment":[{"href":"https:\/\/tienda.rigelec.com.ar\/index.php?rest_route=%2Fwp%2Fv2%2Fmedia&parent=20362"}],"wp:term":[{"taxonomy":"product_brand","embeddable":true,"href":"https:\/\/tienda.rigelec.com.ar\/index.php?rest_route=%2Fwp%2Fv2%2Fproduct_brand&post=20362"},{"taxonomy":"product_cat","embeddable":true,"href":"https:\/\/tienda.rigelec.com.ar\/index.php?rest_route=%2Fwp%2Fv2%2Fproduct_cat&post=20362"},{"taxonomy":"product_tag","embeddable":true,"href":"https:\/\/tienda.rigelec.com.ar\/index.php?rest_route=%2Fwp%2Fv2%2Fproduct_tag&post=20362"}],"curies":[{"name":"wp","href":"https:\/\/api.w.org\/{rel}","templated":true}]}}