{"id":20470,"date":"2024-12-19T11:44:20","date_gmt":"2024-12-19T14:44:20","guid":{"rendered":"https:\/\/tienda.test.rigelec.com.ar\/?product=reflector-led-luz-fria-ip65-100w-9000lm"},"modified":"2026-04-30T22:53:09","modified_gmt":"2026-05-01T01:53:09","slug":"reflector-led-macroled-100w-9000lm-luz-fria-ip65","status":"publish","type":"product","link":"https:\/\/tienda.rigelec.com.ar\/?product=reflector-led-macroled-100w-9000lm-luz-fria-ip65","title":{"rendered":"REFLECTOR LED LUZ FRIA IP65 100W- 9000LM"},"content":{"rendered":"<p data-start=\"492\" data-end=\"764\">El <strong data-start=\"495\" data-end=\"526\">Reflector LED Macroled 100W<\/strong> es una opci\u00f3n confiable para quienes buscan <strong data-start=\"571\" data-end=\"615\">iluminaci\u00f3n intensa, durable y eficiente<\/strong>. Con un <strong data-start=\"624\" data-end=\"670\">flujo luminoso de 9000 l\u00famenes en luz fr\u00eda<\/strong>, asegura gran visibilidad y ahorro energ\u00e9tico en comparaci\u00f3n con reflectores tradicionales.<\/p>\n<p data-start=\"766\" data-end=\"1031\">Su dise\u00f1o robusto con <strong data-start=\"788\" data-end=\"825\">tecnolog\u00eda LED de larga vida \u00fatil<\/strong> garantiza un excelente rendimiento con m\u00ednimo mantenimiento. Adem\u00e1s, gracias a su <strong data-start=\"908\" data-end=\"930\">certificaci\u00f3n IP65<\/strong>, es resistente al polvo y al agua, ideal para aplicaciones en exteriores en condiciones exigentes.<\/p>\n<h2 data-start=\"1038\" data-end=\"1073\"><strong data-start=\"1041\" data-end=\"1071\">Caracter\u00edsticas<\/strong><\/h2>\n<ul data-start=\"1074\" data-end=\"1362\">\n<li data-start=\"1074\" data-end=\"1097\">\n<p data-start=\"1076\" data-end=\"1097\"><strong data-start=\"1076\" data-end=\"1086\">Marca:<\/strong> Macroled<\/p>\n<\/li>\n<li data-start=\"1098\" data-end=\"1132\">\n<p data-start=\"1100\" data-end=\"1132\"><strong data-start=\"1100\" data-end=\"1111\">Modelo:<\/strong> Reflector LED 100W<\/p>\n<\/li>\n<li data-start=\"1133\" data-end=\"1155\">\n<p data-start=\"1135\" data-end=\"1155\"><strong data-start=\"1135\" data-end=\"1148\">Potencia:<\/strong> 100W<\/p>\n<\/li>\n<li data-start=\"1156\" data-end=\"1187\">\n<p data-start=\"1158\" data-end=\"1187\"><strong data-start=\"1158\" data-end=\"1177\">Flujo luminoso:<\/strong> 9000 lm<\/p>\n<\/li>\n<li data-start=\"1188\" data-end=\"1226\">\n<p data-start=\"1190\" data-end=\"1226\"><strong data-start=\"1190\" data-end=\"1215\">Temperatura de color:<\/strong> Luz fr\u00eda<\/p>\n<\/li>\n<li data-start=\"1227\" data-end=\"1280\">\n<p data-start=\"1229\" data-end=\"1280\"><strong data-start=\"1229\" data-end=\"1244\">Protecci\u00f3n:<\/strong> IP65 (resistente al agua y polvo)<\/p>\n<\/li>\n<li data-start=\"1281\" data-end=\"1329\">\n<p data-start=\"1283\" data-end=\"1329\"><strong data-start=\"1283\" data-end=\"1298\">Eficiencia:<\/strong> Bajo consumo y alta potencia<\/p>\n<\/li>\n<li data-start=\"1330\" data-end=\"1362\">\n<p data-start=\"1332\" data-end=\"1362\"><strong data-start=\"1332\" data-end=\"1340\">Uso:<\/strong> Interior y exterior<\/p>\n<\/li>\n<\/ul>\n<h2 data-start=\"1369\" data-end=\"1403\"><strong data-start=\"1372\" data-end=\"1401\">Aplicaciones recomendadas<\/strong><\/h2>\n<ul data-start=\"1404\" data-end=\"1550\">\n<li data-start=\"1404\" data-end=\"1448\">\n<p data-start=\"1406\" data-end=\"1448\">Iluminaci\u00f3n de patios y jardines amplios<\/p>\n<\/li>\n<li data-start=\"1449\" data-end=\"1479\">\n<p data-start=\"1451\" data-end=\"1479\">Estacionamientos y accesos<\/p>\n<\/li>\n<li data-start=\"1480\" data-end=\"1511\">\n<p data-start=\"1482\" data-end=\"1511\">Galpones y \u00e1reas de trabajo<\/p>\n<\/li>\n<li data-start=\"1512\" data-end=\"1550\">\n<p data-start=\"1514\" data-end=\"1550\">Seguridad perimetral en exteriores<\/p>\n<\/li>\n<\/ul>\n<p><a href=\"https:\/\/www.macroled.com.ar\/reflectores\/7428325574281\">https:\/\/www.macroled.com.ar\/reflectores\/7428325574281<\/a><\/p>\n","protected":false},"excerpt":{"rendered":"<p>Brazo a 45\u00b0<br \/>\nPotencia: 100W<br \/>\nModelo: EFL-100W<br \/>\nTensi\u00f3n: AC100-240V<br \/>\nTama\u00f1o de L\u00e1mpara: 245x180x36mm<br \/>\nPeso de L\u00e1mpara: 1,22 Kg<\/p>\n","protected":false},"featured_media":20471,"comment_status":"open","ping_status":"closed","template":"","meta":{"_monsterinsights_skip_tracking":false,"_monsterinsights_sitenote_active":false,"_monsterinsights_sitenote_note":"","_monsterinsights_sitenote_category":0},"product_brand":[],"product_cat":[193],"product_tag":[146],"class_list":{"0":"post-20470","1":"product","2":"type-product","3":"status-publish","4":"has-post-thumbnail","6":"product_cat-1-led","7":"product_tag-macroled","9":"first","10":"instock","11":"shipping-taxable","12":"purchasable","13":"product-type-simple"},"yoast_head":"<!-- This site is optimized with the Yoast SEO plugin v25.3.1 - https:\/\/yoast.com\/wordpress\/plugins\/seo\/ -->\n<title>Tienda Rigelec Reflector LED Macroled 100W \u2013 9000lm Luz Fr\u00eda IP65<\/title>\n<meta name=\"description\" content=\"Reflector LED Macroled 100W con 9000 l\u00famenes de luz fr\u00eda. Potente, eficiente y resistente al agua con certificaci\u00f3n IP65. Ideal para exteriores y seguridad.\" \/>\n<meta name=\"robots\" content=\"index, follow, max-snippet:-1, max-image-preview:large, max-video-preview:-1\" \/>\n<link rel=\"canonical\" href=\"https:\/\/tienda.rigelec.com.ar\/?product=reflector-led-macroled-100w-9000lm-luz-fria-ip65\" \/>\n<meta property=\"og:locale\" content=\"es_ES\" \/>\n<meta property=\"og:type\" content=\"article\" \/>\n<meta property=\"og:title\" content=\"Tienda Rigelec Reflector LED Macroled 100W \u2013 9000lm Luz Fr\u00eda IP65\" \/>\n<meta property=\"og:description\" content=\"Reflector LED Macroled 100W con 9000 l\u00famenes de luz fr\u00eda. Potente, eficiente y resistente al agua con certificaci\u00f3n IP65. Ideal para exteriores y seguridad.\" \/>\n<meta property=\"og:url\" content=\"https:\/\/tienda.rigelec.com.ar\/?product=reflector-led-macroled-100w-9000lm-luz-fria-ip65\" \/>\n<meta property=\"og:site_name\" content=\"Tienda Rigelec\" \/>\n<meta property=\"article:modified_time\" content=\"2026-05-01T01:53:09+00:00\" \/>\n<meta property=\"og:image\" content=\"https:\/\/tienda.rigelec.com.ar\/wp-content\/uploads\/2024\/12\/REFLECTORLEDLUZFRIA.jpg\" \/>\n\t<meta property=\"og:image:width\" content=\"1080\" \/>\n\t<meta property=\"og:image:height\" content=\"959\" \/>\n\t<meta property=\"og:image:type\" content=\"image\/jpeg\" \/>\n<meta name=\"twitter:card\" content=\"summary_large_image\" \/>\n<meta name=\"twitter:label1\" content=\"Tiempo de lectura\" \/>\n\t<meta name=\"twitter:data1\" content=\"1 minuto\" \/>\n<script type=\"application\/ld+json\" class=\"yoast-schema-graph\">{\"@context\":\"https:\/\/schema.org\",\"@graph\":[{\"@type\":\"WebPage\",\"@id\":\"https:\/\/tienda.rigelec.com.ar\/?product=reflector-led-macroled-100w-9000lm-luz-fria-ip65\",\"url\":\"https:\/\/tienda.rigelec.com.ar\/?product=reflector-led-macroled-100w-9000lm-luz-fria-ip65\",\"name\":\"Tienda Rigelec Reflector LED Macroled 100W \u2013 9000lm Luz Fr\u00eda IP65\",\"isPartOf\":{\"@id\":\"https:\/\/tienda.rigelec.com.ar\/#website\"},\"primaryImageOfPage\":{\"@id\":\"https:\/\/tienda.rigelec.com.ar\/?product=reflector-led-macroled-100w-9000lm-luz-fria-ip65#primaryimage\"},\"image\":{\"@id\":\"https:\/\/tienda.rigelec.com.ar\/?product=reflector-led-macroled-100w-9000lm-luz-fria-ip65#primaryimage\"},\"thumbnailUrl\":\"https:\/\/tienda.rigelec.com.ar\/wp-content\/uploads\/2024\/12\/REFLECTORLEDLUZFRIA.jpg\",\"datePublished\":\"2024-12-19T14:44:20+00:00\",\"dateModified\":\"2026-05-01T01:53:09+00:00\",\"description\":\"Reflector LED Macroled 100W con 9000 l\u00famenes de luz fr\u00eda. Potente, eficiente y resistente al agua con certificaci\u00f3n IP65. Ideal para exteriores y seguridad.\",\"breadcrumb\":{\"@id\":\"https:\/\/tienda.rigelec.com.ar\/?product=reflector-led-macroled-100w-9000lm-luz-fria-ip65#breadcrumb\"},\"inLanguage\":\"es-AR\",\"potentialAction\":[{\"@type\":\"ReadAction\",\"target\":[\"https:\/\/tienda.rigelec.com.ar\/?product=reflector-led-macroled-100w-9000lm-luz-fria-ip65\"]}]},{\"@type\":\"ImageObject\",\"inLanguage\":\"es-AR\",\"@id\":\"https:\/\/tienda.rigelec.com.ar\/?product=reflector-led-macroled-100w-9000lm-luz-fria-ip65#primaryimage\",\"url\":\"https:\/\/tienda.rigelec.com.ar\/wp-content\/uploads\/2024\/12\/REFLECTORLEDLUZFRIA.jpg\",\"contentUrl\":\"https:\/\/tienda.rigelec.com.ar\/wp-content\/uploads\/2024\/12\/REFLECTORLEDLUZFRIA.jpg\",\"width\":1080,\"height\":959},{\"@type\":\"BreadcrumbList\",\"@id\":\"https:\/\/tienda.rigelec.com.ar\/?product=reflector-led-macroled-100w-9000lm-luz-fria-ip65#breadcrumb\",\"itemListElement\":[{\"@type\":\"ListItem\",\"position\":1,\"name\":\"Inicio\",\"item\":\"https:\/\/tienda.rigelec.com.ar\/\"},{\"@type\":\"ListItem\",\"position\":2,\"name\":\"Shop\",\"item\":\"https:\/\/tienda.rigelec.com.ar\/?page_id=12\"},{\"@type\":\"ListItem\",\"position\":3,\"name\":\"REFLECTOR LED LUZ FRIA IP65 100W- 9000LM\"}]},{\"@type\":\"WebSite\",\"@id\":\"https:\/\/tienda.rigelec.com.ar\/#website\",\"url\":\"https:\/\/tienda.rigelec.com.ar\/\",\"name\":\"Tienda Rigelec\",\"description\":\"Energia en movimiento\",\"publisher\":{\"@id\":\"https:\/\/tienda.rigelec.com.ar\/#organization\"},\"potentialAction\":[{\"@type\":\"SearchAction\",\"target\":{\"@type\":\"EntryPoint\",\"urlTemplate\":\"https:\/\/tienda.rigelec.com.ar\/?s={search_term_string}\"},\"query-input\":{\"@type\":\"PropertyValueSpecification\",\"valueRequired\":true,\"valueName\":\"search_term_string\"}}],\"inLanguage\":\"es-AR\"},{\"@type\":\"Organization\",\"@id\":\"https:\/\/tienda.rigelec.com.ar\/#organization\",\"name\":\"Tienda Rigelec\",\"url\":\"https:\/\/tienda.rigelec.com.ar\/\",\"logo\":{\"@type\":\"ImageObject\",\"inLanguage\":\"es-AR\",\"@id\":\"https:\/\/tienda.rigelec.com.ar\/#\/schema\/logo\/image\/\",\"url\":\"https:\/\/tienda.rigelec.com.ar\/wp-content\/uploads\/2024\/09\/isologo-blanco-rigelec.png\",\"contentUrl\":\"https:\/\/tienda.rigelec.com.ar\/wp-content\/uploads\/2024\/09\/isologo-blanco-rigelec.png\",\"width\":94,\"height\":97,\"caption\":\"Tienda Rigelec\"},\"image\":{\"@id\":\"https:\/\/tienda.rigelec.com.ar\/#\/schema\/logo\/image\/\"}}]}<\/script>\n<!-- \/ Yoast SEO plugin. -->","yoast_head_json":{"title":"Tienda Rigelec Reflector LED Macroled 100W \u2013 9000lm Luz Fr\u00eda IP65","description":"Reflector LED Macroled 100W con 9000 l\u00famenes de luz fr\u00eda. Potente, eficiente y resistente al agua con certificaci\u00f3n IP65. Ideal para exteriores y seguridad.","robots":{"index":"index","follow":"follow","max-snippet":"max-snippet:-1","max-image-preview":"max-image-preview:large","max-video-preview":"max-video-preview:-1"},"canonical":"https:\/\/tienda.rigelec.com.ar\/?product=reflector-led-macroled-100w-9000lm-luz-fria-ip65","og_locale":"es_ES","og_type":"article","og_title":"Tienda Rigelec Reflector LED Macroled 100W \u2013 9000lm Luz Fr\u00eda IP65","og_description":"Reflector LED Macroled 100W con 9000 l\u00famenes de luz fr\u00eda. Potente, eficiente y resistente al agua con certificaci\u00f3n IP65. Ideal para exteriores y seguridad.","og_url":"https:\/\/tienda.rigelec.com.ar\/?product=reflector-led-macroled-100w-9000lm-luz-fria-ip65","og_site_name":"Tienda Rigelec","article_modified_time":"2026-05-01T01:53:09+00:00","og_image":[{"width":1080,"height":959,"url":"https:\/\/tienda.rigelec.com.ar\/wp-content\/uploads\/2024\/12\/REFLECTORLEDLUZFRIA.jpg","type":"image\/jpeg"}],"twitter_card":"summary_large_image","twitter_misc":{"Tiempo de lectura":"1 minuto"},"schema":{"@context":"https:\/\/schema.org","@graph":[{"@type":"WebPage","@id":"https:\/\/tienda.rigelec.com.ar\/?product=reflector-led-macroled-100w-9000lm-luz-fria-ip65","url":"https:\/\/tienda.rigelec.com.ar\/?product=reflector-led-macroled-100w-9000lm-luz-fria-ip65","name":"Tienda Rigelec Reflector LED Macroled 100W \u2013 9000lm Luz Fr\u00eda IP65","isPartOf":{"@id":"https:\/\/tienda.rigelec.com.ar\/#website"},"primaryImageOfPage":{"@id":"https:\/\/tienda.rigelec.com.ar\/?product=reflector-led-macroled-100w-9000lm-luz-fria-ip65#primaryimage"},"image":{"@id":"https:\/\/tienda.rigelec.com.ar\/?product=reflector-led-macroled-100w-9000lm-luz-fria-ip65#primaryimage"},"thumbnailUrl":"https:\/\/tienda.rigelec.com.ar\/wp-content\/uploads\/2024\/12\/REFLECTORLEDLUZFRIA.jpg","datePublished":"2024-12-19T14:44:20+00:00","dateModified":"2026-05-01T01:53:09+00:00","description":"Reflector LED Macroled 100W con 9000 l\u00famenes de luz fr\u00eda. Potente, eficiente y resistente al agua con certificaci\u00f3n IP65. Ideal para exteriores y seguridad.","breadcrumb":{"@id":"https:\/\/tienda.rigelec.com.ar\/?product=reflector-led-macroled-100w-9000lm-luz-fria-ip65#breadcrumb"},"inLanguage":"es-AR","potentialAction":[{"@type":"ReadAction","target":["https:\/\/tienda.rigelec.com.ar\/?product=reflector-led-macroled-100w-9000lm-luz-fria-ip65"]}]},{"@type":"ImageObject","inLanguage":"es-AR","@id":"https:\/\/tienda.rigelec.com.ar\/?product=reflector-led-macroled-100w-9000lm-luz-fria-ip65#primaryimage","url":"https:\/\/tienda.rigelec.com.ar\/wp-content\/uploads\/2024\/12\/REFLECTORLEDLUZFRIA.jpg","contentUrl":"https:\/\/tienda.rigelec.com.ar\/wp-content\/uploads\/2024\/12\/REFLECTORLEDLUZFRIA.jpg","width":1080,"height":959},{"@type":"BreadcrumbList","@id":"https:\/\/tienda.rigelec.com.ar\/?product=reflector-led-macroled-100w-9000lm-luz-fria-ip65#breadcrumb","itemListElement":[{"@type":"ListItem","position":1,"name":"Inicio","item":"https:\/\/tienda.rigelec.com.ar\/"},{"@type":"ListItem","position":2,"name":"Shop","item":"https:\/\/tienda.rigelec.com.ar\/?page_id=12"},{"@type":"ListItem","position":3,"name":"REFLECTOR LED LUZ FRIA IP65 100W- 9000LM"}]},{"@type":"WebSite","@id":"https:\/\/tienda.rigelec.com.ar\/#website","url":"https:\/\/tienda.rigelec.com.ar\/","name":"Tienda Rigelec","description":"Energia en movimiento","publisher":{"@id":"https:\/\/tienda.rigelec.com.ar\/#organization"},"potentialAction":[{"@type":"SearchAction","target":{"@type":"EntryPoint","urlTemplate":"https:\/\/tienda.rigelec.com.ar\/?s={search_term_string}"},"query-input":{"@type":"PropertyValueSpecification","valueRequired":true,"valueName":"search_term_string"}}],"inLanguage":"es-AR"},{"@type":"Organization","@id":"https:\/\/tienda.rigelec.com.ar\/#organization","name":"Tienda Rigelec","url":"https:\/\/tienda.rigelec.com.ar\/","logo":{"@type":"ImageObject","inLanguage":"es-AR","@id":"https:\/\/tienda.rigelec.com.ar\/#\/schema\/logo\/image\/","url":"https:\/\/tienda.rigelec.com.ar\/wp-content\/uploads\/2024\/09\/isologo-blanco-rigelec.png","contentUrl":"https:\/\/tienda.rigelec.com.ar\/wp-content\/uploads\/2024\/09\/isologo-blanco-rigelec.png","width":94,"height":97,"caption":"Tienda Rigelec"},"image":{"@id":"https:\/\/tienda.rigelec.com.ar\/#\/schema\/logo\/image\/"}}]}},"jetpack_sharing_enabled":true,"_links":{"self":[{"href":"https:\/\/tienda.rigelec.com.ar\/index.php?rest_route=\/wp\/v2\/product\/20470","targetHints":{"allow":["GET"]}}],"collection":[{"href":"https:\/\/tienda.rigelec.com.ar\/index.php?rest_route=\/wp\/v2\/product"}],"about":[{"href":"https:\/\/tienda.rigelec.com.ar\/index.php?rest_route=\/wp\/v2\/types\/product"}],"replies":[{"embeddable":true,"href":"https:\/\/tienda.rigelec.com.ar\/index.php?rest_route=%2Fwp%2Fv2%2Fcomments&post=20470"}],"wp:featuredmedia":[{"embeddable":true,"href":"https:\/\/tienda.rigelec.com.ar\/index.php?rest_route=\/wp\/v2\/media\/20471"}],"wp:attachment":[{"href":"https:\/\/tienda.rigelec.com.ar\/index.php?rest_route=%2Fwp%2Fv2%2Fmedia&parent=20470"}],"wp:term":[{"taxonomy":"product_brand","embeddable":true,"href":"https:\/\/tienda.rigelec.com.ar\/index.php?rest_route=%2Fwp%2Fv2%2Fproduct_brand&post=20470"},{"taxonomy":"product_cat","embeddable":true,"href":"https:\/\/tienda.rigelec.com.ar\/index.php?rest_route=%2Fwp%2Fv2%2Fproduct_cat&post=20470"},{"taxonomy":"product_tag","embeddable":true,"href":"https:\/\/tienda.rigelec.com.ar\/index.php?rest_route=%2Fwp%2Fv2%2Fproduct_tag&post=20470"}],"curies":[{"name":"wp","href":"https:\/\/api.w.org\/{rel}","templated":true}]}}