{"id":20535,"date":"2024-12-19T11:47:30","date_gmt":"2024-12-19T14:47:30","guid":{"rendered":"https:\/\/tienda.test.rigelec.com.ar\/?product=reflector-led-luz-fria-ip65-10w-800lm"},"modified":"2026-04-30T22:58:34","modified_gmt":"2026-05-01T01:58:34","slug":"reflector-led-macroled-10w-800lm-luz-fria-ip65","status":"publish","type":"product","link":"https:\/\/tienda.rigelec.com.ar\/?product=reflector-led-macroled-10w-800lm-luz-fria-ip65","title":{"rendered":"REFLECTOR LED LUZ FRIA IP65 10W &#8211; 800LM"},"content":{"rendered":"<p data-start=\"501\" data-end=\"756\">El <strong data-start=\"504\" data-end=\"534\">Reflector LED Macroled 10W<\/strong> es la soluci\u00f3n perfecta para quienes buscan una <strong data-start=\"583\" data-end=\"631\">iluminaci\u00f3n compacta, eficiente y resistente<\/strong>. Ofrece un <strong data-start=\"643\" data-end=\"688\">flujo luminoso de 800 l\u00famenes en luz fr\u00eda<\/strong>, proporcionando m\u00e1xima claridad con un consumo energ\u00e9tico m\u00ednimo.<\/p>\n<p data-start=\"758\" data-end=\"1054\">Gracias a su <strong data-start=\"771\" data-end=\"808\">tecnolog\u00eda LED de larga vida \u00fatil<\/strong>, requiere poco mantenimiento y asegura un excelente rendimiento. Adem\u00e1s, su <strong data-start=\"885\" data-end=\"907\">certificaci\u00f3n IP65<\/strong> lo protege contra polvo y lluvia, haci\u00e9ndolo ideal para aplicaciones en exteriores o espacios interiores que demandan seguridad y confiabilidad.<\/p>\n<h2 data-start=\"1061\" data-end=\"1096\"><strong data-start=\"1064\" data-end=\"1094\">Caracter\u00edsticas<\/strong><\/h2>\n<ul data-start=\"1097\" data-end=\"1385\">\n<li data-start=\"1097\" data-end=\"1120\">\n<p data-start=\"1099\" data-end=\"1120\"><strong data-start=\"1099\" data-end=\"1109\">Marca:<\/strong> Macroled<\/p>\n<\/li>\n<li data-start=\"1121\" data-end=\"1154\">\n<p data-start=\"1123\" data-end=\"1154\"><strong data-start=\"1123\" data-end=\"1134\">Modelo:<\/strong> Reflector LED 10W<\/p>\n<\/li>\n<li data-start=\"1155\" data-end=\"1176\">\n<p data-start=\"1157\" data-end=\"1176\"><strong data-start=\"1157\" data-end=\"1170\">Potencia:<\/strong> 10W<\/p>\n<\/li>\n<li data-start=\"1177\" data-end=\"1207\">\n<p data-start=\"1179\" data-end=\"1207\"><strong data-start=\"1179\" data-end=\"1198\">Flujo luminoso:<\/strong> 800 lm<\/p>\n<\/li>\n<li data-start=\"1208\" data-end=\"1246\">\n<p data-start=\"1210\" data-end=\"1246\"><strong data-start=\"1210\" data-end=\"1235\">Temperatura de color:<\/strong> Luz fr\u00eda<\/p>\n<\/li>\n<li data-start=\"1247\" data-end=\"1300\">\n<p data-start=\"1249\" data-end=\"1300\"><strong data-start=\"1249\" data-end=\"1264\">Protecci\u00f3n:<\/strong> IP65 (resistente al agua y polvo)<\/p>\n<\/li>\n<li data-start=\"1301\" data-end=\"1352\">\n<p data-start=\"1303\" data-end=\"1352\"><strong data-start=\"1303\" data-end=\"1318\">Eficiencia:<\/strong> Bajo consumo y alto rendimiento<\/p>\n<\/li>\n<li data-start=\"1353\" data-end=\"1385\">\n<p data-start=\"1355\" data-end=\"1385\"><strong data-start=\"1355\" data-end=\"1363\">Uso:<\/strong> Interior y exterior<\/p>\n<\/li>\n<\/ul>\n<h2 data-start=\"1392\" data-end=\"1426\"><strong data-start=\"1395\" data-end=\"1424\">Aplicaciones recomendadas<\/strong><\/h2>\n<ul data-start=\"1427\" data-end=\"1569\">\n<li data-start=\"1427\" data-end=\"1448\">\n<p data-start=\"1429\" data-end=\"1448\">Jardines y patios<\/p>\n<\/li>\n<li data-start=\"1449\" data-end=\"1482\">\n<p data-start=\"1451\" data-end=\"1482\">Fachadas de casas y edificios<\/p>\n<\/li>\n<li data-start=\"1483\" data-end=\"1523\">\n<p data-start=\"1485\" data-end=\"1523\">Iluminaci\u00f3n decorativa en exteriores<\/p>\n<\/li>\n<li data-start=\"1524\" data-end=\"1569\">\n<p data-start=\"1526\" data-end=\"1569\">Seguridad en entradas, pasillos y accesos<\/p>\n<\/li>\n<\/ul>\n<p><a href=\"https:\/\/www.macroled.com.ar\/reflectores\/7428325574205\">https:\/\/www.macroled.com.ar\/reflectores\/7428325574205<\/a><\/p>\n","protected":false},"excerpt":{"rendered":"<p>Modelo: EFL-10W<br \/>\nTensi\u00f3n;: AC220-240V<br \/>\nReemplazo: Hal\u00f3geno 50W<br \/>\nCorriente: 30mA<br \/>\nFactor de Potencia: 0.5<br \/>\nProtecci\u00f3n IP: IP65<br \/>\n\u00c1ngulo de Apertura: 110\u00b0<br \/>\nMaterial del Cuerpo: Aluminio<br \/>\nMaterial del Lente: Vidrio con reflectante Met\u00e1lico<br \/>\nTipo de Chip: 2835 &#8211; 24pcs<br \/>\nTama\u00f1o de L\u00e1mpara: 105x25x70mm<br \/>\nPeso de L\u00e1mpara: 170g<br \/>\nTipo de Blanco: Fr\u00edo 6500k<br \/>\nFlujo Luminoso: 800lm<br \/>\nFrecuencia: 50-60Hz<br \/>\nTama\u00f1o de L\u00e1mpara: 105x25x70mm<br \/>\nPeso de L\u00e1mpara: 170g<\/p>\n","protected":false},"featured_media":20536,"comment_status":"open","ping_status":"closed","template":"","meta":{"_monsterinsights_skip_tracking":false,"_monsterinsights_sitenote_active":false,"_monsterinsights_sitenote_note":"","_monsterinsights_sitenote_category":0},"product_brand":[],"product_cat":[193],"product_tag":[146],"class_list":{"0":"post-20535","1":"product","2":"type-product","3":"status-publish","4":"has-post-thumbnail","6":"product_cat-1-led","7":"product_tag-macroled","9":"first","10":"instock","11":"shipping-taxable","12":"purchasable","13":"product-type-simple"},"yoast_head":"<!-- This site is optimized with the Yoast SEO plugin v25.3.1 - https:\/\/yoast.com\/wordpress\/plugins\/seo\/ -->\n<title>Tienda Rigelec Reflector LED Macroled 10W \u2013 800lm Luz Fr\u00eda IP65<\/title>\n<meta name=\"description\" content=\"Reflector LED Macroled 10W con 800 l\u00famenes de luz fr\u00eda. Bajo consumo, alta durabilidad y protecci\u00f3n IP65. Ideal para jardines, patios y entradas.\" \/>\n<meta name=\"robots\" content=\"index, follow, max-snippet:-1, max-image-preview:large, max-video-preview:-1\" \/>\n<link rel=\"canonical\" href=\"https:\/\/tienda.rigelec.com.ar\/?product=reflector-led-macroled-10w-800lm-luz-fria-ip65\" \/>\n<meta property=\"og:locale\" content=\"es_ES\" \/>\n<meta property=\"og:type\" content=\"article\" \/>\n<meta property=\"og:title\" content=\"Tienda Rigelec Reflector LED Macroled 10W \u2013 800lm Luz Fr\u00eda IP65\" \/>\n<meta property=\"og:description\" content=\"Reflector LED Macroled 10W con 800 l\u00famenes de luz fr\u00eda. Bajo consumo, alta durabilidad y protecci\u00f3n IP65. Ideal para jardines, patios y entradas.\" \/>\n<meta property=\"og:url\" content=\"https:\/\/tienda.rigelec.com.ar\/?product=reflector-led-macroled-10w-800lm-luz-fria-ip65\" \/>\n<meta property=\"og:site_name\" content=\"Tienda Rigelec\" \/>\n<meta property=\"article:modified_time\" content=\"2026-05-01T01:58:34+00:00\" \/>\n<meta property=\"og:image\" content=\"https:\/\/tienda.rigelec.com.ar\/wp-content\/uploads\/2024\/12\/REFLECTORLEDLUZFRIA-1.jpg\" \/>\n\t<meta property=\"og:image:width\" content=\"992\" \/>\n\t<meta property=\"og:image:height\" content=\"965\" \/>\n\t<meta property=\"og:image:type\" content=\"image\/jpeg\" \/>\n<meta name=\"twitter:card\" content=\"summary_large_image\" \/>\n<meta name=\"twitter:label1\" content=\"Tiempo de lectura\" \/>\n\t<meta name=\"twitter:data1\" content=\"1 minuto\" \/>\n<script type=\"application\/ld+json\" class=\"yoast-schema-graph\">{\"@context\":\"https:\/\/schema.org\",\"@graph\":[{\"@type\":\"WebPage\",\"@id\":\"https:\/\/tienda.rigelec.com.ar\/?product=reflector-led-macroled-10w-800lm-luz-fria-ip65\",\"url\":\"https:\/\/tienda.rigelec.com.ar\/?product=reflector-led-macroled-10w-800lm-luz-fria-ip65\",\"name\":\"Tienda Rigelec Reflector LED Macroled 10W \u2013 800lm Luz Fr\u00eda IP65\",\"isPartOf\":{\"@id\":\"https:\/\/tienda.rigelec.com.ar\/#website\"},\"primaryImageOfPage\":{\"@id\":\"https:\/\/tienda.rigelec.com.ar\/?product=reflector-led-macroled-10w-800lm-luz-fria-ip65#primaryimage\"},\"image\":{\"@id\":\"https:\/\/tienda.rigelec.com.ar\/?product=reflector-led-macroled-10w-800lm-luz-fria-ip65#primaryimage\"},\"thumbnailUrl\":\"https:\/\/tienda.rigelec.com.ar\/wp-content\/uploads\/2024\/12\/REFLECTORLEDLUZFRIA-1.jpg\",\"datePublished\":\"2024-12-19T14:47:30+00:00\",\"dateModified\":\"2026-05-01T01:58:34+00:00\",\"description\":\"Reflector LED Macroled 10W con 800 l\u00famenes de luz fr\u00eda. Bajo consumo, alta durabilidad y protecci\u00f3n IP65. Ideal para jardines, patios y entradas.\",\"breadcrumb\":{\"@id\":\"https:\/\/tienda.rigelec.com.ar\/?product=reflector-led-macroled-10w-800lm-luz-fria-ip65#breadcrumb\"},\"inLanguage\":\"es-AR\",\"potentialAction\":[{\"@type\":\"ReadAction\",\"target\":[\"https:\/\/tienda.rigelec.com.ar\/?product=reflector-led-macroled-10w-800lm-luz-fria-ip65\"]}]},{\"@type\":\"ImageObject\",\"inLanguage\":\"es-AR\",\"@id\":\"https:\/\/tienda.rigelec.com.ar\/?product=reflector-led-macroled-10w-800lm-luz-fria-ip65#primaryimage\",\"url\":\"https:\/\/tienda.rigelec.com.ar\/wp-content\/uploads\/2024\/12\/REFLECTORLEDLUZFRIA-1.jpg\",\"contentUrl\":\"https:\/\/tienda.rigelec.com.ar\/wp-content\/uploads\/2024\/12\/REFLECTORLEDLUZFRIA-1.jpg\",\"width\":992,\"height\":965},{\"@type\":\"BreadcrumbList\",\"@id\":\"https:\/\/tienda.rigelec.com.ar\/?product=reflector-led-macroled-10w-800lm-luz-fria-ip65#breadcrumb\",\"itemListElement\":[{\"@type\":\"ListItem\",\"position\":1,\"name\":\"Inicio\",\"item\":\"https:\/\/tienda.rigelec.com.ar\/\"},{\"@type\":\"ListItem\",\"position\":2,\"name\":\"Shop\",\"item\":\"https:\/\/tienda.rigelec.com.ar\/?page_id=12\"},{\"@type\":\"ListItem\",\"position\":3,\"name\":\"REFLECTOR LED LUZ FRIA IP65 10W &#8211; 800LM\"}]},{\"@type\":\"WebSite\",\"@id\":\"https:\/\/tienda.rigelec.com.ar\/#website\",\"url\":\"https:\/\/tienda.rigelec.com.ar\/\",\"name\":\"Tienda Rigelec\",\"description\":\"Energia en movimiento\",\"publisher\":{\"@id\":\"https:\/\/tienda.rigelec.com.ar\/#organization\"},\"potentialAction\":[{\"@type\":\"SearchAction\",\"target\":{\"@type\":\"EntryPoint\",\"urlTemplate\":\"https:\/\/tienda.rigelec.com.ar\/?s={search_term_string}\"},\"query-input\":{\"@type\":\"PropertyValueSpecification\",\"valueRequired\":true,\"valueName\":\"search_term_string\"}}],\"inLanguage\":\"es-AR\"},{\"@type\":\"Organization\",\"@id\":\"https:\/\/tienda.rigelec.com.ar\/#organization\",\"name\":\"Tienda Rigelec\",\"url\":\"https:\/\/tienda.rigelec.com.ar\/\",\"logo\":{\"@type\":\"ImageObject\",\"inLanguage\":\"es-AR\",\"@id\":\"https:\/\/tienda.rigelec.com.ar\/#\/schema\/logo\/image\/\",\"url\":\"https:\/\/tienda.rigelec.com.ar\/wp-content\/uploads\/2024\/09\/isologo-blanco-rigelec.png\",\"contentUrl\":\"https:\/\/tienda.rigelec.com.ar\/wp-content\/uploads\/2024\/09\/isologo-blanco-rigelec.png\",\"width\":94,\"height\":97,\"caption\":\"Tienda Rigelec\"},\"image\":{\"@id\":\"https:\/\/tienda.rigelec.com.ar\/#\/schema\/logo\/image\/\"}}]}<\/script>\n<!-- \/ Yoast SEO plugin. -->","yoast_head_json":{"title":"Tienda Rigelec Reflector LED Macroled 10W \u2013 800lm Luz Fr\u00eda IP65","description":"Reflector LED Macroled 10W con 800 l\u00famenes de luz fr\u00eda. Bajo consumo, alta durabilidad y protecci\u00f3n IP65. Ideal para jardines, patios y entradas.","robots":{"index":"index","follow":"follow","max-snippet":"max-snippet:-1","max-image-preview":"max-image-preview:large","max-video-preview":"max-video-preview:-1"},"canonical":"https:\/\/tienda.rigelec.com.ar\/?product=reflector-led-macroled-10w-800lm-luz-fria-ip65","og_locale":"es_ES","og_type":"article","og_title":"Tienda Rigelec Reflector LED Macroled 10W \u2013 800lm Luz Fr\u00eda IP65","og_description":"Reflector LED Macroled 10W con 800 l\u00famenes de luz fr\u00eda. Bajo consumo, alta durabilidad y protecci\u00f3n IP65. Ideal para jardines, patios y entradas.","og_url":"https:\/\/tienda.rigelec.com.ar\/?product=reflector-led-macroled-10w-800lm-luz-fria-ip65","og_site_name":"Tienda Rigelec","article_modified_time":"2026-05-01T01:58:34+00:00","og_image":[{"width":992,"height":965,"url":"https:\/\/tienda.rigelec.com.ar\/wp-content\/uploads\/2024\/12\/REFLECTORLEDLUZFRIA-1.jpg","type":"image\/jpeg"}],"twitter_card":"summary_large_image","twitter_misc":{"Tiempo de lectura":"1 minuto"},"schema":{"@context":"https:\/\/schema.org","@graph":[{"@type":"WebPage","@id":"https:\/\/tienda.rigelec.com.ar\/?product=reflector-led-macroled-10w-800lm-luz-fria-ip65","url":"https:\/\/tienda.rigelec.com.ar\/?product=reflector-led-macroled-10w-800lm-luz-fria-ip65","name":"Tienda Rigelec Reflector LED Macroled 10W \u2013 800lm Luz Fr\u00eda IP65","isPartOf":{"@id":"https:\/\/tienda.rigelec.com.ar\/#website"},"primaryImageOfPage":{"@id":"https:\/\/tienda.rigelec.com.ar\/?product=reflector-led-macroled-10w-800lm-luz-fria-ip65#primaryimage"},"image":{"@id":"https:\/\/tienda.rigelec.com.ar\/?product=reflector-led-macroled-10w-800lm-luz-fria-ip65#primaryimage"},"thumbnailUrl":"https:\/\/tienda.rigelec.com.ar\/wp-content\/uploads\/2024\/12\/REFLECTORLEDLUZFRIA-1.jpg","datePublished":"2024-12-19T14:47:30+00:00","dateModified":"2026-05-01T01:58:34+00:00","description":"Reflector LED Macroled 10W con 800 l\u00famenes de luz fr\u00eda. Bajo consumo, alta durabilidad y protecci\u00f3n IP65. Ideal para jardines, patios y entradas.","breadcrumb":{"@id":"https:\/\/tienda.rigelec.com.ar\/?product=reflector-led-macroled-10w-800lm-luz-fria-ip65#breadcrumb"},"inLanguage":"es-AR","potentialAction":[{"@type":"ReadAction","target":["https:\/\/tienda.rigelec.com.ar\/?product=reflector-led-macroled-10w-800lm-luz-fria-ip65"]}]},{"@type":"ImageObject","inLanguage":"es-AR","@id":"https:\/\/tienda.rigelec.com.ar\/?product=reflector-led-macroled-10w-800lm-luz-fria-ip65#primaryimage","url":"https:\/\/tienda.rigelec.com.ar\/wp-content\/uploads\/2024\/12\/REFLECTORLEDLUZFRIA-1.jpg","contentUrl":"https:\/\/tienda.rigelec.com.ar\/wp-content\/uploads\/2024\/12\/REFLECTORLEDLUZFRIA-1.jpg","width":992,"height":965},{"@type":"BreadcrumbList","@id":"https:\/\/tienda.rigelec.com.ar\/?product=reflector-led-macroled-10w-800lm-luz-fria-ip65#breadcrumb","itemListElement":[{"@type":"ListItem","position":1,"name":"Inicio","item":"https:\/\/tienda.rigelec.com.ar\/"},{"@type":"ListItem","position":2,"name":"Shop","item":"https:\/\/tienda.rigelec.com.ar\/?page_id=12"},{"@type":"ListItem","position":3,"name":"REFLECTOR LED LUZ FRIA IP65 10W &#8211; 800LM"}]},{"@type":"WebSite","@id":"https:\/\/tienda.rigelec.com.ar\/#website","url":"https:\/\/tienda.rigelec.com.ar\/","name":"Tienda Rigelec","description":"Energia en movimiento","publisher":{"@id":"https:\/\/tienda.rigelec.com.ar\/#organization"},"potentialAction":[{"@type":"SearchAction","target":{"@type":"EntryPoint","urlTemplate":"https:\/\/tienda.rigelec.com.ar\/?s={search_term_string}"},"query-input":{"@type":"PropertyValueSpecification","valueRequired":true,"valueName":"search_term_string"}}],"inLanguage":"es-AR"},{"@type":"Organization","@id":"https:\/\/tienda.rigelec.com.ar\/#organization","name":"Tienda Rigelec","url":"https:\/\/tienda.rigelec.com.ar\/","logo":{"@type":"ImageObject","inLanguage":"es-AR","@id":"https:\/\/tienda.rigelec.com.ar\/#\/schema\/logo\/image\/","url":"https:\/\/tienda.rigelec.com.ar\/wp-content\/uploads\/2024\/09\/isologo-blanco-rigelec.png","contentUrl":"https:\/\/tienda.rigelec.com.ar\/wp-content\/uploads\/2024\/09\/isologo-blanco-rigelec.png","width":94,"height":97,"caption":"Tienda Rigelec"},"image":{"@id":"https:\/\/tienda.rigelec.com.ar\/#\/schema\/logo\/image\/"}}]}},"jetpack_sharing_enabled":true,"_links":{"self":[{"href":"https:\/\/tienda.rigelec.com.ar\/index.php?rest_route=\/wp\/v2\/product\/20535","targetHints":{"allow":["GET"]}}],"collection":[{"href":"https:\/\/tienda.rigelec.com.ar\/index.php?rest_route=\/wp\/v2\/product"}],"about":[{"href":"https:\/\/tienda.rigelec.com.ar\/index.php?rest_route=\/wp\/v2\/types\/product"}],"replies":[{"embeddable":true,"href":"https:\/\/tienda.rigelec.com.ar\/index.php?rest_route=%2Fwp%2Fv2%2Fcomments&post=20535"}],"wp:featuredmedia":[{"embeddable":true,"href":"https:\/\/tienda.rigelec.com.ar\/index.php?rest_route=\/wp\/v2\/media\/20536"}],"wp:attachment":[{"href":"https:\/\/tienda.rigelec.com.ar\/index.php?rest_route=%2Fwp%2Fv2%2Fmedia&parent=20535"}],"wp:term":[{"taxonomy":"product_brand","embeddable":true,"href":"https:\/\/tienda.rigelec.com.ar\/index.php?rest_route=%2Fwp%2Fv2%2Fproduct_brand&post=20535"},{"taxonomy":"product_cat","embeddable":true,"href":"https:\/\/tienda.rigelec.com.ar\/index.php?rest_route=%2Fwp%2Fv2%2Fproduct_cat&post=20535"},{"taxonomy":"product_tag","embeddable":true,"href":"https:\/\/tienda.rigelec.com.ar\/index.php?rest_route=%2Fwp%2Fv2%2Fproduct_tag&post=20535"}],"curies":[{"name":"wp","href":"https:\/\/api.w.org\/{rel}","templated":true}]}}