{"id":20537,"date":"2024-12-19T11:47:31","date_gmt":"2024-12-19T14:47:31","guid":{"rendered":"https:\/\/tienda.test.rigelec.com.ar\/?product=reflector-led-luz-fria-ip65-50w-4000lm"},"modified":"2026-04-30T22:58:35","modified_gmt":"2026-05-01T01:58:35","slug":"reflector-led-macroled-50w-4000lm-luz-fria-ip65","status":"publish","type":"product","link":"https:\/\/tienda.rigelec.com.ar\/?product=reflector-led-macroled-50w-4000lm-luz-fria-ip65","title":{"rendered":"REFLECTOR LED LUZ FRIA IP65 50W &#8211; 4000LM"},"content":{"rendered":"<p data-start=\"467\" data-end=\"766\">El <strong data-start=\"470\" data-end=\"500\">Reflector LED Macroled 50W<\/strong> proporciona <strong data-start=\"513\" data-end=\"554\">iluminaci\u00f3n clara, potente y uniforme<\/strong>, ideal para <strong data-start=\"567\" data-end=\"603\">espacios exteriores e interiores<\/strong> que requieren visibilidad y seguridad. Con un <strong data-start=\"650\" data-end=\"698\">flujo luminoso de 4000lm en luz fr\u00eda (6500K)<\/strong>, garantiza un alto rendimiento lum\u00ednico con un consumo eficiente.<\/p>\n<p data-start=\"768\" data-end=\"1079\">Su <strong data-start=\"771\" data-end=\"790\">protecci\u00f3n IP65<\/strong> asegura resistencia al polvo, lluvia y otras condiciones clim\u00e1ticas, convirti\u00e9ndolo en la soluci\u00f3n confiable para la iluminaci\u00f3n exterior. Adem\u00e1s, su <strong data-start=\"941\" data-end=\"975\">tecnolog\u00eda LED de bajo consumo<\/strong> contribuye al ahorro energ\u00e9tico y a una mayor vida \u00fatil en comparaci\u00f3n con reflectores tradicionales.<\/p>\n<p data-start=\"1081\" data-end=\"1221\">Dise\u00f1ado para <strong data-start=\"1095\" data-end=\"1138\">uso residencial, comercial e industrial<\/strong>, es perfecto para patios, frentes de casas, estacionamientos y \u00e1reas de trabajo.<\/p>\n<h2 data-start=\"1228\" data-end=\"1263\"><strong data-start=\"1231\" data-end=\"1261\">Caracter\u00edsticas<\/strong><\/h2>\n<ul data-start=\"1264\" data-end=\"1686\">\n<li data-start=\"1264\" data-end=\"1287\">\n<p data-start=\"1266\" data-end=\"1287\"><strong data-start=\"1266\" data-end=\"1276\">Marca:<\/strong> Macroled<\/p>\n<\/li>\n<li data-start=\"1288\" data-end=\"1321\">\n<p data-start=\"1290\" data-end=\"1321\"><strong data-start=\"1290\" data-end=\"1301\">Modelo:<\/strong> Reflector LED 50W<\/p>\n<\/li>\n<li data-start=\"1322\" data-end=\"1343\">\n<p data-start=\"1324\" data-end=\"1343\"><strong data-start=\"1324\" data-end=\"1337\">Potencia:<\/strong> 50W<\/p>\n<\/li>\n<li data-start=\"1344\" data-end=\"1374\">\n<p data-start=\"1346\" data-end=\"1374\"><strong data-start=\"1346\" data-end=\"1365\">Flujo luminoso:<\/strong> 4000lm<\/p>\n<\/li>\n<li data-start=\"1375\" data-end=\"1421\">\n<p data-start=\"1377\" data-end=\"1421\"><strong data-start=\"1377\" data-end=\"1402\">Temperatura de color:<\/strong> Luz fr\u00eda (6500K)<\/p>\n<\/li>\n<li data-start=\"1422\" data-end=\"1475\">\n<p data-start=\"1424\" data-end=\"1475\"><strong data-start=\"1424\" data-end=\"1439\">Protecci\u00f3n:<\/strong> IP65 (resistente al agua y polvo)<\/p>\n<\/li>\n<li data-start=\"1476\" data-end=\"1512\">\n<p data-start=\"1478\" data-end=\"1512\"><strong data-start=\"1478\" data-end=\"1501\">Tensi\u00f3n de entrada:<\/strong> 220-240V<\/p>\n<\/li>\n<li data-start=\"1513\" data-end=\"1558\">\n<p data-start=\"1515\" data-end=\"1558\"><strong data-start=\"1515\" data-end=\"1538\">\u00c1ngulo de apertura:<\/strong> Amplio haz de luz<\/p>\n<\/li>\n<li data-start=\"1559\" data-end=\"1610\">\n<p data-start=\"1561\" data-end=\"1610\"><strong data-start=\"1561\" data-end=\"1576\">Eficiencia:<\/strong> Alto rendimiento y bajo consumo<\/p>\n<\/li>\n<li data-start=\"1611\" data-end=\"1686\">\n<p data-start=\"1613\" data-end=\"1686\"><strong data-start=\"1613\" data-end=\"1628\">Aplicaci\u00f3n:<\/strong> Iluminaci\u00f3n de exteriores y espacios medianos a grandes<\/p>\n<\/li>\n<\/ul>\n<h2 data-start=\"1693\" data-end=\"1727\"><strong data-start=\"1696\" data-end=\"1725\">Aplicaciones recomendadas<\/strong><\/h2>\n<ul data-start=\"1728\" data-end=\"1851\">\n<li data-start=\"1728\" data-end=\"1749\">\n<p data-start=\"1730\" data-end=\"1749\">Patios y jardines<\/p>\n<\/li>\n<li data-start=\"1750\" data-end=\"1770\">\n<p data-start=\"1752\" data-end=\"1770\">Frentes de casas<\/p>\n<\/li>\n<li data-start=\"1771\" data-end=\"1800\">\n<p data-start=\"1773\" data-end=\"1800\">Estacionamientos medianos<\/p>\n<\/li>\n<li data-start=\"1801\" data-end=\"1824\">\n<p data-start=\"1803\" data-end=\"1824\">Galpones y talleres<\/p>\n<\/li>\n<li data-start=\"1825\" data-end=\"1851\">\n<p data-start=\"1827\" data-end=\"1851\">Iluminaci\u00f3n perimetral<\/p>\n<\/li>\n<\/ul>\n<p><a href=\"https:\/\/www.macroled.com.ar\/reflectores\/7428325574267\">https:\/\/www.macroled.com.ar\/reflectores\/7428325574267<\/a><\/p>\n","protected":false},"excerpt":{"rendered":"<p>Modelo: EFL-50W<br \/>\nTensi\u00f3n: AC220-240V<br \/>\nReemplazo: Hal\u00f3geno 250W<br \/>\nConector: Cable (LNT)<br \/>\nCorriente:150mA<br \/>\nFactor de Potencia: 0.9<br \/>\nProtecci\u00f3n IP: IP65<br \/>\nProtecci\u00f3n IK: IK04<br \/>\nFunci\u00f3n Dimeable: No<br \/>\n\u00c1ngulo de Apertura: 110\u00b0<br \/>\nMaterial del Cuerpo: Aluminio<br \/>\nMaterial del Lente: Vidrio con reflectante Met\u00e1lico<br \/>\nTipo de Chip: 2835 &#8211; 52pcs<br \/>\nTama\u00f1o de L\u00e1mpara: 205x160x30mm<br \/>\nPeso de L\u00e1mpara: 590g<br \/>\nCantidad por Master: 30pcs<br \/>\nTipo de Blanco: Fr\u00edo 6500k<br \/>\nFlujo Luminoso: 4000lm<br \/>\nFrecuencia: 50-60Hz<br \/>\nAnti-High-Volt: 1500V<br \/>\nEMC: No<br \/>\nVida \u00datil (horas): 25.000hs<br \/>\nVida \u00datil (ON\/OFF): 15000 maniobras<br \/>\nSDCM: 0<br \/>\nCRI: 80Ra<br \/>\nIC Driver: Si<br \/>\nL\u00famenes por Watt: 80 lm.xW<\/p>\n","protected":false},"featured_media":20538,"comment_status":"open","ping_status":"closed","template":"","meta":{"_monsterinsights_skip_tracking":false,"_monsterinsights_sitenote_active":false,"_monsterinsights_sitenote_note":"","_monsterinsights_sitenote_category":0},"product_brand":[],"product_cat":[193],"product_tag":[146],"class_list":{"0":"post-20537","1":"product","2":"type-product","3":"status-publish","4":"has-post-thumbnail","6":"product_cat-1-led","7":"product_tag-macroled","9":"first","10":"outofstock","11":"shipping-taxable","12":"purchasable","13":"product-type-simple"},"yoast_head":"<!-- This site is optimized with the Yoast SEO plugin v25.3.1 - https:\/\/yoast.com\/wordpress\/plugins\/seo\/ -->\n<title>Tienda Rigelec Reflector LED Macroled 50W \u2013 4000lm Luz Fr\u00eda IP65<\/title>\n<meta name=\"description\" content=\"Reflector LED Macroled 50W con 4000lm de luz fr\u00eda. Resistente al agua IP65, eficiente y duradero. Ideal para patios, frentes, talleres y estacionamientos.\" \/>\n<meta name=\"robots\" content=\"index, follow, max-snippet:-1, max-image-preview:large, max-video-preview:-1\" \/>\n<link rel=\"canonical\" href=\"https:\/\/tienda.rigelec.com.ar\/?product=reflector-led-macroled-50w-4000lm-luz-fria-ip65\" \/>\n<meta property=\"og:locale\" content=\"es_ES\" \/>\n<meta property=\"og:type\" content=\"article\" \/>\n<meta property=\"og:title\" content=\"Tienda Rigelec Reflector LED Macroled 50W \u2013 4000lm Luz Fr\u00eda IP65\" \/>\n<meta property=\"og:description\" content=\"Reflector LED Macroled 50W con 4000lm de luz fr\u00eda. Resistente al agua IP65, eficiente y duradero. Ideal para patios, frentes, talleres y estacionamientos.\" \/>\n<meta property=\"og:url\" content=\"https:\/\/tienda.rigelec.com.ar\/?product=reflector-led-macroled-50w-4000lm-luz-fria-ip65\" \/>\n<meta property=\"og:site_name\" content=\"Tienda Rigelec\" \/>\n<meta property=\"article:modified_time\" content=\"2026-05-01T01:58:35+00:00\" \/>\n<meta property=\"og:image\" content=\"https:\/\/tienda.rigelec.com.ar\/wp-content\/uploads\/2024\/12\/REFLECTORLEDLUZFRIA-2.jpg\" \/>\n\t<meta property=\"og:image:width\" content=\"1080\" \/>\n\t<meta property=\"og:image:height\" content=\"959\" \/>\n\t<meta property=\"og:image:type\" content=\"image\/jpeg\" \/>\n<meta name=\"twitter:card\" content=\"summary_large_image\" \/>\n<meta name=\"twitter:label1\" content=\"Tiempo de lectura\" \/>\n\t<meta name=\"twitter:data1\" content=\"1 minuto\" \/>\n<script type=\"application\/ld+json\" class=\"yoast-schema-graph\">{\"@context\":\"https:\/\/schema.org\",\"@graph\":[{\"@type\":\"WebPage\",\"@id\":\"https:\/\/tienda.rigelec.com.ar\/?product=reflector-led-macroled-50w-4000lm-luz-fria-ip65\",\"url\":\"https:\/\/tienda.rigelec.com.ar\/?product=reflector-led-macroled-50w-4000lm-luz-fria-ip65\",\"name\":\"Tienda Rigelec Reflector LED Macroled 50W \u2013 4000lm Luz Fr\u00eda IP65\",\"isPartOf\":{\"@id\":\"https:\/\/tienda.rigelec.com.ar\/#website\"},\"primaryImageOfPage\":{\"@id\":\"https:\/\/tienda.rigelec.com.ar\/?product=reflector-led-macroled-50w-4000lm-luz-fria-ip65#primaryimage\"},\"image\":{\"@id\":\"https:\/\/tienda.rigelec.com.ar\/?product=reflector-led-macroled-50w-4000lm-luz-fria-ip65#primaryimage\"},\"thumbnailUrl\":\"https:\/\/tienda.rigelec.com.ar\/wp-content\/uploads\/2024\/12\/REFLECTORLEDLUZFRIA-2.jpg\",\"datePublished\":\"2024-12-19T14:47:31+00:00\",\"dateModified\":\"2026-05-01T01:58:35+00:00\",\"description\":\"Reflector LED Macroled 50W con 4000lm de luz fr\u00eda. Resistente al agua IP65, eficiente y duradero. Ideal para patios, frentes, talleres y estacionamientos.\",\"breadcrumb\":{\"@id\":\"https:\/\/tienda.rigelec.com.ar\/?product=reflector-led-macroled-50w-4000lm-luz-fria-ip65#breadcrumb\"},\"inLanguage\":\"es-AR\",\"potentialAction\":[{\"@type\":\"ReadAction\",\"target\":[\"https:\/\/tienda.rigelec.com.ar\/?product=reflector-led-macroled-50w-4000lm-luz-fria-ip65\"]}]},{\"@type\":\"ImageObject\",\"inLanguage\":\"es-AR\",\"@id\":\"https:\/\/tienda.rigelec.com.ar\/?product=reflector-led-macroled-50w-4000lm-luz-fria-ip65#primaryimage\",\"url\":\"https:\/\/tienda.rigelec.com.ar\/wp-content\/uploads\/2024\/12\/REFLECTORLEDLUZFRIA-2.jpg\",\"contentUrl\":\"https:\/\/tienda.rigelec.com.ar\/wp-content\/uploads\/2024\/12\/REFLECTORLEDLUZFRIA-2.jpg\",\"width\":1080,\"height\":959},{\"@type\":\"BreadcrumbList\",\"@id\":\"https:\/\/tienda.rigelec.com.ar\/?product=reflector-led-macroled-50w-4000lm-luz-fria-ip65#breadcrumb\",\"itemListElement\":[{\"@type\":\"ListItem\",\"position\":1,\"name\":\"Inicio\",\"item\":\"https:\/\/tienda.rigelec.com.ar\/\"},{\"@type\":\"ListItem\",\"position\":2,\"name\":\"Shop\",\"item\":\"https:\/\/tienda.rigelec.com.ar\/?page_id=12\"},{\"@type\":\"ListItem\",\"position\":3,\"name\":\"REFLECTOR LED LUZ FRIA IP65 50W &#8211; 4000LM\"}]},{\"@type\":\"WebSite\",\"@id\":\"https:\/\/tienda.rigelec.com.ar\/#website\",\"url\":\"https:\/\/tienda.rigelec.com.ar\/\",\"name\":\"Tienda Rigelec\",\"description\":\"Energia en movimiento\",\"publisher\":{\"@id\":\"https:\/\/tienda.rigelec.com.ar\/#organization\"},\"potentialAction\":[{\"@type\":\"SearchAction\",\"target\":{\"@type\":\"EntryPoint\",\"urlTemplate\":\"https:\/\/tienda.rigelec.com.ar\/?s={search_term_string}\"},\"query-input\":{\"@type\":\"PropertyValueSpecification\",\"valueRequired\":true,\"valueName\":\"search_term_string\"}}],\"inLanguage\":\"es-AR\"},{\"@type\":\"Organization\",\"@id\":\"https:\/\/tienda.rigelec.com.ar\/#organization\",\"name\":\"Tienda Rigelec\",\"url\":\"https:\/\/tienda.rigelec.com.ar\/\",\"logo\":{\"@type\":\"ImageObject\",\"inLanguage\":\"es-AR\",\"@id\":\"https:\/\/tienda.rigelec.com.ar\/#\/schema\/logo\/image\/\",\"url\":\"https:\/\/tienda.rigelec.com.ar\/wp-content\/uploads\/2024\/09\/isologo-blanco-rigelec.png\",\"contentUrl\":\"https:\/\/tienda.rigelec.com.ar\/wp-content\/uploads\/2024\/09\/isologo-blanco-rigelec.png\",\"width\":94,\"height\":97,\"caption\":\"Tienda Rigelec\"},\"image\":{\"@id\":\"https:\/\/tienda.rigelec.com.ar\/#\/schema\/logo\/image\/\"}}]}<\/script>\n<!-- \/ Yoast SEO plugin. -->","yoast_head_json":{"title":"Tienda Rigelec Reflector LED Macroled 50W \u2013 4000lm Luz Fr\u00eda IP65","description":"Reflector LED Macroled 50W con 4000lm de luz fr\u00eda. Resistente al agua IP65, eficiente y duradero. Ideal para patios, frentes, talleres y estacionamientos.","robots":{"index":"index","follow":"follow","max-snippet":"max-snippet:-1","max-image-preview":"max-image-preview:large","max-video-preview":"max-video-preview:-1"},"canonical":"https:\/\/tienda.rigelec.com.ar\/?product=reflector-led-macroled-50w-4000lm-luz-fria-ip65","og_locale":"es_ES","og_type":"article","og_title":"Tienda Rigelec Reflector LED Macroled 50W \u2013 4000lm Luz Fr\u00eda IP65","og_description":"Reflector LED Macroled 50W con 4000lm de luz fr\u00eda. Resistente al agua IP65, eficiente y duradero. Ideal para patios, frentes, talleres y estacionamientos.","og_url":"https:\/\/tienda.rigelec.com.ar\/?product=reflector-led-macroled-50w-4000lm-luz-fria-ip65","og_site_name":"Tienda Rigelec","article_modified_time":"2026-05-01T01:58:35+00:00","og_image":[{"width":1080,"height":959,"url":"https:\/\/tienda.rigelec.com.ar\/wp-content\/uploads\/2024\/12\/REFLECTORLEDLUZFRIA-2.jpg","type":"image\/jpeg"}],"twitter_card":"summary_large_image","twitter_misc":{"Tiempo de lectura":"1 minuto"},"schema":{"@context":"https:\/\/schema.org","@graph":[{"@type":"WebPage","@id":"https:\/\/tienda.rigelec.com.ar\/?product=reflector-led-macroled-50w-4000lm-luz-fria-ip65","url":"https:\/\/tienda.rigelec.com.ar\/?product=reflector-led-macroled-50w-4000lm-luz-fria-ip65","name":"Tienda Rigelec Reflector LED Macroled 50W \u2013 4000lm Luz Fr\u00eda IP65","isPartOf":{"@id":"https:\/\/tienda.rigelec.com.ar\/#website"},"primaryImageOfPage":{"@id":"https:\/\/tienda.rigelec.com.ar\/?product=reflector-led-macroled-50w-4000lm-luz-fria-ip65#primaryimage"},"image":{"@id":"https:\/\/tienda.rigelec.com.ar\/?product=reflector-led-macroled-50w-4000lm-luz-fria-ip65#primaryimage"},"thumbnailUrl":"https:\/\/tienda.rigelec.com.ar\/wp-content\/uploads\/2024\/12\/REFLECTORLEDLUZFRIA-2.jpg","datePublished":"2024-12-19T14:47:31+00:00","dateModified":"2026-05-01T01:58:35+00:00","description":"Reflector LED Macroled 50W con 4000lm de luz fr\u00eda. Resistente al agua IP65, eficiente y duradero. Ideal para patios, frentes, talleres y estacionamientos.","breadcrumb":{"@id":"https:\/\/tienda.rigelec.com.ar\/?product=reflector-led-macroled-50w-4000lm-luz-fria-ip65#breadcrumb"},"inLanguage":"es-AR","potentialAction":[{"@type":"ReadAction","target":["https:\/\/tienda.rigelec.com.ar\/?product=reflector-led-macroled-50w-4000lm-luz-fria-ip65"]}]},{"@type":"ImageObject","inLanguage":"es-AR","@id":"https:\/\/tienda.rigelec.com.ar\/?product=reflector-led-macroled-50w-4000lm-luz-fria-ip65#primaryimage","url":"https:\/\/tienda.rigelec.com.ar\/wp-content\/uploads\/2024\/12\/REFLECTORLEDLUZFRIA-2.jpg","contentUrl":"https:\/\/tienda.rigelec.com.ar\/wp-content\/uploads\/2024\/12\/REFLECTORLEDLUZFRIA-2.jpg","width":1080,"height":959},{"@type":"BreadcrumbList","@id":"https:\/\/tienda.rigelec.com.ar\/?product=reflector-led-macroled-50w-4000lm-luz-fria-ip65#breadcrumb","itemListElement":[{"@type":"ListItem","position":1,"name":"Inicio","item":"https:\/\/tienda.rigelec.com.ar\/"},{"@type":"ListItem","position":2,"name":"Shop","item":"https:\/\/tienda.rigelec.com.ar\/?page_id=12"},{"@type":"ListItem","position":3,"name":"REFLECTOR LED LUZ FRIA IP65 50W &#8211; 4000LM"}]},{"@type":"WebSite","@id":"https:\/\/tienda.rigelec.com.ar\/#website","url":"https:\/\/tienda.rigelec.com.ar\/","name":"Tienda Rigelec","description":"Energia en movimiento","publisher":{"@id":"https:\/\/tienda.rigelec.com.ar\/#organization"},"potentialAction":[{"@type":"SearchAction","target":{"@type":"EntryPoint","urlTemplate":"https:\/\/tienda.rigelec.com.ar\/?s={search_term_string}"},"query-input":{"@type":"PropertyValueSpecification","valueRequired":true,"valueName":"search_term_string"}}],"inLanguage":"es-AR"},{"@type":"Organization","@id":"https:\/\/tienda.rigelec.com.ar\/#organization","name":"Tienda Rigelec","url":"https:\/\/tienda.rigelec.com.ar\/","logo":{"@type":"ImageObject","inLanguage":"es-AR","@id":"https:\/\/tienda.rigelec.com.ar\/#\/schema\/logo\/image\/","url":"https:\/\/tienda.rigelec.com.ar\/wp-content\/uploads\/2024\/09\/isologo-blanco-rigelec.png","contentUrl":"https:\/\/tienda.rigelec.com.ar\/wp-content\/uploads\/2024\/09\/isologo-blanco-rigelec.png","width":94,"height":97,"caption":"Tienda Rigelec"},"image":{"@id":"https:\/\/tienda.rigelec.com.ar\/#\/schema\/logo\/image\/"}}]}},"jetpack_sharing_enabled":true,"_links":{"self":[{"href":"https:\/\/tienda.rigelec.com.ar\/index.php?rest_route=\/wp\/v2\/product\/20537","targetHints":{"allow":["GET"]}}],"collection":[{"href":"https:\/\/tienda.rigelec.com.ar\/index.php?rest_route=\/wp\/v2\/product"}],"about":[{"href":"https:\/\/tienda.rigelec.com.ar\/index.php?rest_route=\/wp\/v2\/types\/product"}],"replies":[{"embeddable":true,"href":"https:\/\/tienda.rigelec.com.ar\/index.php?rest_route=%2Fwp%2Fv2%2Fcomments&post=20537"}],"wp:featuredmedia":[{"embeddable":true,"href":"https:\/\/tienda.rigelec.com.ar\/index.php?rest_route=\/wp\/v2\/media\/20538"}],"wp:attachment":[{"href":"https:\/\/tienda.rigelec.com.ar\/index.php?rest_route=%2Fwp%2Fv2%2Fmedia&parent=20537"}],"wp:term":[{"taxonomy":"product_brand","embeddable":true,"href":"https:\/\/tienda.rigelec.com.ar\/index.php?rest_route=%2Fwp%2Fv2%2Fproduct_brand&post=20537"},{"taxonomy":"product_cat","embeddable":true,"href":"https:\/\/tienda.rigelec.com.ar\/index.php?rest_route=%2Fwp%2Fv2%2Fproduct_cat&post=20537"},{"taxonomy":"product_tag","embeddable":true,"href":"https:\/\/tienda.rigelec.com.ar\/index.php?rest_route=%2Fwp%2Fv2%2Fproduct_tag&post=20537"}],"curies":[{"name":"wp","href":"https:\/\/api.w.org\/{rel}","templated":true}]}}