{"id":20829,"date":"2024-12-19T12:05:03","date_gmt":"2024-12-19T15:05:03","guid":{"rendered":"https:\/\/tienda.test.rigelec.com.ar\/?product=contactor-ac3-4kw-dilm9-10380v50-60hz-9a-bobina-380v-1na"},"modified":"2026-04-30T23:18:05","modified_gmt":"2026-05-01T02:18:05","slug":"contactor-ac3-4kw-dilm9-10380v50-60hz-9a-bobina-380v-1na","status":"publish","type":"product","link":"https:\/\/tienda.rigelec.com.ar\/?product=contactor-ac3-4kw-dilm9-10380v50-60hz-9a-bobina-380v-1na","title":{"rendered":"CONTACTOR AC3 4KW DILM9-10(380V50\/60HZ) 9A &#8211; BOBINA 380V &#8211; 1NA"},"content":{"rendered":"<p>CONTACTOR AC3 4KW<\/p>\n","protected":false},"excerpt":{"rendered":"<p>3X380V<br \/>\nTipo de producto: Contactor.<br \/>\nGrado de protecci\u00f3n: IP20.<br \/>\nFrecuencia de funcionamiento: 9000 operaciones mec\u00e1nicas\/h (operado por CA).<br \/>\nTensi\u00f3n nominal soportada al impulso: 8000 VCA.<br \/>\nResistencia por polo: 2.5mOHM.<br \/>\nTipo de voltaje: CA.<br \/>\nTemperatura ambiente de funcionamiento-min: -25\u00b0C..<br \/>\nTemperatura ambiente de funcionamiento-max: 60\u00b0C.<br \/>\nTemperatura ambiente de almacenamiento-min: -40\u00b0C.<br \/>\nTemperatura ambiente de almacenamiento-max: 80\u00b0C.<br \/>\nCorriente nominal de funcionamiento: 9A.<br \/>\nTensi\u00f3n nominal de alimentaci\u00f3n de control en CA, 50 Hz: 380 V.<br \/>\nConexi\u00f3n: Terminales de tornillo.<br \/>\nNumero de contactos normalmente abiertos: 1.<br \/>\nNumero de contactos auxiliares normalmente cerrados: 0.<br \/>\nNumero de contactos auxiliares normalmente abiertos: 1.<\/p>\n","protected":false},"featured_media":20830,"comment_status":"open","ping_status":"closed","template":"","meta":{"_monsterinsights_skip_tracking":false,"_monsterinsights_sitenote_active":false,"_monsterinsights_sitenote_note":"","_monsterinsights_sitenote_category":0},"product_brand":[],"product_cat":[332],"product_tag":[61],"class_list":{"0":"post-20829","1":"product","2":"type-product","3":"status-publish","4":"has-post-thumbnail","6":"product_cat-a-contactores","7":"product_tag-eaton-moeller","9":"first","10":"instock","11":"shipping-taxable","12":"purchasable","13":"product-type-simple"},"yoast_head":"<!-- This site is optimized with the Yoast SEO plugin v25.3.1 - https:\/\/yoast.com\/wordpress\/plugins\/seo\/ -->\n<title>CONTACTOR AC3 4KW DILM9-10(380V50\/60HZ) 9A - BOBINA 380V - 1NA - Tienda Rigelec<\/title>\n<meta name=\"robots\" content=\"index, follow, max-snippet:-1, max-image-preview:large, max-video-preview:-1\" \/>\n<link rel=\"canonical\" href=\"https:\/\/tienda.rigelec.com.ar\/?product=contactor-ac3-4kw-dilm9-10380v50-60hz-9a-bobina-380v-1na\" \/>\n<meta property=\"og:locale\" content=\"es_ES\" \/>\n<meta property=\"og:type\" content=\"article\" \/>\n<meta property=\"og:title\" content=\"CONTACTOR AC3 4KW DILM9-10(380V50\/60HZ) 9A - BOBINA 380V - 1NA - Tienda Rigelec\" \/>\n<meta property=\"og:description\" content=\"3X380V Tipo de producto: Contactor. Grado de protecci\u00f3n: IP20. Frecuencia de funcionamiento: 9000 operaciones mec\u00e1nicas\/h (operado por CA). Tensi\u00f3n nominal soportada al impulso: 8000 VCA. Resistencia por polo: 2.5mOHM. Tipo de voltaje: CA. Temperatura ambiente de funcionamiento-min: -25\u00b0C.. Temperatura ambiente de funcionamiento-max: 60\u00b0C. Temperatura ambiente de almacenamiento-min: -40\u00b0C. Temperatura ambiente de almacenamiento-max: 80\u00b0C.  Corriente nominal de funcionamiento: 9A. Tensi\u00f3n nominal de alimentaci\u00f3n de control en CA, 50 Hz: 380 V. Conexi\u00f3n: Terminales de tornillo. Numero de contactos normalmente abiertos: 1. Numero de contactos auxiliares normalmente cerrados: 0. Numero de contactos auxiliares normalmente abiertos: 1.\" \/>\n<meta property=\"og:url\" content=\"https:\/\/tienda.rigelec.com.ar\/?product=contactor-ac3-4kw-dilm9-10380v50-60hz-9a-bobina-380v-1na\" \/>\n<meta property=\"og:site_name\" content=\"Tienda Rigelec\" \/>\n<meta property=\"article:modified_time\" content=\"2026-05-01T02:18:05+00:00\" \/>\n<meta property=\"og:image\" content=\"https:\/\/tienda.rigelec.com.ar\/wp-content\/uploads\/2024\/12\/CONTACTORAC34KW-4.jpg\" \/>\n\t<meta property=\"og:image:width\" content=\"966\" \/>\n\t<meta property=\"og:image:height\" content=\"959\" \/>\n\t<meta property=\"og:image:type\" content=\"image\/jpeg\" \/>\n<meta name=\"twitter:card\" content=\"summary_large_image\" \/>\n<script type=\"application\/ld+json\" class=\"yoast-schema-graph\">{\"@context\":\"https:\/\/schema.org\",\"@graph\":[{\"@type\":\"WebPage\",\"@id\":\"https:\/\/tienda.rigelec.com.ar\/?product=contactor-ac3-4kw-dilm9-10380v50-60hz-9a-bobina-380v-1na\",\"url\":\"https:\/\/tienda.rigelec.com.ar\/?product=contactor-ac3-4kw-dilm9-10380v50-60hz-9a-bobina-380v-1na\",\"name\":\"CONTACTOR AC3 4KW DILM9-10(380V50\/60HZ) 9A - BOBINA 380V - 1NA - Tienda Rigelec\",\"isPartOf\":{\"@id\":\"https:\/\/tienda.rigelec.com.ar\/#website\"},\"primaryImageOfPage\":{\"@id\":\"https:\/\/tienda.rigelec.com.ar\/?product=contactor-ac3-4kw-dilm9-10380v50-60hz-9a-bobina-380v-1na#primaryimage\"},\"image\":{\"@id\":\"https:\/\/tienda.rigelec.com.ar\/?product=contactor-ac3-4kw-dilm9-10380v50-60hz-9a-bobina-380v-1na#primaryimage\"},\"thumbnailUrl\":\"https:\/\/tienda.rigelec.com.ar\/wp-content\/uploads\/2024\/12\/CONTACTORAC34KW-4.jpg\",\"datePublished\":\"2024-12-19T15:05:03+00:00\",\"dateModified\":\"2026-05-01T02:18:05+00:00\",\"breadcrumb\":{\"@id\":\"https:\/\/tienda.rigelec.com.ar\/?product=contactor-ac3-4kw-dilm9-10380v50-60hz-9a-bobina-380v-1na#breadcrumb\"},\"inLanguage\":\"es-AR\",\"potentialAction\":[{\"@type\":\"ReadAction\",\"target\":[\"https:\/\/tienda.rigelec.com.ar\/?product=contactor-ac3-4kw-dilm9-10380v50-60hz-9a-bobina-380v-1na\"]}]},{\"@type\":\"ImageObject\",\"inLanguage\":\"es-AR\",\"@id\":\"https:\/\/tienda.rigelec.com.ar\/?product=contactor-ac3-4kw-dilm9-10380v50-60hz-9a-bobina-380v-1na#primaryimage\",\"url\":\"https:\/\/tienda.rigelec.com.ar\/wp-content\/uploads\/2024\/12\/CONTACTORAC34KW-4.jpg\",\"contentUrl\":\"https:\/\/tienda.rigelec.com.ar\/wp-content\/uploads\/2024\/12\/CONTACTORAC34KW-4.jpg\",\"width\":966,\"height\":959},{\"@type\":\"BreadcrumbList\",\"@id\":\"https:\/\/tienda.rigelec.com.ar\/?product=contactor-ac3-4kw-dilm9-10380v50-60hz-9a-bobina-380v-1na#breadcrumb\",\"itemListElement\":[{\"@type\":\"ListItem\",\"position\":1,\"name\":\"Inicio\",\"item\":\"https:\/\/tienda.rigelec.com.ar\/\"},{\"@type\":\"ListItem\",\"position\":2,\"name\":\"Shop\",\"item\":\"https:\/\/tienda.rigelec.com.ar\/?page_id=12\"},{\"@type\":\"ListItem\",\"position\":3,\"name\":\"CONTACTOR AC3 4KW DILM9-10(380V50\/60HZ) 9A &#8211; BOBINA 380V &#8211; 1NA\"}]},{\"@type\":\"WebSite\",\"@id\":\"https:\/\/tienda.rigelec.com.ar\/#website\",\"url\":\"https:\/\/tienda.rigelec.com.ar\/\",\"name\":\"Tienda Rigelec\",\"description\":\"Energia en movimiento\",\"publisher\":{\"@id\":\"https:\/\/tienda.rigelec.com.ar\/#organization\"},\"potentialAction\":[{\"@type\":\"SearchAction\",\"target\":{\"@type\":\"EntryPoint\",\"urlTemplate\":\"https:\/\/tienda.rigelec.com.ar\/?s={search_term_string}\"},\"query-input\":{\"@type\":\"PropertyValueSpecification\",\"valueRequired\":true,\"valueName\":\"search_term_string\"}}],\"inLanguage\":\"es-AR\"},{\"@type\":\"Organization\",\"@id\":\"https:\/\/tienda.rigelec.com.ar\/#organization\",\"name\":\"Tienda Rigelec\",\"url\":\"https:\/\/tienda.rigelec.com.ar\/\",\"logo\":{\"@type\":\"ImageObject\",\"inLanguage\":\"es-AR\",\"@id\":\"https:\/\/tienda.rigelec.com.ar\/#\/schema\/logo\/image\/\",\"url\":\"https:\/\/tienda.rigelec.com.ar\/wp-content\/uploads\/2024\/09\/isologo-blanco-rigelec.png\",\"contentUrl\":\"https:\/\/tienda.rigelec.com.ar\/wp-content\/uploads\/2024\/09\/isologo-blanco-rigelec.png\",\"width\":94,\"height\":97,\"caption\":\"Tienda Rigelec\"},\"image\":{\"@id\":\"https:\/\/tienda.rigelec.com.ar\/#\/schema\/logo\/image\/\"}}]}<\/script>\n<!-- \/ Yoast SEO plugin. -->","yoast_head_json":{"title":"CONTACTOR AC3 4KW DILM9-10(380V50\/60HZ) 9A - BOBINA 380V - 1NA - Tienda Rigelec","robots":{"index":"index","follow":"follow","max-snippet":"max-snippet:-1","max-image-preview":"max-image-preview:large","max-video-preview":"max-video-preview:-1"},"canonical":"https:\/\/tienda.rigelec.com.ar\/?product=contactor-ac3-4kw-dilm9-10380v50-60hz-9a-bobina-380v-1na","og_locale":"es_ES","og_type":"article","og_title":"CONTACTOR AC3 4KW DILM9-10(380V50\/60HZ) 9A - BOBINA 380V - 1NA - Tienda Rigelec","og_description":"3X380V Tipo de producto: Contactor. Grado de protecci\u00f3n: IP20. Frecuencia de funcionamiento: 9000 operaciones mec\u00e1nicas\/h (operado por CA). Tensi\u00f3n nominal soportada al impulso: 8000 VCA. Resistencia por polo: 2.5mOHM. Tipo de voltaje: CA. Temperatura ambiente de funcionamiento-min: -25\u00b0C.. Temperatura ambiente de funcionamiento-max: 60\u00b0C. Temperatura ambiente de almacenamiento-min: -40\u00b0C. Temperatura ambiente de almacenamiento-max: 80\u00b0C.  Corriente nominal de funcionamiento: 9A. Tensi\u00f3n nominal de alimentaci\u00f3n de control en CA, 50 Hz: 380 V. Conexi\u00f3n: Terminales de tornillo. Numero de contactos normalmente abiertos: 1. Numero de contactos auxiliares normalmente cerrados: 0. Numero de contactos auxiliares normalmente abiertos: 1.","og_url":"https:\/\/tienda.rigelec.com.ar\/?product=contactor-ac3-4kw-dilm9-10380v50-60hz-9a-bobina-380v-1na","og_site_name":"Tienda Rigelec","article_modified_time":"2026-05-01T02:18:05+00:00","og_image":[{"width":966,"height":959,"url":"https:\/\/tienda.rigelec.com.ar\/wp-content\/uploads\/2024\/12\/CONTACTORAC34KW-4.jpg","type":"image\/jpeg"}],"twitter_card":"summary_large_image","schema":{"@context":"https:\/\/schema.org","@graph":[{"@type":"WebPage","@id":"https:\/\/tienda.rigelec.com.ar\/?product=contactor-ac3-4kw-dilm9-10380v50-60hz-9a-bobina-380v-1na","url":"https:\/\/tienda.rigelec.com.ar\/?product=contactor-ac3-4kw-dilm9-10380v50-60hz-9a-bobina-380v-1na","name":"CONTACTOR AC3 4KW DILM9-10(380V50\/60HZ) 9A - BOBINA 380V - 1NA - Tienda Rigelec","isPartOf":{"@id":"https:\/\/tienda.rigelec.com.ar\/#website"},"primaryImageOfPage":{"@id":"https:\/\/tienda.rigelec.com.ar\/?product=contactor-ac3-4kw-dilm9-10380v50-60hz-9a-bobina-380v-1na#primaryimage"},"image":{"@id":"https:\/\/tienda.rigelec.com.ar\/?product=contactor-ac3-4kw-dilm9-10380v50-60hz-9a-bobina-380v-1na#primaryimage"},"thumbnailUrl":"https:\/\/tienda.rigelec.com.ar\/wp-content\/uploads\/2024\/12\/CONTACTORAC34KW-4.jpg","datePublished":"2024-12-19T15:05:03+00:00","dateModified":"2026-05-01T02:18:05+00:00","breadcrumb":{"@id":"https:\/\/tienda.rigelec.com.ar\/?product=contactor-ac3-4kw-dilm9-10380v50-60hz-9a-bobina-380v-1na#breadcrumb"},"inLanguage":"es-AR","potentialAction":[{"@type":"ReadAction","target":["https:\/\/tienda.rigelec.com.ar\/?product=contactor-ac3-4kw-dilm9-10380v50-60hz-9a-bobina-380v-1na"]}]},{"@type":"ImageObject","inLanguage":"es-AR","@id":"https:\/\/tienda.rigelec.com.ar\/?product=contactor-ac3-4kw-dilm9-10380v50-60hz-9a-bobina-380v-1na#primaryimage","url":"https:\/\/tienda.rigelec.com.ar\/wp-content\/uploads\/2024\/12\/CONTACTORAC34KW-4.jpg","contentUrl":"https:\/\/tienda.rigelec.com.ar\/wp-content\/uploads\/2024\/12\/CONTACTORAC34KW-4.jpg","width":966,"height":959},{"@type":"BreadcrumbList","@id":"https:\/\/tienda.rigelec.com.ar\/?product=contactor-ac3-4kw-dilm9-10380v50-60hz-9a-bobina-380v-1na#breadcrumb","itemListElement":[{"@type":"ListItem","position":1,"name":"Inicio","item":"https:\/\/tienda.rigelec.com.ar\/"},{"@type":"ListItem","position":2,"name":"Shop","item":"https:\/\/tienda.rigelec.com.ar\/?page_id=12"},{"@type":"ListItem","position":3,"name":"CONTACTOR AC3 4KW DILM9-10(380V50\/60HZ) 9A &#8211; BOBINA 380V &#8211; 1NA"}]},{"@type":"WebSite","@id":"https:\/\/tienda.rigelec.com.ar\/#website","url":"https:\/\/tienda.rigelec.com.ar\/","name":"Tienda Rigelec","description":"Energia en movimiento","publisher":{"@id":"https:\/\/tienda.rigelec.com.ar\/#organization"},"potentialAction":[{"@type":"SearchAction","target":{"@type":"EntryPoint","urlTemplate":"https:\/\/tienda.rigelec.com.ar\/?s={search_term_string}"},"query-input":{"@type":"PropertyValueSpecification","valueRequired":true,"valueName":"search_term_string"}}],"inLanguage":"es-AR"},{"@type":"Organization","@id":"https:\/\/tienda.rigelec.com.ar\/#organization","name":"Tienda Rigelec","url":"https:\/\/tienda.rigelec.com.ar\/","logo":{"@type":"ImageObject","inLanguage":"es-AR","@id":"https:\/\/tienda.rigelec.com.ar\/#\/schema\/logo\/image\/","url":"https:\/\/tienda.rigelec.com.ar\/wp-content\/uploads\/2024\/09\/isologo-blanco-rigelec.png","contentUrl":"https:\/\/tienda.rigelec.com.ar\/wp-content\/uploads\/2024\/09\/isologo-blanco-rigelec.png","width":94,"height":97,"caption":"Tienda Rigelec"},"image":{"@id":"https:\/\/tienda.rigelec.com.ar\/#\/schema\/logo\/image\/"}}]}},"jetpack_sharing_enabled":true,"_links":{"self":[{"href":"https:\/\/tienda.rigelec.com.ar\/index.php?rest_route=\/wp\/v2\/product\/20829","targetHints":{"allow":["GET"]}}],"collection":[{"href":"https:\/\/tienda.rigelec.com.ar\/index.php?rest_route=\/wp\/v2\/product"}],"about":[{"href":"https:\/\/tienda.rigelec.com.ar\/index.php?rest_route=\/wp\/v2\/types\/product"}],"replies":[{"embeddable":true,"href":"https:\/\/tienda.rigelec.com.ar\/index.php?rest_route=%2Fwp%2Fv2%2Fcomments&post=20829"}],"wp:featuredmedia":[{"embeddable":true,"href":"https:\/\/tienda.rigelec.com.ar\/index.php?rest_route=\/wp\/v2\/media\/20830"}],"wp:attachment":[{"href":"https:\/\/tienda.rigelec.com.ar\/index.php?rest_route=%2Fwp%2Fv2%2Fmedia&parent=20829"}],"wp:term":[{"taxonomy":"product_brand","embeddable":true,"href":"https:\/\/tienda.rigelec.com.ar\/index.php?rest_route=%2Fwp%2Fv2%2Fproduct_brand&post=20829"},{"taxonomy":"product_cat","embeddable":true,"href":"https:\/\/tienda.rigelec.com.ar\/index.php?rest_route=%2Fwp%2Fv2%2Fproduct_cat&post=20829"},{"taxonomy":"product_tag","embeddable":true,"href":"https:\/\/tienda.rigelec.com.ar\/index.php?rest_route=%2Fwp%2Fv2%2Fproduct_tag&post=20829"}],"curies":[{"name":"wp","href":"https:\/\/api.w.org\/{rel}","templated":true}]}}