{"id":20879,"date":"2024-12-19T12:07:00","date_gmt":"2024-12-19T15:07:00","guid":{"rendered":"https:\/\/tienda.test.rigelec.com.ar\/?product=caja-estanca-plastica-gris-ip65-115x115x110mm"},"modified":"2026-05-01T12:55:00","modified_gmt":"2026-05-01T15:55:00","slug":"caja-estanca-plastica-gris-ip65-115x115x110mm","status":"publish","type":"product","link":"https:\/\/tienda.rigelec.com.ar\/?product=caja-estanca-plastica-gris-ip65-115x115x110mm","title":{"rendered":"CAJA ESTANCA PLASTICA GRIS IP65 115X115X110MM"},"content":{"rendered":"<p>CAJA ESTANCA PLASTICA GRIS<\/p>\n","protected":false},"excerpt":{"rendered":"<p>Dise\u00f1adas y construidas con un termopl\u00e1stico aislante de \u00faltima generaci\u00f3n, seg\u00fan normas: IRAM 62670, IEC 60670, IRAM 2346.<br \/>\nLas nuevas cajas de pase IP65 son el complemento ideal para una instalaci\u00f3n segura.Se adaptan a todo tipo de ambiente por su dise\u00f1o est\u00e9tico cuidado.Cuentan con burlete de alta resistencia, lo que brinda un alto grado de protecci\u00f3n, siendo aptas para el uso enintemperie impidiendo el ingreso de agua y polvo dentro de la caja.Tienen orificios en la cara posterior que permiten la fijaci\u00f3n desde atr\u00e1s sin perder la estanqueidad.Cuentan con tornillos de acero imperdibles.<\/p>\n","protected":false},"featured_media":20880,"comment_status":"open","ping_status":"closed","template":"","meta":{"_monsterinsights_skip_tracking":false,"_monsterinsights_sitenote_active":false,"_monsterinsights_sitenote_note":"","_monsterinsights_sitenote_category":0},"product_brand":[],"product_cat":[295],"product_tag":[66],"class_list":{"0":"post-20879","1":"product","2":"type-product","3":"status-publish","4":"has-post-thumbnail","6":"product_cat-c-cajas","7":"product_tag-genrod","9":"first","10":"instock","11":"shipping-taxable","12":"purchasable","13":"product-type-simple"},"yoast_head":"<!-- This site is optimized with the Yoast SEO plugin v25.3.1 - https:\/\/yoast.com\/wordpress\/plugins\/seo\/ -->\n<title>CAJA ESTANCA PLASTICA GRIS IP65 115X115X110MM - Tienda Rigelec<\/title>\n<meta name=\"robots\" content=\"index, follow, max-snippet:-1, max-image-preview:large, max-video-preview:-1\" \/>\n<link rel=\"canonical\" href=\"https:\/\/tienda.rigelec.com.ar\/?product=caja-estanca-plastica-gris-ip65-115x115x110mm\" \/>\n<meta property=\"og:locale\" content=\"es_ES\" \/>\n<meta property=\"og:type\" content=\"article\" \/>\n<meta property=\"og:title\" content=\"CAJA ESTANCA PLASTICA GRIS IP65 115X115X110MM - Tienda Rigelec\" \/>\n<meta property=\"og:description\" content=\"Dise\u00f1adas y construidas con un termopl\u00e1stico aislante de \u00faltima generaci\u00f3n, seg\u00fan normas: IRAM 62670, IEC 60670, IRAM 2346.  Las nuevas cajas de pase IP65 son el complemento ideal para una instalaci\u00f3n segura.Se adaptan a todo tipo de ambiente por su dise\u00f1o est\u00e9tico cuidado.Cuentan con burlete de alta resistencia, lo que brinda un alto grado de protecci\u00f3n, siendo aptas para el uso enintemperie impidiendo el ingreso de agua y polvo dentro de la caja.Tienen orificios en la cara posterior que permiten la fijaci\u00f3n desde atr\u00e1s sin perder la estanqueidad.Cuentan con tornillos de acero imperdibles.\" \/>\n<meta property=\"og:url\" content=\"https:\/\/tienda.rigelec.com.ar\/?product=caja-estanca-plastica-gris-ip65-115x115x110mm\" \/>\n<meta property=\"og:site_name\" content=\"Tienda Rigelec\" \/>\n<meta property=\"article:modified_time\" content=\"2026-05-01T15:55:00+00:00\" \/>\n<meta property=\"og:image\" content=\"https:\/\/tienda.rigelec.com.ar\/wp-content\/uploads\/2024\/12\/CAJAESTANCAPLASTICAGRIS-1.jpg\" \/>\n\t<meta property=\"og:image:width\" content=\"984\" \/>\n\t<meta property=\"og:image:height\" content=\"947\" \/>\n\t<meta property=\"og:image:type\" content=\"image\/jpeg\" \/>\n<meta name=\"twitter:card\" content=\"summary_large_image\" \/>\n<script type=\"application\/ld+json\" class=\"yoast-schema-graph\">{\"@context\":\"https:\/\/schema.org\",\"@graph\":[{\"@type\":\"WebPage\",\"@id\":\"https:\/\/tienda.rigelec.com.ar\/?product=caja-estanca-plastica-gris-ip65-115x115x110mm\",\"url\":\"https:\/\/tienda.rigelec.com.ar\/?product=caja-estanca-plastica-gris-ip65-115x115x110mm\",\"name\":\"CAJA ESTANCA PLASTICA GRIS IP65 115X115X110MM - Tienda Rigelec\",\"isPartOf\":{\"@id\":\"https:\/\/tienda.rigelec.com.ar\/#website\"},\"primaryImageOfPage\":{\"@id\":\"https:\/\/tienda.rigelec.com.ar\/?product=caja-estanca-plastica-gris-ip65-115x115x110mm#primaryimage\"},\"image\":{\"@id\":\"https:\/\/tienda.rigelec.com.ar\/?product=caja-estanca-plastica-gris-ip65-115x115x110mm#primaryimage\"},\"thumbnailUrl\":\"https:\/\/tienda.rigelec.com.ar\/wp-content\/uploads\/2024\/12\/CAJAESTANCAPLASTICAGRIS-1.jpg\",\"datePublished\":\"2024-12-19T15:07:00+00:00\",\"dateModified\":\"2026-05-01T15:55:00+00:00\",\"breadcrumb\":{\"@id\":\"https:\/\/tienda.rigelec.com.ar\/?product=caja-estanca-plastica-gris-ip65-115x115x110mm#breadcrumb\"},\"inLanguage\":\"es-AR\",\"potentialAction\":[{\"@type\":\"ReadAction\",\"target\":[\"https:\/\/tienda.rigelec.com.ar\/?product=caja-estanca-plastica-gris-ip65-115x115x110mm\"]}]},{\"@type\":\"ImageObject\",\"inLanguage\":\"es-AR\",\"@id\":\"https:\/\/tienda.rigelec.com.ar\/?product=caja-estanca-plastica-gris-ip65-115x115x110mm#primaryimage\",\"url\":\"https:\/\/tienda.rigelec.com.ar\/wp-content\/uploads\/2024\/12\/CAJAESTANCAPLASTICAGRIS-1.jpg\",\"contentUrl\":\"https:\/\/tienda.rigelec.com.ar\/wp-content\/uploads\/2024\/12\/CAJAESTANCAPLASTICAGRIS-1.jpg\",\"width\":984,\"height\":947},{\"@type\":\"BreadcrumbList\",\"@id\":\"https:\/\/tienda.rigelec.com.ar\/?product=caja-estanca-plastica-gris-ip65-115x115x110mm#breadcrumb\",\"itemListElement\":[{\"@type\":\"ListItem\",\"position\":1,\"name\":\"Inicio\",\"item\":\"https:\/\/tienda.rigelec.com.ar\/\"},{\"@type\":\"ListItem\",\"position\":2,\"name\":\"Shop\",\"item\":\"https:\/\/tienda.rigelec.com.ar\/?page_id=12\"},{\"@type\":\"ListItem\",\"position\":3,\"name\":\"CAJA ESTANCA PLASTICA GRIS IP65 115X115X110MM\"}]},{\"@type\":\"WebSite\",\"@id\":\"https:\/\/tienda.rigelec.com.ar\/#website\",\"url\":\"https:\/\/tienda.rigelec.com.ar\/\",\"name\":\"Tienda Rigelec\",\"description\":\"Energia en movimiento\",\"publisher\":{\"@id\":\"https:\/\/tienda.rigelec.com.ar\/#organization\"},\"potentialAction\":[{\"@type\":\"SearchAction\",\"target\":{\"@type\":\"EntryPoint\",\"urlTemplate\":\"https:\/\/tienda.rigelec.com.ar\/?s={search_term_string}\"},\"query-input\":{\"@type\":\"PropertyValueSpecification\",\"valueRequired\":true,\"valueName\":\"search_term_string\"}}],\"inLanguage\":\"es-AR\"},{\"@type\":\"Organization\",\"@id\":\"https:\/\/tienda.rigelec.com.ar\/#organization\",\"name\":\"Tienda Rigelec\",\"url\":\"https:\/\/tienda.rigelec.com.ar\/\",\"logo\":{\"@type\":\"ImageObject\",\"inLanguage\":\"es-AR\",\"@id\":\"https:\/\/tienda.rigelec.com.ar\/#\/schema\/logo\/image\/\",\"url\":\"https:\/\/tienda.rigelec.com.ar\/wp-content\/uploads\/2024\/09\/isologo-blanco-rigelec.png\",\"contentUrl\":\"https:\/\/tienda.rigelec.com.ar\/wp-content\/uploads\/2024\/09\/isologo-blanco-rigelec.png\",\"width\":94,\"height\":97,\"caption\":\"Tienda Rigelec\"},\"image\":{\"@id\":\"https:\/\/tienda.rigelec.com.ar\/#\/schema\/logo\/image\/\"}}]}<\/script>\n<!-- \/ Yoast SEO plugin. -->","yoast_head_json":{"title":"CAJA ESTANCA PLASTICA GRIS IP65 115X115X110MM - Tienda Rigelec","robots":{"index":"index","follow":"follow","max-snippet":"max-snippet:-1","max-image-preview":"max-image-preview:large","max-video-preview":"max-video-preview:-1"},"canonical":"https:\/\/tienda.rigelec.com.ar\/?product=caja-estanca-plastica-gris-ip65-115x115x110mm","og_locale":"es_ES","og_type":"article","og_title":"CAJA ESTANCA PLASTICA GRIS IP65 115X115X110MM - Tienda Rigelec","og_description":"Dise\u00f1adas y construidas con un termopl\u00e1stico aislante de \u00faltima generaci\u00f3n, seg\u00fan normas: IRAM 62670, IEC 60670, IRAM 2346.  Las nuevas cajas de pase IP65 son el complemento ideal para una instalaci\u00f3n segura.Se adaptan a todo tipo de ambiente por su dise\u00f1o est\u00e9tico cuidado.Cuentan con burlete de alta resistencia, lo que brinda un alto grado de protecci\u00f3n, siendo aptas para el uso enintemperie impidiendo el ingreso de agua y polvo dentro de la caja.Tienen orificios en la cara posterior que permiten la fijaci\u00f3n desde atr\u00e1s sin perder la estanqueidad.Cuentan con tornillos de acero imperdibles.","og_url":"https:\/\/tienda.rigelec.com.ar\/?product=caja-estanca-plastica-gris-ip65-115x115x110mm","og_site_name":"Tienda Rigelec","article_modified_time":"2026-05-01T15:55:00+00:00","og_image":[{"width":984,"height":947,"url":"https:\/\/tienda.rigelec.com.ar\/wp-content\/uploads\/2024\/12\/CAJAESTANCAPLASTICAGRIS-1.jpg","type":"image\/jpeg"}],"twitter_card":"summary_large_image","schema":{"@context":"https:\/\/schema.org","@graph":[{"@type":"WebPage","@id":"https:\/\/tienda.rigelec.com.ar\/?product=caja-estanca-plastica-gris-ip65-115x115x110mm","url":"https:\/\/tienda.rigelec.com.ar\/?product=caja-estanca-plastica-gris-ip65-115x115x110mm","name":"CAJA ESTANCA PLASTICA GRIS IP65 115X115X110MM - Tienda Rigelec","isPartOf":{"@id":"https:\/\/tienda.rigelec.com.ar\/#website"},"primaryImageOfPage":{"@id":"https:\/\/tienda.rigelec.com.ar\/?product=caja-estanca-plastica-gris-ip65-115x115x110mm#primaryimage"},"image":{"@id":"https:\/\/tienda.rigelec.com.ar\/?product=caja-estanca-plastica-gris-ip65-115x115x110mm#primaryimage"},"thumbnailUrl":"https:\/\/tienda.rigelec.com.ar\/wp-content\/uploads\/2024\/12\/CAJAESTANCAPLASTICAGRIS-1.jpg","datePublished":"2024-12-19T15:07:00+00:00","dateModified":"2026-05-01T15:55:00+00:00","breadcrumb":{"@id":"https:\/\/tienda.rigelec.com.ar\/?product=caja-estanca-plastica-gris-ip65-115x115x110mm#breadcrumb"},"inLanguage":"es-AR","potentialAction":[{"@type":"ReadAction","target":["https:\/\/tienda.rigelec.com.ar\/?product=caja-estanca-plastica-gris-ip65-115x115x110mm"]}]},{"@type":"ImageObject","inLanguage":"es-AR","@id":"https:\/\/tienda.rigelec.com.ar\/?product=caja-estanca-plastica-gris-ip65-115x115x110mm#primaryimage","url":"https:\/\/tienda.rigelec.com.ar\/wp-content\/uploads\/2024\/12\/CAJAESTANCAPLASTICAGRIS-1.jpg","contentUrl":"https:\/\/tienda.rigelec.com.ar\/wp-content\/uploads\/2024\/12\/CAJAESTANCAPLASTICAGRIS-1.jpg","width":984,"height":947},{"@type":"BreadcrumbList","@id":"https:\/\/tienda.rigelec.com.ar\/?product=caja-estanca-plastica-gris-ip65-115x115x110mm#breadcrumb","itemListElement":[{"@type":"ListItem","position":1,"name":"Inicio","item":"https:\/\/tienda.rigelec.com.ar\/"},{"@type":"ListItem","position":2,"name":"Shop","item":"https:\/\/tienda.rigelec.com.ar\/?page_id=12"},{"@type":"ListItem","position":3,"name":"CAJA ESTANCA PLASTICA GRIS IP65 115X115X110MM"}]},{"@type":"WebSite","@id":"https:\/\/tienda.rigelec.com.ar\/#website","url":"https:\/\/tienda.rigelec.com.ar\/","name":"Tienda Rigelec","description":"Energia en movimiento","publisher":{"@id":"https:\/\/tienda.rigelec.com.ar\/#organization"},"potentialAction":[{"@type":"SearchAction","target":{"@type":"EntryPoint","urlTemplate":"https:\/\/tienda.rigelec.com.ar\/?s={search_term_string}"},"query-input":{"@type":"PropertyValueSpecification","valueRequired":true,"valueName":"search_term_string"}}],"inLanguage":"es-AR"},{"@type":"Organization","@id":"https:\/\/tienda.rigelec.com.ar\/#organization","name":"Tienda Rigelec","url":"https:\/\/tienda.rigelec.com.ar\/","logo":{"@type":"ImageObject","inLanguage":"es-AR","@id":"https:\/\/tienda.rigelec.com.ar\/#\/schema\/logo\/image\/","url":"https:\/\/tienda.rigelec.com.ar\/wp-content\/uploads\/2024\/09\/isologo-blanco-rigelec.png","contentUrl":"https:\/\/tienda.rigelec.com.ar\/wp-content\/uploads\/2024\/09\/isologo-blanco-rigelec.png","width":94,"height":97,"caption":"Tienda Rigelec"},"image":{"@id":"https:\/\/tienda.rigelec.com.ar\/#\/schema\/logo\/image\/"}}]}},"jetpack_sharing_enabled":true,"_links":{"self":[{"href":"https:\/\/tienda.rigelec.com.ar\/index.php?rest_route=\/wp\/v2\/product\/20879","targetHints":{"allow":["GET"]}}],"collection":[{"href":"https:\/\/tienda.rigelec.com.ar\/index.php?rest_route=\/wp\/v2\/product"}],"about":[{"href":"https:\/\/tienda.rigelec.com.ar\/index.php?rest_route=\/wp\/v2\/types\/product"}],"replies":[{"embeddable":true,"href":"https:\/\/tienda.rigelec.com.ar\/index.php?rest_route=%2Fwp%2Fv2%2Fcomments&post=20879"}],"wp:featuredmedia":[{"embeddable":true,"href":"https:\/\/tienda.rigelec.com.ar\/index.php?rest_route=\/wp\/v2\/media\/20880"}],"wp:attachment":[{"href":"https:\/\/tienda.rigelec.com.ar\/index.php?rest_route=%2Fwp%2Fv2%2Fmedia&parent=20879"}],"wp:term":[{"taxonomy":"product_brand","embeddable":true,"href":"https:\/\/tienda.rigelec.com.ar\/index.php?rest_route=%2Fwp%2Fv2%2Fproduct_brand&post=20879"},{"taxonomy":"product_cat","embeddable":true,"href":"https:\/\/tienda.rigelec.com.ar\/index.php?rest_route=%2Fwp%2Fv2%2Fproduct_cat&post=20879"},{"taxonomy":"product_tag","embeddable":true,"href":"https:\/\/tienda.rigelec.com.ar\/index.php?rest_route=%2Fwp%2Fv2%2Fproduct_tag&post=20879"}],"curies":[{"name":"wp","href":"https:\/\/api.w.org\/{rel}","templated":true}]}}