{"id":20901,"date":"2024-12-19T12:08:04","date_gmt":"2024-12-19T15:08:04","guid":{"rendered":"https:\/\/tienda.test.rigelec.com.ar\/?product=cartel-luminoso-salida-de-emergencia-csl-emergencia-1w-356x192x30mm"},"modified":"2026-05-03T19:16:50","modified_gmt":"2026-05-03T22:16:50","slug":"cartel-luminoso-macroled-salida-de-emergencia-csl-emergencia-1w-356x192x30mm","status":"publish","type":"product","link":"https:\/\/tienda.rigelec.com.ar\/?product=cartel-luminoso-macroled-salida-de-emergencia-csl-emergencia-1w-356x192x30mm","title":{"rendered":"CARTEL LUMINOSO SALIDA DE EMERGENCIA CSL-EMERGENCIA 1W &#8211; 356X192X30MM"},"content":{"rendered":"<p data-start=\"559\" data-end=\"779\">El <strong data-start=\"562\" data-end=\"620\">Cartel Luminoso Salida de Emergencia CSL-EMERGENCIA 1W<\/strong> de <strong data-start=\"624\" data-end=\"636\">Macroled<\/strong> ofrece <strong data-start=\"644\" data-end=\"677\">se\u00f1alizaci\u00f3n segura y visible<\/strong> para situaciones de emergencia, cumpliendo con los est\u00e1ndares de seguridad y eficiencia energ\u00e9tica.<\/p>\n<p data-start=\"781\" data-end=\"1092\">Con un dise\u00f1o <strong data-start=\"795\" data-end=\"817\">compacto y moderno<\/strong>, sus dimensiones son <strong data-start=\"839\" data-end=\"855\">356x192x30mm<\/strong>, utilizando tecnolog\u00eda LED de <strong data-start=\"886\" data-end=\"907\">bajo consumo (1W)<\/strong>, lo que asegura durabilidad y visibilidad incluso en condiciones de poca luz. Su instalaci\u00f3n es r\u00e1pida y sencilla, ideal para <strong data-start=\"1034\" data-end=\"1089\">oficinas, comercios, industrias y espacios p\u00fablicos<\/strong>.<\/p>\n<p data-start=\"1094\" data-end=\"1217\">Este cartel combina <strong data-start=\"1114\" data-end=\"1142\">funcionalidad y est\u00e9tica<\/strong>, garantizando seguridad y se\u00f1alizaci\u00f3n profesional en cualquier entorno.<\/p>\n<h2 data-start=\"1224\" data-end=\"1259\"><strong data-start=\"1227\" data-end=\"1257\">Caracter\u00edsticas<\/strong><\/h2>\n<ul data-start=\"1260\" data-end=\"1591\">\n<li data-start=\"1260\" data-end=\"1283\">\n<p data-start=\"1262\" data-end=\"1283\"><strong data-start=\"1262\" data-end=\"1272\">Marca:<\/strong> Macroled<\/p>\n<\/li>\n<li data-start=\"1284\" data-end=\"1314\">\n<p data-start=\"1286\" data-end=\"1314\"><strong data-start=\"1286\" data-end=\"1297\">Modelo:<\/strong> CSL-EMERGENCIA<\/p>\n<\/li>\n<li data-start=\"1315\" data-end=\"1335\">\n<p data-start=\"1317\" data-end=\"1335\"><strong data-start=\"1317\" data-end=\"1330\">Potencia:<\/strong> 1W<\/p>\n<\/li>\n<li data-start=\"1336\" data-end=\"1370\">\n<p data-start=\"1338\" data-end=\"1370\"><strong data-start=\"1338\" data-end=\"1354\">Dimensiones:<\/strong> 356x192x30 mm<\/p>\n<\/li>\n<li data-start=\"1371\" data-end=\"1430\">\n<p data-start=\"1373\" data-end=\"1430\"><strong data-start=\"1373\" data-end=\"1382\">Tipo:<\/strong> Cartel luminoso de se\u00f1alizaci\u00f3n de emergencia<\/p>\n<\/li>\n<li data-start=\"1431\" data-end=\"1466\">\n<p data-start=\"1433\" data-end=\"1466\"><strong data-start=\"1433\" data-end=\"1449\">Instalaci\u00f3n:<\/strong> F\u00e1cil y r\u00e1pida<\/p>\n<\/li>\n<li data-start=\"1467\" data-end=\"1495\">\n<p data-start=\"1469\" data-end=\"1495\"><strong data-start=\"1469\" data-end=\"1484\">Aplicaci\u00f3n:<\/strong> Interior<\/p>\n<\/li>\n<li data-start=\"1496\" data-end=\"1556\">\n<p data-start=\"1498\" data-end=\"1556\"><strong data-start=\"1498\" data-end=\"1514\">Visibilidad:<\/strong> Alta, incluso en ambientes con poca luz<\/p>\n<\/li>\n<li data-start=\"1557\" data-end=\"1591\">\n<p data-start=\"1559\" data-end=\"1591\"><strong data-start=\"1559\" data-end=\"1570\">Estilo:<\/strong> Moderno y compacto<\/p>\n<\/li>\n<\/ul>\n<h2 data-start=\"1598\" data-end=\"1632\"><strong data-start=\"1601\" data-end=\"1630\">Aplicaciones recomendadas<\/strong><\/h2>\n<ul data-start=\"1633\" data-end=\"1904\">\n<li data-start=\"1633\" data-end=\"1710\">\n<p data-start=\"1635\" data-end=\"1710\">Se\u00f1alizaci\u00f3n de salidas de emergencia en oficinas, comercios e industrias<\/p>\n<\/li>\n<li data-start=\"1711\" data-end=\"1781\">\n<p data-start=\"1713\" data-end=\"1781\">Instalaciones p\u00fablicas que requieran se\u00f1alizaci\u00f3n visible y segura<\/p>\n<\/li>\n<li data-start=\"1782\" data-end=\"1845\">\n<p data-start=\"1784\" data-end=\"1845\">Proyectos que necesiten eficiencia energ\u00e9tica y durabilidad<\/p>\n<\/li>\n<li data-start=\"1846\" data-end=\"1904\">\n<p data-start=\"1848\" data-end=\"1904\">Ambientes que busquen un acabado profesional y moderno<\/p>\n<\/li>\n<\/ul>\n<p><a href=\"https:\/\/www.macroled.com.ar\/luminaria-interior\/7428325574960\">https:\/\/www.macroled.com.ar\/luminaria-interior\/7428325574960<\/a><\/p>\n","protected":false},"excerpt":{"rendered":"<p>Se\u00f1al luminosa de salida de emergencia, lista para instalar. Con accesorios de fijaci\u00f3n y suspenci\u00f3n inclu\u00eddos. Autonom\u00eda de 3hs. Bater\u00eda de Litio de 3.7V 800mAh.<br \/>\nTensi\u00f3n: AC220-240V<br \/>\nPotencia: 1 m\u00e1x.<br \/>\nFrecuencia: 50\/60Hz<br \/>\nClase: 2<br \/>\nTemperatura de Trabajo: 0\u00b0-40\u00b0C<br \/>\nSeguridad: Ign\u00edfugo ABS, Nivel: V-0<br \/>\nDimensiones: 356x192x30mm<\/p>\n","protected":false},"featured_media":20902,"comment_status":"open","ping_status":"closed","template":"","meta":{"_monsterinsights_skip_tracking":false,"_monsterinsights_sitenote_active":false,"_monsterinsights_sitenote_note":"","_monsterinsights_sitenote_category":0},"product_brand":[],"product_cat":[190],"product_tag":[146],"class_list":{"0":"post-20901","1":"product","2":"type-product","3":"status-publish","4":"has-post-thumbnail","6":"product_cat-c-senalizacion-y-emergencia","7":"product_tag-macroled","9":"first","10":"outofstock","11":"shipping-taxable","12":"purchasable","13":"product-type-simple"},"yoast_head":"<!-- This site is optimized with the Yoast SEO plugin v25.3.1 - https:\/\/yoast.com\/wordpress\/plugins\/seo\/ -->\n<title>Tienda Rigelec Cartel Luminoso Macroled Salida de Emergencia<\/title>\n<meta name=\"description\" content=\"Cartel luminoso Macroled CSL-EMERGENCIA 1W (356x192x30mm) para se\u00f1alizar salidas de emergencia. Bajo consumo, f\u00e1cil instalaci\u00f3n y alta visibilidad.\" \/>\n<meta name=\"robots\" content=\"index, follow, max-snippet:-1, max-image-preview:large, max-video-preview:-1\" \/>\n<link rel=\"canonical\" href=\"https:\/\/tienda.rigelec.com.ar\/?product=cartel-luminoso-macroled-salida-de-emergencia-csl-emergencia-1w-356x192x30mm\" \/>\n<meta property=\"og:locale\" content=\"es_ES\" \/>\n<meta property=\"og:type\" content=\"article\" \/>\n<meta property=\"og:title\" content=\"Tienda Rigelec Cartel Luminoso Macroled Salida de Emergencia\" \/>\n<meta property=\"og:description\" content=\"Cartel luminoso Macroled CSL-EMERGENCIA 1W (356x192x30mm) para se\u00f1alizar salidas de emergencia. Bajo consumo, f\u00e1cil instalaci\u00f3n y alta visibilidad.\" \/>\n<meta property=\"og:url\" content=\"https:\/\/tienda.rigelec.com.ar\/?product=cartel-luminoso-macroled-salida-de-emergencia-csl-emergencia-1w-356x192x30mm\" \/>\n<meta property=\"og:site_name\" content=\"Tienda Rigelec\" \/>\n<meta property=\"article:modified_time\" content=\"2026-05-03T22:16:50+00:00\" \/>\n<meta property=\"og:image\" content=\"https:\/\/tienda.rigelec.com.ar\/wp-content\/uploads\/2024\/12\/CARTELLUMINOSOSALIDADEEMERGENCIA.jpg\" \/>\n\t<meta property=\"og:image:width\" content=\"1080\" \/>\n\t<meta property=\"og:image:height\" content=\"1080\" \/>\n\t<meta property=\"og:image:type\" content=\"image\/jpeg\" \/>\n<meta name=\"twitter:card\" content=\"summary_large_image\" \/>\n<meta name=\"twitter:label1\" content=\"Tiempo de lectura\" \/>\n\t<meta name=\"twitter:data1\" content=\"1 minuto\" \/>\n<script type=\"application\/ld+json\" class=\"yoast-schema-graph\">{\"@context\":\"https:\/\/schema.org\",\"@graph\":[{\"@type\":\"WebPage\",\"@id\":\"https:\/\/tienda.rigelec.com.ar\/?product=cartel-luminoso-macroled-salida-de-emergencia-csl-emergencia-1w-356x192x30mm\",\"url\":\"https:\/\/tienda.rigelec.com.ar\/?product=cartel-luminoso-macroled-salida-de-emergencia-csl-emergencia-1w-356x192x30mm\",\"name\":\"Tienda Rigelec Cartel Luminoso Macroled Salida de Emergencia\",\"isPartOf\":{\"@id\":\"https:\/\/tienda.rigelec.com.ar\/#website\"},\"primaryImageOfPage\":{\"@id\":\"https:\/\/tienda.rigelec.com.ar\/?product=cartel-luminoso-macroled-salida-de-emergencia-csl-emergencia-1w-356x192x30mm#primaryimage\"},\"image\":{\"@id\":\"https:\/\/tienda.rigelec.com.ar\/?product=cartel-luminoso-macroled-salida-de-emergencia-csl-emergencia-1w-356x192x30mm#primaryimage\"},\"thumbnailUrl\":\"https:\/\/tienda.rigelec.com.ar\/wp-content\/uploads\/2024\/12\/CARTELLUMINOSOSALIDADEEMERGENCIA.jpg\",\"datePublished\":\"2024-12-19T15:08:04+00:00\",\"dateModified\":\"2026-05-03T22:16:50+00:00\",\"description\":\"Cartel luminoso Macroled CSL-EMERGENCIA 1W (356x192x30mm) para se\u00f1alizar salidas de emergencia. Bajo consumo, f\u00e1cil instalaci\u00f3n y alta visibilidad.\",\"breadcrumb\":{\"@id\":\"https:\/\/tienda.rigelec.com.ar\/?product=cartel-luminoso-macroled-salida-de-emergencia-csl-emergencia-1w-356x192x30mm#breadcrumb\"},\"inLanguage\":\"es-AR\",\"potentialAction\":[{\"@type\":\"ReadAction\",\"target\":[\"https:\/\/tienda.rigelec.com.ar\/?product=cartel-luminoso-macroled-salida-de-emergencia-csl-emergencia-1w-356x192x30mm\"]}]},{\"@type\":\"ImageObject\",\"inLanguage\":\"es-AR\",\"@id\":\"https:\/\/tienda.rigelec.com.ar\/?product=cartel-luminoso-macroled-salida-de-emergencia-csl-emergencia-1w-356x192x30mm#primaryimage\",\"url\":\"https:\/\/tienda.rigelec.com.ar\/wp-content\/uploads\/2024\/12\/CARTELLUMINOSOSALIDADEEMERGENCIA.jpg\",\"contentUrl\":\"https:\/\/tienda.rigelec.com.ar\/wp-content\/uploads\/2024\/12\/CARTELLUMINOSOSALIDADEEMERGENCIA.jpg\",\"width\":1080,\"height\":1080},{\"@type\":\"BreadcrumbList\",\"@id\":\"https:\/\/tienda.rigelec.com.ar\/?product=cartel-luminoso-macroled-salida-de-emergencia-csl-emergencia-1w-356x192x30mm#breadcrumb\",\"itemListElement\":[{\"@type\":\"ListItem\",\"position\":1,\"name\":\"Inicio\",\"item\":\"https:\/\/tienda.rigelec.com.ar\/\"},{\"@type\":\"ListItem\",\"position\":2,\"name\":\"Shop\",\"item\":\"https:\/\/tienda.rigelec.com.ar\/?page_id=12\"},{\"@type\":\"ListItem\",\"position\":3,\"name\":\"CARTEL LUMINOSO SALIDA DE EMERGENCIA CSL-EMERGENCIA 1W &#8211; 356X192X30MM\"}]},{\"@type\":\"WebSite\",\"@id\":\"https:\/\/tienda.rigelec.com.ar\/#website\",\"url\":\"https:\/\/tienda.rigelec.com.ar\/\",\"name\":\"Tienda Rigelec\",\"description\":\"Energia en movimiento\",\"publisher\":{\"@id\":\"https:\/\/tienda.rigelec.com.ar\/#organization\"},\"potentialAction\":[{\"@type\":\"SearchAction\",\"target\":{\"@type\":\"EntryPoint\",\"urlTemplate\":\"https:\/\/tienda.rigelec.com.ar\/?s={search_term_string}\"},\"query-input\":{\"@type\":\"PropertyValueSpecification\",\"valueRequired\":true,\"valueName\":\"search_term_string\"}}],\"inLanguage\":\"es-AR\"},{\"@type\":\"Organization\",\"@id\":\"https:\/\/tienda.rigelec.com.ar\/#organization\",\"name\":\"Tienda Rigelec\",\"url\":\"https:\/\/tienda.rigelec.com.ar\/\",\"logo\":{\"@type\":\"ImageObject\",\"inLanguage\":\"es-AR\",\"@id\":\"https:\/\/tienda.rigelec.com.ar\/#\/schema\/logo\/image\/\",\"url\":\"https:\/\/tienda.rigelec.com.ar\/wp-content\/uploads\/2024\/09\/isologo-blanco-rigelec.png\",\"contentUrl\":\"https:\/\/tienda.rigelec.com.ar\/wp-content\/uploads\/2024\/09\/isologo-blanco-rigelec.png\",\"width\":94,\"height\":97,\"caption\":\"Tienda Rigelec\"},\"image\":{\"@id\":\"https:\/\/tienda.rigelec.com.ar\/#\/schema\/logo\/image\/\"}}]}<\/script>\n<!-- \/ Yoast SEO plugin. -->","yoast_head_json":{"title":"Tienda Rigelec Cartel Luminoso Macroled Salida de Emergencia","description":"Cartel luminoso Macroled CSL-EMERGENCIA 1W (356x192x30mm) para se\u00f1alizar salidas de emergencia. Bajo consumo, f\u00e1cil instalaci\u00f3n y alta visibilidad.","robots":{"index":"index","follow":"follow","max-snippet":"max-snippet:-1","max-image-preview":"max-image-preview:large","max-video-preview":"max-video-preview:-1"},"canonical":"https:\/\/tienda.rigelec.com.ar\/?product=cartel-luminoso-macroled-salida-de-emergencia-csl-emergencia-1w-356x192x30mm","og_locale":"es_ES","og_type":"article","og_title":"Tienda Rigelec Cartel Luminoso Macroled Salida de Emergencia","og_description":"Cartel luminoso Macroled CSL-EMERGENCIA 1W (356x192x30mm) para se\u00f1alizar salidas de emergencia. Bajo consumo, f\u00e1cil instalaci\u00f3n y alta visibilidad.","og_url":"https:\/\/tienda.rigelec.com.ar\/?product=cartel-luminoso-macroled-salida-de-emergencia-csl-emergencia-1w-356x192x30mm","og_site_name":"Tienda Rigelec","article_modified_time":"2026-05-03T22:16:50+00:00","og_image":[{"width":1080,"height":1080,"url":"https:\/\/tienda.rigelec.com.ar\/wp-content\/uploads\/2024\/12\/CARTELLUMINOSOSALIDADEEMERGENCIA.jpg","type":"image\/jpeg"}],"twitter_card":"summary_large_image","twitter_misc":{"Tiempo de lectura":"1 minuto"},"schema":{"@context":"https:\/\/schema.org","@graph":[{"@type":"WebPage","@id":"https:\/\/tienda.rigelec.com.ar\/?product=cartel-luminoso-macroled-salida-de-emergencia-csl-emergencia-1w-356x192x30mm","url":"https:\/\/tienda.rigelec.com.ar\/?product=cartel-luminoso-macroled-salida-de-emergencia-csl-emergencia-1w-356x192x30mm","name":"Tienda Rigelec Cartel Luminoso Macroled Salida de Emergencia","isPartOf":{"@id":"https:\/\/tienda.rigelec.com.ar\/#website"},"primaryImageOfPage":{"@id":"https:\/\/tienda.rigelec.com.ar\/?product=cartel-luminoso-macroled-salida-de-emergencia-csl-emergencia-1w-356x192x30mm#primaryimage"},"image":{"@id":"https:\/\/tienda.rigelec.com.ar\/?product=cartel-luminoso-macroled-salida-de-emergencia-csl-emergencia-1w-356x192x30mm#primaryimage"},"thumbnailUrl":"https:\/\/tienda.rigelec.com.ar\/wp-content\/uploads\/2024\/12\/CARTELLUMINOSOSALIDADEEMERGENCIA.jpg","datePublished":"2024-12-19T15:08:04+00:00","dateModified":"2026-05-03T22:16:50+00:00","description":"Cartel luminoso Macroled CSL-EMERGENCIA 1W (356x192x30mm) para se\u00f1alizar salidas de emergencia. Bajo consumo, f\u00e1cil instalaci\u00f3n y alta visibilidad.","breadcrumb":{"@id":"https:\/\/tienda.rigelec.com.ar\/?product=cartel-luminoso-macroled-salida-de-emergencia-csl-emergencia-1w-356x192x30mm#breadcrumb"},"inLanguage":"es-AR","potentialAction":[{"@type":"ReadAction","target":["https:\/\/tienda.rigelec.com.ar\/?product=cartel-luminoso-macroled-salida-de-emergencia-csl-emergencia-1w-356x192x30mm"]}]},{"@type":"ImageObject","inLanguage":"es-AR","@id":"https:\/\/tienda.rigelec.com.ar\/?product=cartel-luminoso-macroled-salida-de-emergencia-csl-emergencia-1w-356x192x30mm#primaryimage","url":"https:\/\/tienda.rigelec.com.ar\/wp-content\/uploads\/2024\/12\/CARTELLUMINOSOSALIDADEEMERGENCIA.jpg","contentUrl":"https:\/\/tienda.rigelec.com.ar\/wp-content\/uploads\/2024\/12\/CARTELLUMINOSOSALIDADEEMERGENCIA.jpg","width":1080,"height":1080},{"@type":"BreadcrumbList","@id":"https:\/\/tienda.rigelec.com.ar\/?product=cartel-luminoso-macroled-salida-de-emergencia-csl-emergencia-1w-356x192x30mm#breadcrumb","itemListElement":[{"@type":"ListItem","position":1,"name":"Inicio","item":"https:\/\/tienda.rigelec.com.ar\/"},{"@type":"ListItem","position":2,"name":"Shop","item":"https:\/\/tienda.rigelec.com.ar\/?page_id=12"},{"@type":"ListItem","position":3,"name":"CARTEL LUMINOSO SALIDA DE EMERGENCIA CSL-EMERGENCIA 1W &#8211; 356X192X30MM"}]},{"@type":"WebSite","@id":"https:\/\/tienda.rigelec.com.ar\/#website","url":"https:\/\/tienda.rigelec.com.ar\/","name":"Tienda Rigelec","description":"Energia en movimiento","publisher":{"@id":"https:\/\/tienda.rigelec.com.ar\/#organization"},"potentialAction":[{"@type":"SearchAction","target":{"@type":"EntryPoint","urlTemplate":"https:\/\/tienda.rigelec.com.ar\/?s={search_term_string}"},"query-input":{"@type":"PropertyValueSpecification","valueRequired":true,"valueName":"search_term_string"}}],"inLanguage":"es-AR"},{"@type":"Organization","@id":"https:\/\/tienda.rigelec.com.ar\/#organization","name":"Tienda Rigelec","url":"https:\/\/tienda.rigelec.com.ar\/","logo":{"@type":"ImageObject","inLanguage":"es-AR","@id":"https:\/\/tienda.rigelec.com.ar\/#\/schema\/logo\/image\/","url":"https:\/\/tienda.rigelec.com.ar\/wp-content\/uploads\/2024\/09\/isologo-blanco-rigelec.png","contentUrl":"https:\/\/tienda.rigelec.com.ar\/wp-content\/uploads\/2024\/09\/isologo-blanco-rigelec.png","width":94,"height":97,"caption":"Tienda Rigelec"},"image":{"@id":"https:\/\/tienda.rigelec.com.ar\/#\/schema\/logo\/image\/"}}]}},"jetpack_sharing_enabled":true,"_links":{"self":[{"href":"https:\/\/tienda.rigelec.com.ar\/index.php?rest_route=\/wp\/v2\/product\/20901","targetHints":{"allow":["GET"]}}],"collection":[{"href":"https:\/\/tienda.rigelec.com.ar\/index.php?rest_route=\/wp\/v2\/product"}],"about":[{"href":"https:\/\/tienda.rigelec.com.ar\/index.php?rest_route=\/wp\/v2\/types\/product"}],"replies":[{"embeddable":true,"href":"https:\/\/tienda.rigelec.com.ar\/index.php?rest_route=%2Fwp%2Fv2%2Fcomments&post=20901"}],"wp:featuredmedia":[{"embeddable":true,"href":"https:\/\/tienda.rigelec.com.ar\/index.php?rest_route=\/wp\/v2\/media\/20902"}],"wp:attachment":[{"href":"https:\/\/tienda.rigelec.com.ar\/index.php?rest_route=%2Fwp%2Fv2%2Fmedia&parent=20901"}],"wp:term":[{"taxonomy":"product_brand","embeddable":true,"href":"https:\/\/tienda.rigelec.com.ar\/index.php?rest_route=%2Fwp%2Fv2%2Fproduct_brand&post=20901"},{"taxonomy":"product_cat","embeddable":true,"href":"https:\/\/tienda.rigelec.com.ar\/index.php?rest_route=%2Fwp%2Fv2%2Fproduct_cat&post=20901"},{"taxonomy":"product_tag","embeddable":true,"href":"https:\/\/tienda.rigelec.com.ar\/index.php?rest_route=%2Fwp%2Fv2%2Fproduct_tag&post=20901"}],"curies":[{"name":"wp","href":"https:\/\/api.w.org\/{rel}","templated":true}]}}