{"id":20967,"date":"2024-12-19T12:12:33","date_gmt":"2024-12-19T15:12:33","guid":{"rendered":"https:\/\/tienda.test.rigelec.com.ar\/?product=reflector-led-pro-luz-calida-ip65-200w-23000lm"},"modified":"2026-04-30T23:28:54","modified_gmt":"2026-05-01T02:28:54","slug":"reflector-led-pro-luz-calida","status":"publish","type":"product","link":"https:\/\/tienda.rigelec.com.ar\/?product=reflector-led-pro-luz-calida","title":{"rendered":"REFLECTOR LED PRO LUZ CALIDA IP65 200W &#8211; 23000LM"},"content":{"rendered":"<p>REFLECTOR LED PRO LUZ CALIDA<\/p>\n<h3 data-start=\"202\" data-end=\"267\"><strong data-start=\"206\" data-end=\"267\">Reflector LED PRO 200W Luz C\u00e1lida \u2013 IP65 | 23.000 l\u00famenes<\/strong><\/h3>\n<p data-start=\"269\" data-end=\"597\">El <strong data-start=\"272\" data-end=\"312\">Reflector LED PRO 200W de luz c\u00e1lida<\/strong> es la opci\u00f3n ideal para quienes buscan una iluminaci\u00f3n potente, eficiente y duradera en exteriores o espacios amplios. Gracias a sus 23.000 l\u00famenes, es capaz de reemplazar hasta <strong data-start=\"491\" data-end=\"526\">8 reflectores hal\u00f3genos de 200W<\/strong>, generando un importante ahorro energ\u00e9tico sin sacrificar luminosidad.<\/p>\n<p data-start=\"599\" data-end=\"907\">Con grado de protecci\u00f3n <strong data-start=\"623\" data-end=\"631\">IP65<\/strong>, este reflector est\u00e1 preparado para resistir polvo, lluvia y condiciones adversas, lo que lo convierte en una excelente alternativa para patios, jardines, fachadas, galpones, obras o carteler\u00eda. Su dise\u00f1o robusto incluye carcasa de aluminio y protecci\u00f3n IK08 contra impactos.<\/p>\n<p data-start=\"909\" data-end=\"938\"><strong data-start=\"909\" data-end=\"938\">Caracter\u00edsticas t\u00e9cnicas:<\/strong><\/p>\n<ul data-start=\"939\" data-end=\"1330\">\n<li data-start=\"939\" data-end=\"959\">\n<p data-start=\"941\" data-end=\"959\">Potencia: 200W<\/p>\n<\/li>\n<li data-start=\"960\" data-end=\"986\">\n<p data-start=\"962\" data-end=\"986\">Tensi\u00f3n: AC 100\u2013240V<\/p>\n<\/li>\n<li data-start=\"987\" data-end=\"1023\">\n<p data-start=\"989\" data-end=\"1023\">Flujo luminoso: 23.000 l\u00famenes<\/p>\n<\/li>\n<li data-start=\"1024\" data-end=\"1062\">\n<p data-start=\"1026\" data-end=\"1062\">Temperatura de color: Luz c\u00e1lida<\/p>\n<\/li>\n<li data-start=\"1063\" data-end=\"1115\">\n<p data-start=\"1065\" data-end=\"1115\">Reemplazo equivalente: 1600W hal\u00f3geno (8x200W)<\/p>\n<\/li>\n<li data-start=\"1116\" data-end=\"1143\">\n<p data-start=\"1118\" data-end=\"1143\">Conector: Cable (LNT)<\/p>\n<\/li>\n<li data-start=\"1144\" data-end=\"1176\">\n<p data-start=\"1146\" data-end=\"1176\">Corriente nominal: 1760 mA<\/p>\n<\/li>\n<li data-start=\"1177\" data-end=\"1206\">\n<p data-start=\"1179\" data-end=\"1206\">Factor de potencia: 0.9<\/p>\n<\/li>\n<li data-start=\"1207\" data-end=\"1250\">\n<p data-start=\"1209\" data-end=\"1250\">\u00cdndice de protecci\u00f3n: IP65 (exterior)<\/p>\n<\/li>\n<li data-start=\"1251\" data-end=\"1289\">\n<p data-start=\"1253\" data-end=\"1289\">Protecci\u00f3n contra impactos: IK08<\/p>\n<\/li>\n<li data-start=\"1290\" data-end=\"1330\">\n<p data-start=\"1292\" data-end=\"1330\">Distorsi\u00f3n arm\u00f3nica total (THD): \u2014<\/p>\n<\/li>\n<\/ul>\n<p data-start=\"1332\" data-end=\"1501\">Este reflector LED combina alto rendimiento con eficiencia energ\u00e9tica, ideal para proyectos de iluminaci\u00f3n exigentes. Aporta confort visual y seguridad con bajo consumo.<\/p>\n","protected":false},"excerpt":{"rendered":"<p>Potencia: 200W<br \/>\nTension: AC100-240V<br \/>\nReemplazo: x8 Halogeno 200W (1600W)<br \/>\nConector: Cable (LNT)<br \/>\nCorriente: 1760mA<br \/>\nFactor de Potencia: 0.9<br \/>\nProtecci\u00f3n IP: IP65<br \/>\nProtecci\u00f3n IK: IK08<br \/>\nTHD<\/p>\n","protected":false},"featured_media":30168,"comment_status":"open","ping_status":"closed","template":"","meta":{"_monsterinsights_skip_tracking":false,"_monsterinsights_sitenote_active":false,"_monsterinsights_sitenote_note":"","_monsterinsights_sitenote_category":0},"product_brand":[],"product_cat":[193],"product_tag":[146],"class_list":{"0":"post-20967","1":"product","2":"type-product","3":"status-publish","4":"has-post-thumbnail","6":"product_cat-1-led","7":"product_tag-macroled","9":"first","10":"outofstock","11":"shipping-taxable","12":"purchasable","13":"product-type-simple"},"yoast_head":"<!-- This site is optimized with the Yoast SEO plugin v25.3.1 - https:\/\/yoast.com\/wordpress\/plugins\/seo\/ -->\n<title>REFLECTOR LED PRO LUZ CALIDA IP65 200W - 23000LM - Tienda Rigelec<\/title>\n<meta name=\"description\" content=\"Tienda Rigelec REFLECTOR LED PRO LUZ CALIDA IP65 200W - 23000LM REFLECTOR LED PRO LUZ CALIDA IP65 200W - 23000LM Tienda Rigelec\" \/>\n<meta name=\"robots\" content=\"index, follow, max-snippet:-1, max-image-preview:large, max-video-preview:-1\" \/>\n<link rel=\"canonical\" href=\"https:\/\/tienda.rigelec.com.ar\/?product=reflector-led-pro-luz-calida\" \/>\n<meta property=\"og:locale\" content=\"es_ES\" \/>\n<meta property=\"og:type\" content=\"article\" \/>\n<meta property=\"og:title\" content=\"REFLECTOR LED PRO LUZ CALIDA IP65 200W - 23000LM - Tienda Rigelec\" \/>\n<meta property=\"og:description\" content=\"Tienda Rigelec REFLECTOR LED PRO LUZ CALIDA IP65 200W - 23000LM REFLECTOR LED PRO LUZ CALIDA IP65 200W - 23000LM Tienda Rigelec\" \/>\n<meta property=\"og:url\" content=\"https:\/\/tienda.rigelec.com.ar\/?product=reflector-led-pro-luz-calida\" \/>\n<meta property=\"og:site_name\" content=\"Tienda Rigelec\" \/>\n<meta property=\"article:modified_time\" content=\"2026-05-01T02:28:54+00:00\" \/>\n<meta property=\"og:image\" content=\"https:\/\/tienda.rigelec.com.ar\/wp-content\/uploads\/2024\/12\/23138.jpg\" \/>\n\t<meta property=\"og:image:width\" content=\"1080\" \/>\n\t<meta property=\"og:image:height\" content=\"1080\" \/>\n\t<meta property=\"og:image:type\" content=\"image\/jpeg\" \/>\n<meta name=\"twitter:card\" content=\"summary_large_image\" \/>\n<meta name=\"twitter:label1\" content=\"Tiempo de lectura\" \/>\n\t<meta name=\"twitter:data1\" content=\"2 minutos\" \/>\n<script type=\"application\/ld+json\" class=\"yoast-schema-graph\">{\"@context\":\"https:\/\/schema.org\",\"@graph\":[{\"@type\":\"WebPage\",\"@id\":\"https:\/\/tienda.rigelec.com.ar\/?product=reflector-led-pro-luz-calida\",\"url\":\"https:\/\/tienda.rigelec.com.ar\/?product=reflector-led-pro-luz-calida\",\"name\":\"REFLECTOR LED PRO LUZ CALIDA IP65 200W - 23000LM - Tienda Rigelec\",\"isPartOf\":{\"@id\":\"https:\/\/tienda.rigelec.com.ar\/#website\"},\"primaryImageOfPage\":{\"@id\":\"https:\/\/tienda.rigelec.com.ar\/?product=reflector-led-pro-luz-calida#primaryimage\"},\"image\":{\"@id\":\"https:\/\/tienda.rigelec.com.ar\/?product=reflector-led-pro-luz-calida#primaryimage\"},\"thumbnailUrl\":\"https:\/\/tienda.rigelec.com.ar\/wp-content\/uploads\/2024\/12\/23138.jpg\",\"datePublished\":\"2024-12-19T15:12:33+00:00\",\"dateModified\":\"2026-05-01T02:28:54+00:00\",\"description\":\"Tienda Rigelec REFLECTOR LED PRO LUZ CALIDA IP65 200W - 23000LM REFLECTOR LED PRO LUZ CALIDA IP65 200W - 23000LM Tienda Rigelec\",\"breadcrumb\":{\"@id\":\"https:\/\/tienda.rigelec.com.ar\/?product=reflector-led-pro-luz-calida#breadcrumb\"},\"inLanguage\":\"es-AR\",\"potentialAction\":[{\"@type\":\"ReadAction\",\"target\":[\"https:\/\/tienda.rigelec.com.ar\/?product=reflector-led-pro-luz-calida\"]}]},{\"@type\":\"ImageObject\",\"inLanguage\":\"es-AR\",\"@id\":\"https:\/\/tienda.rigelec.com.ar\/?product=reflector-led-pro-luz-calida#primaryimage\",\"url\":\"https:\/\/tienda.rigelec.com.ar\/wp-content\/uploads\/2024\/12\/23138.jpg\",\"contentUrl\":\"https:\/\/tienda.rigelec.com.ar\/wp-content\/uploads\/2024\/12\/23138.jpg\",\"width\":1080,\"height\":1080},{\"@type\":\"BreadcrumbList\",\"@id\":\"https:\/\/tienda.rigelec.com.ar\/?product=reflector-led-pro-luz-calida#breadcrumb\",\"itemListElement\":[{\"@type\":\"ListItem\",\"position\":1,\"name\":\"Inicio\",\"item\":\"https:\/\/tienda.rigelec.com.ar\/\"},{\"@type\":\"ListItem\",\"position\":2,\"name\":\"Shop\",\"item\":\"https:\/\/tienda.rigelec.com.ar\/?page_id=12\"},{\"@type\":\"ListItem\",\"position\":3,\"name\":\"REFLECTOR LED PRO LUZ CALIDA IP65 200W &#8211; 23000LM\"}]},{\"@type\":\"WebSite\",\"@id\":\"https:\/\/tienda.rigelec.com.ar\/#website\",\"url\":\"https:\/\/tienda.rigelec.com.ar\/\",\"name\":\"Tienda Rigelec\",\"description\":\"Energia en movimiento\",\"publisher\":{\"@id\":\"https:\/\/tienda.rigelec.com.ar\/#organization\"},\"potentialAction\":[{\"@type\":\"SearchAction\",\"target\":{\"@type\":\"EntryPoint\",\"urlTemplate\":\"https:\/\/tienda.rigelec.com.ar\/?s={search_term_string}\"},\"query-input\":{\"@type\":\"PropertyValueSpecification\",\"valueRequired\":true,\"valueName\":\"search_term_string\"}}],\"inLanguage\":\"es-AR\"},{\"@type\":\"Organization\",\"@id\":\"https:\/\/tienda.rigelec.com.ar\/#organization\",\"name\":\"Tienda Rigelec\",\"url\":\"https:\/\/tienda.rigelec.com.ar\/\",\"logo\":{\"@type\":\"ImageObject\",\"inLanguage\":\"es-AR\",\"@id\":\"https:\/\/tienda.rigelec.com.ar\/#\/schema\/logo\/image\/\",\"url\":\"https:\/\/tienda.rigelec.com.ar\/wp-content\/uploads\/2024\/09\/isologo-blanco-rigelec.png\",\"contentUrl\":\"https:\/\/tienda.rigelec.com.ar\/wp-content\/uploads\/2024\/09\/isologo-blanco-rigelec.png\",\"width\":94,\"height\":97,\"caption\":\"Tienda Rigelec\"},\"image\":{\"@id\":\"https:\/\/tienda.rigelec.com.ar\/#\/schema\/logo\/image\/\"}}]}<\/script>\n<!-- \/ Yoast SEO plugin. -->","yoast_head_json":{"title":"REFLECTOR LED PRO LUZ CALIDA IP65 200W - 23000LM - Tienda Rigelec","description":"Tienda Rigelec REFLECTOR LED PRO LUZ CALIDA IP65 200W - 23000LM REFLECTOR LED PRO LUZ CALIDA IP65 200W - 23000LM Tienda Rigelec","robots":{"index":"index","follow":"follow","max-snippet":"max-snippet:-1","max-image-preview":"max-image-preview:large","max-video-preview":"max-video-preview:-1"},"canonical":"https:\/\/tienda.rigelec.com.ar\/?product=reflector-led-pro-luz-calida","og_locale":"es_ES","og_type":"article","og_title":"REFLECTOR LED PRO LUZ CALIDA IP65 200W - 23000LM - Tienda Rigelec","og_description":"Tienda Rigelec REFLECTOR LED PRO LUZ CALIDA IP65 200W - 23000LM REFLECTOR LED PRO LUZ CALIDA IP65 200W - 23000LM Tienda Rigelec","og_url":"https:\/\/tienda.rigelec.com.ar\/?product=reflector-led-pro-luz-calida","og_site_name":"Tienda Rigelec","article_modified_time":"2026-05-01T02:28:54+00:00","og_image":[{"width":1080,"height":1080,"url":"https:\/\/tienda.rigelec.com.ar\/wp-content\/uploads\/2024\/12\/23138.jpg","type":"image\/jpeg"}],"twitter_card":"summary_large_image","twitter_misc":{"Tiempo de lectura":"2 minutos"},"schema":{"@context":"https:\/\/schema.org","@graph":[{"@type":"WebPage","@id":"https:\/\/tienda.rigelec.com.ar\/?product=reflector-led-pro-luz-calida","url":"https:\/\/tienda.rigelec.com.ar\/?product=reflector-led-pro-luz-calida","name":"REFLECTOR LED PRO LUZ CALIDA IP65 200W - 23000LM - Tienda Rigelec","isPartOf":{"@id":"https:\/\/tienda.rigelec.com.ar\/#website"},"primaryImageOfPage":{"@id":"https:\/\/tienda.rigelec.com.ar\/?product=reflector-led-pro-luz-calida#primaryimage"},"image":{"@id":"https:\/\/tienda.rigelec.com.ar\/?product=reflector-led-pro-luz-calida#primaryimage"},"thumbnailUrl":"https:\/\/tienda.rigelec.com.ar\/wp-content\/uploads\/2024\/12\/23138.jpg","datePublished":"2024-12-19T15:12:33+00:00","dateModified":"2026-05-01T02:28:54+00:00","description":"Tienda Rigelec REFLECTOR LED PRO LUZ CALIDA IP65 200W - 23000LM REFLECTOR LED PRO LUZ CALIDA IP65 200W - 23000LM Tienda Rigelec","breadcrumb":{"@id":"https:\/\/tienda.rigelec.com.ar\/?product=reflector-led-pro-luz-calida#breadcrumb"},"inLanguage":"es-AR","potentialAction":[{"@type":"ReadAction","target":["https:\/\/tienda.rigelec.com.ar\/?product=reflector-led-pro-luz-calida"]}]},{"@type":"ImageObject","inLanguage":"es-AR","@id":"https:\/\/tienda.rigelec.com.ar\/?product=reflector-led-pro-luz-calida#primaryimage","url":"https:\/\/tienda.rigelec.com.ar\/wp-content\/uploads\/2024\/12\/23138.jpg","contentUrl":"https:\/\/tienda.rigelec.com.ar\/wp-content\/uploads\/2024\/12\/23138.jpg","width":1080,"height":1080},{"@type":"BreadcrumbList","@id":"https:\/\/tienda.rigelec.com.ar\/?product=reflector-led-pro-luz-calida#breadcrumb","itemListElement":[{"@type":"ListItem","position":1,"name":"Inicio","item":"https:\/\/tienda.rigelec.com.ar\/"},{"@type":"ListItem","position":2,"name":"Shop","item":"https:\/\/tienda.rigelec.com.ar\/?page_id=12"},{"@type":"ListItem","position":3,"name":"REFLECTOR LED PRO LUZ CALIDA IP65 200W &#8211; 23000LM"}]},{"@type":"WebSite","@id":"https:\/\/tienda.rigelec.com.ar\/#website","url":"https:\/\/tienda.rigelec.com.ar\/","name":"Tienda Rigelec","description":"Energia en movimiento","publisher":{"@id":"https:\/\/tienda.rigelec.com.ar\/#organization"},"potentialAction":[{"@type":"SearchAction","target":{"@type":"EntryPoint","urlTemplate":"https:\/\/tienda.rigelec.com.ar\/?s={search_term_string}"},"query-input":{"@type":"PropertyValueSpecification","valueRequired":true,"valueName":"search_term_string"}}],"inLanguage":"es-AR"},{"@type":"Organization","@id":"https:\/\/tienda.rigelec.com.ar\/#organization","name":"Tienda Rigelec","url":"https:\/\/tienda.rigelec.com.ar\/","logo":{"@type":"ImageObject","inLanguage":"es-AR","@id":"https:\/\/tienda.rigelec.com.ar\/#\/schema\/logo\/image\/","url":"https:\/\/tienda.rigelec.com.ar\/wp-content\/uploads\/2024\/09\/isologo-blanco-rigelec.png","contentUrl":"https:\/\/tienda.rigelec.com.ar\/wp-content\/uploads\/2024\/09\/isologo-blanco-rigelec.png","width":94,"height":97,"caption":"Tienda Rigelec"},"image":{"@id":"https:\/\/tienda.rigelec.com.ar\/#\/schema\/logo\/image\/"}}]}},"jetpack_sharing_enabled":true,"_links":{"self":[{"href":"https:\/\/tienda.rigelec.com.ar\/index.php?rest_route=\/wp\/v2\/product\/20967","targetHints":{"allow":["GET"]}}],"collection":[{"href":"https:\/\/tienda.rigelec.com.ar\/index.php?rest_route=\/wp\/v2\/product"}],"about":[{"href":"https:\/\/tienda.rigelec.com.ar\/index.php?rest_route=\/wp\/v2\/types\/product"}],"replies":[{"embeddable":true,"href":"https:\/\/tienda.rigelec.com.ar\/index.php?rest_route=%2Fwp%2Fv2%2Fcomments&post=20967"}],"wp:featuredmedia":[{"embeddable":true,"href":"https:\/\/tienda.rigelec.com.ar\/index.php?rest_route=\/wp\/v2\/media\/30168"}],"wp:attachment":[{"href":"https:\/\/tienda.rigelec.com.ar\/index.php?rest_route=%2Fwp%2Fv2%2Fmedia&parent=20967"}],"wp:term":[{"taxonomy":"product_brand","embeddable":true,"href":"https:\/\/tienda.rigelec.com.ar\/index.php?rest_route=%2Fwp%2Fv2%2Fproduct_brand&post=20967"},{"taxonomy":"product_cat","embeddable":true,"href":"https:\/\/tienda.rigelec.com.ar\/index.php?rest_route=%2Fwp%2Fv2%2Fproduct_cat&post=20967"},{"taxonomy":"product_tag","embeddable":true,"href":"https:\/\/tienda.rigelec.com.ar\/index.php?rest_route=%2Fwp%2Fv2%2Fproduct_tag&post=20967"}],"curies":[{"name":"wp","href":"https:\/\/api.w.org\/{rel}","templated":true}]}}