{"id":20969,"date":"2024-12-19T12:12:34","date_gmt":"2024-12-19T15:12:34","guid":{"rendered":"https:\/\/tienda.test.rigelec.com.ar\/?product=reflector-led-luz-fria-galponeras-150w-15000lm"},"modified":"2026-05-01T13:02:30","modified_gmt":"2026-05-01T16:02:30","slug":"reflector-led-galponera-macroled-150w-15000lm-luz-fria","status":"publish","type":"product","link":"https:\/\/tienda.rigelec.com.ar\/?product=reflector-led-galponera-macroled-150w-15000lm-luz-fria","title":{"rendered":"REFLECTOR LED LUZ FRIA GALPONERAS 150W &#8211; 15000LM"},"content":{"rendered":"<p data-start=\"499\" data-end=\"783\">El <strong data-start=\"502\" data-end=\"543\">Reflector LED Macroled Galponera 150W<\/strong> est\u00e1 dise\u00f1ado para ofrecer <strong data-start=\"571\" data-end=\"630\">m\u00e1xima potencia lum\u00ednica con gran eficiencia energ\u00e9tica<\/strong>. Con un flujo luminoso de <strong data-start=\"657\" data-end=\"686\">15000 l\u00famenes en luz fr\u00eda<\/strong>, proporciona una iluminaci\u00f3n intensa, clara y uniforme, perfecta para entornos de gran tama\u00f1o.<\/p>\n<p data-start=\"785\" data-end=\"1052\">Su dise\u00f1o robusto y <strong data-start=\"805\" data-end=\"841\">tecnolog\u00eda LED de larga duraci\u00f3n<\/strong> aseguran bajo mantenimiento y excelente rendimiento en el tiempo. Adem\u00e1s, al ser una <strong data-start=\"927\" data-end=\"958\">soluci\u00f3n de alta eficiencia<\/strong>, permite reducir significativamente el consumo el\u00e9ctrico frente a luminarias tradicionales.<\/p>\n<p data-start=\"1054\" data-end=\"1226\">Este reflector es la opci\u00f3n ideal para <strong data-start=\"1093\" data-end=\"1169\">naves industriales, galpones, talleres, dep\u00f3sitos y espacios comerciales<\/strong> donde se requiere una iluminaci\u00f3n potente y confiable.<\/p>\n<h2 data-start=\"1233\" data-end=\"1268\"><strong data-start=\"1236\" data-end=\"1266\">Caracter\u00edsticas<\/strong><\/h2>\n<ul data-start=\"1269\" data-end=\"1605\">\n<li data-start=\"1269\" data-end=\"1292\">\n<p data-start=\"1271\" data-end=\"1292\"><strong data-start=\"1271\" data-end=\"1281\">Marca:<\/strong> Macroled<\/p>\n<\/li>\n<li data-start=\"1293\" data-end=\"1327\">\n<p data-start=\"1295\" data-end=\"1327\"><strong data-start=\"1295\" data-end=\"1306\">Modelo:<\/strong> Galponera LED 150W<\/p>\n<\/li>\n<li data-start=\"1328\" data-end=\"1350\">\n<p data-start=\"1330\" data-end=\"1350\"><strong data-start=\"1330\" data-end=\"1343\">Potencia:<\/strong> 150W<\/p>\n<\/li>\n<li data-start=\"1351\" data-end=\"1383\">\n<p data-start=\"1353\" data-end=\"1383\"><strong data-start=\"1353\" data-end=\"1372\">Flujo luminoso:<\/strong> 15000 lm<\/p>\n<\/li>\n<li data-start=\"1384\" data-end=\"1422\">\n<p data-start=\"1386\" data-end=\"1422\"><strong data-start=\"1386\" data-end=\"1411\">Temperatura de color:<\/strong> Luz fr\u00eda<\/p>\n<\/li>\n<li data-start=\"1423\" data-end=\"1487\">\n<p data-start=\"1425\" data-end=\"1487\"><strong data-start=\"1425\" data-end=\"1451\">Eficiencia energ\u00e9tica:<\/strong> Alto rendimiento con bajo consumo<\/p>\n<\/li>\n<li data-start=\"1488\" data-end=\"1541\">\n<p data-start=\"1490\" data-end=\"1541\"><strong data-start=\"1490\" data-end=\"1515\">Vida \u00fatil prolongada:<\/strong> Tecnolog\u00eda LED duradera<\/p>\n<\/li>\n<li data-start=\"1542\" data-end=\"1605\">\n<p data-start=\"1544\" data-end=\"1605\"><strong data-start=\"1544\" data-end=\"1552\">Uso:<\/strong> Grandes espacios interiores y exteriores cubiertos<\/p>\n<\/li>\n<\/ul>\n<h2 data-start=\"1612\" data-end=\"1646\"><strong data-start=\"1615\" data-end=\"1644\">Aplicaciones recomendadas<\/strong><\/h2>\n<ul data-start=\"1647\" data-end=\"1831\">\n<li data-start=\"1647\" data-end=\"1672\">\n<p data-start=\"1649\" data-end=\"1672\">Galpones industriales<\/p>\n<\/li>\n<li data-start=\"1673\" data-end=\"1711\">\n<p data-start=\"1675\" data-end=\"1711\">Talleres mec\u00e1nicos y de producci\u00f3n<\/p>\n<\/li>\n<li data-start=\"1712\" data-end=\"1746\">\n<p data-start=\"1714\" data-end=\"1746\">Dep\u00f3sitos y centros log\u00edsticos<\/p>\n<\/li>\n<li data-start=\"1747\" data-end=\"1779\">\n<p data-start=\"1749\" data-end=\"1779\">Espacios comerciales amplios<\/p>\n<\/li>\n<li data-start=\"1780\" data-end=\"1831\">\n<p data-start=\"1782\" data-end=\"1831\">\u00c1reas de trabajo que requieran alta luminosidad<\/p>\n<\/li>\n<\/ul>\n<p><a href=\"https:\/\/www.macroled.com.ar\/luminaria-de-proyecto\/7428325575202\">https:\/\/www.macroled.com.ar\/luminaria-de-proyecto\/7428325575202<\/a><\/p>\n","protected":false},"excerpt":{"rendered":"<p>Highbay: 150W<br \/>\nTensi\u00f3n: AC100-240V<br \/>\nReemplazo: Hal\u00f3gena 200W<br \/>\nConector: Cable (LNT)<br \/>\nCorriente: 0.69A<br \/>\nFactor de Potencia: 0.9<br \/>\nProtecci\u00f3n IP: IP65<br \/>\nProtecci\u00f3n IK: IK08<br \/>\nTHD<\/p>\n","protected":false},"featured_media":20970,"comment_status":"open","ping_status":"closed","template":"","meta":{"_monsterinsights_skip_tracking":false,"_monsterinsights_sitenote_active":false,"_monsterinsights_sitenote_note":"","_monsterinsights_sitenote_category":0},"product_brand":[],"product_cat":[193],"product_tag":[146],"class_list":{"0":"post-20969","1":"product","2":"type-product","3":"status-publish","4":"has-post-thumbnail","6":"product_cat-1-led","7":"product_tag-macroled","9":"first","10":"instock","11":"shipping-taxable","12":"purchasable","13":"product-type-simple"},"yoast_head":"<!-- This site is optimized with the Yoast SEO plugin v25.3.1 - https:\/\/yoast.com\/wordpress\/plugins\/seo\/ -->\n<title>Tienda Rigelec Reflector LED Galponera Macroled 150W \u2013 15000lm Luz Fr\u00eda<\/title>\n<meta name=\"description\" content=\"Reflector LED Galponera Macroled 150W con 15000 l\u00famenes de luz fr\u00eda. Potente, eficiente y duradero. Ideal para galpones, talleres y grandes espacios.\" \/>\n<meta name=\"robots\" content=\"index, follow, max-snippet:-1, max-image-preview:large, max-video-preview:-1\" \/>\n<link rel=\"canonical\" href=\"https:\/\/tienda.rigelec.com.ar\/?product=reflector-led-galponera-macroled-150w-15000lm-luz-fria\" \/>\n<meta property=\"og:locale\" content=\"es_ES\" \/>\n<meta property=\"og:type\" content=\"article\" \/>\n<meta property=\"og:title\" content=\"Tienda Rigelec Reflector LED Galponera Macroled 150W \u2013 15000lm Luz Fr\u00eda\" \/>\n<meta property=\"og:description\" content=\"Reflector LED Galponera Macroled 150W con 15000 l\u00famenes de luz fr\u00eda. Potente, eficiente y duradero. Ideal para galpones, talleres y grandes espacios.\" \/>\n<meta property=\"og:url\" content=\"https:\/\/tienda.rigelec.com.ar\/?product=reflector-led-galponera-macroled-150w-15000lm-luz-fria\" \/>\n<meta property=\"og:site_name\" content=\"Tienda Rigelec\" \/>\n<meta property=\"article:modified_time\" content=\"2026-05-01T16:02:30+00:00\" \/>\n<meta property=\"og:image\" content=\"https:\/\/tienda.rigelec.com.ar\/wp-content\/uploads\/2024\/12\/REFLECTORLEDLUZFRIA-3.jpg\" \/>\n\t<meta property=\"og:image:width\" content=\"1080\" \/>\n\t<meta property=\"og:image:height\" content=\"1080\" \/>\n\t<meta property=\"og:image:type\" content=\"image\/jpeg\" \/>\n<meta name=\"twitter:card\" content=\"summary_large_image\" \/>\n<meta name=\"twitter:label1\" content=\"Tiempo de lectura\" \/>\n\t<meta name=\"twitter:data1\" content=\"1 minuto\" \/>\n<script type=\"application\/ld+json\" class=\"yoast-schema-graph\">{\"@context\":\"https:\/\/schema.org\",\"@graph\":[{\"@type\":\"WebPage\",\"@id\":\"https:\/\/tienda.rigelec.com.ar\/?product=reflector-led-galponera-macroled-150w-15000lm-luz-fria\",\"url\":\"https:\/\/tienda.rigelec.com.ar\/?product=reflector-led-galponera-macroled-150w-15000lm-luz-fria\",\"name\":\"Tienda Rigelec Reflector LED Galponera Macroled 150W \u2013 15000lm Luz Fr\u00eda\",\"isPartOf\":{\"@id\":\"https:\/\/tienda.rigelec.com.ar\/#website\"},\"primaryImageOfPage\":{\"@id\":\"https:\/\/tienda.rigelec.com.ar\/?product=reflector-led-galponera-macroled-150w-15000lm-luz-fria#primaryimage\"},\"image\":{\"@id\":\"https:\/\/tienda.rigelec.com.ar\/?product=reflector-led-galponera-macroled-150w-15000lm-luz-fria#primaryimage\"},\"thumbnailUrl\":\"https:\/\/tienda.rigelec.com.ar\/wp-content\/uploads\/2024\/12\/REFLECTORLEDLUZFRIA-3.jpg\",\"datePublished\":\"2024-12-19T15:12:34+00:00\",\"dateModified\":\"2026-05-01T16:02:30+00:00\",\"description\":\"Reflector LED Galponera Macroled 150W con 15000 l\u00famenes de luz fr\u00eda. Potente, eficiente y duradero. Ideal para galpones, talleres y grandes espacios.\",\"breadcrumb\":{\"@id\":\"https:\/\/tienda.rigelec.com.ar\/?product=reflector-led-galponera-macroled-150w-15000lm-luz-fria#breadcrumb\"},\"inLanguage\":\"es-AR\",\"potentialAction\":[{\"@type\":\"ReadAction\",\"target\":[\"https:\/\/tienda.rigelec.com.ar\/?product=reflector-led-galponera-macroled-150w-15000lm-luz-fria\"]}]},{\"@type\":\"ImageObject\",\"inLanguage\":\"es-AR\",\"@id\":\"https:\/\/tienda.rigelec.com.ar\/?product=reflector-led-galponera-macroled-150w-15000lm-luz-fria#primaryimage\",\"url\":\"https:\/\/tienda.rigelec.com.ar\/wp-content\/uploads\/2024\/12\/REFLECTORLEDLUZFRIA-3.jpg\",\"contentUrl\":\"https:\/\/tienda.rigelec.com.ar\/wp-content\/uploads\/2024\/12\/REFLECTORLEDLUZFRIA-3.jpg\",\"width\":1080,\"height\":1080},{\"@type\":\"BreadcrumbList\",\"@id\":\"https:\/\/tienda.rigelec.com.ar\/?product=reflector-led-galponera-macroled-150w-15000lm-luz-fria#breadcrumb\",\"itemListElement\":[{\"@type\":\"ListItem\",\"position\":1,\"name\":\"Inicio\",\"item\":\"https:\/\/tienda.rigelec.com.ar\/\"},{\"@type\":\"ListItem\",\"position\":2,\"name\":\"Shop\",\"item\":\"https:\/\/tienda.rigelec.com.ar\/?page_id=12\"},{\"@type\":\"ListItem\",\"position\":3,\"name\":\"REFLECTOR LED LUZ FRIA GALPONERAS 150W &#8211; 15000LM\"}]},{\"@type\":\"WebSite\",\"@id\":\"https:\/\/tienda.rigelec.com.ar\/#website\",\"url\":\"https:\/\/tienda.rigelec.com.ar\/\",\"name\":\"Tienda Rigelec\",\"description\":\"Energia en movimiento\",\"publisher\":{\"@id\":\"https:\/\/tienda.rigelec.com.ar\/#organization\"},\"potentialAction\":[{\"@type\":\"SearchAction\",\"target\":{\"@type\":\"EntryPoint\",\"urlTemplate\":\"https:\/\/tienda.rigelec.com.ar\/?s={search_term_string}\"},\"query-input\":{\"@type\":\"PropertyValueSpecification\",\"valueRequired\":true,\"valueName\":\"search_term_string\"}}],\"inLanguage\":\"es-AR\"},{\"@type\":\"Organization\",\"@id\":\"https:\/\/tienda.rigelec.com.ar\/#organization\",\"name\":\"Tienda Rigelec\",\"url\":\"https:\/\/tienda.rigelec.com.ar\/\",\"logo\":{\"@type\":\"ImageObject\",\"inLanguage\":\"es-AR\",\"@id\":\"https:\/\/tienda.rigelec.com.ar\/#\/schema\/logo\/image\/\",\"url\":\"https:\/\/tienda.rigelec.com.ar\/wp-content\/uploads\/2024\/09\/isologo-blanco-rigelec.png\",\"contentUrl\":\"https:\/\/tienda.rigelec.com.ar\/wp-content\/uploads\/2024\/09\/isologo-blanco-rigelec.png\",\"width\":94,\"height\":97,\"caption\":\"Tienda Rigelec\"},\"image\":{\"@id\":\"https:\/\/tienda.rigelec.com.ar\/#\/schema\/logo\/image\/\"}}]}<\/script>\n<!-- \/ Yoast SEO plugin. -->","yoast_head_json":{"title":"Tienda Rigelec Reflector LED Galponera Macroled 150W \u2013 15000lm Luz Fr\u00eda","description":"Reflector LED Galponera Macroled 150W con 15000 l\u00famenes de luz fr\u00eda. Potente, eficiente y duradero. Ideal para galpones, talleres y grandes espacios.","robots":{"index":"index","follow":"follow","max-snippet":"max-snippet:-1","max-image-preview":"max-image-preview:large","max-video-preview":"max-video-preview:-1"},"canonical":"https:\/\/tienda.rigelec.com.ar\/?product=reflector-led-galponera-macroled-150w-15000lm-luz-fria","og_locale":"es_ES","og_type":"article","og_title":"Tienda Rigelec Reflector LED Galponera Macroled 150W \u2013 15000lm Luz Fr\u00eda","og_description":"Reflector LED Galponera Macroled 150W con 15000 l\u00famenes de luz fr\u00eda. Potente, eficiente y duradero. Ideal para galpones, talleres y grandes espacios.","og_url":"https:\/\/tienda.rigelec.com.ar\/?product=reflector-led-galponera-macroled-150w-15000lm-luz-fria","og_site_name":"Tienda Rigelec","article_modified_time":"2026-05-01T16:02:30+00:00","og_image":[{"width":1080,"height":1080,"url":"https:\/\/tienda.rigelec.com.ar\/wp-content\/uploads\/2024\/12\/REFLECTORLEDLUZFRIA-3.jpg","type":"image\/jpeg"}],"twitter_card":"summary_large_image","twitter_misc":{"Tiempo de lectura":"1 minuto"},"schema":{"@context":"https:\/\/schema.org","@graph":[{"@type":"WebPage","@id":"https:\/\/tienda.rigelec.com.ar\/?product=reflector-led-galponera-macroled-150w-15000lm-luz-fria","url":"https:\/\/tienda.rigelec.com.ar\/?product=reflector-led-galponera-macroled-150w-15000lm-luz-fria","name":"Tienda Rigelec Reflector LED Galponera Macroled 150W \u2013 15000lm Luz Fr\u00eda","isPartOf":{"@id":"https:\/\/tienda.rigelec.com.ar\/#website"},"primaryImageOfPage":{"@id":"https:\/\/tienda.rigelec.com.ar\/?product=reflector-led-galponera-macroled-150w-15000lm-luz-fria#primaryimage"},"image":{"@id":"https:\/\/tienda.rigelec.com.ar\/?product=reflector-led-galponera-macroled-150w-15000lm-luz-fria#primaryimage"},"thumbnailUrl":"https:\/\/tienda.rigelec.com.ar\/wp-content\/uploads\/2024\/12\/REFLECTORLEDLUZFRIA-3.jpg","datePublished":"2024-12-19T15:12:34+00:00","dateModified":"2026-05-01T16:02:30+00:00","description":"Reflector LED Galponera Macroled 150W con 15000 l\u00famenes de luz fr\u00eda. Potente, eficiente y duradero. Ideal para galpones, talleres y grandes espacios.","breadcrumb":{"@id":"https:\/\/tienda.rigelec.com.ar\/?product=reflector-led-galponera-macroled-150w-15000lm-luz-fria#breadcrumb"},"inLanguage":"es-AR","potentialAction":[{"@type":"ReadAction","target":["https:\/\/tienda.rigelec.com.ar\/?product=reflector-led-galponera-macroled-150w-15000lm-luz-fria"]}]},{"@type":"ImageObject","inLanguage":"es-AR","@id":"https:\/\/tienda.rigelec.com.ar\/?product=reflector-led-galponera-macroled-150w-15000lm-luz-fria#primaryimage","url":"https:\/\/tienda.rigelec.com.ar\/wp-content\/uploads\/2024\/12\/REFLECTORLEDLUZFRIA-3.jpg","contentUrl":"https:\/\/tienda.rigelec.com.ar\/wp-content\/uploads\/2024\/12\/REFLECTORLEDLUZFRIA-3.jpg","width":1080,"height":1080},{"@type":"BreadcrumbList","@id":"https:\/\/tienda.rigelec.com.ar\/?product=reflector-led-galponera-macroled-150w-15000lm-luz-fria#breadcrumb","itemListElement":[{"@type":"ListItem","position":1,"name":"Inicio","item":"https:\/\/tienda.rigelec.com.ar\/"},{"@type":"ListItem","position":2,"name":"Shop","item":"https:\/\/tienda.rigelec.com.ar\/?page_id=12"},{"@type":"ListItem","position":3,"name":"REFLECTOR LED LUZ FRIA GALPONERAS 150W &#8211; 15000LM"}]},{"@type":"WebSite","@id":"https:\/\/tienda.rigelec.com.ar\/#website","url":"https:\/\/tienda.rigelec.com.ar\/","name":"Tienda Rigelec","description":"Energia en movimiento","publisher":{"@id":"https:\/\/tienda.rigelec.com.ar\/#organization"},"potentialAction":[{"@type":"SearchAction","target":{"@type":"EntryPoint","urlTemplate":"https:\/\/tienda.rigelec.com.ar\/?s={search_term_string}"},"query-input":{"@type":"PropertyValueSpecification","valueRequired":true,"valueName":"search_term_string"}}],"inLanguage":"es-AR"},{"@type":"Organization","@id":"https:\/\/tienda.rigelec.com.ar\/#organization","name":"Tienda Rigelec","url":"https:\/\/tienda.rigelec.com.ar\/","logo":{"@type":"ImageObject","inLanguage":"es-AR","@id":"https:\/\/tienda.rigelec.com.ar\/#\/schema\/logo\/image\/","url":"https:\/\/tienda.rigelec.com.ar\/wp-content\/uploads\/2024\/09\/isologo-blanco-rigelec.png","contentUrl":"https:\/\/tienda.rigelec.com.ar\/wp-content\/uploads\/2024\/09\/isologo-blanco-rigelec.png","width":94,"height":97,"caption":"Tienda Rigelec"},"image":{"@id":"https:\/\/tienda.rigelec.com.ar\/#\/schema\/logo\/image\/"}}]}},"jetpack_sharing_enabled":true,"_links":{"self":[{"href":"https:\/\/tienda.rigelec.com.ar\/index.php?rest_route=\/wp\/v2\/product\/20969","targetHints":{"allow":["GET"]}}],"collection":[{"href":"https:\/\/tienda.rigelec.com.ar\/index.php?rest_route=\/wp\/v2\/product"}],"about":[{"href":"https:\/\/tienda.rigelec.com.ar\/index.php?rest_route=\/wp\/v2\/types\/product"}],"replies":[{"embeddable":true,"href":"https:\/\/tienda.rigelec.com.ar\/index.php?rest_route=%2Fwp%2Fv2%2Fcomments&post=20969"}],"wp:featuredmedia":[{"embeddable":true,"href":"https:\/\/tienda.rigelec.com.ar\/index.php?rest_route=\/wp\/v2\/media\/20970"}],"wp:attachment":[{"href":"https:\/\/tienda.rigelec.com.ar\/index.php?rest_route=%2Fwp%2Fv2%2Fmedia&parent=20969"}],"wp:term":[{"taxonomy":"product_brand","embeddable":true,"href":"https:\/\/tienda.rigelec.com.ar\/index.php?rest_route=%2Fwp%2Fv2%2Fproduct_brand&post=20969"},{"taxonomy":"product_cat","embeddable":true,"href":"https:\/\/tienda.rigelec.com.ar\/index.php?rest_route=%2Fwp%2Fv2%2Fproduct_cat&post=20969"},{"taxonomy":"product_tag","embeddable":true,"href":"https:\/\/tienda.rigelec.com.ar\/index.php?rest_route=%2Fwp%2Fv2%2Fproduct_tag&post=20969"}],"curies":[{"name":"wp","href":"https:\/\/api.w.org\/{rel}","templated":true}]}}