{"id":21097,"date":"2024-12-19T12:18:52","date_gmt":"2024-12-19T15:18:52","guid":{"rendered":"https:\/\/tienda.test.rigelec.com.ar\/?product=kit-solar-on-grid-5000w-monofasico-1-5000-10x550-681kwh-mes"},"modified":"2026-04-05T04:52:57","modified_gmt":"2026-04-05T07:52:57","slug":"kit-solar-on-grid-5000w-monofasico-1-5000-10x550-681kwh-mes","status":"publish","type":"product","link":"https:\/\/tienda.rigelec.com.ar\/?product=kit-solar-on-grid-5000w-monofasico-1-5000-10x550-681kwh-mes","title":{"rendered":"KIT SOLAR ON GRID 5000W MONOFASICO 1-5000-10X550 681KWH\/MES"},"content":{"rendered":"<p>KIT SOLAR ON GRID 5000W MONOFASICO<\/p>\n","protected":false},"excerpt":{"rendered":"<p>Kit fotovoltaico para generacion de energ\u00eda electrica para AHORRO en vivendas, negocios, fabricas y cualquier industria.<br \/>\n\u00a1Genere su propia energ\u00eda limpia! y evite la quema de combustibles fosiles, deforestacion y produccion de C02.<\/p>\n<p>Este Kit incluye:<\/p>\n<p>* Inversor Growatt 5000W Monofasico<\/p>\n<p>* 10 Paneles 550W Luxen de celda partida<\/p>\n<p>* Medidor limitador de potencia para evitar inyectar a la red.<\/p>\n<p>* Sistema WiFi para monitorizar el sistema desde tu celular<\/p>\n<p>* Estructura para paneles solares. Tipo coplanar para techo<\/p>\n<p>Para m\u00e1s informaci\u00f3n, haga click en informaci\u00f3n t\u00e9cnica.\t<\/p>\n","protected":false},"featured_media":21098,"comment_status":"open","ping_status":"closed","template":"","meta":[],"product_brand":[],"product_cat":[224],"product_tag":[425],"class_list":{"0":"post-21097","1":"product","2":"type-product","3":"status-publish","4":"has-post-thumbnail","6":"product_cat-a-ahorro","7":"product_tag-growatt","9":"first","10":"outofstock","11":"shipping-taxable","12":"purchasable","13":"product-type-simple"},"yoast_head":"<!-- This site is optimized with the Yoast SEO plugin v25.3.1 - https:\/\/yoast.com\/wordpress\/plugins\/seo\/ -->\n<title>KIT SOLAR ON GRID 5000W MONOFASICO 1-5000-10X550 681KWH\/MES - Tienda Rigelec<\/title>\n<meta name=\"robots\" content=\"index, follow, max-snippet:-1, max-image-preview:large, max-video-preview:-1\" \/>\n<link rel=\"canonical\" href=\"https:\/\/tienda.rigelec.com.ar\/?product=kit-solar-on-grid-5000w-monofasico-1-5000-10x550-681kwh-mes\" \/>\n<meta property=\"og:locale\" content=\"es_ES\" \/>\n<meta property=\"og:type\" content=\"article\" \/>\n<meta property=\"og:title\" content=\"KIT SOLAR ON GRID 5000W MONOFASICO 1-5000-10X550 681KWH\/MES - Tienda Rigelec\" \/>\n<meta property=\"og:description\" content=\"Kit fotovoltaico para generacion de energ\u00eda electrica para AHORRO en vivendas, negocios, fabricas y cualquier industria.  \u00a1Genere su propia energ\u00eda limpia! y evite la quema de combustibles fosiles, deforestacion y produccion de C02.  Este Kit incluye:  * Inversor Growatt 5000W Monofasico  * 10 Paneles 550W Luxen de celda partida  * Medidor limitador de potencia para evitar inyectar a la red.  * Sistema WiFi para monitorizar el sistema desde tu celular  * Estructura para paneles solares. Tipo coplanar para techo    Para m\u00e1s informaci\u00f3n, haga click en informaci\u00f3n t\u00e9cnica.\" \/>\n<meta property=\"og:url\" content=\"https:\/\/tienda.rigelec.com.ar\/?product=kit-solar-on-grid-5000w-monofasico-1-5000-10x550-681kwh-mes\" \/>\n<meta property=\"og:site_name\" content=\"Tienda Rigelec\" \/>\n<meta property=\"article:modified_time\" content=\"2026-04-05T07:52:57+00:00\" \/>\n<meta property=\"og:image\" content=\"https:\/\/tienda.rigelec.com.ar\/wp-content\/uploads\/2024\/12\/KITSOLARONGRID5000WMONOFASICO.jpg\" \/>\n\t<meta property=\"og:image:width\" content=\"1275\" \/>\n\t<meta property=\"og:image:height\" content=\"1426\" \/>\n\t<meta property=\"og:image:type\" content=\"image\/jpeg\" \/>\n<meta name=\"twitter:card\" content=\"summary_large_image\" \/>\n<script type=\"application\/ld+json\" class=\"yoast-schema-graph\">{\"@context\":\"https:\/\/schema.org\",\"@graph\":[{\"@type\":\"WebPage\",\"@id\":\"https:\/\/tienda.rigelec.com.ar\/?product=kit-solar-on-grid-5000w-monofasico-1-5000-10x550-681kwh-mes\",\"url\":\"https:\/\/tienda.rigelec.com.ar\/?product=kit-solar-on-grid-5000w-monofasico-1-5000-10x550-681kwh-mes\",\"name\":\"KIT SOLAR ON GRID 5000W MONOFASICO 1-5000-10X550 681KWH\/MES - Tienda Rigelec\",\"isPartOf\":{\"@id\":\"https:\/\/tienda.rigelec.com.ar\/#website\"},\"primaryImageOfPage\":{\"@id\":\"https:\/\/tienda.rigelec.com.ar\/?product=kit-solar-on-grid-5000w-monofasico-1-5000-10x550-681kwh-mes#primaryimage\"},\"image\":{\"@id\":\"https:\/\/tienda.rigelec.com.ar\/?product=kit-solar-on-grid-5000w-monofasico-1-5000-10x550-681kwh-mes#primaryimage\"},\"thumbnailUrl\":\"https:\/\/tienda.rigelec.com.ar\/wp-content\/uploads\/2024\/12\/KITSOLARONGRID5000WMONOFASICO.jpg\",\"datePublished\":\"2024-12-19T15:18:52+00:00\",\"dateModified\":\"2026-04-05T07:52:57+00:00\",\"breadcrumb\":{\"@id\":\"https:\/\/tienda.rigelec.com.ar\/?product=kit-solar-on-grid-5000w-monofasico-1-5000-10x550-681kwh-mes#breadcrumb\"},\"inLanguage\":\"es-AR\",\"potentialAction\":[{\"@type\":\"ReadAction\",\"target\":[\"https:\/\/tienda.rigelec.com.ar\/?product=kit-solar-on-grid-5000w-monofasico-1-5000-10x550-681kwh-mes\"]}]},{\"@type\":\"ImageObject\",\"inLanguage\":\"es-AR\",\"@id\":\"https:\/\/tienda.rigelec.com.ar\/?product=kit-solar-on-grid-5000w-monofasico-1-5000-10x550-681kwh-mes#primaryimage\",\"url\":\"https:\/\/tienda.rigelec.com.ar\/wp-content\/uploads\/2024\/12\/KITSOLARONGRID5000WMONOFASICO.jpg\",\"contentUrl\":\"https:\/\/tienda.rigelec.com.ar\/wp-content\/uploads\/2024\/12\/KITSOLARONGRID5000WMONOFASICO.jpg\",\"width\":1275,\"height\":1426},{\"@type\":\"BreadcrumbList\",\"@id\":\"https:\/\/tienda.rigelec.com.ar\/?product=kit-solar-on-grid-5000w-monofasico-1-5000-10x550-681kwh-mes#breadcrumb\",\"itemListElement\":[{\"@type\":\"ListItem\",\"position\":1,\"name\":\"Inicio\",\"item\":\"https:\/\/tienda.rigelec.com.ar\/\"},{\"@type\":\"ListItem\",\"position\":2,\"name\":\"Shop\",\"item\":\"https:\/\/tienda.rigelec.com.ar\/?page_id=12\"},{\"@type\":\"ListItem\",\"position\":3,\"name\":\"KIT SOLAR ON GRID 5000W MONOFASICO 1-5000-10X550 681KWH\/MES\"}]},{\"@type\":\"WebSite\",\"@id\":\"https:\/\/tienda.rigelec.com.ar\/#website\",\"url\":\"https:\/\/tienda.rigelec.com.ar\/\",\"name\":\"Tienda Rigelec\",\"description\":\"Energia en movimiento\",\"publisher\":{\"@id\":\"https:\/\/tienda.rigelec.com.ar\/#organization\"},\"potentialAction\":[{\"@type\":\"SearchAction\",\"target\":{\"@type\":\"EntryPoint\",\"urlTemplate\":\"https:\/\/tienda.rigelec.com.ar\/?s={search_term_string}\"},\"query-input\":{\"@type\":\"PropertyValueSpecification\",\"valueRequired\":true,\"valueName\":\"search_term_string\"}}],\"inLanguage\":\"es-AR\"},{\"@type\":\"Organization\",\"@id\":\"https:\/\/tienda.rigelec.com.ar\/#organization\",\"name\":\"Tienda Rigelec\",\"url\":\"https:\/\/tienda.rigelec.com.ar\/\",\"logo\":{\"@type\":\"ImageObject\",\"inLanguage\":\"es-AR\",\"@id\":\"https:\/\/tienda.rigelec.com.ar\/#\/schema\/logo\/image\/\",\"url\":\"https:\/\/tienda.rigelec.com.ar\/wp-content\/uploads\/2024\/09\/isologo-blanco-rigelec.png\",\"contentUrl\":\"https:\/\/tienda.rigelec.com.ar\/wp-content\/uploads\/2024\/09\/isologo-blanco-rigelec.png\",\"width\":94,\"height\":97,\"caption\":\"Tienda Rigelec\"},\"image\":{\"@id\":\"https:\/\/tienda.rigelec.com.ar\/#\/schema\/logo\/image\/\"}}]}<\/script>\n<!-- \/ Yoast SEO plugin. -->","yoast_head_json":{"title":"KIT SOLAR ON GRID 5000W MONOFASICO 1-5000-10X550 681KWH\/MES - Tienda Rigelec","robots":{"index":"index","follow":"follow","max-snippet":"max-snippet:-1","max-image-preview":"max-image-preview:large","max-video-preview":"max-video-preview:-1"},"canonical":"https:\/\/tienda.rigelec.com.ar\/?product=kit-solar-on-grid-5000w-monofasico-1-5000-10x550-681kwh-mes","og_locale":"es_ES","og_type":"article","og_title":"KIT SOLAR ON GRID 5000W MONOFASICO 1-5000-10X550 681KWH\/MES - Tienda Rigelec","og_description":"Kit fotovoltaico para generacion de energ\u00eda electrica para AHORRO en vivendas, negocios, fabricas y cualquier industria.  \u00a1Genere su propia energ\u00eda limpia! y evite la quema de combustibles fosiles, deforestacion y produccion de C02.  Este Kit incluye:  * Inversor Growatt 5000W Monofasico  * 10 Paneles 550W Luxen de celda partida  * Medidor limitador de potencia para evitar inyectar a la red.  * Sistema WiFi para monitorizar el sistema desde tu celular  * Estructura para paneles solares. Tipo coplanar para techo    Para m\u00e1s informaci\u00f3n, haga click en informaci\u00f3n t\u00e9cnica.","og_url":"https:\/\/tienda.rigelec.com.ar\/?product=kit-solar-on-grid-5000w-monofasico-1-5000-10x550-681kwh-mes","og_site_name":"Tienda Rigelec","article_modified_time":"2026-04-05T07:52:57+00:00","og_image":[{"width":1275,"height":1426,"url":"https:\/\/tienda.rigelec.com.ar\/wp-content\/uploads\/2024\/12\/KITSOLARONGRID5000WMONOFASICO.jpg","type":"image\/jpeg"}],"twitter_card":"summary_large_image","schema":{"@context":"https:\/\/schema.org","@graph":[{"@type":"WebPage","@id":"https:\/\/tienda.rigelec.com.ar\/?product=kit-solar-on-grid-5000w-monofasico-1-5000-10x550-681kwh-mes","url":"https:\/\/tienda.rigelec.com.ar\/?product=kit-solar-on-grid-5000w-monofasico-1-5000-10x550-681kwh-mes","name":"KIT SOLAR ON GRID 5000W MONOFASICO 1-5000-10X550 681KWH\/MES - Tienda Rigelec","isPartOf":{"@id":"https:\/\/tienda.rigelec.com.ar\/#website"},"primaryImageOfPage":{"@id":"https:\/\/tienda.rigelec.com.ar\/?product=kit-solar-on-grid-5000w-monofasico-1-5000-10x550-681kwh-mes#primaryimage"},"image":{"@id":"https:\/\/tienda.rigelec.com.ar\/?product=kit-solar-on-grid-5000w-monofasico-1-5000-10x550-681kwh-mes#primaryimage"},"thumbnailUrl":"https:\/\/tienda.rigelec.com.ar\/wp-content\/uploads\/2024\/12\/KITSOLARONGRID5000WMONOFASICO.jpg","datePublished":"2024-12-19T15:18:52+00:00","dateModified":"2026-04-05T07:52:57+00:00","breadcrumb":{"@id":"https:\/\/tienda.rigelec.com.ar\/?product=kit-solar-on-grid-5000w-monofasico-1-5000-10x550-681kwh-mes#breadcrumb"},"inLanguage":"es-AR","potentialAction":[{"@type":"ReadAction","target":["https:\/\/tienda.rigelec.com.ar\/?product=kit-solar-on-grid-5000w-monofasico-1-5000-10x550-681kwh-mes"]}]},{"@type":"ImageObject","inLanguage":"es-AR","@id":"https:\/\/tienda.rigelec.com.ar\/?product=kit-solar-on-grid-5000w-monofasico-1-5000-10x550-681kwh-mes#primaryimage","url":"https:\/\/tienda.rigelec.com.ar\/wp-content\/uploads\/2024\/12\/KITSOLARONGRID5000WMONOFASICO.jpg","contentUrl":"https:\/\/tienda.rigelec.com.ar\/wp-content\/uploads\/2024\/12\/KITSOLARONGRID5000WMONOFASICO.jpg","width":1275,"height":1426},{"@type":"BreadcrumbList","@id":"https:\/\/tienda.rigelec.com.ar\/?product=kit-solar-on-grid-5000w-monofasico-1-5000-10x550-681kwh-mes#breadcrumb","itemListElement":[{"@type":"ListItem","position":1,"name":"Inicio","item":"https:\/\/tienda.rigelec.com.ar\/"},{"@type":"ListItem","position":2,"name":"Shop","item":"https:\/\/tienda.rigelec.com.ar\/?page_id=12"},{"@type":"ListItem","position":3,"name":"KIT SOLAR ON GRID 5000W MONOFASICO 1-5000-10X550 681KWH\/MES"}]},{"@type":"WebSite","@id":"https:\/\/tienda.rigelec.com.ar\/#website","url":"https:\/\/tienda.rigelec.com.ar\/","name":"Tienda Rigelec","description":"Energia en movimiento","publisher":{"@id":"https:\/\/tienda.rigelec.com.ar\/#organization"},"potentialAction":[{"@type":"SearchAction","target":{"@type":"EntryPoint","urlTemplate":"https:\/\/tienda.rigelec.com.ar\/?s={search_term_string}"},"query-input":{"@type":"PropertyValueSpecification","valueRequired":true,"valueName":"search_term_string"}}],"inLanguage":"es-AR"},{"@type":"Organization","@id":"https:\/\/tienda.rigelec.com.ar\/#organization","name":"Tienda Rigelec","url":"https:\/\/tienda.rigelec.com.ar\/","logo":{"@type":"ImageObject","inLanguage":"es-AR","@id":"https:\/\/tienda.rigelec.com.ar\/#\/schema\/logo\/image\/","url":"https:\/\/tienda.rigelec.com.ar\/wp-content\/uploads\/2024\/09\/isologo-blanco-rigelec.png","contentUrl":"https:\/\/tienda.rigelec.com.ar\/wp-content\/uploads\/2024\/09\/isologo-blanco-rigelec.png","width":94,"height":97,"caption":"Tienda Rigelec"},"image":{"@id":"https:\/\/tienda.rigelec.com.ar\/#\/schema\/logo\/image\/"}}]}},"jetpack_sharing_enabled":true,"_links":{"self":[{"href":"https:\/\/tienda.rigelec.com.ar\/index.php?rest_route=\/wp\/v2\/product\/21097","targetHints":{"allow":["GET"]}}],"collection":[{"href":"https:\/\/tienda.rigelec.com.ar\/index.php?rest_route=\/wp\/v2\/product"}],"about":[{"href":"https:\/\/tienda.rigelec.com.ar\/index.php?rest_route=\/wp\/v2\/types\/product"}],"replies":[{"embeddable":true,"href":"https:\/\/tienda.rigelec.com.ar\/index.php?rest_route=%2Fwp%2Fv2%2Fcomments&post=21097"}],"wp:featuredmedia":[{"embeddable":true,"href":"https:\/\/tienda.rigelec.com.ar\/index.php?rest_route=\/wp\/v2\/media\/21098"}],"wp:attachment":[{"href":"https:\/\/tienda.rigelec.com.ar\/index.php?rest_route=%2Fwp%2Fv2%2Fmedia&parent=21097"}],"wp:term":[{"taxonomy":"product_brand","embeddable":true,"href":"https:\/\/tienda.rigelec.com.ar\/index.php?rest_route=%2Fwp%2Fv2%2Fproduct_brand&post=21097"},{"taxonomy":"product_cat","embeddable":true,"href":"https:\/\/tienda.rigelec.com.ar\/index.php?rest_route=%2Fwp%2Fv2%2Fproduct_cat&post=21097"},{"taxonomy":"product_tag","embeddable":true,"href":"https:\/\/tienda.rigelec.com.ar\/index.php?rest_route=%2Fwp%2Fv2%2Fproduct_tag&post=21097"}],"curies":[{"name":"wp","href":"https:\/\/api.w.org\/{rel}","templated":true}]}}