{"id":21195,"date":"2024-12-19T12:24:51","date_gmt":"2024-12-19T15:24:51","guid":{"rendered":"https:\/\/tienda.test.rigelec.com.ar\/?product=kit-bombeo-solar-18m-s1-200-23-3-m3-h"},"modified":"2026-04-30T23:48:23","modified_gmt":"2026-05-01T02:48:23","slug":"kit-bombeo-solar-18m-s1-200-23-3-m3-h","status":"publish","type":"product","link":"https:\/\/tienda.rigelec.com.ar\/?product=kit-bombeo-solar-18m-s1-200-23-3-m3-h","title":{"rendered":"KIT BOMBEO SOLAR 18M S1-200-23 3 M3\/H"},"content":{"rendered":"<p>KIT BOMBEO SOLAR 18M<\/p>\n","protected":false},"excerpt":{"rendered":"<p>Kit listo para instalar de bombeo solar. Saque agua sin costo operativo!, Almacenar agua es mas barato que almacenar energ\u00eda por esto es mejor usar el bombeo solar directo que funciona con energ\u00eda directamente producida por el sol.<\/p>\n<p>Este Kit incluye:<br \/>\n* Bomba Lorentz S1-200 (incluye 15m de cable)<br \/>\n* 1 Panel 550W<br \/>\n*  Estructura<br \/>\n* 1 Flotante<\/p>\n<p>Para m\u00e1s informaci\u00f3n, haga click en informaci\u00f3n t\u00e9cnica.\t<\/p>\n","protected":false},"featured_media":21196,"comment_status":"open","ping_status":"closed","template":"","meta":{"_monsterinsights_skip_tracking":false,"_monsterinsights_sitenote_active":false,"_monsterinsights_sitenote_note":"","_monsterinsights_sitenote_category":0},"product_brand":[],"product_cat":[227],"product_tag":[441],"class_list":{"0":"post-21195","1":"product","2":"type-product","3":"status-publish","4":"has-post-thumbnail","6":"product_cat-e-bombeo","7":"product_tag-lorentz","9":"first","10":"outofstock","11":"shipping-taxable","12":"purchasable","13":"product-type-simple"},"yoast_head":"<!-- This site is optimized with the Yoast SEO plugin v25.3.1 - https:\/\/yoast.com\/wordpress\/plugins\/seo\/ -->\n<title>KIT BOMBEO SOLAR 18M S1-200-23 3 M3\/H - Tienda Rigelec<\/title>\n<meta name=\"robots\" content=\"index, follow, max-snippet:-1, max-image-preview:large, max-video-preview:-1\" \/>\n<link rel=\"canonical\" href=\"https:\/\/tienda.rigelec.com.ar\/?product=kit-bombeo-solar-18m-s1-200-23-3-m3-h\" \/>\n<meta property=\"og:locale\" content=\"es_ES\" \/>\n<meta property=\"og:type\" content=\"article\" \/>\n<meta property=\"og:title\" content=\"KIT BOMBEO SOLAR 18M S1-200-23 3 M3\/H - Tienda Rigelec\" \/>\n<meta property=\"og:description\" content=\"Kit listo para instalar de bombeo solar. Saque agua sin costo operativo!, Almacenar agua es mas barato que almacenar energ\u00eda por esto es mejor usar el bombeo solar directo que funciona con energ\u00eda directamente producida por el sol.  Este Kit incluye:  * Bomba Lorentz S1-200 (incluye 15m de cable) * 1 Panel 550W * Estructura * 1 Flotante  Para m\u00e1s informaci\u00f3n, haga click en informaci\u00f3n t\u00e9cnica.\" \/>\n<meta property=\"og:url\" content=\"https:\/\/tienda.rigelec.com.ar\/?product=kit-bombeo-solar-18m-s1-200-23-3-m3-h\" \/>\n<meta property=\"og:site_name\" content=\"Tienda Rigelec\" \/>\n<meta property=\"article:modified_time\" content=\"2026-05-01T02:48:23+00:00\" \/>\n<meta property=\"og:image\" content=\"https:\/\/tienda.rigelec.com.ar\/wp-content\/uploads\/2024\/12\/KITBOMBEOSOLAR18M.jpg\" \/>\n\t<meta property=\"og:image:width\" content=\"1275\" \/>\n\t<meta property=\"og:image:height\" content=\"1425\" \/>\n\t<meta property=\"og:image:type\" content=\"image\/jpeg\" \/>\n<meta name=\"twitter:card\" content=\"summary_large_image\" \/>\n<script type=\"application\/ld+json\" class=\"yoast-schema-graph\">{\"@context\":\"https:\/\/schema.org\",\"@graph\":[{\"@type\":\"WebPage\",\"@id\":\"https:\/\/tienda.rigelec.com.ar\/?product=kit-bombeo-solar-18m-s1-200-23-3-m3-h\",\"url\":\"https:\/\/tienda.rigelec.com.ar\/?product=kit-bombeo-solar-18m-s1-200-23-3-m3-h\",\"name\":\"KIT BOMBEO SOLAR 18M S1-200-23 3 M3\/H - Tienda Rigelec\",\"isPartOf\":{\"@id\":\"https:\/\/tienda.rigelec.com.ar\/#website\"},\"primaryImageOfPage\":{\"@id\":\"https:\/\/tienda.rigelec.com.ar\/?product=kit-bombeo-solar-18m-s1-200-23-3-m3-h#primaryimage\"},\"image\":{\"@id\":\"https:\/\/tienda.rigelec.com.ar\/?product=kit-bombeo-solar-18m-s1-200-23-3-m3-h#primaryimage\"},\"thumbnailUrl\":\"https:\/\/tienda.rigelec.com.ar\/wp-content\/uploads\/2024\/12\/KITBOMBEOSOLAR18M.jpg\",\"datePublished\":\"2024-12-19T15:24:51+00:00\",\"dateModified\":\"2026-05-01T02:48:23+00:00\",\"breadcrumb\":{\"@id\":\"https:\/\/tienda.rigelec.com.ar\/?product=kit-bombeo-solar-18m-s1-200-23-3-m3-h#breadcrumb\"},\"inLanguage\":\"es-AR\",\"potentialAction\":[{\"@type\":\"ReadAction\",\"target\":[\"https:\/\/tienda.rigelec.com.ar\/?product=kit-bombeo-solar-18m-s1-200-23-3-m3-h\"]}]},{\"@type\":\"ImageObject\",\"inLanguage\":\"es-AR\",\"@id\":\"https:\/\/tienda.rigelec.com.ar\/?product=kit-bombeo-solar-18m-s1-200-23-3-m3-h#primaryimage\",\"url\":\"https:\/\/tienda.rigelec.com.ar\/wp-content\/uploads\/2024\/12\/KITBOMBEOSOLAR18M.jpg\",\"contentUrl\":\"https:\/\/tienda.rigelec.com.ar\/wp-content\/uploads\/2024\/12\/KITBOMBEOSOLAR18M.jpg\",\"width\":1275,\"height\":1425},{\"@type\":\"BreadcrumbList\",\"@id\":\"https:\/\/tienda.rigelec.com.ar\/?product=kit-bombeo-solar-18m-s1-200-23-3-m3-h#breadcrumb\",\"itemListElement\":[{\"@type\":\"ListItem\",\"position\":1,\"name\":\"Inicio\",\"item\":\"https:\/\/tienda.rigelec.com.ar\/\"},{\"@type\":\"ListItem\",\"position\":2,\"name\":\"Shop\",\"item\":\"https:\/\/tienda.rigelec.com.ar\/?page_id=12\"},{\"@type\":\"ListItem\",\"position\":3,\"name\":\"KIT BOMBEO SOLAR 18M S1-200-23 3 M3\/H\"}]},{\"@type\":\"WebSite\",\"@id\":\"https:\/\/tienda.rigelec.com.ar\/#website\",\"url\":\"https:\/\/tienda.rigelec.com.ar\/\",\"name\":\"Tienda Rigelec\",\"description\":\"Energia en movimiento\",\"publisher\":{\"@id\":\"https:\/\/tienda.rigelec.com.ar\/#organization\"},\"potentialAction\":[{\"@type\":\"SearchAction\",\"target\":{\"@type\":\"EntryPoint\",\"urlTemplate\":\"https:\/\/tienda.rigelec.com.ar\/?s={search_term_string}\"},\"query-input\":{\"@type\":\"PropertyValueSpecification\",\"valueRequired\":true,\"valueName\":\"search_term_string\"}}],\"inLanguage\":\"es-AR\"},{\"@type\":\"Organization\",\"@id\":\"https:\/\/tienda.rigelec.com.ar\/#organization\",\"name\":\"Tienda Rigelec\",\"url\":\"https:\/\/tienda.rigelec.com.ar\/\",\"logo\":{\"@type\":\"ImageObject\",\"inLanguage\":\"es-AR\",\"@id\":\"https:\/\/tienda.rigelec.com.ar\/#\/schema\/logo\/image\/\",\"url\":\"https:\/\/tienda.rigelec.com.ar\/wp-content\/uploads\/2024\/09\/isologo-blanco-rigelec.png\",\"contentUrl\":\"https:\/\/tienda.rigelec.com.ar\/wp-content\/uploads\/2024\/09\/isologo-blanco-rigelec.png\",\"width\":94,\"height\":97,\"caption\":\"Tienda Rigelec\"},\"image\":{\"@id\":\"https:\/\/tienda.rigelec.com.ar\/#\/schema\/logo\/image\/\"}}]}<\/script>\n<!-- \/ Yoast SEO plugin. -->","yoast_head_json":{"title":"KIT BOMBEO SOLAR 18M S1-200-23 3 M3\/H - Tienda Rigelec","robots":{"index":"index","follow":"follow","max-snippet":"max-snippet:-1","max-image-preview":"max-image-preview:large","max-video-preview":"max-video-preview:-1"},"canonical":"https:\/\/tienda.rigelec.com.ar\/?product=kit-bombeo-solar-18m-s1-200-23-3-m3-h","og_locale":"es_ES","og_type":"article","og_title":"KIT BOMBEO SOLAR 18M S1-200-23 3 M3\/H - Tienda Rigelec","og_description":"Kit listo para instalar de bombeo solar. Saque agua sin costo operativo!, Almacenar agua es mas barato que almacenar energ\u00eda por esto es mejor usar el bombeo solar directo que funciona con energ\u00eda directamente producida por el sol.  Este Kit incluye:  * Bomba Lorentz S1-200 (incluye 15m de cable) * 1 Panel 550W * Estructura * 1 Flotante  Para m\u00e1s informaci\u00f3n, haga click en informaci\u00f3n t\u00e9cnica.","og_url":"https:\/\/tienda.rigelec.com.ar\/?product=kit-bombeo-solar-18m-s1-200-23-3-m3-h","og_site_name":"Tienda Rigelec","article_modified_time":"2026-05-01T02:48:23+00:00","og_image":[{"width":1275,"height":1425,"url":"https:\/\/tienda.rigelec.com.ar\/wp-content\/uploads\/2024\/12\/KITBOMBEOSOLAR18M.jpg","type":"image\/jpeg"}],"twitter_card":"summary_large_image","schema":{"@context":"https:\/\/schema.org","@graph":[{"@type":"WebPage","@id":"https:\/\/tienda.rigelec.com.ar\/?product=kit-bombeo-solar-18m-s1-200-23-3-m3-h","url":"https:\/\/tienda.rigelec.com.ar\/?product=kit-bombeo-solar-18m-s1-200-23-3-m3-h","name":"KIT BOMBEO SOLAR 18M S1-200-23 3 M3\/H - Tienda Rigelec","isPartOf":{"@id":"https:\/\/tienda.rigelec.com.ar\/#website"},"primaryImageOfPage":{"@id":"https:\/\/tienda.rigelec.com.ar\/?product=kit-bombeo-solar-18m-s1-200-23-3-m3-h#primaryimage"},"image":{"@id":"https:\/\/tienda.rigelec.com.ar\/?product=kit-bombeo-solar-18m-s1-200-23-3-m3-h#primaryimage"},"thumbnailUrl":"https:\/\/tienda.rigelec.com.ar\/wp-content\/uploads\/2024\/12\/KITBOMBEOSOLAR18M.jpg","datePublished":"2024-12-19T15:24:51+00:00","dateModified":"2026-05-01T02:48:23+00:00","breadcrumb":{"@id":"https:\/\/tienda.rigelec.com.ar\/?product=kit-bombeo-solar-18m-s1-200-23-3-m3-h#breadcrumb"},"inLanguage":"es-AR","potentialAction":[{"@type":"ReadAction","target":["https:\/\/tienda.rigelec.com.ar\/?product=kit-bombeo-solar-18m-s1-200-23-3-m3-h"]}]},{"@type":"ImageObject","inLanguage":"es-AR","@id":"https:\/\/tienda.rigelec.com.ar\/?product=kit-bombeo-solar-18m-s1-200-23-3-m3-h#primaryimage","url":"https:\/\/tienda.rigelec.com.ar\/wp-content\/uploads\/2024\/12\/KITBOMBEOSOLAR18M.jpg","contentUrl":"https:\/\/tienda.rigelec.com.ar\/wp-content\/uploads\/2024\/12\/KITBOMBEOSOLAR18M.jpg","width":1275,"height":1425},{"@type":"BreadcrumbList","@id":"https:\/\/tienda.rigelec.com.ar\/?product=kit-bombeo-solar-18m-s1-200-23-3-m3-h#breadcrumb","itemListElement":[{"@type":"ListItem","position":1,"name":"Inicio","item":"https:\/\/tienda.rigelec.com.ar\/"},{"@type":"ListItem","position":2,"name":"Shop","item":"https:\/\/tienda.rigelec.com.ar\/?page_id=12"},{"@type":"ListItem","position":3,"name":"KIT BOMBEO SOLAR 18M S1-200-23 3 M3\/H"}]},{"@type":"WebSite","@id":"https:\/\/tienda.rigelec.com.ar\/#website","url":"https:\/\/tienda.rigelec.com.ar\/","name":"Tienda Rigelec","description":"Energia en movimiento","publisher":{"@id":"https:\/\/tienda.rigelec.com.ar\/#organization"},"potentialAction":[{"@type":"SearchAction","target":{"@type":"EntryPoint","urlTemplate":"https:\/\/tienda.rigelec.com.ar\/?s={search_term_string}"},"query-input":{"@type":"PropertyValueSpecification","valueRequired":true,"valueName":"search_term_string"}}],"inLanguage":"es-AR"},{"@type":"Organization","@id":"https:\/\/tienda.rigelec.com.ar\/#organization","name":"Tienda Rigelec","url":"https:\/\/tienda.rigelec.com.ar\/","logo":{"@type":"ImageObject","inLanguage":"es-AR","@id":"https:\/\/tienda.rigelec.com.ar\/#\/schema\/logo\/image\/","url":"https:\/\/tienda.rigelec.com.ar\/wp-content\/uploads\/2024\/09\/isologo-blanco-rigelec.png","contentUrl":"https:\/\/tienda.rigelec.com.ar\/wp-content\/uploads\/2024\/09\/isologo-blanco-rigelec.png","width":94,"height":97,"caption":"Tienda Rigelec"},"image":{"@id":"https:\/\/tienda.rigelec.com.ar\/#\/schema\/logo\/image\/"}}]}},"jetpack_sharing_enabled":true,"_links":{"self":[{"href":"https:\/\/tienda.rigelec.com.ar\/index.php?rest_route=\/wp\/v2\/product\/21195","targetHints":{"allow":["GET"]}}],"collection":[{"href":"https:\/\/tienda.rigelec.com.ar\/index.php?rest_route=\/wp\/v2\/product"}],"about":[{"href":"https:\/\/tienda.rigelec.com.ar\/index.php?rest_route=\/wp\/v2\/types\/product"}],"replies":[{"embeddable":true,"href":"https:\/\/tienda.rigelec.com.ar\/index.php?rest_route=%2Fwp%2Fv2%2Fcomments&post=21195"}],"wp:featuredmedia":[{"embeddable":true,"href":"https:\/\/tienda.rigelec.com.ar\/index.php?rest_route=\/wp\/v2\/media\/21196"}],"wp:attachment":[{"href":"https:\/\/tienda.rigelec.com.ar\/index.php?rest_route=%2Fwp%2Fv2%2Fmedia&parent=21195"}],"wp:term":[{"taxonomy":"product_brand","embeddable":true,"href":"https:\/\/tienda.rigelec.com.ar\/index.php?rest_route=%2Fwp%2Fv2%2Fproduct_brand&post=21195"},{"taxonomy":"product_cat","embeddable":true,"href":"https:\/\/tienda.rigelec.com.ar\/index.php?rest_route=%2Fwp%2Fv2%2Fproduct_cat&post=21195"},{"taxonomy":"product_tag","embeddable":true,"href":"https:\/\/tienda.rigelec.com.ar\/index.php?rest_route=%2Fwp%2Fv2%2Fproduct_tag&post=21195"}],"curies":[{"name":"wp","href":"https:\/\/api.w.org\/{rel}","templated":true}]}}