{"id":21449,"date":"2024-12-19T12:42:44","date_gmt":"2024-12-19T15:42:44","guid":{"rendered":"https:\/\/tienda.test.rigelec.com.ar\/?product=lampara-dicroica-luz-calida-dimerizable-gu10-7w"},"modified":"2026-05-01T00:08:00","modified_gmt":"2026-05-01T03:08:00","slug":"lampara-dicroica-luz-calida-dimerizable-gu10-7w","status":"publish","type":"product","link":"https:\/\/tienda.rigelec.com.ar\/?product=lampara-dicroica-luz-calida-dimerizable-gu10-7w","title":{"rendered":"LAMPARA DICROICA LUZ CALIDA DIMERIZABLE GU10 7W"},"content":{"rendered":"<h4>LAMPARA DICROICA LUZ CALIDA DIMERIZABLE<\/h4>\n<p data-start=\"244\" data-end=\"494\">La L\u00e1mpara Dicroica Eco 7W 2700K \u2013 38\u00b0 Macroled es una luminaria eficiente y vers\u00e1til, ideal para resaltar detalles en espacios interiores. Su dise\u00f1o compacto y tecnolog\u00eda avanzada la convierten en una opci\u00f3n confiable para diversas aplicaciones.<\/p>\n<h4 data-start=\"496\" data-end=\"535\">Eficiencia energ\u00e9tica y rendimiento<\/h4>\n<p data-start=\"537\" data-end=\"829\">Con una potencia de 7W, esta l\u00e1mpara reemplaza a una hal\u00f3gena de hasta 50W, ofreciendo un ahorro energ\u00e9tico significativo. Su flujo luminoso de 595 l\u00famenes y una temperatura de color de 2700K proporcionan una luz c\u00e1lida y acogedora, perfecta para crear ambientes confortables.<\/p>\n<h4 data-start=\"831\" data-end=\"855\">Dise\u00f1o y durabilidad<\/h4>\n<p data-start=\"857\" data-end=\"1157\">Fabricada en PVC, esta l\u00e1mpara es ligera y resistente. Su \u00e1ngulo de apertura de 38\u00b0 permite una iluminaci\u00f3n focalizada, ideal para destacar elementos espec\u00edficos en el entorno. Adem\u00e1s, cuenta con una vida \u00fatil estimada de 25.000 horas, lo que reduce la necesidad de reemplazos frecuentes.<\/p>\n<h4 data-start=\"1159\" data-end=\"1188\">Aplicaciones recomendadas<\/h4>\n<p data-start=\"1190\" data-end=\"1508\">Esta l\u00e1mpara es adecuada para su uso en salas de estar, comedores, cocinas, oficinas y espacios comerciales que requieran una iluminaci\u00f3n c\u00e1lida y eficiente. Su f\u00e1cil instalaci\u00f3n y compatibilidad con sistemas existentes la hacen una opci\u00f3n pr\u00e1ctica y econ\u00f3mica para actualizar la iluminaci\u00f3n de cualquier ambiente.<\/p>\n<p data-start=\"1190\" data-end=\"1508\"><a href=\"https:\/\/www.macroled.com.ar\/lamparas\/7428325588493\">https:\/\/www.macroled.com.ar\/lamparas\/7428325588493<\/a><\/p>\n","protected":false},"excerpt":{"rendered":"<p>Potencia: 7W<br \/>\nTensi\u00f3n: AC100-240V<br \/>\nReemplazo: Hal\u00f3gena 50W<br \/>\nCorriente: 61mA<br \/>\nConector: GU10<br \/>\nFactor de Potencia: 0.5<br \/>\nProtecci\u00f3n IP: IP20<br \/>\nProtecci\u00f3n IK: IK00<br \/>\n\u00c1ngulo de Apertura: 38\u00b0<br \/>\nMaterial del Cuerpo: PVC<br \/>\nMaterial del Lente: PET<br \/>\nTipo de Chip: 2835 &#8211; 7pcs<br \/>\nDimerizable: Si<br \/>\nTipo de Blanco: Calido 2700K<br \/>\nL\u00famenes por Watt: 80 lm.xW<br \/>\nFlujo Luminoso: 595lm<br \/>\nFrecuencia: 50-60Hz<br \/>\nAnti-High-Volt: 2920VAS, 60s<br \/>\nEMC: Si<br \/>\nClase 2<br \/>\nVida \u00datil (horas): 25.000hs<br \/>\nSDCM: 6<br \/>\nTemperatura de Trabajo: -20\u00b0 +40\u00b0<br \/>\nR9: Alto<br \/>\nCRI: 80Ra<br \/>\nIC Driver: No<\/p>\n","protected":false},"featured_media":21450,"comment_status":"open","ping_status":"closed","template":"","meta":{"_monsterinsights_skip_tracking":false,"_monsterinsights_sitenote_active":false,"_monsterinsights_sitenote_note":"","_monsterinsights_sitenote_category":0},"product_brand":[],"product_cat":[214],"product_tag":[146],"class_list":{"0":"post-21449","1":"product","2":"type-product","3":"status-publish","4":"has-post-thumbnail","6":"product_cat-i-lamparas","7":"product_tag-macroled","9":"first","10":"instock","11":"shipping-taxable","12":"purchasable","13":"product-type-simple"},"yoast_head":"<!-- This site is optimized with the Yoast SEO plugin v25.3.1 - https:\/\/yoast.com\/wordpress\/plugins\/seo\/ -->\n<title>LAMPARA DICROICA LUZ CALIDA DIMERIZABLE GU10 7W - Tienda Rigelec<\/title>\n<meta name=\"robots\" content=\"index, follow, max-snippet:-1, max-image-preview:large, max-video-preview:-1\" \/>\n<link rel=\"canonical\" href=\"https:\/\/tienda.rigelec.com.ar\/?product=lampara-dicroica-luz-calida-dimerizable-gu10-7w\" \/>\n<meta property=\"og:locale\" content=\"es_ES\" \/>\n<meta property=\"og:type\" content=\"article\" \/>\n<meta property=\"og:title\" content=\"LAMPARA DICROICA LUZ CALIDA DIMERIZABLE GU10 7W - Tienda Rigelec\" \/>\n<meta property=\"og:description\" content=\"Potencia: 7W Tensi\u00f3n: AC100-240V Reemplazo: Hal\u00f3gena 50W Corriente: 61mA Conector: GU10 Factor de Potencia: 0.5 Protecci\u00f3n IP: IP20 Protecci\u00f3n IK: IK00 \u00c1ngulo de Apertura: 38\u00b0 Material del Cuerpo: PVC Material del Lente: PET Tipo de Chip: 2835 - 7pcs Dimerizable: Si Tipo de Blanco: Calido 2700K L\u00famenes por Watt: 80 lm.xW Flujo Luminoso: 595lm Frecuencia: 50-60Hz Anti-High-Volt: 2920VAS, 60s EMC: Si Clase 2 Vida \u00datil (horas): 25.000hs SDCM: 6 Temperatura de Trabajo: -20\u00b0 +40\u00b0 R9: Alto CRI: 80Ra IC Driver: No\" \/>\n<meta property=\"og:url\" content=\"https:\/\/tienda.rigelec.com.ar\/?product=lampara-dicroica-luz-calida-dimerizable-gu10-7w\" \/>\n<meta property=\"og:site_name\" content=\"Tienda Rigelec\" \/>\n<meta property=\"article:modified_time\" content=\"2026-05-01T03:08:00+00:00\" \/>\n<meta property=\"og:image\" content=\"https:\/\/tienda.rigelec.com.ar\/wp-content\/uploads\/2024\/12\/LAMPARADICROICALUZCALIDADIMERIZABLE.jpg\" \/>\n\t<meta property=\"og:image:width\" content=\"647\" \/>\n\t<meta property=\"og:image:height\" content=\"655\" \/>\n\t<meta property=\"og:image:type\" content=\"image\/jpeg\" \/>\n<meta name=\"twitter:card\" content=\"summary_large_image\" \/>\n<meta name=\"twitter:label1\" content=\"Tiempo de lectura\" \/>\n\t<meta name=\"twitter:data1\" content=\"2 minutos\" \/>\n<script type=\"application\/ld+json\" class=\"yoast-schema-graph\">{\"@context\":\"https:\/\/schema.org\",\"@graph\":[{\"@type\":\"WebPage\",\"@id\":\"https:\/\/tienda.rigelec.com.ar\/?product=lampara-dicroica-luz-calida-dimerizable-gu10-7w\",\"url\":\"https:\/\/tienda.rigelec.com.ar\/?product=lampara-dicroica-luz-calida-dimerizable-gu10-7w\",\"name\":\"LAMPARA DICROICA LUZ CALIDA DIMERIZABLE GU10 7W - Tienda Rigelec\",\"isPartOf\":{\"@id\":\"https:\/\/tienda.rigelec.com.ar\/#website\"},\"primaryImageOfPage\":{\"@id\":\"https:\/\/tienda.rigelec.com.ar\/?product=lampara-dicroica-luz-calida-dimerizable-gu10-7w#primaryimage\"},\"image\":{\"@id\":\"https:\/\/tienda.rigelec.com.ar\/?product=lampara-dicroica-luz-calida-dimerizable-gu10-7w#primaryimage\"},\"thumbnailUrl\":\"https:\/\/tienda.rigelec.com.ar\/wp-content\/uploads\/2024\/12\/LAMPARADICROICALUZCALIDADIMERIZABLE.jpg\",\"datePublished\":\"2024-12-19T15:42:44+00:00\",\"dateModified\":\"2026-05-01T03:08:00+00:00\",\"breadcrumb\":{\"@id\":\"https:\/\/tienda.rigelec.com.ar\/?product=lampara-dicroica-luz-calida-dimerizable-gu10-7w#breadcrumb\"},\"inLanguage\":\"es-AR\",\"potentialAction\":[{\"@type\":\"ReadAction\",\"target\":[\"https:\/\/tienda.rigelec.com.ar\/?product=lampara-dicroica-luz-calida-dimerizable-gu10-7w\"]}]},{\"@type\":\"ImageObject\",\"inLanguage\":\"es-AR\",\"@id\":\"https:\/\/tienda.rigelec.com.ar\/?product=lampara-dicroica-luz-calida-dimerizable-gu10-7w#primaryimage\",\"url\":\"https:\/\/tienda.rigelec.com.ar\/wp-content\/uploads\/2024\/12\/LAMPARADICROICALUZCALIDADIMERIZABLE.jpg\",\"contentUrl\":\"https:\/\/tienda.rigelec.com.ar\/wp-content\/uploads\/2024\/12\/LAMPARADICROICALUZCALIDADIMERIZABLE.jpg\",\"width\":647,\"height\":655},{\"@type\":\"BreadcrumbList\",\"@id\":\"https:\/\/tienda.rigelec.com.ar\/?product=lampara-dicroica-luz-calida-dimerizable-gu10-7w#breadcrumb\",\"itemListElement\":[{\"@type\":\"ListItem\",\"position\":1,\"name\":\"Inicio\",\"item\":\"https:\/\/tienda.rigelec.com.ar\/\"},{\"@type\":\"ListItem\",\"position\":2,\"name\":\"Shop\",\"item\":\"https:\/\/tienda.rigelec.com.ar\/?page_id=12\"},{\"@type\":\"ListItem\",\"position\":3,\"name\":\"LAMPARA DICROICA LUZ CALIDA DIMERIZABLE GU10 7W\"}]},{\"@type\":\"WebSite\",\"@id\":\"https:\/\/tienda.rigelec.com.ar\/#website\",\"url\":\"https:\/\/tienda.rigelec.com.ar\/\",\"name\":\"Tienda Rigelec\",\"description\":\"Energia en movimiento\",\"publisher\":{\"@id\":\"https:\/\/tienda.rigelec.com.ar\/#organization\"},\"potentialAction\":[{\"@type\":\"SearchAction\",\"target\":{\"@type\":\"EntryPoint\",\"urlTemplate\":\"https:\/\/tienda.rigelec.com.ar\/?s={search_term_string}\"},\"query-input\":{\"@type\":\"PropertyValueSpecification\",\"valueRequired\":true,\"valueName\":\"search_term_string\"}}],\"inLanguage\":\"es-AR\"},{\"@type\":\"Organization\",\"@id\":\"https:\/\/tienda.rigelec.com.ar\/#organization\",\"name\":\"Tienda Rigelec\",\"url\":\"https:\/\/tienda.rigelec.com.ar\/\",\"logo\":{\"@type\":\"ImageObject\",\"inLanguage\":\"es-AR\",\"@id\":\"https:\/\/tienda.rigelec.com.ar\/#\/schema\/logo\/image\/\",\"url\":\"https:\/\/tienda.rigelec.com.ar\/wp-content\/uploads\/2024\/09\/isologo-blanco-rigelec.png\",\"contentUrl\":\"https:\/\/tienda.rigelec.com.ar\/wp-content\/uploads\/2024\/09\/isologo-blanco-rigelec.png\",\"width\":94,\"height\":97,\"caption\":\"Tienda Rigelec\"},\"image\":{\"@id\":\"https:\/\/tienda.rigelec.com.ar\/#\/schema\/logo\/image\/\"}}]}<\/script>\n<!-- \/ Yoast SEO plugin. -->","yoast_head_json":{"title":"LAMPARA DICROICA LUZ CALIDA DIMERIZABLE GU10 7W - Tienda Rigelec","robots":{"index":"index","follow":"follow","max-snippet":"max-snippet:-1","max-image-preview":"max-image-preview:large","max-video-preview":"max-video-preview:-1"},"canonical":"https:\/\/tienda.rigelec.com.ar\/?product=lampara-dicroica-luz-calida-dimerizable-gu10-7w","og_locale":"es_ES","og_type":"article","og_title":"LAMPARA DICROICA LUZ CALIDA DIMERIZABLE GU10 7W - Tienda Rigelec","og_description":"Potencia: 7W Tensi\u00f3n: AC100-240V Reemplazo: Hal\u00f3gena 50W Corriente: 61mA Conector: GU10 Factor de Potencia: 0.5 Protecci\u00f3n IP: IP20 Protecci\u00f3n IK: IK00 \u00c1ngulo de Apertura: 38\u00b0 Material del Cuerpo: PVC Material del Lente: PET Tipo de Chip: 2835 - 7pcs Dimerizable: Si Tipo de Blanco: Calido 2700K L\u00famenes por Watt: 80 lm.xW Flujo Luminoso: 595lm Frecuencia: 50-60Hz Anti-High-Volt: 2920VAS, 60s EMC: Si Clase 2 Vida \u00datil (horas): 25.000hs SDCM: 6 Temperatura de Trabajo: -20\u00b0 +40\u00b0 R9: Alto CRI: 80Ra IC Driver: No","og_url":"https:\/\/tienda.rigelec.com.ar\/?product=lampara-dicroica-luz-calida-dimerizable-gu10-7w","og_site_name":"Tienda Rigelec","article_modified_time":"2026-05-01T03:08:00+00:00","og_image":[{"width":647,"height":655,"url":"https:\/\/tienda.rigelec.com.ar\/wp-content\/uploads\/2024\/12\/LAMPARADICROICALUZCALIDADIMERIZABLE.jpg","type":"image\/jpeg"}],"twitter_card":"summary_large_image","twitter_misc":{"Tiempo de lectura":"2 minutos"},"schema":{"@context":"https:\/\/schema.org","@graph":[{"@type":"WebPage","@id":"https:\/\/tienda.rigelec.com.ar\/?product=lampara-dicroica-luz-calida-dimerizable-gu10-7w","url":"https:\/\/tienda.rigelec.com.ar\/?product=lampara-dicroica-luz-calida-dimerizable-gu10-7w","name":"LAMPARA DICROICA LUZ CALIDA DIMERIZABLE GU10 7W - Tienda Rigelec","isPartOf":{"@id":"https:\/\/tienda.rigelec.com.ar\/#website"},"primaryImageOfPage":{"@id":"https:\/\/tienda.rigelec.com.ar\/?product=lampara-dicroica-luz-calida-dimerizable-gu10-7w#primaryimage"},"image":{"@id":"https:\/\/tienda.rigelec.com.ar\/?product=lampara-dicroica-luz-calida-dimerizable-gu10-7w#primaryimage"},"thumbnailUrl":"https:\/\/tienda.rigelec.com.ar\/wp-content\/uploads\/2024\/12\/LAMPARADICROICALUZCALIDADIMERIZABLE.jpg","datePublished":"2024-12-19T15:42:44+00:00","dateModified":"2026-05-01T03:08:00+00:00","breadcrumb":{"@id":"https:\/\/tienda.rigelec.com.ar\/?product=lampara-dicroica-luz-calida-dimerizable-gu10-7w#breadcrumb"},"inLanguage":"es-AR","potentialAction":[{"@type":"ReadAction","target":["https:\/\/tienda.rigelec.com.ar\/?product=lampara-dicroica-luz-calida-dimerizable-gu10-7w"]}]},{"@type":"ImageObject","inLanguage":"es-AR","@id":"https:\/\/tienda.rigelec.com.ar\/?product=lampara-dicroica-luz-calida-dimerizable-gu10-7w#primaryimage","url":"https:\/\/tienda.rigelec.com.ar\/wp-content\/uploads\/2024\/12\/LAMPARADICROICALUZCALIDADIMERIZABLE.jpg","contentUrl":"https:\/\/tienda.rigelec.com.ar\/wp-content\/uploads\/2024\/12\/LAMPARADICROICALUZCALIDADIMERIZABLE.jpg","width":647,"height":655},{"@type":"BreadcrumbList","@id":"https:\/\/tienda.rigelec.com.ar\/?product=lampara-dicroica-luz-calida-dimerizable-gu10-7w#breadcrumb","itemListElement":[{"@type":"ListItem","position":1,"name":"Inicio","item":"https:\/\/tienda.rigelec.com.ar\/"},{"@type":"ListItem","position":2,"name":"Shop","item":"https:\/\/tienda.rigelec.com.ar\/?page_id=12"},{"@type":"ListItem","position":3,"name":"LAMPARA DICROICA LUZ CALIDA DIMERIZABLE GU10 7W"}]},{"@type":"WebSite","@id":"https:\/\/tienda.rigelec.com.ar\/#website","url":"https:\/\/tienda.rigelec.com.ar\/","name":"Tienda Rigelec","description":"Energia en movimiento","publisher":{"@id":"https:\/\/tienda.rigelec.com.ar\/#organization"},"potentialAction":[{"@type":"SearchAction","target":{"@type":"EntryPoint","urlTemplate":"https:\/\/tienda.rigelec.com.ar\/?s={search_term_string}"},"query-input":{"@type":"PropertyValueSpecification","valueRequired":true,"valueName":"search_term_string"}}],"inLanguage":"es-AR"},{"@type":"Organization","@id":"https:\/\/tienda.rigelec.com.ar\/#organization","name":"Tienda Rigelec","url":"https:\/\/tienda.rigelec.com.ar\/","logo":{"@type":"ImageObject","inLanguage":"es-AR","@id":"https:\/\/tienda.rigelec.com.ar\/#\/schema\/logo\/image\/","url":"https:\/\/tienda.rigelec.com.ar\/wp-content\/uploads\/2024\/09\/isologo-blanco-rigelec.png","contentUrl":"https:\/\/tienda.rigelec.com.ar\/wp-content\/uploads\/2024\/09\/isologo-blanco-rigelec.png","width":94,"height":97,"caption":"Tienda Rigelec"},"image":{"@id":"https:\/\/tienda.rigelec.com.ar\/#\/schema\/logo\/image\/"}}]}},"jetpack_sharing_enabled":true,"_links":{"self":[{"href":"https:\/\/tienda.rigelec.com.ar\/index.php?rest_route=\/wp\/v2\/product\/21449","targetHints":{"allow":["GET"]}}],"collection":[{"href":"https:\/\/tienda.rigelec.com.ar\/index.php?rest_route=\/wp\/v2\/product"}],"about":[{"href":"https:\/\/tienda.rigelec.com.ar\/index.php?rest_route=\/wp\/v2\/types\/product"}],"replies":[{"embeddable":true,"href":"https:\/\/tienda.rigelec.com.ar\/index.php?rest_route=%2Fwp%2Fv2%2Fcomments&post=21449"}],"wp:featuredmedia":[{"embeddable":true,"href":"https:\/\/tienda.rigelec.com.ar\/index.php?rest_route=\/wp\/v2\/media\/21450"}],"wp:attachment":[{"href":"https:\/\/tienda.rigelec.com.ar\/index.php?rest_route=%2Fwp%2Fv2%2Fmedia&parent=21449"}],"wp:term":[{"taxonomy":"product_brand","embeddable":true,"href":"https:\/\/tienda.rigelec.com.ar\/index.php?rest_route=%2Fwp%2Fv2%2Fproduct_brand&post=21449"},{"taxonomy":"product_cat","embeddable":true,"href":"https:\/\/tienda.rigelec.com.ar\/index.php?rest_route=%2Fwp%2Fv2%2Fproduct_cat&post=21449"},{"taxonomy":"product_tag","embeddable":true,"href":"https:\/\/tienda.rigelec.com.ar\/index.php?rest_route=%2Fwp%2Fv2%2Fproduct_tag&post=21449"}],"curies":[{"name":"wp","href":"https:\/\/api.w.org\/{rel}","templated":true}]}}