{"id":21541,"date":"2024-12-19T12:47:27","date_gmt":"2024-12-19T15:47:27","guid":{"rendered":"https:\/\/tienda.test.rigelec.com.ar\/?product=cable-canal-blanco-con-adhesivo-14x7mm"},"modified":"2026-05-01T00:16:34","modified_gmt":"2026-05-01T03:16:34","slug":"cable-canal-blanco-con-adhesivo-14x7mm","status":"publish","type":"product","link":"https:\/\/tienda.rigelec.com.ar\/?product=cable-canal-blanco-con-adhesivo-14x7mm","title":{"rendered":"CABLE CANAL BLANCO CON ADHESIVO 14X7MM"},"content":{"rendered":"<p>CABLE CANAL BLANCO<\/p>\n","protected":false},"excerpt":{"rendered":"<p>Cablecanal con tapa clipzable Tapa clipzable que se cierra firme para un acceso sin esfuerzo. Instalaci\u00f3n sencilla sin necesidad de desmontar completamente el cablecanal, cuenta con encastre perfecto. Protecci\u00f3n eficaz y orden en la gesti\u00f3n del cableado. Ideal para aplicaciones residenciales y comerciales.<\/p>\n","protected":false},"featured_media":21542,"comment_status":"open","ping_status":"closed","template":"","meta":{"_monsterinsights_skip_tracking":false,"_monsterinsights_sitenote_active":false,"_monsterinsights_sitenote_note":"","_monsterinsights_sitenote_category":0},"product_brand":[],"product_cat":[161],"product_tag":[66],"class_list":{"0":"post-21541","1":"product","2":"type-product","3":"status-publish","4":"has-post-thumbnail","6":"product_cat-iv-cablecanal","7":"product_tag-genrod","9":"first","10":"instock","11":"shipping-taxable","12":"purchasable","13":"product-type-simple"},"yoast_head":"<!-- This site is optimized with the Yoast SEO plugin v25.3.1 - https:\/\/yoast.com\/wordpress\/plugins\/seo\/ -->\n<title>CABLE CANAL BLANCO CON ADHESIVO 14X7MM - Tienda Rigelec<\/title>\n<meta name=\"robots\" content=\"index, follow, max-snippet:-1, max-image-preview:large, max-video-preview:-1\" \/>\n<link rel=\"canonical\" href=\"https:\/\/tienda.rigelec.com.ar\/?product=cable-canal-blanco-con-adhesivo-14x7mm\" \/>\n<meta property=\"og:locale\" content=\"es_ES\" \/>\n<meta property=\"og:type\" content=\"article\" \/>\n<meta property=\"og:title\" content=\"CABLE CANAL BLANCO CON ADHESIVO 14X7MM - Tienda Rigelec\" \/>\n<meta property=\"og:description\" content=\"Cablecanal con tapa clipzable Tapa clipzable que se cierra firme para un acceso sin esfuerzo. Instalaci\u00f3n sencilla sin necesidad de desmontar completamente el cablecanal, cuenta con encastre perfecto. Protecci\u00f3n eficaz y orden en la gesti\u00f3n del cableado. Ideal para aplicaciones residenciales y comerciales.\" \/>\n<meta property=\"og:url\" content=\"https:\/\/tienda.rigelec.com.ar\/?product=cable-canal-blanco-con-adhesivo-14x7mm\" \/>\n<meta property=\"og:site_name\" content=\"Tienda Rigelec\" \/>\n<meta property=\"article:modified_time\" content=\"2026-05-01T03:16:34+00:00\" \/>\n<meta property=\"og:image\" content=\"https:\/\/tienda.rigelec.com.ar\/wp-content\/uploads\/2024\/12\/CABLECANALBLANCO.jpg\" \/>\n\t<meta property=\"og:image:width\" content=\"1080\" \/>\n\t<meta property=\"og:image:height\" content=\"961\" \/>\n\t<meta property=\"og:image:type\" content=\"image\/jpeg\" \/>\n<meta name=\"twitter:card\" content=\"summary_large_image\" \/>\n<script type=\"application\/ld+json\" class=\"yoast-schema-graph\">{\"@context\":\"https:\/\/schema.org\",\"@graph\":[{\"@type\":\"WebPage\",\"@id\":\"https:\/\/tienda.rigelec.com.ar\/?product=cable-canal-blanco-con-adhesivo-14x7mm\",\"url\":\"https:\/\/tienda.rigelec.com.ar\/?product=cable-canal-blanco-con-adhesivo-14x7mm\",\"name\":\"CABLE CANAL BLANCO CON ADHESIVO 14X7MM - Tienda Rigelec\",\"isPartOf\":{\"@id\":\"https:\/\/tienda.rigelec.com.ar\/#website\"},\"primaryImageOfPage\":{\"@id\":\"https:\/\/tienda.rigelec.com.ar\/?product=cable-canal-blanco-con-adhesivo-14x7mm#primaryimage\"},\"image\":{\"@id\":\"https:\/\/tienda.rigelec.com.ar\/?product=cable-canal-blanco-con-adhesivo-14x7mm#primaryimage\"},\"thumbnailUrl\":\"https:\/\/tienda.rigelec.com.ar\/wp-content\/uploads\/2024\/12\/CABLECANALBLANCO.jpg\",\"datePublished\":\"2024-12-19T15:47:27+00:00\",\"dateModified\":\"2026-05-01T03:16:34+00:00\",\"breadcrumb\":{\"@id\":\"https:\/\/tienda.rigelec.com.ar\/?product=cable-canal-blanco-con-adhesivo-14x7mm#breadcrumb\"},\"inLanguage\":\"es-AR\",\"potentialAction\":[{\"@type\":\"ReadAction\",\"target\":[\"https:\/\/tienda.rigelec.com.ar\/?product=cable-canal-blanco-con-adhesivo-14x7mm\"]}]},{\"@type\":\"ImageObject\",\"inLanguage\":\"es-AR\",\"@id\":\"https:\/\/tienda.rigelec.com.ar\/?product=cable-canal-blanco-con-adhesivo-14x7mm#primaryimage\",\"url\":\"https:\/\/tienda.rigelec.com.ar\/wp-content\/uploads\/2024\/12\/CABLECANALBLANCO.jpg\",\"contentUrl\":\"https:\/\/tienda.rigelec.com.ar\/wp-content\/uploads\/2024\/12\/CABLECANALBLANCO.jpg\",\"width\":1080,\"height\":961},{\"@type\":\"BreadcrumbList\",\"@id\":\"https:\/\/tienda.rigelec.com.ar\/?product=cable-canal-blanco-con-adhesivo-14x7mm#breadcrumb\",\"itemListElement\":[{\"@type\":\"ListItem\",\"position\":1,\"name\":\"Inicio\",\"item\":\"https:\/\/tienda.rigelec.com.ar\/\"},{\"@type\":\"ListItem\",\"position\":2,\"name\":\"Shop\",\"item\":\"https:\/\/tienda.rigelec.com.ar\/?page_id=12\"},{\"@type\":\"ListItem\",\"position\":3,\"name\":\"CABLE CANAL BLANCO CON ADHESIVO 14X7MM\"}]},{\"@type\":\"WebSite\",\"@id\":\"https:\/\/tienda.rigelec.com.ar\/#website\",\"url\":\"https:\/\/tienda.rigelec.com.ar\/\",\"name\":\"Tienda Rigelec\",\"description\":\"Energia en movimiento\",\"publisher\":{\"@id\":\"https:\/\/tienda.rigelec.com.ar\/#organization\"},\"potentialAction\":[{\"@type\":\"SearchAction\",\"target\":{\"@type\":\"EntryPoint\",\"urlTemplate\":\"https:\/\/tienda.rigelec.com.ar\/?s={search_term_string}\"},\"query-input\":{\"@type\":\"PropertyValueSpecification\",\"valueRequired\":true,\"valueName\":\"search_term_string\"}}],\"inLanguage\":\"es-AR\"},{\"@type\":\"Organization\",\"@id\":\"https:\/\/tienda.rigelec.com.ar\/#organization\",\"name\":\"Tienda Rigelec\",\"url\":\"https:\/\/tienda.rigelec.com.ar\/\",\"logo\":{\"@type\":\"ImageObject\",\"inLanguage\":\"es-AR\",\"@id\":\"https:\/\/tienda.rigelec.com.ar\/#\/schema\/logo\/image\/\",\"url\":\"https:\/\/tienda.rigelec.com.ar\/wp-content\/uploads\/2024\/09\/isologo-blanco-rigelec.png\",\"contentUrl\":\"https:\/\/tienda.rigelec.com.ar\/wp-content\/uploads\/2024\/09\/isologo-blanco-rigelec.png\",\"width\":94,\"height\":97,\"caption\":\"Tienda Rigelec\"},\"image\":{\"@id\":\"https:\/\/tienda.rigelec.com.ar\/#\/schema\/logo\/image\/\"}}]}<\/script>\n<!-- \/ Yoast SEO plugin. -->","yoast_head_json":{"title":"CABLE CANAL BLANCO CON ADHESIVO 14X7MM - Tienda Rigelec","robots":{"index":"index","follow":"follow","max-snippet":"max-snippet:-1","max-image-preview":"max-image-preview:large","max-video-preview":"max-video-preview:-1"},"canonical":"https:\/\/tienda.rigelec.com.ar\/?product=cable-canal-blanco-con-adhesivo-14x7mm","og_locale":"es_ES","og_type":"article","og_title":"CABLE CANAL BLANCO CON ADHESIVO 14X7MM - Tienda Rigelec","og_description":"Cablecanal con tapa clipzable Tapa clipzable que se cierra firme para un acceso sin esfuerzo. Instalaci\u00f3n sencilla sin necesidad de desmontar completamente el cablecanal, cuenta con encastre perfecto. Protecci\u00f3n eficaz y orden en la gesti\u00f3n del cableado. Ideal para aplicaciones residenciales y comerciales.","og_url":"https:\/\/tienda.rigelec.com.ar\/?product=cable-canal-blanco-con-adhesivo-14x7mm","og_site_name":"Tienda Rigelec","article_modified_time":"2026-05-01T03:16:34+00:00","og_image":[{"width":1080,"height":961,"url":"https:\/\/tienda.rigelec.com.ar\/wp-content\/uploads\/2024\/12\/CABLECANALBLANCO.jpg","type":"image\/jpeg"}],"twitter_card":"summary_large_image","schema":{"@context":"https:\/\/schema.org","@graph":[{"@type":"WebPage","@id":"https:\/\/tienda.rigelec.com.ar\/?product=cable-canal-blanco-con-adhesivo-14x7mm","url":"https:\/\/tienda.rigelec.com.ar\/?product=cable-canal-blanco-con-adhesivo-14x7mm","name":"CABLE CANAL BLANCO CON ADHESIVO 14X7MM - Tienda Rigelec","isPartOf":{"@id":"https:\/\/tienda.rigelec.com.ar\/#website"},"primaryImageOfPage":{"@id":"https:\/\/tienda.rigelec.com.ar\/?product=cable-canal-blanco-con-adhesivo-14x7mm#primaryimage"},"image":{"@id":"https:\/\/tienda.rigelec.com.ar\/?product=cable-canal-blanco-con-adhesivo-14x7mm#primaryimage"},"thumbnailUrl":"https:\/\/tienda.rigelec.com.ar\/wp-content\/uploads\/2024\/12\/CABLECANALBLANCO.jpg","datePublished":"2024-12-19T15:47:27+00:00","dateModified":"2026-05-01T03:16:34+00:00","breadcrumb":{"@id":"https:\/\/tienda.rigelec.com.ar\/?product=cable-canal-blanco-con-adhesivo-14x7mm#breadcrumb"},"inLanguage":"es-AR","potentialAction":[{"@type":"ReadAction","target":["https:\/\/tienda.rigelec.com.ar\/?product=cable-canal-blanco-con-adhesivo-14x7mm"]}]},{"@type":"ImageObject","inLanguage":"es-AR","@id":"https:\/\/tienda.rigelec.com.ar\/?product=cable-canal-blanco-con-adhesivo-14x7mm#primaryimage","url":"https:\/\/tienda.rigelec.com.ar\/wp-content\/uploads\/2024\/12\/CABLECANALBLANCO.jpg","contentUrl":"https:\/\/tienda.rigelec.com.ar\/wp-content\/uploads\/2024\/12\/CABLECANALBLANCO.jpg","width":1080,"height":961},{"@type":"BreadcrumbList","@id":"https:\/\/tienda.rigelec.com.ar\/?product=cable-canal-blanco-con-adhesivo-14x7mm#breadcrumb","itemListElement":[{"@type":"ListItem","position":1,"name":"Inicio","item":"https:\/\/tienda.rigelec.com.ar\/"},{"@type":"ListItem","position":2,"name":"Shop","item":"https:\/\/tienda.rigelec.com.ar\/?page_id=12"},{"@type":"ListItem","position":3,"name":"CABLE CANAL BLANCO CON ADHESIVO 14X7MM"}]},{"@type":"WebSite","@id":"https:\/\/tienda.rigelec.com.ar\/#website","url":"https:\/\/tienda.rigelec.com.ar\/","name":"Tienda Rigelec","description":"Energia en movimiento","publisher":{"@id":"https:\/\/tienda.rigelec.com.ar\/#organization"},"potentialAction":[{"@type":"SearchAction","target":{"@type":"EntryPoint","urlTemplate":"https:\/\/tienda.rigelec.com.ar\/?s={search_term_string}"},"query-input":{"@type":"PropertyValueSpecification","valueRequired":true,"valueName":"search_term_string"}}],"inLanguage":"es-AR"},{"@type":"Organization","@id":"https:\/\/tienda.rigelec.com.ar\/#organization","name":"Tienda Rigelec","url":"https:\/\/tienda.rigelec.com.ar\/","logo":{"@type":"ImageObject","inLanguage":"es-AR","@id":"https:\/\/tienda.rigelec.com.ar\/#\/schema\/logo\/image\/","url":"https:\/\/tienda.rigelec.com.ar\/wp-content\/uploads\/2024\/09\/isologo-blanco-rigelec.png","contentUrl":"https:\/\/tienda.rigelec.com.ar\/wp-content\/uploads\/2024\/09\/isologo-blanco-rigelec.png","width":94,"height":97,"caption":"Tienda Rigelec"},"image":{"@id":"https:\/\/tienda.rigelec.com.ar\/#\/schema\/logo\/image\/"}}]}},"jetpack_sharing_enabled":true,"_links":{"self":[{"href":"https:\/\/tienda.rigelec.com.ar\/index.php?rest_route=\/wp\/v2\/product\/21541","targetHints":{"allow":["GET"]}}],"collection":[{"href":"https:\/\/tienda.rigelec.com.ar\/index.php?rest_route=\/wp\/v2\/product"}],"about":[{"href":"https:\/\/tienda.rigelec.com.ar\/index.php?rest_route=\/wp\/v2\/types\/product"}],"replies":[{"embeddable":true,"href":"https:\/\/tienda.rigelec.com.ar\/index.php?rest_route=%2Fwp%2Fv2%2Fcomments&post=21541"}],"wp:featuredmedia":[{"embeddable":true,"href":"https:\/\/tienda.rigelec.com.ar\/index.php?rest_route=\/wp\/v2\/media\/21542"}],"wp:attachment":[{"href":"https:\/\/tienda.rigelec.com.ar\/index.php?rest_route=%2Fwp%2Fv2%2Fmedia&parent=21541"}],"wp:term":[{"taxonomy":"product_brand","embeddable":true,"href":"https:\/\/tienda.rigelec.com.ar\/index.php?rest_route=%2Fwp%2Fv2%2Fproduct_brand&post=21541"},{"taxonomy":"product_cat","embeddable":true,"href":"https:\/\/tienda.rigelec.com.ar\/index.php?rest_route=%2Fwp%2Fv2%2Fproduct_cat&post=21541"},{"taxonomy":"product_tag","embeddable":true,"href":"https:\/\/tienda.rigelec.com.ar\/index.php?rest_route=%2Fwp%2Fv2%2Fproduct_tag&post=21541"}],"curies":[{"name":"wp","href":"https:\/\/api.w.org\/{rel}","templated":true}]}}