{"id":21627,"date":"2024-12-19T12:52:21","date_gmt":"2024-12-19T15:52:21","guid":{"rendered":"https:\/\/tienda.test.rigelec.com.ar\/?product=ficha-hembra-industrial-movil-6h-ip67-63a-380v-3pt"},"modified":"2026-05-01T00:21:59","modified_gmt":"2026-05-01T03:21:59","slug":"ficha-hembra-industrial-movil-6h-ip67-63a-380v-3pt","status":"publish","type":"product","link":"https:\/\/tienda.rigelec.com.ar\/?product=ficha-hembra-industrial-movil-6h-ip67-63a-380v-3pt","title":{"rendered":"FICHA HEMBRA INDUSTRIAL MOVIL 6H &#8211; IP67 63A &#8211; 380V &#8211; 3P+T"},"content":{"rendered":"<p>FICHA HEMBRA INDUSTRIAL MOVIL<\/p>\n","protected":false},"excerpt":{"rendered":"<p>Serie comercial:OPTIMA<br \/>\nDescripci\u00f3n: PROLONGADOR<br \/>\nTipo de instalaci\u00f3n: PORT\u00c1TIL<br \/>\nIntensidad nominal: 63A<br \/>\nPolos: 3P+T<br \/>\nPosici\u00f3n de hora: 6h<br \/>\nTensi\u00f3n nominal (range): 250-400V<br \/>\nTensi\u00f3n nominal: 380-415V<br \/>\nFrecuencia nominal: 60Hz\/50Hz<br \/>\nColor: ROJO<br \/>\nMaterial: TERMOPL\u00c1STICO<br \/>\nGrado de protecci\u00f3n: Watertight<br \/>\nGrado de protecci\u00f3n IP: IP66\/IP67\/IP69<br \/>\nGrado de protecci\u00f3n IK: IK08<br \/>\nTipos de salidas disponibles: RECTA<br \/>\nBornes: Bornes conexi\u00f3n brida tornillo<\/p>\n","protected":false},"featured_media":21628,"comment_status":"open","ping_status":"closed","template":"","meta":{"_monsterinsights_skip_tracking":false,"_monsterinsights_sitenote_active":false,"_monsterinsights_sitenote_note":"","_monsterinsights_sitenote_category":0},"product_brand":[],"product_cat":[339],"product_tag":[437],"class_list":{"0":"post-21627","1":"product","2":"type-product","3":"status-publish","4":"has-post-thumbnail","6":"product_cat-ii-fichas-industriales","7":"product_tag-scame","9":"first","10":"outofstock","11":"shipping-taxable","12":"purchasable","13":"product-type-simple"},"yoast_head":"<!-- This site is optimized with the Yoast SEO plugin v25.3.1 - https:\/\/yoast.com\/wordpress\/plugins\/seo\/ -->\n<title>FICHA HEMBRA INDUSTRIAL MOVIL 6H - IP67 63A - 380V - 3P+T - Tienda Rigelec<\/title>\n<meta name=\"robots\" content=\"index, follow, max-snippet:-1, max-image-preview:large, max-video-preview:-1\" \/>\n<link rel=\"canonical\" href=\"https:\/\/tienda.rigelec.com.ar\/?product=ficha-hembra-industrial-movil-6h-ip67-63a-380v-3pt\" \/>\n<meta property=\"og:locale\" content=\"es_ES\" \/>\n<meta property=\"og:type\" content=\"article\" \/>\n<meta property=\"og:title\" content=\"FICHA HEMBRA INDUSTRIAL MOVIL 6H - IP67 63A - 380V - 3P+T - Tienda Rigelec\" \/>\n<meta property=\"og:description\" content=\"Serie comercial:OPTIMA Descripci\u00f3n: PROLONGADOR Tipo de instalaci\u00f3n: PORT\u00c1TIL Intensidad nominal: 63A Polos: 3P+T Posici\u00f3n de hora: 6h Tensi\u00f3n nominal (range): 250-400V Tensi\u00f3n nominal: 380-415V Frecuencia nominal: 60Hz\/50Hz Color: ROJO Material: TERMOPL\u00c1STICO Grado de protecci\u00f3n: Watertight Grado de protecci\u00f3n IP: IP66\/IP67\/IP69 Grado de protecci\u00f3n IK: IK08 Tipos de salidas disponibles: RECTA Bornes: Bornes conexi\u00f3n brida tornillo\" \/>\n<meta property=\"og:url\" content=\"https:\/\/tienda.rigelec.com.ar\/?product=ficha-hembra-industrial-movil-6h-ip67-63a-380v-3pt\" \/>\n<meta property=\"og:site_name\" content=\"Tienda Rigelec\" \/>\n<meta property=\"article:modified_time\" content=\"2026-05-01T03:21:59+00:00\" \/>\n<meta property=\"og:image\" content=\"https:\/\/tienda.rigelec.com.ar\/wp-content\/uploads\/2024\/12\/FICHAHEMBRAINDUSTRIALMOVIL.jpg\" \/>\n\t<meta property=\"og:image:width\" content=\"1080\" \/>\n\t<meta property=\"og:image:height\" content=\"956\" \/>\n\t<meta property=\"og:image:type\" content=\"image\/jpeg\" \/>\n<meta name=\"twitter:card\" content=\"summary_large_image\" \/>\n<script type=\"application\/ld+json\" class=\"yoast-schema-graph\">{\"@context\":\"https:\/\/schema.org\",\"@graph\":[{\"@type\":\"WebPage\",\"@id\":\"https:\/\/tienda.rigelec.com.ar\/?product=ficha-hembra-industrial-movil-6h-ip67-63a-380v-3pt\",\"url\":\"https:\/\/tienda.rigelec.com.ar\/?product=ficha-hembra-industrial-movil-6h-ip67-63a-380v-3pt\",\"name\":\"FICHA HEMBRA INDUSTRIAL MOVIL 6H - IP67 63A - 380V - 3P+T - Tienda Rigelec\",\"isPartOf\":{\"@id\":\"https:\/\/tienda.rigelec.com.ar\/#website\"},\"primaryImageOfPage\":{\"@id\":\"https:\/\/tienda.rigelec.com.ar\/?product=ficha-hembra-industrial-movil-6h-ip67-63a-380v-3pt#primaryimage\"},\"image\":{\"@id\":\"https:\/\/tienda.rigelec.com.ar\/?product=ficha-hembra-industrial-movil-6h-ip67-63a-380v-3pt#primaryimage\"},\"thumbnailUrl\":\"https:\/\/tienda.rigelec.com.ar\/wp-content\/uploads\/2024\/12\/FICHAHEMBRAINDUSTRIALMOVIL.jpg\",\"datePublished\":\"2024-12-19T15:52:21+00:00\",\"dateModified\":\"2026-05-01T03:21:59+00:00\",\"breadcrumb\":{\"@id\":\"https:\/\/tienda.rigelec.com.ar\/?product=ficha-hembra-industrial-movil-6h-ip67-63a-380v-3pt#breadcrumb\"},\"inLanguage\":\"es-AR\",\"potentialAction\":[{\"@type\":\"ReadAction\",\"target\":[\"https:\/\/tienda.rigelec.com.ar\/?product=ficha-hembra-industrial-movil-6h-ip67-63a-380v-3pt\"]}]},{\"@type\":\"ImageObject\",\"inLanguage\":\"es-AR\",\"@id\":\"https:\/\/tienda.rigelec.com.ar\/?product=ficha-hembra-industrial-movil-6h-ip67-63a-380v-3pt#primaryimage\",\"url\":\"https:\/\/tienda.rigelec.com.ar\/wp-content\/uploads\/2024\/12\/FICHAHEMBRAINDUSTRIALMOVIL.jpg\",\"contentUrl\":\"https:\/\/tienda.rigelec.com.ar\/wp-content\/uploads\/2024\/12\/FICHAHEMBRAINDUSTRIALMOVIL.jpg\",\"width\":1080,\"height\":956},{\"@type\":\"BreadcrumbList\",\"@id\":\"https:\/\/tienda.rigelec.com.ar\/?product=ficha-hembra-industrial-movil-6h-ip67-63a-380v-3pt#breadcrumb\",\"itemListElement\":[{\"@type\":\"ListItem\",\"position\":1,\"name\":\"Inicio\",\"item\":\"https:\/\/tienda.rigelec.com.ar\/\"},{\"@type\":\"ListItem\",\"position\":2,\"name\":\"Shop\",\"item\":\"https:\/\/tienda.rigelec.com.ar\/?page_id=12\"},{\"@type\":\"ListItem\",\"position\":3,\"name\":\"FICHA HEMBRA INDUSTRIAL MOVIL 6H &#8211; IP67 63A &#8211; 380V &#8211; 3P+T\"}]},{\"@type\":\"WebSite\",\"@id\":\"https:\/\/tienda.rigelec.com.ar\/#website\",\"url\":\"https:\/\/tienda.rigelec.com.ar\/\",\"name\":\"Tienda Rigelec\",\"description\":\"Energia en movimiento\",\"publisher\":{\"@id\":\"https:\/\/tienda.rigelec.com.ar\/#organization\"},\"potentialAction\":[{\"@type\":\"SearchAction\",\"target\":{\"@type\":\"EntryPoint\",\"urlTemplate\":\"https:\/\/tienda.rigelec.com.ar\/?s={search_term_string}\"},\"query-input\":{\"@type\":\"PropertyValueSpecification\",\"valueRequired\":true,\"valueName\":\"search_term_string\"}}],\"inLanguage\":\"es-AR\"},{\"@type\":\"Organization\",\"@id\":\"https:\/\/tienda.rigelec.com.ar\/#organization\",\"name\":\"Tienda Rigelec\",\"url\":\"https:\/\/tienda.rigelec.com.ar\/\",\"logo\":{\"@type\":\"ImageObject\",\"inLanguage\":\"es-AR\",\"@id\":\"https:\/\/tienda.rigelec.com.ar\/#\/schema\/logo\/image\/\",\"url\":\"https:\/\/tienda.rigelec.com.ar\/wp-content\/uploads\/2024\/09\/isologo-blanco-rigelec.png\",\"contentUrl\":\"https:\/\/tienda.rigelec.com.ar\/wp-content\/uploads\/2024\/09\/isologo-blanco-rigelec.png\",\"width\":94,\"height\":97,\"caption\":\"Tienda Rigelec\"},\"image\":{\"@id\":\"https:\/\/tienda.rigelec.com.ar\/#\/schema\/logo\/image\/\"}}]}<\/script>\n<!-- \/ Yoast SEO plugin. -->","yoast_head_json":{"title":"FICHA HEMBRA INDUSTRIAL MOVIL 6H - IP67 63A - 380V - 3P+T - Tienda Rigelec","robots":{"index":"index","follow":"follow","max-snippet":"max-snippet:-1","max-image-preview":"max-image-preview:large","max-video-preview":"max-video-preview:-1"},"canonical":"https:\/\/tienda.rigelec.com.ar\/?product=ficha-hembra-industrial-movil-6h-ip67-63a-380v-3pt","og_locale":"es_ES","og_type":"article","og_title":"FICHA HEMBRA INDUSTRIAL MOVIL 6H - IP67 63A - 380V - 3P+T - Tienda Rigelec","og_description":"Serie comercial:OPTIMA Descripci\u00f3n: PROLONGADOR Tipo de instalaci\u00f3n: PORT\u00c1TIL Intensidad nominal: 63A Polos: 3P+T Posici\u00f3n de hora: 6h Tensi\u00f3n nominal (range): 250-400V Tensi\u00f3n nominal: 380-415V Frecuencia nominal: 60Hz\/50Hz Color: ROJO Material: TERMOPL\u00c1STICO Grado de protecci\u00f3n: Watertight Grado de protecci\u00f3n IP: IP66\/IP67\/IP69 Grado de protecci\u00f3n IK: IK08 Tipos de salidas disponibles: RECTA Bornes: Bornes conexi\u00f3n brida tornillo","og_url":"https:\/\/tienda.rigelec.com.ar\/?product=ficha-hembra-industrial-movil-6h-ip67-63a-380v-3pt","og_site_name":"Tienda Rigelec","article_modified_time":"2026-05-01T03:21:59+00:00","og_image":[{"width":1080,"height":956,"url":"https:\/\/tienda.rigelec.com.ar\/wp-content\/uploads\/2024\/12\/FICHAHEMBRAINDUSTRIALMOVIL.jpg","type":"image\/jpeg"}],"twitter_card":"summary_large_image","schema":{"@context":"https:\/\/schema.org","@graph":[{"@type":"WebPage","@id":"https:\/\/tienda.rigelec.com.ar\/?product=ficha-hembra-industrial-movil-6h-ip67-63a-380v-3pt","url":"https:\/\/tienda.rigelec.com.ar\/?product=ficha-hembra-industrial-movil-6h-ip67-63a-380v-3pt","name":"FICHA HEMBRA INDUSTRIAL MOVIL 6H - IP67 63A - 380V - 3P+T - Tienda Rigelec","isPartOf":{"@id":"https:\/\/tienda.rigelec.com.ar\/#website"},"primaryImageOfPage":{"@id":"https:\/\/tienda.rigelec.com.ar\/?product=ficha-hembra-industrial-movil-6h-ip67-63a-380v-3pt#primaryimage"},"image":{"@id":"https:\/\/tienda.rigelec.com.ar\/?product=ficha-hembra-industrial-movil-6h-ip67-63a-380v-3pt#primaryimage"},"thumbnailUrl":"https:\/\/tienda.rigelec.com.ar\/wp-content\/uploads\/2024\/12\/FICHAHEMBRAINDUSTRIALMOVIL.jpg","datePublished":"2024-12-19T15:52:21+00:00","dateModified":"2026-05-01T03:21:59+00:00","breadcrumb":{"@id":"https:\/\/tienda.rigelec.com.ar\/?product=ficha-hembra-industrial-movil-6h-ip67-63a-380v-3pt#breadcrumb"},"inLanguage":"es-AR","potentialAction":[{"@type":"ReadAction","target":["https:\/\/tienda.rigelec.com.ar\/?product=ficha-hembra-industrial-movil-6h-ip67-63a-380v-3pt"]}]},{"@type":"ImageObject","inLanguage":"es-AR","@id":"https:\/\/tienda.rigelec.com.ar\/?product=ficha-hembra-industrial-movil-6h-ip67-63a-380v-3pt#primaryimage","url":"https:\/\/tienda.rigelec.com.ar\/wp-content\/uploads\/2024\/12\/FICHAHEMBRAINDUSTRIALMOVIL.jpg","contentUrl":"https:\/\/tienda.rigelec.com.ar\/wp-content\/uploads\/2024\/12\/FICHAHEMBRAINDUSTRIALMOVIL.jpg","width":1080,"height":956},{"@type":"BreadcrumbList","@id":"https:\/\/tienda.rigelec.com.ar\/?product=ficha-hembra-industrial-movil-6h-ip67-63a-380v-3pt#breadcrumb","itemListElement":[{"@type":"ListItem","position":1,"name":"Inicio","item":"https:\/\/tienda.rigelec.com.ar\/"},{"@type":"ListItem","position":2,"name":"Shop","item":"https:\/\/tienda.rigelec.com.ar\/?page_id=12"},{"@type":"ListItem","position":3,"name":"FICHA HEMBRA INDUSTRIAL MOVIL 6H &#8211; IP67 63A &#8211; 380V &#8211; 3P+T"}]},{"@type":"WebSite","@id":"https:\/\/tienda.rigelec.com.ar\/#website","url":"https:\/\/tienda.rigelec.com.ar\/","name":"Tienda Rigelec","description":"Energia en movimiento","publisher":{"@id":"https:\/\/tienda.rigelec.com.ar\/#organization"},"potentialAction":[{"@type":"SearchAction","target":{"@type":"EntryPoint","urlTemplate":"https:\/\/tienda.rigelec.com.ar\/?s={search_term_string}"},"query-input":{"@type":"PropertyValueSpecification","valueRequired":true,"valueName":"search_term_string"}}],"inLanguage":"es-AR"},{"@type":"Organization","@id":"https:\/\/tienda.rigelec.com.ar\/#organization","name":"Tienda Rigelec","url":"https:\/\/tienda.rigelec.com.ar\/","logo":{"@type":"ImageObject","inLanguage":"es-AR","@id":"https:\/\/tienda.rigelec.com.ar\/#\/schema\/logo\/image\/","url":"https:\/\/tienda.rigelec.com.ar\/wp-content\/uploads\/2024\/09\/isologo-blanco-rigelec.png","contentUrl":"https:\/\/tienda.rigelec.com.ar\/wp-content\/uploads\/2024\/09\/isologo-blanco-rigelec.png","width":94,"height":97,"caption":"Tienda Rigelec"},"image":{"@id":"https:\/\/tienda.rigelec.com.ar\/#\/schema\/logo\/image\/"}}]}},"jetpack_sharing_enabled":true,"_links":{"self":[{"href":"https:\/\/tienda.rigelec.com.ar\/index.php?rest_route=\/wp\/v2\/product\/21627","targetHints":{"allow":["GET"]}}],"collection":[{"href":"https:\/\/tienda.rigelec.com.ar\/index.php?rest_route=\/wp\/v2\/product"}],"about":[{"href":"https:\/\/tienda.rigelec.com.ar\/index.php?rest_route=\/wp\/v2\/types\/product"}],"replies":[{"embeddable":true,"href":"https:\/\/tienda.rigelec.com.ar\/index.php?rest_route=%2Fwp%2Fv2%2Fcomments&post=21627"}],"wp:featuredmedia":[{"embeddable":true,"href":"https:\/\/tienda.rigelec.com.ar\/index.php?rest_route=\/wp\/v2\/media\/21628"}],"wp:attachment":[{"href":"https:\/\/tienda.rigelec.com.ar\/index.php?rest_route=%2Fwp%2Fv2%2Fmedia&parent=21627"}],"wp:term":[{"taxonomy":"product_brand","embeddable":true,"href":"https:\/\/tienda.rigelec.com.ar\/index.php?rest_route=%2Fwp%2Fv2%2Fproduct_brand&post=21627"},{"taxonomy":"product_cat","embeddable":true,"href":"https:\/\/tienda.rigelec.com.ar\/index.php?rest_route=%2Fwp%2Fv2%2Fproduct_cat&post=21627"},{"taxonomy":"product_tag","embeddable":true,"href":"https:\/\/tienda.rigelec.com.ar\/index.php?rest_route=%2Fwp%2Fv2%2Fproduct_tag&post=21627"}],"curies":[{"name":"wp","href":"https:\/\/api.w.org\/{rel}","templated":true}]}}