{"id":21999,"date":"2024-12-19T13:19:30","date_gmt":"2024-12-19T16:19:30","guid":{"rendered":"https:\/\/tienda.test.rigelec.com.ar\/?product=camara-analogica-dolphin-lente-fijo-2-8mm-2pmx"},"modified":"2026-05-01T00:52:20","modified_gmt":"2026-05-01T03:52:20","slug":"camara-analogica-dolphin-lente-fijo-2-8mm-2pmx","status":"publish","type":"product","link":"https:\/\/tienda.rigelec.com.ar\/?product=camara-analogica-dolphin-lente-fijo-2-8mm-2pmx","title":{"rendered":"CAMARA ANALOGICA DOLPHIN LENTE FIJO 2.8MM 2PMX"},"content":{"rendered":"<p>CAMARA ANALOGICA MINI DOMO<\/p>\n","protected":false},"excerpt":{"rendered":"<p>C\u00e1mara anal\u00f3gica con domo de infrarrojos fijo de 2 MP<br \/>\n\u0095 Im\u00e1genes de alta calidad con resoluci\u00f3n de 2 MP<br \/>\n\u0095 TVI\/AHD\/CVI\/CVBS<br \/>\n\u0095 Admite filtro de corte IR con cambio autom\u00e1tico (ICR)<br \/>\n\u0095 Admite giro horizontal de 180\u00b0, giro vertical de 180\u00b0<br \/>\n\u0095 Men\u00fa de configuraci\u00f3n OSD, f\u00e1cil de operar<br \/>\n\u0095 Dise\u00f1o a prueba de agua y polvo IP67, alta confiabilidad<br \/>\n\u0095 Men\u00fa de configuraci\u00f3n OSD en 11 idiomas<br \/>\n\u0095 3 ejes<\/p>\n<p>P\u00edxel: 2MP<br \/>\nEnfocar: 2,8 mil\u00edmetros<br \/>\nMontura de lente: M12<br \/>\nDistancia de iluminaci\u00f3n: 20 metros<br \/>\nVida=60000 horas<br \/>\nMontar: Montaje en pared, montaje en poste, montaje en esquina, montaje inclinado, montaje colgante<br \/>\nDimensiones: F111 mm x 83 mm (di\u00e1metro x altura)<br \/>\nMaterial: Pl\u00e1stico<br \/>\nPeso: 233 g (0,51 libras)<\/p>\n","protected":false},"featured_media":22000,"comment_status":"open","ping_status":"closed","template":"","meta":{"_monsterinsights_skip_tracking":false,"_monsterinsights_sitenote_active":false,"_monsterinsights_sitenote_note":"","_monsterinsights_sitenote_category":0},"product_brand":[],"product_cat":[386],"product_tag":[439],"class_list":{"0":"post-21999","1":"product","2":"type-product","3":"status-publish","4":"has-post-thumbnail","6":"product_cat-a-audio-y-video","7":"product_tag-unv","9":"first","10":"instock","11":"shipping-taxable","12":"purchasable","13":"product-type-simple"},"yoast_head":"<!-- This site is optimized with the Yoast SEO plugin v25.3.1 - https:\/\/yoast.com\/wordpress\/plugins\/seo\/ -->\n<title>CAMARA ANALOGICA DOLPHIN LENTE FIJO 2.8MM 2PMX - Tienda Rigelec<\/title>\n<meta name=\"robots\" content=\"index, follow, max-snippet:-1, max-image-preview:large, max-video-preview:-1\" \/>\n<link rel=\"canonical\" href=\"https:\/\/tienda.rigelec.com.ar\/?product=camara-analogica-dolphin-lente-fijo-2-8mm-2pmx\" \/>\n<meta property=\"og:locale\" content=\"es_ES\" \/>\n<meta property=\"og:type\" content=\"article\" \/>\n<meta property=\"og:title\" content=\"CAMARA ANALOGICA DOLPHIN LENTE FIJO 2.8MM 2PMX - Tienda Rigelec\" \/>\n<meta property=\"og:description\" content=\"C\u00e1mara anal\u00f3gica con domo de infrarrojos fijo de 2 MP \u0095 Im\u00e1genes de alta calidad con resoluci\u00f3n de 2 MP \u0095 TVI\/AHD\/CVI\/CVBS \u0095 Admite filtro de corte IR con cambio autom\u00e1tico (ICR) \u0095 Admite giro horizontal de 180\u00b0, giro vertical de 180\u00b0 \u0095 Men\u00fa de configuraci\u00f3n OSD, f\u00e1cil de operar \u0095 Dise\u00f1o a prueba de agua y polvo IP67, alta confiabilidad \u0095 Men\u00fa de configuraci\u00f3n OSD en 11 idiomas \u0095 3 ejes  P\u00edxel: 2MP Enfocar: 2,8 mil\u00edmetros Montura de lente: M12 Distancia de iluminaci\u00f3n: 20 metros Vida=60000 horas Montar: Montaje en pared, montaje en poste, montaje en esquina, montaje inclinado, montaje colgante Dimensiones: F111 mm x 83 mm (di\u00e1metro x altura) Material: Pl\u00e1stico Peso: 233 g (0,51 libras)\" \/>\n<meta property=\"og:url\" content=\"https:\/\/tienda.rigelec.com.ar\/?product=camara-analogica-dolphin-lente-fijo-2-8mm-2pmx\" \/>\n<meta property=\"og:site_name\" content=\"Tienda Rigelec\" \/>\n<meta property=\"article:modified_time\" content=\"2026-05-01T03:52:20+00:00\" \/>\n<meta property=\"og:image\" content=\"https:\/\/tienda.rigelec.com.ar\/wp-content\/uploads\/2024\/12\/CAMARAANALOGICA.jpg\" \/>\n\t<meta property=\"og:image:width\" content=\"928\" \/>\n\t<meta property=\"og:image:height\" content=\"949\" \/>\n\t<meta property=\"og:image:type\" content=\"image\/jpeg\" \/>\n<meta name=\"twitter:card\" content=\"summary_large_image\" \/>\n<script type=\"application\/ld+json\" class=\"yoast-schema-graph\">{\"@context\":\"https:\/\/schema.org\",\"@graph\":[{\"@type\":\"WebPage\",\"@id\":\"https:\/\/tienda.rigelec.com.ar\/?product=camara-analogica-dolphin-lente-fijo-2-8mm-2pmx\",\"url\":\"https:\/\/tienda.rigelec.com.ar\/?product=camara-analogica-dolphin-lente-fijo-2-8mm-2pmx\",\"name\":\"CAMARA ANALOGICA DOLPHIN LENTE FIJO 2.8MM 2PMX - Tienda Rigelec\",\"isPartOf\":{\"@id\":\"https:\/\/tienda.rigelec.com.ar\/#website\"},\"primaryImageOfPage\":{\"@id\":\"https:\/\/tienda.rigelec.com.ar\/?product=camara-analogica-dolphin-lente-fijo-2-8mm-2pmx#primaryimage\"},\"image\":{\"@id\":\"https:\/\/tienda.rigelec.com.ar\/?product=camara-analogica-dolphin-lente-fijo-2-8mm-2pmx#primaryimage\"},\"thumbnailUrl\":\"https:\/\/tienda.rigelec.com.ar\/wp-content\/uploads\/2024\/12\/CAMARAANALOGICA.jpg\",\"datePublished\":\"2024-12-19T16:19:30+00:00\",\"dateModified\":\"2026-05-01T03:52:20+00:00\",\"breadcrumb\":{\"@id\":\"https:\/\/tienda.rigelec.com.ar\/?product=camara-analogica-dolphin-lente-fijo-2-8mm-2pmx#breadcrumb\"},\"inLanguage\":\"es-AR\",\"potentialAction\":[{\"@type\":\"ReadAction\",\"target\":[\"https:\/\/tienda.rigelec.com.ar\/?product=camara-analogica-dolphin-lente-fijo-2-8mm-2pmx\"]}]},{\"@type\":\"ImageObject\",\"inLanguage\":\"es-AR\",\"@id\":\"https:\/\/tienda.rigelec.com.ar\/?product=camara-analogica-dolphin-lente-fijo-2-8mm-2pmx#primaryimage\",\"url\":\"https:\/\/tienda.rigelec.com.ar\/wp-content\/uploads\/2024\/12\/CAMARAANALOGICA.jpg\",\"contentUrl\":\"https:\/\/tienda.rigelec.com.ar\/wp-content\/uploads\/2024\/12\/CAMARAANALOGICA.jpg\",\"width\":928,\"height\":949},{\"@type\":\"BreadcrumbList\",\"@id\":\"https:\/\/tienda.rigelec.com.ar\/?product=camara-analogica-dolphin-lente-fijo-2-8mm-2pmx#breadcrumb\",\"itemListElement\":[{\"@type\":\"ListItem\",\"position\":1,\"name\":\"Inicio\",\"item\":\"https:\/\/tienda.rigelec.com.ar\/\"},{\"@type\":\"ListItem\",\"position\":2,\"name\":\"Shop\",\"item\":\"https:\/\/tienda.rigelec.com.ar\/?page_id=12\"},{\"@type\":\"ListItem\",\"position\":3,\"name\":\"CAMARA ANALOGICA DOLPHIN LENTE FIJO 2.8MM 2PMX\"}]},{\"@type\":\"WebSite\",\"@id\":\"https:\/\/tienda.rigelec.com.ar\/#website\",\"url\":\"https:\/\/tienda.rigelec.com.ar\/\",\"name\":\"Tienda Rigelec\",\"description\":\"Energia en movimiento\",\"publisher\":{\"@id\":\"https:\/\/tienda.rigelec.com.ar\/#organization\"},\"potentialAction\":[{\"@type\":\"SearchAction\",\"target\":{\"@type\":\"EntryPoint\",\"urlTemplate\":\"https:\/\/tienda.rigelec.com.ar\/?s={search_term_string}\"},\"query-input\":{\"@type\":\"PropertyValueSpecification\",\"valueRequired\":true,\"valueName\":\"search_term_string\"}}],\"inLanguage\":\"es-AR\"},{\"@type\":\"Organization\",\"@id\":\"https:\/\/tienda.rigelec.com.ar\/#organization\",\"name\":\"Tienda Rigelec\",\"url\":\"https:\/\/tienda.rigelec.com.ar\/\",\"logo\":{\"@type\":\"ImageObject\",\"inLanguage\":\"es-AR\",\"@id\":\"https:\/\/tienda.rigelec.com.ar\/#\/schema\/logo\/image\/\",\"url\":\"https:\/\/tienda.rigelec.com.ar\/wp-content\/uploads\/2024\/09\/isologo-blanco-rigelec.png\",\"contentUrl\":\"https:\/\/tienda.rigelec.com.ar\/wp-content\/uploads\/2024\/09\/isologo-blanco-rigelec.png\",\"width\":94,\"height\":97,\"caption\":\"Tienda Rigelec\"},\"image\":{\"@id\":\"https:\/\/tienda.rigelec.com.ar\/#\/schema\/logo\/image\/\"}}]}<\/script>\n<!-- \/ Yoast SEO plugin. -->","yoast_head_json":{"title":"CAMARA ANALOGICA DOLPHIN LENTE FIJO 2.8MM 2PMX - Tienda Rigelec","robots":{"index":"index","follow":"follow","max-snippet":"max-snippet:-1","max-image-preview":"max-image-preview:large","max-video-preview":"max-video-preview:-1"},"canonical":"https:\/\/tienda.rigelec.com.ar\/?product=camara-analogica-dolphin-lente-fijo-2-8mm-2pmx","og_locale":"es_ES","og_type":"article","og_title":"CAMARA ANALOGICA DOLPHIN LENTE FIJO 2.8MM 2PMX - Tienda Rigelec","og_description":"C\u00e1mara anal\u00f3gica con domo de infrarrojos fijo de 2 MP \u0095 Im\u00e1genes de alta calidad con resoluci\u00f3n de 2 MP \u0095 TVI\/AHD\/CVI\/CVBS \u0095 Admite filtro de corte IR con cambio autom\u00e1tico (ICR) \u0095 Admite giro horizontal de 180\u00b0, giro vertical de 180\u00b0 \u0095 Men\u00fa de configuraci\u00f3n OSD, f\u00e1cil de operar \u0095 Dise\u00f1o a prueba de agua y polvo IP67, alta confiabilidad \u0095 Men\u00fa de configuraci\u00f3n OSD en 11 idiomas \u0095 3 ejes  P\u00edxel: 2MP Enfocar: 2,8 mil\u00edmetros Montura de lente: M12 Distancia de iluminaci\u00f3n: 20 metros Vida=60000 horas Montar: Montaje en pared, montaje en poste, montaje en esquina, montaje inclinado, montaje colgante Dimensiones: F111 mm x 83 mm (di\u00e1metro x altura) Material: Pl\u00e1stico Peso: 233 g (0,51 libras)","og_url":"https:\/\/tienda.rigelec.com.ar\/?product=camara-analogica-dolphin-lente-fijo-2-8mm-2pmx","og_site_name":"Tienda Rigelec","article_modified_time":"2026-05-01T03:52:20+00:00","og_image":[{"width":928,"height":949,"url":"https:\/\/tienda.rigelec.com.ar\/wp-content\/uploads\/2024\/12\/CAMARAANALOGICA.jpg","type":"image\/jpeg"}],"twitter_card":"summary_large_image","schema":{"@context":"https:\/\/schema.org","@graph":[{"@type":"WebPage","@id":"https:\/\/tienda.rigelec.com.ar\/?product=camara-analogica-dolphin-lente-fijo-2-8mm-2pmx","url":"https:\/\/tienda.rigelec.com.ar\/?product=camara-analogica-dolphin-lente-fijo-2-8mm-2pmx","name":"CAMARA ANALOGICA DOLPHIN LENTE FIJO 2.8MM 2PMX - Tienda Rigelec","isPartOf":{"@id":"https:\/\/tienda.rigelec.com.ar\/#website"},"primaryImageOfPage":{"@id":"https:\/\/tienda.rigelec.com.ar\/?product=camara-analogica-dolphin-lente-fijo-2-8mm-2pmx#primaryimage"},"image":{"@id":"https:\/\/tienda.rigelec.com.ar\/?product=camara-analogica-dolphin-lente-fijo-2-8mm-2pmx#primaryimage"},"thumbnailUrl":"https:\/\/tienda.rigelec.com.ar\/wp-content\/uploads\/2024\/12\/CAMARAANALOGICA.jpg","datePublished":"2024-12-19T16:19:30+00:00","dateModified":"2026-05-01T03:52:20+00:00","breadcrumb":{"@id":"https:\/\/tienda.rigelec.com.ar\/?product=camara-analogica-dolphin-lente-fijo-2-8mm-2pmx#breadcrumb"},"inLanguage":"es-AR","potentialAction":[{"@type":"ReadAction","target":["https:\/\/tienda.rigelec.com.ar\/?product=camara-analogica-dolphin-lente-fijo-2-8mm-2pmx"]}]},{"@type":"ImageObject","inLanguage":"es-AR","@id":"https:\/\/tienda.rigelec.com.ar\/?product=camara-analogica-dolphin-lente-fijo-2-8mm-2pmx#primaryimage","url":"https:\/\/tienda.rigelec.com.ar\/wp-content\/uploads\/2024\/12\/CAMARAANALOGICA.jpg","contentUrl":"https:\/\/tienda.rigelec.com.ar\/wp-content\/uploads\/2024\/12\/CAMARAANALOGICA.jpg","width":928,"height":949},{"@type":"BreadcrumbList","@id":"https:\/\/tienda.rigelec.com.ar\/?product=camara-analogica-dolphin-lente-fijo-2-8mm-2pmx#breadcrumb","itemListElement":[{"@type":"ListItem","position":1,"name":"Inicio","item":"https:\/\/tienda.rigelec.com.ar\/"},{"@type":"ListItem","position":2,"name":"Shop","item":"https:\/\/tienda.rigelec.com.ar\/?page_id=12"},{"@type":"ListItem","position":3,"name":"CAMARA ANALOGICA DOLPHIN LENTE FIJO 2.8MM 2PMX"}]},{"@type":"WebSite","@id":"https:\/\/tienda.rigelec.com.ar\/#website","url":"https:\/\/tienda.rigelec.com.ar\/","name":"Tienda Rigelec","description":"Energia en movimiento","publisher":{"@id":"https:\/\/tienda.rigelec.com.ar\/#organization"},"potentialAction":[{"@type":"SearchAction","target":{"@type":"EntryPoint","urlTemplate":"https:\/\/tienda.rigelec.com.ar\/?s={search_term_string}"},"query-input":{"@type":"PropertyValueSpecification","valueRequired":true,"valueName":"search_term_string"}}],"inLanguage":"es-AR"},{"@type":"Organization","@id":"https:\/\/tienda.rigelec.com.ar\/#organization","name":"Tienda Rigelec","url":"https:\/\/tienda.rigelec.com.ar\/","logo":{"@type":"ImageObject","inLanguage":"es-AR","@id":"https:\/\/tienda.rigelec.com.ar\/#\/schema\/logo\/image\/","url":"https:\/\/tienda.rigelec.com.ar\/wp-content\/uploads\/2024\/09\/isologo-blanco-rigelec.png","contentUrl":"https:\/\/tienda.rigelec.com.ar\/wp-content\/uploads\/2024\/09\/isologo-blanco-rigelec.png","width":94,"height":97,"caption":"Tienda Rigelec"},"image":{"@id":"https:\/\/tienda.rigelec.com.ar\/#\/schema\/logo\/image\/"}}]}},"jetpack_sharing_enabled":true,"_links":{"self":[{"href":"https:\/\/tienda.rigelec.com.ar\/index.php?rest_route=\/wp\/v2\/product\/21999","targetHints":{"allow":["GET"]}}],"collection":[{"href":"https:\/\/tienda.rigelec.com.ar\/index.php?rest_route=\/wp\/v2\/product"}],"about":[{"href":"https:\/\/tienda.rigelec.com.ar\/index.php?rest_route=\/wp\/v2\/types\/product"}],"replies":[{"embeddable":true,"href":"https:\/\/tienda.rigelec.com.ar\/index.php?rest_route=%2Fwp%2Fv2%2Fcomments&post=21999"}],"wp:featuredmedia":[{"embeddable":true,"href":"https:\/\/tienda.rigelec.com.ar\/index.php?rest_route=\/wp\/v2\/media\/22000"}],"wp:attachment":[{"href":"https:\/\/tienda.rigelec.com.ar\/index.php?rest_route=%2Fwp%2Fv2%2Fmedia&parent=21999"}],"wp:term":[{"taxonomy":"product_brand","embeddable":true,"href":"https:\/\/tienda.rigelec.com.ar\/index.php?rest_route=%2Fwp%2Fv2%2Fproduct_brand&post=21999"},{"taxonomy":"product_cat","embeddable":true,"href":"https:\/\/tienda.rigelec.com.ar\/index.php?rest_route=%2Fwp%2Fv2%2Fproduct_cat&post=21999"},{"taxonomy":"product_tag","embeddable":true,"href":"https:\/\/tienda.rigelec.com.ar\/index.php?rest_route=%2Fwp%2Fv2%2Fproduct_tag&post=21999"}],"curies":[{"name":"wp","href":"https:\/\/api.w.org\/{rel}","templated":true}]}}