{"id":22171,"date":"2024-12-19T13:30:42","date_gmt":"2024-12-19T16:30:42","guid":{"rendered":"https:\/\/tienda.test.rigelec.com.ar\/?product=caja-estanca-plastica-blanca-270x270x200mm-ip-54-270x270x200mm"},"modified":"2026-05-01T01:03:22","modified_gmt":"2026-05-01T04:03:22","slug":"caja-estanca-plastica-blanca-270x270x200mm-ip-54-270x270x200mm","status":"publish","type":"product","link":"https:\/\/tienda.rigelec.com.ar\/?product=caja-estanca-plastica-blanca-270x270x200mm-ip-54-270x270x200mm","title":{"rendered":"CAJA ESTANCA PLASTICA BLANCA &#8211; 270X270X200MM IP 54 270X270X200MM"},"content":{"rendered":"<p>CAJA ESTANCA PLASTICA BLANCA<\/p>\n","protected":false},"excerpt":{"rendered":"<p>Las Cajas de paso Variplast est\u00e1n fabricadas de material sint\u00e9tico aislante, con protecci\u00f3n IP 54, ideales para la instalaci\u00f3n en intemperie.<br \/>\nNuestras cajas de paso pl\u00e1sticas vienen en modelos para embutir o de superficie.<br \/>\nEl perfecto acompa\u00f1amiento de nuestros gabinetes de medici\u00f3n.<\/p>\n","protected":false},"featured_media":22172,"comment_status":"open","ping_status":"closed","template":"","meta":{"_monsterinsights_skip_tracking":false,"_monsterinsights_sitenote_active":false,"_monsterinsights_sitenote_note":"","_monsterinsights_sitenote_category":0},"product_brand":[],"product_cat":[295],"product_tag":[145],"class_list":{"0":"post-22171","1":"product","2":"type-product","3":"status-publish","4":"has-post-thumbnail","6":"product_cat-c-cajas","7":"product_tag-variplast","9":"first","10":"instock","11":"shipping-taxable","12":"purchasable","13":"product-type-simple"},"yoast_head":"<!-- This site is optimized with the Yoast SEO plugin v25.3.1 - https:\/\/yoast.com\/wordpress\/plugins\/seo\/ -->\n<title>CAJA ESTANCA PLASTICA BLANCA - 270X270X200MM IP 54 270X270X200MM - Tienda Rigelec<\/title>\n<meta name=\"robots\" content=\"index, follow, max-snippet:-1, max-image-preview:large, max-video-preview:-1\" \/>\n<link rel=\"canonical\" href=\"https:\/\/tienda.rigelec.com.ar\/?product=caja-estanca-plastica-blanca-270x270x200mm-ip-54-270x270x200mm\" \/>\n<meta property=\"og:locale\" content=\"es_ES\" \/>\n<meta property=\"og:type\" content=\"article\" \/>\n<meta property=\"og:title\" content=\"CAJA ESTANCA PLASTICA BLANCA - 270X270X200MM IP 54 270X270X200MM - Tienda Rigelec\" \/>\n<meta property=\"og:description\" content=\"Las Cajas de paso Variplast est\u00e1n fabricadas de material sint\u00e9tico aislante, con protecci\u00f3n IP 54, ideales para la instalaci\u00f3n en intemperie. Nuestras cajas de paso pl\u00e1sticas vienen en modelos para embutir o de superficie. El perfecto acompa\u00f1amiento de nuestros gabinetes de medici\u00f3n.\" \/>\n<meta property=\"og:url\" content=\"https:\/\/tienda.rigelec.com.ar\/?product=caja-estanca-plastica-blanca-270x270x200mm-ip-54-270x270x200mm\" \/>\n<meta property=\"og:site_name\" content=\"Tienda Rigelec\" \/>\n<meta property=\"article:modified_time\" content=\"2026-05-01T04:03:22+00:00\" \/>\n<meta property=\"og:image\" content=\"https:\/\/tienda.rigelec.com.ar\/wp-content\/uploads\/2024\/12\/CAJAESTANCAPLASTICABLANCA-270X270X200MM.jpg\" \/>\n\t<meta property=\"og:image:width\" content=\"1080\" \/>\n\t<meta property=\"og:image:height\" content=\"1080\" \/>\n\t<meta property=\"og:image:type\" content=\"image\/jpeg\" \/>\n<meta name=\"twitter:card\" content=\"summary_large_image\" \/>\n<script type=\"application\/ld+json\" class=\"yoast-schema-graph\">{\"@context\":\"https:\/\/schema.org\",\"@graph\":[{\"@type\":\"WebPage\",\"@id\":\"https:\/\/tienda.rigelec.com.ar\/?product=caja-estanca-plastica-blanca-270x270x200mm-ip-54-270x270x200mm\",\"url\":\"https:\/\/tienda.rigelec.com.ar\/?product=caja-estanca-plastica-blanca-270x270x200mm-ip-54-270x270x200mm\",\"name\":\"CAJA ESTANCA PLASTICA BLANCA - 270X270X200MM IP 54 270X270X200MM - Tienda Rigelec\",\"isPartOf\":{\"@id\":\"https:\/\/tienda.rigelec.com.ar\/#website\"},\"primaryImageOfPage\":{\"@id\":\"https:\/\/tienda.rigelec.com.ar\/?product=caja-estanca-plastica-blanca-270x270x200mm-ip-54-270x270x200mm#primaryimage\"},\"image\":{\"@id\":\"https:\/\/tienda.rigelec.com.ar\/?product=caja-estanca-plastica-blanca-270x270x200mm-ip-54-270x270x200mm#primaryimage\"},\"thumbnailUrl\":\"https:\/\/tienda.rigelec.com.ar\/wp-content\/uploads\/2024\/12\/CAJAESTANCAPLASTICABLANCA-270X270X200MM.jpg\",\"datePublished\":\"2024-12-19T16:30:42+00:00\",\"dateModified\":\"2026-05-01T04:03:22+00:00\",\"breadcrumb\":{\"@id\":\"https:\/\/tienda.rigelec.com.ar\/?product=caja-estanca-plastica-blanca-270x270x200mm-ip-54-270x270x200mm#breadcrumb\"},\"inLanguage\":\"es-AR\",\"potentialAction\":[{\"@type\":\"ReadAction\",\"target\":[\"https:\/\/tienda.rigelec.com.ar\/?product=caja-estanca-plastica-blanca-270x270x200mm-ip-54-270x270x200mm\"]}]},{\"@type\":\"ImageObject\",\"inLanguage\":\"es-AR\",\"@id\":\"https:\/\/tienda.rigelec.com.ar\/?product=caja-estanca-plastica-blanca-270x270x200mm-ip-54-270x270x200mm#primaryimage\",\"url\":\"https:\/\/tienda.rigelec.com.ar\/wp-content\/uploads\/2024\/12\/CAJAESTANCAPLASTICABLANCA-270X270X200MM.jpg\",\"contentUrl\":\"https:\/\/tienda.rigelec.com.ar\/wp-content\/uploads\/2024\/12\/CAJAESTANCAPLASTICABLANCA-270X270X200MM.jpg\",\"width\":1080,\"height\":1080},{\"@type\":\"BreadcrumbList\",\"@id\":\"https:\/\/tienda.rigelec.com.ar\/?product=caja-estanca-plastica-blanca-270x270x200mm-ip-54-270x270x200mm#breadcrumb\",\"itemListElement\":[{\"@type\":\"ListItem\",\"position\":1,\"name\":\"Inicio\",\"item\":\"https:\/\/tienda.rigelec.com.ar\/\"},{\"@type\":\"ListItem\",\"position\":2,\"name\":\"Shop\",\"item\":\"https:\/\/tienda.rigelec.com.ar\/?page_id=12\"},{\"@type\":\"ListItem\",\"position\":3,\"name\":\"CAJA ESTANCA PLASTICA BLANCA &#8211; 270X270X200MM IP 54 270X270X200MM\"}]},{\"@type\":\"WebSite\",\"@id\":\"https:\/\/tienda.rigelec.com.ar\/#website\",\"url\":\"https:\/\/tienda.rigelec.com.ar\/\",\"name\":\"Tienda Rigelec\",\"description\":\"Energia en movimiento\",\"publisher\":{\"@id\":\"https:\/\/tienda.rigelec.com.ar\/#organization\"},\"potentialAction\":[{\"@type\":\"SearchAction\",\"target\":{\"@type\":\"EntryPoint\",\"urlTemplate\":\"https:\/\/tienda.rigelec.com.ar\/?s={search_term_string}\"},\"query-input\":{\"@type\":\"PropertyValueSpecification\",\"valueRequired\":true,\"valueName\":\"search_term_string\"}}],\"inLanguage\":\"es-AR\"},{\"@type\":\"Organization\",\"@id\":\"https:\/\/tienda.rigelec.com.ar\/#organization\",\"name\":\"Tienda Rigelec\",\"url\":\"https:\/\/tienda.rigelec.com.ar\/\",\"logo\":{\"@type\":\"ImageObject\",\"inLanguage\":\"es-AR\",\"@id\":\"https:\/\/tienda.rigelec.com.ar\/#\/schema\/logo\/image\/\",\"url\":\"https:\/\/tienda.rigelec.com.ar\/wp-content\/uploads\/2024\/09\/isologo-blanco-rigelec.png\",\"contentUrl\":\"https:\/\/tienda.rigelec.com.ar\/wp-content\/uploads\/2024\/09\/isologo-blanco-rigelec.png\",\"width\":94,\"height\":97,\"caption\":\"Tienda Rigelec\"},\"image\":{\"@id\":\"https:\/\/tienda.rigelec.com.ar\/#\/schema\/logo\/image\/\"}}]}<\/script>\n<!-- \/ Yoast SEO plugin. -->","yoast_head_json":{"title":"CAJA ESTANCA PLASTICA BLANCA - 270X270X200MM IP 54 270X270X200MM - Tienda Rigelec","robots":{"index":"index","follow":"follow","max-snippet":"max-snippet:-1","max-image-preview":"max-image-preview:large","max-video-preview":"max-video-preview:-1"},"canonical":"https:\/\/tienda.rigelec.com.ar\/?product=caja-estanca-plastica-blanca-270x270x200mm-ip-54-270x270x200mm","og_locale":"es_ES","og_type":"article","og_title":"CAJA ESTANCA PLASTICA BLANCA - 270X270X200MM IP 54 270X270X200MM - Tienda Rigelec","og_description":"Las Cajas de paso Variplast est\u00e1n fabricadas de material sint\u00e9tico aislante, con protecci\u00f3n IP 54, ideales para la instalaci\u00f3n en intemperie. Nuestras cajas de paso pl\u00e1sticas vienen en modelos para embutir o de superficie. El perfecto acompa\u00f1amiento de nuestros gabinetes de medici\u00f3n.","og_url":"https:\/\/tienda.rigelec.com.ar\/?product=caja-estanca-plastica-blanca-270x270x200mm-ip-54-270x270x200mm","og_site_name":"Tienda Rigelec","article_modified_time":"2026-05-01T04:03:22+00:00","og_image":[{"width":1080,"height":1080,"url":"https:\/\/tienda.rigelec.com.ar\/wp-content\/uploads\/2024\/12\/CAJAESTANCAPLASTICABLANCA-270X270X200MM.jpg","type":"image\/jpeg"}],"twitter_card":"summary_large_image","schema":{"@context":"https:\/\/schema.org","@graph":[{"@type":"WebPage","@id":"https:\/\/tienda.rigelec.com.ar\/?product=caja-estanca-plastica-blanca-270x270x200mm-ip-54-270x270x200mm","url":"https:\/\/tienda.rigelec.com.ar\/?product=caja-estanca-plastica-blanca-270x270x200mm-ip-54-270x270x200mm","name":"CAJA ESTANCA PLASTICA BLANCA - 270X270X200MM IP 54 270X270X200MM - Tienda Rigelec","isPartOf":{"@id":"https:\/\/tienda.rigelec.com.ar\/#website"},"primaryImageOfPage":{"@id":"https:\/\/tienda.rigelec.com.ar\/?product=caja-estanca-plastica-blanca-270x270x200mm-ip-54-270x270x200mm#primaryimage"},"image":{"@id":"https:\/\/tienda.rigelec.com.ar\/?product=caja-estanca-plastica-blanca-270x270x200mm-ip-54-270x270x200mm#primaryimage"},"thumbnailUrl":"https:\/\/tienda.rigelec.com.ar\/wp-content\/uploads\/2024\/12\/CAJAESTANCAPLASTICABLANCA-270X270X200MM.jpg","datePublished":"2024-12-19T16:30:42+00:00","dateModified":"2026-05-01T04:03:22+00:00","breadcrumb":{"@id":"https:\/\/tienda.rigelec.com.ar\/?product=caja-estanca-plastica-blanca-270x270x200mm-ip-54-270x270x200mm#breadcrumb"},"inLanguage":"es-AR","potentialAction":[{"@type":"ReadAction","target":["https:\/\/tienda.rigelec.com.ar\/?product=caja-estanca-plastica-blanca-270x270x200mm-ip-54-270x270x200mm"]}]},{"@type":"ImageObject","inLanguage":"es-AR","@id":"https:\/\/tienda.rigelec.com.ar\/?product=caja-estanca-plastica-blanca-270x270x200mm-ip-54-270x270x200mm#primaryimage","url":"https:\/\/tienda.rigelec.com.ar\/wp-content\/uploads\/2024\/12\/CAJAESTANCAPLASTICABLANCA-270X270X200MM.jpg","contentUrl":"https:\/\/tienda.rigelec.com.ar\/wp-content\/uploads\/2024\/12\/CAJAESTANCAPLASTICABLANCA-270X270X200MM.jpg","width":1080,"height":1080},{"@type":"BreadcrumbList","@id":"https:\/\/tienda.rigelec.com.ar\/?product=caja-estanca-plastica-blanca-270x270x200mm-ip-54-270x270x200mm#breadcrumb","itemListElement":[{"@type":"ListItem","position":1,"name":"Inicio","item":"https:\/\/tienda.rigelec.com.ar\/"},{"@type":"ListItem","position":2,"name":"Shop","item":"https:\/\/tienda.rigelec.com.ar\/?page_id=12"},{"@type":"ListItem","position":3,"name":"CAJA ESTANCA PLASTICA BLANCA &#8211; 270X270X200MM IP 54 270X270X200MM"}]},{"@type":"WebSite","@id":"https:\/\/tienda.rigelec.com.ar\/#website","url":"https:\/\/tienda.rigelec.com.ar\/","name":"Tienda Rigelec","description":"Energia en movimiento","publisher":{"@id":"https:\/\/tienda.rigelec.com.ar\/#organization"},"potentialAction":[{"@type":"SearchAction","target":{"@type":"EntryPoint","urlTemplate":"https:\/\/tienda.rigelec.com.ar\/?s={search_term_string}"},"query-input":{"@type":"PropertyValueSpecification","valueRequired":true,"valueName":"search_term_string"}}],"inLanguage":"es-AR"},{"@type":"Organization","@id":"https:\/\/tienda.rigelec.com.ar\/#organization","name":"Tienda Rigelec","url":"https:\/\/tienda.rigelec.com.ar\/","logo":{"@type":"ImageObject","inLanguage":"es-AR","@id":"https:\/\/tienda.rigelec.com.ar\/#\/schema\/logo\/image\/","url":"https:\/\/tienda.rigelec.com.ar\/wp-content\/uploads\/2024\/09\/isologo-blanco-rigelec.png","contentUrl":"https:\/\/tienda.rigelec.com.ar\/wp-content\/uploads\/2024\/09\/isologo-blanco-rigelec.png","width":94,"height":97,"caption":"Tienda Rigelec"},"image":{"@id":"https:\/\/tienda.rigelec.com.ar\/#\/schema\/logo\/image\/"}}]}},"jetpack_sharing_enabled":true,"_links":{"self":[{"href":"https:\/\/tienda.rigelec.com.ar\/index.php?rest_route=\/wp\/v2\/product\/22171","targetHints":{"allow":["GET"]}}],"collection":[{"href":"https:\/\/tienda.rigelec.com.ar\/index.php?rest_route=\/wp\/v2\/product"}],"about":[{"href":"https:\/\/tienda.rigelec.com.ar\/index.php?rest_route=\/wp\/v2\/types\/product"}],"replies":[{"embeddable":true,"href":"https:\/\/tienda.rigelec.com.ar\/index.php?rest_route=%2Fwp%2Fv2%2Fcomments&post=22171"}],"wp:featuredmedia":[{"embeddable":true,"href":"https:\/\/tienda.rigelec.com.ar\/index.php?rest_route=\/wp\/v2\/media\/22172"}],"wp:attachment":[{"href":"https:\/\/tienda.rigelec.com.ar\/index.php?rest_route=%2Fwp%2Fv2%2Fmedia&parent=22171"}],"wp:term":[{"taxonomy":"product_brand","embeddable":true,"href":"https:\/\/tienda.rigelec.com.ar\/index.php?rest_route=%2Fwp%2Fv2%2Fproduct_brand&post=22171"},{"taxonomy":"product_cat","embeddable":true,"href":"https:\/\/tienda.rigelec.com.ar\/index.php?rest_route=%2Fwp%2Fv2%2Fproduct_cat&post=22171"},{"taxonomy":"product_tag","embeddable":true,"href":"https:\/\/tienda.rigelec.com.ar\/index.php?rest_route=%2Fwp%2Fv2%2Fproduct_tag&post=22171"}],"curies":[{"name":"wp","href":"https:\/\/api.w.org\/{rel}","templated":true}]}}