{"id":22269,"date":"2024-12-19T13:36:53","date_gmt":"2024-12-19T16:36:53","guid":{"rendered":"https:\/\/tienda.test.rigelec.com.ar\/?product=aplique-2-luces-blanco-y-madera-con-base-polonia-gu10"},"modified":"2026-05-01T01:09:40","modified_gmt":"2026-05-01T04:09:40","slug":"aplique-2-luces-blanco-y-madera-con-base","status":"publish","type":"product","link":"https:\/\/tienda.rigelec.com.ar\/?product=aplique-2-luces-blanco-y-madera-con-base","title":{"rendered":"APLIQUE 2 LUCES BLANCO Y MADERA CON BASE POLONIA GU10"},"content":{"rendered":"<p>APLIQUE 2 LUCES BLANCO Y MADERA CON BASE<\/p>\n<h3 data-start=\"127\" data-end=\"189\"><strong data-start=\"131\" data-end=\"189\">Aplique de 2 Luces Blanco y Madera \u2013 Base Polonia GU10<\/strong><\/h3>\n<p data-start=\"191\" data-end=\"498\">El aplique doble Polonia combina funcionalidad y dise\u00f1o con una est\u00e9tica moderna y c\u00e1lida. Su estructura met\u00e1lica color blanco mate, en combinaci\u00f3n con detalles en madera natural, aporta un estilo escandinavo o n\u00f3rdico que se adapta tanto a espacios contempor\u00e1neos como a ambientes m\u00e1s cl\u00e1sicos.<\/p>\n<p data-start=\"500\" data-end=\"752\">Ideal para colocar en paredes de dormitorios, pasillos, livings o escritorios, este modelo cuenta con dos cabezales orientables que permiten direccionar la luz seg\u00fan necesidad, brindando versatilidad tanto en iluminaci\u00f3n puntual como ambiental.<\/p>\n<p data-start=\"754\" data-end=\"783\"><strong data-start=\"754\" data-end=\"783\">Caracter\u00edsticas t\u00e9cnicas:<\/strong><\/p>\n<ul data-start=\"784\" data-end=\"1046\">\n<li data-start=\"784\" data-end=\"812\">\n<p data-start=\"786\" data-end=\"812\">Cantidad de luces: 2<\/p>\n<\/li>\n<li data-start=\"813\" data-end=\"873\">\n<p data-start=\"815\" data-end=\"873\">Base: GU10 (compatible con l\u00e1mparas LED o dicroicas)<\/p>\n<\/li>\n<li data-start=\"874\" data-end=\"918\">\n<p data-start=\"876\" data-end=\"918\">Color: Blanco con detalles en madera<\/p>\n<\/li>\n<li data-start=\"919\" data-end=\"964\">\n<p data-start=\"921\" data-end=\"964\">Tipo de instalaci\u00f3n: Aplique de pared<\/p>\n<\/li>\n<li data-start=\"965\" data-end=\"998\">\n<p data-start=\"967\" data-end=\"998\">Uso recomendado: Interior<\/p>\n<\/li>\n<li data-start=\"999\" data-end=\"1046\">\n<p data-start=\"1001\" data-end=\"1046\">Estilo: Moderno \/ N\u00f3rdico \/ Minimalista<\/p>\n<\/li>\n<\/ul>\n<p data-start=\"1048\" data-end=\"1224\">Este aplique es perfecto para quienes buscan una iluminaci\u00f3n funcional con un toque decorativo natural, ideal para realzar la calidez y el dise\u00f1o de cualquier ambiente.<\/p>\n","protected":false},"excerpt":{"rendered":"<p>Aplicacion POLONIA de 2 luces con base<br \/>\nLampara: GU10.<br \/>\nColor: Blanco.<br \/>\nIMAGEN ILUSTRATIVA<\/p>\n","protected":false},"featured_media":29741,"comment_status":"open","ping_status":"closed","template":"","meta":{"_monsterinsights_skip_tracking":false,"_monsterinsights_sitenote_active":false,"_monsterinsights_sitenote_note":"","_monsterinsights_sitenote_category":0},"product_brand":[],"product_cat":[172],"product_tag":[428],"class_list":{"0":"post-22269","1":"product","2":"type-product","3":"status-publish","4":"has-post-thumbnail","6":"product_cat-b-apliques","7":"product_tag-vignolo","9":"first","10":"instock","11":"shipping-taxable","12":"purchasable","13":"product-type-simple"},"yoast_head":"<!-- This site is optimized with the Yoast SEO plugin v25.3.1 - https:\/\/yoast.com\/wordpress\/plugins\/seo\/ -->\n<title>APLIQUE 2 LUCES BLANCO Y MADERA CON BASE POLONIA GU10 - Tienda Rigelec<\/title>\n<meta name=\"description\" content=\"APLIQUE 2 LUCES BLANCO Y MADERA CON BASE POLONIA GU10 Tienda Rigelec APLIQUE 2 LUCES BLANCO Y MADERA CON BASE POLONIA GU10\" \/>\n<meta name=\"robots\" content=\"index, follow, max-snippet:-1, max-image-preview:large, max-video-preview:-1\" \/>\n<link rel=\"canonical\" href=\"https:\/\/tienda.rigelec.com.ar\/?product=aplique-2-luces-blanco-y-madera-con-base\" \/>\n<meta property=\"og:locale\" content=\"es_ES\" \/>\n<meta property=\"og:type\" content=\"article\" \/>\n<meta property=\"og:title\" content=\"APLIQUE 2 LUCES BLANCO Y MADERA CON BASE POLONIA GU10 - Tienda Rigelec\" \/>\n<meta property=\"og:description\" content=\"APLIQUE 2 LUCES BLANCO Y MADERA CON BASE POLONIA GU10 Tienda Rigelec APLIQUE 2 LUCES BLANCO Y MADERA CON BASE POLONIA GU10\" \/>\n<meta property=\"og:url\" content=\"https:\/\/tienda.rigelec.com.ar\/?product=aplique-2-luces-blanco-y-madera-con-base\" \/>\n<meta property=\"og:site_name\" content=\"Tienda Rigelec\" \/>\n<meta property=\"article:modified_time\" content=\"2026-05-01T04:09:40+00:00\" \/>\n<meta property=\"og:image\" content=\"https:\/\/tienda.rigelec.com.ar\/wp-content\/uploads\/2024\/12\/image-Photoroom-2025-05-26T095153.734.png\" \/>\n\t<meta property=\"og:image:width\" content=\"1080\" \/>\n\t<meta property=\"og:image:height\" content=\"1080\" \/>\n\t<meta property=\"og:image:type\" content=\"image\/png\" \/>\n<meta name=\"twitter:card\" content=\"summary_large_image\" \/>\n<meta name=\"twitter:label1\" content=\"Tiempo de lectura\" \/>\n\t<meta name=\"twitter:data1\" content=\"1 minuto\" \/>\n<script type=\"application\/ld+json\" class=\"yoast-schema-graph\">{\"@context\":\"https:\/\/schema.org\",\"@graph\":[{\"@type\":\"WebPage\",\"@id\":\"https:\/\/tienda.rigelec.com.ar\/?product=aplique-2-luces-blanco-y-madera-con-base\",\"url\":\"https:\/\/tienda.rigelec.com.ar\/?product=aplique-2-luces-blanco-y-madera-con-base\",\"name\":\"APLIQUE 2 LUCES BLANCO Y MADERA CON BASE POLONIA GU10 - Tienda Rigelec\",\"isPartOf\":{\"@id\":\"https:\/\/tienda.rigelec.com.ar\/#website\"},\"primaryImageOfPage\":{\"@id\":\"https:\/\/tienda.rigelec.com.ar\/?product=aplique-2-luces-blanco-y-madera-con-base#primaryimage\"},\"image\":{\"@id\":\"https:\/\/tienda.rigelec.com.ar\/?product=aplique-2-luces-blanco-y-madera-con-base#primaryimage\"},\"thumbnailUrl\":\"https:\/\/tienda.rigelec.com.ar\/wp-content\/uploads\/2024\/12\/image-Photoroom-2025-05-26T095153.734.png\",\"datePublished\":\"2024-12-19T16:36:53+00:00\",\"dateModified\":\"2026-05-01T04:09:40+00:00\",\"description\":\"APLIQUE 2 LUCES BLANCO Y MADERA CON BASE POLONIA GU10 Tienda Rigelec APLIQUE 2 LUCES BLANCO Y MADERA CON BASE POLONIA GU10\",\"breadcrumb\":{\"@id\":\"https:\/\/tienda.rigelec.com.ar\/?product=aplique-2-luces-blanco-y-madera-con-base#breadcrumb\"},\"inLanguage\":\"es-AR\",\"potentialAction\":[{\"@type\":\"ReadAction\",\"target\":[\"https:\/\/tienda.rigelec.com.ar\/?product=aplique-2-luces-blanco-y-madera-con-base\"]}]},{\"@type\":\"ImageObject\",\"inLanguage\":\"es-AR\",\"@id\":\"https:\/\/tienda.rigelec.com.ar\/?product=aplique-2-luces-blanco-y-madera-con-base#primaryimage\",\"url\":\"https:\/\/tienda.rigelec.com.ar\/wp-content\/uploads\/2024\/12\/image-Photoroom-2025-05-26T095153.734.png\",\"contentUrl\":\"https:\/\/tienda.rigelec.com.ar\/wp-content\/uploads\/2024\/12\/image-Photoroom-2025-05-26T095153.734.png\",\"width\":1080,\"height\":1080},{\"@type\":\"BreadcrumbList\",\"@id\":\"https:\/\/tienda.rigelec.com.ar\/?product=aplique-2-luces-blanco-y-madera-con-base#breadcrumb\",\"itemListElement\":[{\"@type\":\"ListItem\",\"position\":1,\"name\":\"Inicio\",\"item\":\"https:\/\/tienda.rigelec.com.ar\/\"},{\"@type\":\"ListItem\",\"position\":2,\"name\":\"Shop\",\"item\":\"https:\/\/tienda.rigelec.com.ar\/?page_id=12\"},{\"@type\":\"ListItem\",\"position\":3,\"name\":\"APLIQUE 2 LUCES BLANCO Y MADERA CON BASE POLONIA GU10\"}]},{\"@type\":\"WebSite\",\"@id\":\"https:\/\/tienda.rigelec.com.ar\/#website\",\"url\":\"https:\/\/tienda.rigelec.com.ar\/\",\"name\":\"Tienda Rigelec\",\"description\":\"Energia en movimiento\",\"publisher\":{\"@id\":\"https:\/\/tienda.rigelec.com.ar\/#organization\"},\"potentialAction\":[{\"@type\":\"SearchAction\",\"target\":{\"@type\":\"EntryPoint\",\"urlTemplate\":\"https:\/\/tienda.rigelec.com.ar\/?s={search_term_string}\"},\"query-input\":{\"@type\":\"PropertyValueSpecification\",\"valueRequired\":true,\"valueName\":\"search_term_string\"}}],\"inLanguage\":\"es-AR\"},{\"@type\":\"Organization\",\"@id\":\"https:\/\/tienda.rigelec.com.ar\/#organization\",\"name\":\"Tienda Rigelec\",\"url\":\"https:\/\/tienda.rigelec.com.ar\/\",\"logo\":{\"@type\":\"ImageObject\",\"inLanguage\":\"es-AR\",\"@id\":\"https:\/\/tienda.rigelec.com.ar\/#\/schema\/logo\/image\/\",\"url\":\"https:\/\/tienda.rigelec.com.ar\/wp-content\/uploads\/2024\/09\/isologo-blanco-rigelec.png\",\"contentUrl\":\"https:\/\/tienda.rigelec.com.ar\/wp-content\/uploads\/2024\/09\/isologo-blanco-rigelec.png\",\"width\":94,\"height\":97,\"caption\":\"Tienda Rigelec\"},\"image\":{\"@id\":\"https:\/\/tienda.rigelec.com.ar\/#\/schema\/logo\/image\/\"}}]}<\/script>\n<!-- \/ Yoast SEO plugin. -->","yoast_head_json":{"title":"APLIQUE 2 LUCES BLANCO Y MADERA CON BASE POLONIA GU10 - Tienda Rigelec","description":"APLIQUE 2 LUCES BLANCO Y MADERA CON BASE POLONIA GU10 Tienda Rigelec APLIQUE 2 LUCES BLANCO Y MADERA CON BASE POLONIA GU10","robots":{"index":"index","follow":"follow","max-snippet":"max-snippet:-1","max-image-preview":"max-image-preview:large","max-video-preview":"max-video-preview:-1"},"canonical":"https:\/\/tienda.rigelec.com.ar\/?product=aplique-2-luces-blanco-y-madera-con-base","og_locale":"es_ES","og_type":"article","og_title":"APLIQUE 2 LUCES BLANCO Y MADERA CON BASE POLONIA GU10 - Tienda Rigelec","og_description":"APLIQUE 2 LUCES BLANCO Y MADERA CON BASE POLONIA GU10 Tienda Rigelec APLIQUE 2 LUCES BLANCO Y MADERA CON BASE POLONIA GU10","og_url":"https:\/\/tienda.rigelec.com.ar\/?product=aplique-2-luces-blanco-y-madera-con-base","og_site_name":"Tienda Rigelec","article_modified_time":"2026-05-01T04:09:40+00:00","og_image":[{"width":1080,"height":1080,"url":"https:\/\/tienda.rigelec.com.ar\/wp-content\/uploads\/2024\/12\/image-Photoroom-2025-05-26T095153.734.png","type":"image\/png"}],"twitter_card":"summary_large_image","twitter_misc":{"Tiempo de lectura":"1 minuto"},"schema":{"@context":"https:\/\/schema.org","@graph":[{"@type":"WebPage","@id":"https:\/\/tienda.rigelec.com.ar\/?product=aplique-2-luces-blanco-y-madera-con-base","url":"https:\/\/tienda.rigelec.com.ar\/?product=aplique-2-luces-blanco-y-madera-con-base","name":"APLIQUE 2 LUCES BLANCO Y MADERA CON BASE POLONIA GU10 - Tienda Rigelec","isPartOf":{"@id":"https:\/\/tienda.rigelec.com.ar\/#website"},"primaryImageOfPage":{"@id":"https:\/\/tienda.rigelec.com.ar\/?product=aplique-2-luces-blanco-y-madera-con-base#primaryimage"},"image":{"@id":"https:\/\/tienda.rigelec.com.ar\/?product=aplique-2-luces-blanco-y-madera-con-base#primaryimage"},"thumbnailUrl":"https:\/\/tienda.rigelec.com.ar\/wp-content\/uploads\/2024\/12\/image-Photoroom-2025-05-26T095153.734.png","datePublished":"2024-12-19T16:36:53+00:00","dateModified":"2026-05-01T04:09:40+00:00","description":"APLIQUE 2 LUCES BLANCO Y MADERA CON BASE POLONIA GU10 Tienda Rigelec APLIQUE 2 LUCES BLANCO Y MADERA CON BASE POLONIA GU10","breadcrumb":{"@id":"https:\/\/tienda.rigelec.com.ar\/?product=aplique-2-luces-blanco-y-madera-con-base#breadcrumb"},"inLanguage":"es-AR","potentialAction":[{"@type":"ReadAction","target":["https:\/\/tienda.rigelec.com.ar\/?product=aplique-2-luces-blanco-y-madera-con-base"]}]},{"@type":"ImageObject","inLanguage":"es-AR","@id":"https:\/\/tienda.rigelec.com.ar\/?product=aplique-2-luces-blanco-y-madera-con-base#primaryimage","url":"https:\/\/tienda.rigelec.com.ar\/wp-content\/uploads\/2024\/12\/image-Photoroom-2025-05-26T095153.734.png","contentUrl":"https:\/\/tienda.rigelec.com.ar\/wp-content\/uploads\/2024\/12\/image-Photoroom-2025-05-26T095153.734.png","width":1080,"height":1080},{"@type":"BreadcrumbList","@id":"https:\/\/tienda.rigelec.com.ar\/?product=aplique-2-luces-blanco-y-madera-con-base#breadcrumb","itemListElement":[{"@type":"ListItem","position":1,"name":"Inicio","item":"https:\/\/tienda.rigelec.com.ar\/"},{"@type":"ListItem","position":2,"name":"Shop","item":"https:\/\/tienda.rigelec.com.ar\/?page_id=12"},{"@type":"ListItem","position":3,"name":"APLIQUE 2 LUCES BLANCO Y MADERA CON BASE POLONIA GU10"}]},{"@type":"WebSite","@id":"https:\/\/tienda.rigelec.com.ar\/#website","url":"https:\/\/tienda.rigelec.com.ar\/","name":"Tienda Rigelec","description":"Energia en movimiento","publisher":{"@id":"https:\/\/tienda.rigelec.com.ar\/#organization"},"potentialAction":[{"@type":"SearchAction","target":{"@type":"EntryPoint","urlTemplate":"https:\/\/tienda.rigelec.com.ar\/?s={search_term_string}"},"query-input":{"@type":"PropertyValueSpecification","valueRequired":true,"valueName":"search_term_string"}}],"inLanguage":"es-AR"},{"@type":"Organization","@id":"https:\/\/tienda.rigelec.com.ar\/#organization","name":"Tienda Rigelec","url":"https:\/\/tienda.rigelec.com.ar\/","logo":{"@type":"ImageObject","inLanguage":"es-AR","@id":"https:\/\/tienda.rigelec.com.ar\/#\/schema\/logo\/image\/","url":"https:\/\/tienda.rigelec.com.ar\/wp-content\/uploads\/2024\/09\/isologo-blanco-rigelec.png","contentUrl":"https:\/\/tienda.rigelec.com.ar\/wp-content\/uploads\/2024\/09\/isologo-blanco-rigelec.png","width":94,"height":97,"caption":"Tienda Rigelec"},"image":{"@id":"https:\/\/tienda.rigelec.com.ar\/#\/schema\/logo\/image\/"}}]}},"jetpack_sharing_enabled":true,"_links":{"self":[{"href":"https:\/\/tienda.rigelec.com.ar\/index.php?rest_route=\/wp\/v2\/product\/22269","targetHints":{"allow":["GET"]}}],"collection":[{"href":"https:\/\/tienda.rigelec.com.ar\/index.php?rest_route=\/wp\/v2\/product"}],"about":[{"href":"https:\/\/tienda.rigelec.com.ar\/index.php?rest_route=\/wp\/v2\/types\/product"}],"replies":[{"embeddable":true,"href":"https:\/\/tienda.rigelec.com.ar\/index.php?rest_route=%2Fwp%2Fv2%2Fcomments&post=22269"}],"wp:featuredmedia":[{"embeddable":true,"href":"https:\/\/tienda.rigelec.com.ar\/index.php?rest_route=\/wp\/v2\/media\/29741"}],"wp:attachment":[{"href":"https:\/\/tienda.rigelec.com.ar\/index.php?rest_route=%2Fwp%2Fv2%2Fmedia&parent=22269"}],"wp:term":[{"taxonomy":"product_brand","embeddable":true,"href":"https:\/\/tienda.rigelec.com.ar\/index.php?rest_route=%2Fwp%2Fv2%2Fproduct_brand&post=22269"},{"taxonomy":"product_cat","embeddable":true,"href":"https:\/\/tienda.rigelec.com.ar\/index.php?rest_route=%2Fwp%2Fv2%2Fproduct_cat&post=22269"},{"taxonomy":"product_tag","embeddable":true,"href":"https:\/\/tienda.rigelec.com.ar\/index.php?rest_route=%2Fwp%2Fv2%2Fproduct_tag&post=22269"}],"curies":[{"name":"wp","href":"https:\/\/api.w.org\/{rel}","templated":true}]}}