{"id":22427,"date":"2024-12-19T13:46:37","date_gmt":"2024-12-19T16:46:37","guid":{"rendered":"https:\/\/tienda.test.rigelec.com.ar\/?product=modulo-tapon-ciego-marfil-linea-verona"},"modified":"2026-05-01T05:10:09","modified_gmt":"2026-05-01T08:10:09","slug":"modulo-tapon-ciego-marfil-linea-verona","status":"publish","type":"product","link":"https:\/\/tienda.rigelec.com.ar\/?product=modulo-tapon-ciego-marfil-linea-verona","title":{"rendered":"MODULO TAPON CIEGO MARFIL LINEA VERONA"},"content":{"rendered":"<p>MODULO TAPON CIEGO MARFIL<\/p>\n","protected":false},"excerpt":{"rendered":"<p>Tipo de interruptor: Tapa<br \/>\nMaterial: PVC<br \/>\nColor: Marfil<br \/>\nDise\u00f1ados para complementar y finalizar instalaciones el\u00e9ctricas con una est\u00e9tica moderna y sofisticada, estos m\u00f3dulos son ideales para cubrir espacios no utilizados en placas de interruptores o tomas de corriente, manteniendo la uniformidad y el dise\u00f1o del entorno.<\/p>\n","protected":false},"featured_media":22428,"comment_status":"open","ping_status":"closed","template":"","meta":{"_monsterinsights_skip_tracking":false,"_monsterinsights_sitenote_active":false,"_monsterinsights_sitenote_note":"","_monsterinsights_sitenote_category":0},"product_brand":[],"product_cat":[231],"product_tag":[73],"class_list":{"0":"post-22427","1":"product","2":"type-product","3":"status-publish","4":"has-post-thumbnail","6":"product_cat-3-ciego","7":"product_tag-jeluz","9":"first","10":"instock","11":"shipping-taxable","12":"purchasable","13":"product-type-simple"},"yoast_head":"<!-- This site is optimized with the Yoast SEO plugin v25.3.1 - https:\/\/yoast.com\/wordpress\/plugins\/seo\/ -->\n<title>MODULO TAPON CIEGO MARFIL LINEA VERONA - Tienda Rigelec<\/title>\n<meta name=\"robots\" content=\"index, follow, max-snippet:-1, max-image-preview:large, max-video-preview:-1\" \/>\n<link rel=\"canonical\" href=\"https:\/\/tienda.rigelec.com.ar\/?product=modulo-tapon-ciego-marfil-linea-verona\" \/>\n<meta property=\"og:locale\" content=\"es_ES\" \/>\n<meta property=\"og:type\" content=\"article\" \/>\n<meta property=\"og:title\" content=\"MODULO TAPON CIEGO MARFIL LINEA VERONA - Tienda Rigelec\" \/>\n<meta property=\"og:description\" content=\"Tipo de interruptor: Tapa Material: PVC  Color: Marfil Dise\u00f1ados para complementar y finalizar instalaciones el\u00e9ctricas con una est\u00e9tica moderna y sofisticada, estos m\u00f3dulos son ideales para cubrir espacios no utilizados en placas de interruptores o tomas de corriente, manteniendo la uniformidad y el dise\u00f1o del entorno.\" \/>\n<meta property=\"og:url\" content=\"https:\/\/tienda.rigelec.com.ar\/?product=modulo-tapon-ciego-marfil-linea-verona\" \/>\n<meta property=\"og:site_name\" content=\"Tienda Rigelec\" \/>\n<meta property=\"article:modified_time\" content=\"2026-05-01T08:10:09+00:00\" \/>\n<meta property=\"og:image\" content=\"https:\/\/tienda.rigelec.com.ar\/wp-content\/uploads\/2024\/12\/MODULOTAPONCIEGOMARFIL.jpg\" \/>\n\t<meta property=\"og:image:width\" content=\"1080\" \/>\n\t<meta property=\"og:image:height\" content=\"1080\" \/>\n\t<meta property=\"og:image:type\" content=\"image\/jpeg\" \/>\n<meta name=\"twitter:card\" content=\"summary_large_image\" \/>\n<script type=\"application\/ld+json\" class=\"yoast-schema-graph\">{\"@context\":\"https:\/\/schema.org\",\"@graph\":[{\"@type\":\"WebPage\",\"@id\":\"https:\/\/tienda.rigelec.com.ar\/?product=modulo-tapon-ciego-marfil-linea-verona\",\"url\":\"https:\/\/tienda.rigelec.com.ar\/?product=modulo-tapon-ciego-marfil-linea-verona\",\"name\":\"MODULO TAPON CIEGO MARFIL LINEA VERONA - Tienda Rigelec\",\"isPartOf\":{\"@id\":\"https:\/\/tienda.rigelec.com.ar\/#website\"},\"primaryImageOfPage\":{\"@id\":\"https:\/\/tienda.rigelec.com.ar\/?product=modulo-tapon-ciego-marfil-linea-verona#primaryimage\"},\"image\":{\"@id\":\"https:\/\/tienda.rigelec.com.ar\/?product=modulo-tapon-ciego-marfil-linea-verona#primaryimage\"},\"thumbnailUrl\":\"https:\/\/tienda.rigelec.com.ar\/wp-content\/uploads\/2024\/12\/MODULOTAPONCIEGOMARFIL.jpg\",\"datePublished\":\"2024-12-19T16:46:37+00:00\",\"dateModified\":\"2026-05-01T08:10:09+00:00\",\"breadcrumb\":{\"@id\":\"https:\/\/tienda.rigelec.com.ar\/?product=modulo-tapon-ciego-marfil-linea-verona#breadcrumb\"},\"inLanguage\":\"es-AR\",\"potentialAction\":[{\"@type\":\"ReadAction\",\"target\":[\"https:\/\/tienda.rigelec.com.ar\/?product=modulo-tapon-ciego-marfil-linea-verona\"]}]},{\"@type\":\"ImageObject\",\"inLanguage\":\"es-AR\",\"@id\":\"https:\/\/tienda.rigelec.com.ar\/?product=modulo-tapon-ciego-marfil-linea-verona#primaryimage\",\"url\":\"https:\/\/tienda.rigelec.com.ar\/wp-content\/uploads\/2024\/12\/MODULOTAPONCIEGOMARFIL.jpg\",\"contentUrl\":\"https:\/\/tienda.rigelec.com.ar\/wp-content\/uploads\/2024\/12\/MODULOTAPONCIEGOMARFIL.jpg\",\"width\":1080,\"height\":1080},{\"@type\":\"BreadcrumbList\",\"@id\":\"https:\/\/tienda.rigelec.com.ar\/?product=modulo-tapon-ciego-marfil-linea-verona#breadcrumb\",\"itemListElement\":[{\"@type\":\"ListItem\",\"position\":1,\"name\":\"Inicio\",\"item\":\"https:\/\/tienda.rigelec.com.ar\/\"},{\"@type\":\"ListItem\",\"position\":2,\"name\":\"Shop\",\"item\":\"https:\/\/tienda.rigelec.com.ar\/?page_id=12\"},{\"@type\":\"ListItem\",\"position\":3,\"name\":\"MODULO TAPON CIEGO MARFIL LINEA VERONA\"}]},{\"@type\":\"WebSite\",\"@id\":\"https:\/\/tienda.rigelec.com.ar\/#website\",\"url\":\"https:\/\/tienda.rigelec.com.ar\/\",\"name\":\"Tienda Rigelec\",\"description\":\"Energia en movimiento\",\"publisher\":{\"@id\":\"https:\/\/tienda.rigelec.com.ar\/#organization\"},\"potentialAction\":[{\"@type\":\"SearchAction\",\"target\":{\"@type\":\"EntryPoint\",\"urlTemplate\":\"https:\/\/tienda.rigelec.com.ar\/?s={search_term_string}\"},\"query-input\":{\"@type\":\"PropertyValueSpecification\",\"valueRequired\":true,\"valueName\":\"search_term_string\"}}],\"inLanguage\":\"es-AR\"},{\"@type\":\"Organization\",\"@id\":\"https:\/\/tienda.rigelec.com.ar\/#organization\",\"name\":\"Tienda Rigelec\",\"url\":\"https:\/\/tienda.rigelec.com.ar\/\",\"logo\":{\"@type\":\"ImageObject\",\"inLanguage\":\"es-AR\",\"@id\":\"https:\/\/tienda.rigelec.com.ar\/#\/schema\/logo\/image\/\",\"url\":\"https:\/\/tienda.rigelec.com.ar\/wp-content\/uploads\/2024\/09\/isologo-blanco-rigelec.png\",\"contentUrl\":\"https:\/\/tienda.rigelec.com.ar\/wp-content\/uploads\/2024\/09\/isologo-blanco-rigelec.png\",\"width\":94,\"height\":97,\"caption\":\"Tienda Rigelec\"},\"image\":{\"@id\":\"https:\/\/tienda.rigelec.com.ar\/#\/schema\/logo\/image\/\"}}]}<\/script>\n<!-- \/ Yoast SEO plugin. -->","yoast_head_json":{"title":"MODULO TAPON CIEGO MARFIL LINEA VERONA - Tienda Rigelec","robots":{"index":"index","follow":"follow","max-snippet":"max-snippet:-1","max-image-preview":"max-image-preview:large","max-video-preview":"max-video-preview:-1"},"canonical":"https:\/\/tienda.rigelec.com.ar\/?product=modulo-tapon-ciego-marfil-linea-verona","og_locale":"es_ES","og_type":"article","og_title":"MODULO TAPON CIEGO MARFIL LINEA VERONA - Tienda Rigelec","og_description":"Tipo de interruptor: Tapa Material: PVC  Color: Marfil Dise\u00f1ados para complementar y finalizar instalaciones el\u00e9ctricas con una est\u00e9tica moderna y sofisticada, estos m\u00f3dulos son ideales para cubrir espacios no utilizados en placas de interruptores o tomas de corriente, manteniendo la uniformidad y el dise\u00f1o del entorno.","og_url":"https:\/\/tienda.rigelec.com.ar\/?product=modulo-tapon-ciego-marfil-linea-verona","og_site_name":"Tienda Rigelec","article_modified_time":"2026-05-01T08:10:09+00:00","og_image":[{"width":1080,"height":1080,"url":"https:\/\/tienda.rigelec.com.ar\/wp-content\/uploads\/2024\/12\/MODULOTAPONCIEGOMARFIL.jpg","type":"image\/jpeg"}],"twitter_card":"summary_large_image","schema":{"@context":"https:\/\/schema.org","@graph":[{"@type":"WebPage","@id":"https:\/\/tienda.rigelec.com.ar\/?product=modulo-tapon-ciego-marfil-linea-verona","url":"https:\/\/tienda.rigelec.com.ar\/?product=modulo-tapon-ciego-marfil-linea-verona","name":"MODULO TAPON CIEGO MARFIL LINEA VERONA - Tienda Rigelec","isPartOf":{"@id":"https:\/\/tienda.rigelec.com.ar\/#website"},"primaryImageOfPage":{"@id":"https:\/\/tienda.rigelec.com.ar\/?product=modulo-tapon-ciego-marfil-linea-verona#primaryimage"},"image":{"@id":"https:\/\/tienda.rigelec.com.ar\/?product=modulo-tapon-ciego-marfil-linea-verona#primaryimage"},"thumbnailUrl":"https:\/\/tienda.rigelec.com.ar\/wp-content\/uploads\/2024\/12\/MODULOTAPONCIEGOMARFIL.jpg","datePublished":"2024-12-19T16:46:37+00:00","dateModified":"2026-05-01T08:10:09+00:00","breadcrumb":{"@id":"https:\/\/tienda.rigelec.com.ar\/?product=modulo-tapon-ciego-marfil-linea-verona#breadcrumb"},"inLanguage":"es-AR","potentialAction":[{"@type":"ReadAction","target":["https:\/\/tienda.rigelec.com.ar\/?product=modulo-tapon-ciego-marfil-linea-verona"]}]},{"@type":"ImageObject","inLanguage":"es-AR","@id":"https:\/\/tienda.rigelec.com.ar\/?product=modulo-tapon-ciego-marfil-linea-verona#primaryimage","url":"https:\/\/tienda.rigelec.com.ar\/wp-content\/uploads\/2024\/12\/MODULOTAPONCIEGOMARFIL.jpg","contentUrl":"https:\/\/tienda.rigelec.com.ar\/wp-content\/uploads\/2024\/12\/MODULOTAPONCIEGOMARFIL.jpg","width":1080,"height":1080},{"@type":"BreadcrumbList","@id":"https:\/\/tienda.rigelec.com.ar\/?product=modulo-tapon-ciego-marfil-linea-verona#breadcrumb","itemListElement":[{"@type":"ListItem","position":1,"name":"Inicio","item":"https:\/\/tienda.rigelec.com.ar\/"},{"@type":"ListItem","position":2,"name":"Shop","item":"https:\/\/tienda.rigelec.com.ar\/?page_id=12"},{"@type":"ListItem","position":3,"name":"MODULO TAPON CIEGO MARFIL LINEA VERONA"}]},{"@type":"WebSite","@id":"https:\/\/tienda.rigelec.com.ar\/#website","url":"https:\/\/tienda.rigelec.com.ar\/","name":"Tienda Rigelec","description":"Energia en movimiento","publisher":{"@id":"https:\/\/tienda.rigelec.com.ar\/#organization"},"potentialAction":[{"@type":"SearchAction","target":{"@type":"EntryPoint","urlTemplate":"https:\/\/tienda.rigelec.com.ar\/?s={search_term_string}"},"query-input":{"@type":"PropertyValueSpecification","valueRequired":true,"valueName":"search_term_string"}}],"inLanguage":"es-AR"},{"@type":"Organization","@id":"https:\/\/tienda.rigelec.com.ar\/#organization","name":"Tienda Rigelec","url":"https:\/\/tienda.rigelec.com.ar\/","logo":{"@type":"ImageObject","inLanguage":"es-AR","@id":"https:\/\/tienda.rigelec.com.ar\/#\/schema\/logo\/image\/","url":"https:\/\/tienda.rigelec.com.ar\/wp-content\/uploads\/2024\/09\/isologo-blanco-rigelec.png","contentUrl":"https:\/\/tienda.rigelec.com.ar\/wp-content\/uploads\/2024\/09\/isologo-blanco-rigelec.png","width":94,"height":97,"caption":"Tienda Rigelec"},"image":{"@id":"https:\/\/tienda.rigelec.com.ar\/#\/schema\/logo\/image\/"}}]}},"jetpack_sharing_enabled":true,"_links":{"self":[{"href":"https:\/\/tienda.rigelec.com.ar\/index.php?rest_route=\/wp\/v2\/product\/22427","targetHints":{"allow":["GET"]}}],"collection":[{"href":"https:\/\/tienda.rigelec.com.ar\/index.php?rest_route=\/wp\/v2\/product"}],"about":[{"href":"https:\/\/tienda.rigelec.com.ar\/index.php?rest_route=\/wp\/v2\/types\/product"}],"replies":[{"embeddable":true,"href":"https:\/\/tienda.rigelec.com.ar\/index.php?rest_route=%2Fwp%2Fv2%2Fcomments&post=22427"}],"wp:featuredmedia":[{"embeddable":true,"href":"https:\/\/tienda.rigelec.com.ar\/index.php?rest_route=\/wp\/v2\/media\/22428"}],"wp:attachment":[{"href":"https:\/\/tienda.rigelec.com.ar\/index.php?rest_route=%2Fwp%2Fv2%2Fmedia&parent=22427"}],"wp:term":[{"taxonomy":"product_brand","embeddable":true,"href":"https:\/\/tienda.rigelec.com.ar\/index.php?rest_route=%2Fwp%2Fv2%2Fproduct_brand&post=22427"},{"taxonomy":"product_cat","embeddable":true,"href":"https:\/\/tienda.rigelec.com.ar\/index.php?rest_route=%2Fwp%2Fv2%2Fproduct_cat&post=22427"},{"taxonomy":"product_tag","embeddable":true,"href":"https:\/\/tienda.rigelec.com.ar\/index.php?rest_route=%2Fwp%2Fv2%2Fproduct_tag&post=22427"}],"curies":[{"name":"wp","href":"https:\/\/api.w.org\/{rel}","templated":true}]}}