{"id":22835,"date":"2024-12-19T14:09:16","date_gmt":"2024-12-19T17:09:16","guid":{"rendered":"https:\/\/tienda.test.rigelec.com.ar\/?product=rele-termico-zb12-16-rango-12-16a-dilm7-a-15"},"modified":"2026-05-04T15:13:59","modified_gmt":"2026-05-04T18:13:59","slug":"rele-termico-zb12-16-rango-12-16a-dilm7-a-15","status":"publish","type":"product","link":"https:\/\/tienda.rigelec.com.ar\/?product=rele-termico-zb12-16-rango-12-16a-dilm7-a-15","title":{"rendered":"RELE TERMICO ZB12-16 RANGO 12-16A &#8211; DILM7 A 15"},"content":{"rendered":"<p>RELE TERMICO<\/p>\n","protected":false},"excerpt":{"rendered":"<p>Rel\u00e9 de sobrecarga termica.<br \/>\nGrado de protecci\u00f3n IP20<br \/>\nTama\u00f1o del marco ZB12<br \/>\nM\u00e9todo de montaje: Montaje directo<br \/>\nRango de corriente ajustable: 12 &#8211; 16 A<br \/>\nM\u00e1x. tensi\u00f3n nominal de funcionamiento Ue: 690 voltios<br \/>\nN\u00famero de contactos (contactos normalmente cerrados): 1<br \/>\nN\u00famero de contactos (contactos normalmente abiertos): 1<\/p>\n","protected":false},"featured_media":22836,"comment_status":"open","ping_status":"closed","template":"","meta":{"_monsterinsights_skip_tracking":false,"_monsterinsights_sitenote_active":false,"_monsterinsights_sitenote_note":"","_monsterinsights_sitenote_category":0},"product_brand":[],"product_cat":[335],"product_tag":[61],"class_list":{"0":"post-22835","1":"product","2":"type-product","3":"status-publish","4":"has-post-thumbnail","6":"product_cat-i-relevo","7":"product_tag-eaton-moeller","9":"first","10":"instock","11":"shipping-taxable","12":"purchasable","13":"product-type-simple"},"yoast_head":"<!-- This site is optimized with the Yoast SEO plugin v25.3.1 - https:\/\/yoast.com\/wordpress\/plugins\/seo\/ -->\n<title>RELE TERMICO ZB12-16 RANGO 12-16A - DILM7 A 15 - Tienda Rigelec<\/title>\n<meta name=\"robots\" content=\"index, follow, max-snippet:-1, max-image-preview:large, max-video-preview:-1\" \/>\n<link rel=\"canonical\" href=\"https:\/\/tienda.rigelec.com.ar\/?product=rele-termico-zb12-16-rango-12-16a-dilm7-a-15\" \/>\n<meta property=\"og:locale\" content=\"es_ES\" \/>\n<meta property=\"og:type\" content=\"article\" \/>\n<meta property=\"og:title\" content=\"RELE TERMICO ZB12-16 RANGO 12-16A - DILM7 A 15 - Tienda Rigelec\" \/>\n<meta property=\"og:description\" content=\"Rel\u00e9 de sobrecarga termica. Grado de protecci\u00f3n IP20 Tama\u00f1o del marco ZB12 M\u00e9todo de montaje: Montaje directo Rango de corriente ajustable: 12 - 16 A M\u00e1x. tensi\u00f3n nominal de funcionamiento Ue: 690 voltios N\u00famero de contactos (contactos normalmente cerrados): 1 N\u00famero de contactos (contactos normalmente abiertos): 1\" \/>\n<meta property=\"og:url\" content=\"https:\/\/tienda.rigelec.com.ar\/?product=rele-termico-zb12-16-rango-12-16a-dilm7-a-15\" \/>\n<meta property=\"og:site_name\" content=\"Tienda Rigelec\" \/>\n<meta property=\"article:modified_time\" content=\"2026-05-04T18:13:59+00:00\" \/>\n<meta property=\"og:image\" content=\"https:\/\/tienda.rigelec.com.ar\/wp-content\/uploads\/2024\/12\/RELETERMICO-28.jpg\" \/>\n\t<meta property=\"og:image:width\" content=\"953\" \/>\n\t<meta property=\"og:image:height\" content=\"937\" \/>\n\t<meta property=\"og:image:type\" content=\"image\/jpeg\" \/>\n<meta name=\"twitter:card\" content=\"summary_large_image\" \/>\n<script type=\"application\/ld+json\" class=\"yoast-schema-graph\">{\"@context\":\"https:\/\/schema.org\",\"@graph\":[{\"@type\":\"WebPage\",\"@id\":\"https:\/\/tienda.rigelec.com.ar\/?product=rele-termico-zb12-16-rango-12-16a-dilm7-a-15\",\"url\":\"https:\/\/tienda.rigelec.com.ar\/?product=rele-termico-zb12-16-rango-12-16a-dilm7-a-15\",\"name\":\"RELE TERMICO ZB12-16 RANGO 12-16A - DILM7 A 15 - Tienda Rigelec\",\"isPartOf\":{\"@id\":\"https:\/\/tienda.rigelec.com.ar\/#website\"},\"primaryImageOfPage\":{\"@id\":\"https:\/\/tienda.rigelec.com.ar\/?product=rele-termico-zb12-16-rango-12-16a-dilm7-a-15#primaryimage\"},\"image\":{\"@id\":\"https:\/\/tienda.rigelec.com.ar\/?product=rele-termico-zb12-16-rango-12-16a-dilm7-a-15#primaryimage\"},\"thumbnailUrl\":\"https:\/\/tienda.rigelec.com.ar\/wp-content\/uploads\/2024\/12\/RELETERMICO-28.jpg\",\"datePublished\":\"2024-12-19T17:09:16+00:00\",\"dateModified\":\"2026-05-04T18:13:59+00:00\",\"breadcrumb\":{\"@id\":\"https:\/\/tienda.rigelec.com.ar\/?product=rele-termico-zb12-16-rango-12-16a-dilm7-a-15#breadcrumb\"},\"inLanguage\":\"es-AR\",\"potentialAction\":[{\"@type\":\"ReadAction\",\"target\":[\"https:\/\/tienda.rigelec.com.ar\/?product=rele-termico-zb12-16-rango-12-16a-dilm7-a-15\"]}]},{\"@type\":\"ImageObject\",\"inLanguage\":\"es-AR\",\"@id\":\"https:\/\/tienda.rigelec.com.ar\/?product=rele-termico-zb12-16-rango-12-16a-dilm7-a-15#primaryimage\",\"url\":\"https:\/\/tienda.rigelec.com.ar\/wp-content\/uploads\/2024\/12\/RELETERMICO-28.jpg\",\"contentUrl\":\"https:\/\/tienda.rigelec.com.ar\/wp-content\/uploads\/2024\/12\/RELETERMICO-28.jpg\",\"width\":953,\"height\":937},{\"@type\":\"BreadcrumbList\",\"@id\":\"https:\/\/tienda.rigelec.com.ar\/?product=rele-termico-zb12-16-rango-12-16a-dilm7-a-15#breadcrumb\",\"itemListElement\":[{\"@type\":\"ListItem\",\"position\":1,\"name\":\"Inicio\",\"item\":\"https:\/\/tienda.rigelec.com.ar\/\"},{\"@type\":\"ListItem\",\"position\":2,\"name\":\"Shop\",\"item\":\"https:\/\/tienda.rigelec.com.ar\/?page_id=12\"},{\"@type\":\"ListItem\",\"position\":3,\"name\":\"RELE TERMICO ZB12-16 RANGO 12-16A &#8211; DILM7 A 15\"}]},{\"@type\":\"WebSite\",\"@id\":\"https:\/\/tienda.rigelec.com.ar\/#website\",\"url\":\"https:\/\/tienda.rigelec.com.ar\/\",\"name\":\"Tienda Rigelec\",\"description\":\"Energia en movimiento\",\"publisher\":{\"@id\":\"https:\/\/tienda.rigelec.com.ar\/#organization\"},\"potentialAction\":[{\"@type\":\"SearchAction\",\"target\":{\"@type\":\"EntryPoint\",\"urlTemplate\":\"https:\/\/tienda.rigelec.com.ar\/?s={search_term_string}\"},\"query-input\":{\"@type\":\"PropertyValueSpecification\",\"valueRequired\":true,\"valueName\":\"search_term_string\"}}],\"inLanguage\":\"es-AR\"},{\"@type\":\"Organization\",\"@id\":\"https:\/\/tienda.rigelec.com.ar\/#organization\",\"name\":\"Tienda Rigelec\",\"url\":\"https:\/\/tienda.rigelec.com.ar\/\",\"logo\":{\"@type\":\"ImageObject\",\"inLanguage\":\"es-AR\",\"@id\":\"https:\/\/tienda.rigelec.com.ar\/#\/schema\/logo\/image\/\",\"url\":\"https:\/\/tienda.rigelec.com.ar\/wp-content\/uploads\/2024\/09\/isologo-blanco-rigelec.png\",\"contentUrl\":\"https:\/\/tienda.rigelec.com.ar\/wp-content\/uploads\/2024\/09\/isologo-blanco-rigelec.png\",\"width\":94,\"height\":97,\"caption\":\"Tienda Rigelec\"},\"image\":{\"@id\":\"https:\/\/tienda.rigelec.com.ar\/#\/schema\/logo\/image\/\"}}]}<\/script>\n<!-- \/ Yoast SEO plugin. -->","yoast_head_json":{"title":"RELE TERMICO ZB12-16 RANGO 12-16A - DILM7 A 15 - Tienda Rigelec","robots":{"index":"index","follow":"follow","max-snippet":"max-snippet:-1","max-image-preview":"max-image-preview:large","max-video-preview":"max-video-preview:-1"},"canonical":"https:\/\/tienda.rigelec.com.ar\/?product=rele-termico-zb12-16-rango-12-16a-dilm7-a-15","og_locale":"es_ES","og_type":"article","og_title":"RELE TERMICO ZB12-16 RANGO 12-16A - DILM7 A 15 - Tienda Rigelec","og_description":"Rel\u00e9 de sobrecarga termica. Grado de protecci\u00f3n IP20 Tama\u00f1o del marco ZB12 M\u00e9todo de montaje: Montaje directo Rango de corriente ajustable: 12 - 16 A M\u00e1x. tensi\u00f3n nominal de funcionamiento Ue: 690 voltios N\u00famero de contactos (contactos normalmente cerrados): 1 N\u00famero de contactos (contactos normalmente abiertos): 1","og_url":"https:\/\/tienda.rigelec.com.ar\/?product=rele-termico-zb12-16-rango-12-16a-dilm7-a-15","og_site_name":"Tienda Rigelec","article_modified_time":"2026-05-04T18:13:59+00:00","og_image":[{"width":953,"height":937,"url":"https:\/\/tienda.rigelec.com.ar\/wp-content\/uploads\/2024\/12\/RELETERMICO-28.jpg","type":"image\/jpeg"}],"twitter_card":"summary_large_image","schema":{"@context":"https:\/\/schema.org","@graph":[{"@type":"WebPage","@id":"https:\/\/tienda.rigelec.com.ar\/?product=rele-termico-zb12-16-rango-12-16a-dilm7-a-15","url":"https:\/\/tienda.rigelec.com.ar\/?product=rele-termico-zb12-16-rango-12-16a-dilm7-a-15","name":"RELE TERMICO ZB12-16 RANGO 12-16A - DILM7 A 15 - Tienda Rigelec","isPartOf":{"@id":"https:\/\/tienda.rigelec.com.ar\/#website"},"primaryImageOfPage":{"@id":"https:\/\/tienda.rigelec.com.ar\/?product=rele-termico-zb12-16-rango-12-16a-dilm7-a-15#primaryimage"},"image":{"@id":"https:\/\/tienda.rigelec.com.ar\/?product=rele-termico-zb12-16-rango-12-16a-dilm7-a-15#primaryimage"},"thumbnailUrl":"https:\/\/tienda.rigelec.com.ar\/wp-content\/uploads\/2024\/12\/RELETERMICO-28.jpg","datePublished":"2024-12-19T17:09:16+00:00","dateModified":"2026-05-04T18:13:59+00:00","breadcrumb":{"@id":"https:\/\/tienda.rigelec.com.ar\/?product=rele-termico-zb12-16-rango-12-16a-dilm7-a-15#breadcrumb"},"inLanguage":"es-AR","potentialAction":[{"@type":"ReadAction","target":["https:\/\/tienda.rigelec.com.ar\/?product=rele-termico-zb12-16-rango-12-16a-dilm7-a-15"]}]},{"@type":"ImageObject","inLanguage":"es-AR","@id":"https:\/\/tienda.rigelec.com.ar\/?product=rele-termico-zb12-16-rango-12-16a-dilm7-a-15#primaryimage","url":"https:\/\/tienda.rigelec.com.ar\/wp-content\/uploads\/2024\/12\/RELETERMICO-28.jpg","contentUrl":"https:\/\/tienda.rigelec.com.ar\/wp-content\/uploads\/2024\/12\/RELETERMICO-28.jpg","width":953,"height":937},{"@type":"BreadcrumbList","@id":"https:\/\/tienda.rigelec.com.ar\/?product=rele-termico-zb12-16-rango-12-16a-dilm7-a-15#breadcrumb","itemListElement":[{"@type":"ListItem","position":1,"name":"Inicio","item":"https:\/\/tienda.rigelec.com.ar\/"},{"@type":"ListItem","position":2,"name":"Shop","item":"https:\/\/tienda.rigelec.com.ar\/?page_id=12"},{"@type":"ListItem","position":3,"name":"RELE TERMICO ZB12-16 RANGO 12-16A &#8211; DILM7 A 15"}]},{"@type":"WebSite","@id":"https:\/\/tienda.rigelec.com.ar\/#website","url":"https:\/\/tienda.rigelec.com.ar\/","name":"Tienda Rigelec","description":"Energia en movimiento","publisher":{"@id":"https:\/\/tienda.rigelec.com.ar\/#organization"},"potentialAction":[{"@type":"SearchAction","target":{"@type":"EntryPoint","urlTemplate":"https:\/\/tienda.rigelec.com.ar\/?s={search_term_string}"},"query-input":{"@type":"PropertyValueSpecification","valueRequired":true,"valueName":"search_term_string"}}],"inLanguage":"es-AR"},{"@type":"Organization","@id":"https:\/\/tienda.rigelec.com.ar\/#organization","name":"Tienda Rigelec","url":"https:\/\/tienda.rigelec.com.ar\/","logo":{"@type":"ImageObject","inLanguage":"es-AR","@id":"https:\/\/tienda.rigelec.com.ar\/#\/schema\/logo\/image\/","url":"https:\/\/tienda.rigelec.com.ar\/wp-content\/uploads\/2024\/09\/isologo-blanco-rigelec.png","contentUrl":"https:\/\/tienda.rigelec.com.ar\/wp-content\/uploads\/2024\/09\/isologo-blanco-rigelec.png","width":94,"height":97,"caption":"Tienda Rigelec"},"image":{"@id":"https:\/\/tienda.rigelec.com.ar\/#\/schema\/logo\/image\/"}}]}},"jetpack_sharing_enabled":true,"_links":{"self":[{"href":"https:\/\/tienda.rigelec.com.ar\/index.php?rest_route=\/wp\/v2\/product\/22835","targetHints":{"allow":["GET"]}}],"collection":[{"href":"https:\/\/tienda.rigelec.com.ar\/index.php?rest_route=\/wp\/v2\/product"}],"about":[{"href":"https:\/\/tienda.rigelec.com.ar\/index.php?rest_route=\/wp\/v2\/types\/product"}],"replies":[{"embeddable":true,"href":"https:\/\/tienda.rigelec.com.ar\/index.php?rest_route=%2Fwp%2Fv2%2Fcomments&post=22835"}],"wp:featuredmedia":[{"embeddable":true,"href":"https:\/\/tienda.rigelec.com.ar\/index.php?rest_route=\/wp\/v2\/media\/22836"}],"wp:attachment":[{"href":"https:\/\/tienda.rigelec.com.ar\/index.php?rest_route=%2Fwp%2Fv2%2Fmedia&parent=22835"}],"wp:term":[{"taxonomy":"product_brand","embeddable":true,"href":"https:\/\/tienda.rigelec.com.ar\/index.php?rest_route=%2Fwp%2Fv2%2Fproduct_brand&post=22835"},{"taxonomy":"product_cat","embeddable":true,"href":"https:\/\/tienda.rigelec.com.ar\/index.php?rest_route=%2Fwp%2Fv2%2Fproduct_cat&post=22835"},{"taxonomy":"product_tag","embeddable":true,"href":"https:\/\/tienda.rigelec.com.ar\/index.php?rest_route=%2Fwp%2Fv2%2Fproduct_tag&post=22835"}],"curies":[{"name":"wp","href":"https:\/\/api.w.org\/{rel}","templated":true}]}}