{"id":22953,"date":"2024-12-19T14:15:51","date_gmt":"2024-12-19T17:15:51","guid":{"rendered":"https:\/\/tienda.test.rigelec.com.ar\/?product=capacimetro-digital-display-lcd-0-1pf-a-20mf"},"modified":"2026-04-30T16:16:39","modified_gmt":"2026-04-30T19:16:39","slug":"capacimetro-digital-display-lcd-0-1pf-a-20mf","status":"publish","type":"product","link":"https:\/\/tienda.rigelec.com.ar\/?product=capacimetro-digital-display-lcd-0-1pf-a-20mf","title":{"rendered":"CAPACIMETRO DIGITAL DISPLAY LCD 0.1pF A 20mF"},"content":{"rendered":"<p>CAPACIMETRO DIGITAL<\/p>\n","protected":false},"excerpt":{"rendered":"<p>Pantalla LCD 22mm<br \/>\n* Display de 3 y 1\/2 d\u00edgitos (2000 Cuentas)<br \/>\n* Resoluci\u00f3n 0.1pF<br \/>\n* 9 Rangos de selecci\u00f3n manual: 200pF hasta 20mF (20000uF)<br \/>\n* Cero ajustable +\/- 20pF aproximadamente<br \/>\n* Velocidad de actualizaci\u00f3n de lecturas: 2.5\/seg<br \/>\n* Indicaci\u00f3n de bater\u00eda baja BAT<br \/>\n* Posibilidad de medir el capacitor con borneras o cable<br \/>\n* Rangos de medida:<br \/>\n&#8211; PicoF: 200pF &#8211; 2000pF<br \/>\n&#8211; NanoF: 20nF &#8211; 200nF<br \/>\n&#8211; MicroF: 2Uf &#8211; 20uF &#8211; 200uF &#8211; 2000uF<br \/>\n&#8211; MiliF: 20mF (20000uF)<br \/>\n* Protegido con fusible de acci\u00f3n r\u00e1pida 0,1A\/250V<br \/>\n* Dimensiones: 14,3cm x 7,4cm x 3,9cm<br \/>\n* Alimentaci\u00f3n: Bater\u00eda 9V Alcalina<\/p>\n","protected":false},"featured_media":22954,"comment_status":"open","ping_status":"closed","template":"","meta":{"_monsterinsights_skip_tracking":false,"_monsterinsights_sitenote_active":false,"_monsterinsights_sitenote_note":"","_monsterinsights_sitenote_category":0},"product_brand":[],"product_cat":[367],"product_tag":[65],"class_list":{"0":"post-22953","1":"product","2":"type-product","3":"status-publish","4":"has-post-thumbnail","6":"product_cat-d-instrumentos-de-medicion","7":"product_tag-baw","9":"first","10":"instock","11":"shipping-taxable","12":"purchasable","13":"product-type-simple"},"yoast_head":"<!-- This site is optimized with the Yoast SEO plugin v25.3.1 - https:\/\/yoast.com\/wordpress\/plugins\/seo\/ -->\n<title>CAPACIMETRO DIGITAL DISPLAY LCD 0.1pF A 20mF - Tienda Rigelec<\/title>\n<meta name=\"robots\" content=\"index, follow, max-snippet:-1, max-image-preview:large, max-video-preview:-1\" \/>\n<link rel=\"canonical\" href=\"https:\/\/tienda.rigelec.com.ar\/?product=capacimetro-digital-display-lcd-0-1pf-a-20mf\" \/>\n<meta property=\"og:locale\" content=\"es_ES\" \/>\n<meta property=\"og:type\" content=\"article\" \/>\n<meta property=\"og:title\" content=\"CAPACIMETRO DIGITAL DISPLAY LCD 0.1pF A 20mF - Tienda Rigelec\" \/>\n<meta property=\"og:description\" content=\"Pantalla LCD 22mm * Display de 3 y 1\/2 d\u00edgitos (2000 Cuentas) * Resoluci\u00f3n 0.1pF * 9 Rangos de selecci\u00f3n manual: 200pF hasta 20mF (20000uF) * Cero ajustable +\/- 20pF aproximadamente * Velocidad de actualizaci\u00f3n de lecturas: 2.5\/seg * Indicaci\u00f3n de bater\u00eda baja BAT * Posibilidad de medir el capacitor con borneras o cable * Rangos de medida: - PicoF: 200pF - 2000pF - NanoF: 20nF - 200nF - MicroF: 2Uf - 20uF - 200uF - 2000uF - MiliF: 20mF (20000uF) * Protegido con fusible de acci\u00f3n r\u00e1pida 0,1A\/250V * Dimensiones: 14,3cm x 7,4cm x 3,9cm * Alimentaci\u00f3n: Bater\u00eda 9V Alcalina\" \/>\n<meta property=\"og:url\" content=\"https:\/\/tienda.rigelec.com.ar\/?product=capacimetro-digital-display-lcd-0-1pf-a-20mf\" \/>\n<meta property=\"og:site_name\" content=\"Tienda Rigelec\" \/>\n<meta property=\"article:modified_time\" content=\"2026-04-30T19:16:39+00:00\" \/>\n<meta property=\"og:image\" content=\"https:\/\/tienda.rigelec.com.ar\/wp-content\/uploads\/2024\/12\/CAPACIMETRODIGITAL.jpg\" \/>\n\t<meta property=\"og:image:width\" content=\"979\" \/>\n\t<meta property=\"og:image:height\" content=\"958\" \/>\n\t<meta property=\"og:image:type\" content=\"image\/jpeg\" \/>\n<meta name=\"twitter:card\" content=\"summary_large_image\" \/>\n<script type=\"application\/ld+json\" class=\"yoast-schema-graph\">{\"@context\":\"https:\/\/schema.org\",\"@graph\":[{\"@type\":\"WebPage\",\"@id\":\"https:\/\/tienda.rigelec.com.ar\/?product=capacimetro-digital-display-lcd-0-1pf-a-20mf\",\"url\":\"https:\/\/tienda.rigelec.com.ar\/?product=capacimetro-digital-display-lcd-0-1pf-a-20mf\",\"name\":\"CAPACIMETRO DIGITAL DISPLAY LCD 0.1pF A 20mF - Tienda Rigelec\",\"isPartOf\":{\"@id\":\"https:\/\/tienda.rigelec.com.ar\/#website\"},\"primaryImageOfPage\":{\"@id\":\"https:\/\/tienda.rigelec.com.ar\/?product=capacimetro-digital-display-lcd-0-1pf-a-20mf#primaryimage\"},\"image\":{\"@id\":\"https:\/\/tienda.rigelec.com.ar\/?product=capacimetro-digital-display-lcd-0-1pf-a-20mf#primaryimage\"},\"thumbnailUrl\":\"https:\/\/tienda.rigelec.com.ar\/wp-content\/uploads\/2024\/12\/CAPACIMETRODIGITAL.jpg\",\"datePublished\":\"2024-12-19T17:15:51+00:00\",\"dateModified\":\"2026-04-30T19:16:39+00:00\",\"breadcrumb\":{\"@id\":\"https:\/\/tienda.rigelec.com.ar\/?product=capacimetro-digital-display-lcd-0-1pf-a-20mf#breadcrumb\"},\"inLanguage\":\"es-AR\",\"potentialAction\":[{\"@type\":\"ReadAction\",\"target\":[\"https:\/\/tienda.rigelec.com.ar\/?product=capacimetro-digital-display-lcd-0-1pf-a-20mf\"]}]},{\"@type\":\"ImageObject\",\"inLanguage\":\"es-AR\",\"@id\":\"https:\/\/tienda.rigelec.com.ar\/?product=capacimetro-digital-display-lcd-0-1pf-a-20mf#primaryimage\",\"url\":\"https:\/\/tienda.rigelec.com.ar\/wp-content\/uploads\/2024\/12\/CAPACIMETRODIGITAL.jpg\",\"contentUrl\":\"https:\/\/tienda.rigelec.com.ar\/wp-content\/uploads\/2024\/12\/CAPACIMETRODIGITAL.jpg\",\"width\":979,\"height\":958},{\"@type\":\"BreadcrumbList\",\"@id\":\"https:\/\/tienda.rigelec.com.ar\/?product=capacimetro-digital-display-lcd-0-1pf-a-20mf#breadcrumb\",\"itemListElement\":[{\"@type\":\"ListItem\",\"position\":1,\"name\":\"Inicio\",\"item\":\"https:\/\/tienda.rigelec.com.ar\/\"},{\"@type\":\"ListItem\",\"position\":2,\"name\":\"Shop\",\"item\":\"https:\/\/tienda.rigelec.com.ar\/?page_id=12\"},{\"@type\":\"ListItem\",\"position\":3,\"name\":\"CAPACIMETRO DIGITAL DISPLAY LCD 0.1pF A 20mF\"}]},{\"@type\":\"WebSite\",\"@id\":\"https:\/\/tienda.rigelec.com.ar\/#website\",\"url\":\"https:\/\/tienda.rigelec.com.ar\/\",\"name\":\"Tienda Rigelec\",\"description\":\"Energia en movimiento\",\"publisher\":{\"@id\":\"https:\/\/tienda.rigelec.com.ar\/#organization\"},\"potentialAction\":[{\"@type\":\"SearchAction\",\"target\":{\"@type\":\"EntryPoint\",\"urlTemplate\":\"https:\/\/tienda.rigelec.com.ar\/?s={search_term_string}\"},\"query-input\":{\"@type\":\"PropertyValueSpecification\",\"valueRequired\":true,\"valueName\":\"search_term_string\"}}],\"inLanguage\":\"es-AR\"},{\"@type\":\"Organization\",\"@id\":\"https:\/\/tienda.rigelec.com.ar\/#organization\",\"name\":\"Tienda Rigelec\",\"url\":\"https:\/\/tienda.rigelec.com.ar\/\",\"logo\":{\"@type\":\"ImageObject\",\"inLanguage\":\"es-AR\",\"@id\":\"https:\/\/tienda.rigelec.com.ar\/#\/schema\/logo\/image\/\",\"url\":\"https:\/\/tienda.rigelec.com.ar\/wp-content\/uploads\/2024\/09\/isologo-blanco-rigelec.png\",\"contentUrl\":\"https:\/\/tienda.rigelec.com.ar\/wp-content\/uploads\/2024\/09\/isologo-blanco-rigelec.png\",\"width\":94,\"height\":97,\"caption\":\"Tienda Rigelec\"},\"image\":{\"@id\":\"https:\/\/tienda.rigelec.com.ar\/#\/schema\/logo\/image\/\"}}]}<\/script>\n<!-- \/ Yoast SEO plugin. -->","yoast_head_json":{"title":"CAPACIMETRO DIGITAL DISPLAY LCD 0.1pF A 20mF - Tienda Rigelec","robots":{"index":"index","follow":"follow","max-snippet":"max-snippet:-1","max-image-preview":"max-image-preview:large","max-video-preview":"max-video-preview:-1"},"canonical":"https:\/\/tienda.rigelec.com.ar\/?product=capacimetro-digital-display-lcd-0-1pf-a-20mf","og_locale":"es_ES","og_type":"article","og_title":"CAPACIMETRO DIGITAL DISPLAY LCD 0.1pF A 20mF - Tienda Rigelec","og_description":"Pantalla LCD 22mm * Display de 3 y 1\/2 d\u00edgitos (2000 Cuentas) * Resoluci\u00f3n 0.1pF * 9 Rangos de selecci\u00f3n manual: 200pF hasta 20mF (20000uF) * Cero ajustable +\/- 20pF aproximadamente * Velocidad de actualizaci\u00f3n de lecturas: 2.5\/seg * Indicaci\u00f3n de bater\u00eda baja BAT * Posibilidad de medir el capacitor con borneras o cable * Rangos de medida: - PicoF: 200pF - 2000pF - NanoF: 20nF - 200nF - MicroF: 2Uf - 20uF - 200uF - 2000uF - MiliF: 20mF (20000uF) * Protegido con fusible de acci\u00f3n r\u00e1pida 0,1A\/250V * Dimensiones: 14,3cm x 7,4cm x 3,9cm * Alimentaci\u00f3n: Bater\u00eda 9V Alcalina","og_url":"https:\/\/tienda.rigelec.com.ar\/?product=capacimetro-digital-display-lcd-0-1pf-a-20mf","og_site_name":"Tienda Rigelec","article_modified_time":"2026-04-30T19:16:39+00:00","og_image":[{"width":979,"height":958,"url":"https:\/\/tienda.rigelec.com.ar\/wp-content\/uploads\/2024\/12\/CAPACIMETRODIGITAL.jpg","type":"image\/jpeg"}],"twitter_card":"summary_large_image","schema":{"@context":"https:\/\/schema.org","@graph":[{"@type":"WebPage","@id":"https:\/\/tienda.rigelec.com.ar\/?product=capacimetro-digital-display-lcd-0-1pf-a-20mf","url":"https:\/\/tienda.rigelec.com.ar\/?product=capacimetro-digital-display-lcd-0-1pf-a-20mf","name":"CAPACIMETRO DIGITAL DISPLAY LCD 0.1pF A 20mF - Tienda Rigelec","isPartOf":{"@id":"https:\/\/tienda.rigelec.com.ar\/#website"},"primaryImageOfPage":{"@id":"https:\/\/tienda.rigelec.com.ar\/?product=capacimetro-digital-display-lcd-0-1pf-a-20mf#primaryimage"},"image":{"@id":"https:\/\/tienda.rigelec.com.ar\/?product=capacimetro-digital-display-lcd-0-1pf-a-20mf#primaryimage"},"thumbnailUrl":"https:\/\/tienda.rigelec.com.ar\/wp-content\/uploads\/2024\/12\/CAPACIMETRODIGITAL.jpg","datePublished":"2024-12-19T17:15:51+00:00","dateModified":"2026-04-30T19:16:39+00:00","breadcrumb":{"@id":"https:\/\/tienda.rigelec.com.ar\/?product=capacimetro-digital-display-lcd-0-1pf-a-20mf#breadcrumb"},"inLanguage":"es-AR","potentialAction":[{"@type":"ReadAction","target":["https:\/\/tienda.rigelec.com.ar\/?product=capacimetro-digital-display-lcd-0-1pf-a-20mf"]}]},{"@type":"ImageObject","inLanguage":"es-AR","@id":"https:\/\/tienda.rigelec.com.ar\/?product=capacimetro-digital-display-lcd-0-1pf-a-20mf#primaryimage","url":"https:\/\/tienda.rigelec.com.ar\/wp-content\/uploads\/2024\/12\/CAPACIMETRODIGITAL.jpg","contentUrl":"https:\/\/tienda.rigelec.com.ar\/wp-content\/uploads\/2024\/12\/CAPACIMETRODIGITAL.jpg","width":979,"height":958},{"@type":"BreadcrumbList","@id":"https:\/\/tienda.rigelec.com.ar\/?product=capacimetro-digital-display-lcd-0-1pf-a-20mf#breadcrumb","itemListElement":[{"@type":"ListItem","position":1,"name":"Inicio","item":"https:\/\/tienda.rigelec.com.ar\/"},{"@type":"ListItem","position":2,"name":"Shop","item":"https:\/\/tienda.rigelec.com.ar\/?page_id=12"},{"@type":"ListItem","position":3,"name":"CAPACIMETRO DIGITAL DISPLAY LCD 0.1pF A 20mF"}]},{"@type":"WebSite","@id":"https:\/\/tienda.rigelec.com.ar\/#website","url":"https:\/\/tienda.rigelec.com.ar\/","name":"Tienda Rigelec","description":"Energia en movimiento","publisher":{"@id":"https:\/\/tienda.rigelec.com.ar\/#organization"},"potentialAction":[{"@type":"SearchAction","target":{"@type":"EntryPoint","urlTemplate":"https:\/\/tienda.rigelec.com.ar\/?s={search_term_string}"},"query-input":{"@type":"PropertyValueSpecification","valueRequired":true,"valueName":"search_term_string"}}],"inLanguage":"es-AR"},{"@type":"Organization","@id":"https:\/\/tienda.rigelec.com.ar\/#organization","name":"Tienda Rigelec","url":"https:\/\/tienda.rigelec.com.ar\/","logo":{"@type":"ImageObject","inLanguage":"es-AR","@id":"https:\/\/tienda.rigelec.com.ar\/#\/schema\/logo\/image\/","url":"https:\/\/tienda.rigelec.com.ar\/wp-content\/uploads\/2024\/09\/isologo-blanco-rigelec.png","contentUrl":"https:\/\/tienda.rigelec.com.ar\/wp-content\/uploads\/2024\/09\/isologo-blanco-rigelec.png","width":94,"height":97,"caption":"Tienda Rigelec"},"image":{"@id":"https:\/\/tienda.rigelec.com.ar\/#\/schema\/logo\/image\/"}}]}},"jetpack_sharing_enabled":true,"_links":{"self":[{"href":"https:\/\/tienda.rigelec.com.ar\/index.php?rest_route=\/wp\/v2\/product\/22953","targetHints":{"allow":["GET"]}}],"collection":[{"href":"https:\/\/tienda.rigelec.com.ar\/index.php?rest_route=\/wp\/v2\/product"}],"about":[{"href":"https:\/\/tienda.rigelec.com.ar\/index.php?rest_route=\/wp\/v2\/types\/product"}],"replies":[{"embeddable":true,"href":"https:\/\/tienda.rigelec.com.ar\/index.php?rest_route=%2Fwp%2Fv2%2Fcomments&post=22953"}],"wp:featuredmedia":[{"embeddable":true,"href":"https:\/\/tienda.rigelec.com.ar\/index.php?rest_route=\/wp\/v2\/media\/22954"}],"wp:attachment":[{"href":"https:\/\/tienda.rigelec.com.ar\/index.php?rest_route=%2Fwp%2Fv2%2Fmedia&parent=22953"}],"wp:term":[{"taxonomy":"product_brand","embeddable":true,"href":"https:\/\/tienda.rigelec.com.ar\/index.php?rest_route=%2Fwp%2Fv2%2Fproduct_brand&post=22953"},{"taxonomy":"product_cat","embeddable":true,"href":"https:\/\/tienda.rigelec.com.ar\/index.php?rest_route=%2Fwp%2Fv2%2Fproduct_cat&post=22953"},{"taxonomy":"product_tag","embeddable":true,"href":"https:\/\/tienda.rigelec.com.ar\/index.php?rest_route=%2Fwp%2Fv2%2Fproduct_tag&post=22953"}],"curies":[{"name":"wp","href":"https:\/\/api.w.org\/{rel}","templated":true}]}}