{"id":23151,"date":"2024-12-19T14:26:38","date_gmt":"2024-12-19T17:26:38","guid":{"rendered":"https:\/\/tienda.test.rigelec.com.ar\/?product=caja-termica-de-distribucion-puerta-transparente-silverbox-ip40-5-modulos"},"modified":"2026-05-01T06:05:25","modified_gmt":"2026-05-01T09:05:25","slug":"caja-termica-de-distribucion-puerta-transparente-silverbox-ip40-5-modulos","status":"publish","type":"product","link":"https:\/\/tienda.rigelec.com.ar\/?product=caja-termica-de-distribucion-puerta-transparente-silverbox-ip40-5-modulos","title":{"rendered":"CAJA TERMICA DE DISTRIBUCION PUERTA TRANSPARENTE SILVERBOX &#8211; IP40 5 MODULOS"},"content":{"rendered":"<p>CAJA TERMICA DE DISTRIBUCION PUERTA TRANSPARENTE<\/p>\n","protected":false},"excerpt":{"rendered":"<p>Tableros para uso residencial e industrial de sobreponer con puertas reversibles que abren en \u00e1ngulo de hasta 180 grados, adem\u00e1s de aberturas en los cuatro lados para la entrada de energ\u00eda. Disponible en varios tama\u00f1os para contener de 2 a 48 m\u00f3dulos tipo DIN.<br \/>\n5 MODULOS DIN, 8W DE POTENCIA DISIPADA<\/p>\n","protected":false},"featured_media":23152,"comment_status":"open","ping_status":"closed","template":"","meta":{"_monsterinsights_skip_tracking":false,"_monsterinsights_sitenote_active":false,"_monsterinsights_sitenote_note":"","_monsterinsights_sitenote_category":0},"product_brand":[],"product_cat":[295],"product_tag":[137],"class_list":{"0":"post-23151","1":"product","2":"type-product","3":"status-publish","4":"has-post-thumbnail","6":"product_cat-c-cajas","7":"product_tag-steck","9":"first","10":"outofstock","11":"shipping-taxable","12":"purchasable","13":"product-type-simple"},"yoast_head":"<!-- This site is optimized with the Yoast SEO plugin v25.3.1 - https:\/\/yoast.com\/wordpress\/plugins\/seo\/ -->\n<title>CAJA TERMICA DE DISTRIBUCION PUERTA TRANSPARENTE SILVERBOX - IP40 5 MODULOS - Tienda Rigelec<\/title>\n<meta name=\"robots\" content=\"index, follow, max-snippet:-1, max-image-preview:large, max-video-preview:-1\" \/>\n<link rel=\"canonical\" href=\"https:\/\/tienda.rigelec.com.ar\/?product=caja-termica-de-distribucion-puerta-transparente-silverbox-ip40-5-modulos\" \/>\n<meta property=\"og:locale\" content=\"es_ES\" \/>\n<meta property=\"og:type\" content=\"article\" \/>\n<meta property=\"og:title\" content=\"CAJA TERMICA DE DISTRIBUCION PUERTA TRANSPARENTE SILVERBOX - IP40 5 MODULOS - Tienda Rigelec\" \/>\n<meta property=\"og:description\" content=\"Tableros para uso residencial e industrial de sobreponer con puertas reversibles que abren en \u00e1ngulo de hasta 180 grados, adem\u00e1s de aberturas en los cuatro lados para la entrada de energ\u00eda. Disponible en varios tama\u00f1os para contener de 2 a 48 m\u00f3dulos tipo DIN. 5 MODULOS DIN, 8W DE POTENCIA DISIPADA\" \/>\n<meta property=\"og:url\" content=\"https:\/\/tienda.rigelec.com.ar\/?product=caja-termica-de-distribucion-puerta-transparente-silverbox-ip40-5-modulos\" \/>\n<meta property=\"og:site_name\" content=\"Tienda Rigelec\" \/>\n<meta property=\"article:modified_time\" content=\"2026-05-01T09:05:25+00:00\" \/>\n<meta property=\"og:image\" content=\"https:\/\/tienda.rigelec.com.ar\/wp-content\/uploads\/2024\/12\/CAJATERMICADEDISTRIBUCIONPUERTATRANSPARENTE-1.jpg\" \/>\n\t<meta property=\"og:image:width\" content=\"991\" \/>\n\t<meta property=\"og:image:height\" content=\"957\" \/>\n\t<meta property=\"og:image:type\" content=\"image\/jpeg\" \/>\n<meta name=\"twitter:card\" content=\"summary_large_image\" \/>\n<script type=\"application\/ld+json\" class=\"yoast-schema-graph\">{\"@context\":\"https:\/\/schema.org\",\"@graph\":[{\"@type\":\"WebPage\",\"@id\":\"https:\/\/tienda.rigelec.com.ar\/?product=caja-termica-de-distribucion-puerta-transparente-silverbox-ip40-5-modulos\",\"url\":\"https:\/\/tienda.rigelec.com.ar\/?product=caja-termica-de-distribucion-puerta-transparente-silverbox-ip40-5-modulos\",\"name\":\"CAJA TERMICA DE DISTRIBUCION PUERTA TRANSPARENTE SILVERBOX - IP40 5 MODULOS - Tienda Rigelec\",\"isPartOf\":{\"@id\":\"https:\/\/tienda.rigelec.com.ar\/#website\"},\"primaryImageOfPage\":{\"@id\":\"https:\/\/tienda.rigelec.com.ar\/?product=caja-termica-de-distribucion-puerta-transparente-silverbox-ip40-5-modulos#primaryimage\"},\"image\":{\"@id\":\"https:\/\/tienda.rigelec.com.ar\/?product=caja-termica-de-distribucion-puerta-transparente-silverbox-ip40-5-modulos#primaryimage\"},\"thumbnailUrl\":\"https:\/\/tienda.rigelec.com.ar\/wp-content\/uploads\/2024\/12\/CAJATERMICADEDISTRIBUCIONPUERTATRANSPARENTE-1.jpg\",\"datePublished\":\"2024-12-19T17:26:38+00:00\",\"dateModified\":\"2026-05-01T09:05:25+00:00\",\"breadcrumb\":{\"@id\":\"https:\/\/tienda.rigelec.com.ar\/?product=caja-termica-de-distribucion-puerta-transparente-silverbox-ip40-5-modulos#breadcrumb\"},\"inLanguage\":\"es-AR\",\"potentialAction\":[{\"@type\":\"ReadAction\",\"target\":[\"https:\/\/tienda.rigelec.com.ar\/?product=caja-termica-de-distribucion-puerta-transparente-silverbox-ip40-5-modulos\"]}]},{\"@type\":\"ImageObject\",\"inLanguage\":\"es-AR\",\"@id\":\"https:\/\/tienda.rigelec.com.ar\/?product=caja-termica-de-distribucion-puerta-transparente-silverbox-ip40-5-modulos#primaryimage\",\"url\":\"https:\/\/tienda.rigelec.com.ar\/wp-content\/uploads\/2024\/12\/CAJATERMICADEDISTRIBUCIONPUERTATRANSPARENTE-1.jpg\",\"contentUrl\":\"https:\/\/tienda.rigelec.com.ar\/wp-content\/uploads\/2024\/12\/CAJATERMICADEDISTRIBUCIONPUERTATRANSPARENTE-1.jpg\",\"width\":991,\"height\":957},{\"@type\":\"BreadcrumbList\",\"@id\":\"https:\/\/tienda.rigelec.com.ar\/?product=caja-termica-de-distribucion-puerta-transparente-silverbox-ip40-5-modulos#breadcrumb\",\"itemListElement\":[{\"@type\":\"ListItem\",\"position\":1,\"name\":\"Inicio\",\"item\":\"https:\/\/tienda.rigelec.com.ar\/\"},{\"@type\":\"ListItem\",\"position\":2,\"name\":\"Shop\",\"item\":\"https:\/\/tienda.rigelec.com.ar\/?page_id=12\"},{\"@type\":\"ListItem\",\"position\":3,\"name\":\"CAJA TERMICA DE DISTRIBUCION PUERTA TRANSPARENTE SILVERBOX &#8211; IP40 5 MODULOS\"}]},{\"@type\":\"WebSite\",\"@id\":\"https:\/\/tienda.rigelec.com.ar\/#website\",\"url\":\"https:\/\/tienda.rigelec.com.ar\/\",\"name\":\"Tienda Rigelec\",\"description\":\"Energia en movimiento\",\"publisher\":{\"@id\":\"https:\/\/tienda.rigelec.com.ar\/#organization\"},\"potentialAction\":[{\"@type\":\"SearchAction\",\"target\":{\"@type\":\"EntryPoint\",\"urlTemplate\":\"https:\/\/tienda.rigelec.com.ar\/?s={search_term_string}\"},\"query-input\":{\"@type\":\"PropertyValueSpecification\",\"valueRequired\":true,\"valueName\":\"search_term_string\"}}],\"inLanguage\":\"es-AR\"},{\"@type\":\"Organization\",\"@id\":\"https:\/\/tienda.rigelec.com.ar\/#organization\",\"name\":\"Tienda Rigelec\",\"url\":\"https:\/\/tienda.rigelec.com.ar\/\",\"logo\":{\"@type\":\"ImageObject\",\"inLanguage\":\"es-AR\",\"@id\":\"https:\/\/tienda.rigelec.com.ar\/#\/schema\/logo\/image\/\",\"url\":\"https:\/\/tienda.rigelec.com.ar\/wp-content\/uploads\/2024\/09\/isologo-blanco-rigelec.png\",\"contentUrl\":\"https:\/\/tienda.rigelec.com.ar\/wp-content\/uploads\/2024\/09\/isologo-blanco-rigelec.png\",\"width\":94,\"height\":97,\"caption\":\"Tienda Rigelec\"},\"image\":{\"@id\":\"https:\/\/tienda.rigelec.com.ar\/#\/schema\/logo\/image\/\"}}]}<\/script>\n<!-- \/ Yoast SEO plugin. -->","yoast_head_json":{"title":"CAJA TERMICA DE DISTRIBUCION PUERTA TRANSPARENTE SILVERBOX - IP40 5 MODULOS - Tienda Rigelec","robots":{"index":"index","follow":"follow","max-snippet":"max-snippet:-1","max-image-preview":"max-image-preview:large","max-video-preview":"max-video-preview:-1"},"canonical":"https:\/\/tienda.rigelec.com.ar\/?product=caja-termica-de-distribucion-puerta-transparente-silverbox-ip40-5-modulos","og_locale":"es_ES","og_type":"article","og_title":"CAJA TERMICA DE DISTRIBUCION PUERTA TRANSPARENTE SILVERBOX - IP40 5 MODULOS - Tienda Rigelec","og_description":"Tableros para uso residencial e industrial de sobreponer con puertas reversibles que abren en \u00e1ngulo de hasta 180 grados, adem\u00e1s de aberturas en los cuatro lados para la entrada de energ\u00eda. Disponible en varios tama\u00f1os para contener de 2 a 48 m\u00f3dulos tipo DIN. 5 MODULOS DIN, 8W DE POTENCIA DISIPADA","og_url":"https:\/\/tienda.rigelec.com.ar\/?product=caja-termica-de-distribucion-puerta-transparente-silverbox-ip40-5-modulos","og_site_name":"Tienda Rigelec","article_modified_time":"2026-05-01T09:05:25+00:00","og_image":[{"width":991,"height":957,"url":"https:\/\/tienda.rigelec.com.ar\/wp-content\/uploads\/2024\/12\/CAJATERMICADEDISTRIBUCIONPUERTATRANSPARENTE-1.jpg","type":"image\/jpeg"}],"twitter_card":"summary_large_image","schema":{"@context":"https:\/\/schema.org","@graph":[{"@type":"WebPage","@id":"https:\/\/tienda.rigelec.com.ar\/?product=caja-termica-de-distribucion-puerta-transparente-silverbox-ip40-5-modulos","url":"https:\/\/tienda.rigelec.com.ar\/?product=caja-termica-de-distribucion-puerta-transparente-silverbox-ip40-5-modulos","name":"CAJA TERMICA DE DISTRIBUCION PUERTA TRANSPARENTE SILVERBOX - IP40 5 MODULOS - Tienda Rigelec","isPartOf":{"@id":"https:\/\/tienda.rigelec.com.ar\/#website"},"primaryImageOfPage":{"@id":"https:\/\/tienda.rigelec.com.ar\/?product=caja-termica-de-distribucion-puerta-transparente-silverbox-ip40-5-modulos#primaryimage"},"image":{"@id":"https:\/\/tienda.rigelec.com.ar\/?product=caja-termica-de-distribucion-puerta-transparente-silverbox-ip40-5-modulos#primaryimage"},"thumbnailUrl":"https:\/\/tienda.rigelec.com.ar\/wp-content\/uploads\/2024\/12\/CAJATERMICADEDISTRIBUCIONPUERTATRANSPARENTE-1.jpg","datePublished":"2024-12-19T17:26:38+00:00","dateModified":"2026-05-01T09:05:25+00:00","breadcrumb":{"@id":"https:\/\/tienda.rigelec.com.ar\/?product=caja-termica-de-distribucion-puerta-transparente-silverbox-ip40-5-modulos#breadcrumb"},"inLanguage":"es-AR","potentialAction":[{"@type":"ReadAction","target":["https:\/\/tienda.rigelec.com.ar\/?product=caja-termica-de-distribucion-puerta-transparente-silverbox-ip40-5-modulos"]}]},{"@type":"ImageObject","inLanguage":"es-AR","@id":"https:\/\/tienda.rigelec.com.ar\/?product=caja-termica-de-distribucion-puerta-transparente-silverbox-ip40-5-modulos#primaryimage","url":"https:\/\/tienda.rigelec.com.ar\/wp-content\/uploads\/2024\/12\/CAJATERMICADEDISTRIBUCIONPUERTATRANSPARENTE-1.jpg","contentUrl":"https:\/\/tienda.rigelec.com.ar\/wp-content\/uploads\/2024\/12\/CAJATERMICADEDISTRIBUCIONPUERTATRANSPARENTE-1.jpg","width":991,"height":957},{"@type":"BreadcrumbList","@id":"https:\/\/tienda.rigelec.com.ar\/?product=caja-termica-de-distribucion-puerta-transparente-silverbox-ip40-5-modulos#breadcrumb","itemListElement":[{"@type":"ListItem","position":1,"name":"Inicio","item":"https:\/\/tienda.rigelec.com.ar\/"},{"@type":"ListItem","position":2,"name":"Shop","item":"https:\/\/tienda.rigelec.com.ar\/?page_id=12"},{"@type":"ListItem","position":3,"name":"CAJA TERMICA DE DISTRIBUCION PUERTA TRANSPARENTE SILVERBOX &#8211; IP40 5 MODULOS"}]},{"@type":"WebSite","@id":"https:\/\/tienda.rigelec.com.ar\/#website","url":"https:\/\/tienda.rigelec.com.ar\/","name":"Tienda Rigelec","description":"Energia en movimiento","publisher":{"@id":"https:\/\/tienda.rigelec.com.ar\/#organization"},"potentialAction":[{"@type":"SearchAction","target":{"@type":"EntryPoint","urlTemplate":"https:\/\/tienda.rigelec.com.ar\/?s={search_term_string}"},"query-input":{"@type":"PropertyValueSpecification","valueRequired":true,"valueName":"search_term_string"}}],"inLanguage":"es-AR"},{"@type":"Organization","@id":"https:\/\/tienda.rigelec.com.ar\/#organization","name":"Tienda Rigelec","url":"https:\/\/tienda.rigelec.com.ar\/","logo":{"@type":"ImageObject","inLanguage":"es-AR","@id":"https:\/\/tienda.rigelec.com.ar\/#\/schema\/logo\/image\/","url":"https:\/\/tienda.rigelec.com.ar\/wp-content\/uploads\/2024\/09\/isologo-blanco-rigelec.png","contentUrl":"https:\/\/tienda.rigelec.com.ar\/wp-content\/uploads\/2024\/09\/isologo-blanco-rigelec.png","width":94,"height":97,"caption":"Tienda Rigelec"},"image":{"@id":"https:\/\/tienda.rigelec.com.ar\/#\/schema\/logo\/image\/"}}]}},"jetpack_sharing_enabled":true,"_links":{"self":[{"href":"https:\/\/tienda.rigelec.com.ar\/index.php?rest_route=\/wp\/v2\/product\/23151","targetHints":{"allow":["GET"]}}],"collection":[{"href":"https:\/\/tienda.rigelec.com.ar\/index.php?rest_route=\/wp\/v2\/product"}],"about":[{"href":"https:\/\/tienda.rigelec.com.ar\/index.php?rest_route=\/wp\/v2\/types\/product"}],"replies":[{"embeddable":true,"href":"https:\/\/tienda.rigelec.com.ar\/index.php?rest_route=%2Fwp%2Fv2%2Fcomments&post=23151"}],"wp:featuredmedia":[{"embeddable":true,"href":"https:\/\/tienda.rigelec.com.ar\/index.php?rest_route=\/wp\/v2\/media\/23152"}],"wp:attachment":[{"href":"https:\/\/tienda.rigelec.com.ar\/index.php?rest_route=%2Fwp%2Fv2%2Fmedia&parent=23151"}],"wp:term":[{"taxonomy":"product_brand","embeddable":true,"href":"https:\/\/tienda.rigelec.com.ar\/index.php?rest_route=%2Fwp%2Fv2%2Fproduct_brand&post=23151"},{"taxonomy":"product_cat","embeddable":true,"href":"https:\/\/tienda.rigelec.com.ar\/index.php?rest_route=%2Fwp%2Fv2%2Fproduct_cat&post=23151"},{"taxonomy":"product_tag","embeddable":true,"href":"https:\/\/tienda.rigelec.com.ar\/index.php?rest_route=%2Fwp%2Fv2%2Fproduct_tag&post=23151"}],"curies":[{"name":"wp","href":"https:\/\/api.w.org\/{rel}","templated":true}]}}