{"id":23413,"date":"2024-12-19T14:40:52","date_gmt":"2024-12-19T17:40:52","guid":{"rendered":"https:\/\/tienda.test.rigelec.com.ar\/?product=bloque-contacto-auxiliar-e10-rmq16-1na-e10-botoneras-rmq16"},"modified":"2026-04-30T16:51:19","modified_gmt":"2026-04-30T19:51:19","slug":"bloque-contacto-auxiliar-e10-rmq16-1na-e10-botoneras-rmq16","status":"publish","type":"product","link":"https:\/\/tienda.rigelec.com.ar\/?product=bloque-contacto-auxiliar-e10-rmq16-1na-e10-botoneras-rmq16","title":{"rendered":"BLOQUE CONTACTO AUXILIAR E10 RMQ16 1NA &#8211; E10 &#8211; BOTONERAS RMQ16"},"content":{"rendered":"<p>BLOQUE CONTACTO AUXILIAR<\/p>\n","protected":false},"excerpt":{"rendered":"<p>Los accesorios opcionales para la serie de interruptores autom\u00e1ticos NZM ofrecen una cartera completa de opciones de aplicaci\u00f3n para su uso en todo el mundo. El montaje es siempre flexible y sencillo gracias a los grupos de funciones modulares. Notas: desconexi\u00f3n no retardada del interruptor autom\u00e1tico NZM o interruptor-seccionador N cuando la tensi\u00f3n de control desciende por debajo del 35-70% EE. UU. Para usar con dispositivos de parada de emergencia junto con el bot\u00f3n de parada de emergencia. cuando se desenergiza el disparador de m\u00ednima tensi\u00f3n, se evita de forma segura el contacto accidental con los contactos principales del interruptor durante los intentos de encendido. Los rel\u00e9s de m\u00ednima tensi\u00f3n no pueden instalarse simult\u00e1neamente con el contacto auxiliar de cierre anticipado NZM ..- XHIV .. o el rel\u00e9 en derivaci\u00f3n NZM ..- XA &#8230; Puede utilizarse para: NZM4 (-4), N (N \/ O) 4 (-4).<br \/>\nModelo: montaje superior.<br \/>\nContactos normalmente abiertos: 1.<br \/>\nTension nominal soportada al impulso: 4000 V CA.<br \/>\nCapacidad terminal: 0.5 &#8211; 1.0 mm\u00b2<\/p>\n","protected":false},"featured_media":23414,"comment_status":"open","ping_status":"closed","template":"","meta":{"_monsterinsights_skip_tracking":false,"_monsterinsights_sitenote_active":false,"_monsterinsights_sitenote_note":"","_monsterinsights_sitenote_category":0},"product_brand":[],"product_cat":[332],"product_tag":[61],"class_list":{"0":"post-23413","1":"product","2":"type-product","3":"status-publish","4":"has-post-thumbnail","6":"product_cat-a-contactores","7":"product_tag-eaton-moeller","9":"first","10":"outofstock","11":"shipping-taxable","12":"purchasable","13":"product-type-simple"},"yoast_head":"<!-- This site is optimized with the Yoast SEO plugin v25.3.1 - https:\/\/yoast.com\/wordpress\/plugins\/seo\/ -->\n<title>BLOQUE CONTACTO AUXILIAR E10 RMQ16 1NA - E10 - BOTONERAS RMQ16 - Tienda Rigelec<\/title>\n<meta name=\"robots\" content=\"index, follow, max-snippet:-1, max-image-preview:large, max-video-preview:-1\" \/>\n<link rel=\"canonical\" href=\"https:\/\/tienda.rigelec.com.ar\/?product=bloque-contacto-auxiliar-e10-rmq16-1na-e10-botoneras-rmq16\" \/>\n<meta property=\"og:locale\" content=\"es_ES\" \/>\n<meta property=\"og:type\" content=\"article\" \/>\n<meta property=\"og:title\" content=\"BLOQUE CONTACTO AUXILIAR E10 RMQ16 1NA - E10 - BOTONERAS RMQ16 - Tienda Rigelec\" \/>\n<meta property=\"og:description\" content=\"Los accesorios opcionales para la serie de interruptores autom\u00e1ticos NZM ofrecen una cartera completa de opciones de aplicaci\u00f3n para su uso en todo el mundo. El montaje es siempre flexible y sencillo gracias a los grupos de funciones modulares. Notas: desconexi\u00f3n no retardada del interruptor autom\u00e1tico NZM o interruptor-seccionador N cuando la tensi\u00f3n de control desciende por debajo del 35-70% EE. UU. Para usar con dispositivos de parada de emergencia junto con el bot\u00f3n de parada de emergencia. cuando se desenergiza el disparador de m\u00ednima tensi\u00f3n, se evita de forma segura el contacto accidental con los contactos principales del interruptor durante los intentos de encendido. Los rel\u00e9s de m\u00ednima tensi\u00f3n no pueden instalarse simult\u00e1neamente con el contacto auxiliar de cierre anticipado NZM ..- XHIV .. o el rel\u00e9 en derivaci\u00f3n NZM ..- XA ... Puede utilizarse para: NZM4 (-4), N (N \/ O) 4 (-4). Modelo: montaje superior. Contactos normalmente abiertos: 1. Tension nominal soportada al impulso: 4000 V CA. Capacidad terminal: 0.5 - 1.0 mm\u00b2\" \/>\n<meta property=\"og:url\" content=\"https:\/\/tienda.rigelec.com.ar\/?product=bloque-contacto-auxiliar-e10-rmq16-1na-e10-botoneras-rmq16\" \/>\n<meta property=\"og:site_name\" content=\"Tienda Rigelec\" \/>\n<meta property=\"article:modified_time\" content=\"2026-04-30T19:51:19+00:00\" \/>\n<meta property=\"og:image\" content=\"https:\/\/tienda.rigelec.com.ar\/wp-content\/uploads\/2024\/12\/BLOQUECONTACTOAUXILIAR.jpg\" \/>\n\t<meta property=\"og:image:width\" content=\"1000\" \/>\n\t<meta property=\"og:image:height\" content=\"1000\" \/>\n\t<meta property=\"og:image:type\" content=\"image\/jpeg\" \/>\n<meta name=\"twitter:card\" content=\"summary_large_image\" \/>\n<script type=\"application\/ld+json\" class=\"yoast-schema-graph\">{\"@context\":\"https:\/\/schema.org\",\"@graph\":[{\"@type\":\"WebPage\",\"@id\":\"https:\/\/tienda.rigelec.com.ar\/?product=bloque-contacto-auxiliar-e10-rmq16-1na-e10-botoneras-rmq16\",\"url\":\"https:\/\/tienda.rigelec.com.ar\/?product=bloque-contacto-auxiliar-e10-rmq16-1na-e10-botoneras-rmq16\",\"name\":\"BLOQUE CONTACTO AUXILIAR E10 RMQ16 1NA - E10 - BOTONERAS RMQ16 - Tienda Rigelec\",\"isPartOf\":{\"@id\":\"https:\/\/tienda.rigelec.com.ar\/#website\"},\"primaryImageOfPage\":{\"@id\":\"https:\/\/tienda.rigelec.com.ar\/?product=bloque-contacto-auxiliar-e10-rmq16-1na-e10-botoneras-rmq16#primaryimage\"},\"image\":{\"@id\":\"https:\/\/tienda.rigelec.com.ar\/?product=bloque-contacto-auxiliar-e10-rmq16-1na-e10-botoneras-rmq16#primaryimage\"},\"thumbnailUrl\":\"https:\/\/tienda.rigelec.com.ar\/wp-content\/uploads\/2024\/12\/BLOQUECONTACTOAUXILIAR.jpg\",\"datePublished\":\"2024-12-19T17:40:52+00:00\",\"dateModified\":\"2026-04-30T19:51:19+00:00\",\"breadcrumb\":{\"@id\":\"https:\/\/tienda.rigelec.com.ar\/?product=bloque-contacto-auxiliar-e10-rmq16-1na-e10-botoneras-rmq16#breadcrumb\"},\"inLanguage\":\"es-AR\",\"potentialAction\":[{\"@type\":\"ReadAction\",\"target\":[\"https:\/\/tienda.rigelec.com.ar\/?product=bloque-contacto-auxiliar-e10-rmq16-1na-e10-botoneras-rmq16\"]}]},{\"@type\":\"ImageObject\",\"inLanguage\":\"es-AR\",\"@id\":\"https:\/\/tienda.rigelec.com.ar\/?product=bloque-contacto-auxiliar-e10-rmq16-1na-e10-botoneras-rmq16#primaryimage\",\"url\":\"https:\/\/tienda.rigelec.com.ar\/wp-content\/uploads\/2024\/12\/BLOQUECONTACTOAUXILIAR.jpg\",\"contentUrl\":\"https:\/\/tienda.rigelec.com.ar\/wp-content\/uploads\/2024\/12\/BLOQUECONTACTOAUXILIAR.jpg\",\"width\":1000,\"height\":1000},{\"@type\":\"BreadcrumbList\",\"@id\":\"https:\/\/tienda.rigelec.com.ar\/?product=bloque-contacto-auxiliar-e10-rmq16-1na-e10-botoneras-rmq16#breadcrumb\",\"itemListElement\":[{\"@type\":\"ListItem\",\"position\":1,\"name\":\"Inicio\",\"item\":\"https:\/\/tienda.rigelec.com.ar\/\"},{\"@type\":\"ListItem\",\"position\":2,\"name\":\"Shop\",\"item\":\"https:\/\/tienda.rigelec.com.ar\/?page_id=12\"},{\"@type\":\"ListItem\",\"position\":3,\"name\":\"BLOQUE CONTACTO AUXILIAR E10 RMQ16 1NA &#8211; E10 &#8211; BOTONERAS RMQ16\"}]},{\"@type\":\"WebSite\",\"@id\":\"https:\/\/tienda.rigelec.com.ar\/#website\",\"url\":\"https:\/\/tienda.rigelec.com.ar\/\",\"name\":\"Tienda Rigelec\",\"description\":\"Energia en movimiento\",\"publisher\":{\"@id\":\"https:\/\/tienda.rigelec.com.ar\/#organization\"},\"potentialAction\":[{\"@type\":\"SearchAction\",\"target\":{\"@type\":\"EntryPoint\",\"urlTemplate\":\"https:\/\/tienda.rigelec.com.ar\/?s={search_term_string}\"},\"query-input\":{\"@type\":\"PropertyValueSpecification\",\"valueRequired\":true,\"valueName\":\"search_term_string\"}}],\"inLanguage\":\"es-AR\"},{\"@type\":\"Organization\",\"@id\":\"https:\/\/tienda.rigelec.com.ar\/#organization\",\"name\":\"Tienda Rigelec\",\"url\":\"https:\/\/tienda.rigelec.com.ar\/\",\"logo\":{\"@type\":\"ImageObject\",\"inLanguage\":\"es-AR\",\"@id\":\"https:\/\/tienda.rigelec.com.ar\/#\/schema\/logo\/image\/\",\"url\":\"https:\/\/tienda.rigelec.com.ar\/wp-content\/uploads\/2024\/09\/isologo-blanco-rigelec.png\",\"contentUrl\":\"https:\/\/tienda.rigelec.com.ar\/wp-content\/uploads\/2024\/09\/isologo-blanco-rigelec.png\",\"width\":94,\"height\":97,\"caption\":\"Tienda Rigelec\"},\"image\":{\"@id\":\"https:\/\/tienda.rigelec.com.ar\/#\/schema\/logo\/image\/\"}}]}<\/script>\n<!-- \/ Yoast SEO plugin. -->","yoast_head_json":{"title":"BLOQUE CONTACTO AUXILIAR E10 RMQ16 1NA - E10 - BOTONERAS RMQ16 - Tienda Rigelec","robots":{"index":"index","follow":"follow","max-snippet":"max-snippet:-1","max-image-preview":"max-image-preview:large","max-video-preview":"max-video-preview:-1"},"canonical":"https:\/\/tienda.rigelec.com.ar\/?product=bloque-contacto-auxiliar-e10-rmq16-1na-e10-botoneras-rmq16","og_locale":"es_ES","og_type":"article","og_title":"BLOQUE CONTACTO AUXILIAR E10 RMQ16 1NA - E10 - BOTONERAS RMQ16 - Tienda Rigelec","og_description":"Los accesorios opcionales para la serie de interruptores autom\u00e1ticos NZM ofrecen una cartera completa de opciones de aplicaci\u00f3n para su uso en todo el mundo. El montaje es siempre flexible y sencillo gracias a los grupos de funciones modulares. Notas: desconexi\u00f3n no retardada del interruptor autom\u00e1tico NZM o interruptor-seccionador N cuando la tensi\u00f3n de control desciende por debajo del 35-70% EE. UU. Para usar con dispositivos de parada de emergencia junto con el bot\u00f3n de parada de emergencia. cuando se desenergiza el disparador de m\u00ednima tensi\u00f3n, se evita de forma segura el contacto accidental con los contactos principales del interruptor durante los intentos de encendido. Los rel\u00e9s de m\u00ednima tensi\u00f3n no pueden instalarse simult\u00e1neamente con el contacto auxiliar de cierre anticipado NZM ..- XHIV .. o el rel\u00e9 en derivaci\u00f3n NZM ..- XA ... Puede utilizarse para: NZM4 (-4), N (N \/ O) 4 (-4). Modelo: montaje superior. Contactos normalmente abiertos: 1. Tension nominal soportada al impulso: 4000 V CA. Capacidad terminal: 0.5 - 1.0 mm\u00b2","og_url":"https:\/\/tienda.rigelec.com.ar\/?product=bloque-contacto-auxiliar-e10-rmq16-1na-e10-botoneras-rmq16","og_site_name":"Tienda Rigelec","article_modified_time":"2026-04-30T19:51:19+00:00","og_image":[{"width":1000,"height":1000,"url":"https:\/\/tienda.rigelec.com.ar\/wp-content\/uploads\/2024\/12\/BLOQUECONTACTOAUXILIAR.jpg","type":"image\/jpeg"}],"twitter_card":"summary_large_image","schema":{"@context":"https:\/\/schema.org","@graph":[{"@type":"WebPage","@id":"https:\/\/tienda.rigelec.com.ar\/?product=bloque-contacto-auxiliar-e10-rmq16-1na-e10-botoneras-rmq16","url":"https:\/\/tienda.rigelec.com.ar\/?product=bloque-contacto-auxiliar-e10-rmq16-1na-e10-botoneras-rmq16","name":"BLOQUE CONTACTO AUXILIAR E10 RMQ16 1NA - E10 - BOTONERAS RMQ16 - Tienda Rigelec","isPartOf":{"@id":"https:\/\/tienda.rigelec.com.ar\/#website"},"primaryImageOfPage":{"@id":"https:\/\/tienda.rigelec.com.ar\/?product=bloque-contacto-auxiliar-e10-rmq16-1na-e10-botoneras-rmq16#primaryimage"},"image":{"@id":"https:\/\/tienda.rigelec.com.ar\/?product=bloque-contacto-auxiliar-e10-rmq16-1na-e10-botoneras-rmq16#primaryimage"},"thumbnailUrl":"https:\/\/tienda.rigelec.com.ar\/wp-content\/uploads\/2024\/12\/BLOQUECONTACTOAUXILIAR.jpg","datePublished":"2024-12-19T17:40:52+00:00","dateModified":"2026-04-30T19:51:19+00:00","breadcrumb":{"@id":"https:\/\/tienda.rigelec.com.ar\/?product=bloque-contacto-auxiliar-e10-rmq16-1na-e10-botoneras-rmq16#breadcrumb"},"inLanguage":"es-AR","potentialAction":[{"@type":"ReadAction","target":["https:\/\/tienda.rigelec.com.ar\/?product=bloque-contacto-auxiliar-e10-rmq16-1na-e10-botoneras-rmq16"]}]},{"@type":"ImageObject","inLanguage":"es-AR","@id":"https:\/\/tienda.rigelec.com.ar\/?product=bloque-contacto-auxiliar-e10-rmq16-1na-e10-botoneras-rmq16#primaryimage","url":"https:\/\/tienda.rigelec.com.ar\/wp-content\/uploads\/2024\/12\/BLOQUECONTACTOAUXILIAR.jpg","contentUrl":"https:\/\/tienda.rigelec.com.ar\/wp-content\/uploads\/2024\/12\/BLOQUECONTACTOAUXILIAR.jpg","width":1000,"height":1000},{"@type":"BreadcrumbList","@id":"https:\/\/tienda.rigelec.com.ar\/?product=bloque-contacto-auxiliar-e10-rmq16-1na-e10-botoneras-rmq16#breadcrumb","itemListElement":[{"@type":"ListItem","position":1,"name":"Inicio","item":"https:\/\/tienda.rigelec.com.ar\/"},{"@type":"ListItem","position":2,"name":"Shop","item":"https:\/\/tienda.rigelec.com.ar\/?page_id=12"},{"@type":"ListItem","position":3,"name":"BLOQUE CONTACTO AUXILIAR E10 RMQ16 1NA &#8211; E10 &#8211; BOTONERAS RMQ16"}]},{"@type":"WebSite","@id":"https:\/\/tienda.rigelec.com.ar\/#website","url":"https:\/\/tienda.rigelec.com.ar\/","name":"Tienda Rigelec","description":"Energia en movimiento","publisher":{"@id":"https:\/\/tienda.rigelec.com.ar\/#organization"},"potentialAction":[{"@type":"SearchAction","target":{"@type":"EntryPoint","urlTemplate":"https:\/\/tienda.rigelec.com.ar\/?s={search_term_string}"},"query-input":{"@type":"PropertyValueSpecification","valueRequired":true,"valueName":"search_term_string"}}],"inLanguage":"es-AR"},{"@type":"Organization","@id":"https:\/\/tienda.rigelec.com.ar\/#organization","name":"Tienda Rigelec","url":"https:\/\/tienda.rigelec.com.ar\/","logo":{"@type":"ImageObject","inLanguage":"es-AR","@id":"https:\/\/tienda.rigelec.com.ar\/#\/schema\/logo\/image\/","url":"https:\/\/tienda.rigelec.com.ar\/wp-content\/uploads\/2024\/09\/isologo-blanco-rigelec.png","contentUrl":"https:\/\/tienda.rigelec.com.ar\/wp-content\/uploads\/2024\/09\/isologo-blanco-rigelec.png","width":94,"height":97,"caption":"Tienda Rigelec"},"image":{"@id":"https:\/\/tienda.rigelec.com.ar\/#\/schema\/logo\/image\/"}}]}},"jetpack_sharing_enabled":true,"_links":{"self":[{"href":"https:\/\/tienda.rigelec.com.ar\/index.php?rest_route=\/wp\/v2\/product\/23413","targetHints":{"allow":["GET"]}}],"collection":[{"href":"https:\/\/tienda.rigelec.com.ar\/index.php?rest_route=\/wp\/v2\/product"}],"about":[{"href":"https:\/\/tienda.rigelec.com.ar\/index.php?rest_route=\/wp\/v2\/types\/product"}],"replies":[{"embeddable":true,"href":"https:\/\/tienda.rigelec.com.ar\/index.php?rest_route=%2Fwp%2Fv2%2Fcomments&post=23413"}],"wp:featuredmedia":[{"embeddable":true,"href":"https:\/\/tienda.rigelec.com.ar\/index.php?rest_route=\/wp\/v2\/media\/23414"}],"wp:attachment":[{"href":"https:\/\/tienda.rigelec.com.ar\/index.php?rest_route=%2Fwp%2Fv2%2Fmedia&parent=23413"}],"wp:term":[{"taxonomy":"product_brand","embeddable":true,"href":"https:\/\/tienda.rigelec.com.ar\/index.php?rest_route=%2Fwp%2Fv2%2Fproduct_brand&post=23413"},{"taxonomy":"product_cat","embeddable":true,"href":"https:\/\/tienda.rigelec.com.ar\/index.php?rest_route=%2Fwp%2Fv2%2Fproduct_cat&post=23413"},{"taxonomy":"product_tag","embeddable":true,"href":"https:\/\/tienda.rigelec.com.ar\/index.php?rest_route=%2Fwp%2Fv2%2Fproduct_tag&post=23413"}],"curies":[{"name":"wp","href":"https:\/\/api.w.org\/{rel}","templated":true}]}}