{"id":23769,"date":"2024-12-19T14:59:11","date_gmt":"2024-12-19T17:59:11","guid":{"rendered":"https:\/\/tienda.test.rigelec.com.ar\/?product=caja-estanca-paso-y-distribucion-ice-box-ip65-100x100x100mm"},"modified":"2026-05-01T06:45:32","modified_gmt":"2026-05-01T09:45:32","slug":"caja-estanca-paso-y-distribucion-ice-box-ip65-100x100x100mm","status":"publish","type":"product","link":"https:\/\/tienda.rigelec.com.ar\/?product=caja-estanca-paso-y-distribucion-ice-box-ip65-100x100x100mm","title":{"rendered":"CAJA ESTANCA PASO Y DISTRIBUCION ICE BOX &#8211; IP65 100X100X100MM"},"content":{"rendered":"<p>CAJA ESTANCA PASO Y DISTRIBUCION<\/p>\n","protected":false},"excerpt":{"rendered":"<p>Las Cajas IceBox pueden ser utilizadas como cajas de paso y derivaci\u00f3n para redes el\u00e9ctricas y de informaci\u00f3n, tambi\u00e9n pueden ser utilizadas para montaje de equipamientos el\u00e9ctricos, organiz\u00e1ndolos y protegi\u00e9ndolos, dejando f\u00e1cil acceso para eventuales mantenimientos. Son altamente resistentes y atienden a los m\u00e1s rigorosos requisitos de normas vigentes. Poseen una gran variedad de tama\u00f1os y opciones de tapas opacas y transparentes, bases con o sin incrustaciones<\/p>\n","protected":false},"featured_media":23770,"comment_status":"open","ping_status":"closed","template":"","meta":{"_monsterinsights_skip_tracking":false,"_monsterinsights_sitenote_active":false,"_monsterinsights_sitenote_note":"","_monsterinsights_sitenote_category":0},"product_brand":[],"product_cat":[295],"product_tag":[137],"class_list":{"0":"post-23769","1":"product","2":"type-product","3":"status-publish","4":"has-post-thumbnail","6":"product_cat-c-cajas","7":"product_tag-steck","9":"first","10":"instock","11":"shipping-taxable","12":"purchasable","13":"product-type-simple"},"yoast_head":"<!-- This site is optimized with the Yoast SEO plugin v25.3.1 - https:\/\/yoast.com\/wordpress\/plugins\/seo\/ -->\n<title>CAJA ESTANCA PASO Y DISTRIBUCION ICE BOX - IP65 100X100X100MM - Tienda Rigelec<\/title>\n<meta name=\"robots\" content=\"index, follow, max-snippet:-1, max-image-preview:large, max-video-preview:-1\" \/>\n<link rel=\"canonical\" href=\"https:\/\/tienda.rigelec.com.ar\/?product=caja-estanca-paso-y-distribucion-ice-box-ip65-100x100x100mm\" \/>\n<meta property=\"og:locale\" content=\"es_ES\" \/>\n<meta property=\"og:type\" content=\"article\" \/>\n<meta property=\"og:title\" content=\"CAJA ESTANCA PASO Y DISTRIBUCION ICE BOX - IP65 100X100X100MM - Tienda Rigelec\" \/>\n<meta property=\"og:description\" content=\"Las Cajas IceBox pueden ser utilizadas como cajas de paso y derivaci\u00f3n para redes el\u00e9ctricas y de informaci\u00f3n, tambi\u00e9n pueden ser utilizadas para montaje de equipamientos el\u00e9ctricos, organiz\u00e1ndolos y protegi\u00e9ndolos, dejando f\u00e1cil acceso para eventuales mantenimientos. Son altamente resistentes y atienden a los m\u00e1s rigorosos requisitos de normas vigentes. Poseen una gran variedad de tama\u00f1os y opciones de tapas opacas y transparentes, bases con o sin incrustaciones\" \/>\n<meta property=\"og:url\" content=\"https:\/\/tienda.rigelec.com.ar\/?product=caja-estanca-paso-y-distribucion-ice-box-ip65-100x100x100mm\" \/>\n<meta property=\"og:site_name\" content=\"Tienda Rigelec\" \/>\n<meta property=\"article:modified_time\" content=\"2026-05-01T09:45:32+00:00\" \/>\n<meta property=\"og:image\" content=\"https:\/\/tienda.rigelec.com.ar\/wp-content\/uploads\/2024\/12\/CAJAESTANCAPASOYDISTRIBUCION-10.jpg\" \/>\n\t<meta property=\"og:image:width\" content=\"973\" \/>\n\t<meta property=\"og:image:height\" content=\"953\" \/>\n\t<meta property=\"og:image:type\" content=\"image\/jpeg\" \/>\n<meta name=\"twitter:card\" content=\"summary_large_image\" \/>\n<script type=\"application\/ld+json\" class=\"yoast-schema-graph\">{\"@context\":\"https:\/\/schema.org\",\"@graph\":[{\"@type\":\"WebPage\",\"@id\":\"https:\/\/tienda.rigelec.com.ar\/?product=caja-estanca-paso-y-distribucion-ice-box-ip65-100x100x100mm\",\"url\":\"https:\/\/tienda.rigelec.com.ar\/?product=caja-estanca-paso-y-distribucion-ice-box-ip65-100x100x100mm\",\"name\":\"CAJA ESTANCA PASO Y DISTRIBUCION ICE BOX - IP65 100X100X100MM - Tienda Rigelec\",\"isPartOf\":{\"@id\":\"https:\/\/tienda.rigelec.com.ar\/#website\"},\"primaryImageOfPage\":{\"@id\":\"https:\/\/tienda.rigelec.com.ar\/?product=caja-estanca-paso-y-distribucion-ice-box-ip65-100x100x100mm#primaryimage\"},\"image\":{\"@id\":\"https:\/\/tienda.rigelec.com.ar\/?product=caja-estanca-paso-y-distribucion-ice-box-ip65-100x100x100mm#primaryimage\"},\"thumbnailUrl\":\"https:\/\/tienda.rigelec.com.ar\/wp-content\/uploads\/2024\/12\/CAJAESTANCAPASOYDISTRIBUCION-10.jpg\",\"datePublished\":\"2024-12-19T17:59:11+00:00\",\"dateModified\":\"2026-05-01T09:45:32+00:00\",\"breadcrumb\":{\"@id\":\"https:\/\/tienda.rigelec.com.ar\/?product=caja-estanca-paso-y-distribucion-ice-box-ip65-100x100x100mm#breadcrumb\"},\"inLanguage\":\"es-AR\",\"potentialAction\":[{\"@type\":\"ReadAction\",\"target\":[\"https:\/\/tienda.rigelec.com.ar\/?product=caja-estanca-paso-y-distribucion-ice-box-ip65-100x100x100mm\"]}]},{\"@type\":\"ImageObject\",\"inLanguage\":\"es-AR\",\"@id\":\"https:\/\/tienda.rigelec.com.ar\/?product=caja-estanca-paso-y-distribucion-ice-box-ip65-100x100x100mm#primaryimage\",\"url\":\"https:\/\/tienda.rigelec.com.ar\/wp-content\/uploads\/2024\/12\/CAJAESTANCAPASOYDISTRIBUCION-10.jpg\",\"contentUrl\":\"https:\/\/tienda.rigelec.com.ar\/wp-content\/uploads\/2024\/12\/CAJAESTANCAPASOYDISTRIBUCION-10.jpg\",\"width\":973,\"height\":953},{\"@type\":\"BreadcrumbList\",\"@id\":\"https:\/\/tienda.rigelec.com.ar\/?product=caja-estanca-paso-y-distribucion-ice-box-ip65-100x100x100mm#breadcrumb\",\"itemListElement\":[{\"@type\":\"ListItem\",\"position\":1,\"name\":\"Inicio\",\"item\":\"https:\/\/tienda.rigelec.com.ar\/\"},{\"@type\":\"ListItem\",\"position\":2,\"name\":\"Shop\",\"item\":\"https:\/\/tienda.rigelec.com.ar\/?page_id=12\"},{\"@type\":\"ListItem\",\"position\":3,\"name\":\"CAJA ESTANCA PASO Y DISTRIBUCION ICE BOX &#8211; IP65 100X100X100MM\"}]},{\"@type\":\"WebSite\",\"@id\":\"https:\/\/tienda.rigelec.com.ar\/#website\",\"url\":\"https:\/\/tienda.rigelec.com.ar\/\",\"name\":\"Tienda Rigelec\",\"description\":\"Energia en movimiento\",\"publisher\":{\"@id\":\"https:\/\/tienda.rigelec.com.ar\/#organization\"},\"potentialAction\":[{\"@type\":\"SearchAction\",\"target\":{\"@type\":\"EntryPoint\",\"urlTemplate\":\"https:\/\/tienda.rigelec.com.ar\/?s={search_term_string}\"},\"query-input\":{\"@type\":\"PropertyValueSpecification\",\"valueRequired\":true,\"valueName\":\"search_term_string\"}}],\"inLanguage\":\"es-AR\"},{\"@type\":\"Organization\",\"@id\":\"https:\/\/tienda.rigelec.com.ar\/#organization\",\"name\":\"Tienda Rigelec\",\"url\":\"https:\/\/tienda.rigelec.com.ar\/\",\"logo\":{\"@type\":\"ImageObject\",\"inLanguage\":\"es-AR\",\"@id\":\"https:\/\/tienda.rigelec.com.ar\/#\/schema\/logo\/image\/\",\"url\":\"https:\/\/tienda.rigelec.com.ar\/wp-content\/uploads\/2024\/09\/isologo-blanco-rigelec.png\",\"contentUrl\":\"https:\/\/tienda.rigelec.com.ar\/wp-content\/uploads\/2024\/09\/isologo-blanco-rigelec.png\",\"width\":94,\"height\":97,\"caption\":\"Tienda Rigelec\"},\"image\":{\"@id\":\"https:\/\/tienda.rigelec.com.ar\/#\/schema\/logo\/image\/\"}}]}<\/script>\n<!-- \/ Yoast SEO plugin. -->","yoast_head_json":{"title":"CAJA ESTANCA PASO Y DISTRIBUCION ICE BOX - IP65 100X100X100MM - Tienda Rigelec","robots":{"index":"index","follow":"follow","max-snippet":"max-snippet:-1","max-image-preview":"max-image-preview:large","max-video-preview":"max-video-preview:-1"},"canonical":"https:\/\/tienda.rigelec.com.ar\/?product=caja-estanca-paso-y-distribucion-ice-box-ip65-100x100x100mm","og_locale":"es_ES","og_type":"article","og_title":"CAJA ESTANCA PASO Y DISTRIBUCION ICE BOX - IP65 100X100X100MM - Tienda Rigelec","og_description":"Las Cajas IceBox pueden ser utilizadas como cajas de paso y derivaci\u00f3n para redes el\u00e9ctricas y de informaci\u00f3n, tambi\u00e9n pueden ser utilizadas para montaje de equipamientos el\u00e9ctricos, organiz\u00e1ndolos y protegi\u00e9ndolos, dejando f\u00e1cil acceso para eventuales mantenimientos. Son altamente resistentes y atienden a los m\u00e1s rigorosos requisitos de normas vigentes. Poseen una gran variedad de tama\u00f1os y opciones de tapas opacas y transparentes, bases con o sin incrustaciones","og_url":"https:\/\/tienda.rigelec.com.ar\/?product=caja-estanca-paso-y-distribucion-ice-box-ip65-100x100x100mm","og_site_name":"Tienda Rigelec","article_modified_time":"2026-05-01T09:45:32+00:00","og_image":[{"width":973,"height":953,"url":"https:\/\/tienda.rigelec.com.ar\/wp-content\/uploads\/2024\/12\/CAJAESTANCAPASOYDISTRIBUCION-10.jpg","type":"image\/jpeg"}],"twitter_card":"summary_large_image","schema":{"@context":"https:\/\/schema.org","@graph":[{"@type":"WebPage","@id":"https:\/\/tienda.rigelec.com.ar\/?product=caja-estanca-paso-y-distribucion-ice-box-ip65-100x100x100mm","url":"https:\/\/tienda.rigelec.com.ar\/?product=caja-estanca-paso-y-distribucion-ice-box-ip65-100x100x100mm","name":"CAJA ESTANCA PASO Y DISTRIBUCION ICE BOX - IP65 100X100X100MM - Tienda Rigelec","isPartOf":{"@id":"https:\/\/tienda.rigelec.com.ar\/#website"},"primaryImageOfPage":{"@id":"https:\/\/tienda.rigelec.com.ar\/?product=caja-estanca-paso-y-distribucion-ice-box-ip65-100x100x100mm#primaryimage"},"image":{"@id":"https:\/\/tienda.rigelec.com.ar\/?product=caja-estanca-paso-y-distribucion-ice-box-ip65-100x100x100mm#primaryimage"},"thumbnailUrl":"https:\/\/tienda.rigelec.com.ar\/wp-content\/uploads\/2024\/12\/CAJAESTANCAPASOYDISTRIBUCION-10.jpg","datePublished":"2024-12-19T17:59:11+00:00","dateModified":"2026-05-01T09:45:32+00:00","breadcrumb":{"@id":"https:\/\/tienda.rigelec.com.ar\/?product=caja-estanca-paso-y-distribucion-ice-box-ip65-100x100x100mm#breadcrumb"},"inLanguage":"es-AR","potentialAction":[{"@type":"ReadAction","target":["https:\/\/tienda.rigelec.com.ar\/?product=caja-estanca-paso-y-distribucion-ice-box-ip65-100x100x100mm"]}]},{"@type":"ImageObject","inLanguage":"es-AR","@id":"https:\/\/tienda.rigelec.com.ar\/?product=caja-estanca-paso-y-distribucion-ice-box-ip65-100x100x100mm#primaryimage","url":"https:\/\/tienda.rigelec.com.ar\/wp-content\/uploads\/2024\/12\/CAJAESTANCAPASOYDISTRIBUCION-10.jpg","contentUrl":"https:\/\/tienda.rigelec.com.ar\/wp-content\/uploads\/2024\/12\/CAJAESTANCAPASOYDISTRIBUCION-10.jpg","width":973,"height":953},{"@type":"BreadcrumbList","@id":"https:\/\/tienda.rigelec.com.ar\/?product=caja-estanca-paso-y-distribucion-ice-box-ip65-100x100x100mm#breadcrumb","itemListElement":[{"@type":"ListItem","position":1,"name":"Inicio","item":"https:\/\/tienda.rigelec.com.ar\/"},{"@type":"ListItem","position":2,"name":"Shop","item":"https:\/\/tienda.rigelec.com.ar\/?page_id=12"},{"@type":"ListItem","position":3,"name":"CAJA ESTANCA PASO Y DISTRIBUCION ICE BOX &#8211; IP65 100X100X100MM"}]},{"@type":"WebSite","@id":"https:\/\/tienda.rigelec.com.ar\/#website","url":"https:\/\/tienda.rigelec.com.ar\/","name":"Tienda Rigelec","description":"Energia en movimiento","publisher":{"@id":"https:\/\/tienda.rigelec.com.ar\/#organization"},"potentialAction":[{"@type":"SearchAction","target":{"@type":"EntryPoint","urlTemplate":"https:\/\/tienda.rigelec.com.ar\/?s={search_term_string}"},"query-input":{"@type":"PropertyValueSpecification","valueRequired":true,"valueName":"search_term_string"}}],"inLanguage":"es-AR"},{"@type":"Organization","@id":"https:\/\/tienda.rigelec.com.ar\/#organization","name":"Tienda Rigelec","url":"https:\/\/tienda.rigelec.com.ar\/","logo":{"@type":"ImageObject","inLanguage":"es-AR","@id":"https:\/\/tienda.rigelec.com.ar\/#\/schema\/logo\/image\/","url":"https:\/\/tienda.rigelec.com.ar\/wp-content\/uploads\/2024\/09\/isologo-blanco-rigelec.png","contentUrl":"https:\/\/tienda.rigelec.com.ar\/wp-content\/uploads\/2024\/09\/isologo-blanco-rigelec.png","width":94,"height":97,"caption":"Tienda Rigelec"},"image":{"@id":"https:\/\/tienda.rigelec.com.ar\/#\/schema\/logo\/image\/"}}]}},"jetpack_sharing_enabled":true,"_links":{"self":[{"href":"https:\/\/tienda.rigelec.com.ar\/index.php?rest_route=\/wp\/v2\/product\/23769","targetHints":{"allow":["GET"]}}],"collection":[{"href":"https:\/\/tienda.rigelec.com.ar\/index.php?rest_route=\/wp\/v2\/product"}],"about":[{"href":"https:\/\/tienda.rigelec.com.ar\/index.php?rest_route=\/wp\/v2\/types\/product"}],"replies":[{"embeddable":true,"href":"https:\/\/tienda.rigelec.com.ar\/index.php?rest_route=%2Fwp%2Fv2%2Fcomments&post=23769"}],"wp:featuredmedia":[{"embeddable":true,"href":"https:\/\/tienda.rigelec.com.ar\/index.php?rest_route=\/wp\/v2\/media\/23770"}],"wp:attachment":[{"href":"https:\/\/tienda.rigelec.com.ar\/index.php?rest_route=%2Fwp%2Fv2%2Fmedia&parent=23769"}],"wp:term":[{"taxonomy":"product_brand","embeddable":true,"href":"https:\/\/tienda.rigelec.com.ar\/index.php?rest_route=%2Fwp%2Fv2%2Fproduct_brand&post=23769"},{"taxonomy":"product_cat","embeddable":true,"href":"https:\/\/tienda.rigelec.com.ar\/index.php?rest_route=%2Fwp%2Fv2%2Fproduct_cat&post=23769"},{"taxonomy":"product_tag","embeddable":true,"href":"https:\/\/tienda.rigelec.com.ar\/index.php?rest_route=%2Fwp%2Fv2%2Fproduct_tag&post=23769"}],"curies":[{"name":"wp","href":"https:\/\/api.w.org\/{rel}","templated":true}]}}