{"id":24232,"date":"2024-12-19T15:24:03","date_gmt":"2024-12-19T18:24:03","guid":{"rendered":"https:\/\/tienda.test.rigelec.com.ar\/?product=cano-de-bajada-pilar-aislado-o50mm-3m"},"modified":"2026-05-01T07:14:21","modified_gmt":"2026-05-01T10:14:21","slug":"cano-de-bajada-pilar-aislado-o50mm-3m","status":"publish","type":"product","link":"https:\/\/tienda.rigelec.com.ar\/?product=cano-de-bajada-pilar-aislado-o50mm-3m","title":{"rendered":"CA\u00d1O DE BAJADA PILAR AISLADO \u00d850MM &#8211; 3M"},"content":{"rendered":"<p>CA\u00d1O DE BAJADA PILAR<\/p>\n","protected":false},"excerpt":{"rendered":"<p>Estos ca\u00f1os est\u00e1n compuestos por tres capas. El n\u00facleo, un ca\u00f1o de acero al carbono galvanizado en origen, est\u00e1 recubierto, por fuera y por dentro, por dos ca\u00f1os dediferentes di\u00e1metros, fabricados con material aislante con capacidad de ruptura de aislaci\u00f3n de 2000 V. De este modo,se conforma una estructura con n\u00facleo inaccesible de gran firmeza y resistencia mec\u00e1nica.<\/p>\n<p>Diametro 50 mm.<br \/>\nEspesor 5 mm.<\/p>\n","protected":false},"featured_media":24233,"comment_status":"open","ping_status":"closed","template":"","meta":{"_monsterinsights_skip_tracking":false,"_monsterinsights_sitenote_active":false,"_monsterinsights_sitenote_note":"","_monsterinsights_sitenote_category":0},"product_brand":[],"product_cat":[344],"product_tag":[66],"class_list":{"0":"post-24232","1":"product","2":"type-product","3":"status-publish","4":"has-post-thumbnail","6":"product_cat-2-canos-rigidos","7":"product_tag-genrod","9":"first","10":"outofstock","11":"shipping-taxable","12":"purchasable","13":"product-type-simple"},"yoast_head":"<!-- This site is optimized with the Yoast SEO plugin v25.3.1 - https:\/\/yoast.com\/wordpress\/plugins\/seo\/ -->\n<title>CA\u00d1O DE BAJADA PILAR AISLADO \u00d850MM - 3M - Tienda Rigelec<\/title>\n<meta name=\"robots\" content=\"index, follow, max-snippet:-1, max-image-preview:large, max-video-preview:-1\" \/>\n<link rel=\"canonical\" href=\"https:\/\/tienda.rigelec.com.ar\/?product=cano-de-bajada-pilar-aislado-o50mm-3m\" \/>\n<meta property=\"og:locale\" content=\"es_ES\" \/>\n<meta property=\"og:type\" content=\"article\" \/>\n<meta property=\"og:title\" content=\"CA\u00d1O DE BAJADA PILAR AISLADO \u00d850MM - 3M - Tienda Rigelec\" \/>\n<meta property=\"og:description\" content=\"Estos ca\u00f1os est\u00e1n compuestos por tres capas. El n\u00facleo, un ca\u00f1o de acero al carbono galvanizado en origen, est\u00e1 recubierto, por fuera y por dentro, por dos ca\u00f1os dediferentes di\u00e1metros, fabricados con material aislante con capacidad de ruptura de aislaci\u00f3n de 2000 V. De este modo,se conforma una estructura con n\u00facleo inaccesible de gran firmeza y resistencia mec\u00e1nica.  Diametro 50 mm. Espesor 5 mm.\" \/>\n<meta property=\"og:url\" content=\"https:\/\/tienda.rigelec.com.ar\/?product=cano-de-bajada-pilar-aislado-o50mm-3m\" \/>\n<meta property=\"og:site_name\" content=\"Tienda Rigelec\" \/>\n<meta property=\"article:modified_time\" content=\"2026-05-01T10:14:21+00:00\" \/>\n<meta property=\"og:image\" content=\"https:\/\/tienda.rigelec.com.ar\/wp-content\/uploads\/2024\/12\/CANODEBAJADAPILAR.jpg\" \/>\n\t<meta property=\"og:image:width\" content=\"899\" \/>\n\t<meta property=\"og:image:height\" content=\"746\" \/>\n\t<meta property=\"og:image:type\" content=\"image\/jpeg\" \/>\n<meta name=\"twitter:card\" content=\"summary_large_image\" \/>\n<script type=\"application\/ld+json\" class=\"yoast-schema-graph\">{\"@context\":\"https:\/\/schema.org\",\"@graph\":[{\"@type\":\"WebPage\",\"@id\":\"https:\/\/tienda.rigelec.com.ar\/?product=cano-de-bajada-pilar-aislado-o50mm-3m\",\"url\":\"https:\/\/tienda.rigelec.com.ar\/?product=cano-de-bajada-pilar-aislado-o50mm-3m\",\"name\":\"CA\u00d1O DE BAJADA PILAR AISLADO \u00d850MM - 3M - Tienda Rigelec\",\"isPartOf\":{\"@id\":\"https:\/\/tienda.rigelec.com.ar\/#website\"},\"primaryImageOfPage\":{\"@id\":\"https:\/\/tienda.rigelec.com.ar\/?product=cano-de-bajada-pilar-aislado-o50mm-3m#primaryimage\"},\"image\":{\"@id\":\"https:\/\/tienda.rigelec.com.ar\/?product=cano-de-bajada-pilar-aislado-o50mm-3m#primaryimage\"},\"thumbnailUrl\":\"https:\/\/tienda.rigelec.com.ar\/wp-content\/uploads\/2024\/12\/CANODEBAJADAPILAR.jpg\",\"datePublished\":\"2024-12-19T18:24:03+00:00\",\"dateModified\":\"2026-05-01T10:14:21+00:00\",\"breadcrumb\":{\"@id\":\"https:\/\/tienda.rigelec.com.ar\/?product=cano-de-bajada-pilar-aislado-o50mm-3m#breadcrumb\"},\"inLanguage\":\"es-AR\",\"potentialAction\":[{\"@type\":\"ReadAction\",\"target\":[\"https:\/\/tienda.rigelec.com.ar\/?product=cano-de-bajada-pilar-aislado-o50mm-3m\"]}]},{\"@type\":\"ImageObject\",\"inLanguage\":\"es-AR\",\"@id\":\"https:\/\/tienda.rigelec.com.ar\/?product=cano-de-bajada-pilar-aislado-o50mm-3m#primaryimage\",\"url\":\"https:\/\/tienda.rigelec.com.ar\/wp-content\/uploads\/2024\/12\/CANODEBAJADAPILAR.jpg\",\"contentUrl\":\"https:\/\/tienda.rigelec.com.ar\/wp-content\/uploads\/2024\/12\/CANODEBAJADAPILAR.jpg\",\"width\":899,\"height\":746},{\"@type\":\"BreadcrumbList\",\"@id\":\"https:\/\/tienda.rigelec.com.ar\/?product=cano-de-bajada-pilar-aislado-o50mm-3m#breadcrumb\",\"itemListElement\":[{\"@type\":\"ListItem\",\"position\":1,\"name\":\"Inicio\",\"item\":\"https:\/\/tienda.rigelec.com.ar\/\"},{\"@type\":\"ListItem\",\"position\":2,\"name\":\"Shop\",\"item\":\"https:\/\/tienda.rigelec.com.ar\/?page_id=12\"},{\"@type\":\"ListItem\",\"position\":3,\"name\":\"CA\u00d1O DE BAJADA PILAR AISLADO \u00d850MM &#8211; 3M\"}]},{\"@type\":\"WebSite\",\"@id\":\"https:\/\/tienda.rigelec.com.ar\/#website\",\"url\":\"https:\/\/tienda.rigelec.com.ar\/\",\"name\":\"Tienda Rigelec\",\"description\":\"Energia en movimiento\",\"publisher\":{\"@id\":\"https:\/\/tienda.rigelec.com.ar\/#organization\"},\"potentialAction\":[{\"@type\":\"SearchAction\",\"target\":{\"@type\":\"EntryPoint\",\"urlTemplate\":\"https:\/\/tienda.rigelec.com.ar\/?s={search_term_string}\"},\"query-input\":{\"@type\":\"PropertyValueSpecification\",\"valueRequired\":true,\"valueName\":\"search_term_string\"}}],\"inLanguage\":\"es-AR\"},{\"@type\":\"Organization\",\"@id\":\"https:\/\/tienda.rigelec.com.ar\/#organization\",\"name\":\"Tienda Rigelec\",\"url\":\"https:\/\/tienda.rigelec.com.ar\/\",\"logo\":{\"@type\":\"ImageObject\",\"inLanguage\":\"es-AR\",\"@id\":\"https:\/\/tienda.rigelec.com.ar\/#\/schema\/logo\/image\/\",\"url\":\"https:\/\/tienda.rigelec.com.ar\/wp-content\/uploads\/2024\/09\/isologo-blanco-rigelec.png\",\"contentUrl\":\"https:\/\/tienda.rigelec.com.ar\/wp-content\/uploads\/2024\/09\/isologo-blanco-rigelec.png\",\"width\":94,\"height\":97,\"caption\":\"Tienda Rigelec\"},\"image\":{\"@id\":\"https:\/\/tienda.rigelec.com.ar\/#\/schema\/logo\/image\/\"}}]}<\/script>\n<!-- \/ Yoast SEO plugin. -->","yoast_head_json":{"title":"CA\u00d1O DE BAJADA PILAR AISLADO \u00d850MM - 3M - Tienda Rigelec","robots":{"index":"index","follow":"follow","max-snippet":"max-snippet:-1","max-image-preview":"max-image-preview:large","max-video-preview":"max-video-preview:-1"},"canonical":"https:\/\/tienda.rigelec.com.ar\/?product=cano-de-bajada-pilar-aislado-o50mm-3m","og_locale":"es_ES","og_type":"article","og_title":"CA\u00d1O DE BAJADA PILAR AISLADO \u00d850MM - 3M - Tienda Rigelec","og_description":"Estos ca\u00f1os est\u00e1n compuestos por tres capas. El n\u00facleo, un ca\u00f1o de acero al carbono galvanizado en origen, est\u00e1 recubierto, por fuera y por dentro, por dos ca\u00f1os dediferentes di\u00e1metros, fabricados con material aislante con capacidad de ruptura de aislaci\u00f3n de 2000 V. De este modo,se conforma una estructura con n\u00facleo inaccesible de gran firmeza y resistencia mec\u00e1nica.  Diametro 50 mm. Espesor 5 mm.","og_url":"https:\/\/tienda.rigelec.com.ar\/?product=cano-de-bajada-pilar-aislado-o50mm-3m","og_site_name":"Tienda Rigelec","article_modified_time":"2026-05-01T10:14:21+00:00","og_image":[{"width":899,"height":746,"url":"https:\/\/tienda.rigelec.com.ar\/wp-content\/uploads\/2024\/12\/CANODEBAJADAPILAR.jpg","type":"image\/jpeg"}],"twitter_card":"summary_large_image","schema":{"@context":"https:\/\/schema.org","@graph":[{"@type":"WebPage","@id":"https:\/\/tienda.rigelec.com.ar\/?product=cano-de-bajada-pilar-aislado-o50mm-3m","url":"https:\/\/tienda.rigelec.com.ar\/?product=cano-de-bajada-pilar-aislado-o50mm-3m","name":"CA\u00d1O DE BAJADA PILAR AISLADO \u00d850MM - 3M - Tienda Rigelec","isPartOf":{"@id":"https:\/\/tienda.rigelec.com.ar\/#website"},"primaryImageOfPage":{"@id":"https:\/\/tienda.rigelec.com.ar\/?product=cano-de-bajada-pilar-aislado-o50mm-3m#primaryimage"},"image":{"@id":"https:\/\/tienda.rigelec.com.ar\/?product=cano-de-bajada-pilar-aislado-o50mm-3m#primaryimage"},"thumbnailUrl":"https:\/\/tienda.rigelec.com.ar\/wp-content\/uploads\/2024\/12\/CANODEBAJADAPILAR.jpg","datePublished":"2024-12-19T18:24:03+00:00","dateModified":"2026-05-01T10:14:21+00:00","breadcrumb":{"@id":"https:\/\/tienda.rigelec.com.ar\/?product=cano-de-bajada-pilar-aislado-o50mm-3m#breadcrumb"},"inLanguage":"es-AR","potentialAction":[{"@type":"ReadAction","target":["https:\/\/tienda.rigelec.com.ar\/?product=cano-de-bajada-pilar-aislado-o50mm-3m"]}]},{"@type":"ImageObject","inLanguage":"es-AR","@id":"https:\/\/tienda.rigelec.com.ar\/?product=cano-de-bajada-pilar-aislado-o50mm-3m#primaryimage","url":"https:\/\/tienda.rigelec.com.ar\/wp-content\/uploads\/2024\/12\/CANODEBAJADAPILAR.jpg","contentUrl":"https:\/\/tienda.rigelec.com.ar\/wp-content\/uploads\/2024\/12\/CANODEBAJADAPILAR.jpg","width":899,"height":746},{"@type":"BreadcrumbList","@id":"https:\/\/tienda.rigelec.com.ar\/?product=cano-de-bajada-pilar-aislado-o50mm-3m#breadcrumb","itemListElement":[{"@type":"ListItem","position":1,"name":"Inicio","item":"https:\/\/tienda.rigelec.com.ar\/"},{"@type":"ListItem","position":2,"name":"Shop","item":"https:\/\/tienda.rigelec.com.ar\/?page_id=12"},{"@type":"ListItem","position":3,"name":"CA\u00d1O DE BAJADA PILAR AISLADO \u00d850MM &#8211; 3M"}]},{"@type":"WebSite","@id":"https:\/\/tienda.rigelec.com.ar\/#website","url":"https:\/\/tienda.rigelec.com.ar\/","name":"Tienda Rigelec","description":"Energia en movimiento","publisher":{"@id":"https:\/\/tienda.rigelec.com.ar\/#organization"},"potentialAction":[{"@type":"SearchAction","target":{"@type":"EntryPoint","urlTemplate":"https:\/\/tienda.rigelec.com.ar\/?s={search_term_string}"},"query-input":{"@type":"PropertyValueSpecification","valueRequired":true,"valueName":"search_term_string"}}],"inLanguage":"es-AR"},{"@type":"Organization","@id":"https:\/\/tienda.rigelec.com.ar\/#organization","name":"Tienda Rigelec","url":"https:\/\/tienda.rigelec.com.ar\/","logo":{"@type":"ImageObject","inLanguage":"es-AR","@id":"https:\/\/tienda.rigelec.com.ar\/#\/schema\/logo\/image\/","url":"https:\/\/tienda.rigelec.com.ar\/wp-content\/uploads\/2024\/09\/isologo-blanco-rigelec.png","contentUrl":"https:\/\/tienda.rigelec.com.ar\/wp-content\/uploads\/2024\/09\/isologo-blanco-rigelec.png","width":94,"height":97,"caption":"Tienda Rigelec"},"image":{"@id":"https:\/\/tienda.rigelec.com.ar\/#\/schema\/logo\/image\/"}}]}},"jetpack_sharing_enabled":true,"_links":{"self":[{"href":"https:\/\/tienda.rigelec.com.ar\/index.php?rest_route=\/wp\/v2\/product\/24232","targetHints":{"allow":["GET"]}}],"collection":[{"href":"https:\/\/tienda.rigelec.com.ar\/index.php?rest_route=\/wp\/v2\/product"}],"about":[{"href":"https:\/\/tienda.rigelec.com.ar\/index.php?rest_route=\/wp\/v2\/types\/product"}],"replies":[{"embeddable":true,"href":"https:\/\/tienda.rigelec.com.ar\/index.php?rest_route=%2Fwp%2Fv2%2Fcomments&post=24232"}],"wp:featuredmedia":[{"embeddable":true,"href":"https:\/\/tienda.rigelec.com.ar\/index.php?rest_route=\/wp\/v2\/media\/24233"}],"wp:attachment":[{"href":"https:\/\/tienda.rigelec.com.ar\/index.php?rest_route=%2Fwp%2Fv2%2Fmedia&parent=24232"}],"wp:term":[{"taxonomy":"product_brand","embeddable":true,"href":"https:\/\/tienda.rigelec.com.ar\/index.php?rest_route=%2Fwp%2Fv2%2Fproduct_brand&post=24232"},{"taxonomy":"product_cat","embeddable":true,"href":"https:\/\/tienda.rigelec.com.ar\/index.php?rest_route=%2Fwp%2Fv2%2Fproduct_cat&post=24232"},{"taxonomy":"product_tag","embeddable":true,"href":"https:\/\/tienda.rigelec.com.ar\/index.php?rest_route=%2Fwp%2Fv2%2Fproduct_tag&post=24232"}],"curies":[{"name":"wp","href":"https:\/\/api.w.org\/{rel}","templated":true}]}}