{"id":25563,"date":"2024-12-19T16:47:31","date_gmt":"2024-12-19T19:47:31","guid":{"rendered":"https:\/\/tienda.test.rigelec.com.ar\/?product=caja-embutir-cuadrada-con-orejas-plasticas-100x100mm"},"modified":"2026-05-04T04:48:58","modified_gmt":"2026-05-04T07:48:58","slug":"caja-embutir-cuadrada-con-orejas-plasticas-100x100mm","status":"publish","type":"product","link":"https:\/\/tienda.rigelec.com.ar\/?product=caja-embutir-cuadrada-con-orejas-plasticas-100x100mm","title":{"rendered":"CAJA EMBUTIR CUADRADA CON OREJAS PLASTICAS  100X100MM"},"content":{"rendered":"<p>CAJA EMBUTIR CUADRADA CON OREJAS PLASTICAS<\/p>\n","protected":false},"excerpt":{"rendered":"<p>Se utilizan para organizar el paso de cableados, desarrollas para instalarse embutidas en todo tipo de instalacion fija, siendo aptas para la construccion tradicional como en seco.<br \/>\nDise\u00f1ada para facilitar tu instalaci\u00f3n, apto para construcci\u00f3n tradicional y en seco.<\/p>\n","protected":false},"featured_media":25564,"comment_status":"open","ping_status":"closed","template":"","meta":{"_monsterinsights_skip_tracking":false,"_monsterinsights_sitenote_active":false,"_monsterinsights_sitenote_note":"","_monsterinsights_sitenote_category":0},"product_brand":[],"product_cat":[295],"product_tag":[66],"class_list":{"0":"post-25563","1":"product","2":"type-product","3":"status-publish","4":"has-post-thumbnail","6":"product_cat-c-cajas","7":"product_tag-genrod","9":"first","10":"instock","11":"shipping-taxable","12":"purchasable","13":"product-type-simple"},"yoast_head":"<!-- This site is optimized with the Yoast SEO plugin v25.3.1 - https:\/\/yoast.com\/wordpress\/plugins\/seo\/ -->\n<title>CAJA EMBUTIR CUADRADA CON OREJAS PLASTICAS 100X100MM - Tienda Rigelec<\/title>\n<meta name=\"robots\" content=\"index, follow, max-snippet:-1, max-image-preview:large, max-video-preview:-1\" \/>\n<link rel=\"canonical\" href=\"https:\/\/tienda.rigelec.com.ar\/?product=caja-embutir-cuadrada-con-orejas-plasticas-100x100mm\" \/>\n<meta property=\"og:locale\" content=\"es_ES\" \/>\n<meta property=\"og:type\" content=\"article\" \/>\n<meta property=\"og:title\" content=\"CAJA EMBUTIR CUADRADA CON OREJAS PLASTICAS 100X100MM - Tienda Rigelec\" \/>\n<meta property=\"og:description\" content=\"Se utilizan para organizar el paso de cableados, desarrollas para instalarse embutidas en todo tipo de instalacion fija, siendo aptas para la construccion tradicional como en seco. Dise\u00f1ada para facilitar tu instalaci\u00f3n, apto para construcci\u00f3n tradicional y en seco.\" \/>\n<meta property=\"og:url\" content=\"https:\/\/tienda.rigelec.com.ar\/?product=caja-embutir-cuadrada-con-orejas-plasticas-100x100mm\" \/>\n<meta property=\"og:site_name\" content=\"Tienda Rigelec\" \/>\n<meta property=\"article:modified_time\" content=\"2026-05-04T07:48:58+00:00\" \/>\n<meta property=\"og:image\" content=\"https:\/\/tienda.rigelec.com.ar\/wp-content\/uploads\/2024\/12\/CAJAEMBUTIRCUADRADACONOREJASPLASTICAS.jpg\" \/>\n\t<meta property=\"og:image:width\" content=\"800\" \/>\n\t<meta property=\"og:image:height\" content=\"705\" \/>\n\t<meta property=\"og:image:type\" content=\"image\/jpeg\" \/>\n<meta name=\"twitter:card\" content=\"summary_large_image\" \/>\n<script type=\"application\/ld+json\" class=\"yoast-schema-graph\">{\"@context\":\"https:\/\/schema.org\",\"@graph\":[{\"@type\":\"WebPage\",\"@id\":\"https:\/\/tienda.rigelec.com.ar\/?product=caja-embutir-cuadrada-con-orejas-plasticas-100x100mm\",\"url\":\"https:\/\/tienda.rigelec.com.ar\/?product=caja-embutir-cuadrada-con-orejas-plasticas-100x100mm\",\"name\":\"CAJA EMBUTIR CUADRADA CON OREJAS PLASTICAS 100X100MM - Tienda Rigelec\",\"isPartOf\":{\"@id\":\"https:\/\/tienda.rigelec.com.ar\/#website\"},\"primaryImageOfPage\":{\"@id\":\"https:\/\/tienda.rigelec.com.ar\/?product=caja-embutir-cuadrada-con-orejas-plasticas-100x100mm#primaryimage\"},\"image\":{\"@id\":\"https:\/\/tienda.rigelec.com.ar\/?product=caja-embutir-cuadrada-con-orejas-plasticas-100x100mm#primaryimage\"},\"thumbnailUrl\":\"https:\/\/tienda.rigelec.com.ar\/wp-content\/uploads\/2024\/12\/CAJAEMBUTIRCUADRADACONOREJASPLASTICAS.jpg\",\"datePublished\":\"2024-12-19T19:47:31+00:00\",\"dateModified\":\"2026-05-04T07:48:58+00:00\",\"breadcrumb\":{\"@id\":\"https:\/\/tienda.rigelec.com.ar\/?product=caja-embutir-cuadrada-con-orejas-plasticas-100x100mm#breadcrumb\"},\"inLanguage\":\"es-AR\",\"potentialAction\":[{\"@type\":\"ReadAction\",\"target\":[\"https:\/\/tienda.rigelec.com.ar\/?product=caja-embutir-cuadrada-con-orejas-plasticas-100x100mm\"]}]},{\"@type\":\"ImageObject\",\"inLanguage\":\"es-AR\",\"@id\":\"https:\/\/tienda.rigelec.com.ar\/?product=caja-embutir-cuadrada-con-orejas-plasticas-100x100mm#primaryimage\",\"url\":\"https:\/\/tienda.rigelec.com.ar\/wp-content\/uploads\/2024\/12\/CAJAEMBUTIRCUADRADACONOREJASPLASTICAS.jpg\",\"contentUrl\":\"https:\/\/tienda.rigelec.com.ar\/wp-content\/uploads\/2024\/12\/CAJAEMBUTIRCUADRADACONOREJASPLASTICAS.jpg\",\"width\":800,\"height\":705},{\"@type\":\"BreadcrumbList\",\"@id\":\"https:\/\/tienda.rigelec.com.ar\/?product=caja-embutir-cuadrada-con-orejas-plasticas-100x100mm#breadcrumb\",\"itemListElement\":[{\"@type\":\"ListItem\",\"position\":1,\"name\":\"Inicio\",\"item\":\"https:\/\/tienda.rigelec.com.ar\/\"},{\"@type\":\"ListItem\",\"position\":2,\"name\":\"Shop\",\"item\":\"https:\/\/tienda.rigelec.com.ar\/?page_id=12\"},{\"@type\":\"ListItem\",\"position\":3,\"name\":\"CAJA EMBUTIR CUADRADA CON OREJAS PLASTICAS 100X100MM\"}]},{\"@type\":\"WebSite\",\"@id\":\"https:\/\/tienda.rigelec.com.ar\/#website\",\"url\":\"https:\/\/tienda.rigelec.com.ar\/\",\"name\":\"Tienda Rigelec\",\"description\":\"Energia en movimiento\",\"publisher\":{\"@id\":\"https:\/\/tienda.rigelec.com.ar\/#organization\"},\"potentialAction\":[{\"@type\":\"SearchAction\",\"target\":{\"@type\":\"EntryPoint\",\"urlTemplate\":\"https:\/\/tienda.rigelec.com.ar\/?s={search_term_string}\"},\"query-input\":{\"@type\":\"PropertyValueSpecification\",\"valueRequired\":true,\"valueName\":\"search_term_string\"}}],\"inLanguage\":\"es-AR\"},{\"@type\":\"Organization\",\"@id\":\"https:\/\/tienda.rigelec.com.ar\/#organization\",\"name\":\"Tienda Rigelec\",\"url\":\"https:\/\/tienda.rigelec.com.ar\/\",\"logo\":{\"@type\":\"ImageObject\",\"inLanguage\":\"es-AR\",\"@id\":\"https:\/\/tienda.rigelec.com.ar\/#\/schema\/logo\/image\/\",\"url\":\"https:\/\/tienda.rigelec.com.ar\/wp-content\/uploads\/2024\/09\/isologo-blanco-rigelec.png\",\"contentUrl\":\"https:\/\/tienda.rigelec.com.ar\/wp-content\/uploads\/2024\/09\/isologo-blanco-rigelec.png\",\"width\":94,\"height\":97,\"caption\":\"Tienda Rigelec\"},\"image\":{\"@id\":\"https:\/\/tienda.rigelec.com.ar\/#\/schema\/logo\/image\/\"}}]}<\/script>\n<!-- \/ Yoast SEO plugin. -->","yoast_head_json":{"title":"CAJA EMBUTIR CUADRADA CON OREJAS PLASTICAS 100X100MM - Tienda Rigelec","robots":{"index":"index","follow":"follow","max-snippet":"max-snippet:-1","max-image-preview":"max-image-preview:large","max-video-preview":"max-video-preview:-1"},"canonical":"https:\/\/tienda.rigelec.com.ar\/?product=caja-embutir-cuadrada-con-orejas-plasticas-100x100mm","og_locale":"es_ES","og_type":"article","og_title":"CAJA EMBUTIR CUADRADA CON OREJAS PLASTICAS 100X100MM - Tienda Rigelec","og_description":"Se utilizan para organizar el paso de cableados, desarrollas para instalarse embutidas en todo tipo de instalacion fija, siendo aptas para la construccion tradicional como en seco. Dise\u00f1ada para facilitar tu instalaci\u00f3n, apto para construcci\u00f3n tradicional y en seco.","og_url":"https:\/\/tienda.rigelec.com.ar\/?product=caja-embutir-cuadrada-con-orejas-plasticas-100x100mm","og_site_name":"Tienda Rigelec","article_modified_time":"2026-05-04T07:48:58+00:00","og_image":[{"width":800,"height":705,"url":"https:\/\/tienda.rigelec.com.ar\/wp-content\/uploads\/2024\/12\/CAJAEMBUTIRCUADRADACONOREJASPLASTICAS.jpg","type":"image\/jpeg"}],"twitter_card":"summary_large_image","schema":{"@context":"https:\/\/schema.org","@graph":[{"@type":"WebPage","@id":"https:\/\/tienda.rigelec.com.ar\/?product=caja-embutir-cuadrada-con-orejas-plasticas-100x100mm","url":"https:\/\/tienda.rigelec.com.ar\/?product=caja-embutir-cuadrada-con-orejas-plasticas-100x100mm","name":"CAJA EMBUTIR CUADRADA CON OREJAS PLASTICAS 100X100MM - Tienda Rigelec","isPartOf":{"@id":"https:\/\/tienda.rigelec.com.ar\/#website"},"primaryImageOfPage":{"@id":"https:\/\/tienda.rigelec.com.ar\/?product=caja-embutir-cuadrada-con-orejas-plasticas-100x100mm#primaryimage"},"image":{"@id":"https:\/\/tienda.rigelec.com.ar\/?product=caja-embutir-cuadrada-con-orejas-plasticas-100x100mm#primaryimage"},"thumbnailUrl":"https:\/\/tienda.rigelec.com.ar\/wp-content\/uploads\/2024\/12\/CAJAEMBUTIRCUADRADACONOREJASPLASTICAS.jpg","datePublished":"2024-12-19T19:47:31+00:00","dateModified":"2026-05-04T07:48:58+00:00","breadcrumb":{"@id":"https:\/\/tienda.rigelec.com.ar\/?product=caja-embutir-cuadrada-con-orejas-plasticas-100x100mm#breadcrumb"},"inLanguage":"es-AR","potentialAction":[{"@type":"ReadAction","target":["https:\/\/tienda.rigelec.com.ar\/?product=caja-embutir-cuadrada-con-orejas-plasticas-100x100mm"]}]},{"@type":"ImageObject","inLanguage":"es-AR","@id":"https:\/\/tienda.rigelec.com.ar\/?product=caja-embutir-cuadrada-con-orejas-plasticas-100x100mm#primaryimage","url":"https:\/\/tienda.rigelec.com.ar\/wp-content\/uploads\/2024\/12\/CAJAEMBUTIRCUADRADACONOREJASPLASTICAS.jpg","contentUrl":"https:\/\/tienda.rigelec.com.ar\/wp-content\/uploads\/2024\/12\/CAJAEMBUTIRCUADRADACONOREJASPLASTICAS.jpg","width":800,"height":705},{"@type":"BreadcrumbList","@id":"https:\/\/tienda.rigelec.com.ar\/?product=caja-embutir-cuadrada-con-orejas-plasticas-100x100mm#breadcrumb","itemListElement":[{"@type":"ListItem","position":1,"name":"Inicio","item":"https:\/\/tienda.rigelec.com.ar\/"},{"@type":"ListItem","position":2,"name":"Shop","item":"https:\/\/tienda.rigelec.com.ar\/?page_id=12"},{"@type":"ListItem","position":3,"name":"CAJA EMBUTIR CUADRADA CON OREJAS PLASTICAS 100X100MM"}]},{"@type":"WebSite","@id":"https:\/\/tienda.rigelec.com.ar\/#website","url":"https:\/\/tienda.rigelec.com.ar\/","name":"Tienda Rigelec","description":"Energia en movimiento","publisher":{"@id":"https:\/\/tienda.rigelec.com.ar\/#organization"},"potentialAction":[{"@type":"SearchAction","target":{"@type":"EntryPoint","urlTemplate":"https:\/\/tienda.rigelec.com.ar\/?s={search_term_string}"},"query-input":{"@type":"PropertyValueSpecification","valueRequired":true,"valueName":"search_term_string"}}],"inLanguage":"es-AR"},{"@type":"Organization","@id":"https:\/\/tienda.rigelec.com.ar\/#organization","name":"Tienda Rigelec","url":"https:\/\/tienda.rigelec.com.ar\/","logo":{"@type":"ImageObject","inLanguage":"es-AR","@id":"https:\/\/tienda.rigelec.com.ar\/#\/schema\/logo\/image\/","url":"https:\/\/tienda.rigelec.com.ar\/wp-content\/uploads\/2024\/09\/isologo-blanco-rigelec.png","contentUrl":"https:\/\/tienda.rigelec.com.ar\/wp-content\/uploads\/2024\/09\/isologo-blanco-rigelec.png","width":94,"height":97,"caption":"Tienda Rigelec"},"image":{"@id":"https:\/\/tienda.rigelec.com.ar\/#\/schema\/logo\/image\/"}}]}},"jetpack_sharing_enabled":true,"_links":{"self":[{"href":"https:\/\/tienda.rigelec.com.ar\/index.php?rest_route=\/wp\/v2\/product\/25563","targetHints":{"allow":["GET"]}}],"collection":[{"href":"https:\/\/tienda.rigelec.com.ar\/index.php?rest_route=\/wp\/v2\/product"}],"about":[{"href":"https:\/\/tienda.rigelec.com.ar\/index.php?rest_route=\/wp\/v2\/types\/product"}],"replies":[{"embeddable":true,"href":"https:\/\/tienda.rigelec.com.ar\/index.php?rest_route=%2Fwp%2Fv2%2Fcomments&post=25563"}],"wp:featuredmedia":[{"embeddable":true,"href":"https:\/\/tienda.rigelec.com.ar\/index.php?rest_route=\/wp\/v2\/media\/25564"}],"wp:attachment":[{"href":"https:\/\/tienda.rigelec.com.ar\/index.php?rest_route=%2Fwp%2Fv2%2Fmedia&parent=25563"}],"wp:term":[{"taxonomy":"product_brand","embeddable":true,"href":"https:\/\/tienda.rigelec.com.ar\/index.php?rest_route=%2Fwp%2Fv2%2Fproduct_brand&post=25563"},{"taxonomy":"product_cat","embeddable":true,"href":"https:\/\/tienda.rigelec.com.ar\/index.php?rest_route=%2Fwp%2Fv2%2Fproduct_cat&post=25563"},{"taxonomy":"product_tag","embeddable":true,"href":"https:\/\/tienda.rigelec.com.ar\/index.php?rest_route=%2Fwp%2Fv2%2Fproduct_tag&post=25563"}],"curies":[{"name":"wp","href":"https:\/\/api.w.org\/{rel}","templated":true}]}}