{"id":25693,"date":"2024-12-19T16:58:21","date_gmt":"2024-12-19T19:58:21","guid":{"rendered":"https:\/\/tienda.test.rigelec.com.ar\/?product=kit-ventilacion-de-salida-gris-salida-120mm-4-148x170mm"},"modified":"2026-04-30T19:27:18","modified_gmt":"2026-04-30T22:27:18","slug":"kit-ventilacion-de-salida-gris-salida-120mm-4-148x170mm","status":"publish","type":"product","link":"https:\/\/tienda.rigelec.com.ar\/?product=kit-ventilacion-de-salida-gris-salida-120mm-4-148x170mm","title":{"rendered":"KIT VENTILACION DE SALIDA GRIS SALIDA 120MM &#8211; 4&#8243; &#8211; 148x170MM"},"content":{"rendered":"<p>KIT VENTILACION DE SALIDA GRIS<\/p>\n","protected":false},"excerpt":{"rendered":"<p>El uso del sistema de ventilaci\u00f3n GENROD SA permite aumentar la potencia disipable de su gabinete. Posee componentes de primera calidad, optimiza la circulaci\u00f3n de aire, minimiza la p\u00e9rdida de presi\u00f3n, permite la evacuaci\u00f3n de agua absorbida por el filtro, garantiza la estanqueidad del sistema a largo plazo, con una sencilla instalaci\u00f3n y mantenimiento.<\/p>\n","protected":false},"featured_media":25694,"comment_status":"open","ping_status":"closed","template":"","meta":{"_monsterinsights_skip_tracking":false,"_monsterinsights_sitenote_active":false,"_monsterinsights_sitenote_note":"","_monsterinsights_sitenote_category":0},"product_brand":[],"product_cat":[260],"product_tag":[66],"class_list":{"0":"post-25693","1":"product","2":"type-product","3":"status-publish","4":"has-post-thumbnail","6":"product_cat-i-accesorios","7":"product_tag-genrod","9":"first","10":"instock","11":"shipping-taxable","12":"purchasable","13":"product-type-simple"},"yoast_head":"<!-- This site is optimized with the Yoast SEO plugin v25.3.1 - https:\/\/yoast.com\/wordpress\/plugins\/seo\/ -->\n<title>KIT VENTILACION DE SALIDA GRIS SALIDA 120MM - 4&quot; - 148x170MM - Tienda Rigelec<\/title>\n<meta name=\"robots\" content=\"index, follow, max-snippet:-1, max-image-preview:large, max-video-preview:-1\" \/>\n<link rel=\"canonical\" href=\"https:\/\/tienda.rigelec.com.ar\/?product=kit-ventilacion-de-salida-gris-salida-120mm-4-148x170mm\" \/>\n<meta property=\"og:locale\" content=\"es_ES\" \/>\n<meta property=\"og:type\" content=\"article\" \/>\n<meta property=\"og:title\" content=\"KIT VENTILACION DE SALIDA GRIS SALIDA 120MM - 4&quot; - 148x170MM - Tienda Rigelec\" \/>\n<meta property=\"og:description\" content=\"El uso del sistema de ventilaci\u00f3n GENROD SA permite aumentar la potencia disipable de su gabinete. Posee componentes de primera calidad, optimiza la circulaci\u00f3n de aire, minimiza la p\u00e9rdida de presi\u00f3n, permite la evacuaci\u00f3n de agua absorbida por el filtro, garantiza la estanqueidad del sistema a largo plazo, con una sencilla instalaci\u00f3n y mantenimiento.\" \/>\n<meta property=\"og:url\" content=\"https:\/\/tienda.rigelec.com.ar\/?product=kit-ventilacion-de-salida-gris-salida-120mm-4-148x170mm\" \/>\n<meta property=\"og:site_name\" content=\"Tienda Rigelec\" \/>\n<meta property=\"article:modified_time\" content=\"2026-04-30T22:27:18+00:00\" \/>\n<meta property=\"og:image\" content=\"https:\/\/tienda.rigelec.com.ar\/wp-content\/uploads\/2024\/12\/KITVENTILACIONDESALIDAGRIS.jpg\" \/>\n\t<meta property=\"og:image:width\" content=\"899\" \/>\n\t<meta property=\"og:image:height\" content=\"746\" \/>\n\t<meta property=\"og:image:type\" content=\"image\/jpeg\" \/>\n<meta name=\"twitter:card\" content=\"summary_large_image\" \/>\n<script type=\"application\/ld+json\" class=\"yoast-schema-graph\">{\"@context\":\"https:\/\/schema.org\",\"@graph\":[{\"@type\":\"WebPage\",\"@id\":\"https:\/\/tienda.rigelec.com.ar\/?product=kit-ventilacion-de-salida-gris-salida-120mm-4-148x170mm\",\"url\":\"https:\/\/tienda.rigelec.com.ar\/?product=kit-ventilacion-de-salida-gris-salida-120mm-4-148x170mm\",\"name\":\"KIT VENTILACION DE SALIDA GRIS SALIDA 120MM - 4\\\" - 148x170MM - Tienda Rigelec\",\"isPartOf\":{\"@id\":\"https:\/\/tienda.rigelec.com.ar\/#website\"},\"primaryImageOfPage\":{\"@id\":\"https:\/\/tienda.rigelec.com.ar\/?product=kit-ventilacion-de-salida-gris-salida-120mm-4-148x170mm#primaryimage\"},\"image\":{\"@id\":\"https:\/\/tienda.rigelec.com.ar\/?product=kit-ventilacion-de-salida-gris-salida-120mm-4-148x170mm#primaryimage\"},\"thumbnailUrl\":\"https:\/\/tienda.rigelec.com.ar\/wp-content\/uploads\/2024\/12\/KITVENTILACIONDESALIDAGRIS.jpg\",\"datePublished\":\"2024-12-19T19:58:21+00:00\",\"dateModified\":\"2026-04-30T22:27:18+00:00\",\"breadcrumb\":{\"@id\":\"https:\/\/tienda.rigelec.com.ar\/?product=kit-ventilacion-de-salida-gris-salida-120mm-4-148x170mm#breadcrumb\"},\"inLanguage\":\"es-AR\",\"potentialAction\":[{\"@type\":\"ReadAction\",\"target\":[\"https:\/\/tienda.rigelec.com.ar\/?product=kit-ventilacion-de-salida-gris-salida-120mm-4-148x170mm\"]}]},{\"@type\":\"ImageObject\",\"inLanguage\":\"es-AR\",\"@id\":\"https:\/\/tienda.rigelec.com.ar\/?product=kit-ventilacion-de-salida-gris-salida-120mm-4-148x170mm#primaryimage\",\"url\":\"https:\/\/tienda.rigelec.com.ar\/wp-content\/uploads\/2024\/12\/KITVENTILACIONDESALIDAGRIS.jpg\",\"contentUrl\":\"https:\/\/tienda.rigelec.com.ar\/wp-content\/uploads\/2024\/12\/KITVENTILACIONDESALIDAGRIS.jpg\",\"width\":899,\"height\":746},{\"@type\":\"BreadcrumbList\",\"@id\":\"https:\/\/tienda.rigelec.com.ar\/?product=kit-ventilacion-de-salida-gris-salida-120mm-4-148x170mm#breadcrumb\",\"itemListElement\":[{\"@type\":\"ListItem\",\"position\":1,\"name\":\"Inicio\",\"item\":\"https:\/\/tienda.rigelec.com.ar\/\"},{\"@type\":\"ListItem\",\"position\":2,\"name\":\"Shop\",\"item\":\"https:\/\/tienda.rigelec.com.ar\/?page_id=12\"},{\"@type\":\"ListItem\",\"position\":3,\"name\":\"KIT VENTILACION DE SALIDA GRIS SALIDA 120MM &#8211; 4&#8243; &#8211; 148x170MM\"}]},{\"@type\":\"WebSite\",\"@id\":\"https:\/\/tienda.rigelec.com.ar\/#website\",\"url\":\"https:\/\/tienda.rigelec.com.ar\/\",\"name\":\"Tienda Rigelec\",\"description\":\"Energia en movimiento\",\"publisher\":{\"@id\":\"https:\/\/tienda.rigelec.com.ar\/#organization\"},\"potentialAction\":[{\"@type\":\"SearchAction\",\"target\":{\"@type\":\"EntryPoint\",\"urlTemplate\":\"https:\/\/tienda.rigelec.com.ar\/?s={search_term_string}\"},\"query-input\":{\"@type\":\"PropertyValueSpecification\",\"valueRequired\":true,\"valueName\":\"search_term_string\"}}],\"inLanguage\":\"es-AR\"},{\"@type\":\"Organization\",\"@id\":\"https:\/\/tienda.rigelec.com.ar\/#organization\",\"name\":\"Tienda Rigelec\",\"url\":\"https:\/\/tienda.rigelec.com.ar\/\",\"logo\":{\"@type\":\"ImageObject\",\"inLanguage\":\"es-AR\",\"@id\":\"https:\/\/tienda.rigelec.com.ar\/#\/schema\/logo\/image\/\",\"url\":\"https:\/\/tienda.rigelec.com.ar\/wp-content\/uploads\/2024\/09\/isologo-blanco-rigelec.png\",\"contentUrl\":\"https:\/\/tienda.rigelec.com.ar\/wp-content\/uploads\/2024\/09\/isologo-blanco-rigelec.png\",\"width\":94,\"height\":97,\"caption\":\"Tienda Rigelec\"},\"image\":{\"@id\":\"https:\/\/tienda.rigelec.com.ar\/#\/schema\/logo\/image\/\"}}]}<\/script>\n<!-- \/ Yoast SEO plugin. -->","yoast_head_json":{"title":"KIT VENTILACION DE SALIDA GRIS SALIDA 120MM - 4\" - 148x170MM - Tienda Rigelec","robots":{"index":"index","follow":"follow","max-snippet":"max-snippet:-1","max-image-preview":"max-image-preview:large","max-video-preview":"max-video-preview:-1"},"canonical":"https:\/\/tienda.rigelec.com.ar\/?product=kit-ventilacion-de-salida-gris-salida-120mm-4-148x170mm","og_locale":"es_ES","og_type":"article","og_title":"KIT VENTILACION DE SALIDA GRIS SALIDA 120MM - 4\" - 148x170MM - Tienda Rigelec","og_description":"El uso del sistema de ventilaci\u00f3n GENROD SA permite aumentar la potencia disipable de su gabinete. Posee componentes de primera calidad, optimiza la circulaci\u00f3n de aire, minimiza la p\u00e9rdida de presi\u00f3n, permite la evacuaci\u00f3n de agua absorbida por el filtro, garantiza la estanqueidad del sistema a largo plazo, con una sencilla instalaci\u00f3n y mantenimiento.","og_url":"https:\/\/tienda.rigelec.com.ar\/?product=kit-ventilacion-de-salida-gris-salida-120mm-4-148x170mm","og_site_name":"Tienda Rigelec","article_modified_time":"2026-04-30T22:27:18+00:00","og_image":[{"width":899,"height":746,"url":"https:\/\/tienda.rigelec.com.ar\/wp-content\/uploads\/2024\/12\/KITVENTILACIONDESALIDAGRIS.jpg","type":"image\/jpeg"}],"twitter_card":"summary_large_image","schema":{"@context":"https:\/\/schema.org","@graph":[{"@type":"WebPage","@id":"https:\/\/tienda.rigelec.com.ar\/?product=kit-ventilacion-de-salida-gris-salida-120mm-4-148x170mm","url":"https:\/\/tienda.rigelec.com.ar\/?product=kit-ventilacion-de-salida-gris-salida-120mm-4-148x170mm","name":"KIT VENTILACION DE SALIDA GRIS SALIDA 120MM - 4\" - 148x170MM - Tienda Rigelec","isPartOf":{"@id":"https:\/\/tienda.rigelec.com.ar\/#website"},"primaryImageOfPage":{"@id":"https:\/\/tienda.rigelec.com.ar\/?product=kit-ventilacion-de-salida-gris-salida-120mm-4-148x170mm#primaryimage"},"image":{"@id":"https:\/\/tienda.rigelec.com.ar\/?product=kit-ventilacion-de-salida-gris-salida-120mm-4-148x170mm#primaryimage"},"thumbnailUrl":"https:\/\/tienda.rigelec.com.ar\/wp-content\/uploads\/2024\/12\/KITVENTILACIONDESALIDAGRIS.jpg","datePublished":"2024-12-19T19:58:21+00:00","dateModified":"2026-04-30T22:27:18+00:00","breadcrumb":{"@id":"https:\/\/tienda.rigelec.com.ar\/?product=kit-ventilacion-de-salida-gris-salida-120mm-4-148x170mm#breadcrumb"},"inLanguage":"es-AR","potentialAction":[{"@type":"ReadAction","target":["https:\/\/tienda.rigelec.com.ar\/?product=kit-ventilacion-de-salida-gris-salida-120mm-4-148x170mm"]}]},{"@type":"ImageObject","inLanguage":"es-AR","@id":"https:\/\/tienda.rigelec.com.ar\/?product=kit-ventilacion-de-salida-gris-salida-120mm-4-148x170mm#primaryimage","url":"https:\/\/tienda.rigelec.com.ar\/wp-content\/uploads\/2024\/12\/KITVENTILACIONDESALIDAGRIS.jpg","contentUrl":"https:\/\/tienda.rigelec.com.ar\/wp-content\/uploads\/2024\/12\/KITVENTILACIONDESALIDAGRIS.jpg","width":899,"height":746},{"@type":"BreadcrumbList","@id":"https:\/\/tienda.rigelec.com.ar\/?product=kit-ventilacion-de-salida-gris-salida-120mm-4-148x170mm#breadcrumb","itemListElement":[{"@type":"ListItem","position":1,"name":"Inicio","item":"https:\/\/tienda.rigelec.com.ar\/"},{"@type":"ListItem","position":2,"name":"Shop","item":"https:\/\/tienda.rigelec.com.ar\/?page_id=12"},{"@type":"ListItem","position":3,"name":"KIT VENTILACION DE SALIDA GRIS SALIDA 120MM &#8211; 4&#8243; &#8211; 148x170MM"}]},{"@type":"WebSite","@id":"https:\/\/tienda.rigelec.com.ar\/#website","url":"https:\/\/tienda.rigelec.com.ar\/","name":"Tienda Rigelec","description":"Energia en movimiento","publisher":{"@id":"https:\/\/tienda.rigelec.com.ar\/#organization"},"potentialAction":[{"@type":"SearchAction","target":{"@type":"EntryPoint","urlTemplate":"https:\/\/tienda.rigelec.com.ar\/?s={search_term_string}"},"query-input":{"@type":"PropertyValueSpecification","valueRequired":true,"valueName":"search_term_string"}}],"inLanguage":"es-AR"},{"@type":"Organization","@id":"https:\/\/tienda.rigelec.com.ar\/#organization","name":"Tienda Rigelec","url":"https:\/\/tienda.rigelec.com.ar\/","logo":{"@type":"ImageObject","inLanguage":"es-AR","@id":"https:\/\/tienda.rigelec.com.ar\/#\/schema\/logo\/image\/","url":"https:\/\/tienda.rigelec.com.ar\/wp-content\/uploads\/2024\/09\/isologo-blanco-rigelec.png","contentUrl":"https:\/\/tienda.rigelec.com.ar\/wp-content\/uploads\/2024\/09\/isologo-blanco-rigelec.png","width":94,"height":97,"caption":"Tienda Rigelec"},"image":{"@id":"https:\/\/tienda.rigelec.com.ar\/#\/schema\/logo\/image\/"}}]}},"jetpack_sharing_enabled":true,"_links":{"self":[{"href":"https:\/\/tienda.rigelec.com.ar\/index.php?rest_route=\/wp\/v2\/product\/25693","targetHints":{"allow":["GET"]}}],"collection":[{"href":"https:\/\/tienda.rigelec.com.ar\/index.php?rest_route=\/wp\/v2\/product"}],"about":[{"href":"https:\/\/tienda.rigelec.com.ar\/index.php?rest_route=\/wp\/v2\/types\/product"}],"replies":[{"embeddable":true,"href":"https:\/\/tienda.rigelec.com.ar\/index.php?rest_route=%2Fwp%2Fv2%2Fcomments&post=25693"}],"wp:featuredmedia":[{"embeddable":true,"href":"https:\/\/tienda.rigelec.com.ar\/index.php?rest_route=\/wp\/v2\/media\/25694"}],"wp:attachment":[{"href":"https:\/\/tienda.rigelec.com.ar\/index.php?rest_route=%2Fwp%2Fv2%2Fmedia&parent=25693"}],"wp:term":[{"taxonomy":"product_brand","embeddable":true,"href":"https:\/\/tienda.rigelec.com.ar\/index.php?rest_route=%2Fwp%2Fv2%2Fproduct_brand&post=25693"},{"taxonomy":"product_cat","embeddable":true,"href":"https:\/\/tienda.rigelec.com.ar\/index.php?rest_route=%2Fwp%2Fv2%2Fproduct_cat&post=25693"},{"taxonomy":"product_tag","embeddable":true,"href":"https:\/\/tienda.rigelec.com.ar\/index.php?rest_route=%2Fwp%2Fv2%2Fproduct_tag&post=25693"}],"curies":[{"name":"wp","href":"https:\/\/api.w.org\/{rel}","templated":true}]}}