{"id":25787,"date":"2024-12-19T17:03:02","date_gmt":"2024-12-19T20:03:02","guid":{"rendered":"https:\/\/tienda.test.rigelec.com.ar\/?product=tubo-led-vidrio-luz-fria-conexion-una-punta-12w-90cm"},"modified":"2026-05-01T09:06:20","modified_gmt":"2026-05-01T12:06:20","slug":"tubo-led-vidrio-luz-fria-macroled-12w-90cm-una-punta","status":"publish","type":"product","link":"https:\/\/tienda.rigelec.com.ar\/?product=tubo-led-vidrio-luz-fria-macroled-12w-90cm-una-punta","title":{"rendered":"TUBO LED VIDRIO LUZ FRIA CONEXION UNA PUNTA 12W &#8211; 90CM"},"content":{"rendered":"<p data-start=\"479\" data-end=\"841\">El <strong data-start=\"482\" data-end=\"540\">Tubo LED Vidrio Luz Fr\u00eda Conexi\u00f3n Una Punta 12W \u2013 90cm<\/strong> de <strong data-start=\"544\" data-end=\"556\">Macroled<\/strong> es una soluci\u00f3n de iluminaci\u00f3n eficiente y confiable para reemplazar tubos fluorescentes tradicionales.<br data-start=\"660\" data-end=\"663\" \/>Con su <strong data-start=\"670\" data-end=\"689\">12W de potencia<\/strong>, proporciona <strong data-start=\"703\" data-end=\"735\">luz fr\u00eda intensa y homog\u00e9nea<\/strong>, ideal para mejorar la visibilidad y crear ambientes claros en oficinas, comercios, cocinas o talleres.<\/p>\n<p data-start=\"843\" data-end=\"1059\">Fabricado en vidrio de alta calidad, garantiza una excelente transmisi\u00f3n lum\u00ednica y durabilidad. Su <strong data-start=\"943\" data-end=\"968\">conexi\u00f3n de una punta<\/strong> simplifica la instalaci\u00f3n, aumentando la seguridad y reduciendo costos de mantenimiento.<\/p>\n<h2 data-start=\"1066\" data-end=\"1101\"><strong data-start=\"1069\" data-end=\"1099\">Caracter\u00edsticas<\/strong><\/h2>\n<ul data-start=\"1102\" data-end=\"1412\">\n<li data-start=\"1102\" data-end=\"1125\">\n<p data-start=\"1104\" data-end=\"1125\"><strong data-start=\"1104\" data-end=\"1114\">Marca:<\/strong> Macroled<\/p>\n<\/li>\n<li data-start=\"1126\" data-end=\"1158\">\n<p data-start=\"1128\" data-end=\"1158\"><strong data-start=\"1128\" data-end=\"1137\">Tipo:<\/strong> Tubo LED de vidrio<\/p>\n<\/li>\n<li data-start=\"1159\" data-end=\"1180\">\n<p data-start=\"1161\" data-end=\"1180\"><strong data-start=\"1161\" data-end=\"1174\">Potencia:<\/strong> 12W<\/p>\n<\/li>\n<li data-start=\"1181\" data-end=\"1204\">\n<p data-start=\"1183\" data-end=\"1204\"><strong data-start=\"1183\" data-end=\"1196\">Longitud:<\/strong> 90 cm<\/p>\n<\/li>\n<li data-start=\"1205\" data-end=\"1243\">\n<p data-start=\"1207\" data-end=\"1243\"><strong data-start=\"1207\" data-end=\"1232\">Temperatura de color:<\/strong> Luz fr\u00eda<\/p>\n<\/li>\n<li data-start=\"1244\" data-end=\"1271\">\n<p data-start=\"1246\" data-end=\"1271\"><strong data-start=\"1246\" data-end=\"1259\">Conexi\u00f3n:<\/strong> Una punta<\/p>\n<\/li>\n<li data-start=\"1272\" data-end=\"1315\">\n<p data-start=\"1274\" data-end=\"1315\"><strong data-start=\"1274\" data-end=\"1313\">Encendido inmediato y sin parpadeos<\/strong><\/p>\n<\/li>\n<li data-start=\"1316\" data-end=\"1350\">\n<p data-start=\"1318\" data-end=\"1350\"><strong data-start=\"1318\" data-end=\"1348\">Alta eficiencia energ\u00e9tica<\/strong><\/p>\n<\/li>\n<li data-start=\"1351\" data-end=\"1388\">\n<p data-start=\"1353\" data-end=\"1388\"><strong data-start=\"1353\" data-end=\"1386\">Instalaci\u00f3n sencilla y segura<\/strong><\/p>\n<\/li>\n<li data-start=\"1389\" data-end=\"1412\">\n<p data-start=\"1391\" data-end=\"1412\"><strong data-start=\"1391\" data-end=\"1410\">Larga vida \u00fatil<\/strong><\/p>\n<\/li>\n<\/ul>\n<h2 data-start=\"1419\" data-end=\"1453\"><strong data-start=\"1422\" data-end=\"1451\">Aplicaciones recomendadas<\/strong><\/h2>\n<ul data-start=\"1454\" data-end=\"1621\">\n<li data-start=\"1454\" data-end=\"1504\">\n<p data-start=\"1456\" data-end=\"1504\">Sustituci\u00f3n de tubos fluorescentes T8 de 90 cm<\/p>\n<\/li>\n<li data-start=\"1505\" data-end=\"1544\">\n<p data-start=\"1507\" data-end=\"1544\">Iluminaci\u00f3n de oficinas y comercios<\/p>\n<\/li>\n<li data-start=\"1545\" data-end=\"1575\">\n<p data-start=\"1547\" data-end=\"1575\">Cocinas y \u00e1reas de trabajo<\/p>\n<\/li>\n<li data-start=\"1576\" data-end=\"1621\">\n<p data-start=\"1578\" data-end=\"1621\">Lugares que requieran luz fr\u00eda y uniforme<\/p>\n<\/li>\n<\/ul>\n<p><a href=\"https:\/\/www.macroled.com.ar\/lamparas\/7428325569096\">https:\/\/www.macroled.com.ar\/lamparas\/7428325569096<\/a><\/p>\n","protected":false},"excerpt":{"rendered":"<p>Potencia: 12W<br \/>\nModelo: TL-T8090-12<br \/>\nTensi\u00f3n: AC185-265V<br \/>\nTama\u00f1o de L\u00e1mpara: \u00f828x900mm<br \/>\nPeso de L\u00e1mpara: 172 gr<\/p>\n","protected":false},"featured_media":25788,"comment_status":"open","ping_status":"closed","template":"","meta":{"_monsterinsights_skip_tracking":false,"_monsterinsights_sitenote_active":false,"_monsterinsights_sitenote_note":"","_monsterinsights_sitenote_category":0},"product_brand":[],"product_cat":[300],"product_tag":[146],"class_list":{"0":"post-25787","1":"product","2":"type-product","3":"status-publish","4":"has-post-thumbnail","6":"product_cat-ii-tubos-led","7":"product_tag-macroled","9":"first","10":"instock","11":"shipping-taxable","12":"purchasable","13":"product-type-simple"},"yoast_head":"<!-- This site is optimized with the Yoast SEO plugin v25.3.1 - https:\/\/yoast.com\/wordpress\/plugins\/seo\/ -->\n<title>Tienda Rigelec Tubo LED Vidrio Luz Fr\u00eda Macroled 12W 90cm Una Punta<\/title>\n<meta name=\"description\" content=\"Tubo LED Macroled de vidrio 12W 90cm luz fr\u00eda y conexi\u00f3n de una punta. Iluminaci\u00f3n clara, eficiente y segura para oficinas, comercios y \u00e1reas de trabajo.\" \/>\n<meta name=\"robots\" content=\"index, follow, max-snippet:-1, max-image-preview:large, max-video-preview:-1\" \/>\n<link rel=\"canonical\" href=\"https:\/\/tienda.rigelec.com.ar\/?product=tubo-led-vidrio-luz-fria-macroled-12w-90cm-una-punta\" \/>\n<meta property=\"og:locale\" content=\"es_ES\" \/>\n<meta property=\"og:type\" content=\"article\" \/>\n<meta property=\"og:title\" content=\"Tienda Rigelec Tubo LED Vidrio Luz Fr\u00eda Macroled 12W 90cm Una Punta\" \/>\n<meta property=\"og:description\" content=\"Tubo LED Macroled de vidrio 12W 90cm luz fr\u00eda y conexi\u00f3n de una punta. Iluminaci\u00f3n clara, eficiente y segura para oficinas, comercios y \u00e1reas de trabajo.\" \/>\n<meta property=\"og:url\" content=\"https:\/\/tienda.rigelec.com.ar\/?product=tubo-led-vidrio-luz-fria-macroled-12w-90cm-una-punta\" \/>\n<meta property=\"og:site_name\" content=\"Tienda Rigelec\" \/>\n<meta property=\"article:modified_time\" content=\"2026-05-01T12:06:20+00:00\" \/>\n<meta property=\"og:image\" content=\"https:\/\/tienda.rigelec.com.ar\/wp-content\/uploads\/2024\/12\/TUBOLEDVIDRIOLUZFRIA.jpg\" \/>\n\t<meta property=\"og:image:width\" content=\"1080\" \/>\n\t<meta property=\"og:image:height\" content=\"959\" \/>\n\t<meta property=\"og:image:type\" content=\"image\/jpeg\" \/>\n<meta name=\"twitter:card\" content=\"summary_large_image\" \/>\n<meta name=\"twitter:label1\" content=\"Tiempo de lectura\" \/>\n\t<meta name=\"twitter:data1\" content=\"1 minuto\" \/>\n<script type=\"application\/ld+json\" class=\"yoast-schema-graph\">{\"@context\":\"https:\/\/schema.org\",\"@graph\":[{\"@type\":\"WebPage\",\"@id\":\"https:\/\/tienda.rigelec.com.ar\/?product=tubo-led-vidrio-luz-fria-macroled-12w-90cm-una-punta\",\"url\":\"https:\/\/tienda.rigelec.com.ar\/?product=tubo-led-vidrio-luz-fria-macroled-12w-90cm-una-punta\",\"name\":\"Tienda Rigelec Tubo LED Vidrio Luz Fr\u00eda Macroled 12W 90cm Una Punta\",\"isPartOf\":{\"@id\":\"https:\/\/tienda.rigelec.com.ar\/#website\"},\"primaryImageOfPage\":{\"@id\":\"https:\/\/tienda.rigelec.com.ar\/?product=tubo-led-vidrio-luz-fria-macroled-12w-90cm-una-punta#primaryimage\"},\"image\":{\"@id\":\"https:\/\/tienda.rigelec.com.ar\/?product=tubo-led-vidrio-luz-fria-macroled-12w-90cm-una-punta#primaryimage\"},\"thumbnailUrl\":\"https:\/\/tienda.rigelec.com.ar\/wp-content\/uploads\/2024\/12\/TUBOLEDVIDRIOLUZFRIA.jpg\",\"datePublished\":\"2024-12-19T20:03:02+00:00\",\"dateModified\":\"2026-05-01T12:06:20+00:00\",\"description\":\"Tubo LED Macroled de vidrio 12W 90cm luz fr\u00eda y conexi\u00f3n de una punta. Iluminaci\u00f3n clara, eficiente y segura para oficinas, comercios y \u00e1reas de trabajo.\",\"breadcrumb\":{\"@id\":\"https:\/\/tienda.rigelec.com.ar\/?product=tubo-led-vidrio-luz-fria-macroled-12w-90cm-una-punta#breadcrumb\"},\"inLanguage\":\"es-AR\",\"potentialAction\":[{\"@type\":\"ReadAction\",\"target\":[\"https:\/\/tienda.rigelec.com.ar\/?product=tubo-led-vidrio-luz-fria-macroled-12w-90cm-una-punta\"]}]},{\"@type\":\"ImageObject\",\"inLanguage\":\"es-AR\",\"@id\":\"https:\/\/tienda.rigelec.com.ar\/?product=tubo-led-vidrio-luz-fria-macroled-12w-90cm-una-punta#primaryimage\",\"url\":\"https:\/\/tienda.rigelec.com.ar\/wp-content\/uploads\/2024\/12\/TUBOLEDVIDRIOLUZFRIA.jpg\",\"contentUrl\":\"https:\/\/tienda.rigelec.com.ar\/wp-content\/uploads\/2024\/12\/TUBOLEDVIDRIOLUZFRIA.jpg\",\"width\":1080,\"height\":959},{\"@type\":\"BreadcrumbList\",\"@id\":\"https:\/\/tienda.rigelec.com.ar\/?product=tubo-led-vidrio-luz-fria-macroled-12w-90cm-una-punta#breadcrumb\",\"itemListElement\":[{\"@type\":\"ListItem\",\"position\":1,\"name\":\"Inicio\",\"item\":\"https:\/\/tienda.rigelec.com.ar\/\"},{\"@type\":\"ListItem\",\"position\":2,\"name\":\"Shop\",\"item\":\"https:\/\/tienda.rigelec.com.ar\/?page_id=12\"},{\"@type\":\"ListItem\",\"position\":3,\"name\":\"TUBO LED VIDRIO LUZ FRIA CONEXION UNA PUNTA 12W &#8211; 90CM\"}]},{\"@type\":\"WebSite\",\"@id\":\"https:\/\/tienda.rigelec.com.ar\/#website\",\"url\":\"https:\/\/tienda.rigelec.com.ar\/\",\"name\":\"Tienda Rigelec\",\"description\":\"Energia en movimiento\",\"publisher\":{\"@id\":\"https:\/\/tienda.rigelec.com.ar\/#organization\"},\"potentialAction\":[{\"@type\":\"SearchAction\",\"target\":{\"@type\":\"EntryPoint\",\"urlTemplate\":\"https:\/\/tienda.rigelec.com.ar\/?s={search_term_string}\"},\"query-input\":{\"@type\":\"PropertyValueSpecification\",\"valueRequired\":true,\"valueName\":\"search_term_string\"}}],\"inLanguage\":\"es-AR\"},{\"@type\":\"Organization\",\"@id\":\"https:\/\/tienda.rigelec.com.ar\/#organization\",\"name\":\"Tienda Rigelec\",\"url\":\"https:\/\/tienda.rigelec.com.ar\/\",\"logo\":{\"@type\":\"ImageObject\",\"inLanguage\":\"es-AR\",\"@id\":\"https:\/\/tienda.rigelec.com.ar\/#\/schema\/logo\/image\/\",\"url\":\"https:\/\/tienda.rigelec.com.ar\/wp-content\/uploads\/2024\/09\/isologo-blanco-rigelec.png\",\"contentUrl\":\"https:\/\/tienda.rigelec.com.ar\/wp-content\/uploads\/2024\/09\/isologo-blanco-rigelec.png\",\"width\":94,\"height\":97,\"caption\":\"Tienda Rigelec\"},\"image\":{\"@id\":\"https:\/\/tienda.rigelec.com.ar\/#\/schema\/logo\/image\/\"}}]}<\/script>\n<!-- \/ Yoast SEO plugin. -->","yoast_head_json":{"title":"Tienda Rigelec Tubo LED Vidrio Luz Fr\u00eda Macroled 12W 90cm Una Punta","description":"Tubo LED Macroled de vidrio 12W 90cm luz fr\u00eda y conexi\u00f3n de una punta. Iluminaci\u00f3n clara, eficiente y segura para oficinas, comercios y \u00e1reas de trabajo.","robots":{"index":"index","follow":"follow","max-snippet":"max-snippet:-1","max-image-preview":"max-image-preview:large","max-video-preview":"max-video-preview:-1"},"canonical":"https:\/\/tienda.rigelec.com.ar\/?product=tubo-led-vidrio-luz-fria-macroled-12w-90cm-una-punta","og_locale":"es_ES","og_type":"article","og_title":"Tienda Rigelec Tubo LED Vidrio Luz Fr\u00eda Macroled 12W 90cm Una Punta","og_description":"Tubo LED Macroled de vidrio 12W 90cm luz fr\u00eda y conexi\u00f3n de una punta. Iluminaci\u00f3n clara, eficiente y segura para oficinas, comercios y \u00e1reas de trabajo.","og_url":"https:\/\/tienda.rigelec.com.ar\/?product=tubo-led-vidrio-luz-fria-macroled-12w-90cm-una-punta","og_site_name":"Tienda Rigelec","article_modified_time":"2026-05-01T12:06:20+00:00","og_image":[{"width":1080,"height":959,"url":"https:\/\/tienda.rigelec.com.ar\/wp-content\/uploads\/2024\/12\/TUBOLEDVIDRIOLUZFRIA.jpg","type":"image\/jpeg"}],"twitter_card":"summary_large_image","twitter_misc":{"Tiempo de lectura":"1 minuto"},"schema":{"@context":"https:\/\/schema.org","@graph":[{"@type":"WebPage","@id":"https:\/\/tienda.rigelec.com.ar\/?product=tubo-led-vidrio-luz-fria-macroled-12w-90cm-una-punta","url":"https:\/\/tienda.rigelec.com.ar\/?product=tubo-led-vidrio-luz-fria-macroled-12w-90cm-una-punta","name":"Tienda Rigelec Tubo LED Vidrio Luz Fr\u00eda Macroled 12W 90cm Una Punta","isPartOf":{"@id":"https:\/\/tienda.rigelec.com.ar\/#website"},"primaryImageOfPage":{"@id":"https:\/\/tienda.rigelec.com.ar\/?product=tubo-led-vidrio-luz-fria-macroled-12w-90cm-una-punta#primaryimage"},"image":{"@id":"https:\/\/tienda.rigelec.com.ar\/?product=tubo-led-vidrio-luz-fria-macroled-12w-90cm-una-punta#primaryimage"},"thumbnailUrl":"https:\/\/tienda.rigelec.com.ar\/wp-content\/uploads\/2024\/12\/TUBOLEDVIDRIOLUZFRIA.jpg","datePublished":"2024-12-19T20:03:02+00:00","dateModified":"2026-05-01T12:06:20+00:00","description":"Tubo LED Macroled de vidrio 12W 90cm luz fr\u00eda y conexi\u00f3n de una punta. Iluminaci\u00f3n clara, eficiente y segura para oficinas, comercios y \u00e1reas de trabajo.","breadcrumb":{"@id":"https:\/\/tienda.rigelec.com.ar\/?product=tubo-led-vidrio-luz-fria-macroled-12w-90cm-una-punta#breadcrumb"},"inLanguage":"es-AR","potentialAction":[{"@type":"ReadAction","target":["https:\/\/tienda.rigelec.com.ar\/?product=tubo-led-vidrio-luz-fria-macroled-12w-90cm-una-punta"]}]},{"@type":"ImageObject","inLanguage":"es-AR","@id":"https:\/\/tienda.rigelec.com.ar\/?product=tubo-led-vidrio-luz-fria-macroled-12w-90cm-una-punta#primaryimage","url":"https:\/\/tienda.rigelec.com.ar\/wp-content\/uploads\/2024\/12\/TUBOLEDVIDRIOLUZFRIA.jpg","contentUrl":"https:\/\/tienda.rigelec.com.ar\/wp-content\/uploads\/2024\/12\/TUBOLEDVIDRIOLUZFRIA.jpg","width":1080,"height":959},{"@type":"BreadcrumbList","@id":"https:\/\/tienda.rigelec.com.ar\/?product=tubo-led-vidrio-luz-fria-macroled-12w-90cm-una-punta#breadcrumb","itemListElement":[{"@type":"ListItem","position":1,"name":"Inicio","item":"https:\/\/tienda.rigelec.com.ar\/"},{"@type":"ListItem","position":2,"name":"Shop","item":"https:\/\/tienda.rigelec.com.ar\/?page_id=12"},{"@type":"ListItem","position":3,"name":"TUBO LED VIDRIO LUZ FRIA CONEXION UNA PUNTA 12W &#8211; 90CM"}]},{"@type":"WebSite","@id":"https:\/\/tienda.rigelec.com.ar\/#website","url":"https:\/\/tienda.rigelec.com.ar\/","name":"Tienda Rigelec","description":"Energia en movimiento","publisher":{"@id":"https:\/\/tienda.rigelec.com.ar\/#organization"},"potentialAction":[{"@type":"SearchAction","target":{"@type":"EntryPoint","urlTemplate":"https:\/\/tienda.rigelec.com.ar\/?s={search_term_string}"},"query-input":{"@type":"PropertyValueSpecification","valueRequired":true,"valueName":"search_term_string"}}],"inLanguage":"es-AR"},{"@type":"Organization","@id":"https:\/\/tienda.rigelec.com.ar\/#organization","name":"Tienda Rigelec","url":"https:\/\/tienda.rigelec.com.ar\/","logo":{"@type":"ImageObject","inLanguage":"es-AR","@id":"https:\/\/tienda.rigelec.com.ar\/#\/schema\/logo\/image\/","url":"https:\/\/tienda.rigelec.com.ar\/wp-content\/uploads\/2024\/09\/isologo-blanco-rigelec.png","contentUrl":"https:\/\/tienda.rigelec.com.ar\/wp-content\/uploads\/2024\/09\/isologo-blanco-rigelec.png","width":94,"height":97,"caption":"Tienda Rigelec"},"image":{"@id":"https:\/\/tienda.rigelec.com.ar\/#\/schema\/logo\/image\/"}}]}},"jetpack_sharing_enabled":true,"_links":{"self":[{"href":"https:\/\/tienda.rigelec.com.ar\/index.php?rest_route=\/wp\/v2\/product\/25787","targetHints":{"allow":["GET"]}}],"collection":[{"href":"https:\/\/tienda.rigelec.com.ar\/index.php?rest_route=\/wp\/v2\/product"}],"about":[{"href":"https:\/\/tienda.rigelec.com.ar\/index.php?rest_route=\/wp\/v2\/types\/product"}],"replies":[{"embeddable":true,"href":"https:\/\/tienda.rigelec.com.ar\/index.php?rest_route=%2Fwp%2Fv2%2Fcomments&post=25787"}],"wp:featuredmedia":[{"embeddable":true,"href":"https:\/\/tienda.rigelec.com.ar\/index.php?rest_route=\/wp\/v2\/media\/25788"}],"wp:attachment":[{"href":"https:\/\/tienda.rigelec.com.ar\/index.php?rest_route=%2Fwp%2Fv2%2Fmedia&parent=25787"}],"wp:term":[{"taxonomy":"product_brand","embeddable":true,"href":"https:\/\/tienda.rigelec.com.ar\/index.php?rest_route=%2Fwp%2Fv2%2Fproduct_brand&post=25787"},{"taxonomy":"product_cat","embeddable":true,"href":"https:\/\/tienda.rigelec.com.ar\/index.php?rest_route=%2Fwp%2Fv2%2Fproduct_cat&post=25787"},{"taxonomy":"product_tag","embeddable":true,"href":"https:\/\/tienda.rigelec.com.ar\/index.php?rest_route=%2Fwp%2Fv2%2Fproduct_tag&post=25787"}],"curies":[{"name":"wp","href":"https:\/\/api.w.org\/{rel}","templated":true}]}}