{"id":26011,"date":"2024-12-19T17:16:35","date_gmt":"2024-12-19T20:16:35","guid":{"rendered":"https:\/\/tienda.test.rigelec.com.ar\/?product=bloque-de-distribucion-sbi-125a-690v"},"modified":"2026-05-01T22:57:14","modified_gmt":"2026-05-02T01:57:14","slug":"bloque-de-distribucion-sbi-125a-690v","status":"publish","type":"product","link":"https:\/\/tienda.rigelec.com.ar\/?product=bloque-de-distribucion-sbi-125a-690v","title":{"rendered":"BLOQUE DE DISTRIBUCION SBI 125A &#8211; 690V"},"content":{"rendered":"<p>BLOQUE DE DISTRIBUCION<\/p>\n","protected":false},"excerpt":{"rendered":"<p>La funci\u00f3n principal es la uni\u00f3n segura de los conductores, tanto el\u00e9ctrica como mec\u00e1nica. Sus aplicaciones abarcan desde los circuitos de control y automatizaci\u00f3n hasta<br \/>\nla instrumentaci\u00f3n y la distribuci\u00f3n de energ\u00eda.<br \/>\nLos bloques de distribuci\u00f3n SBI se producen en termopl\u00e1stico autoextinguible, ideal para la derivaci\u00f3n de los circuitos de alimentaci\u00f3n en los paneles el\u00e9ctricos, en diferentes secciones de cable. Disponible en versi\u00f3n monopolar, permiten aplicaciones en corrientes de 80A a 500A, su instalaci\u00f3n puede instalarse en un riel DIN o con tornillos en la placa de montaje. Los bloques tienen un grado de protecci\u00f3n IP20 y cumplen con el est\u00e1ndar IEC60947-7-1. N\u00b0 de polos: 1.<\/p>\n","protected":false},"featured_media":26012,"comment_status":"open","ping_status":"closed","template":"","meta":{"_monsterinsights_skip_tracking":false,"_monsterinsights_sitenote_active":false,"_monsterinsights_sitenote_note":"","_monsterinsights_sitenote_category":0},"product_brand":[],"product_cat":[216],"product_tag":[137],"class_list":{"0":"post-26011","1":"product","2":"type-product","3":"status-publish","4":"has-post-thumbnail","6":"product_cat-b-bornes","7":"product_tag-steck","9":"first","10":"instock","11":"shipping-taxable","12":"purchasable","13":"product-type-simple"},"yoast_head":"<!-- This site is optimized with the Yoast SEO plugin v25.3.1 - https:\/\/yoast.com\/wordpress\/plugins\/seo\/ -->\n<title>BLOQUE DE DISTRIBUCION SBI 125A - 690V - Tienda Rigelec<\/title>\n<meta name=\"robots\" content=\"index, follow, max-snippet:-1, max-image-preview:large, max-video-preview:-1\" \/>\n<link rel=\"canonical\" href=\"https:\/\/tienda.rigelec.com.ar\/?product=bloque-de-distribucion-sbi-125a-690v\" \/>\n<meta property=\"og:locale\" content=\"es_ES\" \/>\n<meta property=\"og:type\" content=\"article\" \/>\n<meta property=\"og:title\" content=\"BLOQUE DE DISTRIBUCION SBI 125A - 690V - Tienda Rigelec\" \/>\n<meta property=\"og:description\" content=\"La funci\u00f3n principal es la uni\u00f3n segura de los conductores, tanto el\u00e9ctrica como mec\u00e1nica. Sus aplicaciones abarcan desde los circuitos de control y automatizaci\u00f3n hasta la instrumentaci\u00f3n y la distribuci\u00f3n de energ\u00eda. Los bloques de distribuci\u00f3n SBI se producen en termopl\u00e1stico autoextinguible, ideal para la derivaci\u00f3n de los circuitos de alimentaci\u00f3n en los paneles el\u00e9ctricos, en diferentes secciones de cable. Disponible en versi\u00f3n monopolar, permiten aplicaciones en corrientes de 80A a 500A, su instalaci\u00f3n puede instalarse en un riel DIN o con tornillos en la placa de montaje. Los bloques tienen un grado de protecci\u00f3n IP20 y cumplen con el est\u00e1ndar IEC60947-7-1. N\u00b0 de polos: 1.\" \/>\n<meta property=\"og:url\" content=\"https:\/\/tienda.rigelec.com.ar\/?product=bloque-de-distribucion-sbi-125a-690v\" \/>\n<meta property=\"og:site_name\" content=\"Tienda Rigelec\" \/>\n<meta property=\"article:modified_time\" content=\"2026-05-02T01:57:14+00:00\" \/>\n<meta property=\"og:image\" content=\"https:\/\/tienda.rigelec.com.ar\/wp-content\/uploads\/2024\/12\/BLOQUEDEDISTRIBUCION-1.jpg\" \/>\n\t<meta property=\"og:image:width\" content=\"979\" \/>\n\t<meta property=\"og:image:height\" content=\"953\" \/>\n\t<meta property=\"og:image:type\" content=\"image\/jpeg\" \/>\n<meta name=\"twitter:card\" content=\"summary_large_image\" \/>\n<script type=\"application\/ld+json\" class=\"yoast-schema-graph\">{\"@context\":\"https:\/\/schema.org\",\"@graph\":[{\"@type\":\"WebPage\",\"@id\":\"https:\/\/tienda.rigelec.com.ar\/?product=bloque-de-distribucion-sbi-125a-690v\",\"url\":\"https:\/\/tienda.rigelec.com.ar\/?product=bloque-de-distribucion-sbi-125a-690v\",\"name\":\"BLOQUE DE DISTRIBUCION SBI 125A - 690V - Tienda Rigelec\",\"isPartOf\":{\"@id\":\"https:\/\/tienda.rigelec.com.ar\/#website\"},\"primaryImageOfPage\":{\"@id\":\"https:\/\/tienda.rigelec.com.ar\/?product=bloque-de-distribucion-sbi-125a-690v#primaryimage\"},\"image\":{\"@id\":\"https:\/\/tienda.rigelec.com.ar\/?product=bloque-de-distribucion-sbi-125a-690v#primaryimage\"},\"thumbnailUrl\":\"https:\/\/tienda.rigelec.com.ar\/wp-content\/uploads\/2024\/12\/BLOQUEDEDISTRIBUCION-1.jpg\",\"datePublished\":\"2024-12-19T20:16:35+00:00\",\"dateModified\":\"2026-05-02T01:57:14+00:00\",\"breadcrumb\":{\"@id\":\"https:\/\/tienda.rigelec.com.ar\/?product=bloque-de-distribucion-sbi-125a-690v#breadcrumb\"},\"inLanguage\":\"es-AR\",\"potentialAction\":[{\"@type\":\"ReadAction\",\"target\":[\"https:\/\/tienda.rigelec.com.ar\/?product=bloque-de-distribucion-sbi-125a-690v\"]}]},{\"@type\":\"ImageObject\",\"inLanguage\":\"es-AR\",\"@id\":\"https:\/\/tienda.rigelec.com.ar\/?product=bloque-de-distribucion-sbi-125a-690v#primaryimage\",\"url\":\"https:\/\/tienda.rigelec.com.ar\/wp-content\/uploads\/2024\/12\/BLOQUEDEDISTRIBUCION-1.jpg\",\"contentUrl\":\"https:\/\/tienda.rigelec.com.ar\/wp-content\/uploads\/2024\/12\/BLOQUEDEDISTRIBUCION-1.jpg\",\"width\":979,\"height\":953},{\"@type\":\"BreadcrumbList\",\"@id\":\"https:\/\/tienda.rigelec.com.ar\/?product=bloque-de-distribucion-sbi-125a-690v#breadcrumb\",\"itemListElement\":[{\"@type\":\"ListItem\",\"position\":1,\"name\":\"Inicio\",\"item\":\"https:\/\/tienda.rigelec.com.ar\/\"},{\"@type\":\"ListItem\",\"position\":2,\"name\":\"Shop\",\"item\":\"https:\/\/tienda.rigelec.com.ar\/?page_id=12\"},{\"@type\":\"ListItem\",\"position\":3,\"name\":\"BLOQUE DE DISTRIBUCION SBI 125A &#8211; 690V\"}]},{\"@type\":\"WebSite\",\"@id\":\"https:\/\/tienda.rigelec.com.ar\/#website\",\"url\":\"https:\/\/tienda.rigelec.com.ar\/\",\"name\":\"Tienda Rigelec\",\"description\":\"Energia en movimiento\",\"publisher\":{\"@id\":\"https:\/\/tienda.rigelec.com.ar\/#organization\"},\"potentialAction\":[{\"@type\":\"SearchAction\",\"target\":{\"@type\":\"EntryPoint\",\"urlTemplate\":\"https:\/\/tienda.rigelec.com.ar\/?s={search_term_string}\"},\"query-input\":{\"@type\":\"PropertyValueSpecification\",\"valueRequired\":true,\"valueName\":\"search_term_string\"}}],\"inLanguage\":\"es-AR\"},{\"@type\":\"Organization\",\"@id\":\"https:\/\/tienda.rigelec.com.ar\/#organization\",\"name\":\"Tienda Rigelec\",\"url\":\"https:\/\/tienda.rigelec.com.ar\/\",\"logo\":{\"@type\":\"ImageObject\",\"inLanguage\":\"es-AR\",\"@id\":\"https:\/\/tienda.rigelec.com.ar\/#\/schema\/logo\/image\/\",\"url\":\"https:\/\/tienda.rigelec.com.ar\/wp-content\/uploads\/2024\/09\/isologo-blanco-rigelec.png\",\"contentUrl\":\"https:\/\/tienda.rigelec.com.ar\/wp-content\/uploads\/2024\/09\/isologo-blanco-rigelec.png\",\"width\":94,\"height\":97,\"caption\":\"Tienda Rigelec\"},\"image\":{\"@id\":\"https:\/\/tienda.rigelec.com.ar\/#\/schema\/logo\/image\/\"}}]}<\/script>\n<!-- \/ Yoast SEO plugin. -->","yoast_head_json":{"title":"BLOQUE DE DISTRIBUCION SBI 125A - 690V - Tienda Rigelec","robots":{"index":"index","follow":"follow","max-snippet":"max-snippet:-1","max-image-preview":"max-image-preview:large","max-video-preview":"max-video-preview:-1"},"canonical":"https:\/\/tienda.rigelec.com.ar\/?product=bloque-de-distribucion-sbi-125a-690v","og_locale":"es_ES","og_type":"article","og_title":"BLOQUE DE DISTRIBUCION SBI 125A - 690V - Tienda Rigelec","og_description":"La funci\u00f3n principal es la uni\u00f3n segura de los conductores, tanto el\u00e9ctrica como mec\u00e1nica. Sus aplicaciones abarcan desde los circuitos de control y automatizaci\u00f3n hasta la instrumentaci\u00f3n y la distribuci\u00f3n de energ\u00eda. Los bloques de distribuci\u00f3n SBI se producen en termopl\u00e1stico autoextinguible, ideal para la derivaci\u00f3n de los circuitos de alimentaci\u00f3n en los paneles el\u00e9ctricos, en diferentes secciones de cable. Disponible en versi\u00f3n monopolar, permiten aplicaciones en corrientes de 80A a 500A, su instalaci\u00f3n puede instalarse en un riel DIN o con tornillos en la placa de montaje. Los bloques tienen un grado de protecci\u00f3n IP20 y cumplen con el est\u00e1ndar IEC60947-7-1. N\u00b0 de polos: 1.","og_url":"https:\/\/tienda.rigelec.com.ar\/?product=bloque-de-distribucion-sbi-125a-690v","og_site_name":"Tienda Rigelec","article_modified_time":"2026-05-02T01:57:14+00:00","og_image":[{"width":979,"height":953,"url":"https:\/\/tienda.rigelec.com.ar\/wp-content\/uploads\/2024\/12\/BLOQUEDEDISTRIBUCION-1.jpg","type":"image\/jpeg"}],"twitter_card":"summary_large_image","schema":{"@context":"https:\/\/schema.org","@graph":[{"@type":"WebPage","@id":"https:\/\/tienda.rigelec.com.ar\/?product=bloque-de-distribucion-sbi-125a-690v","url":"https:\/\/tienda.rigelec.com.ar\/?product=bloque-de-distribucion-sbi-125a-690v","name":"BLOQUE DE DISTRIBUCION SBI 125A - 690V - Tienda Rigelec","isPartOf":{"@id":"https:\/\/tienda.rigelec.com.ar\/#website"},"primaryImageOfPage":{"@id":"https:\/\/tienda.rigelec.com.ar\/?product=bloque-de-distribucion-sbi-125a-690v#primaryimage"},"image":{"@id":"https:\/\/tienda.rigelec.com.ar\/?product=bloque-de-distribucion-sbi-125a-690v#primaryimage"},"thumbnailUrl":"https:\/\/tienda.rigelec.com.ar\/wp-content\/uploads\/2024\/12\/BLOQUEDEDISTRIBUCION-1.jpg","datePublished":"2024-12-19T20:16:35+00:00","dateModified":"2026-05-02T01:57:14+00:00","breadcrumb":{"@id":"https:\/\/tienda.rigelec.com.ar\/?product=bloque-de-distribucion-sbi-125a-690v#breadcrumb"},"inLanguage":"es-AR","potentialAction":[{"@type":"ReadAction","target":["https:\/\/tienda.rigelec.com.ar\/?product=bloque-de-distribucion-sbi-125a-690v"]}]},{"@type":"ImageObject","inLanguage":"es-AR","@id":"https:\/\/tienda.rigelec.com.ar\/?product=bloque-de-distribucion-sbi-125a-690v#primaryimage","url":"https:\/\/tienda.rigelec.com.ar\/wp-content\/uploads\/2024\/12\/BLOQUEDEDISTRIBUCION-1.jpg","contentUrl":"https:\/\/tienda.rigelec.com.ar\/wp-content\/uploads\/2024\/12\/BLOQUEDEDISTRIBUCION-1.jpg","width":979,"height":953},{"@type":"BreadcrumbList","@id":"https:\/\/tienda.rigelec.com.ar\/?product=bloque-de-distribucion-sbi-125a-690v#breadcrumb","itemListElement":[{"@type":"ListItem","position":1,"name":"Inicio","item":"https:\/\/tienda.rigelec.com.ar\/"},{"@type":"ListItem","position":2,"name":"Shop","item":"https:\/\/tienda.rigelec.com.ar\/?page_id=12"},{"@type":"ListItem","position":3,"name":"BLOQUE DE DISTRIBUCION SBI 125A &#8211; 690V"}]},{"@type":"WebSite","@id":"https:\/\/tienda.rigelec.com.ar\/#website","url":"https:\/\/tienda.rigelec.com.ar\/","name":"Tienda Rigelec","description":"Energia en movimiento","publisher":{"@id":"https:\/\/tienda.rigelec.com.ar\/#organization"},"potentialAction":[{"@type":"SearchAction","target":{"@type":"EntryPoint","urlTemplate":"https:\/\/tienda.rigelec.com.ar\/?s={search_term_string}"},"query-input":{"@type":"PropertyValueSpecification","valueRequired":true,"valueName":"search_term_string"}}],"inLanguage":"es-AR"},{"@type":"Organization","@id":"https:\/\/tienda.rigelec.com.ar\/#organization","name":"Tienda Rigelec","url":"https:\/\/tienda.rigelec.com.ar\/","logo":{"@type":"ImageObject","inLanguage":"es-AR","@id":"https:\/\/tienda.rigelec.com.ar\/#\/schema\/logo\/image\/","url":"https:\/\/tienda.rigelec.com.ar\/wp-content\/uploads\/2024\/09\/isologo-blanco-rigelec.png","contentUrl":"https:\/\/tienda.rigelec.com.ar\/wp-content\/uploads\/2024\/09\/isologo-blanco-rigelec.png","width":94,"height":97,"caption":"Tienda Rigelec"},"image":{"@id":"https:\/\/tienda.rigelec.com.ar\/#\/schema\/logo\/image\/"}}]}},"jetpack_sharing_enabled":true,"_links":{"self":[{"href":"https:\/\/tienda.rigelec.com.ar\/index.php?rest_route=\/wp\/v2\/product\/26011","targetHints":{"allow":["GET"]}}],"collection":[{"href":"https:\/\/tienda.rigelec.com.ar\/index.php?rest_route=\/wp\/v2\/product"}],"about":[{"href":"https:\/\/tienda.rigelec.com.ar\/index.php?rest_route=\/wp\/v2\/types\/product"}],"replies":[{"embeddable":true,"href":"https:\/\/tienda.rigelec.com.ar\/index.php?rest_route=%2Fwp%2Fv2%2Fcomments&post=26011"}],"wp:featuredmedia":[{"embeddable":true,"href":"https:\/\/tienda.rigelec.com.ar\/index.php?rest_route=\/wp\/v2\/media\/26012"}],"wp:attachment":[{"href":"https:\/\/tienda.rigelec.com.ar\/index.php?rest_route=%2Fwp%2Fv2%2Fmedia&parent=26011"}],"wp:term":[{"taxonomy":"product_brand","embeddable":true,"href":"https:\/\/tienda.rigelec.com.ar\/index.php?rest_route=%2Fwp%2Fv2%2Fproduct_brand&post=26011"},{"taxonomy":"product_cat","embeddable":true,"href":"https:\/\/tienda.rigelec.com.ar\/index.php?rest_route=%2Fwp%2Fv2%2Fproduct_cat&post=26011"},{"taxonomy":"product_tag","embeddable":true,"href":"https:\/\/tienda.rigelec.com.ar\/index.php?rest_route=%2Fwp%2Fv2%2Fproduct_tag&post=26011"}],"curies":[{"name":"wp","href":"https:\/\/api.w.org\/{rel}","templated":true}]}}