{"id":26029,"date":"2024-12-19T17:18:22","date_gmt":"2024-12-19T20:18:22","guid":{"rendered":"https:\/\/tienda.test.rigelec.com.ar\/?product=interruptor-compacto-en-caja-moldeada-bzme1-a100-bt-3x18ka-100a"},"modified":"2026-05-05T22:20:00","modified_gmt":"2026-05-06T01:20:00","slug":"interruptor-compacto-en-caja-moldeada-bzme1-a100-bt-3x18ka-100a","status":"publish","type":"product","link":"https:\/\/tienda.rigelec.com.ar\/?product=interruptor-compacto-en-caja-moldeada-bzme1-a100-bt-3x18ka-100a","title":{"rendered":"INTERRUPTOR COMPACTO EN CAJA MOLDEADA BZME1-A100-BT 3X18KA &#8211; 100A"},"content":{"rendered":"<p>INTERRUPTOR COMPACTO EN CAJA MOLDEADA<\/p>\n","protected":false},"excerpt":{"rendered":"<p>Los disyuntores de caja moldeada BZM de Eaton ofrecen una protecci\u00f3n \u00f3ptima y eficiente para aplicaciones de bajo voltaje en sistemas de distribuci\u00f3n de energ\u00eda. La ventaja de la serie BZM es su uso sencillo: el sistema de disparo t\u00e9rmico y magn\u00e9tico para la protecci\u00f3n contra sobrecorriente y cortocircuitos de su sistema ya viene configurado de f\u00e1brica. Adem\u00e1s de un manejo sencillo del producto y sus accesorios, la oferta BZM de Eaton proporciona una atractiva variedad de productos.<br \/>\nNumero de polos: 3.<br \/>\nClasificacion de amperaje: 100A.<br \/>\nVoltaje: 415V &#8211; 415V.<br \/>\nTipo de conexion electrica del circuito principal: Abrazadera de marco.<br \/>\nGrado de proteccion: IP20.<\/p>\n","protected":false},"featured_media":26030,"comment_status":"open","ping_status":"closed","template":"","meta":{"_monsterinsights_skip_tracking":false,"_monsterinsights_sitenote_active":false,"_monsterinsights_sitenote_note":"","_monsterinsights_sitenote_category":0},"product_brand":[],"product_cat":[150],"product_tag":[61],"class_list":{"0":"post-26029","1":"product","2":"type-product","3":"status-publish","4":"has-post-thumbnail","6":"product_cat-d-proteccion","7":"product_tag-eaton-moeller","9":"first","10":"outofstock","11":"shipping-taxable","12":"purchasable","13":"product-type-simple"},"yoast_head":"<!-- This site is optimized with the Yoast SEO plugin v25.3.1 - https:\/\/yoast.com\/wordpress\/plugins\/seo\/ -->\n<title>INTERRUPTOR COMPACTO EN CAJA MOLDEADA BZME1-A100-BT 3X18KA - 100A - Tienda Rigelec<\/title>\n<meta name=\"robots\" content=\"index, follow, max-snippet:-1, max-image-preview:large, max-video-preview:-1\" \/>\n<link rel=\"canonical\" href=\"https:\/\/tienda.rigelec.com.ar\/?product=interruptor-compacto-en-caja-moldeada-bzme1-a100-bt-3x18ka-100a\" \/>\n<meta property=\"og:locale\" content=\"es_ES\" \/>\n<meta property=\"og:type\" content=\"article\" \/>\n<meta property=\"og:title\" content=\"INTERRUPTOR COMPACTO EN CAJA MOLDEADA BZME1-A100-BT 3X18KA - 100A - Tienda Rigelec\" \/>\n<meta property=\"og:description\" content=\"Los disyuntores de caja moldeada BZM de Eaton ofrecen una protecci\u00f3n \u00f3ptima y eficiente para aplicaciones de bajo voltaje en sistemas de distribuci\u00f3n de energ\u00eda. La ventaja de la serie BZM es su uso sencillo: el sistema de disparo t\u00e9rmico y magn\u00e9tico para la protecci\u00f3n contra sobrecorriente y cortocircuitos de su sistema ya viene configurado de f\u00e1brica. Adem\u00e1s de un manejo sencillo del producto y sus accesorios, la oferta BZM de Eaton proporciona una atractiva variedad de productos. Numero de polos: 3. Clasificacion de amperaje: 100A. Voltaje: 415V - 415V. Tipo de conexion electrica del circuito principal: Abrazadera de marco. Grado de proteccion: IP20.\" \/>\n<meta property=\"og:url\" content=\"https:\/\/tienda.rigelec.com.ar\/?product=interruptor-compacto-en-caja-moldeada-bzme1-a100-bt-3x18ka-100a\" \/>\n<meta property=\"og:site_name\" content=\"Tienda Rigelec\" \/>\n<meta property=\"article:modified_time\" content=\"2026-05-06T01:20:00+00:00\" \/>\n<meta property=\"og:image\" content=\"https:\/\/tienda.rigelec.com.ar\/wp-content\/uploads\/2024\/12\/INTERRUPTORCOMPACTOENCAJAMOLDEADA-29.jpg\" \/>\n\t<meta property=\"og:image:width\" content=\"965\" \/>\n\t<meta property=\"og:image:height\" content=\"957\" \/>\n\t<meta property=\"og:image:type\" content=\"image\/jpeg\" \/>\n<meta name=\"twitter:card\" content=\"summary_large_image\" \/>\n<script type=\"application\/ld+json\" class=\"yoast-schema-graph\">{\"@context\":\"https:\/\/schema.org\",\"@graph\":[{\"@type\":\"WebPage\",\"@id\":\"https:\/\/tienda.rigelec.com.ar\/?product=interruptor-compacto-en-caja-moldeada-bzme1-a100-bt-3x18ka-100a\",\"url\":\"https:\/\/tienda.rigelec.com.ar\/?product=interruptor-compacto-en-caja-moldeada-bzme1-a100-bt-3x18ka-100a\",\"name\":\"INTERRUPTOR COMPACTO EN CAJA MOLDEADA BZME1-A100-BT 3X18KA - 100A - Tienda Rigelec\",\"isPartOf\":{\"@id\":\"https:\/\/tienda.rigelec.com.ar\/#website\"},\"primaryImageOfPage\":{\"@id\":\"https:\/\/tienda.rigelec.com.ar\/?product=interruptor-compacto-en-caja-moldeada-bzme1-a100-bt-3x18ka-100a#primaryimage\"},\"image\":{\"@id\":\"https:\/\/tienda.rigelec.com.ar\/?product=interruptor-compacto-en-caja-moldeada-bzme1-a100-bt-3x18ka-100a#primaryimage\"},\"thumbnailUrl\":\"https:\/\/tienda.rigelec.com.ar\/wp-content\/uploads\/2024\/12\/INTERRUPTORCOMPACTOENCAJAMOLDEADA-29.jpg\",\"datePublished\":\"2024-12-19T20:18:22+00:00\",\"dateModified\":\"2026-05-06T01:20:00+00:00\",\"breadcrumb\":{\"@id\":\"https:\/\/tienda.rigelec.com.ar\/?product=interruptor-compacto-en-caja-moldeada-bzme1-a100-bt-3x18ka-100a#breadcrumb\"},\"inLanguage\":\"es-AR\",\"potentialAction\":[{\"@type\":\"ReadAction\",\"target\":[\"https:\/\/tienda.rigelec.com.ar\/?product=interruptor-compacto-en-caja-moldeada-bzme1-a100-bt-3x18ka-100a\"]}]},{\"@type\":\"ImageObject\",\"inLanguage\":\"es-AR\",\"@id\":\"https:\/\/tienda.rigelec.com.ar\/?product=interruptor-compacto-en-caja-moldeada-bzme1-a100-bt-3x18ka-100a#primaryimage\",\"url\":\"https:\/\/tienda.rigelec.com.ar\/wp-content\/uploads\/2024\/12\/INTERRUPTORCOMPACTOENCAJAMOLDEADA-29.jpg\",\"contentUrl\":\"https:\/\/tienda.rigelec.com.ar\/wp-content\/uploads\/2024\/12\/INTERRUPTORCOMPACTOENCAJAMOLDEADA-29.jpg\",\"width\":965,\"height\":957},{\"@type\":\"BreadcrumbList\",\"@id\":\"https:\/\/tienda.rigelec.com.ar\/?product=interruptor-compacto-en-caja-moldeada-bzme1-a100-bt-3x18ka-100a#breadcrumb\",\"itemListElement\":[{\"@type\":\"ListItem\",\"position\":1,\"name\":\"Inicio\",\"item\":\"https:\/\/tienda.rigelec.com.ar\/\"},{\"@type\":\"ListItem\",\"position\":2,\"name\":\"Shop\",\"item\":\"https:\/\/tienda.rigelec.com.ar\/?page_id=12\"},{\"@type\":\"ListItem\",\"position\":3,\"name\":\"INTERRUPTOR COMPACTO EN CAJA MOLDEADA BZME1-A100-BT 3X18KA &#8211; 100A\"}]},{\"@type\":\"WebSite\",\"@id\":\"https:\/\/tienda.rigelec.com.ar\/#website\",\"url\":\"https:\/\/tienda.rigelec.com.ar\/\",\"name\":\"Tienda Rigelec\",\"description\":\"Energia en movimiento\",\"publisher\":{\"@id\":\"https:\/\/tienda.rigelec.com.ar\/#organization\"},\"potentialAction\":[{\"@type\":\"SearchAction\",\"target\":{\"@type\":\"EntryPoint\",\"urlTemplate\":\"https:\/\/tienda.rigelec.com.ar\/?s={search_term_string}\"},\"query-input\":{\"@type\":\"PropertyValueSpecification\",\"valueRequired\":true,\"valueName\":\"search_term_string\"}}],\"inLanguage\":\"es-AR\"},{\"@type\":\"Organization\",\"@id\":\"https:\/\/tienda.rigelec.com.ar\/#organization\",\"name\":\"Tienda Rigelec\",\"url\":\"https:\/\/tienda.rigelec.com.ar\/\",\"logo\":{\"@type\":\"ImageObject\",\"inLanguage\":\"es-AR\",\"@id\":\"https:\/\/tienda.rigelec.com.ar\/#\/schema\/logo\/image\/\",\"url\":\"https:\/\/tienda.rigelec.com.ar\/wp-content\/uploads\/2024\/09\/isologo-blanco-rigelec.png\",\"contentUrl\":\"https:\/\/tienda.rigelec.com.ar\/wp-content\/uploads\/2024\/09\/isologo-blanco-rigelec.png\",\"width\":94,\"height\":97,\"caption\":\"Tienda Rigelec\"},\"image\":{\"@id\":\"https:\/\/tienda.rigelec.com.ar\/#\/schema\/logo\/image\/\"}}]}<\/script>\n<!-- \/ Yoast SEO plugin. -->","yoast_head_json":{"title":"INTERRUPTOR COMPACTO EN CAJA MOLDEADA BZME1-A100-BT 3X18KA - 100A - Tienda Rigelec","robots":{"index":"index","follow":"follow","max-snippet":"max-snippet:-1","max-image-preview":"max-image-preview:large","max-video-preview":"max-video-preview:-1"},"canonical":"https:\/\/tienda.rigelec.com.ar\/?product=interruptor-compacto-en-caja-moldeada-bzme1-a100-bt-3x18ka-100a","og_locale":"es_ES","og_type":"article","og_title":"INTERRUPTOR COMPACTO EN CAJA MOLDEADA BZME1-A100-BT 3X18KA - 100A - Tienda Rigelec","og_description":"Los disyuntores de caja moldeada BZM de Eaton ofrecen una protecci\u00f3n \u00f3ptima y eficiente para aplicaciones de bajo voltaje en sistemas de distribuci\u00f3n de energ\u00eda. La ventaja de la serie BZM es su uso sencillo: el sistema de disparo t\u00e9rmico y magn\u00e9tico para la protecci\u00f3n contra sobrecorriente y cortocircuitos de su sistema ya viene configurado de f\u00e1brica. Adem\u00e1s de un manejo sencillo del producto y sus accesorios, la oferta BZM de Eaton proporciona una atractiva variedad de productos. Numero de polos: 3. Clasificacion de amperaje: 100A. Voltaje: 415V - 415V. Tipo de conexion electrica del circuito principal: Abrazadera de marco. Grado de proteccion: IP20.","og_url":"https:\/\/tienda.rigelec.com.ar\/?product=interruptor-compacto-en-caja-moldeada-bzme1-a100-bt-3x18ka-100a","og_site_name":"Tienda Rigelec","article_modified_time":"2026-05-06T01:20:00+00:00","og_image":[{"width":965,"height":957,"url":"https:\/\/tienda.rigelec.com.ar\/wp-content\/uploads\/2024\/12\/INTERRUPTORCOMPACTOENCAJAMOLDEADA-29.jpg","type":"image\/jpeg"}],"twitter_card":"summary_large_image","schema":{"@context":"https:\/\/schema.org","@graph":[{"@type":"WebPage","@id":"https:\/\/tienda.rigelec.com.ar\/?product=interruptor-compacto-en-caja-moldeada-bzme1-a100-bt-3x18ka-100a","url":"https:\/\/tienda.rigelec.com.ar\/?product=interruptor-compacto-en-caja-moldeada-bzme1-a100-bt-3x18ka-100a","name":"INTERRUPTOR COMPACTO EN CAJA MOLDEADA BZME1-A100-BT 3X18KA - 100A - Tienda Rigelec","isPartOf":{"@id":"https:\/\/tienda.rigelec.com.ar\/#website"},"primaryImageOfPage":{"@id":"https:\/\/tienda.rigelec.com.ar\/?product=interruptor-compacto-en-caja-moldeada-bzme1-a100-bt-3x18ka-100a#primaryimage"},"image":{"@id":"https:\/\/tienda.rigelec.com.ar\/?product=interruptor-compacto-en-caja-moldeada-bzme1-a100-bt-3x18ka-100a#primaryimage"},"thumbnailUrl":"https:\/\/tienda.rigelec.com.ar\/wp-content\/uploads\/2024\/12\/INTERRUPTORCOMPACTOENCAJAMOLDEADA-29.jpg","datePublished":"2024-12-19T20:18:22+00:00","dateModified":"2026-05-06T01:20:00+00:00","breadcrumb":{"@id":"https:\/\/tienda.rigelec.com.ar\/?product=interruptor-compacto-en-caja-moldeada-bzme1-a100-bt-3x18ka-100a#breadcrumb"},"inLanguage":"es-AR","potentialAction":[{"@type":"ReadAction","target":["https:\/\/tienda.rigelec.com.ar\/?product=interruptor-compacto-en-caja-moldeada-bzme1-a100-bt-3x18ka-100a"]}]},{"@type":"ImageObject","inLanguage":"es-AR","@id":"https:\/\/tienda.rigelec.com.ar\/?product=interruptor-compacto-en-caja-moldeada-bzme1-a100-bt-3x18ka-100a#primaryimage","url":"https:\/\/tienda.rigelec.com.ar\/wp-content\/uploads\/2024\/12\/INTERRUPTORCOMPACTOENCAJAMOLDEADA-29.jpg","contentUrl":"https:\/\/tienda.rigelec.com.ar\/wp-content\/uploads\/2024\/12\/INTERRUPTORCOMPACTOENCAJAMOLDEADA-29.jpg","width":965,"height":957},{"@type":"BreadcrumbList","@id":"https:\/\/tienda.rigelec.com.ar\/?product=interruptor-compacto-en-caja-moldeada-bzme1-a100-bt-3x18ka-100a#breadcrumb","itemListElement":[{"@type":"ListItem","position":1,"name":"Inicio","item":"https:\/\/tienda.rigelec.com.ar\/"},{"@type":"ListItem","position":2,"name":"Shop","item":"https:\/\/tienda.rigelec.com.ar\/?page_id=12"},{"@type":"ListItem","position":3,"name":"INTERRUPTOR COMPACTO EN CAJA MOLDEADA BZME1-A100-BT 3X18KA &#8211; 100A"}]},{"@type":"WebSite","@id":"https:\/\/tienda.rigelec.com.ar\/#website","url":"https:\/\/tienda.rigelec.com.ar\/","name":"Tienda Rigelec","description":"Energia en movimiento","publisher":{"@id":"https:\/\/tienda.rigelec.com.ar\/#organization"},"potentialAction":[{"@type":"SearchAction","target":{"@type":"EntryPoint","urlTemplate":"https:\/\/tienda.rigelec.com.ar\/?s={search_term_string}"},"query-input":{"@type":"PropertyValueSpecification","valueRequired":true,"valueName":"search_term_string"}}],"inLanguage":"es-AR"},{"@type":"Organization","@id":"https:\/\/tienda.rigelec.com.ar\/#organization","name":"Tienda Rigelec","url":"https:\/\/tienda.rigelec.com.ar\/","logo":{"@type":"ImageObject","inLanguage":"es-AR","@id":"https:\/\/tienda.rigelec.com.ar\/#\/schema\/logo\/image\/","url":"https:\/\/tienda.rigelec.com.ar\/wp-content\/uploads\/2024\/09\/isologo-blanco-rigelec.png","contentUrl":"https:\/\/tienda.rigelec.com.ar\/wp-content\/uploads\/2024\/09\/isologo-blanco-rigelec.png","width":94,"height":97,"caption":"Tienda Rigelec"},"image":{"@id":"https:\/\/tienda.rigelec.com.ar\/#\/schema\/logo\/image\/"}}]}},"jetpack_sharing_enabled":true,"_links":{"self":[{"href":"https:\/\/tienda.rigelec.com.ar\/index.php?rest_route=\/wp\/v2\/product\/26029","targetHints":{"allow":["GET"]}}],"collection":[{"href":"https:\/\/tienda.rigelec.com.ar\/index.php?rest_route=\/wp\/v2\/product"}],"about":[{"href":"https:\/\/tienda.rigelec.com.ar\/index.php?rest_route=\/wp\/v2\/types\/product"}],"replies":[{"embeddable":true,"href":"https:\/\/tienda.rigelec.com.ar\/index.php?rest_route=%2Fwp%2Fv2%2Fcomments&post=26029"}],"wp:featuredmedia":[{"embeddable":true,"href":"https:\/\/tienda.rigelec.com.ar\/index.php?rest_route=\/wp\/v2\/media\/26030"}],"wp:attachment":[{"href":"https:\/\/tienda.rigelec.com.ar\/index.php?rest_route=%2Fwp%2Fv2%2Fmedia&parent=26029"}],"wp:term":[{"taxonomy":"product_brand","embeddable":true,"href":"https:\/\/tienda.rigelec.com.ar\/index.php?rest_route=%2Fwp%2Fv2%2Fproduct_brand&post=26029"},{"taxonomy":"product_cat","embeddable":true,"href":"https:\/\/tienda.rigelec.com.ar\/index.php?rest_route=%2Fwp%2Fv2%2Fproduct_cat&post=26029"},{"taxonomy":"product_tag","embeddable":true,"href":"https:\/\/tienda.rigelec.com.ar\/index.php?rest_route=%2Fwp%2Fv2%2Fproduct_tag&post=26029"}],"curies":[{"name":"wp","href":"https:\/\/api.w.org\/{rel}","templated":true}]}}