{"id":26037,"date":"2024-12-19T17:19:17","date_gmt":"2024-12-19T20:19:17","guid":{"rendered":"https:\/\/tienda.test.rigelec.com.ar\/?product=descargador-de-sobretension-unipolar-clase-ii-20ka-275v"},"modified":"2026-04-30T19:50:04","modified_gmt":"2026-04-30T22:50:04","slug":"descargador-de-sobretension-unipolar-clase-ii-20ka-275v","status":"publish","type":"product","link":"https:\/\/tienda.rigelec.com.ar\/?product=descargador-de-sobretension-unipolar-clase-ii-20ka-275v","title":{"rendered":"DESCARGADOR DE SOBRETENSION UNIPOLAR CLASE II 20KA &#8211; 275V"},"content":{"rendered":"<p>DESCARGADOR DE SOBRETENSION UNIPOLAR<\/p>\n","protected":false},"excerpt":{"rendered":"<p>El DPS es utilizado en la protecci\u00f3n de equipos conectados a la red de alimentaci\u00f3n el\u00e9ctrica, contra sobretensiones el\u00e9ctricas provocadas por descargas atmosf\u00e9ricas y\/o en maniobras en el sistema el\u00e9ctrico. Es posible montarlos en tableros de distribuci\u00f3n, ya que su dise\u00f1o est\u00e1 adaptado para encajar en riel DIN. Este dispositivo puede actuar en las clases II y III, posee un tiempo de respuesta de ? 20ns y cuenta con un fusible t\u00e9rmico de corriente menor que la de la protecci\u00f3n de entrada (interruptor\/fusible) a fin de desconectar el producto impidiendo al usuario de usar la fase desprotegida.<\/p>\n","protected":false},"featured_media":26038,"comment_status":"open","ping_status":"closed","template":"","meta":{"_monsterinsights_skip_tracking":false,"_monsterinsights_sitenote_active":false,"_monsterinsights_sitenote_note":"","_monsterinsights_sitenote_category":0},"product_brand":[],"product_cat":[327],"product_tag":[137],"class_list":{"0":"post-26037","1":"product","2":"type-product","3":"status-publish","4":"has-post-thumbnail","6":"product_cat-c-descargadores","7":"product_tag-steck","9":"first","10":"outofstock","11":"shipping-taxable","12":"purchasable","13":"product-type-simple"},"yoast_head":"<!-- This site is optimized with the Yoast SEO plugin v25.3.1 - https:\/\/yoast.com\/wordpress\/plugins\/seo\/ -->\n<title>DESCARGADOR DE SOBRETENSION UNIPOLAR CLASE II 20KA - 275V - Tienda Rigelec<\/title>\n<meta name=\"robots\" content=\"index, follow, max-snippet:-1, max-image-preview:large, max-video-preview:-1\" \/>\n<link rel=\"canonical\" href=\"https:\/\/tienda.rigelec.com.ar\/?product=descargador-de-sobretension-unipolar-clase-ii-20ka-275v\" \/>\n<meta property=\"og:locale\" content=\"es_ES\" \/>\n<meta property=\"og:type\" content=\"article\" \/>\n<meta property=\"og:title\" content=\"DESCARGADOR DE SOBRETENSION UNIPOLAR CLASE II 20KA - 275V - Tienda Rigelec\" \/>\n<meta property=\"og:description\" content=\"El DPS es utilizado en la protecci\u00f3n de equipos conectados a la red de alimentaci\u00f3n el\u00e9ctrica, contra sobretensiones el\u00e9ctricas provocadas por descargas atmosf\u00e9ricas y\/o en maniobras en el sistema el\u00e9ctrico. Es posible montarlos en tableros de distribuci\u00f3n, ya que su dise\u00f1o est\u00e1 adaptado para encajar en riel DIN. Este dispositivo puede actuar en las clases II y III, posee un tiempo de respuesta de ? 20ns y cuenta con un fusible t\u00e9rmico de corriente menor que la de la protecci\u00f3n de entrada (interruptor\/fusible) a fin de desconectar el producto impidiendo al usuario de usar la fase desprotegida.\" \/>\n<meta property=\"og:url\" content=\"https:\/\/tienda.rigelec.com.ar\/?product=descargador-de-sobretension-unipolar-clase-ii-20ka-275v\" \/>\n<meta property=\"og:site_name\" content=\"Tienda Rigelec\" \/>\n<meta property=\"article:modified_time\" content=\"2026-04-30T22:50:04+00:00\" \/>\n<meta property=\"og:image\" content=\"https:\/\/tienda.rigelec.com.ar\/wp-content\/uploads\/2024\/12\/DESCARGADORDESOBRETENSIONUNIPOLAR-1.jpg\" \/>\n\t<meta property=\"og:image:width\" content=\"1080\" \/>\n\t<meta property=\"og:image:height\" content=\"952\" \/>\n\t<meta property=\"og:image:type\" content=\"image\/jpeg\" \/>\n<meta name=\"twitter:card\" content=\"summary_large_image\" \/>\n<script type=\"application\/ld+json\" class=\"yoast-schema-graph\">{\"@context\":\"https:\/\/schema.org\",\"@graph\":[{\"@type\":\"WebPage\",\"@id\":\"https:\/\/tienda.rigelec.com.ar\/?product=descargador-de-sobretension-unipolar-clase-ii-20ka-275v\",\"url\":\"https:\/\/tienda.rigelec.com.ar\/?product=descargador-de-sobretension-unipolar-clase-ii-20ka-275v\",\"name\":\"DESCARGADOR DE SOBRETENSION UNIPOLAR CLASE II 20KA - 275V - Tienda Rigelec\",\"isPartOf\":{\"@id\":\"https:\/\/tienda.rigelec.com.ar\/#website\"},\"primaryImageOfPage\":{\"@id\":\"https:\/\/tienda.rigelec.com.ar\/?product=descargador-de-sobretension-unipolar-clase-ii-20ka-275v#primaryimage\"},\"image\":{\"@id\":\"https:\/\/tienda.rigelec.com.ar\/?product=descargador-de-sobretension-unipolar-clase-ii-20ka-275v#primaryimage\"},\"thumbnailUrl\":\"https:\/\/tienda.rigelec.com.ar\/wp-content\/uploads\/2024\/12\/DESCARGADORDESOBRETENSIONUNIPOLAR-1.jpg\",\"datePublished\":\"2024-12-19T20:19:17+00:00\",\"dateModified\":\"2026-04-30T22:50:04+00:00\",\"breadcrumb\":{\"@id\":\"https:\/\/tienda.rigelec.com.ar\/?product=descargador-de-sobretension-unipolar-clase-ii-20ka-275v#breadcrumb\"},\"inLanguage\":\"es-AR\",\"potentialAction\":[{\"@type\":\"ReadAction\",\"target\":[\"https:\/\/tienda.rigelec.com.ar\/?product=descargador-de-sobretension-unipolar-clase-ii-20ka-275v\"]}]},{\"@type\":\"ImageObject\",\"inLanguage\":\"es-AR\",\"@id\":\"https:\/\/tienda.rigelec.com.ar\/?product=descargador-de-sobretension-unipolar-clase-ii-20ka-275v#primaryimage\",\"url\":\"https:\/\/tienda.rigelec.com.ar\/wp-content\/uploads\/2024\/12\/DESCARGADORDESOBRETENSIONUNIPOLAR-1.jpg\",\"contentUrl\":\"https:\/\/tienda.rigelec.com.ar\/wp-content\/uploads\/2024\/12\/DESCARGADORDESOBRETENSIONUNIPOLAR-1.jpg\",\"width\":1080,\"height\":952},{\"@type\":\"BreadcrumbList\",\"@id\":\"https:\/\/tienda.rigelec.com.ar\/?product=descargador-de-sobretension-unipolar-clase-ii-20ka-275v#breadcrumb\",\"itemListElement\":[{\"@type\":\"ListItem\",\"position\":1,\"name\":\"Inicio\",\"item\":\"https:\/\/tienda.rigelec.com.ar\/\"},{\"@type\":\"ListItem\",\"position\":2,\"name\":\"Shop\",\"item\":\"https:\/\/tienda.rigelec.com.ar\/?page_id=12\"},{\"@type\":\"ListItem\",\"position\":3,\"name\":\"DESCARGADOR DE SOBRETENSION UNIPOLAR CLASE II 20KA &#8211; 275V\"}]},{\"@type\":\"WebSite\",\"@id\":\"https:\/\/tienda.rigelec.com.ar\/#website\",\"url\":\"https:\/\/tienda.rigelec.com.ar\/\",\"name\":\"Tienda Rigelec\",\"description\":\"Energia en movimiento\",\"publisher\":{\"@id\":\"https:\/\/tienda.rigelec.com.ar\/#organization\"},\"potentialAction\":[{\"@type\":\"SearchAction\",\"target\":{\"@type\":\"EntryPoint\",\"urlTemplate\":\"https:\/\/tienda.rigelec.com.ar\/?s={search_term_string}\"},\"query-input\":{\"@type\":\"PropertyValueSpecification\",\"valueRequired\":true,\"valueName\":\"search_term_string\"}}],\"inLanguage\":\"es-AR\"},{\"@type\":\"Organization\",\"@id\":\"https:\/\/tienda.rigelec.com.ar\/#organization\",\"name\":\"Tienda Rigelec\",\"url\":\"https:\/\/tienda.rigelec.com.ar\/\",\"logo\":{\"@type\":\"ImageObject\",\"inLanguage\":\"es-AR\",\"@id\":\"https:\/\/tienda.rigelec.com.ar\/#\/schema\/logo\/image\/\",\"url\":\"https:\/\/tienda.rigelec.com.ar\/wp-content\/uploads\/2024\/09\/isologo-blanco-rigelec.png\",\"contentUrl\":\"https:\/\/tienda.rigelec.com.ar\/wp-content\/uploads\/2024\/09\/isologo-blanco-rigelec.png\",\"width\":94,\"height\":97,\"caption\":\"Tienda Rigelec\"},\"image\":{\"@id\":\"https:\/\/tienda.rigelec.com.ar\/#\/schema\/logo\/image\/\"}}]}<\/script>\n<!-- \/ Yoast SEO plugin. -->","yoast_head_json":{"title":"DESCARGADOR DE SOBRETENSION UNIPOLAR CLASE II 20KA - 275V - Tienda Rigelec","robots":{"index":"index","follow":"follow","max-snippet":"max-snippet:-1","max-image-preview":"max-image-preview:large","max-video-preview":"max-video-preview:-1"},"canonical":"https:\/\/tienda.rigelec.com.ar\/?product=descargador-de-sobretension-unipolar-clase-ii-20ka-275v","og_locale":"es_ES","og_type":"article","og_title":"DESCARGADOR DE SOBRETENSION UNIPOLAR CLASE II 20KA - 275V - Tienda Rigelec","og_description":"El DPS es utilizado en la protecci\u00f3n de equipos conectados a la red de alimentaci\u00f3n el\u00e9ctrica, contra sobretensiones el\u00e9ctricas provocadas por descargas atmosf\u00e9ricas y\/o en maniobras en el sistema el\u00e9ctrico. Es posible montarlos en tableros de distribuci\u00f3n, ya que su dise\u00f1o est\u00e1 adaptado para encajar en riel DIN. Este dispositivo puede actuar en las clases II y III, posee un tiempo de respuesta de ? 20ns y cuenta con un fusible t\u00e9rmico de corriente menor que la de la protecci\u00f3n de entrada (interruptor\/fusible) a fin de desconectar el producto impidiendo al usuario de usar la fase desprotegida.","og_url":"https:\/\/tienda.rigelec.com.ar\/?product=descargador-de-sobretension-unipolar-clase-ii-20ka-275v","og_site_name":"Tienda Rigelec","article_modified_time":"2026-04-30T22:50:04+00:00","og_image":[{"width":1080,"height":952,"url":"https:\/\/tienda.rigelec.com.ar\/wp-content\/uploads\/2024\/12\/DESCARGADORDESOBRETENSIONUNIPOLAR-1.jpg","type":"image\/jpeg"}],"twitter_card":"summary_large_image","schema":{"@context":"https:\/\/schema.org","@graph":[{"@type":"WebPage","@id":"https:\/\/tienda.rigelec.com.ar\/?product=descargador-de-sobretension-unipolar-clase-ii-20ka-275v","url":"https:\/\/tienda.rigelec.com.ar\/?product=descargador-de-sobretension-unipolar-clase-ii-20ka-275v","name":"DESCARGADOR DE SOBRETENSION UNIPOLAR CLASE II 20KA - 275V - Tienda Rigelec","isPartOf":{"@id":"https:\/\/tienda.rigelec.com.ar\/#website"},"primaryImageOfPage":{"@id":"https:\/\/tienda.rigelec.com.ar\/?product=descargador-de-sobretension-unipolar-clase-ii-20ka-275v#primaryimage"},"image":{"@id":"https:\/\/tienda.rigelec.com.ar\/?product=descargador-de-sobretension-unipolar-clase-ii-20ka-275v#primaryimage"},"thumbnailUrl":"https:\/\/tienda.rigelec.com.ar\/wp-content\/uploads\/2024\/12\/DESCARGADORDESOBRETENSIONUNIPOLAR-1.jpg","datePublished":"2024-12-19T20:19:17+00:00","dateModified":"2026-04-30T22:50:04+00:00","breadcrumb":{"@id":"https:\/\/tienda.rigelec.com.ar\/?product=descargador-de-sobretension-unipolar-clase-ii-20ka-275v#breadcrumb"},"inLanguage":"es-AR","potentialAction":[{"@type":"ReadAction","target":["https:\/\/tienda.rigelec.com.ar\/?product=descargador-de-sobretension-unipolar-clase-ii-20ka-275v"]}]},{"@type":"ImageObject","inLanguage":"es-AR","@id":"https:\/\/tienda.rigelec.com.ar\/?product=descargador-de-sobretension-unipolar-clase-ii-20ka-275v#primaryimage","url":"https:\/\/tienda.rigelec.com.ar\/wp-content\/uploads\/2024\/12\/DESCARGADORDESOBRETENSIONUNIPOLAR-1.jpg","contentUrl":"https:\/\/tienda.rigelec.com.ar\/wp-content\/uploads\/2024\/12\/DESCARGADORDESOBRETENSIONUNIPOLAR-1.jpg","width":1080,"height":952},{"@type":"BreadcrumbList","@id":"https:\/\/tienda.rigelec.com.ar\/?product=descargador-de-sobretension-unipolar-clase-ii-20ka-275v#breadcrumb","itemListElement":[{"@type":"ListItem","position":1,"name":"Inicio","item":"https:\/\/tienda.rigelec.com.ar\/"},{"@type":"ListItem","position":2,"name":"Shop","item":"https:\/\/tienda.rigelec.com.ar\/?page_id=12"},{"@type":"ListItem","position":3,"name":"DESCARGADOR DE SOBRETENSION UNIPOLAR CLASE II 20KA &#8211; 275V"}]},{"@type":"WebSite","@id":"https:\/\/tienda.rigelec.com.ar\/#website","url":"https:\/\/tienda.rigelec.com.ar\/","name":"Tienda Rigelec","description":"Energia en movimiento","publisher":{"@id":"https:\/\/tienda.rigelec.com.ar\/#organization"},"potentialAction":[{"@type":"SearchAction","target":{"@type":"EntryPoint","urlTemplate":"https:\/\/tienda.rigelec.com.ar\/?s={search_term_string}"},"query-input":{"@type":"PropertyValueSpecification","valueRequired":true,"valueName":"search_term_string"}}],"inLanguage":"es-AR"},{"@type":"Organization","@id":"https:\/\/tienda.rigelec.com.ar\/#organization","name":"Tienda Rigelec","url":"https:\/\/tienda.rigelec.com.ar\/","logo":{"@type":"ImageObject","inLanguage":"es-AR","@id":"https:\/\/tienda.rigelec.com.ar\/#\/schema\/logo\/image\/","url":"https:\/\/tienda.rigelec.com.ar\/wp-content\/uploads\/2024\/09\/isologo-blanco-rigelec.png","contentUrl":"https:\/\/tienda.rigelec.com.ar\/wp-content\/uploads\/2024\/09\/isologo-blanco-rigelec.png","width":94,"height":97,"caption":"Tienda Rigelec"},"image":{"@id":"https:\/\/tienda.rigelec.com.ar\/#\/schema\/logo\/image\/"}}]}},"jetpack_sharing_enabled":true,"_links":{"self":[{"href":"https:\/\/tienda.rigelec.com.ar\/index.php?rest_route=\/wp\/v2\/product\/26037","targetHints":{"allow":["GET"]}}],"collection":[{"href":"https:\/\/tienda.rigelec.com.ar\/index.php?rest_route=\/wp\/v2\/product"}],"about":[{"href":"https:\/\/tienda.rigelec.com.ar\/index.php?rest_route=\/wp\/v2\/types\/product"}],"replies":[{"embeddable":true,"href":"https:\/\/tienda.rigelec.com.ar\/index.php?rest_route=%2Fwp%2Fv2%2Fcomments&post=26037"}],"wp:featuredmedia":[{"embeddable":true,"href":"https:\/\/tienda.rigelec.com.ar\/index.php?rest_route=\/wp\/v2\/media\/26038"}],"wp:attachment":[{"href":"https:\/\/tienda.rigelec.com.ar\/index.php?rest_route=%2Fwp%2Fv2%2Fmedia&parent=26037"}],"wp:term":[{"taxonomy":"product_brand","embeddable":true,"href":"https:\/\/tienda.rigelec.com.ar\/index.php?rest_route=%2Fwp%2Fv2%2Fproduct_brand&post=26037"},{"taxonomy":"product_cat","embeddable":true,"href":"https:\/\/tienda.rigelec.com.ar\/index.php?rest_route=%2Fwp%2Fv2%2Fproduct_cat&post=26037"},{"taxonomy":"product_tag","embeddable":true,"href":"https:\/\/tienda.rigelec.com.ar\/index.php?rest_route=%2Fwp%2Fv2%2Fproduct_tag&post=26037"}],"curies":[{"name":"wp","href":"https:\/\/api.w.org\/{rel}","templated":true}]}}