{"id":26057,"date":"2024-12-19T17:21:06","date_gmt":"2024-12-19T20:21:06","guid":{"rendered":"https:\/\/tienda.test.rigelec.com.ar\/?product=caja-embutir-de-pase-180x320mm"},"modified":"2026-05-04T05:21:17","modified_gmt":"2026-05-04T08:21:17","slug":"caja-embutir-de-pase-180x320mm","status":"publish","type":"product","link":"https:\/\/tienda.rigelec.com.ar\/?product=caja-embutir-de-pase-180x320mm","title":{"rendered":"CAJA EMBUTIR DE PASE  180X320MM"},"content":{"rendered":"<p>CAJA EMBUTIR DE PASE<\/p>\n","protected":false},"excerpt":{"rendered":"<p>Se utilizan para organizar el paso de cableados, desarrolladas para instalarse embutidas en todo tipo de instalacion fija, siendo aptas para la construccion tradicional como en seco.<br \/>\nDise\u00f1ada para facilitar la derivaci\u00f3n tu instalaci\u00f3n embutida, apto para construcci\u00f3n tradicional y en seco.<\/p>\n","protected":false},"featured_media":26058,"comment_status":"open","ping_status":"closed","template":"","meta":{"_monsterinsights_skip_tracking":false,"_monsterinsights_sitenote_active":false,"_monsterinsights_sitenote_note":"","_monsterinsights_sitenote_category":0},"product_brand":[],"product_cat":[295],"product_tag":[66],"class_list":{"0":"post-26057","1":"product","2":"type-product","3":"status-publish","4":"has-post-thumbnail","6":"product_cat-c-cajas","7":"product_tag-genrod","9":"first","10":"instock","11":"shipping-taxable","12":"purchasable","13":"product-type-simple"},"yoast_head":"<!-- This site is optimized with the Yoast SEO plugin v25.3.1 - https:\/\/yoast.com\/wordpress\/plugins\/seo\/ -->\n<title>CAJA EMBUTIR DE PASE 180X320MM - Tienda Rigelec<\/title>\n<meta name=\"robots\" content=\"index, follow, max-snippet:-1, max-image-preview:large, max-video-preview:-1\" \/>\n<link rel=\"canonical\" href=\"https:\/\/tienda.rigelec.com.ar\/?product=caja-embutir-de-pase-180x320mm\" \/>\n<meta property=\"og:locale\" content=\"es_ES\" \/>\n<meta property=\"og:type\" content=\"article\" \/>\n<meta property=\"og:title\" content=\"CAJA EMBUTIR DE PASE 180X320MM - Tienda Rigelec\" \/>\n<meta property=\"og:description\" content=\"Se utilizan para organizar el paso de cableados, desarrolladas para instalarse embutidas en todo tipo de instalacion fija, siendo aptas para la construccion tradicional como en seco. Dise\u00f1ada para facilitar la derivaci\u00f3n tu instalaci\u00f3n embutida, apto para construcci\u00f3n tradicional y en seco.\" \/>\n<meta property=\"og:url\" content=\"https:\/\/tienda.rigelec.com.ar\/?product=caja-embutir-de-pase-180x320mm\" \/>\n<meta property=\"og:site_name\" content=\"Tienda Rigelec\" \/>\n<meta property=\"article:modified_time\" content=\"2026-05-04T08:21:17+00:00\" \/>\n<meta property=\"og:image\" content=\"https:\/\/tienda.rigelec.com.ar\/wp-content\/uploads\/2024\/12\/CAJAEMBUTIRDEPASE-2.jpg\" \/>\n\t<meta property=\"og:image:width\" content=\"1017\" \/>\n\t<meta property=\"og:image:height\" content=\"948\" \/>\n\t<meta property=\"og:image:type\" content=\"image\/jpeg\" \/>\n<meta name=\"twitter:card\" content=\"summary_large_image\" \/>\n<script type=\"application\/ld+json\" class=\"yoast-schema-graph\">{\"@context\":\"https:\/\/schema.org\",\"@graph\":[{\"@type\":\"WebPage\",\"@id\":\"https:\/\/tienda.rigelec.com.ar\/?product=caja-embutir-de-pase-180x320mm\",\"url\":\"https:\/\/tienda.rigelec.com.ar\/?product=caja-embutir-de-pase-180x320mm\",\"name\":\"CAJA EMBUTIR DE PASE 180X320MM - Tienda Rigelec\",\"isPartOf\":{\"@id\":\"https:\/\/tienda.rigelec.com.ar\/#website\"},\"primaryImageOfPage\":{\"@id\":\"https:\/\/tienda.rigelec.com.ar\/?product=caja-embutir-de-pase-180x320mm#primaryimage\"},\"image\":{\"@id\":\"https:\/\/tienda.rigelec.com.ar\/?product=caja-embutir-de-pase-180x320mm#primaryimage\"},\"thumbnailUrl\":\"https:\/\/tienda.rigelec.com.ar\/wp-content\/uploads\/2024\/12\/CAJAEMBUTIRDEPASE-2.jpg\",\"datePublished\":\"2024-12-19T20:21:06+00:00\",\"dateModified\":\"2026-05-04T08:21:17+00:00\",\"breadcrumb\":{\"@id\":\"https:\/\/tienda.rigelec.com.ar\/?product=caja-embutir-de-pase-180x320mm#breadcrumb\"},\"inLanguage\":\"es-AR\",\"potentialAction\":[{\"@type\":\"ReadAction\",\"target\":[\"https:\/\/tienda.rigelec.com.ar\/?product=caja-embutir-de-pase-180x320mm\"]}]},{\"@type\":\"ImageObject\",\"inLanguage\":\"es-AR\",\"@id\":\"https:\/\/tienda.rigelec.com.ar\/?product=caja-embutir-de-pase-180x320mm#primaryimage\",\"url\":\"https:\/\/tienda.rigelec.com.ar\/wp-content\/uploads\/2024\/12\/CAJAEMBUTIRDEPASE-2.jpg\",\"contentUrl\":\"https:\/\/tienda.rigelec.com.ar\/wp-content\/uploads\/2024\/12\/CAJAEMBUTIRDEPASE-2.jpg\",\"width\":1017,\"height\":948},{\"@type\":\"BreadcrumbList\",\"@id\":\"https:\/\/tienda.rigelec.com.ar\/?product=caja-embutir-de-pase-180x320mm#breadcrumb\",\"itemListElement\":[{\"@type\":\"ListItem\",\"position\":1,\"name\":\"Inicio\",\"item\":\"https:\/\/tienda.rigelec.com.ar\/\"},{\"@type\":\"ListItem\",\"position\":2,\"name\":\"Shop\",\"item\":\"https:\/\/tienda.rigelec.com.ar\/?page_id=12\"},{\"@type\":\"ListItem\",\"position\":3,\"name\":\"CAJA EMBUTIR DE PASE 180X320MM\"}]},{\"@type\":\"WebSite\",\"@id\":\"https:\/\/tienda.rigelec.com.ar\/#website\",\"url\":\"https:\/\/tienda.rigelec.com.ar\/\",\"name\":\"Tienda Rigelec\",\"description\":\"Energia en movimiento\",\"publisher\":{\"@id\":\"https:\/\/tienda.rigelec.com.ar\/#organization\"},\"potentialAction\":[{\"@type\":\"SearchAction\",\"target\":{\"@type\":\"EntryPoint\",\"urlTemplate\":\"https:\/\/tienda.rigelec.com.ar\/?s={search_term_string}\"},\"query-input\":{\"@type\":\"PropertyValueSpecification\",\"valueRequired\":true,\"valueName\":\"search_term_string\"}}],\"inLanguage\":\"es-AR\"},{\"@type\":\"Organization\",\"@id\":\"https:\/\/tienda.rigelec.com.ar\/#organization\",\"name\":\"Tienda Rigelec\",\"url\":\"https:\/\/tienda.rigelec.com.ar\/\",\"logo\":{\"@type\":\"ImageObject\",\"inLanguage\":\"es-AR\",\"@id\":\"https:\/\/tienda.rigelec.com.ar\/#\/schema\/logo\/image\/\",\"url\":\"https:\/\/tienda.rigelec.com.ar\/wp-content\/uploads\/2024\/09\/isologo-blanco-rigelec.png\",\"contentUrl\":\"https:\/\/tienda.rigelec.com.ar\/wp-content\/uploads\/2024\/09\/isologo-blanco-rigelec.png\",\"width\":94,\"height\":97,\"caption\":\"Tienda Rigelec\"},\"image\":{\"@id\":\"https:\/\/tienda.rigelec.com.ar\/#\/schema\/logo\/image\/\"}}]}<\/script>\n<!-- \/ Yoast SEO plugin. -->","yoast_head_json":{"title":"CAJA EMBUTIR DE PASE 180X320MM - Tienda Rigelec","robots":{"index":"index","follow":"follow","max-snippet":"max-snippet:-1","max-image-preview":"max-image-preview:large","max-video-preview":"max-video-preview:-1"},"canonical":"https:\/\/tienda.rigelec.com.ar\/?product=caja-embutir-de-pase-180x320mm","og_locale":"es_ES","og_type":"article","og_title":"CAJA EMBUTIR DE PASE 180X320MM - Tienda Rigelec","og_description":"Se utilizan para organizar el paso de cableados, desarrolladas para instalarse embutidas en todo tipo de instalacion fija, siendo aptas para la construccion tradicional como en seco. Dise\u00f1ada para facilitar la derivaci\u00f3n tu instalaci\u00f3n embutida, apto para construcci\u00f3n tradicional y en seco.","og_url":"https:\/\/tienda.rigelec.com.ar\/?product=caja-embutir-de-pase-180x320mm","og_site_name":"Tienda Rigelec","article_modified_time":"2026-05-04T08:21:17+00:00","og_image":[{"width":1017,"height":948,"url":"https:\/\/tienda.rigelec.com.ar\/wp-content\/uploads\/2024\/12\/CAJAEMBUTIRDEPASE-2.jpg","type":"image\/jpeg"}],"twitter_card":"summary_large_image","schema":{"@context":"https:\/\/schema.org","@graph":[{"@type":"WebPage","@id":"https:\/\/tienda.rigelec.com.ar\/?product=caja-embutir-de-pase-180x320mm","url":"https:\/\/tienda.rigelec.com.ar\/?product=caja-embutir-de-pase-180x320mm","name":"CAJA EMBUTIR DE PASE 180X320MM - Tienda Rigelec","isPartOf":{"@id":"https:\/\/tienda.rigelec.com.ar\/#website"},"primaryImageOfPage":{"@id":"https:\/\/tienda.rigelec.com.ar\/?product=caja-embutir-de-pase-180x320mm#primaryimage"},"image":{"@id":"https:\/\/tienda.rigelec.com.ar\/?product=caja-embutir-de-pase-180x320mm#primaryimage"},"thumbnailUrl":"https:\/\/tienda.rigelec.com.ar\/wp-content\/uploads\/2024\/12\/CAJAEMBUTIRDEPASE-2.jpg","datePublished":"2024-12-19T20:21:06+00:00","dateModified":"2026-05-04T08:21:17+00:00","breadcrumb":{"@id":"https:\/\/tienda.rigelec.com.ar\/?product=caja-embutir-de-pase-180x320mm#breadcrumb"},"inLanguage":"es-AR","potentialAction":[{"@type":"ReadAction","target":["https:\/\/tienda.rigelec.com.ar\/?product=caja-embutir-de-pase-180x320mm"]}]},{"@type":"ImageObject","inLanguage":"es-AR","@id":"https:\/\/tienda.rigelec.com.ar\/?product=caja-embutir-de-pase-180x320mm#primaryimage","url":"https:\/\/tienda.rigelec.com.ar\/wp-content\/uploads\/2024\/12\/CAJAEMBUTIRDEPASE-2.jpg","contentUrl":"https:\/\/tienda.rigelec.com.ar\/wp-content\/uploads\/2024\/12\/CAJAEMBUTIRDEPASE-2.jpg","width":1017,"height":948},{"@type":"BreadcrumbList","@id":"https:\/\/tienda.rigelec.com.ar\/?product=caja-embutir-de-pase-180x320mm#breadcrumb","itemListElement":[{"@type":"ListItem","position":1,"name":"Inicio","item":"https:\/\/tienda.rigelec.com.ar\/"},{"@type":"ListItem","position":2,"name":"Shop","item":"https:\/\/tienda.rigelec.com.ar\/?page_id=12"},{"@type":"ListItem","position":3,"name":"CAJA EMBUTIR DE PASE 180X320MM"}]},{"@type":"WebSite","@id":"https:\/\/tienda.rigelec.com.ar\/#website","url":"https:\/\/tienda.rigelec.com.ar\/","name":"Tienda Rigelec","description":"Energia en movimiento","publisher":{"@id":"https:\/\/tienda.rigelec.com.ar\/#organization"},"potentialAction":[{"@type":"SearchAction","target":{"@type":"EntryPoint","urlTemplate":"https:\/\/tienda.rigelec.com.ar\/?s={search_term_string}"},"query-input":{"@type":"PropertyValueSpecification","valueRequired":true,"valueName":"search_term_string"}}],"inLanguage":"es-AR"},{"@type":"Organization","@id":"https:\/\/tienda.rigelec.com.ar\/#organization","name":"Tienda Rigelec","url":"https:\/\/tienda.rigelec.com.ar\/","logo":{"@type":"ImageObject","inLanguage":"es-AR","@id":"https:\/\/tienda.rigelec.com.ar\/#\/schema\/logo\/image\/","url":"https:\/\/tienda.rigelec.com.ar\/wp-content\/uploads\/2024\/09\/isologo-blanco-rigelec.png","contentUrl":"https:\/\/tienda.rigelec.com.ar\/wp-content\/uploads\/2024\/09\/isologo-blanco-rigelec.png","width":94,"height":97,"caption":"Tienda Rigelec"},"image":{"@id":"https:\/\/tienda.rigelec.com.ar\/#\/schema\/logo\/image\/"}}]}},"jetpack_sharing_enabled":true,"_links":{"self":[{"href":"https:\/\/tienda.rigelec.com.ar\/index.php?rest_route=\/wp\/v2\/product\/26057","targetHints":{"allow":["GET"]}}],"collection":[{"href":"https:\/\/tienda.rigelec.com.ar\/index.php?rest_route=\/wp\/v2\/product"}],"about":[{"href":"https:\/\/tienda.rigelec.com.ar\/index.php?rest_route=\/wp\/v2\/types\/product"}],"replies":[{"embeddable":true,"href":"https:\/\/tienda.rigelec.com.ar\/index.php?rest_route=%2Fwp%2Fv2%2Fcomments&post=26057"}],"wp:featuredmedia":[{"embeddable":true,"href":"https:\/\/tienda.rigelec.com.ar\/index.php?rest_route=\/wp\/v2\/media\/26058"}],"wp:attachment":[{"href":"https:\/\/tienda.rigelec.com.ar\/index.php?rest_route=%2Fwp%2Fv2%2Fmedia&parent=26057"}],"wp:term":[{"taxonomy":"product_brand","embeddable":true,"href":"https:\/\/tienda.rigelec.com.ar\/index.php?rest_route=%2Fwp%2Fv2%2Fproduct_brand&post=26057"},{"taxonomy":"product_cat","embeddable":true,"href":"https:\/\/tienda.rigelec.com.ar\/index.php?rest_route=%2Fwp%2Fv2%2Fproduct_cat&post=26057"},{"taxonomy":"product_tag","embeddable":true,"href":"https:\/\/tienda.rigelec.com.ar\/index.php?rest_route=%2Fwp%2Fv2%2Fproduct_tag&post=26057"}],"curies":[{"name":"wp","href":"https:\/\/api.w.org\/{rel}","templated":true}]}}