{"id":26143,"date":"2024-12-19T17:25:39","date_gmt":"2024-12-19T20:25:39","guid":{"rendered":"https:\/\/tienda.test.rigelec.com.ar\/?product=tapa-y-distanciador-gris-con-ribete-bauhaus-90x123x11mm"},"modified":"2026-04-30T19:56:35","modified_gmt":"2026-04-30T22:56:35","slug":"tapa-y-distanciador-gris-con-ribete-bauhaus-90x123x11mm","status":"publish","type":"product","link":"https:\/\/tienda.rigelec.com.ar\/?product=tapa-y-distanciador-gris-con-ribete-bauhaus-90x123x11mm","title":{"rendered":"TAPA Y DISTANCIADOR GRIS CON RIBETE BAUHAUS 90X123X11MM"},"content":{"rendered":"<p>TAPA Y DISTANCIADOR GRIS CON RIBETE<\/p>\n","protected":false},"excerpt":{"rendered":"<p>Tapa l\u00ednea Bauhaus en material policarbonato gris de 4 m\u00f3dulos con ribete fijo.<br \/>\nLlave de luz de dise\u00f1o con formas b\u00e1sicas en su funcionalidad sin que esto impida que se destaque el equilibrio de lo art\u00edstico con lo moderno. Se destaca por generar una distancia entre la pared y la tapa que hace que esta se perciba como si flotara, conocido como Visual float.<\/p>\n","protected":false},"featured_media":26144,"comment_status":"open","ping_status":"closed","template":"","meta":{"_monsterinsights_skip_tracking":false,"_monsterinsights_sitenote_active":false,"_monsterinsights_sitenote_note":"","_monsterinsights_sitenote_category":0},"product_brand":[],"product_cat":[263],"product_tag":[139],"class_list":{"0":"post-26143","1":"product","2":"type-product","3":"status-publish","4":"has-post-thumbnail","6":"product_cat-ii-tapas","7":"product_tag-cambre","9":"first","10":"instock","11":"shipping-taxable","12":"purchasable","13":"product-type-simple"},"yoast_head":"<!-- This site is optimized with the Yoast SEO plugin v25.3.1 - https:\/\/yoast.com\/wordpress\/plugins\/seo\/ -->\n<title>TAPA Y DISTANCIADOR GRIS CON RIBETE BAUHAUS 90X123X11MM - Tienda Rigelec<\/title>\n<meta name=\"robots\" content=\"index, follow, max-snippet:-1, max-image-preview:large, max-video-preview:-1\" \/>\n<link rel=\"canonical\" href=\"https:\/\/tienda.rigelec.com.ar\/?product=tapa-y-distanciador-gris-con-ribete-bauhaus-90x123x11mm\" \/>\n<meta property=\"og:locale\" content=\"es_ES\" \/>\n<meta property=\"og:type\" content=\"article\" \/>\n<meta property=\"og:title\" content=\"TAPA Y DISTANCIADOR GRIS CON RIBETE BAUHAUS 90X123X11MM - Tienda Rigelec\" \/>\n<meta property=\"og:description\" content=\"Tapa l\u00ednea Bauhaus en material policarbonato gris de 4 m\u00f3dulos con ribete fijo. Llave de luz de dise\u00f1o con formas b\u00e1sicas en su funcionalidad sin que esto impida que se destaque el equilibrio de lo art\u00edstico con lo moderno. Se destaca por generar una distancia entre la pared y la tapa que hace que esta se perciba como si flotara, conocido como Visual float.\" \/>\n<meta property=\"og:url\" content=\"https:\/\/tienda.rigelec.com.ar\/?product=tapa-y-distanciador-gris-con-ribete-bauhaus-90x123x11mm\" \/>\n<meta property=\"og:site_name\" content=\"Tienda Rigelec\" \/>\n<meta property=\"article:modified_time\" content=\"2026-04-30T22:56:35+00:00\" \/>\n<meta property=\"og:image\" content=\"https:\/\/tienda.rigelec.com.ar\/wp-content\/uploads\/2024\/12\/TAPAYDISTANCIADORGRISCONRIBETE.jpg\" \/>\n\t<meta property=\"og:image:width\" content=\"800\" \/>\n\t<meta property=\"og:image:height\" content=\"800\" \/>\n\t<meta property=\"og:image:type\" content=\"image\/jpeg\" \/>\n<meta name=\"twitter:card\" content=\"summary_large_image\" \/>\n<script type=\"application\/ld+json\" class=\"yoast-schema-graph\">{\"@context\":\"https:\/\/schema.org\",\"@graph\":[{\"@type\":\"WebPage\",\"@id\":\"https:\/\/tienda.rigelec.com.ar\/?product=tapa-y-distanciador-gris-con-ribete-bauhaus-90x123x11mm\",\"url\":\"https:\/\/tienda.rigelec.com.ar\/?product=tapa-y-distanciador-gris-con-ribete-bauhaus-90x123x11mm\",\"name\":\"TAPA Y DISTANCIADOR GRIS CON RIBETE BAUHAUS 90X123X11MM - Tienda Rigelec\",\"isPartOf\":{\"@id\":\"https:\/\/tienda.rigelec.com.ar\/#website\"},\"primaryImageOfPage\":{\"@id\":\"https:\/\/tienda.rigelec.com.ar\/?product=tapa-y-distanciador-gris-con-ribete-bauhaus-90x123x11mm#primaryimage\"},\"image\":{\"@id\":\"https:\/\/tienda.rigelec.com.ar\/?product=tapa-y-distanciador-gris-con-ribete-bauhaus-90x123x11mm#primaryimage\"},\"thumbnailUrl\":\"https:\/\/tienda.rigelec.com.ar\/wp-content\/uploads\/2024\/12\/TAPAYDISTANCIADORGRISCONRIBETE.jpg\",\"datePublished\":\"2024-12-19T20:25:39+00:00\",\"dateModified\":\"2026-04-30T22:56:35+00:00\",\"breadcrumb\":{\"@id\":\"https:\/\/tienda.rigelec.com.ar\/?product=tapa-y-distanciador-gris-con-ribete-bauhaus-90x123x11mm#breadcrumb\"},\"inLanguage\":\"es-AR\",\"potentialAction\":[{\"@type\":\"ReadAction\",\"target\":[\"https:\/\/tienda.rigelec.com.ar\/?product=tapa-y-distanciador-gris-con-ribete-bauhaus-90x123x11mm\"]}]},{\"@type\":\"ImageObject\",\"inLanguage\":\"es-AR\",\"@id\":\"https:\/\/tienda.rigelec.com.ar\/?product=tapa-y-distanciador-gris-con-ribete-bauhaus-90x123x11mm#primaryimage\",\"url\":\"https:\/\/tienda.rigelec.com.ar\/wp-content\/uploads\/2024\/12\/TAPAYDISTANCIADORGRISCONRIBETE.jpg\",\"contentUrl\":\"https:\/\/tienda.rigelec.com.ar\/wp-content\/uploads\/2024\/12\/TAPAYDISTANCIADORGRISCONRIBETE.jpg\",\"width\":800,\"height\":800},{\"@type\":\"BreadcrumbList\",\"@id\":\"https:\/\/tienda.rigelec.com.ar\/?product=tapa-y-distanciador-gris-con-ribete-bauhaus-90x123x11mm#breadcrumb\",\"itemListElement\":[{\"@type\":\"ListItem\",\"position\":1,\"name\":\"Inicio\",\"item\":\"https:\/\/tienda.rigelec.com.ar\/\"},{\"@type\":\"ListItem\",\"position\":2,\"name\":\"Shop\",\"item\":\"https:\/\/tienda.rigelec.com.ar\/?page_id=12\"},{\"@type\":\"ListItem\",\"position\":3,\"name\":\"TAPA Y DISTANCIADOR GRIS CON RIBETE BAUHAUS 90X123X11MM\"}]},{\"@type\":\"WebSite\",\"@id\":\"https:\/\/tienda.rigelec.com.ar\/#website\",\"url\":\"https:\/\/tienda.rigelec.com.ar\/\",\"name\":\"Tienda Rigelec\",\"description\":\"Energia en movimiento\",\"publisher\":{\"@id\":\"https:\/\/tienda.rigelec.com.ar\/#organization\"},\"potentialAction\":[{\"@type\":\"SearchAction\",\"target\":{\"@type\":\"EntryPoint\",\"urlTemplate\":\"https:\/\/tienda.rigelec.com.ar\/?s={search_term_string}\"},\"query-input\":{\"@type\":\"PropertyValueSpecification\",\"valueRequired\":true,\"valueName\":\"search_term_string\"}}],\"inLanguage\":\"es-AR\"},{\"@type\":\"Organization\",\"@id\":\"https:\/\/tienda.rigelec.com.ar\/#organization\",\"name\":\"Tienda Rigelec\",\"url\":\"https:\/\/tienda.rigelec.com.ar\/\",\"logo\":{\"@type\":\"ImageObject\",\"inLanguage\":\"es-AR\",\"@id\":\"https:\/\/tienda.rigelec.com.ar\/#\/schema\/logo\/image\/\",\"url\":\"https:\/\/tienda.rigelec.com.ar\/wp-content\/uploads\/2024\/09\/isologo-blanco-rigelec.png\",\"contentUrl\":\"https:\/\/tienda.rigelec.com.ar\/wp-content\/uploads\/2024\/09\/isologo-blanco-rigelec.png\",\"width\":94,\"height\":97,\"caption\":\"Tienda Rigelec\"},\"image\":{\"@id\":\"https:\/\/tienda.rigelec.com.ar\/#\/schema\/logo\/image\/\"}}]}<\/script>\n<!-- \/ Yoast SEO plugin. -->","yoast_head_json":{"title":"TAPA Y DISTANCIADOR GRIS CON RIBETE BAUHAUS 90X123X11MM - Tienda Rigelec","robots":{"index":"index","follow":"follow","max-snippet":"max-snippet:-1","max-image-preview":"max-image-preview:large","max-video-preview":"max-video-preview:-1"},"canonical":"https:\/\/tienda.rigelec.com.ar\/?product=tapa-y-distanciador-gris-con-ribete-bauhaus-90x123x11mm","og_locale":"es_ES","og_type":"article","og_title":"TAPA Y DISTANCIADOR GRIS CON RIBETE BAUHAUS 90X123X11MM - Tienda Rigelec","og_description":"Tapa l\u00ednea Bauhaus en material policarbonato gris de 4 m\u00f3dulos con ribete fijo. Llave de luz de dise\u00f1o con formas b\u00e1sicas en su funcionalidad sin que esto impida que se destaque el equilibrio de lo art\u00edstico con lo moderno. Se destaca por generar una distancia entre la pared y la tapa que hace que esta se perciba como si flotara, conocido como Visual float.","og_url":"https:\/\/tienda.rigelec.com.ar\/?product=tapa-y-distanciador-gris-con-ribete-bauhaus-90x123x11mm","og_site_name":"Tienda Rigelec","article_modified_time":"2026-04-30T22:56:35+00:00","og_image":[{"width":800,"height":800,"url":"https:\/\/tienda.rigelec.com.ar\/wp-content\/uploads\/2024\/12\/TAPAYDISTANCIADORGRISCONRIBETE.jpg","type":"image\/jpeg"}],"twitter_card":"summary_large_image","schema":{"@context":"https:\/\/schema.org","@graph":[{"@type":"WebPage","@id":"https:\/\/tienda.rigelec.com.ar\/?product=tapa-y-distanciador-gris-con-ribete-bauhaus-90x123x11mm","url":"https:\/\/tienda.rigelec.com.ar\/?product=tapa-y-distanciador-gris-con-ribete-bauhaus-90x123x11mm","name":"TAPA Y DISTANCIADOR GRIS CON RIBETE BAUHAUS 90X123X11MM - Tienda Rigelec","isPartOf":{"@id":"https:\/\/tienda.rigelec.com.ar\/#website"},"primaryImageOfPage":{"@id":"https:\/\/tienda.rigelec.com.ar\/?product=tapa-y-distanciador-gris-con-ribete-bauhaus-90x123x11mm#primaryimage"},"image":{"@id":"https:\/\/tienda.rigelec.com.ar\/?product=tapa-y-distanciador-gris-con-ribete-bauhaus-90x123x11mm#primaryimage"},"thumbnailUrl":"https:\/\/tienda.rigelec.com.ar\/wp-content\/uploads\/2024\/12\/TAPAYDISTANCIADORGRISCONRIBETE.jpg","datePublished":"2024-12-19T20:25:39+00:00","dateModified":"2026-04-30T22:56:35+00:00","breadcrumb":{"@id":"https:\/\/tienda.rigelec.com.ar\/?product=tapa-y-distanciador-gris-con-ribete-bauhaus-90x123x11mm#breadcrumb"},"inLanguage":"es-AR","potentialAction":[{"@type":"ReadAction","target":["https:\/\/tienda.rigelec.com.ar\/?product=tapa-y-distanciador-gris-con-ribete-bauhaus-90x123x11mm"]}]},{"@type":"ImageObject","inLanguage":"es-AR","@id":"https:\/\/tienda.rigelec.com.ar\/?product=tapa-y-distanciador-gris-con-ribete-bauhaus-90x123x11mm#primaryimage","url":"https:\/\/tienda.rigelec.com.ar\/wp-content\/uploads\/2024\/12\/TAPAYDISTANCIADORGRISCONRIBETE.jpg","contentUrl":"https:\/\/tienda.rigelec.com.ar\/wp-content\/uploads\/2024\/12\/TAPAYDISTANCIADORGRISCONRIBETE.jpg","width":800,"height":800},{"@type":"BreadcrumbList","@id":"https:\/\/tienda.rigelec.com.ar\/?product=tapa-y-distanciador-gris-con-ribete-bauhaus-90x123x11mm#breadcrumb","itemListElement":[{"@type":"ListItem","position":1,"name":"Inicio","item":"https:\/\/tienda.rigelec.com.ar\/"},{"@type":"ListItem","position":2,"name":"Shop","item":"https:\/\/tienda.rigelec.com.ar\/?page_id=12"},{"@type":"ListItem","position":3,"name":"TAPA Y DISTANCIADOR GRIS CON RIBETE BAUHAUS 90X123X11MM"}]},{"@type":"WebSite","@id":"https:\/\/tienda.rigelec.com.ar\/#website","url":"https:\/\/tienda.rigelec.com.ar\/","name":"Tienda Rigelec","description":"Energia en movimiento","publisher":{"@id":"https:\/\/tienda.rigelec.com.ar\/#organization"},"potentialAction":[{"@type":"SearchAction","target":{"@type":"EntryPoint","urlTemplate":"https:\/\/tienda.rigelec.com.ar\/?s={search_term_string}"},"query-input":{"@type":"PropertyValueSpecification","valueRequired":true,"valueName":"search_term_string"}}],"inLanguage":"es-AR"},{"@type":"Organization","@id":"https:\/\/tienda.rigelec.com.ar\/#organization","name":"Tienda Rigelec","url":"https:\/\/tienda.rigelec.com.ar\/","logo":{"@type":"ImageObject","inLanguage":"es-AR","@id":"https:\/\/tienda.rigelec.com.ar\/#\/schema\/logo\/image\/","url":"https:\/\/tienda.rigelec.com.ar\/wp-content\/uploads\/2024\/09\/isologo-blanco-rigelec.png","contentUrl":"https:\/\/tienda.rigelec.com.ar\/wp-content\/uploads\/2024\/09\/isologo-blanco-rigelec.png","width":94,"height":97,"caption":"Tienda Rigelec"},"image":{"@id":"https:\/\/tienda.rigelec.com.ar\/#\/schema\/logo\/image\/"}}]}},"jetpack_sharing_enabled":true,"_links":{"self":[{"href":"https:\/\/tienda.rigelec.com.ar\/index.php?rest_route=\/wp\/v2\/product\/26143","targetHints":{"allow":["GET"]}}],"collection":[{"href":"https:\/\/tienda.rigelec.com.ar\/index.php?rest_route=\/wp\/v2\/product"}],"about":[{"href":"https:\/\/tienda.rigelec.com.ar\/index.php?rest_route=\/wp\/v2\/types\/product"}],"replies":[{"embeddable":true,"href":"https:\/\/tienda.rigelec.com.ar\/index.php?rest_route=%2Fwp%2Fv2%2Fcomments&post=26143"}],"wp:featuredmedia":[{"embeddable":true,"href":"https:\/\/tienda.rigelec.com.ar\/index.php?rest_route=\/wp\/v2\/media\/26144"}],"wp:attachment":[{"href":"https:\/\/tienda.rigelec.com.ar\/index.php?rest_route=%2Fwp%2Fv2%2Fmedia&parent=26143"}],"wp:term":[{"taxonomy":"product_brand","embeddable":true,"href":"https:\/\/tienda.rigelec.com.ar\/index.php?rest_route=%2Fwp%2Fv2%2Fproduct_brand&post=26143"},{"taxonomy":"product_cat","embeddable":true,"href":"https:\/\/tienda.rigelec.com.ar\/index.php?rest_route=%2Fwp%2Fv2%2Fproduct_cat&post=26143"},{"taxonomy":"product_tag","embeddable":true,"href":"https:\/\/tienda.rigelec.com.ar\/index.php?rest_route=%2Fwp%2Fv2%2Fproduct_tag&post=26143"}],"curies":[{"name":"wp","href":"https:\/\/api.w.org\/{rel}","templated":true}]}}