{"id":26357,"date":"2024-12-19T17:42:01","date_gmt":"2024-12-19T20:42:01","guid":{"rendered":"https:\/\/tienda.test.rigelec.com.ar\/?product=modulo-dimmer-luminico-gris-220v"},"modified":"2026-05-04T05:38:37","modified_gmt":"2026-05-04T08:38:37","slug":"modulo-dimmer-luminico-gris-220v","status":"publish","type":"product","link":"https:\/\/tienda.rigelec.com.ar\/?product=modulo-dimmer-luminico-gris-220v","title":{"rendered":"MODULO DIMMER LUMINICO GRIS  220V"},"content":{"rendered":"<p>MODULO DIMMER LUMINICO GRIS<\/p>\n","protected":false},"excerpt":{"rendered":"<p>Permite variar la intensidad luminosa de una \u00f3 m\u00e1s l\u00e1mparas, desde su apagado hasta su m\u00e1xima luminosidad.<br \/>\nPara regular la intensidad simplemente gire la perilla hasta obtener la el valor deseado.<br \/>\nCaracter\u00edsticas t\u00e9cnicas<br \/>\n\u0095 Tensi\u00f3n de alimentaci\u00f3n: 220Vca +\/-10% 50Hz\/60Hz.<br \/>\n\u0095 Potencia de salida m\u00e1xima: 300W para 6938 y 1000w<br \/>\npara el m\u00f3dulo 6940.<br \/>\n\u0095 Potencia de salida m\u00ednima: 25W (l\u00e1mparas incandescentes, dicroicas o hal\u00f3genas).<br \/>\n\u0095 Corriente de salida m\u00e1xima: 1,5A para el m\u00f3dulo 6938 y<br \/>\n4,5A para el m\u00f3dulo 6940.<br \/>\n\u0095 Salida a triac (sin Rel\u00e9).<br \/>\n\u0095 M\u00e9todo de regulaci\u00f3n: por corte de fase.<br \/>\n\u0095 Arranque en posici\u00f3n de m\u00ednima luminosidad.<br \/>\n\u0095 Bornes de alimentaci\u00f3n: 2.<br \/>\n\u0095 Cuerpo de Policarbonato.<br \/>\n\u0095 Uso interior.<br \/>\n\u0095 Dispositivo Clase II.<br \/>\nOcupan 2 modulos.<\/p>\n","protected":false},"featured_media":26358,"comment_status":"open","ping_status":"closed","template":"","meta":{"_monsterinsights_skip_tracking":false,"_monsterinsights_sitenote_active":false,"_monsterinsights_sitenote_note":"","_monsterinsights_sitenote_category":0},"product_brand":[],"product_cat":[385],"product_tag":[139],"class_list":{"0":"post-26357","1":"product","2":"type-product","3":"status-publish","4":"has-post-thumbnail","6":"product_cat-6-electronicos","7":"product_tag-cambre","9":"first","10":"instock","11":"shipping-taxable","12":"purchasable","13":"product-type-simple"},"yoast_head":"<!-- This site is optimized with the Yoast SEO plugin v25.3.1 - https:\/\/yoast.com\/wordpress\/plugins\/seo\/ -->\n<title>MODULO DIMMER LUMINICO GRIS 220V - Tienda Rigelec<\/title>\n<meta name=\"robots\" content=\"index, follow, max-snippet:-1, max-image-preview:large, max-video-preview:-1\" \/>\n<link rel=\"canonical\" href=\"https:\/\/tienda.rigelec.com.ar\/?product=modulo-dimmer-luminico-gris-220v\" \/>\n<meta property=\"og:locale\" content=\"es_ES\" \/>\n<meta property=\"og:type\" content=\"article\" \/>\n<meta property=\"og:title\" content=\"MODULO DIMMER LUMINICO GRIS 220V - Tienda Rigelec\" \/>\n<meta property=\"og:description\" content=\"Permite variar la intensidad luminosa de una \u00f3 m\u00e1s l\u00e1mparas, desde su apagado hasta su m\u00e1xima luminosidad.  Para regular la intensidad simplemente gire la perilla hasta obtener la el valor deseado. Caracter\u00edsticas t\u00e9cnicas \u0095 Tensi\u00f3n de alimentaci\u00f3n: 220Vca +\/-10% 50Hz\/60Hz.  \u0095 Potencia de salida m\u00e1xima: 300W para 6938 y 1000w  para el m\u00f3dulo 6940. \u0095 Potencia de salida m\u00ednima: 25W (l\u00e1mparas incandescentes, dicroicas o hal\u00f3genas). \u0095 Corriente de salida m\u00e1xima: 1,5A para el m\u00f3dulo 6938 y  4,5A para el m\u00f3dulo 6940. \u0095 Salida a triac (sin Rel\u00e9). \u0095 M\u00e9todo de regulaci\u00f3n: por corte de fase. \u0095 Arranque en posici\u00f3n de m\u00ednima luminosidad. \u0095 Bornes de alimentaci\u00f3n: 2. \u0095 Cuerpo de Policarbonato. \u0095 Uso interior. \u0095 Dispositivo Clase II. Ocupan 2 modulos.\" \/>\n<meta property=\"og:url\" content=\"https:\/\/tienda.rigelec.com.ar\/?product=modulo-dimmer-luminico-gris-220v\" \/>\n<meta property=\"og:site_name\" content=\"Tienda Rigelec\" \/>\n<meta property=\"article:modified_time\" content=\"2026-05-04T08:38:37+00:00\" \/>\n<meta property=\"og:image\" content=\"https:\/\/tienda.rigelec.com.ar\/wp-content\/uploads\/2024\/12\/MODULODIMMERLUMINICOGRIS.jpg\" \/>\n\t<meta property=\"og:image:width\" content=\"977\" \/>\n\t<meta property=\"og:image:height\" content=\"949\" \/>\n\t<meta property=\"og:image:type\" content=\"image\/jpeg\" \/>\n<meta name=\"twitter:card\" content=\"summary_large_image\" \/>\n<script type=\"application\/ld+json\" class=\"yoast-schema-graph\">{\"@context\":\"https:\/\/schema.org\",\"@graph\":[{\"@type\":\"WebPage\",\"@id\":\"https:\/\/tienda.rigelec.com.ar\/?product=modulo-dimmer-luminico-gris-220v\",\"url\":\"https:\/\/tienda.rigelec.com.ar\/?product=modulo-dimmer-luminico-gris-220v\",\"name\":\"MODULO DIMMER LUMINICO GRIS 220V - Tienda Rigelec\",\"isPartOf\":{\"@id\":\"https:\/\/tienda.rigelec.com.ar\/#website\"},\"primaryImageOfPage\":{\"@id\":\"https:\/\/tienda.rigelec.com.ar\/?product=modulo-dimmer-luminico-gris-220v#primaryimage\"},\"image\":{\"@id\":\"https:\/\/tienda.rigelec.com.ar\/?product=modulo-dimmer-luminico-gris-220v#primaryimage\"},\"thumbnailUrl\":\"https:\/\/tienda.rigelec.com.ar\/wp-content\/uploads\/2024\/12\/MODULODIMMERLUMINICOGRIS.jpg\",\"datePublished\":\"2024-12-19T20:42:01+00:00\",\"dateModified\":\"2026-05-04T08:38:37+00:00\",\"breadcrumb\":{\"@id\":\"https:\/\/tienda.rigelec.com.ar\/?product=modulo-dimmer-luminico-gris-220v#breadcrumb\"},\"inLanguage\":\"es-AR\",\"potentialAction\":[{\"@type\":\"ReadAction\",\"target\":[\"https:\/\/tienda.rigelec.com.ar\/?product=modulo-dimmer-luminico-gris-220v\"]}]},{\"@type\":\"ImageObject\",\"inLanguage\":\"es-AR\",\"@id\":\"https:\/\/tienda.rigelec.com.ar\/?product=modulo-dimmer-luminico-gris-220v#primaryimage\",\"url\":\"https:\/\/tienda.rigelec.com.ar\/wp-content\/uploads\/2024\/12\/MODULODIMMERLUMINICOGRIS.jpg\",\"contentUrl\":\"https:\/\/tienda.rigelec.com.ar\/wp-content\/uploads\/2024\/12\/MODULODIMMERLUMINICOGRIS.jpg\",\"width\":977,\"height\":949},{\"@type\":\"BreadcrumbList\",\"@id\":\"https:\/\/tienda.rigelec.com.ar\/?product=modulo-dimmer-luminico-gris-220v#breadcrumb\",\"itemListElement\":[{\"@type\":\"ListItem\",\"position\":1,\"name\":\"Inicio\",\"item\":\"https:\/\/tienda.rigelec.com.ar\/\"},{\"@type\":\"ListItem\",\"position\":2,\"name\":\"Shop\",\"item\":\"https:\/\/tienda.rigelec.com.ar\/?page_id=12\"},{\"@type\":\"ListItem\",\"position\":3,\"name\":\"MODULO DIMMER LUMINICO GRIS 220V\"}]},{\"@type\":\"WebSite\",\"@id\":\"https:\/\/tienda.rigelec.com.ar\/#website\",\"url\":\"https:\/\/tienda.rigelec.com.ar\/\",\"name\":\"Tienda Rigelec\",\"description\":\"Energia en movimiento\",\"publisher\":{\"@id\":\"https:\/\/tienda.rigelec.com.ar\/#organization\"},\"potentialAction\":[{\"@type\":\"SearchAction\",\"target\":{\"@type\":\"EntryPoint\",\"urlTemplate\":\"https:\/\/tienda.rigelec.com.ar\/?s={search_term_string}\"},\"query-input\":{\"@type\":\"PropertyValueSpecification\",\"valueRequired\":true,\"valueName\":\"search_term_string\"}}],\"inLanguage\":\"es-AR\"},{\"@type\":\"Organization\",\"@id\":\"https:\/\/tienda.rigelec.com.ar\/#organization\",\"name\":\"Tienda Rigelec\",\"url\":\"https:\/\/tienda.rigelec.com.ar\/\",\"logo\":{\"@type\":\"ImageObject\",\"inLanguage\":\"es-AR\",\"@id\":\"https:\/\/tienda.rigelec.com.ar\/#\/schema\/logo\/image\/\",\"url\":\"https:\/\/tienda.rigelec.com.ar\/wp-content\/uploads\/2024\/09\/isologo-blanco-rigelec.png\",\"contentUrl\":\"https:\/\/tienda.rigelec.com.ar\/wp-content\/uploads\/2024\/09\/isologo-blanco-rigelec.png\",\"width\":94,\"height\":97,\"caption\":\"Tienda Rigelec\"},\"image\":{\"@id\":\"https:\/\/tienda.rigelec.com.ar\/#\/schema\/logo\/image\/\"}}]}<\/script>\n<!-- \/ Yoast SEO plugin. -->","yoast_head_json":{"title":"MODULO DIMMER LUMINICO GRIS 220V - Tienda Rigelec","robots":{"index":"index","follow":"follow","max-snippet":"max-snippet:-1","max-image-preview":"max-image-preview:large","max-video-preview":"max-video-preview:-1"},"canonical":"https:\/\/tienda.rigelec.com.ar\/?product=modulo-dimmer-luminico-gris-220v","og_locale":"es_ES","og_type":"article","og_title":"MODULO DIMMER LUMINICO GRIS 220V - Tienda Rigelec","og_description":"Permite variar la intensidad luminosa de una \u00f3 m\u00e1s l\u00e1mparas, desde su apagado hasta su m\u00e1xima luminosidad.  Para regular la intensidad simplemente gire la perilla hasta obtener la el valor deseado. Caracter\u00edsticas t\u00e9cnicas \u0095 Tensi\u00f3n de alimentaci\u00f3n: 220Vca +\/-10% 50Hz\/60Hz.  \u0095 Potencia de salida m\u00e1xima: 300W para 6938 y 1000w  para el m\u00f3dulo 6940. \u0095 Potencia de salida m\u00ednima: 25W (l\u00e1mparas incandescentes, dicroicas o hal\u00f3genas). \u0095 Corriente de salida m\u00e1xima: 1,5A para el m\u00f3dulo 6938 y  4,5A para el m\u00f3dulo 6940. \u0095 Salida a triac (sin Rel\u00e9). \u0095 M\u00e9todo de regulaci\u00f3n: por corte de fase. \u0095 Arranque en posici\u00f3n de m\u00ednima luminosidad. \u0095 Bornes de alimentaci\u00f3n: 2. \u0095 Cuerpo de Policarbonato. \u0095 Uso interior. \u0095 Dispositivo Clase II. Ocupan 2 modulos.","og_url":"https:\/\/tienda.rigelec.com.ar\/?product=modulo-dimmer-luminico-gris-220v","og_site_name":"Tienda Rigelec","article_modified_time":"2026-05-04T08:38:37+00:00","og_image":[{"width":977,"height":949,"url":"https:\/\/tienda.rigelec.com.ar\/wp-content\/uploads\/2024\/12\/MODULODIMMERLUMINICOGRIS.jpg","type":"image\/jpeg"}],"twitter_card":"summary_large_image","schema":{"@context":"https:\/\/schema.org","@graph":[{"@type":"WebPage","@id":"https:\/\/tienda.rigelec.com.ar\/?product=modulo-dimmer-luminico-gris-220v","url":"https:\/\/tienda.rigelec.com.ar\/?product=modulo-dimmer-luminico-gris-220v","name":"MODULO DIMMER LUMINICO GRIS 220V - Tienda Rigelec","isPartOf":{"@id":"https:\/\/tienda.rigelec.com.ar\/#website"},"primaryImageOfPage":{"@id":"https:\/\/tienda.rigelec.com.ar\/?product=modulo-dimmer-luminico-gris-220v#primaryimage"},"image":{"@id":"https:\/\/tienda.rigelec.com.ar\/?product=modulo-dimmer-luminico-gris-220v#primaryimage"},"thumbnailUrl":"https:\/\/tienda.rigelec.com.ar\/wp-content\/uploads\/2024\/12\/MODULODIMMERLUMINICOGRIS.jpg","datePublished":"2024-12-19T20:42:01+00:00","dateModified":"2026-05-04T08:38:37+00:00","breadcrumb":{"@id":"https:\/\/tienda.rigelec.com.ar\/?product=modulo-dimmer-luminico-gris-220v#breadcrumb"},"inLanguage":"es-AR","potentialAction":[{"@type":"ReadAction","target":["https:\/\/tienda.rigelec.com.ar\/?product=modulo-dimmer-luminico-gris-220v"]}]},{"@type":"ImageObject","inLanguage":"es-AR","@id":"https:\/\/tienda.rigelec.com.ar\/?product=modulo-dimmer-luminico-gris-220v#primaryimage","url":"https:\/\/tienda.rigelec.com.ar\/wp-content\/uploads\/2024\/12\/MODULODIMMERLUMINICOGRIS.jpg","contentUrl":"https:\/\/tienda.rigelec.com.ar\/wp-content\/uploads\/2024\/12\/MODULODIMMERLUMINICOGRIS.jpg","width":977,"height":949},{"@type":"BreadcrumbList","@id":"https:\/\/tienda.rigelec.com.ar\/?product=modulo-dimmer-luminico-gris-220v#breadcrumb","itemListElement":[{"@type":"ListItem","position":1,"name":"Inicio","item":"https:\/\/tienda.rigelec.com.ar\/"},{"@type":"ListItem","position":2,"name":"Shop","item":"https:\/\/tienda.rigelec.com.ar\/?page_id=12"},{"@type":"ListItem","position":3,"name":"MODULO DIMMER LUMINICO GRIS 220V"}]},{"@type":"WebSite","@id":"https:\/\/tienda.rigelec.com.ar\/#website","url":"https:\/\/tienda.rigelec.com.ar\/","name":"Tienda Rigelec","description":"Energia en movimiento","publisher":{"@id":"https:\/\/tienda.rigelec.com.ar\/#organization"},"potentialAction":[{"@type":"SearchAction","target":{"@type":"EntryPoint","urlTemplate":"https:\/\/tienda.rigelec.com.ar\/?s={search_term_string}"},"query-input":{"@type":"PropertyValueSpecification","valueRequired":true,"valueName":"search_term_string"}}],"inLanguage":"es-AR"},{"@type":"Organization","@id":"https:\/\/tienda.rigelec.com.ar\/#organization","name":"Tienda Rigelec","url":"https:\/\/tienda.rigelec.com.ar\/","logo":{"@type":"ImageObject","inLanguage":"es-AR","@id":"https:\/\/tienda.rigelec.com.ar\/#\/schema\/logo\/image\/","url":"https:\/\/tienda.rigelec.com.ar\/wp-content\/uploads\/2024\/09\/isologo-blanco-rigelec.png","contentUrl":"https:\/\/tienda.rigelec.com.ar\/wp-content\/uploads\/2024\/09\/isologo-blanco-rigelec.png","width":94,"height":97,"caption":"Tienda Rigelec"},"image":{"@id":"https:\/\/tienda.rigelec.com.ar\/#\/schema\/logo\/image\/"}}]}},"jetpack_sharing_enabled":true,"_links":{"self":[{"href":"https:\/\/tienda.rigelec.com.ar\/index.php?rest_route=\/wp\/v2\/product\/26357","targetHints":{"allow":["GET"]}}],"collection":[{"href":"https:\/\/tienda.rigelec.com.ar\/index.php?rest_route=\/wp\/v2\/product"}],"about":[{"href":"https:\/\/tienda.rigelec.com.ar\/index.php?rest_route=\/wp\/v2\/types\/product"}],"replies":[{"embeddable":true,"href":"https:\/\/tienda.rigelec.com.ar\/index.php?rest_route=%2Fwp%2Fv2%2Fcomments&post=26357"}],"wp:featuredmedia":[{"embeddable":true,"href":"https:\/\/tienda.rigelec.com.ar\/index.php?rest_route=\/wp\/v2\/media\/26358"}],"wp:attachment":[{"href":"https:\/\/tienda.rigelec.com.ar\/index.php?rest_route=%2Fwp%2Fv2%2Fmedia&parent=26357"}],"wp:term":[{"taxonomy":"product_brand","embeddable":true,"href":"https:\/\/tienda.rigelec.com.ar\/index.php?rest_route=%2Fwp%2Fv2%2Fproduct_brand&post=26357"},{"taxonomy":"product_cat","embeddable":true,"href":"https:\/\/tienda.rigelec.com.ar\/index.php?rest_route=%2Fwp%2Fv2%2Fproduct_cat&post=26357"},{"taxonomy":"product_tag","embeddable":true,"href":"https:\/\/tienda.rigelec.com.ar\/index.php?rest_route=%2Fwp%2Fv2%2Fproduct_tag&post=26357"}],"curies":[{"name":"wp","href":"https:\/\/api.w.org\/{rel}","templated":true}]}}