{"id":26533,"date":"2024-12-19T17:51:19","date_gmt":"2024-12-19T20:51:19","guid":{"rendered":"https:\/\/tienda.test.rigelec.com.ar\/?product=lampara-led-luz-neutra-a60-e27-10w-900lm"},"modified":"2026-04-30T20:20:23","modified_gmt":"2026-04-30T23:20:23","slug":"lampara-led-luz-neutra-a60-e27-10w-900lm","status":"publish","type":"product","link":"https:\/\/tienda.rigelec.com.ar\/?product=lampara-led-luz-neutra-a60-e27-10w-900lm","title":{"rendered":"LAMPARA LED LUZ NEUTRA A60 &#8211; E27 10W &#8211; 900LM"},"content":{"rendered":"<p>LAMPARA LED LUZ NEUTRA<\/p>\n","protected":false},"excerpt":{"rendered":"<p>Potencia: 10W<br \/>\nTensi\u00f3n: AC180-240V<br \/>\nReemplazo: Incandescente 75W<br \/>\nCorriente: 82mA<br \/>\nConector: E27<br \/>\nFactor de Potencia: 0.5<br \/>\nProtecci\u00f3n IP: IP20<br \/>\nProtecci\u00f3n IK: IK00<br \/>\nFunci\u00f3n Dimeable: No<br \/>\n\u00c1ngulo de Apertura: 220\u00b0<br \/>\nMaterial del Cuerpo: PC y Aluminio<br \/>\nMaterial del Lente: Policarbonato<br \/>\nTipo de Chip: 2835 &#8211; 8pcs<br \/>\nTipo de Blanco: Neutro 4500k<br \/>\nFlujo Luminoso: 900lm<br \/>\nFrecuencia. 50-60Hz<br \/>\nAnti-High-Volt: 1500V<br \/>\nEMC: Si<br \/>\nClase 2<br \/>\nVida \u00datil (horas): 15.000hs<br \/>\nSDCM: 6<br \/>\nTemperatura de Trabajo: -20\u00b0 +40\u00b0<br \/>\nR9: Alto<br \/>\nCRI: 80Ra<br \/>\nIC Driver: Si<br \/>\nL\u00famenes por Watt: 90 lm x W<\/p>\n","protected":false},"featured_media":26534,"comment_status":"open","ping_status":"closed","template":"","meta":{"_monsterinsights_skip_tracking":false,"_monsterinsights_sitenote_active":false,"_monsterinsights_sitenote_note":"","_monsterinsights_sitenote_category":0},"product_brand":[],"product_cat":[214],"product_tag":[146],"class_list":{"0":"post-26533","1":"product","2":"type-product","3":"status-publish","4":"has-post-thumbnail","6":"product_cat-i-lamparas","7":"product_tag-macroled","9":"first","10":"instock","11":"shipping-taxable","12":"purchasable","13":"product-type-simple"},"yoast_head":"<!-- This site is optimized with the Yoast SEO plugin v25.3.1 - https:\/\/yoast.com\/wordpress\/plugins\/seo\/ -->\n<title>LAMPARA LED LUZ NEUTRA A60 - E27 10W - 900LM - Tienda Rigelec<\/title>\n<meta name=\"robots\" content=\"index, follow, max-snippet:-1, max-image-preview:large, max-video-preview:-1\" \/>\n<link rel=\"canonical\" href=\"https:\/\/tienda.rigelec.com.ar\/?product=lampara-led-luz-neutra-a60-e27-10w-900lm\" \/>\n<meta property=\"og:locale\" content=\"es_ES\" \/>\n<meta property=\"og:type\" content=\"article\" \/>\n<meta property=\"og:title\" content=\"LAMPARA LED LUZ NEUTRA A60 - E27 10W - 900LM - Tienda Rigelec\" \/>\n<meta property=\"og:description\" content=\"Potencia: 10W Tensi\u00f3n: AC180-240V Reemplazo: Incandescente 75W Corriente: 82mA Conector: E27 Factor de Potencia: 0.5 Protecci\u00f3n IP: IP20 Protecci\u00f3n IK: IK00 Funci\u00f3n Dimeable: No \u00c1ngulo de Apertura: 220\u00b0 Material del Cuerpo: PC y Aluminio Material del Lente: Policarbonato Tipo de Chip: 2835 - 8pcs                            Tipo de Blanco: Neutro 4500k Flujo Luminoso: 900lm Frecuencia. 50-60Hz Anti-High-Volt: 1500V EMC: Si Clase 2 Vida \u00datil (horas): 15.000hs SDCM: 6 Temperatura de Trabajo: -20\u00b0 +40\u00b0 R9: Alto CRI: 80Ra IC Driver: Si L\u00famenes por Watt: 90 lm x W\" \/>\n<meta property=\"og:url\" content=\"https:\/\/tienda.rigelec.com.ar\/?product=lampara-led-luz-neutra-a60-e27-10w-900lm\" \/>\n<meta property=\"og:site_name\" content=\"Tienda Rigelec\" \/>\n<meta property=\"article:modified_time\" content=\"2026-04-30T23:20:23+00:00\" \/>\n<meta property=\"og:image\" content=\"https:\/\/tienda.rigelec.com.ar\/wp-content\/uploads\/2024\/12\/LAMPARALEDLUZNEUTRA-1.jpg\" \/>\n\t<meta property=\"og:image:width\" content=\"942\" \/>\n\t<meta property=\"og:image:height\" content=\"957\" \/>\n\t<meta property=\"og:image:type\" content=\"image\/jpeg\" \/>\n<meta name=\"twitter:card\" content=\"summary_large_image\" \/>\n<script type=\"application\/ld+json\" class=\"yoast-schema-graph\">{\"@context\":\"https:\/\/schema.org\",\"@graph\":[{\"@type\":\"WebPage\",\"@id\":\"https:\/\/tienda.rigelec.com.ar\/?product=lampara-led-luz-neutra-a60-e27-10w-900lm\",\"url\":\"https:\/\/tienda.rigelec.com.ar\/?product=lampara-led-luz-neutra-a60-e27-10w-900lm\",\"name\":\"LAMPARA LED LUZ NEUTRA A60 - E27 10W - 900LM - Tienda Rigelec\",\"isPartOf\":{\"@id\":\"https:\/\/tienda.rigelec.com.ar\/#website\"},\"primaryImageOfPage\":{\"@id\":\"https:\/\/tienda.rigelec.com.ar\/?product=lampara-led-luz-neutra-a60-e27-10w-900lm#primaryimage\"},\"image\":{\"@id\":\"https:\/\/tienda.rigelec.com.ar\/?product=lampara-led-luz-neutra-a60-e27-10w-900lm#primaryimage\"},\"thumbnailUrl\":\"https:\/\/tienda.rigelec.com.ar\/wp-content\/uploads\/2024\/12\/LAMPARALEDLUZNEUTRA-1.jpg\",\"datePublished\":\"2024-12-19T20:51:19+00:00\",\"dateModified\":\"2026-04-30T23:20:23+00:00\",\"breadcrumb\":{\"@id\":\"https:\/\/tienda.rigelec.com.ar\/?product=lampara-led-luz-neutra-a60-e27-10w-900lm#breadcrumb\"},\"inLanguage\":\"es-AR\",\"potentialAction\":[{\"@type\":\"ReadAction\",\"target\":[\"https:\/\/tienda.rigelec.com.ar\/?product=lampara-led-luz-neutra-a60-e27-10w-900lm\"]}]},{\"@type\":\"ImageObject\",\"inLanguage\":\"es-AR\",\"@id\":\"https:\/\/tienda.rigelec.com.ar\/?product=lampara-led-luz-neutra-a60-e27-10w-900lm#primaryimage\",\"url\":\"https:\/\/tienda.rigelec.com.ar\/wp-content\/uploads\/2024\/12\/LAMPARALEDLUZNEUTRA-1.jpg\",\"contentUrl\":\"https:\/\/tienda.rigelec.com.ar\/wp-content\/uploads\/2024\/12\/LAMPARALEDLUZNEUTRA-1.jpg\",\"width\":942,\"height\":957},{\"@type\":\"BreadcrumbList\",\"@id\":\"https:\/\/tienda.rigelec.com.ar\/?product=lampara-led-luz-neutra-a60-e27-10w-900lm#breadcrumb\",\"itemListElement\":[{\"@type\":\"ListItem\",\"position\":1,\"name\":\"Inicio\",\"item\":\"https:\/\/tienda.rigelec.com.ar\/\"},{\"@type\":\"ListItem\",\"position\":2,\"name\":\"Shop\",\"item\":\"https:\/\/tienda.rigelec.com.ar\/?page_id=12\"},{\"@type\":\"ListItem\",\"position\":3,\"name\":\"LAMPARA LED LUZ NEUTRA A60 &#8211; E27 10W &#8211; 900LM\"}]},{\"@type\":\"WebSite\",\"@id\":\"https:\/\/tienda.rigelec.com.ar\/#website\",\"url\":\"https:\/\/tienda.rigelec.com.ar\/\",\"name\":\"Tienda Rigelec\",\"description\":\"Energia en movimiento\",\"publisher\":{\"@id\":\"https:\/\/tienda.rigelec.com.ar\/#organization\"},\"potentialAction\":[{\"@type\":\"SearchAction\",\"target\":{\"@type\":\"EntryPoint\",\"urlTemplate\":\"https:\/\/tienda.rigelec.com.ar\/?s={search_term_string}\"},\"query-input\":{\"@type\":\"PropertyValueSpecification\",\"valueRequired\":true,\"valueName\":\"search_term_string\"}}],\"inLanguage\":\"es-AR\"},{\"@type\":\"Organization\",\"@id\":\"https:\/\/tienda.rigelec.com.ar\/#organization\",\"name\":\"Tienda Rigelec\",\"url\":\"https:\/\/tienda.rigelec.com.ar\/\",\"logo\":{\"@type\":\"ImageObject\",\"inLanguage\":\"es-AR\",\"@id\":\"https:\/\/tienda.rigelec.com.ar\/#\/schema\/logo\/image\/\",\"url\":\"https:\/\/tienda.rigelec.com.ar\/wp-content\/uploads\/2024\/09\/isologo-blanco-rigelec.png\",\"contentUrl\":\"https:\/\/tienda.rigelec.com.ar\/wp-content\/uploads\/2024\/09\/isologo-blanco-rigelec.png\",\"width\":94,\"height\":97,\"caption\":\"Tienda Rigelec\"},\"image\":{\"@id\":\"https:\/\/tienda.rigelec.com.ar\/#\/schema\/logo\/image\/\"}}]}<\/script>\n<!-- \/ Yoast SEO plugin. -->","yoast_head_json":{"title":"LAMPARA LED LUZ NEUTRA A60 - E27 10W - 900LM - Tienda Rigelec","robots":{"index":"index","follow":"follow","max-snippet":"max-snippet:-1","max-image-preview":"max-image-preview:large","max-video-preview":"max-video-preview:-1"},"canonical":"https:\/\/tienda.rigelec.com.ar\/?product=lampara-led-luz-neutra-a60-e27-10w-900lm","og_locale":"es_ES","og_type":"article","og_title":"LAMPARA LED LUZ NEUTRA A60 - E27 10W - 900LM - Tienda Rigelec","og_description":"Potencia: 10W Tensi\u00f3n: AC180-240V Reemplazo: Incandescente 75W Corriente: 82mA Conector: E27 Factor de Potencia: 0.5 Protecci\u00f3n IP: IP20 Protecci\u00f3n IK: IK00 Funci\u00f3n Dimeable: No \u00c1ngulo de Apertura: 220\u00b0 Material del Cuerpo: PC y Aluminio Material del Lente: Policarbonato Tipo de Chip: 2835 - 8pcs                            Tipo de Blanco: Neutro 4500k Flujo Luminoso: 900lm Frecuencia. 50-60Hz Anti-High-Volt: 1500V EMC: Si Clase 2 Vida \u00datil (horas): 15.000hs SDCM: 6 Temperatura de Trabajo: -20\u00b0 +40\u00b0 R9: Alto CRI: 80Ra IC Driver: Si L\u00famenes por Watt: 90 lm x W","og_url":"https:\/\/tienda.rigelec.com.ar\/?product=lampara-led-luz-neutra-a60-e27-10w-900lm","og_site_name":"Tienda Rigelec","article_modified_time":"2026-04-30T23:20:23+00:00","og_image":[{"width":942,"height":957,"url":"https:\/\/tienda.rigelec.com.ar\/wp-content\/uploads\/2024\/12\/LAMPARALEDLUZNEUTRA-1.jpg","type":"image\/jpeg"}],"twitter_card":"summary_large_image","schema":{"@context":"https:\/\/schema.org","@graph":[{"@type":"WebPage","@id":"https:\/\/tienda.rigelec.com.ar\/?product=lampara-led-luz-neutra-a60-e27-10w-900lm","url":"https:\/\/tienda.rigelec.com.ar\/?product=lampara-led-luz-neutra-a60-e27-10w-900lm","name":"LAMPARA LED LUZ NEUTRA A60 - E27 10W - 900LM - Tienda Rigelec","isPartOf":{"@id":"https:\/\/tienda.rigelec.com.ar\/#website"},"primaryImageOfPage":{"@id":"https:\/\/tienda.rigelec.com.ar\/?product=lampara-led-luz-neutra-a60-e27-10w-900lm#primaryimage"},"image":{"@id":"https:\/\/tienda.rigelec.com.ar\/?product=lampara-led-luz-neutra-a60-e27-10w-900lm#primaryimage"},"thumbnailUrl":"https:\/\/tienda.rigelec.com.ar\/wp-content\/uploads\/2024\/12\/LAMPARALEDLUZNEUTRA-1.jpg","datePublished":"2024-12-19T20:51:19+00:00","dateModified":"2026-04-30T23:20:23+00:00","breadcrumb":{"@id":"https:\/\/tienda.rigelec.com.ar\/?product=lampara-led-luz-neutra-a60-e27-10w-900lm#breadcrumb"},"inLanguage":"es-AR","potentialAction":[{"@type":"ReadAction","target":["https:\/\/tienda.rigelec.com.ar\/?product=lampara-led-luz-neutra-a60-e27-10w-900lm"]}]},{"@type":"ImageObject","inLanguage":"es-AR","@id":"https:\/\/tienda.rigelec.com.ar\/?product=lampara-led-luz-neutra-a60-e27-10w-900lm#primaryimage","url":"https:\/\/tienda.rigelec.com.ar\/wp-content\/uploads\/2024\/12\/LAMPARALEDLUZNEUTRA-1.jpg","contentUrl":"https:\/\/tienda.rigelec.com.ar\/wp-content\/uploads\/2024\/12\/LAMPARALEDLUZNEUTRA-1.jpg","width":942,"height":957},{"@type":"BreadcrumbList","@id":"https:\/\/tienda.rigelec.com.ar\/?product=lampara-led-luz-neutra-a60-e27-10w-900lm#breadcrumb","itemListElement":[{"@type":"ListItem","position":1,"name":"Inicio","item":"https:\/\/tienda.rigelec.com.ar\/"},{"@type":"ListItem","position":2,"name":"Shop","item":"https:\/\/tienda.rigelec.com.ar\/?page_id=12"},{"@type":"ListItem","position":3,"name":"LAMPARA LED LUZ NEUTRA A60 &#8211; E27 10W &#8211; 900LM"}]},{"@type":"WebSite","@id":"https:\/\/tienda.rigelec.com.ar\/#website","url":"https:\/\/tienda.rigelec.com.ar\/","name":"Tienda Rigelec","description":"Energia en movimiento","publisher":{"@id":"https:\/\/tienda.rigelec.com.ar\/#organization"},"potentialAction":[{"@type":"SearchAction","target":{"@type":"EntryPoint","urlTemplate":"https:\/\/tienda.rigelec.com.ar\/?s={search_term_string}"},"query-input":{"@type":"PropertyValueSpecification","valueRequired":true,"valueName":"search_term_string"}}],"inLanguage":"es-AR"},{"@type":"Organization","@id":"https:\/\/tienda.rigelec.com.ar\/#organization","name":"Tienda Rigelec","url":"https:\/\/tienda.rigelec.com.ar\/","logo":{"@type":"ImageObject","inLanguage":"es-AR","@id":"https:\/\/tienda.rigelec.com.ar\/#\/schema\/logo\/image\/","url":"https:\/\/tienda.rigelec.com.ar\/wp-content\/uploads\/2024\/09\/isologo-blanco-rigelec.png","contentUrl":"https:\/\/tienda.rigelec.com.ar\/wp-content\/uploads\/2024\/09\/isologo-blanco-rigelec.png","width":94,"height":97,"caption":"Tienda Rigelec"},"image":{"@id":"https:\/\/tienda.rigelec.com.ar\/#\/schema\/logo\/image\/"}}]}},"jetpack_sharing_enabled":true,"_links":{"self":[{"href":"https:\/\/tienda.rigelec.com.ar\/index.php?rest_route=\/wp\/v2\/product\/26533","targetHints":{"allow":["GET"]}}],"collection":[{"href":"https:\/\/tienda.rigelec.com.ar\/index.php?rest_route=\/wp\/v2\/product"}],"about":[{"href":"https:\/\/tienda.rigelec.com.ar\/index.php?rest_route=\/wp\/v2\/types\/product"}],"replies":[{"embeddable":true,"href":"https:\/\/tienda.rigelec.com.ar\/index.php?rest_route=%2Fwp%2Fv2%2Fcomments&post=26533"}],"wp:featuredmedia":[{"embeddable":true,"href":"https:\/\/tienda.rigelec.com.ar\/index.php?rest_route=\/wp\/v2\/media\/26534"}],"wp:attachment":[{"href":"https:\/\/tienda.rigelec.com.ar\/index.php?rest_route=%2Fwp%2Fv2%2Fmedia&parent=26533"}],"wp:term":[{"taxonomy":"product_brand","embeddable":true,"href":"https:\/\/tienda.rigelec.com.ar\/index.php?rest_route=%2Fwp%2Fv2%2Fproduct_brand&post=26533"},{"taxonomy":"product_cat","embeddable":true,"href":"https:\/\/tienda.rigelec.com.ar\/index.php?rest_route=%2Fwp%2Fv2%2Fproduct_cat&post=26533"},{"taxonomy":"product_tag","embeddable":true,"href":"https:\/\/tienda.rigelec.com.ar\/index.php?rest_route=%2Fwp%2Fv2%2Fproduct_tag&post=26533"}],"curies":[{"name":"wp","href":"https:\/\/api.w.org\/{rel}","templated":true}]}}