{"id":26689,"date":"2024-12-19T17:59:40","date_gmt":"2024-12-19T20:59:40","guid":{"rendered":"https:\/\/tienda.test.rigelec.com.ar\/?product=tubo-led-policarbonato-luz-neutra-conexion-una-punta-18w-120cm"},"modified":"2026-05-01T10:02:39","modified_gmt":"2026-05-01T13:02:39","slug":"tubo-led-policarbonato-luz-neutra-macroled-18w-120cm-una-punta","status":"publish","type":"product","link":"https:\/\/tienda.rigelec.com.ar\/?product=tubo-led-policarbonato-luz-neutra-macroled-18w-120cm-una-punta","title":{"rendered":"TUBO LED POLICARBONATO LUZ NEUTRA CONEXION UNA PUNTA 18W &#8211; 120CM"},"content":{"rendered":"<p data-start=\"515\" data-end=\"802\">El <strong data-start=\"518\" data-end=\"586\">Tubo LED Policarbonato Luz Neutra Conexi\u00f3n Una Punta 18W \u2013 120cm<\/strong> de <strong data-start=\"590\" data-end=\"602\">Macroled<\/strong> es una alternativa de <strong data-start=\"625\" data-end=\"644\">alta eficiencia<\/strong> para reemplazar tubos fluorescentes tradicionales, reduciendo el consumo el\u00e9ctrico y ofreciendo una luz neutra ideal para entornos de trabajo y uso diario.<\/p>\n<p data-start=\"804\" data-end=\"1024\">Su <strong data-start=\"807\" data-end=\"834\">cuerpo de policarbonato<\/strong> brinda mayor resistencia a impactos y roturas, asegurando durabilidad incluso en instalaciones exigentes. La <strong data-start=\"944\" data-end=\"974\">conexi\u00f3n de una sola punta<\/strong> simplifica la instalaci\u00f3n y la hace m\u00e1s segura.<\/p>\n<p data-start=\"1026\" data-end=\"1182\">Con una <strong data-start=\"1034\" data-end=\"1053\">potencia de 18W<\/strong> y 120cm de largo, garantiza una excelente distribuci\u00f3n lum\u00ednica sin parpadeos, con encendido instant\u00e1neo y bajo mantenimiento.<\/p>\n<h2 data-start=\"1189\" data-end=\"1224\"><strong data-start=\"1192\" data-end=\"1222\">Caracter\u00edsticas<\/strong><\/h2>\n<ul data-start=\"1225\" data-end=\"1585\">\n<li data-start=\"1225\" data-end=\"1248\">\n<p data-start=\"1227\" data-end=\"1248\"><strong data-start=\"1227\" data-end=\"1237\">Marca:<\/strong> Macroled<\/p>\n<\/li>\n<li data-start=\"1249\" data-end=\"1288\">\n<p data-start=\"1251\" data-end=\"1288\"><strong data-start=\"1251\" data-end=\"1260\">Tipo:<\/strong> Tubo LED de policarbonato<\/p>\n<\/li>\n<li data-start=\"1289\" data-end=\"1310\">\n<p data-start=\"1291\" data-end=\"1310\"><strong data-start=\"1291\" data-end=\"1304\">Potencia:<\/strong> 18W<\/p>\n<\/li>\n<li data-start=\"1311\" data-end=\"1335\">\n<p data-start=\"1313\" data-end=\"1335\"><strong data-start=\"1313\" data-end=\"1326\">Longitud:<\/strong> 120 cm<\/p>\n<\/li>\n<li data-start=\"1336\" data-end=\"1376\">\n<p data-start=\"1338\" data-end=\"1376\"><strong data-start=\"1338\" data-end=\"1363\">Temperatura de color:<\/strong> Luz neutra<\/p>\n<\/li>\n<li data-start=\"1377\" data-end=\"1404\">\n<p data-start=\"1379\" data-end=\"1404\"><strong data-start=\"1379\" data-end=\"1392\">Conexi\u00f3n:<\/strong> Una punta<\/p>\n<\/li>\n<li data-start=\"1405\" data-end=\"1444\">\n<p data-start=\"1407\" data-end=\"1444\">Alta resistencia a golpes y roturas<\/p>\n<\/li>\n<li data-start=\"1445\" data-end=\"1483\">\n<p data-start=\"1447\" data-end=\"1483\">Encendido inmediato, sin parpadeos<\/p>\n<\/li>\n<li data-start=\"1484\" data-end=\"1518\">\n<p data-start=\"1486\" data-end=\"1518\">Eficiencia energ\u00e9tica superior<\/p>\n<\/li>\n<li data-start=\"1519\" data-end=\"1550\">\n<p data-start=\"1521\" data-end=\"1550\">Instalaci\u00f3n segura y r\u00e1pida<\/p>\n<\/li>\n<li data-start=\"1551\" data-end=\"1585\">\n<p data-start=\"1553\" data-end=\"1585\">Bajo consumo y larga vida \u00fatil<\/p>\n<\/li>\n<\/ul>\n<h2 data-start=\"1592\" data-end=\"1626\"><strong data-start=\"1595\" data-end=\"1624\">Aplicaciones recomendadas<\/strong><\/h2>\n<ul data-start=\"1627\" data-end=\"1799\">\n<li data-start=\"1627\" data-end=\"1661\">\n<p data-start=\"1629\" data-end=\"1661\">Oficinas, comercios y talleres<\/p>\n<\/li>\n<li data-start=\"1662\" data-end=\"1692\">\n<p data-start=\"1664\" data-end=\"1692\">Cocinas y \u00e1reas de trabajo<\/p>\n<\/li>\n<li data-start=\"1693\" data-end=\"1742\">\n<p data-start=\"1695\" data-end=\"1742\">Reemplazo de tubos fluorescentes T8 de 120 cm<\/p>\n<\/li>\n<li data-start=\"1743\" data-end=\"1799\">\n<p data-start=\"1745\" data-end=\"1799\">Lugares donde se requiera una luz natural y uniforme<\/p>\n<\/li>\n<\/ul>\n<p><a href=\"https:\/\/www.macroled.com.ar\/lamparas\/7428325564794\">https:\/\/www.macroled.com.ar\/lamparas\/7428325564794<\/a><\/p>\n","protected":false},"excerpt":{"rendered":"<p>Nano 120cm 18W<br \/>\nTubo Nano LED T8 18W, 30.000 horas de vida \u00fatil. ADVERTENCIA: El tubo tiene una conexi\u00f3n unilateral<br \/>\nPotencia: 18W<br \/>\nModelo: TNL-T8120<br \/>\nTensi\u00f3n: AC110-240V<br \/>\nCategor\u00eda: Tubos, Nano<\/p>\n","protected":false},"featured_media":26690,"comment_status":"open","ping_status":"closed","template":"","meta":{"_monsterinsights_skip_tracking":false,"_monsterinsights_sitenote_active":false,"_monsterinsights_sitenote_note":"","_monsterinsights_sitenote_category":0},"product_brand":[],"product_cat":[300],"product_tag":[146],"class_list":{"0":"post-26689","1":"product","2":"type-product","3":"status-publish","4":"has-post-thumbnail","6":"product_cat-ii-tubos-led","7":"product_tag-macroled","9":"first","10":"instock","11":"shipping-taxable","12":"purchasable","13":"product-type-simple"},"yoast_head":"<!-- This site is optimized with the Yoast SEO plugin v25.3.1 - https:\/\/yoast.com\/wordpress\/plugins\/seo\/ -->\n<title>Tienda Rigelec Tubo LED Policarbonato Luz Neutra 18W 120cm Una Punta<\/title>\n<meta name=\"description\" content=\"Tubo LED Macroled de policarbonato 18W 120cm luz neutra. Resistente, eficiente y de instalaci\u00f3n segura para todo tipo de ambientes.\" \/>\n<meta name=\"robots\" content=\"index, follow, max-snippet:-1, max-image-preview:large, max-video-preview:-1\" \/>\n<link rel=\"canonical\" href=\"https:\/\/tienda.rigelec.com.ar\/?product=tubo-led-policarbonato-luz-neutra-macroled-18w-120cm-una-punta\" \/>\n<meta property=\"og:locale\" content=\"es_ES\" \/>\n<meta property=\"og:type\" content=\"article\" \/>\n<meta property=\"og:title\" content=\"Tienda Rigelec Tubo LED Policarbonato Luz Neutra 18W 120cm Una Punta\" \/>\n<meta property=\"og:description\" content=\"Tubo LED Macroled de policarbonato 18W 120cm luz neutra. Resistente, eficiente y de instalaci\u00f3n segura para todo tipo de ambientes.\" \/>\n<meta property=\"og:url\" content=\"https:\/\/tienda.rigelec.com.ar\/?product=tubo-led-policarbonato-luz-neutra-macroled-18w-120cm-una-punta\" \/>\n<meta property=\"og:site_name\" content=\"Tienda Rigelec\" \/>\n<meta property=\"article:modified_time\" content=\"2026-05-01T13:02:39+00:00\" \/>\n<meta property=\"og:image\" content=\"https:\/\/tienda.rigelec.com.ar\/wp-content\/uploads\/2024\/12\/TUBOLEDPOLICARBONATOLUZNEUTRA.jpg\" \/>\n\t<meta property=\"og:image:width\" content=\"1080\" \/>\n\t<meta property=\"og:image:height\" content=\"959\" \/>\n\t<meta property=\"og:image:type\" content=\"image\/jpeg\" \/>\n<meta name=\"twitter:card\" content=\"summary_large_image\" \/>\n<meta name=\"twitter:label1\" content=\"Tiempo de lectura\" \/>\n\t<meta name=\"twitter:data1\" content=\"1 minuto\" \/>\n<script type=\"application\/ld+json\" class=\"yoast-schema-graph\">{\"@context\":\"https:\/\/schema.org\",\"@graph\":[{\"@type\":\"WebPage\",\"@id\":\"https:\/\/tienda.rigelec.com.ar\/?product=tubo-led-policarbonato-luz-neutra-macroled-18w-120cm-una-punta\",\"url\":\"https:\/\/tienda.rigelec.com.ar\/?product=tubo-led-policarbonato-luz-neutra-macroled-18w-120cm-una-punta\",\"name\":\"Tienda Rigelec Tubo LED Policarbonato Luz Neutra 18W 120cm Una Punta\",\"isPartOf\":{\"@id\":\"https:\/\/tienda.rigelec.com.ar\/#website\"},\"primaryImageOfPage\":{\"@id\":\"https:\/\/tienda.rigelec.com.ar\/?product=tubo-led-policarbonato-luz-neutra-macroled-18w-120cm-una-punta#primaryimage\"},\"image\":{\"@id\":\"https:\/\/tienda.rigelec.com.ar\/?product=tubo-led-policarbonato-luz-neutra-macroled-18w-120cm-una-punta#primaryimage\"},\"thumbnailUrl\":\"https:\/\/tienda.rigelec.com.ar\/wp-content\/uploads\/2024\/12\/TUBOLEDPOLICARBONATOLUZNEUTRA.jpg\",\"datePublished\":\"2024-12-19T20:59:40+00:00\",\"dateModified\":\"2026-05-01T13:02:39+00:00\",\"description\":\"Tubo LED Macroled de policarbonato 18W 120cm luz neutra. Resistente, eficiente y de instalaci\u00f3n segura para todo tipo de ambientes.\",\"breadcrumb\":{\"@id\":\"https:\/\/tienda.rigelec.com.ar\/?product=tubo-led-policarbonato-luz-neutra-macroled-18w-120cm-una-punta#breadcrumb\"},\"inLanguage\":\"es-AR\",\"potentialAction\":[{\"@type\":\"ReadAction\",\"target\":[\"https:\/\/tienda.rigelec.com.ar\/?product=tubo-led-policarbonato-luz-neutra-macroled-18w-120cm-una-punta\"]}]},{\"@type\":\"ImageObject\",\"inLanguage\":\"es-AR\",\"@id\":\"https:\/\/tienda.rigelec.com.ar\/?product=tubo-led-policarbonato-luz-neutra-macroled-18w-120cm-una-punta#primaryimage\",\"url\":\"https:\/\/tienda.rigelec.com.ar\/wp-content\/uploads\/2024\/12\/TUBOLEDPOLICARBONATOLUZNEUTRA.jpg\",\"contentUrl\":\"https:\/\/tienda.rigelec.com.ar\/wp-content\/uploads\/2024\/12\/TUBOLEDPOLICARBONATOLUZNEUTRA.jpg\",\"width\":1080,\"height\":959},{\"@type\":\"BreadcrumbList\",\"@id\":\"https:\/\/tienda.rigelec.com.ar\/?product=tubo-led-policarbonato-luz-neutra-macroled-18w-120cm-una-punta#breadcrumb\",\"itemListElement\":[{\"@type\":\"ListItem\",\"position\":1,\"name\":\"Inicio\",\"item\":\"https:\/\/tienda.rigelec.com.ar\/\"},{\"@type\":\"ListItem\",\"position\":2,\"name\":\"Shop\",\"item\":\"https:\/\/tienda.rigelec.com.ar\/?page_id=12\"},{\"@type\":\"ListItem\",\"position\":3,\"name\":\"TUBO LED POLICARBONATO LUZ NEUTRA CONEXION UNA PUNTA 18W &#8211; 120CM\"}]},{\"@type\":\"WebSite\",\"@id\":\"https:\/\/tienda.rigelec.com.ar\/#website\",\"url\":\"https:\/\/tienda.rigelec.com.ar\/\",\"name\":\"Tienda Rigelec\",\"description\":\"Energia en movimiento\",\"publisher\":{\"@id\":\"https:\/\/tienda.rigelec.com.ar\/#organization\"},\"potentialAction\":[{\"@type\":\"SearchAction\",\"target\":{\"@type\":\"EntryPoint\",\"urlTemplate\":\"https:\/\/tienda.rigelec.com.ar\/?s={search_term_string}\"},\"query-input\":{\"@type\":\"PropertyValueSpecification\",\"valueRequired\":true,\"valueName\":\"search_term_string\"}}],\"inLanguage\":\"es-AR\"},{\"@type\":\"Organization\",\"@id\":\"https:\/\/tienda.rigelec.com.ar\/#organization\",\"name\":\"Tienda Rigelec\",\"url\":\"https:\/\/tienda.rigelec.com.ar\/\",\"logo\":{\"@type\":\"ImageObject\",\"inLanguage\":\"es-AR\",\"@id\":\"https:\/\/tienda.rigelec.com.ar\/#\/schema\/logo\/image\/\",\"url\":\"https:\/\/tienda.rigelec.com.ar\/wp-content\/uploads\/2024\/09\/isologo-blanco-rigelec.png\",\"contentUrl\":\"https:\/\/tienda.rigelec.com.ar\/wp-content\/uploads\/2024\/09\/isologo-blanco-rigelec.png\",\"width\":94,\"height\":97,\"caption\":\"Tienda Rigelec\"},\"image\":{\"@id\":\"https:\/\/tienda.rigelec.com.ar\/#\/schema\/logo\/image\/\"}}]}<\/script>\n<!-- \/ Yoast SEO plugin. -->","yoast_head_json":{"title":"Tienda Rigelec Tubo LED Policarbonato Luz Neutra 18W 120cm Una Punta","description":"Tubo LED Macroled de policarbonato 18W 120cm luz neutra. Resistente, eficiente y de instalaci\u00f3n segura para todo tipo de ambientes.","robots":{"index":"index","follow":"follow","max-snippet":"max-snippet:-1","max-image-preview":"max-image-preview:large","max-video-preview":"max-video-preview:-1"},"canonical":"https:\/\/tienda.rigelec.com.ar\/?product=tubo-led-policarbonato-luz-neutra-macroled-18w-120cm-una-punta","og_locale":"es_ES","og_type":"article","og_title":"Tienda Rigelec Tubo LED Policarbonato Luz Neutra 18W 120cm Una Punta","og_description":"Tubo LED Macroled de policarbonato 18W 120cm luz neutra. Resistente, eficiente y de instalaci\u00f3n segura para todo tipo de ambientes.","og_url":"https:\/\/tienda.rigelec.com.ar\/?product=tubo-led-policarbonato-luz-neutra-macroled-18w-120cm-una-punta","og_site_name":"Tienda Rigelec","article_modified_time":"2026-05-01T13:02:39+00:00","og_image":[{"width":1080,"height":959,"url":"https:\/\/tienda.rigelec.com.ar\/wp-content\/uploads\/2024\/12\/TUBOLEDPOLICARBONATOLUZNEUTRA.jpg","type":"image\/jpeg"}],"twitter_card":"summary_large_image","twitter_misc":{"Tiempo de lectura":"1 minuto"},"schema":{"@context":"https:\/\/schema.org","@graph":[{"@type":"WebPage","@id":"https:\/\/tienda.rigelec.com.ar\/?product=tubo-led-policarbonato-luz-neutra-macroled-18w-120cm-una-punta","url":"https:\/\/tienda.rigelec.com.ar\/?product=tubo-led-policarbonato-luz-neutra-macroled-18w-120cm-una-punta","name":"Tienda Rigelec Tubo LED Policarbonato Luz Neutra 18W 120cm Una Punta","isPartOf":{"@id":"https:\/\/tienda.rigelec.com.ar\/#website"},"primaryImageOfPage":{"@id":"https:\/\/tienda.rigelec.com.ar\/?product=tubo-led-policarbonato-luz-neutra-macroled-18w-120cm-una-punta#primaryimage"},"image":{"@id":"https:\/\/tienda.rigelec.com.ar\/?product=tubo-led-policarbonato-luz-neutra-macroled-18w-120cm-una-punta#primaryimage"},"thumbnailUrl":"https:\/\/tienda.rigelec.com.ar\/wp-content\/uploads\/2024\/12\/TUBOLEDPOLICARBONATOLUZNEUTRA.jpg","datePublished":"2024-12-19T20:59:40+00:00","dateModified":"2026-05-01T13:02:39+00:00","description":"Tubo LED Macroled de policarbonato 18W 120cm luz neutra. Resistente, eficiente y de instalaci\u00f3n segura para todo tipo de ambientes.","breadcrumb":{"@id":"https:\/\/tienda.rigelec.com.ar\/?product=tubo-led-policarbonato-luz-neutra-macroled-18w-120cm-una-punta#breadcrumb"},"inLanguage":"es-AR","potentialAction":[{"@type":"ReadAction","target":["https:\/\/tienda.rigelec.com.ar\/?product=tubo-led-policarbonato-luz-neutra-macroled-18w-120cm-una-punta"]}]},{"@type":"ImageObject","inLanguage":"es-AR","@id":"https:\/\/tienda.rigelec.com.ar\/?product=tubo-led-policarbonato-luz-neutra-macroled-18w-120cm-una-punta#primaryimage","url":"https:\/\/tienda.rigelec.com.ar\/wp-content\/uploads\/2024\/12\/TUBOLEDPOLICARBONATOLUZNEUTRA.jpg","contentUrl":"https:\/\/tienda.rigelec.com.ar\/wp-content\/uploads\/2024\/12\/TUBOLEDPOLICARBONATOLUZNEUTRA.jpg","width":1080,"height":959},{"@type":"BreadcrumbList","@id":"https:\/\/tienda.rigelec.com.ar\/?product=tubo-led-policarbonato-luz-neutra-macroled-18w-120cm-una-punta#breadcrumb","itemListElement":[{"@type":"ListItem","position":1,"name":"Inicio","item":"https:\/\/tienda.rigelec.com.ar\/"},{"@type":"ListItem","position":2,"name":"Shop","item":"https:\/\/tienda.rigelec.com.ar\/?page_id=12"},{"@type":"ListItem","position":3,"name":"TUBO LED POLICARBONATO LUZ NEUTRA CONEXION UNA PUNTA 18W &#8211; 120CM"}]},{"@type":"WebSite","@id":"https:\/\/tienda.rigelec.com.ar\/#website","url":"https:\/\/tienda.rigelec.com.ar\/","name":"Tienda Rigelec","description":"Energia en movimiento","publisher":{"@id":"https:\/\/tienda.rigelec.com.ar\/#organization"},"potentialAction":[{"@type":"SearchAction","target":{"@type":"EntryPoint","urlTemplate":"https:\/\/tienda.rigelec.com.ar\/?s={search_term_string}"},"query-input":{"@type":"PropertyValueSpecification","valueRequired":true,"valueName":"search_term_string"}}],"inLanguage":"es-AR"},{"@type":"Organization","@id":"https:\/\/tienda.rigelec.com.ar\/#organization","name":"Tienda Rigelec","url":"https:\/\/tienda.rigelec.com.ar\/","logo":{"@type":"ImageObject","inLanguage":"es-AR","@id":"https:\/\/tienda.rigelec.com.ar\/#\/schema\/logo\/image\/","url":"https:\/\/tienda.rigelec.com.ar\/wp-content\/uploads\/2024\/09\/isologo-blanco-rigelec.png","contentUrl":"https:\/\/tienda.rigelec.com.ar\/wp-content\/uploads\/2024\/09\/isologo-blanco-rigelec.png","width":94,"height":97,"caption":"Tienda Rigelec"},"image":{"@id":"https:\/\/tienda.rigelec.com.ar\/#\/schema\/logo\/image\/"}}]}},"jetpack_sharing_enabled":true,"_links":{"self":[{"href":"https:\/\/tienda.rigelec.com.ar\/index.php?rest_route=\/wp\/v2\/product\/26689","targetHints":{"allow":["GET"]}}],"collection":[{"href":"https:\/\/tienda.rigelec.com.ar\/index.php?rest_route=\/wp\/v2\/product"}],"about":[{"href":"https:\/\/tienda.rigelec.com.ar\/index.php?rest_route=\/wp\/v2\/types\/product"}],"replies":[{"embeddable":true,"href":"https:\/\/tienda.rigelec.com.ar\/index.php?rest_route=%2Fwp%2Fv2%2Fcomments&post=26689"}],"wp:featuredmedia":[{"embeddable":true,"href":"https:\/\/tienda.rigelec.com.ar\/index.php?rest_route=\/wp\/v2\/media\/26690"}],"wp:attachment":[{"href":"https:\/\/tienda.rigelec.com.ar\/index.php?rest_route=%2Fwp%2Fv2%2Fmedia&parent=26689"}],"wp:term":[{"taxonomy":"product_brand","embeddable":true,"href":"https:\/\/tienda.rigelec.com.ar\/index.php?rest_route=%2Fwp%2Fv2%2Fproduct_brand&post=26689"},{"taxonomy":"product_cat","embeddable":true,"href":"https:\/\/tienda.rigelec.com.ar\/index.php?rest_route=%2Fwp%2Fv2%2Fproduct_cat&post=26689"},{"taxonomy":"product_tag","embeddable":true,"href":"https:\/\/tienda.rigelec.com.ar\/index.php?rest_route=%2Fwp%2Fv2%2Fproduct_tag&post=26689"}],"curies":[{"name":"wp","href":"https:\/\/api.w.org\/{rel}","templated":true}]}}