{"id":26699,"date":"2024-12-19T18:00:01","date_gmt":"2024-12-19T21:00:01","guid":{"rendered":"https:\/\/tienda.test.rigelec.com.ar\/?product=tubo-led-vidrio-luz-calida-conexion-una-punta-18w-120cm"},"modified":"2026-04-30T20:30:46","modified_gmt":"2026-04-30T23:30:46","slug":"tubo-led-vidrio-luz-calida-macroled-18w-120cm-una-punta","status":"publish","type":"product","link":"https:\/\/tienda.rigelec.com.ar\/?product=tubo-led-vidrio-luz-calida-macroled-18w-120cm-una-punta","title":{"rendered":"TUBO LED VIDRIO LUZ CALIDA CONEXION UNA PUNTA 18W &#8211; 120CM"},"content":{"rendered":"<p data-start=\"493\" data-end=\"841\">El <strong data-start=\"496\" data-end=\"557\">Tubo LED Vidrio Luz C\u00e1lida Conexi\u00f3n Una Punta 18W \u2013 120cm<\/strong> de <strong data-start=\"561\" data-end=\"573\">Macroled<\/strong> combina <strong data-start=\"582\" data-end=\"611\">alto rendimiento lum\u00ednico<\/strong> con un tono c\u00e1lido que genera ambientes acogedores y agradables.<br data-start=\"676\" data-end=\"679\" \/>Con <strong data-start=\"683\" data-end=\"702\">18W de potencia<\/strong>, es ideal para reemplazar tubos fluorescentes tradicionales de 120cm, reduciendo el consumo energ\u00e9tico y mejorando la calidad de la luz.<\/p>\n<p data-start=\"843\" data-end=\"1028\">Su construcci\u00f3n en vidrio garantiza excelente transmisi\u00f3n lum\u00ednica y mayor durabilidad. La <strong data-start=\"934\" data-end=\"959\">conexi\u00f3n de una punta<\/strong> facilita la instalaci\u00f3n y aumenta la seguridad durante el montaje.<\/p>\n<h2 data-start=\"1035\" data-end=\"1070\"><strong data-start=\"1038\" data-end=\"1068\">Caracter\u00edsticas<\/strong><\/h2>\n<ul data-start=\"1071\" data-end=\"1403\">\n<li data-start=\"1071\" data-end=\"1094\">\n<p data-start=\"1073\" data-end=\"1094\"><strong data-start=\"1073\" data-end=\"1083\">Marca:<\/strong> Macroled<\/p>\n<\/li>\n<li data-start=\"1095\" data-end=\"1127\">\n<p data-start=\"1097\" data-end=\"1127\"><strong data-start=\"1097\" data-end=\"1106\">Tipo:<\/strong> Tubo LED de vidrio<\/p>\n<\/li>\n<li data-start=\"1128\" data-end=\"1149\">\n<p data-start=\"1130\" data-end=\"1149\"><strong data-start=\"1130\" data-end=\"1143\">Potencia:<\/strong> 18W<\/p>\n<\/li>\n<li data-start=\"1150\" data-end=\"1174\">\n<p data-start=\"1152\" data-end=\"1174\"><strong data-start=\"1152\" data-end=\"1165\">Longitud:<\/strong> 120 cm<\/p>\n<\/li>\n<li data-start=\"1175\" data-end=\"1215\">\n<p data-start=\"1177\" data-end=\"1215\"><strong data-start=\"1177\" data-end=\"1202\">Temperatura de color:<\/strong> Luz c\u00e1lida<\/p>\n<\/li>\n<li data-start=\"1216\" data-end=\"1243\">\n<p data-start=\"1218\" data-end=\"1243\"><strong data-start=\"1218\" data-end=\"1231\">Conexi\u00f3n:<\/strong> Una punta<\/p>\n<\/li>\n<li data-start=\"1244\" data-end=\"1289\">\n<p data-start=\"1246\" data-end=\"1289\"><strong data-start=\"1246\" data-end=\"1287\">Encendido instant\u00e1neo y sin parpadeos<\/strong><\/p>\n<\/li>\n<li data-start=\"1290\" data-end=\"1324\">\n<p data-start=\"1292\" data-end=\"1324\"><strong data-start=\"1292\" data-end=\"1322\">Alta eficiencia energ\u00e9tica<\/strong><\/p>\n<\/li>\n<li data-start=\"1325\" data-end=\"1362\">\n<p data-start=\"1327\" data-end=\"1362\"><strong data-start=\"1327\" data-end=\"1360\">Instalaci\u00f3n segura y sencilla<\/strong><\/p>\n<\/li>\n<li data-start=\"1363\" data-end=\"1403\">\n<p data-start=\"1365\" data-end=\"1403\"><strong data-start=\"1365\" data-end=\"1401\">Durabilidad y bajo mantenimiento<\/strong><\/p>\n<\/li>\n<\/ul>\n<h2 data-start=\"1410\" data-end=\"1444\"><strong data-start=\"1413\" data-end=\"1442\">Aplicaciones recomendadas<\/strong><\/h2>\n<ul data-start=\"1445\" data-end=\"1637\">\n<li data-start=\"1445\" data-end=\"1494\">\n<p data-start=\"1447\" data-end=\"1494\">Reemplazo de tubos fluorescentes T8 de 120 cm<\/p>\n<\/li>\n<li data-start=\"1495\" data-end=\"1542\">\n<p data-start=\"1497\" data-end=\"1542\">Iluminaci\u00f3n de hogares (salas, dormitorios)<\/p>\n<\/li>\n<li data-start=\"1543\" data-end=\"1580\">\n<p data-start=\"1545\" data-end=\"1580\">Comercios, restaurantes y hoteles<\/p>\n<\/li>\n<li data-start=\"1581\" data-end=\"1637\">\n<p data-start=\"1583\" data-end=\"1637\">Espacios donde se requiera una luz suave y acogedora<\/p>\n<\/li>\n<\/ul>\n<p><a href=\"https:\/\/www.macroled.com.ar\/lamparas\/7428325566835\">https:\/\/www.macroled.com.ar\/lamparas\/7428325566835<\/a><\/p>\n","protected":false},"excerpt":{"rendered":"<p>Potencia: 18W<br \/>\nModelo: TL-T8120<br \/>\nTensi\u00f3n: AC185-265V<br \/>\nTama\u00f1o de L\u00e1mpara: \u00f828x1200mm<br \/>\nPeso de L\u00e1mpara: 220 gr<\/p>\n","protected":false},"featured_media":26700,"comment_status":"open","ping_status":"closed","template":"","meta":{"_monsterinsights_skip_tracking":false,"_monsterinsights_sitenote_active":false,"_monsterinsights_sitenote_note":"","_monsterinsights_sitenote_category":0},"product_brand":[],"product_cat":[300],"product_tag":[146],"class_list":{"0":"post-26699","1":"product","2":"type-product","3":"status-publish","4":"has-post-thumbnail","6":"product_cat-ii-tubos-led","7":"product_tag-macroled","9":"first","10":"instock","11":"shipping-taxable","12":"purchasable","13":"product-type-simple"},"yoast_head":"<!-- This site is optimized with the Yoast SEO plugin v25.3.1 - https:\/\/yoast.com\/wordpress\/plugins\/seo\/ -->\n<title>Tienda Rigelec Tubo LED Vidrio Luz C\u00e1lida Macroled 18W 120cm Una Punta<\/title>\n<meta name=\"description\" content=\"Tubo LED Macroled de vidrio 18W 120cm luz c\u00e1lida y conexi\u00f3n de una punta. Iluminaci\u00f3n eficiente, acogedora y segura para hogares y comercios.\" \/>\n<meta name=\"robots\" content=\"index, follow, max-snippet:-1, max-image-preview:large, max-video-preview:-1\" \/>\n<link rel=\"canonical\" href=\"https:\/\/tienda.rigelec.com.ar\/?product=tubo-led-vidrio-luz-calida-macroled-18w-120cm-una-punta\" \/>\n<meta property=\"og:locale\" content=\"es_ES\" \/>\n<meta property=\"og:type\" content=\"article\" \/>\n<meta property=\"og:title\" content=\"Tienda Rigelec Tubo LED Vidrio Luz C\u00e1lida Macroled 18W 120cm Una Punta\" \/>\n<meta property=\"og:description\" content=\"Tubo LED Macroled de vidrio 18W 120cm luz c\u00e1lida y conexi\u00f3n de una punta. Iluminaci\u00f3n eficiente, acogedora y segura para hogares y comercios.\" \/>\n<meta property=\"og:url\" content=\"https:\/\/tienda.rigelec.com.ar\/?product=tubo-led-vidrio-luz-calida-macroled-18w-120cm-una-punta\" \/>\n<meta property=\"og:site_name\" content=\"Tienda Rigelec\" \/>\n<meta property=\"article:modified_time\" content=\"2026-04-30T23:30:46+00:00\" \/>\n<meta property=\"og:image\" content=\"https:\/\/tienda.rigelec.com.ar\/wp-content\/uploads\/2024\/12\/TUBOLEDVIDRIOLUZCALIDA-1.jpg\" \/>\n\t<meta property=\"og:image:width\" content=\"1080\" \/>\n\t<meta property=\"og:image:height\" content=\"959\" \/>\n\t<meta property=\"og:image:type\" content=\"image\/jpeg\" \/>\n<meta name=\"twitter:card\" content=\"summary_large_image\" \/>\n<meta name=\"twitter:label1\" content=\"Tiempo de lectura\" \/>\n\t<meta name=\"twitter:data1\" content=\"1 minuto\" \/>\n<script type=\"application\/ld+json\" class=\"yoast-schema-graph\">{\"@context\":\"https:\/\/schema.org\",\"@graph\":[{\"@type\":\"WebPage\",\"@id\":\"https:\/\/tienda.rigelec.com.ar\/?product=tubo-led-vidrio-luz-calida-macroled-18w-120cm-una-punta\",\"url\":\"https:\/\/tienda.rigelec.com.ar\/?product=tubo-led-vidrio-luz-calida-macroled-18w-120cm-una-punta\",\"name\":\"Tienda Rigelec Tubo LED Vidrio Luz C\u00e1lida Macroled 18W 120cm Una Punta\",\"isPartOf\":{\"@id\":\"https:\/\/tienda.rigelec.com.ar\/#website\"},\"primaryImageOfPage\":{\"@id\":\"https:\/\/tienda.rigelec.com.ar\/?product=tubo-led-vidrio-luz-calida-macroled-18w-120cm-una-punta#primaryimage\"},\"image\":{\"@id\":\"https:\/\/tienda.rigelec.com.ar\/?product=tubo-led-vidrio-luz-calida-macroled-18w-120cm-una-punta#primaryimage\"},\"thumbnailUrl\":\"https:\/\/tienda.rigelec.com.ar\/wp-content\/uploads\/2024\/12\/TUBOLEDVIDRIOLUZCALIDA-1.jpg\",\"datePublished\":\"2024-12-19T21:00:01+00:00\",\"dateModified\":\"2026-04-30T23:30:46+00:00\",\"description\":\"Tubo LED Macroled de vidrio 18W 120cm luz c\u00e1lida y conexi\u00f3n de una punta. Iluminaci\u00f3n eficiente, acogedora y segura para hogares y comercios.\",\"breadcrumb\":{\"@id\":\"https:\/\/tienda.rigelec.com.ar\/?product=tubo-led-vidrio-luz-calida-macroled-18w-120cm-una-punta#breadcrumb\"},\"inLanguage\":\"es-AR\",\"potentialAction\":[{\"@type\":\"ReadAction\",\"target\":[\"https:\/\/tienda.rigelec.com.ar\/?product=tubo-led-vidrio-luz-calida-macroled-18w-120cm-una-punta\"]}]},{\"@type\":\"ImageObject\",\"inLanguage\":\"es-AR\",\"@id\":\"https:\/\/tienda.rigelec.com.ar\/?product=tubo-led-vidrio-luz-calida-macroled-18w-120cm-una-punta#primaryimage\",\"url\":\"https:\/\/tienda.rigelec.com.ar\/wp-content\/uploads\/2024\/12\/TUBOLEDVIDRIOLUZCALIDA-1.jpg\",\"contentUrl\":\"https:\/\/tienda.rigelec.com.ar\/wp-content\/uploads\/2024\/12\/TUBOLEDVIDRIOLUZCALIDA-1.jpg\",\"width\":1080,\"height\":959},{\"@type\":\"BreadcrumbList\",\"@id\":\"https:\/\/tienda.rigelec.com.ar\/?product=tubo-led-vidrio-luz-calida-macroled-18w-120cm-una-punta#breadcrumb\",\"itemListElement\":[{\"@type\":\"ListItem\",\"position\":1,\"name\":\"Inicio\",\"item\":\"https:\/\/tienda.rigelec.com.ar\/\"},{\"@type\":\"ListItem\",\"position\":2,\"name\":\"Shop\",\"item\":\"https:\/\/tienda.rigelec.com.ar\/?page_id=12\"},{\"@type\":\"ListItem\",\"position\":3,\"name\":\"TUBO LED VIDRIO LUZ CALIDA CONEXION UNA PUNTA 18W &#8211; 120CM\"}]},{\"@type\":\"WebSite\",\"@id\":\"https:\/\/tienda.rigelec.com.ar\/#website\",\"url\":\"https:\/\/tienda.rigelec.com.ar\/\",\"name\":\"Tienda Rigelec\",\"description\":\"Energia en movimiento\",\"publisher\":{\"@id\":\"https:\/\/tienda.rigelec.com.ar\/#organization\"},\"potentialAction\":[{\"@type\":\"SearchAction\",\"target\":{\"@type\":\"EntryPoint\",\"urlTemplate\":\"https:\/\/tienda.rigelec.com.ar\/?s={search_term_string}\"},\"query-input\":{\"@type\":\"PropertyValueSpecification\",\"valueRequired\":true,\"valueName\":\"search_term_string\"}}],\"inLanguage\":\"es-AR\"},{\"@type\":\"Organization\",\"@id\":\"https:\/\/tienda.rigelec.com.ar\/#organization\",\"name\":\"Tienda Rigelec\",\"url\":\"https:\/\/tienda.rigelec.com.ar\/\",\"logo\":{\"@type\":\"ImageObject\",\"inLanguage\":\"es-AR\",\"@id\":\"https:\/\/tienda.rigelec.com.ar\/#\/schema\/logo\/image\/\",\"url\":\"https:\/\/tienda.rigelec.com.ar\/wp-content\/uploads\/2024\/09\/isologo-blanco-rigelec.png\",\"contentUrl\":\"https:\/\/tienda.rigelec.com.ar\/wp-content\/uploads\/2024\/09\/isologo-blanco-rigelec.png\",\"width\":94,\"height\":97,\"caption\":\"Tienda Rigelec\"},\"image\":{\"@id\":\"https:\/\/tienda.rigelec.com.ar\/#\/schema\/logo\/image\/\"}}]}<\/script>\n<!-- \/ Yoast SEO plugin. -->","yoast_head_json":{"title":"Tienda Rigelec Tubo LED Vidrio Luz C\u00e1lida Macroled 18W 120cm Una Punta","description":"Tubo LED Macroled de vidrio 18W 120cm luz c\u00e1lida y conexi\u00f3n de una punta. Iluminaci\u00f3n eficiente, acogedora y segura para hogares y comercios.","robots":{"index":"index","follow":"follow","max-snippet":"max-snippet:-1","max-image-preview":"max-image-preview:large","max-video-preview":"max-video-preview:-1"},"canonical":"https:\/\/tienda.rigelec.com.ar\/?product=tubo-led-vidrio-luz-calida-macroled-18w-120cm-una-punta","og_locale":"es_ES","og_type":"article","og_title":"Tienda Rigelec Tubo LED Vidrio Luz C\u00e1lida Macroled 18W 120cm Una Punta","og_description":"Tubo LED Macroled de vidrio 18W 120cm luz c\u00e1lida y conexi\u00f3n de una punta. Iluminaci\u00f3n eficiente, acogedora y segura para hogares y comercios.","og_url":"https:\/\/tienda.rigelec.com.ar\/?product=tubo-led-vidrio-luz-calida-macroled-18w-120cm-una-punta","og_site_name":"Tienda Rigelec","article_modified_time":"2026-04-30T23:30:46+00:00","og_image":[{"width":1080,"height":959,"url":"https:\/\/tienda.rigelec.com.ar\/wp-content\/uploads\/2024\/12\/TUBOLEDVIDRIOLUZCALIDA-1.jpg","type":"image\/jpeg"}],"twitter_card":"summary_large_image","twitter_misc":{"Tiempo de lectura":"1 minuto"},"schema":{"@context":"https:\/\/schema.org","@graph":[{"@type":"WebPage","@id":"https:\/\/tienda.rigelec.com.ar\/?product=tubo-led-vidrio-luz-calida-macroled-18w-120cm-una-punta","url":"https:\/\/tienda.rigelec.com.ar\/?product=tubo-led-vidrio-luz-calida-macroled-18w-120cm-una-punta","name":"Tienda Rigelec Tubo LED Vidrio Luz C\u00e1lida Macroled 18W 120cm Una Punta","isPartOf":{"@id":"https:\/\/tienda.rigelec.com.ar\/#website"},"primaryImageOfPage":{"@id":"https:\/\/tienda.rigelec.com.ar\/?product=tubo-led-vidrio-luz-calida-macroled-18w-120cm-una-punta#primaryimage"},"image":{"@id":"https:\/\/tienda.rigelec.com.ar\/?product=tubo-led-vidrio-luz-calida-macroled-18w-120cm-una-punta#primaryimage"},"thumbnailUrl":"https:\/\/tienda.rigelec.com.ar\/wp-content\/uploads\/2024\/12\/TUBOLEDVIDRIOLUZCALIDA-1.jpg","datePublished":"2024-12-19T21:00:01+00:00","dateModified":"2026-04-30T23:30:46+00:00","description":"Tubo LED Macroled de vidrio 18W 120cm luz c\u00e1lida y conexi\u00f3n de una punta. Iluminaci\u00f3n eficiente, acogedora y segura para hogares y comercios.","breadcrumb":{"@id":"https:\/\/tienda.rigelec.com.ar\/?product=tubo-led-vidrio-luz-calida-macroled-18w-120cm-una-punta#breadcrumb"},"inLanguage":"es-AR","potentialAction":[{"@type":"ReadAction","target":["https:\/\/tienda.rigelec.com.ar\/?product=tubo-led-vidrio-luz-calida-macroled-18w-120cm-una-punta"]}]},{"@type":"ImageObject","inLanguage":"es-AR","@id":"https:\/\/tienda.rigelec.com.ar\/?product=tubo-led-vidrio-luz-calida-macroled-18w-120cm-una-punta#primaryimage","url":"https:\/\/tienda.rigelec.com.ar\/wp-content\/uploads\/2024\/12\/TUBOLEDVIDRIOLUZCALIDA-1.jpg","contentUrl":"https:\/\/tienda.rigelec.com.ar\/wp-content\/uploads\/2024\/12\/TUBOLEDVIDRIOLUZCALIDA-1.jpg","width":1080,"height":959},{"@type":"BreadcrumbList","@id":"https:\/\/tienda.rigelec.com.ar\/?product=tubo-led-vidrio-luz-calida-macroled-18w-120cm-una-punta#breadcrumb","itemListElement":[{"@type":"ListItem","position":1,"name":"Inicio","item":"https:\/\/tienda.rigelec.com.ar\/"},{"@type":"ListItem","position":2,"name":"Shop","item":"https:\/\/tienda.rigelec.com.ar\/?page_id=12"},{"@type":"ListItem","position":3,"name":"TUBO LED VIDRIO LUZ CALIDA CONEXION UNA PUNTA 18W &#8211; 120CM"}]},{"@type":"WebSite","@id":"https:\/\/tienda.rigelec.com.ar\/#website","url":"https:\/\/tienda.rigelec.com.ar\/","name":"Tienda Rigelec","description":"Energia en movimiento","publisher":{"@id":"https:\/\/tienda.rigelec.com.ar\/#organization"},"potentialAction":[{"@type":"SearchAction","target":{"@type":"EntryPoint","urlTemplate":"https:\/\/tienda.rigelec.com.ar\/?s={search_term_string}"},"query-input":{"@type":"PropertyValueSpecification","valueRequired":true,"valueName":"search_term_string"}}],"inLanguage":"es-AR"},{"@type":"Organization","@id":"https:\/\/tienda.rigelec.com.ar\/#organization","name":"Tienda Rigelec","url":"https:\/\/tienda.rigelec.com.ar\/","logo":{"@type":"ImageObject","inLanguage":"es-AR","@id":"https:\/\/tienda.rigelec.com.ar\/#\/schema\/logo\/image\/","url":"https:\/\/tienda.rigelec.com.ar\/wp-content\/uploads\/2024\/09\/isologo-blanco-rigelec.png","contentUrl":"https:\/\/tienda.rigelec.com.ar\/wp-content\/uploads\/2024\/09\/isologo-blanco-rigelec.png","width":94,"height":97,"caption":"Tienda Rigelec"},"image":{"@id":"https:\/\/tienda.rigelec.com.ar\/#\/schema\/logo\/image\/"}}]}},"jetpack_sharing_enabled":true,"_links":{"self":[{"href":"https:\/\/tienda.rigelec.com.ar\/index.php?rest_route=\/wp\/v2\/product\/26699","targetHints":{"allow":["GET"]}}],"collection":[{"href":"https:\/\/tienda.rigelec.com.ar\/index.php?rest_route=\/wp\/v2\/product"}],"about":[{"href":"https:\/\/tienda.rigelec.com.ar\/index.php?rest_route=\/wp\/v2\/types\/product"}],"replies":[{"embeddable":true,"href":"https:\/\/tienda.rigelec.com.ar\/index.php?rest_route=%2Fwp%2Fv2%2Fcomments&post=26699"}],"wp:featuredmedia":[{"embeddable":true,"href":"https:\/\/tienda.rigelec.com.ar\/index.php?rest_route=\/wp\/v2\/media\/26700"}],"wp:attachment":[{"href":"https:\/\/tienda.rigelec.com.ar\/index.php?rest_route=%2Fwp%2Fv2%2Fmedia&parent=26699"}],"wp:term":[{"taxonomy":"product_brand","embeddable":true,"href":"https:\/\/tienda.rigelec.com.ar\/index.php?rest_route=%2Fwp%2Fv2%2Fproduct_brand&post=26699"},{"taxonomy":"product_cat","embeddable":true,"href":"https:\/\/tienda.rigelec.com.ar\/index.php?rest_route=%2Fwp%2Fv2%2Fproduct_cat&post=26699"},{"taxonomy":"product_tag","embeddable":true,"href":"https:\/\/tienda.rigelec.com.ar\/index.php?rest_route=%2Fwp%2Fv2%2Fproduct_tag&post=26699"}],"curies":[{"name":"wp","href":"https:\/\/api.w.org\/{rel}","templated":true}]}}