{"id":26783,"date":"2024-12-19T18:04:24","date_gmt":"2024-12-19T21:04:24","guid":{"rendered":"https:\/\/tienda.test.rigelec.com.ar\/?product=icard-llave-interruptora-de-seguridad-aluminio-icard-10a-250vca"},"modified":"2026-05-03T16:27:47","modified_gmt":"2026-05-03T19:27:47","slug":"icard-llave-interruptora-de-seguridad-aluminio-icard-10a-250vca","status":"publish","type":"product","link":"https:\/\/tienda.rigelec.com.ar\/?product=icard-llave-interruptora-de-seguridad-aluminio-icard-10a-250vca","title":{"rendered":"ICARD LLAVE INTERRUPTORA DE SEGURIDAD ALUMINIO ICARD 10A &#8211; 250VCA"},"content":{"rendered":"<p>ICARD LLAVE INTERRUPTORA DE SEGURIDAD ALUMINIO<\/p>\n","protected":false},"excerpt":{"rendered":"<p>Icard activa el paso de energ\u00eda el\u00e9ctrica al introducir la tarjeta, al retirarla la misma se desactiva permitiendo ahorrar energ\u00eda y brindar seguridad.<br \/>\nIcard tambi\u00e9n puede conectarse al sistema de alarma general.<br \/>\nLa finalidad del Icard es lograr un ahorro de energ\u00eda el\u00e9ctrica ya que es muy com\u00fan que al retirarse de un apartamento, queden encendidos artefactos tales como:<br \/>\n\u0096 Aire Acondicionado<br \/>\n\u0096 Televisor<br \/>\n\u0096 Luces, etc<br \/>\nAl quitar la tarjeta de Icard (obligatoria para cada pasajero de un hotel) se desactiva el paso de energ\u00eda.<br \/>\nCaracter\u00edsticas T\u00e9cnicas<br \/>\nConsta de 2 (dos) interruptores unipolares de 10 A y 250V~. Al introducirse en \u00e9l una tarjeta, conecta 2 (dos) circuitos el\u00e9ctricos tales como: tomacorrientes e iluminaci\u00f3n (Reglamento Asociaci\u00f3n Electrot\u00e9cnica Argentina).<br \/>\nEn cada uno de los interruptores deben conectarse los polos vivos de los circuitos citados.<\/p>\n","protected":false},"featured_media":26784,"comment_status":"open","ping_status":"closed","template":"","meta":{"_monsterinsights_skip_tracking":false,"_monsterinsights_sitenote_active":false,"_monsterinsights_sitenote_note":"","_monsterinsights_sitenote_category":0},"product_brand":[],"product_cat":[243],"product_tag":[139],"class_list":{"0":"post-26783","1":"product","2":"type-product","3":"status-publish","4":"has-post-thumbnail","6":"product_cat-h-domotica","7":"product_tag-cambre","9":"first","10":"outofstock","11":"shipping-taxable","12":"purchasable","13":"product-type-simple"},"yoast_head":"<!-- This site is optimized with the Yoast SEO plugin v25.3.1 - https:\/\/yoast.com\/wordpress\/plugins\/seo\/ -->\n<title>ICARD LLAVE INTERRUPTORA DE SEGURIDAD ALUMINIO ICARD 10A - 250VCA - Tienda Rigelec<\/title>\n<meta name=\"robots\" content=\"index, follow, max-snippet:-1, max-image-preview:large, max-video-preview:-1\" \/>\n<link rel=\"canonical\" href=\"https:\/\/tienda.rigelec.com.ar\/?product=icard-llave-interruptora-de-seguridad-aluminio-icard-10a-250vca\" \/>\n<meta property=\"og:locale\" content=\"es_ES\" \/>\n<meta property=\"og:type\" content=\"article\" \/>\n<meta property=\"og:title\" content=\"ICARD LLAVE INTERRUPTORA DE SEGURIDAD ALUMINIO ICARD 10A - 250VCA - Tienda Rigelec\" \/>\n<meta property=\"og:description\" content=\"Icard activa el paso de energ\u00eda el\u00e9ctrica al introducir la tarjeta, al retirarla la misma se desactiva permitiendo ahorrar energ\u00eda y brindar seguridad. Icard tambi\u00e9n puede conectarse al sistema de alarma general. La finalidad del Icard es lograr un ahorro de energ\u00eda el\u00e9ctrica ya que es muy com\u00fan que al retirarse de un apartamento, queden encendidos artefactos tales como: \u0096 Aire Acondicionado \u0096 Televisor \u0096 Luces, etc Al quitar la tarjeta de Icard (obligatoria para cada pasajero de un hotel) se desactiva el paso de energ\u00eda. Caracter\u00edsticas T\u00e9cnicas Consta de 2 (dos) interruptores unipolares de 10 A y 250V~. Al introducirse en \u00e9l una tarjeta, conecta 2 (dos) circuitos el\u00e9ctricos tales como: tomacorrientes e iluminaci\u00f3n (Reglamento Asociaci\u00f3n Electrot\u00e9cnica Argentina). En cada uno de los interruptores deben conectarse los polos vivos de los circuitos citados.\" \/>\n<meta property=\"og:url\" content=\"https:\/\/tienda.rigelec.com.ar\/?product=icard-llave-interruptora-de-seguridad-aluminio-icard-10a-250vca\" \/>\n<meta property=\"og:site_name\" content=\"Tienda Rigelec\" \/>\n<meta property=\"article:modified_time\" content=\"2026-05-03T19:27:47+00:00\" \/>\n<meta property=\"og:image\" content=\"https:\/\/tienda.rigelec.com.ar\/wp-content\/uploads\/2024\/12\/ICARDLLAVEINTERRUPTORADESEGURIDADALUMINIO.jpg\" \/>\n\t<meta property=\"og:image:width\" content=\"510\" \/>\n\t<meta property=\"og:image:height\" content=\"510\" \/>\n\t<meta property=\"og:image:type\" content=\"image\/jpeg\" \/>\n<meta name=\"twitter:card\" content=\"summary_large_image\" \/>\n<script type=\"application\/ld+json\" class=\"yoast-schema-graph\">{\"@context\":\"https:\/\/schema.org\",\"@graph\":[{\"@type\":\"WebPage\",\"@id\":\"https:\/\/tienda.rigelec.com.ar\/?product=icard-llave-interruptora-de-seguridad-aluminio-icard-10a-250vca\",\"url\":\"https:\/\/tienda.rigelec.com.ar\/?product=icard-llave-interruptora-de-seguridad-aluminio-icard-10a-250vca\",\"name\":\"ICARD LLAVE INTERRUPTORA DE SEGURIDAD ALUMINIO ICARD 10A - 250VCA - Tienda Rigelec\",\"isPartOf\":{\"@id\":\"https:\/\/tienda.rigelec.com.ar\/#website\"},\"primaryImageOfPage\":{\"@id\":\"https:\/\/tienda.rigelec.com.ar\/?product=icard-llave-interruptora-de-seguridad-aluminio-icard-10a-250vca#primaryimage\"},\"image\":{\"@id\":\"https:\/\/tienda.rigelec.com.ar\/?product=icard-llave-interruptora-de-seguridad-aluminio-icard-10a-250vca#primaryimage\"},\"thumbnailUrl\":\"https:\/\/tienda.rigelec.com.ar\/wp-content\/uploads\/2024\/12\/ICARDLLAVEINTERRUPTORADESEGURIDADALUMINIO.jpg\",\"datePublished\":\"2024-12-19T21:04:24+00:00\",\"dateModified\":\"2026-05-03T19:27:47+00:00\",\"breadcrumb\":{\"@id\":\"https:\/\/tienda.rigelec.com.ar\/?product=icard-llave-interruptora-de-seguridad-aluminio-icard-10a-250vca#breadcrumb\"},\"inLanguage\":\"es-AR\",\"potentialAction\":[{\"@type\":\"ReadAction\",\"target\":[\"https:\/\/tienda.rigelec.com.ar\/?product=icard-llave-interruptora-de-seguridad-aluminio-icard-10a-250vca\"]}]},{\"@type\":\"ImageObject\",\"inLanguage\":\"es-AR\",\"@id\":\"https:\/\/tienda.rigelec.com.ar\/?product=icard-llave-interruptora-de-seguridad-aluminio-icard-10a-250vca#primaryimage\",\"url\":\"https:\/\/tienda.rigelec.com.ar\/wp-content\/uploads\/2024\/12\/ICARDLLAVEINTERRUPTORADESEGURIDADALUMINIO.jpg\",\"contentUrl\":\"https:\/\/tienda.rigelec.com.ar\/wp-content\/uploads\/2024\/12\/ICARDLLAVEINTERRUPTORADESEGURIDADALUMINIO.jpg\",\"width\":510,\"height\":510},{\"@type\":\"BreadcrumbList\",\"@id\":\"https:\/\/tienda.rigelec.com.ar\/?product=icard-llave-interruptora-de-seguridad-aluminio-icard-10a-250vca#breadcrumb\",\"itemListElement\":[{\"@type\":\"ListItem\",\"position\":1,\"name\":\"Inicio\",\"item\":\"https:\/\/tienda.rigelec.com.ar\/\"},{\"@type\":\"ListItem\",\"position\":2,\"name\":\"Shop\",\"item\":\"https:\/\/tienda.rigelec.com.ar\/?page_id=12\"},{\"@type\":\"ListItem\",\"position\":3,\"name\":\"ICARD LLAVE INTERRUPTORA DE SEGURIDAD ALUMINIO ICARD 10A &#8211; 250VCA\"}]},{\"@type\":\"WebSite\",\"@id\":\"https:\/\/tienda.rigelec.com.ar\/#website\",\"url\":\"https:\/\/tienda.rigelec.com.ar\/\",\"name\":\"Tienda Rigelec\",\"description\":\"Energia en movimiento\",\"publisher\":{\"@id\":\"https:\/\/tienda.rigelec.com.ar\/#organization\"},\"potentialAction\":[{\"@type\":\"SearchAction\",\"target\":{\"@type\":\"EntryPoint\",\"urlTemplate\":\"https:\/\/tienda.rigelec.com.ar\/?s={search_term_string}\"},\"query-input\":{\"@type\":\"PropertyValueSpecification\",\"valueRequired\":true,\"valueName\":\"search_term_string\"}}],\"inLanguage\":\"es-AR\"},{\"@type\":\"Organization\",\"@id\":\"https:\/\/tienda.rigelec.com.ar\/#organization\",\"name\":\"Tienda Rigelec\",\"url\":\"https:\/\/tienda.rigelec.com.ar\/\",\"logo\":{\"@type\":\"ImageObject\",\"inLanguage\":\"es-AR\",\"@id\":\"https:\/\/tienda.rigelec.com.ar\/#\/schema\/logo\/image\/\",\"url\":\"https:\/\/tienda.rigelec.com.ar\/wp-content\/uploads\/2024\/09\/isologo-blanco-rigelec.png\",\"contentUrl\":\"https:\/\/tienda.rigelec.com.ar\/wp-content\/uploads\/2024\/09\/isologo-blanco-rigelec.png\",\"width\":94,\"height\":97,\"caption\":\"Tienda Rigelec\"},\"image\":{\"@id\":\"https:\/\/tienda.rigelec.com.ar\/#\/schema\/logo\/image\/\"}}]}<\/script>\n<!-- \/ Yoast SEO plugin. -->","yoast_head_json":{"title":"ICARD LLAVE INTERRUPTORA DE SEGURIDAD ALUMINIO ICARD 10A - 250VCA - Tienda Rigelec","robots":{"index":"index","follow":"follow","max-snippet":"max-snippet:-1","max-image-preview":"max-image-preview:large","max-video-preview":"max-video-preview:-1"},"canonical":"https:\/\/tienda.rigelec.com.ar\/?product=icard-llave-interruptora-de-seguridad-aluminio-icard-10a-250vca","og_locale":"es_ES","og_type":"article","og_title":"ICARD LLAVE INTERRUPTORA DE SEGURIDAD ALUMINIO ICARD 10A - 250VCA - Tienda Rigelec","og_description":"Icard activa el paso de energ\u00eda el\u00e9ctrica al introducir la tarjeta, al retirarla la misma se desactiva permitiendo ahorrar energ\u00eda y brindar seguridad. Icard tambi\u00e9n puede conectarse al sistema de alarma general. La finalidad del Icard es lograr un ahorro de energ\u00eda el\u00e9ctrica ya que es muy com\u00fan que al retirarse de un apartamento, queden encendidos artefactos tales como: \u0096 Aire Acondicionado \u0096 Televisor \u0096 Luces, etc Al quitar la tarjeta de Icard (obligatoria para cada pasajero de un hotel) se desactiva el paso de energ\u00eda. Caracter\u00edsticas T\u00e9cnicas Consta de 2 (dos) interruptores unipolares de 10 A y 250V~. Al introducirse en \u00e9l una tarjeta, conecta 2 (dos) circuitos el\u00e9ctricos tales como: tomacorrientes e iluminaci\u00f3n (Reglamento Asociaci\u00f3n Electrot\u00e9cnica Argentina). En cada uno de los interruptores deben conectarse los polos vivos de los circuitos citados.","og_url":"https:\/\/tienda.rigelec.com.ar\/?product=icard-llave-interruptora-de-seguridad-aluminio-icard-10a-250vca","og_site_name":"Tienda Rigelec","article_modified_time":"2026-05-03T19:27:47+00:00","og_image":[{"width":510,"height":510,"url":"https:\/\/tienda.rigelec.com.ar\/wp-content\/uploads\/2024\/12\/ICARDLLAVEINTERRUPTORADESEGURIDADALUMINIO.jpg","type":"image\/jpeg"}],"twitter_card":"summary_large_image","schema":{"@context":"https:\/\/schema.org","@graph":[{"@type":"WebPage","@id":"https:\/\/tienda.rigelec.com.ar\/?product=icard-llave-interruptora-de-seguridad-aluminio-icard-10a-250vca","url":"https:\/\/tienda.rigelec.com.ar\/?product=icard-llave-interruptora-de-seguridad-aluminio-icard-10a-250vca","name":"ICARD LLAVE INTERRUPTORA DE SEGURIDAD ALUMINIO ICARD 10A - 250VCA - Tienda Rigelec","isPartOf":{"@id":"https:\/\/tienda.rigelec.com.ar\/#website"},"primaryImageOfPage":{"@id":"https:\/\/tienda.rigelec.com.ar\/?product=icard-llave-interruptora-de-seguridad-aluminio-icard-10a-250vca#primaryimage"},"image":{"@id":"https:\/\/tienda.rigelec.com.ar\/?product=icard-llave-interruptora-de-seguridad-aluminio-icard-10a-250vca#primaryimage"},"thumbnailUrl":"https:\/\/tienda.rigelec.com.ar\/wp-content\/uploads\/2024\/12\/ICARDLLAVEINTERRUPTORADESEGURIDADALUMINIO.jpg","datePublished":"2024-12-19T21:04:24+00:00","dateModified":"2026-05-03T19:27:47+00:00","breadcrumb":{"@id":"https:\/\/tienda.rigelec.com.ar\/?product=icard-llave-interruptora-de-seguridad-aluminio-icard-10a-250vca#breadcrumb"},"inLanguage":"es-AR","potentialAction":[{"@type":"ReadAction","target":["https:\/\/tienda.rigelec.com.ar\/?product=icard-llave-interruptora-de-seguridad-aluminio-icard-10a-250vca"]}]},{"@type":"ImageObject","inLanguage":"es-AR","@id":"https:\/\/tienda.rigelec.com.ar\/?product=icard-llave-interruptora-de-seguridad-aluminio-icard-10a-250vca#primaryimage","url":"https:\/\/tienda.rigelec.com.ar\/wp-content\/uploads\/2024\/12\/ICARDLLAVEINTERRUPTORADESEGURIDADALUMINIO.jpg","contentUrl":"https:\/\/tienda.rigelec.com.ar\/wp-content\/uploads\/2024\/12\/ICARDLLAVEINTERRUPTORADESEGURIDADALUMINIO.jpg","width":510,"height":510},{"@type":"BreadcrumbList","@id":"https:\/\/tienda.rigelec.com.ar\/?product=icard-llave-interruptora-de-seguridad-aluminio-icard-10a-250vca#breadcrumb","itemListElement":[{"@type":"ListItem","position":1,"name":"Inicio","item":"https:\/\/tienda.rigelec.com.ar\/"},{"@type":"ListItem","position":2,"name":"Shop","item":"https:\/\/tienda.rigelec.com.ar\/?page_id=12"},{"@type":"ListItem","position":3,"name":"ICARD LLAVE INTERRUPTORA DE SEGURIDAD ALUMINIO ICARD 10A &#8211; 250VCA"}]},{"@type":"WebSite","@id":"https:\/\/tienda.rigelec.com.ar\/#website","url":"https:\/\/tienda.rigelec.com.ar\/","name":"Tienda Rigelec","description":"Energia en movimiento","publisher":{"@id":"https:\/\/tienda.rigelec.com.ar\/#organization"},"potentialAction":[{"@type":"SearchAction","target":{"@type":"EntryPoint","urlTemplate":"https:\/\/tienda.rigelec.com.ar\/?s={search_term_string}"},"query-input":{"@type":"PropertyValueSpecification","valueRequired":true,"valueName":"search_term_string"}}],"inLanguage":"es-AR"},{"@type":"Organization","@id":"https:\/\/tienda.rigelec.com.ar\/#organization","name":"Tienda Rigelec","url":"https:\/\/tienda.rigelec.com.ar\/","logo":{"@type":"ImageObject","inLanguage":"es-AR","@id":"https:\/\/tienda.rigelec.com.ar\/#\/schema\/logo\/image\/","url":"https:\/\/tienda.rigelec.com.ar\/wp-content\/uploads\/2024\/09\/isologo-blanco-rigelec.png","contentUrl":"https:\/\/tienda.rigelec.com.ar\/wp-content\/uploads\/2024\/09\/isologo-blanco-rigelec.png","width":94,"height":97,"caption":"Tienda Rigelec"},"image":{"@id":"https:\/\/tienda.rigelec.com.ar\/#\/schema\/logo\/image\/"}}]}},"jetpack_sharing_enabled":true,"_links":{"self":[{"href":"https:\/\/tienda.rigelec.com.ar\/index.php?rest_route=\/wp\/v2\/product\/26783","targetHints":{"allow":["GET"]}}],"collection":[{"href":"https:\/\/tienda.rigelec.com.ar\/index.php?rest_route=\/wp\/v2\/product"}],"about":[{"href":"https:\/\/tienda.rigelec.com.ar\/index.php?rest_route=\/wp\/v2\/types\/product"}],"replies":[{"embeddable":true,"href":"https:\/\/tienda.rigelec.com.ar\/index.php?rest_route=%2Fwp%2Fv2%2Fcomments&post=26783"}],"wp:featuredmedia":[{"embeddable":true,"href":"https:\/\/tienda.rigelec.com.ar\/index.php?rest_route=\/wp\/v2\/media\/26784"}],"wp:attachment":[{"href":"https:\/\/tienda.rigelec.com.ar\/index.php?rest_route=%2Fwp%2Fv2%2Fmedia&parent=26783"}],"wp:term":[{"taxonomy":"product_brand","embeddable":true,"href":"https:\/\/tienda.rigelec.com.ar\/index.php?rest_route=%2Fwp%2Fv2%2Fproduct_brand&post=26783"},{"taxonomy":"product_cat","embeddable":true,"href":"https:\/\/tienda.rigelec.com.ar\/index.php?rest_route=%2Fwp%2Fv2%2Fproduct_cat&post=26783"},{"taxonomy":"product_tag","embeddable":true,"href":"https:\/\/tienda.rigelec.com.ar\/index.php?rest_route=%2Fwp%2Fv2%2Fproduct_tag&post=26783"}],"curies":[{"name":"wp","href":"https:\/\/api.w.org\/{rel}","templated":true}]}}