{"id":26801,"date":"2024-12-19T18:05:49","date_gmt":"2024-12-19T21:05:49","guid":{"rendered":"https:\/\/tienda.test.rigelec.com.ar\/?product=tapa-plata-mate-arte-100-2x124-6mm"},"modified":"2026-04-30T20:34:29","modified_gmt":"2026-04-30T23:34:29","slug":"tapa-plata-mate-arte-100-2x124-6mm","status":"publish","type":"product","link":"https:\/\/tienda.rigelec.com.ar\/?product=tapa-plata-mate-arte-100-2x124-6mm","title":{"rendered":"TAPA PLATA MATE ARTE 100.2X124.6MM"},"content":{"rendered":"<p>TAPA PLATA MATE<\/p>\n","protected":false},"excerpt":{"rendered":"<p>Tapa l\u00ednea A.R.T.E. en material puro platinium y distanciador blanco de 4 m\u00f3dulos.<br \/>\nEs mucho m\u00e1s que una simple colecci\u00f3n de llaves de luz; es la expresi\u00f3n de arte en cada rinc\u00f3n de tus espacios. A\u00f1ade estilo y armon\u00eda a tus ambientes, sus tapas no solo son funcionales, sino que a\u00f1aden un toque minimalista y arm\u00f3nico. Tiene dimensiones muy particulares, ya que son m\u00e1s anchas que una tapa est\u00e1ndar, permitiendo corregir errores de final de obra en las superficies. Cuenta con un distanciador de v\u00e9rtices curvos que generan el efecto de flotan en la pared. Debido a las propiedades del material aluminio, las fotos pueden distorsionar el color real del producto.<\/p>\n","protected":false},"featured_media":26802,"comment_status":"open","ping_status":"closed","template":"","meta":{"_monsterinsights_skip_tracking":false,"_monsterinsights_sitenote_active":false,"_monsterinsights_sitenote_note":"","_monsterinsights_sitenote_category":0},"product_brand":[],"product_cat":[263],"product_tag":[139],"class_list":{"0":"post-26801","1":"product","2":"type-product","3":"status-publish","4":"has-post-thumbnail","6":"product_cat-ii-tapas","7":"product_tag-cambre","9":"first","10":"outofstock","11":"shipping-taxable","12":"purchasable","13":"product-type-simple"},"yoast_head":"<!-- This site is optimized with the Yoast SEO plugin v25.3.1 - https:\/\/yoast.com\/wordpress\/plugins\/seo\/ -->\n<title>TAPA PLATA MATE ARTE 100.2X124.6MM - Tienda Rigelec<\/title>\n<meta name=\"robots\" content=\"index, follow, max-snippet:-1, max-image-preview:large, max-video-preview:-1\" \/>\n<link rel=\"canonical\" href=\"https:\/\/tienda.rigelec.com.ar\/?product=tapa-plata-mate-arte-100-2x124-6mm\" \/>\n<meta property=\"og:locale\" content=\"es_ES\" \/>\n<meta property=\"og:type\" content=\"article\" \/>\n<meta property=\"og:title\" content=\"TAPA PLATA MATE ARTE 100.2X124.6MM - Tienda Rigelec\" \/>\n<meta property=\"og:description\" content=\"Tapa l\u00ednea A.R.T.E. en material puro platinium y distanciador blanco de 4 m\u00f3dulos. Es mucho m\u00e1s que una simple colecci\u00f3n de llaves de luz; es la expresi\u00f3n de arte en cada rinc\u00f3n de tus espacios. A\u00f1ade estilo y armon\u00eda a tus ambientes, sus tapas no solo son funcionales, sino que a\u00f1aden un toque minimalista y arm\u00f3nico. Tiene dimensiones muy particulares, ya que son m\u00e1s anchas que una tapa est\u00e1ndar, permitiendo corregir errores de final de obra en las superficies. Cuenta con un distanciador de v\u00e9rtices curvos que generan el efecto de flotan en la pared. Debido a las propiedades del material aluminio, las fotos pueden distorsionar el color real del producto.\" \/>\n<meta property=\"og:url\" content=\"https:\/\/tienda.rigelec.com.ar\/?product=tapa-plata-mate-arte-100-2x124-6mm\" \/>\n<meta property=\"og:site_name\" content=\"Tienda Rigelec\" \/>\n<meta property=\"article:modified_time\" content=\"2026-04-30T23:34:29+00:00\" \/>\n<meta property=\"og:image\" content=\"https:\/\/tienda.rigelec.com.ar\/wp-content\/uploads\/2024\/12\/TAPAPLATAMATE.jpg\" \/>\n\t<meta property=\"og:image:width\" content=\"920\" \/>\n\t<meta property=\"og:image:height\" content=\"945\" \/>\n\t<meta property=\"og:image:type\" content=\"image\/jpeg\" \/>\n<meta name=\"twitter:card\" content=\"summary_large_image\" \/>\n<script type=\"application\/ld+json\" class=\"yoast-schema-graph\">{\"@context\":\"https:\/\/schema.org\",\"@graph\":[{\"@type\":\"WebPage\",\"@id\":\"https:\/\/tienda.rigelec.com.ar\/?product=tapa-plata-mate-arte-100-2x124-6mm\",\"url\":\"https:\/\/tienda.rigelec.com.ar\/?product=tapa-plata-mate-arte-100-2x124-6mm\",\"name\":\"TAPA PLATA MATE ARTE 100.2X124.6MM - Tienda Rigelec\",\"isPartOf\":{\"@id\":\"https:\/\/tienda.rigelec.com.ar\/#website\"},\"primaryImageOfPage\":{\"@id\":\"https:\/\/tienda.rigelec.com.ar\/?product=tapa-plata-mate-arte-100-2x124-6mm#primaryimage\"},\"image\":{\"@id\":\"https:\/\/tienda.rigelec.com.ar\/?product=tapa-plata-mate-arte-100-2x124-6mm#primaryimage\"},\"thumbnailUrl\":\"https:\/\/tienda.rigelec.com.ar\/wp-content\/uploads\/2024\/12\/TAPAPLATAMATE.jpg\",\"datePublished\":\"2024-12-19T21:05:49+00:00\",\"dateModified\":\"2026-04-30T23:34:29+00:00\",\"breadcrumb\":{\"@id\":\"https:\/\/tienda.rigelec.com.ar\/?product=tapa-plata-mate-arte-100-2x124-6mm#breadcrumb\"},\"inLanguage\":\"es-AR\",\"potentialAction\":[{\"@type\":\"ReadAction\",\"target\":[\"https:\/\/tienda.rigelec.com.ar\/?product=tapa-plata-mate-arte-100-2x124-6mm\"]}]},{\"@type\":\"ImageObject\",\"inLanguage\":\"es-AR\",\"@id\":\"https:\/\/tienda.rigelec.com.ar\/?product=tapa-plata-mate-arte-100-2x124-6mm#primaryimage\",\"url\":\"https:\/\/tienda.rigelec.com.ar\/wp-content\/uploads\/2024\/12\/TAPAPLATAMATE.jpg\",\"contentUrl\":\"https:\/\/tienda.rigelec.com.ar\/wp-content\/uploads\/2024\/12\/TAPAPLATAMATE.jpg\",\"width\":920,\"height\":945},{\"@type\":\"BreadcrumbList\",\"@id\":\"https:\/\/tienda.rigelec.com.ar\/?product=tapa-plata-mate-arte-100-2x124-6mm#breadcrumb\",\"itemListElement\":[{\"@type\":\"ListItem\",\"position\":1,\"name\":\"Inicio\",\"item\":\"https:\/\/tienda.rigelec.com.ar\/\"},{\"@type\":\"ListItem\",\"position\":2,\"name\":\"Shop\",\"item\":\"https:\/\/tienda.rigelec.com.ar\/?page_id=12\"},{\"@type\":\"ListItem\",\"position\":3,\"name\":\"TAPA PLATA MATE ARTE 100.2X124.6MM\"}]},{\"@type\":\"WebSite\",\"@id\":\"https:\/\/tienda.rigelec.com.ar\/#website\",\"url\":\"https:\/\/tienda.rigelec.com.ar\/\",\"name\":\"Tienda Rigelec\",\"description\":\"Energia en movimiento\",\"publisher\":{\"@id\":\"https:\/\/tienda.rigelec.com.ar\/#organization\"},\"potentialAction\":[{\"@type\":\"SearchAction\",\"target\":{\"@type\":\"EntryPoint\",\"urlTemplate\":\"https:\/\/tienda.rigelec.com.ar\/?s={search_term_string}\"},\"query-input\":{\"@type\":\"PropertyValueSpecification\",\"valueRequired\":true,\"valueName\":\"search_term_string\"}}],\"inLanguage\":\"es-AR\"},{\"@type\":\"Organization\",\"@id\":\"https:\/\/tienda.rigelec.com.ar\/#organization\",\"name\":\"Tienda Rigelec\",\"url\":\"https:\/\/tienda.rigelec.com.ar\/\",\"logo\":{\"@type\":\"ImageObject\",\"inLanguage\":\"es-AR\",\"@id\":\"https:\/\/tienda.rigelec.com.ar\/#\/schema\/logo\/image\/\",\"url\":\"https:\/\/tienda.rigelec.com.ar\/wp-content\/uploads\/2024\/09\/isologo-blanco-rigelec.png\",\"contentUrl\":\"https:\/\/tienda.rigelec.com.ar\/wp-content\/uploads\/2024\/09\/isologo-blanco-rigelec.png\",\"width\":94,\"height\":97,\"caption\":\"Tienda Rigelec\"},\"image\":{\"@id\":\"https:\/\/tienda.rigelec.com.ar\/#\/schema\/logo\/image\/\"}}]}<\/script>\n<!-- \/ Yoast SEO plugin. -->","yoast_head_json":{"title":"TAPA PLATA MATE ARTE 100.2X124.6MM - Tienda Rigelec","robots":{"index":"index","follow":"follow","max-snippet":"max-snippet:-1","max-image-preview":"max-image-preview:large","max-video-preview":"max-video-preview:-1"},"canonical":"https:\/\/tienda.rigelec.com.ar\/?product=tapa-plata-mate-arte-100-2x124-6mm","og_locale":"es_ES","og_type":"article","og_title":"TAPA PLATA MATE ARTE 100.2X124.6MM - Tienda Rigelec","og_description":"Tapa l\u00ednea A.R.T.E. en material puro platinium y distanciador blanco de 4 m\u00f3dulos. Es mucho m\u00e1s que una simple colecci\u00f3n de llaves de luz; es la expresi\u00f3n de arte en cada rinc\u00f3n de tus espacios. A\u00f1ade estilo y armon\u00eda a tus ambientes, sus tapas no solo son funcionales, sino que a\u00f1aden un toque minimalista y arm\u00f3nico. Tiene dimensiones muy particulares, ya que son m\u00e1s anchas que una tapa est\u00e1ndar, permitiendo corregir errores de final de obra en las superficies. Cuenta con un distanciador de v\u00e9rtices curvos que generan el efecto de flotan en la pared. Debido a las propiedades del material aluminio, las fotos pueden distorsionar el color real del producto.","og_url":"https:\/\/tienda.rigelec.com.ar\/?product=tapa-plata-mate-arte-100-2x124-6mm","og_site_name":"Tienda Rigelec","article_modified_time":"2026-04-30T23:34:29+00:00","og_image":[{"width":920,"height":945,"url":"https:\/\/tienda.rigelec.com.ar\/wp-content\/uploads\/2024\/12\/TAPAPLATAMATE.jpg","type":"image\/jpeg"}],"twitter_card":"summary_large_image","schema":{"@context":"https:\/\/schema.org","@graph":[{"@type":"WebPage","@id":"https:\/\/tienda.rigelec.com.ar\/?product=tapa-plata-mate-arte-100-2x124-6mm","url":"https:\/\/tienda.rigelec.com.ar\/?product=tapa-plata-mate-arte-100-2x124-6mm","name":"TAPA PLATA MATE ARTE 100.2X124.6MM - Tienda Rigelec","isPartOf":{"@id":"https:\/\/tienda.rigelec.com.ar\/#website"},"primaryImageOfPage":{"@id":"https:\/\/tienda.rigelec.com.ar\/?product=tapa-plata-mate-arte-100-2x124-6mm#primaryimage"},"image":{"@id":"https:\/\/tienda.rigelec.com.ar\/?product=tapa-plata-mate-arte-100-2x124-6mm#primaryimage"},"thumbnailUrl":"https:\/\/tienda.rigelec.com.ar\/wp-content\/uploads\/2024\/12\/TAPAPLATAMATE.jpg","datePublished":"2024-12-19T21:05:49+00:00","dateModified":"2026-04-30T23:34:29+00:00","breadcrumb":{"@id":"https:\/\/tienda.rigelec.com.ar\/?product=tapa-plata-mate-arte-100-2x124-6mm#breadcrumb"},"inLanguage":"es-AR","potentialAction":[{"@type":"ReadAction","target":["https:\/\/tienda.rigelec.com.ar\/?product=tapa-plata-mate-arte-100-2x124-6mm"]}]},{"@type":"ImageObject","inLanguage":"es-AR","@id":"https:\/\/tienda.rigelec.com.ar\/?product=tapa-plata-mate-arte-100-2x124-6mm#primaryimage","url":"https:\/\/tienda.rigelec.com.ar\/wp-content\/uploads\/2024\/12\/TAPAPLATAMATE.jpg","contentUrl":"https:\/\/tienda.rigelec.com.ar\/wp-content\/uploads\/2024\/12\/TAPAPLATAMATE.jpg","width":920,"height":945},{"@type":"BreadcrumbList","@id":"https:\/\/tienda.rigelec.com.ar\/?product=tapa-plata-mate-arte-100-2x124-6mm#breadcrumb","itemListElement":[{"@type":"ListItem","position":1,"name":"Inicio","item":"https:\/\/tienda.rigelec.com.ar\/"},{"@type":"ListItem","position":2,"name":"Shop","item":"https:\/\/tienda.rigelec.com.ar\/?page_id=12"},{"@type":"ListItem","position":3,"name":"TAPA PLATA MATE ARTE 100.2X124.6MM"}]},{"@type":"WebSite","@id":"https:\/\/tienda.rigelec.com.ar\/#website","url":"https:\/\/tienda.rigelec.com.ar\/","name":"Tienda Rigelec","description":"Energia en movimiento","publisher":{"@id":"https:\/\/tienda.rigelec.com.ar\/#organization"},"potentialAction":[{"@type":"SearchAction","target":{"@type":"EntryPoint","urlTemplate":"https:\/\/tienda.rigelec.com.ar\/?s={search_term_string}"},"query-input":{"@type":"PropertyValueSpecification","valueRequired":true,"valueName":"search_term_string"}}],"inLanguage":"es-AR"},{"@type":"Organization","@id":"https:\/\/tienda.rigelec.com.ar\/#organization","name":"Tienda Rigelec","url":"https:\/\/tienda.rigelec.com.ar\/","logo":{"@type":"ImageObject","inLanguage":"es-AR","@id":"https:\/\/tienda.rigelec.com.ar\/#\/schema\/logo\/image\/","url":"https:\/\/tienda.rigelec.com.ar\/wp-content\/uploads\/2024\/09\/isologo-blanco-rigelec.png","contentUrl":"https:\/\/tienda.rigelec.com.ar\/wp-content\/uploads\/2024\/09\/isologo-blanco-rigelec.png","width":94,"height":97,"caption":"Tienda Rigelec"},"image":{"@id":"https:\/\/tienda.rigelec.com.ar\/#\/schema\/logo\/image\/"}}]}},"jetpack_sharing_enabled":true,"_links":{"self":[{"href":"https:\/\/tienda.rigelec.com.ar\/index.php?rest_route=\/wp\/v2\/product\/26801","targetHints":{"allow":["GET"]}}],"collection":[{"href":"https:\/\/tienda.rigelec.com.ar\/index.php?rest_route=\/wp\/v2\/product"}],"about":[{"href":"https:\/\/tienda.rigelec.com.ar\/index.php?rest_route=\/wp\/v2\/types\/product"}],"replies":[{"embeddable":true,"href":"https:\/\/tienda.rigelec.com.ar\/index.php?rest_route=%2Fwp%2Fv2%2Fcomments&post=26801"}],"wp:featuredmedia":[{"embeddable":true,"href":"https:\/\/tienda.rigelec.com.ar\/index.php?rest_route=\/wp\/v2\/media\/26802"}],"wp:attachment":[{"href":"https:\/\/tienda.rigelec.com.ar\/index.php?rest_route=%2Fwp%2Fv2%2Fmedia&parent=26801"}],"wp:term":[{"taxonomy":"product_brand","embeddable":true,"href":"https:\/\/tienda.rigelec.com.ar\/index.php?rest_route=%2Fwp%2Fv2%2Fproduct_brand&post=26801"},{"taxonomy":"product_cat","embeddable":true,"href":"https:\/\/tienda.rigelec.com.ar\/index.php?rest_route=%2Fwp%2Fv2%2Fproduct_cat&post=26801"},{"taxonomy":"product_tag","embeddable":true,"href":"https:\/\/tienda.rigelec.com.ar\/index.php?rest_route=%2Fwp%2Fv2%2Fproduct_tag&post=26801"}],"curies":[{"name":"wp","href":"https:\/\/api.w.org\/{rel}","templated":true}]}}