{"id":27067,"date":"2024-12-19T18:19:47","date_gmt":"2024-12-19T21:19:47","guid":{"rendered":"https:\/\/tienda.test.rigelec.com.ar\/?product=modulo-cargador-usb-doble-220v-blanco-3-1a"},"modified":"2026-05-05T23:19:37","modified_gmt":"2026-05-06T02:19:37","slug":"modulo-cargador-usb-doble-220v-blanco-3-1a","status":"publish","type":"product","link":"https:\/\/tienda.rigelec.com.ar\/?product=modulo-cargador-usb-doble-220v-blanco-3-1a","title":{"rendered":"MODULO CARGADOR USB DOBLE 220V BLANCO 3.1A"},"content":{"rendered":"<p>MODULO CARGADOR USB DOBLE 220V BLANCO 3.1A<\/p>\n","protected":false},"excerpt":{"rendered":"<p>Permite cargar la bater\u00eda de dispositivos m\u00f3viles con conexi\u00f3n a puerto USB que cumplen con el protocolos USB Battery Charging Specification.<br \/>\nUn indicador luminoso compuesto de un LED de color blanco, ilumina tenuemente cada conector de salida facilitando su ubicaci\u00f3n y al mismo tiempo indica la presencia de tensi\u00f3n.<br \/>\nCaracter\u00edsticas T\u00e9cnicas<br \/>\nTensi\u00f3n de alimentaci\u00f3n: 220Vca<br \/>\nFrecuencia de entrada: 50Hz a 60Hz<br \/>\nCorriente de entrada M\u00e1xima: 0,35 A RMS<br \/>\nCorriente de entrada Pico de Encendido M\u00e1ximo: &lt; 15Amp. @ 25oC y 220Vca<br \/>\nTensi\u00f3n de salida: 5Vcc +\/-5%<br \/>\nCorriente de salida M\u00e1xima: 3,1Amperes (ambas salidas sumadas).<br \/>\nProtecci\u00f3n contra Corto Circuito de Salida, reposici\u00f3n autom\u00e1tica.<br \/>\nTemperatura de operaci\u00f3n: -10oC a +40oC<br \/>\nBornes de alimentaci\u00f3n: 2 \u0096 secci\u00f3n del cable hasta 1,5mm 2<br \/>\nBorne de salida: 2 conectores USB tipo A<br \/>\nIndicador de salida: LED color blanco. Encendido indica tensi\u00f3n de salida presente.<br \/>\nCuerpo de Policarbonato<br \/>\nUso interior.<br \/>\nDispositivo Clase II.<br \/>\nNo incluye cables para conectar a dispositivos m\u00f3viles.<\/p>\n","protected":false},"featured_media":27068,"comment_status":"open","ping_status":"closed","template":"","meta":{"_monsterinsights_skip_tracking":false,"_monsterinsights_sitenote_active":false,"_monsterinsights_sitenote_note":"","_monsterinsights_sitenote_category":0},"product_brand":[],"product_cat":[301],"product_tag":[139],"class_list":{"0":"post-27067","1":"product","2":"type-product","3":"status-publish","4":"has-post-thumbnail","6":"product_cat-4-accesorios","7":"product_tag-cambre","9":"first","10":"instock","11":"shipping-taxable","12":"purchasable","13":"product-type-simple"},"yoast_head":"<!-- This site is optimized with the Yoast SEO plugin v25.3.1 - https:\/\/yoast.com\/wordpress\/plugins\/seo\/ -->\n<title>MODULO CARGADOR USB DOBLE 220V BLANCO 3.1A - Tienda Rigelec<\/title>\n<meta name=\"robots\" content=\"index, follow, max-snippet:-1, max-image-preview:large, max-video-preview:-1\" \/>\n<link rel=\"canonical\" href=\"https:\/\/tienda.rigelec.com.ar\/?product=modulo-cargador-usb-doble-220v-blanco-3-1a\" \/>\n<meta property=\"og:locale\" content=\"es_ES\" \/>\n<meta property=\"og:type\" content=\"article\" \/>\n<meta property=\"og:title\" content=\"MODULO CARGADOR USB DOBLE 220V BLANCO 3.1A - Tienda Rigelec\" \/>\n<meta property=\"og:description\" content=\"Permite cargar la bater\u00eda de dispositivos m\u00f3viles con conexi\u00f3n a puerto USB que cumplen con el protocolos USB Battery Charging Specification. Un indicador luminoso compuesto de un LED de color blanco, ilumina tenuemente cada conector de salida facilitando su ubicaci\u00f3n y al mismo tiempo indica la presencia de tensi\u00f3n. Caracter\u00edsticas T\u00e9cnicas Tensi\u00f3n de alimentaci\u00f3n: 220Vca Frecuencia de entrada: 50Hz a 60Hz Corriente de entrada M\u00e1xima: 0,35 A RMS Corriente de entrada Pico de Encendido M\u00e1ximo: &lt; 15Amp. @ 25oC y 220Vca Tensi\u00f3n de salida: 5Vcc +\/-5% Corriente de salida M\u00e1xima: 3,1Amperes (ambas salidas sumadas). Protecci\u00f3n contra Corto Circuito de Salida, reposici\u00f3n autom\u00e1tica. Temperatura de operaci\u00f3n: -10oC a +40oC Bornes de alimentaci\u00f3n: 2 \u0096 secci\u00f3n del cable hasta 1,5mm 2 Borne de salida: 2 conectores USB tipo A Indicador de salida: LED color blanco. Encendido indica tensi\u00f3n de salida presente. Cuerpo de Policarbonato Uso interior. Dispositivo Clase II. No incluye cables para conectar a dispositivos m\u00f3viles.\" \/>\n<meta property=\"og:url\" content=\"https:\/\/tienda.rigelec.com.ar\/?product=modulo-cargador-usb-doble-220v-blanco-3-1a\" \/>\n<meta property=\"og:site_name\" content=\"Tienda Rigelec\" \/>\n<meta property=\"article:modified_time\" content=\"2026-05-06T02:19:37+00:00\" \/>\n<meta property=\"og:image\" content=\"https:\/\/tienda.rigelec.com.ar\/wp-content\/uploads\/2024\/12\/MODULOCARGADORUSBDOBLE220VBLANCO3.1A.jpg\" \/>\n\t<meta property=\"og:image:width\" content=\"951\" \/>\n\t<meta property=\"og:image:height\" content=\"893\" \/>\n\t<meta property=\"og:image:type\" content=\"image\/jpeg\" \/>\n<meta name=\"twitter:card\" content=\"summary_large_image\" \/>\n<script type=\"application\/ld+json\" class=\"yoast-schema-graph\">{\"@context\":\"https:\/\/schema.org\",\"@graph\":[{\"@type\":\"WebPage\",\"@id\":\"https:\/\/tienda.rigelec.com.ar\/?product=modulo-cargador-usb-doble-220v-blanco-3-1a\",\"url\":\"https:\/\/tienda.rigelec.com.ar\/?product=modulo-cargador-usb-doble-220v-blanco-3-1a\",\"name\":\"MODULO CARGADOR USB DOBLE 220V BLANCO 3.1A - Tienda Rigelec\",\"isPartOf\":{\"@id\":\"https:\/\/tienda.rigelec.com.ar\/#website\"},\"primaryImageOfPage\":{\"@id\":\"https:\/\/tienda.rigelec.com.ar\/?product=modulo-cargador-usb-doble-220v-blanco-3-1a#primaryimage\"},\"image\":{\"@id\":\"https:\/\/tienda.rigelec.com.ar\/?product=modulo-cargador-usb-doble-220v-blanco-3-1a#primaryimage\"},\"thumbnailUrl\":\"https:\/\/tienda.rigelec.com.ar\/wp-content\/uploads\/2024\/12\/MODULOCARGADORUSBDOBLE220VBLANCO3.1A.jpg\",\"datePublished\":\"2024-12-19T21:19:47+00:00\",\"dateModified\":\"2026-05-06T02:19:37+00:00\",\"breadcrumb\":{\"@id\":\"https:\/\/tienda.rigelec.com.ar\/?product=modulo-cargador-usb-doble-220v-blanco-3-1a#breadcrumb\"},\"inLanguage\":\"es-AR\",\"potentialAction\":[{\"@type\":\"ReadAction\",\"target\":[\"https:\/\/tienda.rigelec.com.ar\/?product=modulo-cargador-usb-doble-220v-blanco-3-1a\"]}]},{\"@type\":\"ImageObject\",\"inLanguage\":\"es-AR\",\"@id\":\"https:\/\/tienda.rigelec.com.ar\/?product=modulo-cargador-usb-doble-220v-blanco-3-1a#primaryimage\",\"url\":\"https:\/\/tienda.rigelec.com.ar\/wp-content\/uploads\/2024\/12\/MODULOCARGADORUSBDOBLE220VBLANCO3.1A.jpg\",\"contentUrl\":\"https:\/\/tienda.rigelec.com.ar\/wp-content\/uploads\/2024\/12\/MODULOCARGADORUSBDOBLE220VBLANCO3.1A.jpg\",\"width\":951,\"height\":893},{\"@type\":\"BreadcrumbList\",\"@id\":\"https:\/\/tienda.rigelec.com.ar\/?product=modulo-cargador-usb-doble-220v-blanco-3-1a#breadcrumb\",\"itemListElement\":[{\"@type\":\"ListItem\",\"position\":1,\"name\":\"Inicio\",\"item\":\"https:\/\/tienda.rigelec.com.ar\/\"},{\"@type\":\"ListItem\",\"position\":2,\"name\":\"Shop\",\"item\":\"https:\/\/tienda.rigelec.com.ar\/?page_id=12\"},{\"@type\":\"ListItem\",\"position\":3,\"name\":\"MODULO CARGADOR USB DOBLE 220V BLANCO 3.1A\"}]},{\"@type\":\"WebSite\",\"@id\":\"https:\/\/tienda.rigelec.com.ar\/#website\",\"url\":\"https:\/\/tienda.rigelec.com.ar\/\",\"name\":\"Tienda Rigelec\",\"description\":\"Energia en movimiento\",\"publisher\":{\"@id\":\"https:\/\/tienda.rigelec.com.ar\/#organization\"},\"potentialAction\":[{\"@type\":\"SearchAction\",\"target\":{\"@type\":\"EntryPoint\",\"urlTemplate\":\"https:\/\/tienda.rigelec.com.ar\/?s={search_term_string}\"},\"query-input\":{\"@type\":\"PropertyValueSpecification\",\"valueRequired\":true,\"valueName\":\"search_term_string\"}}],\"inLanguage\":\"es-AR\"},{\"@type\":\"Organization\",\"@id\":\"https:\/\/tienda.rigelec.com.ar\/#organization\",\"name\":\"Tienda Rigelec\",\"url\":\"https:\/\/tienda.rigelec.com.ar\/\",\"logo\":{\"@type\":\"ImageObject\",\"inLanguage\":\"es-AR\",\"@id\":\"https:\/\/tienda.rigelec.com.ar\/#\/schema\/logo\/image\/\",\"url\":\"https:\/\/tienda.rigelec.com.ar\/wp-content\/uploads\/2024\/09\/isologo-blanco-rigelec.png\",\"contentUrl\":\"https:\/\/tienda.rigelec.com.ar\/wp-content\/uploads\/2024\/09\/isologo-blanco-rigelec.png\",\"width\":94,\"height\":97,\"caption\":\"Tienda Rigelec\"},\"image\":{\"@id\":\"https:\/\/tienda.rigelec.com.ar\/#\/schema\/logo\/image\/\"}}]}<\/script>\n<!-- \/ Yoast SEO plugin. -->","yoast_head_json":{"title":"MODULO CARGADOR USB DOBLE 220V BLANCO 3.1A - Tienda Rigelec","robots":{"index":"index","follow":"follow","max-snippet":"max-snippet:-1","max-image-preview":"max-image-preview:large","max-video-preview":"max-video-preview:-1"},"canonical":"https:\/\/tienda.rigelec.com.ar\/?product=modulo-cargador-usb-doble-220v-blanco-3-1a","og_locale":"es_ES","og_type":"article","og_title":"MODULO CARGADOR USB DOBLE 220V BLANCO 3.1A - Tienda Rigelec","og_description":"Permite cargar la bater\u00eda de dispositivos m\u00f3viles con conexi\u00f3n a puerto USB que cumplen con el protocolos USB Battery Charging Specification. Un indicador luminoso compuesto de un LED de color blanco, ilumina tenuemente cada conector de salida facilitando su ubicaci\u00f3n y al mismo tiempo indica la presencia de tensi\u00f3n. Caracter\u00edsticas T\u00e9cnicas Tensi\u00f3n de alimentaci\u00f3n: 220Vca Frecuencia de entrada: 50Hz a 60Hz Corriente de entrada M\u00e1xima: 0,35 A RMS Corriente de entrada Pico de Encendido M\u00e1ximo: &lt; 15Amp. @ 25oC y 220Vca Tensi\u00f3n de salida: 5Vcc +\/-5% Corriente de salida M\u00e1xima: 3,1Amperes (ambas salidas sumadas). Protecci\u00f3n contra Corto Circuito de Salida, reposici\u00f3n autom\u00e1tica. Temperatura de operaci\u00f3n: -10oC a +40oC Bornes de alimentaci\u00f3n: 2 \u0096 secci\u00f3n del cable hasta 1,5mm 2 Borne de salida: 2 conectores USB tipo A Indicador de salida: LED color blanco. Encendido indica tensi\u00f3n de salida presente. Cuerpo de Policarbonato Uso interior. Dispositivo Clase II. No incluye cables para conectar a dispositivos m\u00f3viles.","og_url":"https:\/\/tienda.rigelec.com.ar\/?product=modulo-cargador-usb-doble-220v-blanco-3-1a","og_site_name":"Tienda Rigelec","article_modified_time":"2026-05-06T02:19:37+00:00","og_image":[{"width":951,"height":893,"url":"https:\/\/tienda.rigelec.com.ar\/wp-content\/uploads\/2024\/12\/MODULOCARGADORUSBDOBLE220VBLANCO3.1A.jpg","type":"image\/jpeg"}],"twitter_card":"summary_large_image","schema":{"@context":"https:\/\/schema.org","@graph":[{"@type":"WebPage","@id":"https:\/\/tienda.rigelec.com.ar\/?product=modulo-cargador-usb-doble-220v-blanco-3-1a","url":"https:\/\/tienda.rigelec.com.ar\/?product=modulo-cargador-usb-doble-220v-blanco-3-1a","name":"MODULO CARGADOR USB DOBLE 220V BLANCO 3.1A - Tienda Rigelec","isPartOf":{"@id":"https:\/\/tienda.rigelec.com.ar\/#website"},"primaryImageOfPage":{"@id":"https:\/\/tienda.rigelec.com.ar\/?product=modulo-cargador-usb-doble-220v-blanco-3-1a#primaryimage"},"image":{"@id":"https:\/\/tienda.rigelec.com.ar\/?product=modulo-cargador-usb-doble-220v-blanco-3-1a#primaryimage"},"thumbnailUrl":"https:\/\/tienda.rigelec.com.ar\/wp-content\/uploads\/2024\/12\/MODULOCARGADORUSBDOBLE220VBLANCO3.1A.jpg","datePublished":"2024-12-19T21:19:47+00:00","dateModified":"2026-05-06T02:19:37+00:00","breadcrumb":{"@id":"https:\/\/tienda.rigelec.com.ar\/?product=modulo-cargador-usb-doble-220v-blanco-3-1a#breadcrumb"},"inLanguage":"es-AR","potentialAction":[{"@type":"ReadAction","target":["https:\/\/tienda.rigelec.com.ar\/?product=modulo-cargador-usb-doble-220v-blanco-3-1a"]}]},{"@type":"ImageObject","inLanguage":"es-AR","@id":"https:\/\/tienda.rigelec.com.ar\/?product=modulo-cargador-usb-doble-220v-blanco-3-1a#primaryimage","url":"https:\/\/tienda.rigelec.com.ar\/wp-content\/uploads\/2024\/12\/MODULOCARGADORUSBDOBLE220VBLANCO3.1A.jpg","contentUrl":"https:\/\/tienda.rigelec.com.ar\/wp-content\/uploads\/2024\/12\/MODULOCARGADORUSBDOBLE220VBLANCO3.1A.jpg","width":951,"height":893},{"@type":"BreadcrumbList","@id":"https:\/\/tienda.rigelec.com.ar\/?product=modulo-cargador-usb-doble-220v-blanco-3-1a#breadcrumb","itemListElement":[{"@type":"ListItem","position":1,"name":"Inicio","item":"https:\/\/tienda.rigelec.com.ar\/"},{"@type":"ListItem","position":2,"name":"Shop","item":"https:\/\/tienda.rigelec.com.ar\/?page_id=12"},{"@type":"ListItem","position":3,"name":"MODULO CARGADOR USB DOBLE 220V BLANCO 3.1A"}]},{"@type":"WebSite","@id":"https:\/\/tienda.rigelec.com.ar\/#website","url":"https:\/\/tienda.rigelec.com.ar\/","name":"Tienda Rigelec","description":"Energia en movimiento","publisher":{"@id":"https:\/\/tienda.rigelec.com.ar\/#organization"},"potentialAction":[{"@type":"SearchAction","target":{"@type":"EntryPoint","urlTemplate":"https:\/\/tienda.rigelec.com.ar\/?s={search_term_string}"},"query-input":{"@type":"PropertyValueSpecification","valueRequired":true,"valueName":"search_term_string"}}],"inLanguage":"es-AR"},{"@type":"Organization","@id":"https:\/\/tienda.rigelec.com.ar\/#organization","name":"Tienda Rigelec","url":"https:\/\/tienda.rigelec.com.ar\/","logo":{"@type":"ImageObject","inLanguage":"es-AR","@id":"https:\/\/tienda.rigelec.com.ar\/#\/schema\/logo\/image\/","url":"https:\/\/tienda.rigelec.com.ar\/wp-content\/uploads\/2024\/09\/isologo-blanco-rigelec.png","contentUrl":"https:\/\/tienda.rigelec.com.ar\/wp-content\/uploads\/2024\/09\/isologo-blanco-rigelec.png","width":94,"height":97,"caption":"Tienda Rigelec"},"image":{"@id":"https:\/\/tienda.rigelec.com.ar\/#\/schema\/logo\/image\/"}}]}},"jetpack_sharing_enabled":true,"_links":{"self":[{"href":"https:\/\/tienda.rigelec.com.ar\/index.php?rest_route=\/wp\/v2\/product\/27067","targetHints":{"allow":["GET"]}}],"collection":[{"href":"https:\/\/tienda.rigelec.com.ar\/index.php?rest_route=\/wp\/v2\/product"}],"about":[{"href":"https:\/\/tienda.rigelec.com.ar\/index.php?rest_route=\/wp\/v2\/types\/product"}],"replies":[{"embeddable":true,"href":"https:\/\/tienda.rigelec.com.ar\/index.php?rest_route=%2Fwp%2Fv2%2Fcomments&post=27067"}],"wp:featuredmedia":[{"embeddable":true,"href":"https:\/\/tienda.rigelec.com.ar\/index.php?rest_route=\/wp\/v2\/media\/27068"}],"wp:attachment":[{"href":"https:\/\/tienda.rigelec.com.ar\/index.php?rest_route=%2Fwp%2Fv2%2Fmedia&parent=27067"}],"wp:term":[{"taxonomy":"product_brand","embeddable":true,"href":"https:\/\/tienda.rigelec.com.ar\/index.php?rest_route=%2Fwp%2Fv2%2Fproduct_brand&post=27067"},{"taxonomy":"product_cat","embeddable":true,"href":"https:\/\/tienda.rigelec.com.ar\/index.php?rest_route=%2Fwp%2Fv2%2Fproduct_cat&post=27067"},{"taxonomy":"product_tag","embeddable":true,"href":"https:\/\/tienda.rigelec.com.ar\/index.php?rest_route=%2Fwp%2Fv2%2Fproduct_tag&post=27067"}],"curies":[{"name":"wp","href":"https:\/\/api.w.org\/{rel}","templated":true}]}}