{"id":27249,"date":"2024-12-19T18:29:42","date_gmt":"2024-12-19T21:29:42","guid":{"rendered":"https:\/\/tienda.test.rigelec.com.ar\/?product=perfil-de-aluminio-anodizado-24cm"},"modified":"2026-04-03T09:59:27","modified_gmt":"2026-04-03T12:59:27","slug":"perfil-de-aluminio-anodizado-24-cm-corte-preciso-y-resistente-uso-electrico-y-estructural","status":"publish","type":"product","link":"https:\/\/tienda.rigelec.com.ar\/?product=perfil-de-aluminio-anodizado-24-cm-corte-preciso-y-resistente-uso-electrico-y-estructural","title":{"rendered":"PERFIL DE ALUMINIO ANODIZADO  24CM"},"content":{"rendered":"<p data-start=\"350\" data-end=\"689\">El <strong data-start=\"353\" data-end=\"394\">perfil de aluminio anodizado de 24 cm<\/strong> es una soluci\u00f3n vers\u00e1til, duradera y liviana para aplicaciones estructurales, decorativas y el\u00e9ctricas. Gracias a su <strong data-start=\"512\" data-end=\"537\">tratamiento anodizado<\/strong>, ofrece una <strong data-start=\"550\" data-end=\"586\">mayor resistencia a la corrosi\u00f3n<\/strong>, al desgaste y a la intemperie, asegurando una <strong data-start=\"634\" data-end=\"657\">excelente vida \u00fatil<\/strong> incluso en ambientes exigentes.<\/p>\n<p data-start=\"691\" data-end=\"949\">Ideal para <strong data-start=\"702\" data-end=\"833\">instalaciones el\u00e9ctricas, soportes de canalizaciones, cerramientos, mobiliario, iluminaci\u00f3n LED y terminaciones arquitect\u00f3nicas<\/strong>, este perfil se adapta con facilidad al montaje en superficies planas, rieles, estructuras o envolventes met\u00e1licos.<\/p>\n<p data-start=\"951\" data-end=\"1110\">Su <strong data-start=\"954\" data-end=\"975\">longitud de 24 cm<\/strong> lo convierte en un componente pr\u00e1ctico para aplicaciones puntuales o de refuerzo, reduciendo cortes y optimizando el uso del material.<\/p>\n<p data-start=\"1112\" data-end=\"1155\"><strong data-start=\"1115\" data-end=\"1155\">Caracter\u00edsticas t\u00e9cnicas destacadas:<\/strong><\/p>\n<ul data-start=\"1156\" data-end=\"1480\">\n<li data-start=\"1156\" data-end=\"1188\">\n<p data-start=\"1158\" data-end=\"1188\">Material: Aluminio anodizado<\/p>\n<\/li>\n<li data-start=\"1189\" data-end=\"1208\">\n<p data-start=\"1191\" data-end=\"1208\">Longitud: 24 cm<\/p>\n<\/li>\n<li data-start=\"1209\" data-end=\"1264\">\n<p data-start=\"1211\" data-end=\"1264\">Acabado: Mate brillante (resistente a la corrosi\u00f3n)<\/p>\n<\/li>\n<li data-start=\"1265\" data-end=\"1308\">\n<p data-start=\"1267\" data-end=\"1308\">Liviano y de alta conductividad t\u00e9rmica<\/p>\n<\/li>\n<li data-start=\"1309\" data-end=\"1350\">\n<p data-start=\"1311\" data-end=\"1350\">F\u00e1cil de mecanizar, taladrar o cortar<\/p>\n<\/li>\n<li data-start=\"1351\" data-end=\"1379\">\n<p data-start=\"1353\" data-end=\"1379\">Uso: Interior y exterior<\/p>\n<\/li>\n<li data-start=\"1380\" data-end=\"1480\">\n<p data-start=\"1382\" data-end=\"1480\">Aplicaciones: Soportes el\u00e9ctricos, perfiler\u00eda, montaje de luminarias, racks, estructuras modulares<\/p>\n<\/li>\n<\/ul>\n<p data-start=\"1482\" data-end=\"1601\"><strong data-start=\"1482\" data-end=\"1497\">Ideal para:<\/strong> Electricistas, instaladores, herreros, carpinteros met\u00e1licos, dise\u00f1adores industriales o constructores.<\/p>\n<div class=\"cgkit-as-variation-price\"><\/div>\n","protected":false},"excerpt":{"rendered":"<p>El Track puede montarse sobre pisos o paredes, combinando distintos tomacorrientes o funciones, y sirven especialmente en comercios y oficinas, o para alimentar equipos con tensiones diversas. Ofrece una amplia posibilidad de combinaciones de armado. El material utilizado brinda una alta resistencia al impacto y los pesos elevados.<\/p>\n","protected":false},"featured_media":27250,"comment_status":"open","ping_status":"closed","template":"","meta":[],"product_brand":[],"product_cat":[295],"product_tag":[139],"class_list":{"0":"post-27249","1":"product","2":"type-product","3":"status-publish","4":"has-post-thumbnail","6":"product_cat-c-cajas","7":"product_tag-cambre","9":"first","10":"instock","11":"shipping-taxable","12":"purchasable","13":"product-type-simple"},"yoast_head":"<!-- This site is optimized with the Yoast SEO plugin v25.3.1 - https:\/\/yoast.com\/wordpress\/plugins\/seo\/ -->\n<title>PERFIL DE ALUMINIO ANODIZADO 24CM - Tienda Rigelec<\/title>\n<meta name=\"description\" content=\"Perfil de aluminio anodizado de 24 cm. Resistente a la corrosi\u00f3n, ideal para instalaciones el\u00e9ctricas, estructuras livianas o montajes decorativos.\" \/>\n<meta name=\"robots\" content=\"index, follow, max-snippet:-1, max-image-preview:large, max-video-preview:-1\" \/>\n<link rel=\"canonical\" href=\"https:\/\/tienda.rigelec.com.ar\/?product=perfil-de-aluminio-anodizado-24-cm-corte-preciso-y-resistente-uso-electrico-y-estructural\" \/>\n<meta property=\"og:locale\" content=\"es_ES\" \/>\n<meta property=\"og:type\" content=\"article\" \/>\n<meta property=\"og:title\" content=\"PERFIL DE ALUMINIO ANODIZADO 24CM - Tienda Rigelec\" \/>\n<meta property=\"og:description\" content=\"Perfil de aluminio anodizado de 24 cm. Resistente a la corrosi\u00f3n, ideal para instalaciones el\u00e9ctricas, estructuras livianas o montajes decorativos.\" \/>\n<meta property=\"og:url\" content=\"https:\/\/tienda.rigelec.com.ar\/?product=perfil-de-aluminio-anodizado-24-cm-corte-preciso-y-resistente-uso-electrico-y-estructural\" \/>\n<meta property=\"og:site_name\" content=\"Tienda Rigelec\" \/>\n<meta property=\"article:modified_time\" content=\"2026-04-03T12:59:27+00:00\" \/>\n<meta property=\"og:image\" content=\"https:\/\/tienda.rigelec.com.ar\/wp-content\/uploads\/2024\/12\/PERFILDEALUMINIOANODIZADO.jpg\" \/>\n\t<meta property=\"og:image:width\" content=\"941\" \/>\n\t<meta property=\"og:image:height\" content=\"944\" \/>\n\t<meta property=\"og:image:type\" content=\"image\/jpeg\" \/>\n<meta name=\"twitter:card\" content=\"summary_large_image\" \/>\n<meta name=\"twitter:label1\" content=\"Tiempo de lectura\" \/>\n\t<meta name=\"twitter:data1\" content=\"1 minuto\" \/>\n<script type=\"application\/ld+json\" class=\"yoast-schema-graph\">{\"@context\":\"https:\/\/schema.org\",\"@graph\":[{\"@type\":\"WebPage\",\"@id\":\"https:\/\/tienda.rigelec.com.ar\/?product=perfil-de-aluminio-anodizado-24-cm-corte-preciso-y-resistente-uso-electrico-y-estructural\",\"url\":\"https:\/\/tienda.rigelec.com.ar\/?product=perfil-de-aluminio-anodizado-24-cm-corte-preciso-y-resistente-uso-electrico-y-estructural\",\"name\":\"PERFIL DE ALUMINIO ANODIZADO 24CM - Tienda Rigelec\",\"isPartOf\":{\"@id\":\"https:\/\/tienda.rigelec.com.ar\/#website\"},\"primaryImageOfPage\":{\"@id\":\"https:\/\/tienda.rigelec.com.ar\/?product=perfil-de-aluminio-anodizado-24-cm-corte-preciso-y-resistente-uso-electrico-y-estructural#primaryimage\"},\"image\":{\"@id\":\"https:\/\/tienda.rigelec.com.ar\/?product=perfil-de-aluminio-anodizado-24-cm-corte-preciso-y-resistente-uso-electrico-y-estructural#primaryimage\"},\"thumbnailUrl\":\"https:\/\/tienda.rigelec.com.ar\/wp-content\/uploads\/2024\/12\/PERFILDEALUMINIOANODIZADO.jpg\",\"datePublished\":\"2024-12-19T21:29:42+00:00\",\"dateModified\":\"2026-04-03T12:59:27+00:00\",\"description\":\"Perfil de aluminio anodizado de 24 cm. Resistente a la corrosi\u00f3n, ideal para instalaciones el\u00e9ctricas, estructuras livianas o montajes decorativos.\",\"breadcrumb\":{\"@id\":\"https:\/\/tienda.rigelec.com.ar\/?product=perfil-de-aluminio-anodizado-24-cm-corte-preciso-y-resistente-uso-electrico-y-estructural#breadcrumb\"},\"inLanguage\":\"es-AR\",\"potentialAction\":[{\"@type\":\"ReadAction\",\"target\":[\"https:\/\/tienda.rigelec.com.ar\/?product=perfil-de-aluminio-anodizado-24-cm-corte-preciso-y-resistente-uso-electrico-y-estructural\"]}]},{\"@type\":\"ImageObject\",\"inLanguage\":\"es-AR\",\"@id\":\"https:\/\/tienda.rigelec.com.ar\/?product=perfil-de-aluminio-anodizado-24-cm-corte-preciso-y-resistente-uso-electrico-y-estructural#primaryimage\",\"url\":\"https:\/\/tienda.rigelec.com.ar\/wp-content\/uploads\/2024\/12\/PERFILDEALUMINIOANODIZADO.jpg\",\"contentUrl\":\"https:\/\/tienda.rigelec.com.ar\/wp-content\/uploads\/2024\/12\/PERFILDEALUMINIOANODIZADO.jpg\",\"width\":941,\"height\":944},{\"@type\":\"BreadcrumbList\",\"@id\":\"https:\/\/tienda.rigelec.com.ar\/?product=perfil-de-aluminio-anodizado-24-cm-corte-preciso-y-resistente-uso-electrico-y-estructural#breadcrumb\",\"itemListElement\":[{\"@type\":\"ListItem\",\"position\":1,\"name\":\"Inicio\",\"item\":\"https:\/\/tienda.rigelec.com.ar\/\"},{\"@type\":\"ListItem\",\"position\":2,\"name\":\"Shop\",\"item\":\"https:\/\/tienda.rigelec.com.ar\/?page_id=12\"},{\"@type\":\"ListItem\",\"position\":3,\"name\":\"PERFIL DE ALUMINIO ANODIZADO 24CM\"}]},{\"@type\":\"WebSite\",\"@id\":\"https:\/\/tienda.rigelec.com.ar\/#website\",\"url\":\"https:\/\/tienda.rigelec.com.ar\/\",\"name\":\"Tienda Rigelec\",\"description\":\"Energia en movimiento\",\"publisher\":{\"@id\":\"https:\/\/tienda.rigelec.com.ar\/#organization\"},\"potentialAction\":[{\"@type\":\"SearchAction\",\"target\":{\"@type\":\"EntryPoint\",\"urlTemplate\":\"https:\/\/tienda.rigelec.com.ar\/?s={search_term_string}\"},\"query-input\":{\"@type\":\"PropertyValueSpecification\",\"valueRequired\":true,\"valueName\":\"search_term_string\"}}],\"inLanguage\":\"es-AR\"},{\"@type\":\"Organization\",\"@id\":\"https:\/\/tienda.rigelec.com.ar\/#organization\",\"name\":\"Tienda Rigelec\",\"url\":\"https:\/\/tienda.rigelec.com.ar\/\",\"logo\":{\"@type\":\"ImageObject\",\"inLanguage\":\"es-AR\",\"@id\":\"https:\/\/tienda.rigelec.com.ar\/#\/schema\/logo\/image\/\",\"url\":\"https:\/\/tienda.rigelec.com.ar\/wp-content\/uploads\/2024\/09\/isologo-blanco-rigelec.png\",\"contentUrl\":\"https:\/\/tienda.rigelec.com.ar\/wp-content\/uploads\/2024\/09\/isologo-blanco-rigelec.png\",\"width\":94,\"height\":97,\"caption\":\"Tienda Rigelec\"},\"image\":{\"@id\":\"https:\/\/tienda.rigelec.com.ar\/#\/schema\/logo\/image\/\"}}]}<\/script>\n<!-- \/ Yoast SEO plugin. -->","yoast_head_json":{"title":"PERFIL DE ALUMINIO ANODIZADO 24CM - Tienda Rigelec","description":"Perfil de aluminio anodizado de 24 cm. Resistente a la corrosi\u00f3n, ideal para instalaciones el\u00e9ctricas, estructuras livianas o montajes decorativos.","robots":{"index":"index","follow":"follow","max-snippet":"max-snippet:-1","max-image-preview":"max-image-preview:large","max-video-preview":"max-video-preview:-1"},"canonical":"https:\/\/tienda.rigelec.com.ar\/?product=perfil-de-aluminio-anodizado-24-cm-corte-preciso-y-resistente-uso-electrico-y-estructural","og_locale":"es_ES","og_type":"article","og_title":"PERFIL DE ALUMINIO ANODIZADO 24CM - Tienda Rigelec","og_description":"Perfil de aluminio anodizado de 24 cm. Resistente a la corrosi\u00f3n, ideal para instalaciones el\u00e9ctricas, estructuras livianas o montajes decorativos.","og_url":"https:\/\/tienda.rigelec.com.ar\/?product=perfil-de-aluminio-anodizado-24-cm-corte-preciso-y-resistente-uso-electrico-y-estructural","og_site_name":"Tienda Rigelec","article_modified_time":"2026-04-03T12:59:27+00:00","og_image":[{"width":941,"height":944,"url":"https:\/\/tienda.rigelec.com.ar\/wp-content\/uploads\/2024\/12\/PERFILDEALUMINIOANODIZADO.jpg","type":"image\/jpeg"}],"twitter_card":"summary_large_image","twitter_misc":{"Tiempo de lectura":"1 minuto"},"schema":{"@context":"https:\/\/schema.org","@graph":[{"@type":"WebPage","@id":"https:\/\/tienda.rigelec.com.ar\/?product=perfil-de-aluminio-anodizado-24-cm-corte-preciso-y-resistente-uso-electrico-y-estructural","url":"https:\/\/tienda.rigelec.com.ar\/?product=perfil-de-aluminio-anodizado-24-cm-corte-preciso-y-resistente-uso-electrico-y-estructural","name":"PERFIL DE ALUMINIO ANODIZADO 24CM - Tienda Rigelec","isPartOf":{"@id":"https:\/\/tienda.rigelec.com.ar\/#website"},"primaryImageOfPage":{"@id":"https:\/\/tienda.rigelec.com.ar\/?product=perfil-de-aluminio-anodizado-24-cm-corte-preciso-y-resistente-uso-electrico-y-estructural#primaryimage"},"image":{"@id":"https:\/\/tienda.rigelec.com.ar\/?product=perfil-de-aluminio-anodizado-24-cm-corte-preciso-y-resistente-uso-electrico-y-estructural#primaryimage"},"thumbnailUrl":"https:\/\/tienda.rigelec.com.ar\/wp-content\/uploads\/2024\/12\/PERFILDEALUMINIOANODIZADO.jpg","datePublished":"2024-12-19T21:29:42+00:00","dateModified":"2026-04-03T12:59:27+00:00","description":"Perfil de aluminio anodizado de 24 cm. Resistente a la corrosi\u00f3n, ideal para instalaciones el\u00e9ctricas, estructuras livianas o montajes decorativos.","breadcrumb":{"@id":"https:\/\/tienda.rigelec.com.ar\/?product=perfil-de-aluminio-anodizado-24-cm-corte-preciso-y-resistente-uso-electrico-y-estructural#breadcrumb"},"inLanguage":"es-AR","potentialAction":[{"@type":"ReadAction","target":["https:\/\/tienda.rigelec.com.ar\/?product=perfil-de-aluminio-anodizado-24-cm-corte-preciso-y-resistente-uso-electrico-y-estructural"]}]},{"@type":"ImageObject","inLanguage":"es-AR","@id":"https:\/\/tienda.rigelec.com.ar\/?product=perfil-de-aluminio-anodizado-24-cm-corte-preciso-y-resistente-uso-electrico-y-estructural#primaryimage","url":"https:\/\/tienda.rigelec.com.ar\/wp-content\/uploads\/2024\/12\/PERFILDEALUMINIOANODIZADO.jpg","contentUrl":"https:\/\/tienda.rigelec.com.ar\/wp-content\/uploads\/2024\/12\/PERFILDEALUMINIOANODIZADO.jpg","width":941,"height":944},{"@type":"BreadcrumbList","@id":"https:\/\/tienda.rigelec.com.ar\/?product=perfil-de-aluminio-anodizado-24-cm-corte-preciso-y-resistente-uso-electrico-y-estructural#breadcrumb","itemListElement":[{"@type":"ListItem","position":1,"name":"Inicio","item":"https:\/\/tienda.rigelec.com.ar\/"},{"@type":"ListItem","position":2,"name":"Shop","item":"https:\/\/tienda.rigelec.com.ar\/?page_id=12"},{"@type":"ListItem","position":3,"name":"PERFIL DE ALUMINIO ANODIZADO 24CM"}]},{"@type":"WebSite","@id":"https:\/\/tienda.rigelec.com.ar\/#website","url":"https:\/\/tienda.rigelec.com.ar\/","name":"Tienda Rigelec","description":"Energia en movimiento","publisher":{"@id":"https:\/\/tienda.rigelec.com.ar\/#organization"},"potentialAction":[{"@type":"SearchAction","target":{"@type":"EntryPoint","urlTemplate":"https:\/\/tienda.rigelec.com.ar\/?s={search_term_string}"},"query-input":{"@type":"PropertyValueSpecification","valueRequired":true,"valueName":"search_term_string"}}],"inLanguage":"es-AR"},{"@type":"Organization","@id":"https:\/\/tienda.rigelec.com.ar\/#organization","name":"Tienda Rigelec","url":"https:\/\/tienda.rigelec.com.ar\/","logo":{"@type":"ImageObject","inLanguage":"es-AR","@id":"https:\/\/tienda.rigelec.com.ar\/#\/schema\/logo\/image\/","url":"https:\/\/tienda.rigelec.com.ar\/wp-content\/uploads\/2024\/09\/isologo-blanco-rigelec.png","contentUrl":"https:\/\/tienda.rigelec.com.ar\/wp-content\/uploads\/2024\/09\/isologo-blanco-rigelec.png","width":94,"height":97,"caption":"Tienda Rigelec"},"image":{"@id":"https:\/\/tienda.rigelec.com.ar\/#\/schema\/logo\/image\/"}}]}},"jetpack_sharing_enabled":true,"_links":{"self":[{"href":"https:\/\/tienda.rigelec.com.ar\/index.php?rest_route=\/wp\/v2\/product\/27249","targetHints":{"allow":["GET"]}}],"collection":[{"href":"https:\/\/tienda.rigelec.com.ar\/index.php?rest_route=\/wp\/v2\/product"}],"about":[{"href":"https:\/\/tienda.rigelec.com.ar\/index.php?rest_route=\/wp\/v2\/types\/product"}],"replies":[{"embeddable":true,"href":"https:\/\/tienda.rigelec.com.ar\/index.php?rest_route=%2Fwp%2Fv2%2Fcomments&post=27249"}],"wp:featuredmedia":[{"embeddable":true,"href":"https:\/\/tienda.rigelec.com.ar\/index.php?rest_route=\/wp\/v2\/media\/27250"}],"wp:attachment":[{"href":"https:\/\/tienda.rigelec.com.ar\/index.php?rest_route=%2Fwp%2Fv2%2Fmedia&parent=27249"}],"wp:term":[{"taxonomy":"product_brand","embeddable":true,"href":"https:\/\/tienda.rigelec.com.ar\/index.php?rest_route=%2Fwp%2Fv2%2Fproduct_brand&post=27249"},{"taxonomy":"product_cat","embeddable":true,"href":"https:\/\/tienda.rigelec.com.ar\/index.php?rest_route=%2Fwp%2Fv2%2Fproduct_cat&post=27249"},{"taxonomy":"product_tag","embeddable":true,"href":"https:\/\/tienda.rigelec.com.ar\/index.php?rest_route=%2Fwp%2Fv2%2Fproduct_tag&post=27249"}],"curies":[{"name":"wp","href":"https:\/\/api.w.org\/{rel}","templated":true}]}}