{"id":27507,"date":"2024-12-19T18:43:30","date_gmt":"2024-12-19T21:43:30","guid":{"rendered":"https:\/\/tienda.test.rigelec.com.ar\/?product=caratula-para-extremo-contrafrente-parcial-s9000-600x50mm"},"modified":"2026-04-30T21:16:44","modified_gmt":"2026-05-01T00:16:44","slug":"caratula-para-extremo-contrafrente-parcial-s9000-600x50mm","status":"publish","type":"product","link":"https:\/\/tienda.rigelec.com.ar\/?product=caratula-para-extremo-contrafrente-parcial-s9000-600x50mm","title":{"rendered":"CARATULA PARA EXTREMO CONTRAFRENTE PARCIAL S9000 600x50MM"},"content":{"rendered":"<p>CARATULA PARA EXTREMO CONTRAFRENTE PARCIAL<\/p>\n","protected":false},"excerpt":{"rendered":"<p>CARACTERISTICAS.<\/p>\n<p>Marca: GENROD<br \/>\nModelo: 09 96005<br \/>\nMedida: 600&#215;550 mm<\/p>\n<p>Construidos en chapa de acero al carbono con una terminaci\u00f3n superficial con pintura en polvo termo convertible color Beige RAL 7032, estos productos permiten personalizar la configuraci\u00f3n de contrafrentes.<br \/>\nEsto se logra mediante la combinaci\u00f3n de car\u00e1tulas ciegas y caladas.<\/p>\n","protected":false},"featured_media":27508,"comment_status":"open","ping_status":"closed","template":"","meta":{"_monsterinsights_skip_tracking":false,"_monsterinsights_sitenote_active":false,"_monsterinsights_sitenote_note":"","_monsterinsights_sitenote_category":0},"product_brand":[],"product_cat":[260],"product_tag":[66],"class_list":{"0":"post-27507","1":"product","2":"type-product","3":"status-publish","4":"has-post-thumbnail","6":"product_cat-i-accesorios","7":"product_tag-genrod","9":"first","10":"outofstock","11":"shipping-taxable","12":"purchasable","13":"product-type-simple"},"yoast_head":"<!-- This site is optimized with the Yoast SEO plugin v25.3.1 - https:\/\/yoast.com\/wordpress\/plugins\/seo\/ -->\n<title>CARATULA PARA EXTREMO CONTRAFRENTE PARCIAL S9000 600x50MM - Tienda Rigelec<\/title>\n<meta name=\"robots\" content=\"index, follow, max-snippet:-1, max-image-preview:large, max-video-preview:-1\" \/>\n<link rel=\"canonical\" href=\"https:\/\/tienda.rigelec.com.ar\/?product=caratula-para-extremo-contrafrente-parcial-s9000-600x50mm\" \/>\n<meta property=\"og:locale\" content=\"es_ES\" \/>\n<meta property=\"og:type\" content=\"article\" \/>\n<meta property=\"og:title\" content=\"CARATULA PARA EXTREMO CONTRAFRENTE PARCIAL S9000 600x50MM - Tienda Rigelec\" \/>\n<meta property=\"og:description\" content=\"CARACTERISTICAS.  Marca: GENROD Modelo: 09 96005 Medida: 600x550 mm  Construidos en chapa de acero al carbono con una terminaci\u00f3n superficial con pintura en polvo termo convertible color Beige RAL 7032, estos productos permiten personalizar la configuraci\u00f3n de contrafrentes.  Esto se logra mediante la combinaci\u00f3n de car\u00e1tulas ciegas y caladas.\" \/>\n<meta property=\"og:url\" content=\"https:\/\/tienda.rigelec.com.ar\/?product=caratula-para-extremo-contrafrente-parcial-s9000-600x50mm\" \/>\n<meta property=\"og:site_name\" content=\"Tienda Rigelec\" \/>\n<meta property=\"article:modified_time\" content=\"2026-05-01T00:16:44+00:00\" \/>\n<meta property=\"og:image\" content=\"https:\/\/tienda.rigelec.com.ar\/wp-content\/uploads\/2024\/12\/CARATULAPARAEXTREMOCONTRAFRENTEPARCIAL.jpg\" \/>\n\t<meta property=\"og:image:width\" content=\"1080\" \/>\n\t<meta property=\"og:image:height\" content=\"938\" \/>\n\t<meta property=\"og:image:type\" content=\"image\/jpeg\" \/>\n<meta name=\"twitter:card\" content=\"summary_large_image\" \/>\n<script type=\"application\/ld+json\" class=\"yoast-schema-graph\">{\"@context\":\"https:\/\/schema.org\",\"@graph\":[{\"@type\":\"WebPage\",\"@id\":\"https:\/\/tienda.rigelec.com.ar\/?product=caratula-para-extremo-contrafrente-parcial-s9000-600x50mm\",\"url\":\"https:\/\/tienda.rigelec.com.ar\/?product=caratula-para-extremo-contrafrente-parcial-s9000-600x50mm\",\"name\":\"CARATULA PARA EXTREMO CONTRAFRENTE PARCIAL S9000 600x50MM - Tienda Rigelec\",\"isPartOf\":{\"@id\":\"https:\/\/tienda.rigelec.com.ar\/#website\"},\"primaryImageOfPage\":{\"@id\":\"https:\/\/tienda.rigelec.com.ar\/?product=caratula-para-extremo-contrafrente-parcial-s9000-600x50mm#primaryimage\"},\"image\":{\"@id\":\"https:\/\/tienda.rigelec.com.ar\/?product=caratula-para-extremo-contrafrente-parcial-s9000-600x50mm#primaryimage\"},\"thumbnailUrl\":\"https:\/\/tienda.rigelec.com.ar\/wp-content\/uploads\/2024\/12\/CARATULAPARAEXTREMOCONTRAFRENTEPARCIAL.jpg\",\"datePublished\":\"2024-12-19T21:43:30+00:00\",\"dateModified\":\"2026-05-01T00:16:44+00:00\",\"breadcrumb\":{\"@id\":\"https:\/\/tienda.rigelec.com.ar\/?product=caratula-para-extremo-contrafrente-parcial-s9000-600x50mm#breadcrumb\"},\"inLanguage\":\"es-AR\",\"potentialAction\":[{\"@type\":\"ReadAction\",\"target\":[\"https:\/\/tienda.rigelec.com.ar\/?product=caratula-para-extremo-contrafrente-parcial-s9000-600x50mm\"]}]},{\"@type\":\"ImageObject\",\"inLanguage\":\"es-AR\",\"@id\":\"https:\/\/tienda.rigelec.com.ar\/?product=caratula-para-extremo-contrafrente-parcial-s9000-600x50mm#primaryimage\",\"url\":\"https:\/\/tienda.rigelec.com.ar\/wp-content\/uploads\/2024\/12\/CARATULAPARAEXTREMOCONTRAFRENTEPARCIAL.jpg\",\"contentUrl\":\"https:\/\/tienda.rigelec.com.ar\/wp-content\/uploads\/2024\/12\/CARATULAPARAEXTREMOCONTRAFRENTEPARCIAL.jpg\",\"width\":1080,\"height\":938},{\"@type\":\"BreadcrumbList\",\"@id\":\"https:\/\/tienda.rigelec.com.ar\/?product=caratula-para-extremo-contrafrente-parcial-s9000-600x50mm#breadcrumb\",\"itemListElement\":[{\"@type\":\"ListItem\",\"position\":1,\"name\":\"Inicio\",\"item\":\"https:\/\/tienda.rigelec.com.ar\/\"},{\"@type\":\"ListItem\",\"position\":2,\"name\":\"Shop\",\"item\":\"https:\/\/tienda.rigelec.com.ar\/?page_id=12\"},{\"@type\":\"ListItem\",\"position\":3,\"name\":\"CARATULA PARA EXTREMO CONTRAFRENTE PARCIAL S9000 600x50MM\"}]},{\"@type\":\"WebSite\",\"@id\":\"https:\/\/tienda.rigelec.com.ar\/#website\",\"url\":\"https:\/\/tienda.rigelec.com.ar\/\",\"name\":\"Tienda Rigelec\",\"description\":\"Energia en movimiento\",\"publisher\":{\"@id\":\"https:\/\/tienda.rigelec.com.ar\/#organization\"},\"potentialAction\":[{\"@type\":\"SearchAction\",\"target\":{\"@type\":\"EntryPoint\",\"urlTemplate\":\"https:\/\/tienda.rigelec.com.ar\/?s={search_term_string}\"},\"query-input\":{\"@type\":\"PropertyValueSpecification\",\"valueRequired\":true,\"valueName\":\"search_term_string\"}}],\"inLanguage\":\"es-AR\"},{\"@type\":\"Organization\",\"@id\":\"https:\/\/tienda.rigelec.com.ar\/#organization\",\"name\":\"Tienda Rigelec\",\"url\":\"https:\/\/tienda.rigelec.com.ar\/\",\"logo\":{\"@type\":\"ImageObject\",\"inLanguage\":\"es-AR\",\"@id\":\"https:\/\/tienda.rigelec.com.ar\/#\/schema\/logo\/image\/\",\"url\":\"https:\/\/tienda.rigelec.com.ar\/wp-content\/uploads\/2024\/09\/isologo-blanco-rigelec.png\",\"contentUrl\":\"https:\/\/tienda.rigelec.com.ar\/wp-content\/uploads\/2024\/09\/isologo-blanco-rigelec.png\",\"width\":94,\"height\":97,\"caption\":\"Tienda Rigelec\"},\"image\":{\"@id\":\"https:\/\/tienda.rigelec.com.ar\/#\/schema\/logo\/image\/\"}}]}<\/script>\n<!-- \/ Yoast SEO plugin. -->","yoast_head_json":{"title":"CARATULA PARA EXTREMO CONTRAFRENTE PARCIAL S9000 600x50MM - Tienda Rigelec","robots":{"index":"index","follow":"follow","max-snippet":"max-snippet:-1","max-image-preview":"max-image-preview:large","max-video-preview":"max-video-preview:-1"},"canonical":"https:\/\/tienda.rigelec.com.ar\/?product=caratula-para-extremo-contrafrente-parcial-s9000-600x50mm","og_locale":"es_ES","og_type":"article","og_title":"CARATULA PARA EXTREMO CONTRAFRENTE PARCIAL S9000 600x50MM - Tienda Rigelec","og_description":"CARACTERISTICAS.  Marca: GENROD Modelo: 09 96005 Medida: 600x550 mm  Construidos en chapa de acero al carbono con una terminaci\u00f3n superficial con pintura en polvo termo convertible color Beige RAL 7032, estos productos permiten personalizar la configuraci\u00f3n de contrafrentes.  Esto se logra mediante la combinaci\u00f3n de car\u00e1tulas ciegas y caladas.","og_url":"https:\/\/tienda.rigelec.com.ar\/?product=caratula-para-extremo-contrafrente-parcial-s9000-600x50mm","og_site_name":"Tienda Rigelec","article_modified_time":"2026-05-01T00:16:44+00:00","og_image":[{"width":1080,"height":938,"url":"https:\/\/tienda.rigelec.com.ar\/wp-content\/uploads\/2024\/12\/CARATULAPARAEXTREMOCONTRAFRENTEPARCIAL.jpg","type":"image\/jpeg"}],"twitter_card":"summary_large_image","schema":{"@context":"https:\/\/schema.org","@graph":[{"@type":"WebPage","@id":"https:\/\/tienda.rigelec.com.ar\/?product=caratula-para-extremo-contrafrente-parcial-s9000-600x50mm","url":"https:\/\/tienda.rigelec.com.ar\/?product=caratula-para-extremo-contrafrente-parcial-s9000-600x50mm","name":"CARATULA PARA EXTREMO CONTRAFRENTE PARCIAL S9000 600x50MM - Tienda Rigelec","isPartOf":{"@id":"https:\/\/tienda.rigelec.com.ar\/#website"},"primaryImageOfPage":{"@id":"https:\/\/tienda.rigelec.com.ar\/?product=caratula-para-extremo-contrafrente-parcial-s9000-600x50mm#primaryimage"},"image":{"@id":"https:\/\/tienda.rigelec.com.ar\/?product=caratula-para-extremo-contrafrente-parcial-s9000-600x50mm#primaryimage"},"thumbnailUrl":"https:\/\/tienda.rigelec.com.ar\/wp-content\/uploads\/2024\/12\/CARATULAPARAEXTREMOCONTRAFRENTEPARCIAL.jpg","datePublished":"2024-12-19T21:43:30+00:00","dateModified":"2026-05-01T00:16:44+00:00","breadcrumb":{"@id":"https:\/\/tienda.rigelec.com.ar\/?product=caratula-para-extremo-contrafrente-parcial-s9000-600x50mm#breadcrumb"},"inLanguage":"es-AR","potentialAction":[{"@type":"ReadAction","target":["https:\/\/tienda.rigelec.com.ar\/?product=caratula-para-extremo-contrafrente-parcial-s9000-600x50mm"]}]},{"@type":"ImageObject","inLanguage":"es-AR","@id":"https:\/\/tienda.rigelec.com.ar\/?product=caratula-para-extremo-contrafrente-parcial-s9000-600x50mm#primaryimage","url":"https:\/\/tienda.rigelec.com.ar\/wp-content\/uploads\/2024\/12\/CARATULAPARAEXTREMOCONTRAFRENTEPARCIAL.jpg","contentUrl":"https:\/\/tienda.rigelec.com.ar\/wp-content\/uploads\/2024\/12\/CARATULAPARAEXTREMOCONTRAFRENTEPARCIAL.jpg","width":1080,"height":938},{"@type":"BreadcrumbList","@id":"https:\/\/tienda.rigelec.com.ar\/?product=caratula-para-extremo-contrafrente-parcial-s9000-600x50mm#breadcrumb","itemListElement":[{"@type":"ListItem","position":1,"name":"Inicio","item":"https:\/\/tienda.rigelec.com.ar\/"},{"@type":"ListItem","position":2,"name":"Shop","item":"https:\/\/tienda.rigelec.com.ar\/?page_id=12"},{"@type":"ListItem","position":3,"name":"CARATULA PARA EXTREMO CONTRAFRENTE PARCIAL S9000 600x50MM"}]},{"@type":"WebSite","@id":"https:\/\/tienda.rigelec.com.ar\/#website","url":"https:\/\/tienda.rigelec.com.ar\/","name":"Tienda Rigelec","description":"Energia en movimiento","publisher":{"@id":"https:\/\/tienda.rigelec.com.ar\/#organization"},"potentialAction":[{"@type":"SearchAction","target":{"@type":"EntryPoint","urlTemplate":"https:\/\/tienda.rigelec.com.ar\/?s={search_term_string}"},"query-input":{"@type":"PropertyValueSpecification","valueRequired":true,"valueName":"search_term_string"}}],"inLanguage":"es-AR"},{"@type":"Organization","@id":"https:\/\/tienda.rigelec.com.ar\/#organization","name":"Tienda Rigelec","url":"https:\/\/tienda.rigelec.com.ar\/","logo":{"@type":"ImageObject","inLanguage":"es-AR","@id":"https:\/\/tienda.rigelec.com.ar\/#\/schema\/logo\/image\/","url":"https:\/\/tienda.rigelec.com.ar\/wp-content\/uploads\/2024\/09\/isologo-blanco-rigelec.png","contentUrl":"https:\/\/tienda.rigelec.com.ar\/wp-content\/uploads\/2024\/09\/isologo-blanco-rigelec.png","width":94,"height":97,"caption":"Tienda Rigelec"},"image":{"@id":"https:\/\/tienda.rigelec.com.ar\/#\/schema\/logo\/image\/"}}]}},"jetpack_sharing_enabled":true,"_links":{"self":[{"href":"https:\/\/tienda.rigelec.com.ar\/index.php?rest_route=\/wp\/v2\/product\/27507","targetHints":{"allow":["GET"]}}],"collection":[{"href":"https:\/\/tienda.rigelec.com.ar\/index.php?rest_route=\/wp\/v2\/product"}],"about":[{"href":"https:\/\/tienda.rigelec.com.ar\/index.php?rest_route=\/wp\/v2\/types\/product"}],"replies":[{"embeddable":true,"href":"https:\/\/tienda.rigelec.com.ar\/index.php?rest_route=%2Fwp%2Fv2%2Fcomments&post=27507"}],"wp:featuredmedia":[{"embeddable":true,"href":"https:\/\/tienda.rigelec.com.ar\/index.php?rest_route=\/wp\/v2\/media\/27508"}],"wp:attachment":[{"href":"https:\/\/tienda.rigelec.com.ar\/index.php?rest_route=%2Fwp%2Fv2%2Fmedia&parent=27507"}],"wp:term":[{"taxonomy":"product_brand","embeddable":true,"href":"https:\/\/tienda.rigelec.com.ar\/index.php?rest_route=%2Fwp%2Fv2%2Fproduct_brand&post=27507"},{"taxonomy":"product_cat","embeddable":true,"href":"https:\/\/tienda.rigelec.com.ar\/index.php?rest_route=%2Fwp%2Fv2%2Fproduct_cat&post=27507"},{"taxonomy":"product_tag","embeddable":true,"href":"https:\/\/tienda.rigelec.com.ar\/index.php?rest_route=%2Fwp%2Fv2%2Fproduct_tag&post=27507"}],"curies":[{"name":"wp","href":"https:\/\/api.w.org\/{rel}","templated":true}]}}