{"id":27643,"date":"2024-12-19T18:50:58","date_gmt":"2024-12-19T21:50:58","guid":{"rendered":"https:\/\/tienda.test.rigelec.com.ar\/?product=lampara-led-luz-fria-e27-a60-12w-1080lm"},"modified":"2026-02-05T10:39:07","modified_gmt":"2026-02-05T13:39:07","slug":"lampara-led-macroled-luz-fria-e27-a60-12w-1080-lm","status":"publish","type":"product","link":"https:\/\/tienda.rigelec.com.ar\/?product=lampara-led-macroled-luz-fria-e27-a60-12w-1080-lm","title":{"rendered":"LAMPARA LED LUZ FRIA E27 &#8211; A60 12W &#8211; 1080LM"},"content":{"rendered":"<p>La <strong data-start=\"130\" data-end=\"165\">L\u00e1mpara LED Macroled A60 de 12W<\/strong> con casquillo <strong data-start=\"180\" data-end=\"187\">E27<\/strong> ofrece <strong data-start=\"195\" data-end=\"226\">luz fr\u00eda intensa y uniforme<\/strong>, ideal para reemplazar l\u00e1mparas incandescentes o CFL. Brinda <strong data-start=\"288\" data-end=\"304\">1080 l\u00famenes<\/strong> de iluminaci\u00f3n eficiente, bajo consumo y larga vida \u00fatil para usos residenciales y comerciales.<\/p>\n<h2 data-start=\"407\" data-end=\"439\">Caracter\u00edsticas t\u00e9cnicas<\/h2>\n<ul data-start=\"441\" data-end=\"990\">\n<li data-start=\"441\" data-end=\"464\">\n<p data-start=\"443\" data-end=\"464\"><strong data-start=\"443\" data-end=\"453\">Marca:<\/strong> Macroled<\/p>\n<\/li>\n<li data-start=\"465\" data-end=\"484\">\n<p data-start=\"467\" data-end=\"484\"><strong data-start=\"467\" data-end=\"478\">Modelo:<\/strong> A60<\/p>\n<\/li>\n<li data-start=\"485\" data-end=\"510\">\n<p data-start=\"487\" data-end=\"510\"><strong data-start=\"487\" data-end=\"496\">Tipo:<\/strong> L\u00e1mpara LED<\/p>\n<\/li>\n<li data-start=\"511\" data-end=\"533\">\n<p data-start=\"513\" data-end=\"533\"><strong data-start=\"513\" data-end=\"526\">Potencia:<\/strong> 12 W<\/p>\n<\/li>\n<li data-start=\"534\" data-end=\"566\">\n<p data-start=\"536\" data-end=\"566\"><strong data-start=\"536\" data-end=\"555\">Flujo luminoso:<\/strong> 1.080 lm<\/p>\n<\/li>\n<li data-start=\"567\" data-end=\"616\">\n<p data-start=\"569\" data-end=\"616\"><strong data-start=\"569\" data-end=\"594\">Temperatura de color:<\/strong> Luz fr\u00eda (\u22486.000 K)<\/p>\n<\/li>\n<li data-start=\"617\" data-end=\"639\">\n<p data-start=\"619\" data-end=\"639\"><strong data-start=\"619\" data-end=\"633\">Casquillo:<\/strong> E27<\/p>\n<\/li>\n<li data-start=\"640\" data-end=\"677\">\n<p data-start=\"642\" data-end=\"677\"><strong data-start=\"642\" data-end=\"654\">Formato:<\/strong> A60 (globo est\u00e1ndar)<\/p>\n<\/li>\n<li data-start=\"678\" data-end=\"723\">\n<p data-start=\"680\" data-end=\"723\"><strong data-start=\"680\" data-end=\"700\">Tensi\u00f3n nominal:<\/strong> 220\u2013240 V \/ 50\u201360 Hz<\/p>\n<\/li>\n<li data-start=\"724\" data-end=\"757\">\n<p data-start=\"726\" data-end=\"757\"><strong data-start=\"726\" data-end=\"749\">Factor de potencia:<\/strong> \u2265 0,5<\/p>\n<\/li>\n<li data-start=\"758\" data-end=\"790\">\n<p data-start=\"760\" data-end=\"790\"><strong data-start=\"760\" data-end=\"783\">\u00c1ngulo de apertura:<\/strong> 200\u00b0<\/p>\n<\/li>\n<li data-start=\"791\" data-end=\"843\">\n<p data-start=\"793\" data-end=\"843\"><strong data-start=\"793\" data-end=\"817\">Material del cuerpo:<\/strong> Pl\u00e1stico + difusor opal<\/p>\n<\/li>\n<li data-start=\"844\" data-end=\"877\">\n<p data-start=\"846\" data-end=\"877\"><strong data-start=\"846\" data-end=\"872\">Encendido instant\u00e1neo:<\/strong> S\u00ed<\/p>\n<\/li>\n<li data-start=\"878\" data-end=\"914\">\n<p data-start=\"880\" data-end=\"914\"><strong data-start=\"880\" data-end=\"903\">Vida \u00fatil estimada:<\/strong> 25.000 h<\/p>\n<\/li>\n<li data-start=\"915\" data-end=\"954\">\n<p data-start=\"917\" data-end=\"954\"><strong data-start=\"917\" data-end=\"943\">Eficiencia energ\u00e9tica:<\/strong> Clase A+<\/p>\n<\/li>\n<li data-start=\"955\" data-end=\"990\">\n<p data-start=\"957\" data-end=\"990\"><strong data-start=\"957\" data-end=\"985\">No regulable (dimmable):<\/strong> No<\/p>\n<\/li>\n<\/ul>\n<h2 data-start=\"997\" data-end=\"1030\">Aplicaciones recomendadas<\/h2>\n<ul data-start=\"1031\" data-end=\"1244\">\n<li data-start=\"1031\" data-end=\"1109\">\n<p data-start=\"1033\" data-end=\"1109\">Iluminaci\u00f3n general de ambientes dom\u00e9sticos (living, dormitorios, cocina).<\/p>\n<\/li>\n<li data-start=\"1110\" data-end=\"1165\">\n<p data-start=\"1112\" data-end=\"1165\">Oficinas, estudios, pasillos y locales comerciales.<\/p>\n<\/li>\n<li data-start=\"1166\" data-end=\"1244\">\n<p data-start=\"1168\" data-end=\"1244\">Reemplazo directo de l\u00e1mparas incandescentes o bajo consumo con rosca E27.<\/p>\n<\/li>\n<\/ul>\n<p><a href=\"https:\/\/www.macroled.com.ar\/lamparas\/7428325568372\">https:\/\/www.macroled.com.ar\/lamparas\/7428325568372<\/a><\/p>\n","protected":false},"excerpt":{"rendered":"<p>Potencia: 12W<br \/>\nTensi\u00f3n: AC180-240V<br \/>\nReemplazo: Incandescente 90W<br \/>\nConector: E27<br \/>\nCorriente: 109mA<br \/>\nFactor de Potencia: 0.5<br \/>\nProtecci\u00f3n IP: IP20<br \/>\nProtecci\u00f3n IK: IK00<br \/>\nFunci\u00f3n Dimeable: No<br \/>\n\u00c1ngulo de Apertura: 220\u00b0<br \/>\nMaterial del Cuerpo: PC y Aluminio<br \/>\nMaterial del Lente: Policarbonato<br \/>\nTipo de Chip: 2835 &#8211; 12pcs<br \/>\nTipo de Blanco: Fr\u00edo 6500k<br \/>\nFlujo Luminoso: 1080lm<br \/>\nFrecuencia: 50-60Hz<br \/>\nAnti-High-Volt: 1500V<br \/>\nEMC: Si<br \/>\nClase 2<br \/>\nVida \u00datil (horas): 15.000hs<br \/>\nSDCM: 6<br \/>\nTemperatura de Trabajo: -20\u00b0 +40\u00b0<br \/>\nR9: Alto<br \/>\nCRI: 80Ra<br \/>\nIC Driver: Si<br \/>\nL\u00famenes por Watt: 90 lm x W<\/p>\n","protected":false},"featured_media":27644,"comment_status":"open","ping_status":"closed","template":"","meta":{"_monsterinsights_skip_tracking":false,"_monsterinsights_sitenote_active":false,"_monsterinsights_sitenote_note":"","_monsterinsights_sitenote_category":0},"product_brand":[],"product_cat":[214],"product_tag":[146],"class_list":{"0":"post-27643","1":"product","2":"type-product","3":"status-publish","4":"has-post-thumbnail","6":"product_cat-i-lamparas","7":"product_tag-macroled","9":"first","10":"outofstock","11":"shipping-taxable","12":"purchasable","13":"product-type-simple"},"yoast_head":"<!-- This site is optimized with the Yoast SEO plugin v25.3.1 - https:\/\/yoast.com\/wordpress\/plugins\/seo\/ -->\n<title>LAMPARA LED LUZ FRIA E27 - A60 12W - 1080LM L\u00e1mpara LED Macroled Luz Fr\u00eda E27 A60<\/title>\n<meta name=\"description\" content=\"L\u00e1mpara LED Macroled A60 12W E27 luz fr\u00eda 1080 lm. Eficiencia energ\u00e9tica, encendido instant\u00e1neo y larga vida \u00fatil para hogares, oficinas y comercios.\" \/>\n<meta name=\"robots\" content=\"index, follow, max-snippet:-1, max-image-preview:large, max-video-preview:-1\" \/>\n<link rel=\"canonical\" href=\"https:\/\/tienda.rigelec.com.ar\/?product=lampara-led-macroled-luz-fria-e27-a60-12w-1080-lm\" \/>\n<meta property=\"og:locale\" content=\"es_ES\" \/>\n<meta property=\"og:type\" content=\"article\" \/>\n<meta property=\"og:title\" content=\"LAMPARA LED LUZ FRIA E27 - A60 12W - 1080LM L\u00e1mpara LED Macroled Luz Fr\u00eda E27 A60\" \/>\n<meta property=\"og:description\" content=\"L\u00e1mpara LED Macroled A60 12W E27 luz fr\u00eda 1080 lm. Eficiencia energ\u00e9tica, encendido instant\u00e1neo y larga vida \u00fatil para hogares, oficinas y comercios.\" \/>\n<meta property=\"og:url\" content=\"https:\/\/tienda.rigelec.com.ar\/?product=lampara-led-macroled-luz-fria-e27-a60-12w-1080-lm\" \/>\n<meta property=\"og:site_name\" content=\"Tienda Rigelec\" \/>\n<meta property=\"article:modified_time\" content=\"2026-02-05T13:39:07+00:00\" \/>\n<meta property=\"og:image\" content=\"https:\/\/tienda.rigelec.com.ar\/wp-content\/uploads\/2024\/12\/LAMPARALEDLUZFRIA-27.jpg\" \/>\n\t<meta property=\"og:image:width\" content=\"942\" \/>\n\t<meta property=\"og:image:height\" content=\"957\" \/>\n\t<meta property=\"og:image:type\" content=\"image\/jpeg\" \/>\n<meta name=\"twitter:card\" content=\"summary_large_image\" \/>\n<meta name=\"twitter:label1\" content=\"Tiempo de lectura\" \/>\n\t<meta name=\"twitter:data1\" content=\"1 minuto\" \/>\n<script type=\"application\/ld+json\" class=\"yoast-schema-graph\">{\"@context\":\"https:\/\/schema.org\",\"@graph\":[{\"@type\":\"WebPage\",\"@id\":\"https:\/\/tienda.rigelec.com.ar\/?product=lampara-led-macroled-luz-fria-e27-a60-12w-1080-lm\",\"url\":\"https:\/\/tienda.rigelec.com.ar\/?product=lampara-led-macroled-luz-fria-e27-a60-12w-1080-lm\",\"name\":\"LAMPARA LED LUZ FRIA E27 - A60 12W - 1080LM L\u00e1mpara LED Macroled Luz Fr\u00eda E27 A60\",\"isPartOf\":{\"@id\":\"https:\/\/tienda.rigelec.com.ar\/#website\"},\"primaryImageOfPage\":{\"@id\":\"https:\/\/tienda.rigelec.com.ar\/?product=lampara-led-macroled-luz-fria-e27-a60-12w-1080-lm#primaryimage\"},\"image\":{\"@id\":\"https:\/\/tienda.rigelec.com.ar\/?product=lampara-led-macroled-luz-fria-e27-a60-12w-1080-lm#primaryimage\"},\"thumbnailUrl\":\"https:\/\/tienda.rigelec.com.ar\/wp-content\/uploads\/2024\/12\/LAMPARALEDLUZFRIA-27.jpg\",\"datePublished\":\"2024-12-19T21:50:58+00:00\",\"dateModified\":\"2026-02-05T13:39:07+00:00\",\"description\":\"L\u00e1mpara LED Macroled A60 12W E27 luz fr\u00eda 1080 lm. Eficiencia energ\u00e9tica, encendido instant\u00e1neo y larga vida \u00fatil para hogares, oficinas y comercios.\",\"breadcrumb\":{\"@id\":\"https:\/\/tienda.rigelec.com.ar\/?product=lampara-led-macroled-luz-fria-e27-a60-12w-1080-lm#breadcrumb\"},\"inLanguage\":\"es-AR\",\"potentialAction\":[{\"@type\":\"ReadAction\",\"target\":[\"https:\/\/tienda.rigelec.com.ar\/?product=lampara-led-macroled-luz-fria-e27-a60-12w-1080-lm\"]}]},{\"@type\":\"ImageObject\",\"inLanguage\":\"es-AR\",\"@id\":\"https:\/\/tienda.rigelec.com.ar\/?product=lampara-led-macroled-luz-fria-e27-a60-12w-1080-lm#primaryimage\",\"url\":\"https:\/\/tienda.rigelec.com.ar\/wp-content\/uploads\/2024\/12\/LAMPARALEDLUZFRIA-27.jpg\",\"contentUrl\":\"https:\/\/tienda.rigelec.com.ar\/wp-content\/uploads\/2024\/12\/LAMPARALEDLUZFRIA-27.jpg\",\"width\":942,\"height\":957},{\"@type\":\"BreadcrumbList\",\"@id\":\"https:\/\/tienda.rigelec.com.ar\/?product=lampara-led-macroled-luz-fria-e27-a60-12w-1080-lm#breadcrumb\",\"itemListElement\":[{\"@type\":\"ListItem\",\"position\":1,\"name\":\"Inicio\",\"item\":\"https:\/\/tienda.rigelec.com.ar\/\"},{\"@type\":\"ListItem\",\"position\":2,\"name\":\"Shop\",\"item\":\"https:\/\/tienda.rigelec.com.ar\/?page_id=12\"},{\"@type\":\"ListItem\",\"position\":3,\"name\":\"LAMPARA LED LUZ FRIA E27 &#8211; A60 12W &#8211; 1080LM\"}]},{\"@type\":\"WebSite\",\"@id\":\"https:\/\/tienda.rigelec.com.ar\/#website\",\"url\":\"https:\/\/tienda.rigelec.com.ar\/\",\"name\":\"Tienda Rigelec\",\"description\":\"Energia en movimiento\",\"publisher\":{\"@id\":\"https:\/\/tienda.rigelec.com.ar\/#organization\"},\"potentialAction\":[{\"@type\":\"SearchAction\",\"target\":{\"@type\":\"EntryPoint\",\"urlTemplate\":\"https:\/\/tienda.rigelec.com.ar\/?s={search_term_string}\"},\"query-input\":{\"@type\":\"PropertyValueSpecification\",\"valueRequired\":true,\"valueName\":\"search_term_string\"}}],\"inLanguage\":\"es-AR\"},{\"@type\":\"Organization\",\"@id\":\"https:\/\/tienda.rigelec.com.ar\/#organization\",\"name\":\"Tienda Rigelec\",\"url\":\"https:\/\/tienda.rigelec.com.ar\/\",\"logo\":{\"@type\":\"ImageObject\",\"inLanguage\":\"es-AR\",\"@id\":\"https:\/\/tienda.rigelec.com.ar\/#\/schema\/logo\/image\/\",\"url\":\"https:\/\/tienda.rigelec.com.ar\/wp-content\/uploads\/2024\/09\/isologo-blanco-rigelec.png\",\"contentUrl\":\"https:\/\/tienda.rigelec.com.ar\/wp-content\/uploads\/2024\/09\/isologo-blanco-rigelec.png\",\"width\":94,\"height\":97,\"caption\":\"Tienda Rigelec\"},\"image\":{\"@id\":\"https:\/\/tienda.rigelec.com.ar\/#\/schema\/logo\/image\/\"}}]}<\/script>\n<!-- \/ Yoast SEO plugin. -->","yoast_head_json":{"title":"LAMPARA LED LUZ FRIA E27 - A60 12W - 1080LM L\u00e1mpara LED Macroled Luz Fr\u00eda E27 A60","description":"L\u00e1mpara LED Macroled A60 12W E27 luz fr\u00eda 1080 lm. Eficiencia energ\u00e9tica, encendido instant\u00e1neo y larga vida \u00fatil para hogares, oficinas y comercios.","robots":{"index":"index","follow":"follow","max-snippet":"max-snippet:-1","max-image-preview":"max-image-preview:large","max-video-preview":"max-video-preview:-1"},"canonical":"https:\/\/tienda.rigelec.com.ar\/?product=lampara-led-macroled-luz-fria-e27-a60-12w-1080-lm","og_locale":"es_ES","og_type":"article","og_title":"LAMPARA LED LUZ FRIA E27 - A60 12W - 1080LM L\u00e1mpara LED Macroled Luz Fr\u00eda E27 A60","og_description":"L\u00e1mpara LED Macroled A60 12W E27 luz fr\u00eda 1080 lm. Eficiencia energ\u00e9tica, encendido instant\u00e1neo y larga vida \u00fatil para hogares, oficinas y comercios.","og_url":"https:\/\/tienda.rigelec.com.ar\/?product=lampara-led-macroled-luz-fria-e27-a60-12w-1080-lm","og_site_name":"Tienda Rigelec","article_modified_time":"2026-02-05T13:39:07+00:00","og_image":[{"width":942,"height":957,"url":"https:\/\/tienda.rigelec.com.ar\/wp-content\/uploads\/2024\/12\/LAMPARALEDLUZFRIA-27.jpg","type":"image\/jpeg"}],"twitter_card":"summary_large_image","twitter_misc":{"Tiempo de lectura":"1 minuto"},"schema":{"@context":"https:\/\/schema.org","@graph":[{"@type":"WebPage","@id":"https:\/\/tienda.rigelec.com.ar\/?product=lampara-led-macroled-luz-fria-e27-a60-12w-1080-lm","url":"https:\/\/tienda.rigelec.com.ar\/?product=lampara-led-macroled-luz-fria-e27-a60-12w-1080-lm","name":"LAMPARA LED LUZ FRIA E27 - A60 12W - 1080LM L\u00e1mpara LED Macroled Luz Fr\u00eda E27 A60","isPartOf":{"@id":"https:\/\/tienda.rigelec.com.ar\/#website"},"primaryImageOfPage":{"@id":"https:\/\/tienda.rigelec.com.ar\/?product=lampara-led-macroled-luz-fria-e27-a60-12w-1080-lm#primaryimage"},"image":{"@id":"https:\/\/tienda.rigelec.com.ar\/?product=lampara-led-macroled-luz-fria-e27-a60-12w-1080-lm#primaryimage"},"thumbnailUrl":"https:\/\/tienda.rigelec.com.ar\/wp-content\/uploads\/2024\/12\/LAMPARALEDLUZFRIA-27.jpg","datePublished":"2024-12-19T21:50:58+00:00","dateModified":"2026-02-05T13:39:07+00:00","description":"L\u00e1mpara LED Macroled A60 12W E27 luz fr\u00eda 1080 lm. Eficiencia energ\u00e9tica, encendido instant\u00e1neo y larga vida \u00fatil para hogares, oficinas y comercios.","breadcrumb":{"@id":"https:\/\/tienda.rigelec.com.ar\/?product=lampara-led-macroled-luz-fria-e27-a60-12w-1080-lm#breadcrumb"},"inLanguage":"es-AR","potentialAction":[{"@type":"ReadAction","target":["https:\/\/tienda.rigelec.com.ar\/?product=lampara-led-macroled-luz-fria-e27-a60-12w-1080-lm"]}]},{"@type":"ImageObject","inLanguage":"es-AR","@id":"https:\/\/tienda.rigelec.com.ar\/?product=lampara-led-macroled-luz-fria-e27-a60-12w-1080-lm#primaryimage","url":"https:\/\/tienda.rigelec.com.ar\/wp-content\/uploads\/2024\/12\/LAMPARALEDLUZFRIA-27.jpg","contentUrl":"https:\/\/tienda.rigelec.com.ar\/wp-content\/uploads\/2024\/12\/LAMPARALEDLUZFRIA-27.jpg","width":942,"height":957},{"@type":"BreadcrumbList","@id":"https:\/\/tienda.rigelec.com.ar\/?product=lampara-led-macroled-luz-fria-e27-a60-12w-1080-lm#breadcrumb","itemListElement":[{"@type":"ListItem","position":1,"name":"Inicio","item":"https:\/\/tienda.rigelec.com.ar\/"},{"@type":"ListItem","position":2,"name":"Shop","item":"https:\/\/tienda.rigelec.com.ar\/?page_id=12"},{"@type":"ListItem","position":3,"name":"LAMPARA LED LUZ FRIA E27 &#8211; A60 12W &#8211; 1080LM"}]},{"@type":"WebSite","@id":"https:\/\/tienda.rigelec.com.ar\/#website","url":"https:\/\/tienda.rigelec.com.ar\/","name":"Tienda Rigelec","description":"Energia en movimiento","publisher":{"@id":"https:\/\/tienda.rigelec.com.ar\/#organization"},"potentialAction":[{"@type":"SearchAction","target":{"@type":"EntryPoint","urlTemplate":"https:\/\/tienda.rigelec.com.ar\/?s={search_term_string}"},"query-input":{"@type":"PropertyValueSpecification","valueRequired":true,"valueName":"search_term_string"}}],"inLanguage":"es-AR"},{"@type":"Organization","@id":"https:\/\/tienda.rigelec.com.ar\/#organization","name":"Tienda Rigelec","url":"https:\/\/tienda.rigelec.com.ar\/","logo":{"@type":"ImageObject","inLanguage":"es-AR","@id":"https:\/\/tienda.rigelec.com.ar\/#\/schema\/logo\/image\/","url":"https:\/\/tienda.rigelec.com.ar\/wp-content\/uploads\/2024\/09\/isologo-blanco-rigelec.png","contentUrl":"https:\/\/tienda.rigelec.com.ar\/wp-content\/uploads\/2024\/09\/isologo-blanco-rigelec.png","width":94,"height":97,"caption":"Tienda Rigelec"},"image":{"@id":"https:\/\/tienda.rigelec.com.ar\/#\/schema\/logo\/image\/"}}]}},"jetpack_sharing_enabled":true,"_links":{"self":[{"href":"https:\/\/tienda.rigelec.com.ar\/index.php?rest_route=\/wp\/v2\/product\/27643","targetHints":{"allow":["GET"]}}],"collection":[{"href":"https:\/\/tienda.rigelec.com.ar\/index.php?rest_route=\/wp\/v2\/product"}],"about":[{"href":"https:\/\/tienda.rigelec.com.ar\/index.php?rest_route=\/wp\/v2\/types\/product"}],"replies":[{"embeddable":true,"href":"https:\/\/tienda.rigelec.com.ar\/index.php?rest_route=%2Fwp%2Fv2%2Fcomments&post=27643"}],"wp:featuredmedia":[{"embeddable":true,"href":"https:\/\/tienda.rigelec.com.ar\/index.php?rest_route=\/wp\/v2\/media\/27644"}],"wp:attachment":[{"href":"https:\/\/tienda.rigelec.com.ar\/index.php?rest_route=%2Fwp%2Fv2%2Fmedia&parent=27643"}],"wp:term":[{"taxonomy":"product_brand","embeddable":true,"href":"https:\/\/tienda.rigelec.com.ar\/index.php?rest_route=%2Fwp%2Fv2%2Fproduct_brand&post=27643"},{"taxonomy":"product_cat","embeddable":true,"href":"https:\/\/tienda.rigelec.com.ar\/index.php?rest_route=%2Fwp%2Fv2%2Fproduct_cat&post=27643"},{"taxonomy":"product_tag","embeddable":true,"href":"https:\/\/tienda.rigelec.com.ar\/index.php?rest_route=%2Fwp%2Fv2%2Fproduct_tag&post=27643"}],"curies":[{"name":"wp","href":"https:\/\/api.w.org\/{rel}","templated":true}]}}