{"id":27839,"date":"2024-12-19T19:02:06","date_gmt":"2024-12-19T22:02:06","guid":{"rendered":"https:\/\/tienda.test.rigelec.com.ar\/?product=panel-led-exterior-luz-calida-cuadrado-24w-2160lm"},"modified":"2026-05-12T06:32:25","modified_gmt":"2026-05-12T09:32:25","slug":"panel-led-exterior-luz-calida-5","status":"publish","type":"product","link":"https:\/\/tienda.rigelec.com.ar\/?product=panel-led-exterior-luz-calida-5","title":{"rendered":"PANEL LED EXTERIOR LUZ CALIDA CUADRADO 24W &#8211; 2160LM"},"content":{"rendered":"<p>PANEL LED EXTERIOR LUZ CALIDA<\/p>\n<h3 data-start=\"83\" data-end=\"141\"><strong data-start=\"87\" data-end=\"141\">Panel LED Exterior Cuadrado 24W \u2013 Luz C\u00e1lida 3000K<\/strong><\/h3>\n<p data-start=\"143\" data-end=\"370\">El <strong data-start=\"146\" data-end=\"201\">panel LED cuadrado de 24W para instalaci\u00f3n exterior<\/strong> ofrece una soluci\u00f3n moderna, eficiente y decorativa para todo tipo de ambientes. Ideal para espacios donde se requiere buena iluminaci\u00f3n con un toque c\u00e1lido y acogedor.<\/p>\n<p data-start=\"372\" data-end=\"401\"><strong data-start=\"372\" data-end=\"401\">Caracter\u00edsticas t\u00e9cnicas:<\/strong><\/p>\n<ul data-start=\"402\" data-end=\"777\">\n<li data-start=\"402\" data-end=\"423\">\n<p data-start=\"404\" data-end=\"423\">Potencia: 24W<\/p>\n<\/li>\n<li data-start=\"424\" data-end=\"446\">\n<p data-start=\"426\" data-end=\"446\">Tensi\u00f3n: 220V~<\/p>\n<\/li>\n<li data-start=\"447\" data-end=\"474\">\n<p data-start=\"449\" data-end=\"474\">Frecuencia: 50-60Hz<\/p>\n<\/li>\n<li data-start=\"475\" data-end=\"511\">\n<p data-start=\"477\" data-end=\"511\">Flujo luminoso: 2160 l\u00famenes<\/p>\n<\/li>\n<li data-start=\"512\" data-end=\"560\">\n<p data-start=\"514\" data-end=\"560\">Temperatura de color: 3000K (luz c\u00e1lida)<\/p>\n<\/li>\n<li data-start=\"561\" data-end=\"613\">\n<p data-start=\"563\" data-end=\"613\">\u00cdndice de reproducci\u00f3n crom\u00e1tica (CRI): 80Ra<\/p>\n<\/li>\n<li data-start=\"614\" data-end=\"645\">\n<p data-start=\"616\" data-end=\"645\">Factor de potencia: 0,5<\/p>\n<\/li>\n<li data-start=\"646\" data-end=\"684\">\n<p data-start=\"648\" data-end=\"684\">Dimensiones: 300 x 300 x 32 mm<\/p>\n<\/li>\n<li data-start=\"685\" data-end=\"725\">\n<p data-start=\"687\" data-end=\"725\">Vida \u00fatil estimada: 20.000 horas<\/p>\n<\/li>\n<li data-start=\"726\" data-end=\"777\">\n<p data-start=\"728\" data-end=\"777\">Certificaci\u00f3n: M 9342\/4 Revisi\u00f3n C \u2013 IQC S.A.<\/p>\n<\/li>\n<\/ul>\n<p data-start=\"779\" data-end=\"966\">Gracias a su dise\u00f1o compacto y elegante, este panel es perfecto para hogares, oficinas, locales comerciales y espacios comunes, garantizando una luz suave, uniforme y de bajo consumo.<\/p>\n","protected":false},"excerpt":{"rendered":"<p>Un: 220V~<br \/>\nFrecuencia: 50-60Hz<br \/>\nPotencia: 24W<br \/>\nFlujo: 2160lm<br \/>\nCRI: 80Ra, 3000\u00b0 K, FP: 0,5, 20.000hs.<br \/>\n300x32mm.<br \/>\nCertificado: M 9342\/4 Revisi\u00f3n C &#8211; IQC S.A.<\/p>\n","protected":false},"featured_media":29805,"comment_status":"open","ping_status":"closed","template":"","meta":{"_monsterinsights_skip_tracking":false,"_monsterinsights_sitenote_active":false,"_monsterinsights_sitenote_note":"","_monsterinsights_sitenote_category":0},"product_brand":[],"product_cat":[178],"product_tag":[65],"class_list":{"0":"post-27839","1":"product","2":"type-product","3":"status-publish","4":"has-post-thumbnail","6":"product_cat-1-para-aplicar","7":"product_tag-baw","9":"first","10":"outofstock","11":"shipping-taxable","12":"purchasable","13":"product-type-simple"},"yoast_head":"<!-- This site is optimized with the Yoast SEO plugin v25.3.1 - https:\/\/yoast.com\/wordpress\/plugins\/seo\/ -->\n<title>PANEL LED EXTERIOR LUZ CALIDA CUADRADO 24W - 2160LM - Tienda Rigelec<\/title>\n<meta name=\"description\" content=\"PANEL LED EXTERIOR LUZ CALIDA CUADRADO 24W - 2160LM Tienda Rigelec PANEL LED EXTERIOR LUZ CALIDA CUADRADO 24W - 2160LM Tienda Rigelec\" \/>\n<meta name=\"robots\" content=\"index, follow, max-snippet:-1, max-image-preview:large, max-video-preview:-1\" \/>\n<link rel=\"canonical\" href=\"https:\/\/tienda.rigelec.com.ar\/?product=panel-led-exterior-luz-calida-5\" \/>\n<meta property=\"og:locale\" content=\"es_ES\" \/>\n<meta property=\"og:type\" content=\"article\" \/>\n<meta property=\"og:title\" content=\"PANEL LED EXTERIOR LUZ CALIDA CUADRADO 24W - 2160LM - Tienda Rigelec\" \/>\n<meta property=\"og:description\" content=\"PANEL LED EXTERIOR LUZ CALIDA CUADRADO 24W - 2160LM Tienda Rigelec PANEL LED EXTERIOR LUZ CALIDA CUADRADO 24W - 2160LM Tienda Rigelec\" \/>\n<meta property=\"og:url\" content=\"https:\/\/tienda.rigelec.com.ar\/?product=panel-led-exterior-luz-calida-5\" \/>\n<meta property=\"og:site_name\" content=\"Tienda Rigelec\" \/>\n<meta property=\"article:modified_time\" content=\"2026-05-12T09:32:25+00:00\" \/>\n<meta property=\"og:image\" content=\"https:\/\/tienda.rigelec.com.ar\/wp-content\/uploads\/2024\/12\/image-Photoroom-2025-06-03T095139.576.png\" \/>\n\t<meta property=\"og:image:width\" content=\"1080\" \/>\n\t<meta property=\"og:image:height\" content=\"1080\" \/>\n\t<meta property=\"og:image:type\" content=\"image\/png\" \/>\n<meta name=\"twitter:card\" content=\"summary_large_image\" \/>\n<meta name=\"twitter:label1\" content=\"Tiempo de lectura\" \/>\n\t<meta name=\"twitter:data1\" content=\"1 minuto\" \/>\n<script type=\"application\/ld+json\" class=\"yoast-schema-graph\">{\"@context\":\"https:\/\/schema.org\",\"@graph\":[{\"@type\":\"WebPage\",\"@id\":\"https:\/\/tienda.rigelec.com.ar\/?product=panel-led-exterior-luz-calida-5\",\"url\":\"https:\/\/tienda.rigelec.com.ar\/?product=panel-led-exterior-luz-calida-5\",\"name\":\"PANEL LED EXTERIOR LUZ CALIDA CUADRADO 24W - 2160LM - Tienda Rigelec\",\"isPartOf\":{\"@id\":\"https:\/\/tienda.rigelec.com.ar\/#website\"},\"primaryImageOfPage\":{\"@id\":\"https:\/\/tienda.rigelec.com.ar\/?product=panel-led-exterior-luz-calida-5#primaryimage\"},\"image\":{\"@id\":\"https:\/\/tienda.rigelec.com.ar\/?product=panel-led-exterior-luz-calida-5#primaryimage\"},\"thumbnailUrl\":\"https:\/\/tienda.rigelec.com.ar\/wp-content\/uploads\/2024\/12\/image-Photoroom-2025-06-03T095139.576.png\",\"datePublished\":\"2024-12-19T22:02:06+00:00\",\"dateModified\":\"2026-05-12T09:32:25+00:00\",\"description\":\"PANEL LED EXTERIOR LUZ CALIDA CUADRADO 24W - 2160LM Tienda Rigelec PANEL LED EXTERIOR LUZ CALIDA CUADRADO 24W - 2160LM Tienda Rigelec\",\"breadcrumb\":{\"@id\":\"https:\/\/tienda.rigelec.com.ar\/?product=panel-led-exterior-luz-calida-5#breadcrumb\"},\"inLanguage\":\"es-AR\",\"potentialAction\":[{\"@type\":\"ReadAction\",\"target\":[\"https:\/\/tienda.rigelec.com.ar\/?product=panel-led-exterior-luz-calida-5\"]}]},{\"@type\":\"ImageObject\",\"inLanguage\":\"es-AR\",\"@id\":\"https:\/\/tienda.rigelec.com.ar\/?product=panel-led-exterior-luz-calida-5#primaryimage\",\"url\":\"https:\/\/tienda.rigelec.com.ar\/wp-content\/uploads\/2024\/12\/image-Photoroom-2025-06-03T095139.576.png\",\"contentUrl\":\"https:\/\/tienda.rigelec.com.ar\/wp-content\/uploads\/2024\/12\/image-Photoroom-2025-06-03T095139.576.png\",\"width\":1080,\"height\":1080},{\"@type\":\"BreadcrumbList\",\"@id\":\"https:\/\/tienda.rigelec.com.ar\/?product=panel-led-exterior-luz-calida-5#breadcrumb\",\"itemListElement\":[{\"@type\":\"ListItem\",\"position\":1,\"name\":\"Inicio\",\"item\":\"https:\/\/tienda.rigelec.com.ar\/\"},{\"@type\":\"ListItem\",\"position\":2,\"name\":\"Shop\",\"item\":\"https:\/\/tienda.rigelec.com.ar\/?page_id=12\"},{\"@type\":\"ListItem\",\"position\":3,\"name\":\"PANEL LED EXTERIOR LUZ CALIDA CUADRADO 24W &#8211; 2160LM\"}]},{\"@type\":\"WebSite\",\"@id\":\"https:\/\/tienda.rigelec.com.ar\/#website\",\"url\":\"https:\/\/tienda.rigelec.com.ar\/\",\"name\":\"Tienda Rigelec\",\"description\":\"Energia en movimiento\",\"publisher\":{\"@id\":\"https:\/\/tienda.rigelec.com.ar\/#organization\"},\"potentialAction\":[{\"@type\":\"SearchAction\",\"target\":{\"@type\":\"EntryPoint\",\"urlTemplate\":\"https:\/\/tienda.rigelec.com.ar\/?s={search_term_string}\"},\"query-input\":{\"@type\":\"PropertyValueSpecification\",\"valueRequired\":true,\"valueName\":\"search_term_string\"}}],\"inLanguage\":\"es-AR\"},{\"@type\":\"Organization\",\"@id\":\"https:\/\/tienda.rigelec.com.ar\/#organization\",\"name\":\"Tienda Rigelec\",\"url\":\"https:\/\/tienda.rigelec.com.ar\/\",\"logo\":{\"@type\":\"ImageObject\",\"inLanguage\":\"es-AR\",\"@id\":\"https:\/\/tienda.rigelec.com.ar\/#\/schema\/logo\/image\/\",\"url\":\"https:\/\/tienda.rigelec.com.ar\/wp-content\/uploads\/2024\/09\/isologo-blanco-rigelec.png\",\"contentUrl\":\"https:\/\/tienda.rigelec.com.ar\/wp-content\/uploads\/2024\/09\/isologo-blanco-rigelec.png\",\"width\":94,\"height\":97,\"caption\":\"Tienda Rigelec\"},\"image\":{\"@id\":\"https:\/\/tienda.rigelec.com.ar\/#\/schema\/logo\/image\/\"}}]}<\/script>\n<!-- \/ Yoast SEO plugin. -->","yoast_head_json":{"title":"PANEL LED EXTERIOR LUZ CALIDA CUADRADO 24W - 2160LM - Tienda Rigelec","description":"PANEL LED EXTERIOR LUZ CALIDA CUADRADO 24W - 2160LM Tienda Rigelec PANEL LED EXTERIOR LUZ CALIDA CUADRADO 24W - 2160LM Tienda Rigelec","robots":{"index":"index","follow":"follow","max-snippet":"max-snippet:-1","max-image-preview":"max-image-preview:large","max-video-preview":"max-video-preview:-1"},"canonical":"https:\/\/tienda.rigelec.com.ar\/?product=panel-led-exterior-luz-calida-5","og_locale":"es_ES","og_type":"article","og_title":"PANEL LED EXTERIOR LUZ CALIDA CUADRADO 24W - 2160LM - Tienda Rigelec","og_description":"PANEL LED EXTERIOR LUZ CALIDA CUADRADO 24W - 2160LM Tienda Rigelec PANEL LED EXTERIOR LUZ CALIDA CUADRADO 24W - 2160LM Tienda Rigelec","og_url":"https:\/\/tienda.rigelec.com.ar\/?product=panel-led-exterior-luz-calida-5","og_site_name":"Tienda Rigelec","article_modified_time":"2026-05-12T09:32:25+00:00","og_image":[{"width":1080,"height":1080,"url":"https:\/\/tienda.rigelec.com.ar\/wp-content\/uploads\/2024\/12\/image-Photoroom-2025-06-03T095139.576.png","type":"image\/png"}],"twitter_card":"summary_large_image","twitter_misc":{"Tiempo de lectura":"1 minuto"},"schema":{"@context":"https:\/\/schema.org","@graph":[{"@type":"WebPage","@id":"https:\/\/tienda.rigelec.com.ar\/?product=panel-led-exterior-luz-calida-5","url":"https:\/\/tienda.rigelec.com.ar\/?product=panel-led-exterior-luz-calida-5","name":"PANEL LED EXTERIOR LUZ CALIDA CUADRADO 24W - 2160LM - Tienda Rigelec","isPartOf":{"@id":"https:\/\/tienda.rigelec.com.ar\/#website"},"primaryImageOfPage":{"@id":"https:\/\/tienda.rigelec.com.ar\/?product=panel-led-exterior-luz-calida-5#primaryimage"},"image":{"@id":"https:\/\/tienda.rigelec.com.ar\/?product=panel-led-exterior-luz-calida-5#primaryimage"},"thumbnailUrl":"https:\/\/tienda.rigelec.com.ar\/wp-content\/uploads\/2024\/12\/image-Photoroom-2025-06-03T095139.576.png","datePublished":"2024-12-19T22:02:06+00:00","dateModified":"2026-05-12T09:32:25+00:00","description":"PANEL LED EXTERIOR LUZ CALIDA CUADRADO 24W - 2160LM Tienda Rigelec PANEL LED EXTERIOR LUZ CALIDA CUADRADO 24W - 2160LM Tienda Rigelec","breadcrumb":{"@id":"https:\/\/tienda.rigelec.com.ar\/?product=panel-led-exterior-luz-calida-5#breadcrumb"},"inLanguage":"es-AR","potentialAction":[{"@type":"ReadAction","target":["https:\/\/tienda.rigelec.com.ar\/?product=panel-led-exterior-luz-calida-5"]}]},{"@type":"ImageObject","inLanguage":"es-AR","@id":"https:\/\/tienda.rigelec.com.ar\/?product=panel-led-exterior-luz-calida-5#primaryimage","url":"https:\/\/tienda.rigelec.com.ar\/wp-content\/uploads\/2024\/12\/image-Photoroom-2025-06-03T095139.576.png","contentUrl":"https:\/\/tienda.rigelec.com.ar\/wp-content\/uploads\/2024\/12\/image-Photoroom-2025-06-03T095139.576.png","width":1080,"height":1080},{"@type":"BreadcrumbList","@id":"https:\/\/tienda.rigelec.com.ar\/?product=panel-led-exterior-luz-calida-5#breadcrumb","itemListElement":[{"@type":"ListItem","position":1,"name":"Inicio","item":"https:\/\/tienda.rigelec.com.ar\/"},{"@type":"ListItem","position":2,"name":"Shop","item":"https:\/\/tienda.rigelec.com.ar\/?page_id=12"},{"@type":"ListItem","position":3,"name":"PANEL LED EXTERIOR LUZ CALIDA CUADRADO 24W &#8211; 2160LM"}]},{"@type":"WebSite","@id":"https:\/\/tienda.rigelec.com.ar\/#website","url":"https:\/\/tienda.rigelec.com.ar\/","name":"Tienda Rigelec","description":"Energia en movimiento","publisher":{"@id":"https:\/\/tienda.rigelec.com.ar\/#organization"},"potentialAction":[{"@type":"SearchAction","target":{"@type":"EntryPoint","urlTemplate":"https:\/\/tienda.rigelec.com.ar\/?s={search_term_string}"},"query-input":{"@type":"PropertyValueSpecification","valueRequired":true,"valueName":"search_term_string"}}],"inLanguage":"es-AR"},{"@type":"Organization","@id":"https:\/\/tienda.rigelec.com.ar\/#organization","name":"Tienda Rigelec","url":"https:\/\/tienda.rigelec.com.ar\/","logo":{"@type":"ImageObject","inLanguage":"es-AR","@id":"https:\/\/tienda.rigelec.com.ar\/#\/schema\/logo\/image\/","url":"https:\/\/tienda.rigelec.com.ar\/wp-content\/uploads\/2024\/09\/isologo-blanco-rigelec.png","contentUrl":"https:\/\/tienda.rigelec.com.ar\/wp-content\/uploads\/2024\/09\/isologo-blanco-rigelec.png","width":94,"height":97,"caption":"Tienda Rigelec"},"image":{"@id":"https:\/\/tienda.rigelec.com.ar\/#\/schema\/logo\/image\/"}}]}},"jetpack_sharing_enabled":true,"_links":{"self":[{"href":"https:\/\/tienda.rigelec.com.ar\/index.php?rest_route=\/wp\/v2\/product\/27839","targetHints":{"allow":["GET"]}}],"collection":[{"href":"https:\/\/tienda.rigelec.com.ar\/index.php?rest_route=\/wp\/v2\/product"}],"about":[{"href":"https:\/\/tienda.rigelec.com.ar\/index.php?rest_route=\/wp\/v2\/types\/product"}],"replies":[{"embeddable":true,"href":"https:\/\/tienda.rigelec.com.ar\/index.php?rest_route=%2Fwp%2Fv2%2Fcomments&post=27839"}],"wp:featuredmedia":[{"embeddable":true,"href":"https:\/\/tienda.rigelec.com.ar\/index.php?rest_route=\/wp\/v2\/media\/29805"}],"wp:attachment":[{"href":"https:\/\/tienda.rigelec.com.ar\/index.php?rest_route=%2Fwp%2Fv2%2Fmedia&parent=27839"}],"wp:term":[{"taxonomy":"product_brand","embeddable":true,"href":"https:\/\/tienda.rigelec.com.ar\/index.php?rest_route=%2Fwp%2Fv2%2Fproduct_brand&post=27839"},{"taxonomy":"product_cat","embeddable":true,"href":"https:\/\/tienda.rigelec.com.ar\/index.php?rest_route=%2Fwp%2Fv2%2Fproduct_cat&post=27839"},{"taxonomy":"product_tag","embeddable":true,"href":"https:\/\/tienda.rigelec.com.ar\/index.php?rest_route=%2Fwp%2Fv2%2Fproduct_tag&post=27839"}],"curies":[{"name":"wp","href":"https:\/\/api.w.org\/{rel}","templated":true}]}}