{"id":27905,"date":"2024-12-19T19:07:02","date_gmt":"2024-12-19T22:07:02","guid":{"rendered":"https:\/\/tienda.test.rigelec.com.ar\/?product=reflector-led-luz-calida-ip65-50w-4000lm"},"modified":"2026-04-30T21:40:35","modified_gmt":"2026-05-01T00:40:35","slug":"reflector-led-macroled-50w-4000lm-luz-calida-ip65","status":"publish","type":"product","link":"https:\/\/tienda.rigelec.com.ar\/?product=reflector-led-macroled-50w-4000lm-luz-calida-ip65","title":{"rendered":"REFLECTOR LED LUZ CALIDA IP65 50W &#8211; 4000LM"},"content":{"rendered":"<p data-start=\"495\" data-end=\"718\">El <strong data-start=\"498\" data-end=\"539\">Reflector LED Macroled 50W Luz C\u00e1lida<\/strong> brinda <strong data-start=\"547\" data-end=\"602\">iluminaci\u00f3n de alta calidad y eficiencia energ\u00e9tica<\/strong>, con un flujo luminoso de <strong data-start=\"629\" data-end=\"645\">4000 l\u00famenes<\/strong> que garantiza gran potencia lum\u00ednica y un ambiente c\u00e1lido y agradable.<\/p>\n<p data-start=\"720\" data-end=\"1013\">Su <strong data-start=\"723\" data-end=\"742\">protecci\u00f3n IP65<\/strong> lo hace resistente al agua y al polvo, por lo que es ideal para <strong data-start=\"807\" data-end=\"841\">uso en exteriores e interiores<\/strong>. Dise\u00f1ado con tecnolog\u00eda LED de larga duraci\u00f3n, asegura <strong data-start=\"898\" data-end=\"946\">menor consumo el\u00e9ctrico y bajo mantenimiento<\/strong>, siendo una opci\u00f3n confiable y duradera para distintos espacios.<\/p>\n<p data-start=\"1015\" data-end=\"1198\">Es la soluci\u00f3n perfecta para iluminar <strong data-start=\"1053\" data-end=\"1128\">jardines, patios, fachadas, comercios, accesos y espacios residenciales<\/strong> donde se busca eficiencia junto con una luz m\u00e1s c\u00e1lida y acogedora.<\/p>\n<h2 data-start=\"1205\" data-end=\"1240\"><strong data-start=\"1208\" data-end=\"1238\">Caracter\u00edsticas destacadas<\/strong><\/h2>\n<ul data-start=\"1241\" data-end=\"1566\">\n<li data-start=\"1241\" data-end=\"1264\">\n<p data-start=\"1243\" data-end=\"1264\"><strong data-start=\"1243\" data-end=\"1253\">Marca:<\/strong> Macroled<\/p>\n<\/li>\n<li data-start=\"1265\" data-end=\"1303\">\n<p data-start=\"1267\" data-end=\"1303\"><strong data-start=\"1267\" data-end=\"1278\">Modelo:<\/strong> Reflector LED IP65 50W<\/p>\n<\/li>\n<li data-start=\"1304\" data-end=\"1325\">\n<p data-start=\"1306\" data-end=\"1325\"><strong data-start=\"1306\" data-end=\"1319\">Potencia:<\/strong> 50W<\/p>\n<\/li>\n<li data-start=\"1326\" data-end=\"1357\">\n<p data-start=\"1328\" data-end=\"1357\"><strong data-start=\"1328\" data-end=\"1347\">Flujo luminoso:<\/strong> 4000 lm<\/p>\n<\/li>\n<li data-start=\"1358\" data-end=\"1398\">\n<p data-start=\"1360\" data-end=\"1398\"><strong data-start=\"1360\" data-end=\"1385\">Temperatura de color:<\/strong> Luz c\u00e1lida<\/p>\n<\/li>\n<li data-start=\"1399\" data-end=\"1451\">\n<p data-start=\"1401\" data-end=\"1451\"><strong data-start=\"1401\" data-end=\"1416\">Protecci\u00f3n:<\/strong> IP65 (resistente a agua y polvo)<\/p>\n<\/li>\n<li data-start=\"1452\" data-end=\"1514\">\n<p data-start=\"1454\" data-end=\"1514\"><strong data-start=\"1454\" data-end=\"1480\">Eficiencia energ\u00e9tica:<\/strong> Alto rendimiento y bajo consumo<\/p>\n<\/li>\n<li data-start=\"1515\" data-end=\"1566\">\n<p data-start=\"1517\" data-end=\"1566\"><strong data-start=\"1517\" data-end=\"1531\">Vida \u00fatil:<\/strong> Tecnolog\u00eda LED de larga duraci\u00f3n<\/p>\n<\/li>\n<\/ul>\n<h2 data-start=\"1573\" data-end=\"1607\"><strong data-start=\"1576\" data-end=\"1605\">Aplicaciones recomendadas<\/strong><\/h2>\n<ul data-start=\"1608\" data-end=\"1733\">\n<li data-start=\"1608\" data-end=\"1629\">\n<p data-start=\"1610\" data-end=\"1629\">Jardines y patios<\/p>\n<\/li>\n<li data-start=\"1630\" data-end=\"1657\">\n<p data-start=\"1632\" data-end=\"1657\">Iluminaci\u00f3n de fachadas<\/p>\n<\/li>\n<li data-start=\"1658\" data-end=\"1680\">\n<p data-start=\"1660\" data-end=\"1680\">Entradas y accesos<\/p>\n<\/li>\n<li data-start=\"1681\" data-end=\"1706\">\n<p data-start=\"1683\" data-end=\"1706\">Comercios y vidrieras<\/p>\n<\/li>\n<li data-start=\"1707\" data-end=\"1733\">\n<p data-start=\"1709\" data-end=\"1733\">Espacios residenciales<\/p>\n<\/li>\n<\/ul>\n<p><a href=\"https:\/\/www.macroled.com.ar\/reflectores\/7428325574250\">https:\/\/www.macroled.com.ar\/reflectores\/7428325574250<\/a><\/p>\n","protected":false},"excerpt":{"rendered":"<p>Brazo a 45\u00b0<br \/>\nPotencia: 50W<br \/>\nModelo: EFL-50W<br \/>\nTensi\u00f3n: AC220-240V<br \/>\nTama\u00f1o de L\u00e1mpara: 200x237x36mm<br \/>\nPeso de L\u00e1mpara: 590g<\/p>\n","protected":false},"featured_media":27906,"comment_status":"open","ping_status":"closed","template":"","meta":{"_monsterinsights_skip_tracking":false,"_monsterinsights_sitenote_active":false,"_monsterinsights_sitenote_note":"","_monsterinsights_sitenote_category":0},"product_brand":[],"product_cat":[193],"product_tag":[146],"class_list":{"0":"post-27905","1":"product","2":"type-product","3":"status-publish","4":"has-post-thumbnail","6":"product_cat-1-led","7":"product_tag-macroled","9":"first","10":"outofstock","11":"shipping-taxable","12":"purchasable","13":"product-type-simple"},"yoast_head":"<!-- This site is optimized with the Yoast SEO plugin v25.3.1 - https:\/\/yoast.com\/wordpress\/plugins\/seo\/ -->\n<title>Tienda Rigelec Reflector LED Macroled 50W \u2013 4000lm Luz C\u00e1lida IP65<\/title>\n<meta name=\"description\" content=\"Reflector LED Macroled 50W con 4000 l\u00famenes de luz c\u00e1lida. Resistente al agua y polvo (IP65), ideal para exteriores, jardines, patios y fachadas.\" \/>\n<meta name=\"robots\" content=\"index, follow, max-snippet:-1, max-image-preview:large, max-video-preview:-1\" \/>\n<link rel=\"canonical\" href=\"https:\/\/tienda.rigelec.com.ar\/?product=reflector-led-macroled-50w-4000lm-luz-calida-ip65\" \/>\n<meta property=\"og:locale\" content=\"es_ES\" \/>\n<meta property=\"og:type\" content=\"article\" \/>\n<meta property=\"og:title\" content=\"Tienda Rigelec Reflector LED Macroled 50W \u2013 4000lm Luz C\u00e1lida IP65\" \/>\n<meta property=\"og:description\" content=\"Reflector LED Macroled 50W con 4000 l\u00famenes de luz c\u00e1lida. Resistente al agua y polvo (IP65), ideal para exteriores, jardines, patios y fachadas.\" \/>\n<meta property=\"og:url\" content=\"https:\/\/tienda.rigelec.com.ar\/?product=reflector-led-macroled-50w-4000lm-luz-calida-ip65\" \/>\n<meta property=\"og:site_name\" content=\"Tienda Rigelec\" \/>\n<meta property=\"article:modified_time\" content=\"2026-05-01T00:40:35+00:00\" \/>\n<meta property=\"og:image\" content=\"https:\/\/tienda.rigelec.com.ar\/wp-content\/uploads\/2024\/12\/REFLECTORLEDLUZCALIDA-4.jpg\" \/>\n\t<meta property=\"og:image:width\" content=\"1080\" \/>\n\t<meta property=\"og:image:height\" content=\"955\" \/>\n\t<meta property=\"og:image:type\" content=\"image\/jpeg\" \/>\n<meta name=\"twitter:card\" content=\"summary_large_image\" \/>\n<meta name=\"twitter:label1\" content=\"Tiempo de lectura\" \/>\n\t<meta name=\"twitter:data1\" content=\"1 minuto\" \/>\n<script type=\"application\/ld+json\" class=\"yoast-schema-graph\">{\"@context\":\"https:\/\/schema.org\",\"@graph\":[{\"@type\":\"WebPage\",\"@id\":\"https:\/\/tienda.rigelec.com.ar\/?product=reflector-led-macroled-50w-4000lm-luz-calida-ip65\",\"url\":\"https:\/\/tienda.rigelec.com.ar\/?product=reflector-led-macroled-50w-4000lm-luz-calida-ip65\",\"name\":\"Tienda Rigelec Reflector LED Macroled 50W \u2013 4000lm Luz C\u00e1lida IP65\",\"isPartOf\":{\"@id\":\"https:\/\/tienda.rigelec.com.ar\/#website\"},\"primaryImageOfPage\":{\"@id\":\"https:\/\/tienda.rigelec.com.ar\/?product=reflector-led-macroled-50w-4000lm-luz-calida-ip65#primaryimage\"},\"image\":{\"@id\":\"https:\/\/tienda.rigelec.com.ar\/?product=reflector-led-macroled-50w-4000lm-luz-calida-ip65#primaryimage\"},\"thumbnailUrl\":\"https:\/\/tienda.rigelec.com.ar\/wp-content\/uploads\/2024\/12\/REFLECTORLEDLUZCALIDA-4.jpg\",\"datePublished\":\"2024-12-19T22:07:02+00:00\",\"dateModified\":\"2026-05-01T00:40:35+00:00\",\"description\":\"Reflector LED Macroled 50W con 4000 l\u00famenes de luz c\u00e1lida. Resistente al agua y polvo (IP65), ideal para exteriores, jardines, patios y fachadas.\",\"breadcrumb\":{\"@id\":\"https:\/\/tienda.rigelec.com.ar\/?product=reflector-led-macroled-50w-4000lm-luz-calida-ip65#breadcrumb\"},\"inLanguage\":\"es-AR\",\"potentialAction\":[{\"@type\":\"ReadAction\",\"target\":[\"https:\/\/tienda.rigelec.com.ar\/?product=reflector-led-macroled-50w-4000lm-luz-calida-ip65\"]}]},{\"@type\":\"ImageObject\",\"inLanguage\":\"es-AR\",\"@id\":\"https:\/\/tienda.rigelec.com.ar\/?product=reflector-led-macroled-50w-4000lm-luz-calida-ip65#primaryimage\",\"url\":\"https:\/\/tienda.rigelec.com.ar\/wp-content\/uploads\/2024\/12\/REFLECTORLEDLUZCALIDA-4.jpg\",\"contentUrl\":\"https:\/\/tienda.rigelec.com.ar\/wp-content\/uploads\/2024\/12\/REFLECTORLEDLUZCALIDA-4.jpg\",\"width\":1080,\"height\":955},{\"@type\":\"BreadcrumbList\",\"@id\":\"https:\/\/tienda.rigelec.com.ar\/?product=reflector-led-macroled-50w-4000lm-luz-calida-ip65#breadcrumb\",\"itemListElement\":[{\"@type\":\"ListItem\",\"position\":1,\"name\":\"Inicio\",\"item\":\"https:\/\/tienda.rigelec.com.ar\/\"},{\"@type\":\"ListItem\",\"position\":2,\"name\":\"Shop\",\"item\":\"https:\/\/tienda.rigelec.com.ar\/?page_id=12\"},{\"@type\":\"ListItem\",\"position\":3,\"name\":\"REFLECTOR LED LUZ CALIDA IP65 50W &#8211; 4000LM\"}]},{\"@type\":\"WebSite\",\"@id\":\"https:\/\/tienda.rigelec.com.ar\/#website\",\"url\":\"https:\/\/tienda.rigelec.com.ar\/\",\"name\":\"Tienda Rigelec\",\"description\":\"Energia en movimiento\",\"publisher\":{\"@id\":\"https:\/\/tienda.rigelec.com.ar\/#organization\"},\"potentialAction\":[{\"@type\":\"SearchAction\",\"target\":{\"@type\":\"EntryPoint\",\"urlTemplate\":\"https:\/\/tienda.rigelec.com.ar\/?s={search_term_string}\"},\"query-input\":{\"@type\":\"PropertyValueSpecification\",\"valueRequired\":true,\"valueName\":\"search_term_string\"}}],\"inLanguage\":\"es-AR\"},{\"@type\":\"Organization\",\"@id\":\"https:\/\/tienda.rigelec.com.ar\/#organization\",\"name\":\"Tienda Rigelec\",\"url\":\"https:\/\/tienda.rigelec.com.ar\/\",\"logo\":{\"@type\":\"ImageObject\",\"inLanguage\":\"es-AR\",\"@id\":\"https:\/\/tienda.rigelec.com.ar\/#\/schema\/logo\/image\/\",\"url\":\"https:\/\/tienda.rigelec.com.ar\/wp-content\/uploads\/2024\/09\/isologo-blanco-rigelec.png\",\"contentUrl\":\"https:\/\/tienda.rigelec.com.ar\/wp-content\/uploads\/2024\/09\/isologo-blanco-rigelec.png\",\"width\":94,\"height\":97,\"caption\":\"Tienda Rigelec\"},\"image\":{\"@id\":\"https:\/\/tienda.rigelec.com.ar\/#\/schema\/logo\/image\/\"}}]}<\/script>\n<!-- \/ Yoast SEO plugin. -->","yoast_head_json":{"title":"Tienda Rigelec Reflector LED Macroled 50W \u2013 4000lm Luz C\u00e1lida IP65","description":"Reflector LED Macroled 50W con 4000 l\u00famenes de luz c\u00e1lida. Resistente al agua y polvo (IP65), ideal para exteriores, jardines, patios y fachadas.","robots":{"index":"index","follow":"follow","max-snippet":"max-snippet:-1","max-image-preview":"max-image-preview:large","max-video-preview":"max-video-preview:-1"},"canonical":"https:\/\/tienda.rigelec.com.ar\/?product=reflector-led-macroled-50w-4000lm-luz-calida-ip65","og_locale":"es_ES","og_type":"article","og_title":"Tienda Rigelec Reflector LED Macroled 50W \u2013 4000lm Luz C\u00e1lida IP65","og_description":"Reflector LED Macroled 50W con 4000 l\u00famenes de luz c\u00e1lida. Resistente al agua y polvo (IP65), ideal para exteriores, jardines, patios y fachadas.","og_url":"https:\/\/tienda.rigelec.com.ar\/?product=reflector-led-macroled-50w-4000lm-luz-calida-ip65","og_site_name":"Tienda Rigelec","article_modified_time":"2026-05-01T00:40:35+00:00","og_image":[{"width":1080,"height":955,"url":"https:\/\/tienda.rigelec.com.ar\/wp-content\/uploads\/2024\/12\/REFLECTORLEDLUZCALIDA-4.jpg","type":"image\/jpeg"}],"twitter_card":"summary_large_image","twitter_misc":{"Tiempo de lectura":"1 minuto"},"schema":{"@context":"https:\/\/schema.org","@graph":[{"@type":"WebPage","@id":"https:\/\/tienda.rigelec.com.ar\/?product=reflector-led-macroled-50w-4000lm-luz-calida-ip65","url":"https:\/\/tienda.rigelec.com.ar\/?product=reflector-led-macroled-50w-4000lm-luz-calida-ip65","name":"Tienda Rigelec Reflector LED Macroled 50W \u2013 4000lm Luz C\u00e1lida IP65","isPartOf":{"@id":"https:\/\/tienda.rigelec.com.ar\/#website"},"primaryImageOfPage":{"@id":"https:\/\/tienda.rigelec.com.ar\/?product=reflector-led-macroled-50w-4000lm-luz-calida-ip65#primaryimage"},"image":{"@id":"https:\/\/tienda.rigelec.com.ar\/?product=reflector-led-macroled-50w-4000lm-luz-calida-ip65#primaryimage"},"thumbnailUrl":"https:\/\/tienda.rigelec.com.ar\/wp-content\/uploads\/2024\/12\/REFLECTORLEDLUZCALIDA-4.jpg","datePublished":"2024-12-19T22:07:02+00:00","dateModified":"2026-05-01T00:40:35+00:00","description":"Reflector LED Macroled 50W con 4000 l\u00famenes de luz c\u00e1lida. Resistente al agua y polvo (IP65), ideal para exteriores, jardines, patios y fachadas.","breadcrumb":{"@id":"https:\/\/tienda.rigelec.com.ar\/?product=reflector-led-macroled-50w-4000lm-luz-calida-ip65#breadcrumb"},"inLanguage":"es-AR","potentialAction":[{"@type":"ReadAction","target":["https:\/\/tienda.rigelec.com.ar\/?product=reflector-led-macroled-50w-4000lm-luz-calida-ip65"]}]},{"@type":"ImageObject","inLanguage":"es-AR","@id":"https:\/\/tienda.rigelec.com.ar\/?product=reflector-led-macroled-50w-4000lm-luz-calida-ip65#primaryimage","url":"https:\/\/tienda.rigelec.com.ar\/wp-content\/uploads\/2024\/12\/REFLECTORLEDLUZCALIDA-4.jpg","contentUrl":"https:\/\/tienda.rigelec.com.ar\/wp-content\/uploads\/2024\/12\/REFLECTORLEDLUZCALIDA-4.jpg","width":1080,"height":955},{"@type":"BreadcrumbList","@id":"https:\/\/tienda.rigelec.com.ar\/?product=reflector-led-macroled-50w-4000lm-luz-calida-ip65#breadcrumb","itemListElement":[{"@type":"ListItem","position":1,"name":"Inicio","item":"https:\/\/tienda.rigelec.com.ar\/"},{"@type":"ListItem","position":2,"name":"Shop","item":"https:\/\/tienda.rigelec.com.ar\/?page_id=12"},{"@type":"ListItem","position":3,"name":"REFLECTOR LED LUZ CALIDA IP65 50W &#8211; 4000LM"}]},{"@type":"WebSite","@id":"https:\/\/tienda.rigelec.com.ar\/#website","url":"https:\/\/tienda.rigelec.com.ar\/","name":"Tienda Rigelec","description":"Energia en movimiento","publisher":{"@id":"https:\/\/tienda.rigelec.com.ar\/#organization"},"potentialAction":[{"@type":"SearchAction","target":{"@type":"EntryPoint","urlTemplate":"https:\/\/tienda.rigelec.com.ar\/?s={search_term_string}"},"query-input":{"@type":"PropertyValueSpecification","valueRequired":true,"valueName":"search_term_string"}}],"inLanguage":"es-AR"},{"@type":"Organization","@id":"https:\/\/tienda.rigelec.com.ar\/#organization","name":"Tienda Rigelec","url":"https:\/\/tienda.rigelec.com.ar\/","logo":{"@type":"ImageObject","inLanguage":"es-AR","@id":"https:\/\/tienda.rigelec.com.ar\/#\/schema\/logo\/image\/","url":"https:\/\/tienda.rigelec.com.ar\/wp-content\/uploads\/2024\/09\/isologo-blanco-rigelec.png","contentUrl":"https:\/\/tienda.rigelec.com.ar\/wp-content\/uploads\/2024\/09\/isologo-blanco-rigelec.png","width":94,"height":97,"caption":"Tienda Rigelec"},"image":{"@id":"https:\/\/tienda.rigelec.com.ar\/#\/schema\/logo\/image\/"}}]}},"jetpack_sharing_enabled":true,"_links":{"self":[{"href":"https:\/\/tienda.rigelec.com.ar\/index.php?rest_route=\/wp\/v2\/product\/27905","targetHints":{"allow":["GET"]}}],"collection":[{"href":"https:\/\/tienda.rigelec.com.ar\/index.php?rest_route=\/wp\/v2\/product"}],"about":[{"href":"https:\/\/tienda.rigelec.com.ar\/index.php?rest_route=\/wp\/v2\/types\/product"}],"replies":[{"embeddable":true,"href":"https:\/\/tienda.rigelec.com.ar\/index.php?rest_route=%2Fwp%2Fv2%2Fcomments&post=27905"}],"wp:featuredmedia":[{"embeddable":true,"href":"https:\/\/tienda.rigelec.com.ar\/index.php?rest_route=\/wp\/v2\/media\/27906"}],"wp:attachment":[{"href":"https:\/\/tienda.rigelec.com.ar\/index.php?rest_route=%2Fwp%2Fv2%2Fmedia&parent=27905"}],"wp:term":[{"taxonomy":"product_brand","embeddable":true,"href":"https:\/\/tienda.rigelec.com.ar\/index.php?rest_route=%2Fwp%2Fv2%2Fproduct_brand&post=27905"},{"taxonomy":"product_cat","embeddable":true,"href":"https:\/\/tienda.rigelec.com.ar\/index.php?rest_route=%2Fwp%2Fv2%2Fproduct_cat&post=27905"},{"taxonomy":"product_tag","embeddable":true,"href":"https:\/\/tienda.rigelec.com.ar\/index.php?rest_route=%2Fwp%2Fv2%2Fproduct_tag&post=27905"}],"curies":[{"name":"wp","href":"https:\/\/api.w.org\/{rel}","templated":true}]}}