{"id":28077,"date":"2024-12-19T19:20:11","date_gmt":"2024-12-19T22:20:11","guid":{"rendered":"https:\/\/tienda.test.rigelec.com.ar\/?product=panel-led-exterior-luz-neutra-cuadrado-24w"},"modified":"2026-05-01T11:23:23","modified_gmt":"2026-05-01T14:23:23","slug":"panel-led-exterior-luz-neutra-cuadrado-24w","status":"publish","type":"product","link":"https:\/\/tienda.rigelec.com.ar\/?product=panel-led-exterior-luz-neutra-cuadrado-24w","title":{"rendered":"PANEL LED EXTERIOR LUZ NEUTRA CUADRADO 24W"},"content":{"rendered":"<p>PANEL LED EXTERIOR LUZ NEUTRA<\/p>\n","protected":false},"excerpt":{"rendered":"<p>Potencia\t24W<br \/>\nModelo\tPC24<br \/>\nTensi\u00f3n\tAC180-265V<br \/>\nReemplazo\tFluorescente 180W<br \/>\nConector\tN + L<br \/>\nCorriente\t115-120mA<br \/>\nFactor de Potencia\t0.5<br \/>\nProtecci\u00f3n IP\tIP20<br \/>\nProtecci\u00f3n IK\tIK00<br \/>\nFunci\u00f3n Dimeable\tNo<br \/>\n\u00c1ngulo de Apertura\t120\u00b0<br \/>\nMaterial del Cuerpo\tAluminio<br \/>\nMaterial del Lente\tPMMA Esmerilado con difusor blanco<br \/>\nTipo de Chip\t2835 &#8211; 120 pcs<br \/>\nTama\u00f1o de Lampara\t295x32mm<br \/>\nPeso de L\u00e1mpara\t48g<br \/>\nTama\u00f1o de Master\t42x32x32cm<br \/>\nCantidad por Master\t10pcs                                                                                       Tipo de Blanco.C\u00e1lido 3000K<br \/>\nTipo de Blanco: Fr\u00edo 6000k<br \/>\nTipo de Blanco:Neutro 4500k<br \/>\nFlujo Luminoso: 2160lm<br \/>\nFrecuencia: 50-60Hz<br \/>\nAnti-High-Volt: 1500V<br \/>\nEMC: Si<br \/>\nClase: 2<br \/>\nVida \u00datil (horas): 25.000hs<br \/>\nVida \u00datil (ON\/OFF)\t15000 maniobras<br \/>\nGarant\u00eda\t2 A\u00f1os<br \/>\nSDCM: 6<br \/>\nTemperatura de Trabajo: -20\u00b0 +40\u00b0<br \/>\nR9: Superior<br \/>\nCRI: 80Ra<br \/>\nIC Driver\tSi<br \/>\nL\u00famenes por Watt\t90 lm.xW<\/p>\n","protected":false},"featured_media":28078,"comment_status":"open","ping_status":"closed","template":"","meta":{"_monsterinsights_skip_tracking":false,"_monsterinsights_sitenote_active":false,"_monsterinsights_sitenote_note":"","_monsterinsights_sitenote_category":0},"product_brand":[],"product_cat":[178],"product_tag":[146],"class_list":{"0":"post-28077","1":"product","2":"type-product","3":"status-publish","4":"has-post-thumbnail","6":"product_cat-1-para-aplicar","7":"product_tag-macroled","9":"first","10":"instock","11":"shipping-taxable","12":"purchasable","13":"product-type-simple"},"yoast_head":"<!-- This site is optimized with the Yoast SEO plugin v25.3.1 - https:\/\/yoast.com\/wordpress\/plugins\/seo\/ -->\n<title>PANEL LED EXTERIOR LUZ NEUTRA CUADRADO 24W - Tienda Rigelec<\/title>\n<meta name=\"robots\" content=\"index, follow, max-snippet:-1, max-image-preview:large, max-video-preview:-1\" \/>\n<link rel=\"canonical\" href=\"https:\/\/tienda.rigelec.com.ar\/?product=panel-led-exterior-luz-neutra-cuadrado-24w\" \/>\n<meta property=\"og:locale\" content=\"es_ES\" \/>\n<meta property=\"og:type\" content=\"article\" \/>\n<meta property=\"og:title\" content=\"PANEL LED EXTERIOR LUZ NEUTRA CUADRADO 24W - Tienda Rigelec\" \/>\n<meta property=\"og:description\" content=\"Potencia 24W Modelo PC24 Tensi\u00f3n AC180-265V Reemplazo Fluorescente 180W Conector N + L Corriente 115-120mA Factor de Potencia 0.5 Protecci\u00f3n IP IP20 Protecci\u00f3n IK IK00 Funci\u00f3n Dimeable No \u00c1ngulo de Apertura 120\u00b0 Material del Cuerpo Aluminio Material del Lente PMMA Esmerilado con difusor blanco Tipo de Chip 2835 - 120 pcs Tama\u00f1o de Lampara 295x32mm Peso de L\u00e1mpara 48g Tama\u00f1o de Master 42x32x32cm Cantidad por Master 10pcs                                            Tipo de Blanco.C\u00e1lido 3000K Tipo de Blanco: Fr\u00edo 6000k Tipo de Blanco:Neutro 4500k Flujo Luminoso: 2160lm Frecuencia: 50-60Hz Anti-High-Volt: 1500V EMC: Si Clase: 2 Vida \u00datil (horas): 25.000hs Vida \u00datil (ON\/OFF) 15000 maniobras Garant\u00eda 2 A\u00f1os SDCM: 6 Temperatura de Trabajo: -20\u00b0 +40\u00b0 R9: Superior CRI: 80Ra IC Driver Si L\u00famenes por Watt 90 lm.xW\" \/>\n<meta property=\"og:url\" content=\"https:\/\/tienda.rigelec.com.ar\/?product=panel-led-exterior-luz-neutra-cuadrado-24w\" \/>\n<meta property=\"og:site_name\" content=\"Tienda Rigelec\" \/>\n<meta property=\"article:modified_time\" content=\"2026-05-01T14:23:23+00:00\" \/>\n<meta property=\"og:image\" content=\"https:\/\/tienda.rigelec.com.ar\/wp-content\/uploads\/2024\/12\/PANELLEDEXTERIORLUZNEUTRA-5.jpg\" \/>\n\t<meta property=\"og:image:width\" content=\"702\" \/>\n\t<meta property=\"og:image:height\" content=\"575\" \/>\n\t<meta property=\"og:image:type\" content=\"image\/jpeg\" \/>\n<meta name=\"twitter:card\" content=\"summary_large_image\" \/>\n<script type=\"application\/ld+json\" class=\"yoast-schema-graph\">{\"@context\":\"https:\/\/schema.org\",\"@graph\":[{\"@type\":\"WebPage\",\"@id\":\"https:\/\/tienda.rigelec.com.ar\/?product=panel-led-exterior-luz-neutra-cuadrado-24w\",\"url\":\"https:\/\/tienda.rigelec.com.ar\/?product=panel-led-exterior-luz-neutra-cuadrado-24w\",\"name\":\"PANEL LED EXTERIOR LUZ NEUTRA CUADRADO 24W - Tienda Rigelec\",\"isPartOf\":{\"@id\":\"https:\/\/tienda.rigelec.com.ar\/#website\"},\"primaryImageOfPage\":{\"@id\":\"https:\/\/tienda.rigelec.com.ar\/?product=panel-led-exterior-luz-neutra-cuadrado-24w#primaryimage\"},\"image\":{\"@id\":\"https:\/\/tienda.rigelec.com.ar\/?product=panel-led-exterior-luz-neutra-cuadrado-24w#primaryimage\"},\"thumbnailUrl\":\"https:\/\/tienda.rigelec.com.ar\/wp-content\/uploads\/2024\/12\/PANELLEDEXTERIORLUZNEUTRA-5.jpg\",\"datePublished\":\"2024-12-19T22:20:11+00:00\",\"dateModified\":\"2026-05-01T14:23:23+00:00\",\"breadcrumb\":{\"@id\":\"https:\/\/tienda.rigelec.com.ar\/?product=panel-led-exterior-luz-neutra-cuadrado-24w#breadcrumb\"},\"inLanguage\":\"es-AR\",\"potentialAction\":[{\"@type\":\"ReadAction\",\"target\":[\"https:\/\/tienda.rigelec.com.ar\/?product=panel-led-exterior-luz-neutra-cuadrado-24w\"]}]},{\"@type\":\"ImageObject\",\"inLanguage\":\"es-AR\",\"@id\":\"https:\/\/tienda.rigelec.com.ar\/?product=panel-led-exterior-luz-neutra-cuadrado-24w#primaryimage\",\"url\":\"https:\/\/tienda.rigelec.com.ar\/wp-content\/uploads\/2024\/12\/PANELLEDEXTERIORLUZNEUTRA-5.jpg\",\"contentUrl\":\"https:\/\/tienda.rigelec.com.ar\/wp-content\/uploads\/2024\/12\/PANELLEDEXTERIORLUZNEUTRA-5.jpg\",\"width\":702,\"height\":575},{\"@type\":\"BreadcrumbList\",\"@id\":\"https:\/\/tienda.rigelec.com.ar\/?product=panel-led-exterior-luz-neutra-cuadrado-24w#breadcrumb\",\"itemListElement\":[{\"@type\":\"ListItem\",\"position\":1,\"name\":\"Inicio\",\"item\":\"https:\/\/tienda.rigelec.com.ar\/\"},{\"@type\":\"ListItem\",\"position\":2,\"name\":\"Shop\",\"item\":\"https:\/\/tienda.rigelec.com.ar\/?page_id=12\"},{\"@type\":\"ListItem\",\"position\":3,\"name\":\"PANEL LED EXTERIOR LUZ NEUTRA CUADRADO 24W\"}]},{\"@type\":\"WebSite\",\"@id\":\"https:\/\/tienda.rigelec.com.ar\/#website\",\"url\":\"https:\/\/tienda.rigelec.com.ar\/\",\"name\":\"Tienda Rigelec\",\"description\":\"Energia en movimiento\",\"publisher\":{\"@id\":\"https:\/\/tienda.rigelec.com.ar\/#organization\"},\"potentialAction\":[{\"@type\":\"SearchAction\",\"target\":{\"@type\":\"EntryPoint\",\"urlTemplate\":\"https:\/\/tienda.rigelec.com.ar\/?s={search_term_string}\"},\"query-input\":{\"@type\":\"PropertyValueSpecification\",\"valueRequired\":true,\"valueName\":\"search_term_string\"}}],\"inLanguage\":\"es-AR\"},{\"@type\":\"Organization\",\"@id\":\"https:\/\/tienda.rigelec.com.ar\/#organization\",\"name\":\"Tienda Rigelec\",\"url\":\"https:\/\/tienda.rigelec.com.ar\/\",\"logo\":{\"@type\":\"ImageObject\",\"inLanguage\":\"es-AR\",\"@id\":\"https:\/\/tienda.rigelec.com.ar\/#\/schema\/logo\/image\/\",\"url\":\"https:\/\/tienda.rigelec.com.ar\/wp-content\/uploads\/2024\/09\/isologo-blanco-rigelec.png\",\"contentUrl\":\"https:\/\/tienda.rigelec.com.ar\/wp-content\/uploads\/2024\/09\/isologo-blanco-rigelec.png\",\"width\":94,\"height\":97,\"caption\":\"Tienda Rigelec\"},\"image\":{\"@id\":\"https:\/\/tienda.rigelec.com.ar\/#\/schema\/logo\/image\/\"}}]}<\/script>\n<!-- \/ Yoast SEO plugin. -->","yoast_head_json":{"title":"PANEL LED EXTERIOR LUZ NEUTRA CUADRADO 24W - Tienda Rigelec","robots":{"index":"index","follow":"follow","max-snippet":"max-snippet:-1","max-image-preview":"max-image-preview:large","max-video-preview":"max-video-preview:-1"},"canonical":"https:\/\/tienda.rigelec.com.ar\/?product=panel-led-exterior-luz-neutra-cuadrado-24w","og_locale":"es_ES","og_type":"article","og_title":"PANEL LED EXTERIOR LUZ NEUTRA CUADRADO 24W - Tienda Rigelec","og_description":"Potencia 24W Modelo PC24 Tensi\u00f3n AC180-265V Reemplazo Fluorescente 180W Conector N + L Corriente 115-120mA Factor de Potencia 0.5 Protecci\u00f3n IP IP20 Protecci\u00f3n IK IK00 Funci\u00f3n Dimeable No \u00c1ngulo de Apertura 120\u00b0 Material del Cuerpo Aluminio Material del Lente PMMA Esmerilado con difusor blanco Tipo de Chip 2835 - 120 pcs Tama\u00f1o de Lampara 295x32mm Peso de L\u00e1mpara 48g Tama\u00f1o de Master 42x32x32cm Cantidad por Master 10pcs                                            Tipo de Blanco.C\u00e1lido 3000K Tipo de Blanco: Fr\u00edo 6000k Tipo de Blanco:Neutro 4500k Flujo Luminoso: 2160lm Frecuencia: 50-60Hz Anti-High-Volt: 1500V EMC: Si Clase: 2 Vida \u00datil (horas): 25.000hs Vida \u00datil (ON\/OFF) 15000 maniobras Garant\u00eda 2 A\u00f1os SDCM: 6 Temperatura de Trabajo: -20\u00b0 +40\u00b0 R9: Superior CRI: 80Ra IC Driver Si L\u00famenes por Watt 90 lm.xW","og_url":"https:\/\/tienda.rigelec.com.ar\/?product=panel-led-exterior-luz-neutra-cuadrado-24w","og_site_name":"Tienda Rigelec","article_modified_time":"2026-05-01T14:23:23+00:00","og_image":[{"width":702,"height":575,"url":"https:\/\/tienda.rigelec.com.ar\/wp-content\/uploads\/2024\/12\/PANELLEDEXTERIORLUZNEUTRA-5.jpg","type":"image\/jpeg"}],"twitter_card":"summary_large_image","schema":{"@context":"https:\/\/schema.org","@graph":[{"@type":"WebPage","@id":"https:\/\/tienda.rigelec.com.ar\/?product=panel-led-exterior-luz-neutra-cuadrado-24w","url":"https:\/\/tienda.rigelec.com.ar\/?product=panel-led-exterior-luz-neutra-cuadrado-24w","name":"PANEL LED EXTERIOR LUZ NEUTRA CUADRADO 24W - Tienda Rigelec","isPartOf":{"@id":"https:\/\/tienda.rigelec.com.ar\/#website"},"primaryImageOfPage":{"@id":"https:\/\/tienda.rigelec.com.ar\/?product=panel-led-exterior-luz-neutra-cuadrado-24w#primaryimage"},"image":{"@id":"https:\/\/tienda.rigelec.com.ar\/?product=panel-led-exterior-luz-neutra-cuadrado-24w#primaryimage"},"thumbnailUrl":"https:\/\/tienda.rigelec.com.ar\/wp-content\/uploads\/2024\/12\/PANELLEDEXTERIORLUZNEUTRA-5.jpg","datePublished":"2024-12-19T22:20:11+00:00","dateModified":"2026-05-01T14:23:23+00:00","breadcrumb":{"@id":"https:\/\/tienda.rigelec.com.ar\/?product=panel-led-exterior-luz-neutra-cuadrado-24w#breadcrumb"},"inLanguage":"es-AR","potentialAction":[{"@type":"ReadAction","target":["https:\/\/tienda.rigelec.com.ar\/?product=panel-led-exterior-luz-neutra-cuadrado-24w"]}]},{"@type":"ImageObject","inLanguage":"es-AR","@id":"https:\/\/tienda.rigelec.com.ar\/?product=panel-led-exterior-luz-neutra-cuadrado-24w#primaryimage","url":"https:\/\/tienda.rigelec.com.ar\/wp-content\/uploads\/2024\/12\/PANELLEDEXTERIORLUZNEUTRA-5.jpg","contentUrl":"https:\/\/tienda.rigelec.com.ar\/wp-content\/uploads\/2024\/12\/PANELLEDEXTERIORLUZNEUTRA-5.jpg","width":702,"height":575},{"@type":"BreadcrumbList","@id":"https:\/\/tienda.rigelec.com.ar\/?product=panel-led-exterior-luz-neutra-cuadrado-24w#breadcrumb","itemListElement":[{"@type":"ListItem","position":1,"name":"Inicio","item":"https:\/\/tienda.rigelec.com.ar\/"},{"@type":"ListItem","position":2,"name":"Shop","item":"https:\/\/tienda.rigelec.com.ar\/?page_id=12"},{"@type":"ListItem","position":3,"name":"PANEL LED EXTERIOR LUZ NEUTRA CUADRADO 24W"}]},{"@type":"WebSite","@id":"https:\/\/tienda.rigelec.com.ar\/#website","url":"https:\/\/tienda.rigelec.com.ar\/","name":"Tienda Rigelec","description":"Energia en movimiento","publisher":{"@id":"https:\/\/tienda.rigelec.com.ar\/#organization"},"potentialAction":[{"@type":"SearchAction","target":{"@type":"EntryPoint","urlTemplate":"https:\/\/tienda.rigelec.com.ar\/?s={search_term_string}"},"query-input":{"@type":"PropertyValueSpecification","valueRequired":true,"valueName":"search_term_string"}}],"inLanguage":"es-AR"},{"@type":"Organization","@id":"https:\/\/tienda.rigelec.com.ar\/#organization","name":"Tienda Rigelec","url":"https:\/\/tienda.rigelec.com.ar\/","logo":{"@type":"ImageObject","inLanguage":"es-AR","@id":"https:\/\/tienda.rigelec.com.ar\/#\/schema\/logo\/image\/","url":"https:\/\/tienda.rigelec.com.ar\/wp-content\/uploads\/2024\/09\/isologo-blanco-rigelec.png","contentUrl":"https:\/\/tienda.rigelec.com.ar\/wp-content\/uploads\/2024\/09\/isologo-blanco-rigelec.png","width":94,"height":97,"caption":"Tienda Rigelec"},"image":{"@id":"https:\/\/tienda.rigelec.com.ar\/#\/schema\/logo\/image\/"}}]}},"jetpack_sharing_enabled":true,"_links":{"self":[{"href":"https:\/\/tienda.rigelec.com.ar\/index.php?rest_route=\/wp\/v2\/product\/28077","targetHints":{"allow":["GET"]}}],"collection":[{"href":"https:\/\/tienda.rigelec.com.ar\/index.php?rest_route=\/wp\/v2\/product"}],"about":[{"href":"https:\/\/tienda.rigelec.com.ar\/index.php?rest_route=\/wp\/v2\/types\/product"}],"replies":[{"embeddable":true,"href":"https:\/\/tienda.rigelec.com.ar\/index.php?rest_route=%2Fwp%2Fv2%2Fcomments&post=28077"}],"wp:featuredmedia":[{"embeddable":true,"href":"https:\/\/tienda.rigelec.com.ar\/index.php?rest_route=\/wp\/v2\/media\/28078"}],"wp:attachment":[{"href":"https:\/\/tienda.rigelec.com.ar\/index.php?rest_route=%2Fwp%2Fv2%2Fmedia&parent=28077"}],"wp:term":[{"taxonomy":"product_brand","embeddable":true,"href":"https:\/\/tienda.rigelec.com.ar\/index.php?rest_route=%2Fwp%2Fv2%2Fproduct_brand&post=28077"},{"taxonomy":"product_cat","embeddable":true,"href":"https:\/\/tienda.rigelec.com.ar\/index.php?rest_route=%2Fwp%2Fv2%2Fproduct_cat&post=28077"},{"taxonomy":"product_tag","embeddable":true,"href":"https:\/\/tienda.rigelec.com.ar\/index.php?rest_route=%2Fwp%2Fv2%2Fproduct_tag&post=28077"}],"curies":[{"name":"wp","href":"https:\/\/api.w.org\/{rel}","templated":true}]}}