{"id":28091,"date":"2024-12-19T19:20:17","date_gmt":"2024-12-19T22:20:17","guid":{"rendered":"https:\/\/tienda.test.rigelec.com.ar\/?product=portalampara-ceramico-con-puente-e27"},"modified":"2026-04-30T21:50:20","modified_gmt":"2026-05-01T00:50:20","slug":"portalampara-ceramico-macroled-con-puente-e27-alta-resistencia","status":"publish","type":"product","link":"https:\/\/tienda.rigelec.com.ar\/?product=portalampara-ceramico-macroled-con-puente-e27-alta-resistencia","title":{"rendered":"PORTALAMPARA CERAMICO CON PUENTE E27"},"content":{"rendered":"<p data-start=\"519\" data-end=\"750\">El <strong data-start=\"522\" data-end=\"571\">Portal\u00e1mpara Cer\u00e1mico Macroled con Puente E27<\/strong> est\u00e1 fabricado en <strong data-start=\"590\" data-end=\"627\">material cer\u00e1mico de alta calidad<\/strong>, lo que garantiza una mayor <strong data-start=\"656\" data-end=\"700\">resistencia al calor y a la electricidad<\/strong> en comparaci\u00f3n con los portal\u00e1mparas pl\u00e1sticos.<\/p>\n<p data-start=\"752\" data-end=\"1096\">Su dise\u00f1o con <strong data-start=\"766\" data-end=\"788\">puente de fijaci\u00f3n<\/strong> permite una instalaci\u00f3n firme y estable, siendo compatible con <strong data-start=\"852\" data-end=\"907\">bombillas LED, incandescentes y de bajo consumo E27<\/strong>.<br data-start=\"908\" data-end=\"911\" \/>Este modelo se recomienda para <strong data-start=\"942\" data-end=\"1028\">instalaciones donde se requiere mayor seguridad, durabilidad y resistencia t\u00e9rmica<\/strong>, como cocinas, talleres, dep\u00f3sitos o luminarias de uso intensivo.<\/p>\n<h2 data-start=\"1103\" data-end=\"1138\"><strong data-start=\"1106\" data-end=\"1136\">Caracter\u00edsticas<\/strong><\/h2>\n<ul data-start=\"1139\" data-end=\"1503\">\n<li data-start=\"1139\" data-end=\"1162\">\n<p data-start=\"1141\" data-end=\"1162\"><strong data-start=\"1141\" data-end=\"1151\">Marca:<\/strong> Macroled<\/p>\n<\/li>\n<li data-start=\"1163\" data-end=\"1209\">\n<p data-start=\"1165\" data-end=\"1209\"><strong data-start=\"1165\" data-end=\"1178\">Material:<\/strong> Cer\u00e1mica de alta resistencia<\/p>\n<\/li>\n<li data-start=\"1210\" data-end=\"1240\">\n<p data-start=\"1212\" data-end=\"1240\"><strong data-start=\"1212\" data-end=\"1234\">Tipo de casquillo:<\/strong> E27<\/p>\n<\/li>\n<li data-start=\"1241\" data-end=\"1280\">\n<p data-start=\"1243\" data-end=\"1280\"><strong data-start=\"1243\" data-end=\"1267\">Sistema de fijaci\u00f3n:<\/strong> Con puente<\/p>\n<\/li>\n<li data-start=\"1281\" data-end=\"1352\">\n<p data-start=\"1283\" data-end=\"1352\"><strong data-start=\"1283\" data-end=\"1302\">Compatibilidad:<\/strong> Bombillas LED, incandescentes y de bajo consumo<\/p>\n<\/li>\n<li data-start=\"1353\" data-end=\"1383\">\n<p data-start=\"1355\" data-end=\"1383\"><strong data-start=\"1355\" data-end=\"1365\">Color:<\/strong> Blanco cer\u00e1mico<\/p>\n<\/li>\n<li data-start=\"1384\" data-end=\"1447\">\n<p data-start=\"1386\" data-end=\"1447\"><strong data-start=\"1386\" data-end=\"1402\">Resistencia:<\/strong> Alta tolerancia al calor y larga vida \u00fatil<\/p>\n<\/li>\n<li data-start=\"1448\" data-end=\"1503\">\n<p data-start=\"1450\" data-end=\"1503\"><strong data-start=\"1450\" data-end=\"1465\">Aplicaci\u00f3n:<\/strong> Residencial, comercial e industrial<\/p>\n<\/li>\n<\/ul>\n<h2 data-start=\"1510\" data-end=\"1544\"><strong data-start=\"1513\" data-end=\"1542\">Aplicaciones recomendadas<\/strong><\/h2>\n<ul data-start=\"1545\" data-end=\"1793\">\n<li data-start=\"1545\" data-end=\"1610\">\n<p data-start=\"1547\" data-end=\"1610\">Instalaciones el\u00e9ctricas en <strong data-start=\"1575\" data-end=\"1608\">cocinas, talleres y dep\u00f3sitos<\/strong><\/p>\n<\/li>\n<li data-start=\"1611\" data-end=\"1665\">\n<p data-start=\"1613\" data-end=\"1665\">Soporte seguro para bombillas de <strong data-start=\"1646\" data-end=\"1663\">uso intensivo<\/strong><\/p>\n<\/li>\n<li data-start=\"1666\" data-end=\"1729\">\n<p data-start=\"1668\" data-end=\"1729\">Luminarias donde se requiere <strong data-start=\"1697\" data-end=\"1727\">mayor resistencia al calor<\/strong><\/p>\n<\/li>\n<li data-start=\"1730\" data-end=\"1793\">\n<p data-start=\"1732\" data-end=\"1793\">Proyectos el\u00e9ctricos en <strong data-start=\"1756\" data-end=\"1791\">hogares, comercios e industrias<\/strong><\/p>\n<\/li>\n<\/ul>\n<p><a href=\"https:\/\/www.macroled.com.ar\/artefactos\/7428325572126\">https:\/\/www.macroled.com.ar\/artefactos\/7428325572126<\/a><\/p>\n","protected":false},"excerpt":{"rendered":"<p>Cer\u00e1mico E27<br \/>\nPortal\u00e1mpara Cer\u00e1mico E27 con puente Rosca de 3\/8<br \/>\nPotencia: 1000W M\u00e1x<br \/>\nModelo: PL-E27-PU<br \/>\nTensi\u00f3n: 250V M\u00e1x<br \/>\nCategor\u00eda: L\u00e1mparas, Portal\u00e1mparas, Cer\u00e1mico<\/p>\n","protected":false},"featured_media":28092,"comment_status":"open","ping_status":"closed","template":"","meta":{"_monsterinsights_skip_tracking":false,"_monsterinsights_sitenote_active":false,"_monsterinsights_sitenote_note":"","_monsterinsights_sitenote_category":0},"product_brand":[],"product_cat":[412],"product_tag":[146],"class_list":{"0":"post-28091","1":"product","2":"type-product","3":"status-publish","4":"has-post-thumbnail","6":"product_cat-g-portalamparas-y-zocalos","7":"product_tag-macroled","9":"first","10":"instock","11":"shipping-taxable","12":"purchasable","13":"product-type-simple"},"yoast_head":"<!-- This site is optimized with the Yoast SEO plugin v25.3.1 - https:\/\/yoast.com\/wordpress\/plugins\/seo\/ -->\n<title>Tienda Rigelec Portal\u00e1mpara Cer\u00e1mico Macroled con Puente E27<\/title>\n<meta name=\"description\" content=\"Portal\u00e1mpara Macroled cer\u00e1mico con puente E27. Resistente al calor, seguro y duradero. Ideal para instalaciones el\u00e9ctricas en hogares, talleres y comercios.\" \/>\n<meta name=\"robots\" content=\"index, follow, max-snippet:-1, max-image-preview:large, max-video-preview:-1\" \/>\n<link rel=\"canonical\" href=\"https:\/\/tienda.rigelec.com.ar\/?product=portalampara-ceramico-macroled-con-puente-e27-alta-resistencia\" \/>\n<meta property=\"og:locale\" content=\"es_ES\" \/>\n<meta property=\"og:type\" content=\"article\" \/>\n<meta property=\"og:title\" content=\"Tienda Rigelec Portal\u00e1mpara Cer\u00e1mico Macroled con Puente E27\" \/>\n<meta property=\"og:description\" content=\"Portal\u00e1mpara Macroled cer\u00e1mico con puente E27. Resistente al calor, seguro y duradero. Ideal para instalaciones el\u00e9ctricas en hogares, talleres y comercios.\" \/>\n<meta property=\"og:url\" content=\"https:\/\/tienda.rigelec.com.ar\/?product=portalampara-ceramico-macroled-con-puente-e27-alta-resistencia\" \/>\n<meta property=\"og:site_name\" content=\"Tienda Rigelec\" \/>\n<meta property=\"article:modified_time\" content=\"2026-05-01T00:50:20+00:00\" \/>\n<meta property=\"og:image\" content=\"https:\/\/tienda.rigelec.com.ar\/wp-content\/uploads\/2024\/12\/PORTALAMPARACERAMICO-2.jpg\" \/>\n\t<meta property=\"og:image:width\" content=\"1080\" \/>\n\t<meta property=\"og:image:height\" content=\"959\" \/>\n\t<meta property=\"og:image:type\" content=\"image\/jpeg\" \/>\n<meta name=\"twitter:card\" content=\"summary_large_image\" \/>\n<meta name=\"twitter:label1\" content=\"Tiempo de lectura\" \/>\n\t<meta name=\"twitter:data1\" content=\"1 minuto\" \/>\n<script type=\"application\/ld+json\" class=\"yoast-schema-graph\">{\"@context\":\"https:\/\/schema.org\",\"@graph\":[{\"@type\":\"WebPage\",\"@id\":\"https:\/\/tienda.rigelec.com.ar\/?product=portalampara-ceramico-macroled-con-puente-e27-alta-resistencia\",\"url\":\"https:\/\/tienda.rigelec.com.ar\/?product=portalampara-ceramico-macroled-con-puente-e27-alta-resistencia\",\"name\":\"Tienda Rigelec Portal\u00e1mpara Cer\u00e1mico Macroled con Puente E27\",\"isPartOf\":{\"@id\":\"https:\/\/tienda.rigelec.com.ar\/#website\"},\"primaryImageOfPage\":{\"@id\":\"https:\/\/tienda.rigelec.com.ar\/?product=portalampara-ceramico-macroled-con-puente-e27-alta-resistencia#primaryimage\"},\"image\":{\"@id\":\"https:\/\/tienda.rigelec.com.ar\/?product=portalampara-ceramico-macroled-con-puente-e27-alta-resistencia#primaryimage\"},\"thumbnailUrl\":\"https:\/\/tienda.rigelec.com.ar\/wp-content\/uploads\/2024\/12\/PORTALAMPARACERAMICO-2.jpg\",\"datePublished\":\"2024-12-19T22:20:17+00:00\",\"dateModified\":\"2026-05-01T00:50:20+00:00\",\"description\":\"Portal\u00e1mpara Macroled cer\u00e1mico con puente E27. Resistente al calor, seguro y duradero. Ideal para instalaciones el\u00e9ctricas en hogares, talleres y comercios.\",\"breadcrumb\":{\"@id\":\"https:\/\/tienda.rigelec.com.ar\/?product=portalampara-ceramico-macroled-con-puente-e27-alta-resistencia#breadcrumb\"},\"inLanguage\":\"es-AR\",\"potentialAction\":[{\"@type\":\"ReadAction\",\"target\":[\"https:\/\/tienda.rigelec.com.ar\/?product=portalampara-ceramico-macroled-con-puente-e27-alta-resistencia\"]}]},{\"@type\":\"ImageObject\",\"inLanguage\":\"es-AR\",\"@id\":\"https:\/\/tienda.rigelec.com.ar\/?product=portalampara-ceramico-macroled-con-puente-e27-alta-resistencia#primaryimage\",\"url\":\"https:\/\/tienda.rigelec.com.ar\/wp-content\/uploads\/2024\/12\/PORTALAMPARACERAMICO-2.jpg\",\"contentUrl\":\"https:\/\/tienda.rigelec.com.ar\/wp-content\/uploads\/2024\/12\/PORTALAMPARACERAMICO-2.jpg\",\"width\":1080,\"height\":959},{\"@type\":\"BreadcrumbList\",\"@id\":\"https:\/\/tienda.rigelec.com.ar\/?product=portalampara-ceramico-macroled-con-puente-e27-alta-resistencia#breadcrumb\",\"itemListElement\":[{\"@type\":\"ListItem\",\"position\":1,\"name\":\"Inicio\",\"item\":\"https:\/\/tienda.rigelec.com.ar\/\"},{\"@type\":\"ListItem\",\"position\":2,\"name\":\"Shop\",\"item\":\"https:\/\/tienda.rigelec.com.ar\/?page_id=12\"},{\"@type\":\"ListItem\",\"position\":3,\"name\":\"PORTALAMPARA CERAMICO CON PUENTE E27\"}]},{\"@type\":\"WebSite\",\"@id\":\"https:\/\/tienda.rigelec.com.ar\/#website\",\"url\":\"https:\/\/tienda.rigelec.com.ar\/\",\"name\":\"Tienda Rigelec\",\"description\":\"Energia en movimiento\",\"publisher\":{\"@id\":\"https:\/\/tienda.rigelec.com.ar\/#organization\"},\"potentialAction\":[{\"@type\":\"SearchAction\",\"target\":{\"@type\":\"EntryPoint\",\"urlTemplate\":\"https:\/\/tienda.rigelec.com.ar\/?s={search_term_string}\"},\"query-input\":{\"@type\":\"PropertyValueSpecification\",\"valueRequired\":true,\"valueName\":\"search_term_string\"}}],\"inLanguage\":\"es-AR\"},{\"@type\":\"Organization\",\"@id\":\"https:\/\/tienda.rigelec.com.ar\/#organization\",\"name\":\"Tienda Rigelec\",\"url\":\"https:\/\/tienda.rigelec.com.ar\/\",\"logo\":{\"@type\":\"ImageObject\",\"inLanguage\":\"es-AR\",\"@id\":\"https:\/\/tienda.rigelec.com.ar\/#\/schema\/logo\/image\/\",\"url\":\"https:\/\/tienda.rigelec.com.ar\/wp-content\/uploads\/2024\/09\/isologo-blanco-rigelec.png\",\"contentUrl\":\"https:\/\/tienda.rigelec.com.ar\/wp-content\/uploads\/2024\/09\/isologo-blanco-rigelec.png\",\"width\":94,\"height\":97,\"caption\":\"Tienda Rigelec\"},\"image\":{\"@id\":\"https:\/\/tienda.rigelec.com.ar\/#\/schema\/logo\/image\/\"}}]}<\/script>\n<!-- \/ Yoast SEO plugin. -->","yoast_head_json":{"title":"Tienda Rigelec Portal\u00e1mpara Cer\u00e1mico Macroled con Puente E27","description":"Portal\u00e1mpara Macroled cer\u00e1mico con puente E27. Resistente al calor, seguro y duradero. Ideal para instalaciones el\u00e9ctricas en hogares, talleres y comercios.","robots":{"index":"index","follow":"follow","max-snippet":"max-snippet:-1","max-image-preview":"max-image-preview:large","max-video-preview":"max-video-preview:-1"},"canonical":"https:\/\/tienda.rigelec.com.ar\/?product=portalampara-ceramico-macroled-con-puente-e27-alta-resistencia","og_locale":"es_ES","og_type":"article","og_title":"Tienda Rigelec Portal\u00e1mpara Cer\u00e1mico Macroled con Puente E27","og_description":"Portal\u00e1mpara Macroled cer\u00e1mico con puente E27. Resistente al calor, seguro y duradero. Ideal para instalaciones el\u00e9ctricas en hogares, talleres y comercios.","og_url":"https:\/\/tienda.rigelec.com.ar\/?product=portalampara-ceramico-macroled-con-puente-e27-alta-resistencia","og_site_name":"Tienda Rigelec","article_modified_time":"2026-05-01T00:50:20+00:00","og_image":[{"width":1080,"height":959,"url":"https:\/\/tienda.rigelec.com.ar\/wp-content\/uploads\/2024\/12\/PORTALAMPARACERAMICO-2.jpg","type":"image\/jpeg"}],"twitter_card":"summary_large_image","twitter_misc":{"Tiempo de lectura":"1 minuto"},"schema":{"@context":"https:\/\/schema.org","@graph":[{"@type":"WebPage","@id":"https:\/\/tienda.rigelec.com.ar\/?product=portalampara-ceramico-macroled-con-puente-e27-alta-resistencia","url":"https:\/\/tienda.rigelec.com.ar\/?product=portalampara-ceramico-macroled-con-puente-e27-alta-resistencia","name":"Tienda Rigelec Portal\u00e1mpara Cer\u00e1mico Macroled con Puente E27","isPartOf":{"@id":"https:\/\/tienda.rigelec.com.ar\/#website"},"primaryImageOfPage":{"@id":"https:\/\/tienda.rigelec.com.ar\/?product=portalampara-ceramico-macroled-con-puente-e27-alta-resistencia#primaryimage"},"image":{"@id":"https:\/\/tienda.rigelec.com.ar\/?product=portalampara-ceramico-macroled-con-puente-e27-alta-resistencia#primaryimage"},"thumbnailUrl":"https:\/\/tienda.rigelec.com.ar\/wp-content\/uploads\/2024\/12\/PORTALAMPARACERAMICO-2.jpg","datePublished":"2024-12-19T22:20:17+00:00","dateModified":"2026-05-01T00:50:20+00:00","description":"Portal\u00e1mpara Macroled cer\u00e1mico con puente E27. Resistente al calor, seguro y duradero. Ideal para instalaciones el\u00e9ctricas en hogares, talleres y comercios.","breadcrumb":{"@id":"https:\/\/tienda.rigelec.com.ar\/?product=portalampara-ceramico-macroled-con-puente-e27-alta-resistencia#breadcrumb"},"inLanguage":"es-AR","potentialAction":[{"@type":"ReadAction","target":["https:\/\/tienda.rigelec.com.ar\/?product=portalampara-ceramico-macroled-con-puente-e27-alta-resistencia"]}]},{"@type":"ImageObject","inLanguage":"es-AR","@id":"https:\/\/tienda.rigelec.com.ar\/?product=portalampara-ceramico-macroled-con-puente-e27-alta-resistencia#primaryimage","url":"https:\/\/tienda.rigelec.com.ar\/wp-content\/uploads\/2024\/12\/PORTALAMPARACERAMICO-2.jpg","contentUrl":"https:\/\/tienda.rigelec.com.ar\/wp-content\/uploads\/2024\/12\/PORTALAMPARACERAMICO-2.jpg","width":1080,"height":959},{"@type":"BreadcrumbList","@id":"https:\/\/tienda.rigelec.com.ar\/?product=portalampara-ceramico-macroled-con-puente-e27-alta-resistencia#breadcrumb","itemListElement":[{"@type":"ListItem","position":1,"name":"Inicio","item":"https:\/\/tienda.rigelec.com.ar\/"},{"@type":"ListItem","position":2,"name":"Shop","item":"https:\/\/tienda.rigelec.com.ar\/?page_id=12"},{"@type":"ListItem","position":3,"name":"PORTALAMPARA CERAMICO CON PUENTE E27"}]},{"@type":"WebSite","@id":"https:\/\/tienda.rigelec.com.ar\/#website","url":"https:\/\/tienda.rigelec.com.ar\/","name":"Tienda Rigelec","description":"Energia en movimiento","publisher":{"@id":"https:\/\/tienda.rigelec.com.ar\/#organization"},"potentialAction":[{"@type":"SearchAction","target":{"@type":"EntryPoint","urlTemplate":"https:\/\/tienda.rigelec.com.ar\/?s={search_term_string}"},"query-input":{"@type":"PropertyValueSpecification","valueRequired":true,"valueName":"search_term_string"}}],"inLanguage":"es-AR"},{"@type":"Organization","@id":"https:\/\/tienda.rigelec.com.ar\/#organization","name":"Tienda Rigelec","url":"https:\/\/tienda.rigelec.com.ar\/","logo":{"@type":"ImageObject","inLanguage":"es-AR","@id":"https:\/\/tienda.rigelec.com.ar\/#\/schema\/logo\/image\/","url":"https:\/\/tienda.rigelec.com.ar\/wp-content\/uploads\/2024\/09\/isologo-blanco-rigelec.png","contentUrl":"https:\/\/tienda.rigelec.com.ar\/wp-content\/uploads\/2024\/09\/isologo-blanco-rigelec.png","width":94,"height":97,"caption":"Tienda Rigelec"},"image":{"@id":"https:\/\/tienda.rigelec.com.ar\/#\/schema\/logo\/image\/"}}]}},"jetpack_sharing_enabled":true,"_links":{"self":[{"href":"https:\/\/tienda.rigelec.com.ar\/index.php?rest_route=\/wp\/v2\/product\/28091","targetHints":{"allow":["GET"]}}],"collection":[{"href":"https:\/\/tienda.rigelec.com.ar\/index.php?rest_route=\/wp\/v2\/product"}],"about":[{"href":"https:\/\/tienda.rigelec.com.ar\/index.php?rest_route=\/wp\/v2\/types\/product"}],"replies":[{"embeddable":true,"href":"https:\/\/tienda.rigelec.com.ar\/index.php?rest_route=%2Fwp%2Fv2%2Fcomments&post=28091"}],"wp:featuredmedia":[{"embeddable":true,"href":"https:\/\/tienda.rigelec.com.ar\/index.php?rest_route=\/wp\/v2\/media\/28092"}],"wp:attachment":[{"href":"https:\/\/tienda.rigelec.com.ar\/index.php?rest_route=%2Fwp%2Fv2%2Fmedia&parent=28091"}],"wp:term":[{"taxonomy":"product_brand","embeddable":true,"href":"https:\/\/tienda.rigelec.com.ar\/index.php?rest_route=%2Fwp%2Fv2%2Fproduct_brand&post=28091"},{"taxonomy":"product_cat","embeddable":true,"href":"https:\/\/tienda.rigelec.com.ar\/index.php?rest_route=%2Fwp%2Fv2%2Fproduct_cat&post=28091"},{"taxonomy":"product_tag","embeddable":true,"href":"https:\/\/tienda.rigelec.com.ar\/index.php?rest_route=%2Fwp%2Fv2%2Fproduct_tag&post=28091"}],"curies":[{"name":"wp","href":"https:\/\/api.w.org\/{rel}","templated":true}]}}