{"id":28093,"date":"2024-12-19T19:21:22","date_gmt":"2024-12-19T22:21:22","guid":{"rendered":"https:\/\/tienda.test.rigelec.com.ar\/?product=portalampara-plastico-rosca-exterior-con-aro-e27"},"modified":"2026-04-30T21:50:20","modified_gmt":"2026-05-01T00:50:20","slug":"portalampara-macroled-plastico-con-aro-rosca-exterior-e27","status":"publish","type":"product","link":"https:\/\/tienda.rigelec.com.ar\/?product=portalampara-macroled-plastico-con-aro-rosca-exterior-e27","title":{"rendered":"PORTALAMPARA PLASTICO ROSCA EXTERIOR CON ARO E27"},"content":{"rendered":"<p data-start=\"565\" data-end=\"828\">El <strong data-start=\"568\" data-end=\"634\">Portal\u00e1mpara de Pl\u00e1stico Macroled con Rosca Exterior y Aro E27<\/strong> est\u00e1 dise\u00f1ado para brindar una soluci\u00f3n simple y efectiva en la instalaci\u00f3n de bombillas. Fabricado en <strong data-start=\"738\" data-end=\"766\">pl\u00e1stico de alta calidad<\/strong>, ofrece <strong data-start=\"775\" data-end=\"825\">resistencia, durabilidad y seguridad el\u00e9ctrica<\/strong>.<\/p>\n<p data-start=\"830\" data-end=\"1111\">Su sistema de <strong data-start=\"844\" data-end=\"870\">rosca exterior con aro<\/strong> facilita el montaje en distintos tipos de superficies, garantizando una instalaci\u00f3n estable y est\u00e9tica. Compatible con <strong data-start=\"990\" data-end=\"1045\">bombillas LED, incandescentes o de bajo consumo E27<\/strong>, es una opci\u00f3n ideal tanto para uso residencial como comercial.<\/p>\n<h2 data-start=\"1118\" data-end=\"1153\"><strong data-start=\"1121\" data-end=\"1151\">Caracter\u00edsticas\u00a0<\/strong><\/h2>\n<ul data-start=\"1154\" data-end=\"1523\">\n<li data-start=\"1154\" data-end=\"1177\">\n<p data-start=\"1156\" data-end=\"1177\"><strong data-start=\"1156\" data-end=\"1166\">Marca:<\/strong> Macroled<\/p>\n<\/li>\n<li data-start=\"1178\" data-end=\"1215\">\n<p data-start=\"1180\" data-end=\"1215\"><strong data-start=\"1180\" data-end=\"1193\">Material:<\/strong> Pl\u00e1stico resistente<\/p>\n<\/li>\n<li data-start=\"1216\" data-end=\"1246\">\n<p data-start=\"1218\" data-end=\"1246\"><strong data-start=\"1218\" data-end=\"1240\">Tipo de casquillo:<\/strong> E27<\/p>\n<\/li>\n<li data-start=\"1247\" data-end=\"1297\">\n<p data-start=\"1249\" data-end=\"1297\"><strong data-start=\"1249\" data-end=\"1272\">Sistema de montaje:<\/strong> Rosca exterior con aro<\/p>\n<\/li>\n<li data-start=\"1298\" data-end=\"1353\">\n<p data-start=\"1300\" data-end=\"1353\"><strong data-start=\"1300\" data-end=\"1310\">Color:<\/strong> Negro \/ Blanco (seg\u00fan modelo disponible)<\/p>\n<\/li>\n<li data-start=\"1354\" data-end=\"1429\">\n<p data-start=\"1356\" data-end=\"1429\"><strong data-start=\"1356\" data-end=\"1375\">Compatibilidad:<\/strong> Bombillas LED, incandescentes y de bajo consumo E27<\/p>\n<\/li>\n<li data-start=\"1430\" data-end=\"1487\">\n<p data-start=\"1432\" data-end=\"1487\"><strong data-start=\"1432\" data-end=\"1447\">Aplicaci\u00f3n:<\/strong> Uso dom\u00e9stico, comercial e industrial<\/p>\n<\/li>\n<li data-start=\"1488\" data-end=\"1523\">\n<p data-start=\"1490\" data-end=\"1523\"><strong data-start=\"1490\" data-end=\"1506\">Instalaci\u00f3n:<\/strong> F\u00e1cil y segura<\/p>\n<\/li>\n<\/ul>\n<h2 data-start=\"1530\" data-end=\"1564\"><strong data-start=\"1533\" data-end=\"1562\">Aplicaciones recomendadas<\/strong><\/h2>\n<ul data-start=\"1565\" data-end=\"1810\">\n<li data-start=\"1565\" data-end=\"1630\">\n<p data-start=\"1567\" data-end=\"1630\">Instalaciones el\u00e9ctricas en <strong data-start=\"1595\" data-end=\"1628\">hogares, talleres y comercios<\/strong><\/p>\n<\/li>\n<li data-start=\"1631\" data-end=\"1688\">\n<p data-start=\"1633\" data-end=\"1688\">Montaje de l\u00e1mparas y sistemas de iluminaci\u00f3n general<\/p>\n<\/li>\n<li data-start=\"1689\" data-end=\"1740\">\n<p data-start=\"1691\" data-end=\"1740\">Soporte para bombillas LED o incandescentes E27<\/p>\n<\/li>\n<li data-start=\"1741\" data-end=\"1810\">\n<p data-start=\"1743\" data-end=\"1810\">Espacios donde se requiera una <strong data-start=\"1774\" data-end=\"1808\">soluci\u00f3n econ\u00f3mica y confiable<\/strong><\/p>\n<\/li>\n<\/ul>\n<p><a href=\"https:\/\/www.macroled.com.ar\/artefactos\/7428325572157\">https:\/\/www.macroled.com.ar\/artefactos\/7428325572157<\/a><\/p>\n","protected":false},"excerpt":{"rendered":"<p>Pl\u00e1stico E27<br \/>\nPortal\u00e1mpara Pl\u00e1stico E27 con rosca exterior con aro<br \/>\nPotencia: 60W M\u00e1x<br \/>\nModelo: PL-E27-RO<br \/>\nTensi\u00f3n: 250V M\u00e1x<br \/>\nCategor\u00eda: L\u00e1mparas, Portal\u00e1mparas, Pl\u00e1stico<\/p>\n","protected":false},"featured_media":28094,"comment_status":"open","ping_status":"closed","template":"","meta":{"_monsterinsights_skip_tracking":false,"_monsterinsights_sitenote_active":false,"_monsterinsights_sitenote_note":"","_monsterinsights_sitenote_category":0},"product_brand":[],"product_cat":[412],"product_tag":[146],"class_list":{"0":"post-28093","1":"product","2":"type-product","3":"status-publish","4":"has-post-thumbnail","6":"product_cat-g-portalamparas-y-zocalos","7":"product_tag-macroled","9":"first","10":"instock","11":"shipping-taxable","12":"purchasable","13":"product-type-simple"},"yoast_head":"<!-- This site is optimized with the Yoast SEO plugin v25.3.1 - https:\/\/yoast.com\/wordpress\/plugins\/seo\/ -->\n<title>Tienda Rigelec Portal\u00e1mpara Macroled Pl\u00e1stico con Aro \u2013 Rosca Exterior E27<\/title>\n<meta name=\"description\" content=\"Portal\u00e1mpara de Pl\u00e1stico Macroled con rosca exterior y aro E27. Resistente, seguro y econ\u00f3mico. Ideal para instalaciones el\u00e9ctricas en hogares y comercios.\" \/>\n<meta name=\"robots\" content=\"index, follow, max-snippet:-1, max-image-preview:large, max-video-preview:-1\" \/>\n<link rel=\"canonical\" href=\"https:\/\/tienda.rigelec.com.ar\/?product=portalampara-macroled-plastico-con-aro-rosca-exterior-e27\" \/>\n<meta property=\"og:locale\" content=\"es_ES\" \/>\n<meta property=\"og:type\" content=\"article\" \/>\n<meta property=\"og:title\" content=\"Tienda Rigelec Portal\u00e1mpara Macroled Pl\u00e1stico con Aro \u2013 Rosca Exterior E27\" \/>\n<meta property=\"og:description\" content=\"Portal\u00e1mpara de Pl\u00e1stico Macroled con rosca exterior y aro E27. Resistente, seguro y econ\u00f3mico. Ideal para instalaciones el\u00e9ctricas en hogares y comercios.\" \/>\n<meta property=\"og:url\" content=\"https:\/\/tienda.rigelec.com.ar\/?product=portalampara-macroled-plastico-con-aro-rosca-exterior-e27\" \/>\n<meta property=\"og:site_name\" content=\"Tienda Rigelec\" \/>\n<meta property=\"article:modified_time\" content=\"2026-05-01T00:50:20+00:00\" \/>\n<meta property=\"og:image\" content=\"https:\/\/tienda.rigelec.com.ar\/wp-content\/uploads\/2024\/12\/PORTALAMPARAPLASTICO.jpg\" \/>\n\t<meta property=\"og:image:width\" content=\"1080\" \/>\n\t<meta property=\"og:image:height\" content=\"946\" \/>\n\t<meta property=\"og:image:type\" content=\"image\/jpeg\" \/>\n<meta name=\"twitter:card\" content=\"summary_large_image\" \/>\n<meta name=\"twitter:label1\" content=\"Tiempo de lectura\" \/>\n\t<meta name=\"twitter:data1\" content=\"1 minuto\" \/>\n<script type=\"application\/ld+json\" class=\"yoast-schema-graph\">{\"@context\":\"https:\/\/schema.org\",\"@graph\":[{\"@type\":\"WebPage\",\"@id\":\"https:\/\/tienda.rigelec.com.ar\/?product=portalampara-macroled-plastico-con-aro-rosca-exterior-e27\",\"url\":\"https:\/\/tienda.rigelec.com.ar\/?product=portalampara-macroled-plastico-con-aro-rosca-exterior-e27\",\"name\":\"Tienda Rigelec Portal\u00e1mpara Macroled Pl\u00e1stico con Aro \u2013 Rosca Exterior E27\",\"isPartOf\":{\"@id\":\"https:\/\/tienda.rigelec.com.ar\/#website\"},\"primaryImageOfPage\":{\"@id\":\"https:\/\/tienda.rigelec.com.ar\/?product=portalampara-macroled-plastico-con-aro-rosca-exterior-e27#primaryimage\"},\"image\":{\"@id\":\"https:\/\/tienda.rigelec.com.ar\/?product=portalampara-macroled-plastico-con-aro-rosca-exterior-e27#primaryimage\"},\"thumbnailUrl\":\"https:\/\/tienda.rigelec.com.ar\/wp-content\/uploads\/2024\/12\/PORTALAMPARAPLASTICO.jpg\",\"datePublished\":\"2024-12-19T22:21:22+00:00\",\"dateModified\":\"2026-05-01T00:50:20+00:00\",\"description\":\"Portal\u00e1mpara de Pl\u00e1stico Macroled con rosca exterior y aro E27. Resistente, seguro y econ\u00f3mico. Ideal para instalaciones el\u00e9ctricas en hogares y comercios.\",\"breadcrumb\":{\"@id\":\"https:\/\/tienda.rigelec.com.ar\/?product=portalampara-macroled-plastico-con-aro-rosca-exterior-e27#breadcrumb\"},\"inLanguage\":\"es-AR\",\"potentialAction\":[{\"@type\":\"ReadAction\",\"target\":[\"https:\/\/tienda.rigelec.com.ar\/?product=portalampara-macroled-plastico-con-aro-rosca-exterior-e27\"]}]},{\"@type\":\"ImageObject\",\"inLanguage\":\"es-AR\",\"@id\":\"https:\/\/tienda.rigelec.com.ar\/?product=portalampara-macroled-plastico-con-aro-rosca-exterior-e27#primaryimage\",\"url\":\"https:\/\/tienda.rigelec.com.ar\/wp-content\/uploads\/2024\/12\/PORTALAMPARAPLASTICO.jpg\",\"contentUrl\":\"https:\/\/tienda.rigelec.com.ar\/wp-content\/uploads\/2024\/12\/PORTALAMPARAPLASTICO.jpg\",\"width\":1080,\"height\":946},{\"@type\":\"BreadcrumbList\",\"@id\":\"https:\/\/tienda.rigelec.com.ar\/?product=portalampara-macroled-plastico-con-aro-rosca-exterior-e27#breadcrumb\",\"itemListElement\":[{\"@type\":\"ListItem\",\"position\":1,\"name\":\"Inicio\",\"item\":\"https:\/\/tienda.rigelec.com.ar\/\"},{\"@type\":\"ListItem\",\"position\":2,\"name\":\"Shop\",\"item\":\"https:\/\/tienda.rigelec.com.ar\/?page_id=12\"},{\"@type\":\"ListItem\",\"position\":3,\"name\":\"PORTALAMPARA PLASTICO ROSCA EXTERIOR CON ARO E27\"}]},{\"@type\":\"WebSite\",\"@id\":\"https:\/\/tienda.rigelec.com.ar\/#website\",\"url\":\"https:\/\/tienda.rigelec.com.ar\/\",\"name\":\"Tienda Rigelec\",\"description\":\"Energia en movimiento\",\"publisher\":{\"@id\":\"https:\/\/tienda.rigelec.com.ar\/#organization\"},\"potentialAction\":[{\"@type\":\"SearchAction\",\"target\":{\"@type\":\"EntryPoint\",\"urlTemplate\":\"https:\/\/tienda.rigelec.com.ar\/?s={search_term_string}\"},\"query-input\":{\"@type\":\"PropertyValueSpecification\",\"valueRequired\":true,\"valueName\":\"search_term_string\"}}],\"inLanguage\":\"es-AR\"},{\"@type\":\"Organization\",\"@id\":\"https:\/\/tienda.rigelec.com.ar\/#organization\",\"name\":\"Tienda Rigelec\",\"url\":\"https:\/\/tienda.rigelec.com.ar\/\",\"logo\":{\"@type\":\"ImageObject\",\"inLanguage\":\"es-AR\",\"@id\":\"https:\/\/tienda.rigelec.com.ar\/#\/schema\/logo\/image\/\",\"url\":\"https:\/\/tienda.rigelec.com.ar\/wp-content\/uploads\/2024\/09\/isologo-blanco-rigelec.png\",\"contentUrl\":\"https:\/\/tienda.rigelec.com.ar\/wp-content\/uploads\/2024\/09\/isologo-blanco-rigelec.png\",\"width\":94,\"height\":97,\"caption\":\"Tienda Rigelec\"},\"image\":{\"@id\":\"https:\/\/tienda.rigelec.com.ar\/#\/schema\/logo\/image\/\"}}]}<\/script>\n<!-- \/ Yoast SEO plugin. -->","yoast_head_json":{"title":"Tienda Rigelec Portal\u00e1mpara Macroled Pl\u00e1stico con Aro \u2013 Rosca Exterior E27","description":"Portal\u00e1mpara de Pl\u00e1stico Macroled con rosca exterior y aro E27. Resistente, seguro y econ\u00f3mico. Ideal para instalaciones el\u00e9ctricas en hogares y comercios.","robots":{"index":"index","follow":"follow","max-snippet":"max-snippet:-1","max-image-preview":"max-image-preview:large","max-video-preview":"max-video-preview:-1"},"canonical":"https:\/\/tienda.rigelec.com.ar\/?product=portalampara-macroled-plastico-con-aro-rosca-exterior-e27","og_locale":"es_ES","og_type":"article","og_title":"Tienda Rigelec Portal\u00e1mpara Macroled Pl\u00e1stico con Aro \u2013 Rosca Exterior E27","og_description":"Portal\u00e1mpara de Pl\u00e1stico Macroled con rosca exterior y aro E27. Resistente, seguro y econ\u00f3mico. Ideal para instalaciones el\u00e9ctricas en hogares y comercios.","og_url":"https:\/\/tienda.rigelec.com.ar\/?product=portalampara-macroled-plastico-con-aro-rosca-exterior-e27","og_site_name":"Tienda Rigelec","article_modified_time":"2026-05-01T00:50:20+00:00","og_image":[{"width":1080,"height":946,"url":"https:\/\/tienda.rigelec.com.ar\/wp-content\/uploads\/2024\/12\/PORTALAMPARAPLASTICO.jpg","type":"image\/jpeg"}],"twitter_card":"summary_large_image","twitter_misc":{"Tiempo de lectura":"1 minuto"},"schema":{"@context":"https:\/\/schema.org","@graph":[{"@type":"WebPage","@id":"https:\/\/tienda.rigelec.com.ar\/?product=portalampara-macroled-plastico-con-aro-rosca-exterior-e27","url":"https:\/\/tienda.rigelec.com.ar\/?product=portalampara-macroled-plastico-con-aro-rosca-exterior-e27","name":"Tienda Rigelec Portal\u00e1mpara Macroled Pl\u00e1stico con Aro \u2013 Rosca Exterior E27","isPartOf":{"@id":"https:\/\/tienda.rigelec.com.ar\/#website"},"primaryImageOfPage":{"@id":"https:\/\/tienda.rigelec.com.ar\/?product=portalampara-macroled-plastico-con-aro-rosca-exterior-e27#primaryimage"},"image":{"@id":"https:\/\/tienda.rigelec.com.ar\/?product=portalampara-macroled-plastico-con-aro-rosca-exterior-e27#primaryimage"},"thumbnailUrl":"https:\/\/tienda.rigelec.com.ar\/wp-content\/uploads\/2024\/12\/PORTALAMPARAPLASTICO.jpg","datePublished":"2024-12-19T22:21:22+00:00","dateModified":"2026-05-01T00:50:20+00:00","description":"Portal\u00e1mpara de Pl\u00e1stico Macroled con rosca exterior y aro E27. Resistente, seguro y econ\u00f3mico. Ideal para instalaciones el\u00e9ctricas en hogares y comercios.","breadcrumb":{"@id":"https:\/\/tienda.rigelec.com.ar\/?product=portalampara-macroled-plastico-con-aro-rosca-exterior-e27#breadcrumb"},"inLanguage":"es-AR","potentialAction":[{"@type":"ReadAction","target":["https:\/\/tienda.rigelec.com.ar\/?product=portalampara-macroled-plastico-con-aro-rosca-exterior-e27"]}]},{"@type":"ImageObject","inLanguage":"es-AR","@id":"https:\/\/tienda.rigelec.com.ar\/?product=portalampara-macroled-plastico-con-aro-rosca-exterior-e27#primaryimage","url":"https:\/\/tienda.rigelec.com.ar\/wp-content\/uploads\/2024\/12\/PORTALAMPARAPLASTICO.jpg","contentUrl":"https:\/\/tienda.rigelec.com.ar\/wp-content\/uploads\/2024\/12\/PORTALAMPARAPLASTICO.jpg","width":1080,"height":946},{"@type":"BreadcrumbList","@id":"https:\/\/tienda.rigelec.com.ar\/?product=portalampara-macroled-plastico-con-aro-rosca-exterior-e27#breadcrumb","itemListElement":[{"@type":"ListItem","position":1,"name":"Inicio","item":"https:\/\/tienda.rigelec.com.ar\/"},{"@type":"ListItem","position":2,"name":"Shop","item":"https:\/\/tienda.rigelec.com.ar\/?page_id=12"},{"@type":"ListItem","position":3,"name":"PORTALAMPARA PLASTICO ROSCA EXTERIOR CON ARO E27"}]},{"@type":"WebSite","@id":"https:\/\/tienda.rigelec.com.ar\/#website","url":"https:\/\/tienda.rigelec.com.ar\/","name":"Tienda Rigelec","description":"Energia en movimiento","publisher":{"@id":"https:\/\/tienda.rigelec.com.ar\/#organization"},"potentialAction":[{"@type":"SearchAction","target":{"@type":"EntryPoint","urlTemplate":"https:\/\/tienda.rigelec.com.ar\/?s={search_term_string}"},"query-input":{"@type":"PropertyValueSpecification","valueRequired":true,"valueName":"search_term_string"}}],"inLanguage":"es-AR"},{"@type":"Organization","@id":"https:\/\/tienda.rigelec.com.ar\/#organization","name":"Tienda Rigelec","url":"https:\/\/tienda.rigelec.com.ar\/","logo":{"@type":"ImageObject","inLanguage":"es-AR","@id":"https:\/\/tienda.rigelec.com.ar\/#\/schema\/logo\/image\/","url":"https:\/\/tienda.rigelec.com.ar\/wp-content\/uploads\/2024\/09\/isologo-blanco-rigelec.png","contentUrl":"https:\/\/tienda.rigelec.com.ar\/wp-content\/uploads\/2024\/09\/isologo-blanco-rigelec.png","width":94,"height":97,"caption":"Tienda Rigelec"},"image":{"@id":"https:\/\/tienda.rigelec.com.ar\/#\/schema\/logo\/image\/"}}]}},"jetpack_sharing_enabled":true,"_links":{"self":[{"href":"https:\/\/tienda.rigelec.com.ar\/index.php?rest_route=\/wp\/v2\/product\/28093","targetHints":{"allow":["GET"]}}],"collection":[{"href":"https:\/\/tienda.rigelec.com.ar\/index.php?rest_route=\/wp\/v2\/product"}],"about":[{"href":"https:\/\/tienda.rigelec.com.ar\/index.php?rest_route=\/wp\/v2\/types\/product"}],"replies":[{"embeddable":true,"href":"https:\/\/tienda.rigelec.com.ar\/index.php?rest_route=%2Fwp%2Fv2%2Fcomments&post=28093"}],"wp:featuredmedia":[{"embeddable":true,"href":"https:\/\/tienda.rigelec.com.ar\/index.php?rest_route=\/wp\/v2\/media\/28094"}],"wp:attachment":[{"href":"https:\/\/tienda.rigelec.com.ar\/index.php?rest_route=%2Fwp%2Fv2%2Fmedia&parent=28093"}],"wp:term":[{"taxonomy":"product_brand","embeddable":true,"href":"https:\/\/tienda.rigelec.com.ar\/index.php?rest_route=%2Fwp%2Fv2%2Fproduct_brand&post=28093"},{"taxonomy":"product_cat","embeddable":true,"href":"https:\/\/tienda.rigelec.com.ar\/index.php?rest_route=%2Fwp%2Fv2%2Fproduct_cat&post=28093"},{"taxonomy":"product_tag","embeddable":true,"href":"https:\/\/tienda.rigelec.com.ar\/index.php?rest_route=%2Fwp%2Fv2%2Fproduct_tag&post=28093"}],"curies":[{"name":"wp","href":"https:\/\/api.w.org\/{rel}","templated":true}]}}