{"id":28251,"date":"2024-12-19T19:29:00","date_gmt":"2024-12-19T22:29:00","guid":{"rendered":"https:\/\/tienda.test.rigelec.com.ar\/?product=contactor-ac3-75kw-dilm150rac240-150a-bobina-220v-1-na"},"modified":"2026-05-04T07:32:34","modified_gmt":"2026-05-04T10:32:34","slug":"contactor-ac3-75kw-dilm150rac240-150a-bobina-220v-1-na","status":"publish","type":"product","link":"https:\/\/tienda.rigelec.com.ar\/?product=contactor-ac3-75kw-dilm150rac240-150a-bobina-220v-1-na","title":{"rendered":"CONTACTOR AC3 75KW DILM150(RAC240) 150A &#8211; BOBINA 220V &#8211; 1 NA"},"content":{"rendered":"<p>CONTACTOR AC3 75KW<\/p>\n","protected":false},"excerpt":{"rendered":"<p> 3X380V<br \/>\nTipo de producto: Contactor.<br \/>\nAplicaci\u00f3n: Contactores para motores.<br \/>\nGrado de protecci\u00f3n: IP00<br \/>\nFrecuencia de funcionamiento: 3600 operaciones mec\u00e1nicas\/h (AC).<br \/>\nTensi\u00f3n nominal soportada a impulsos: 8000 V CA<br \/>\nResistencia por polo: 0.6mOHM<br \/>\nTipo de voltaje: Corriente alterna<br \/>\nTemperatura ambiente de funcionamiento &#8211; min: -25 \u00b0C<br \/>\nTemperatura ambiente de funcionamiento &#8211; m\u00e1x.: 60 \u00b0C<br \/>\nTemperatura ambiente de almacenamiento &#8211; min: 40 \u00b0C<br \/>\nTemperatura ambiente de almacenamiento: m\u00e1x. 80 \u00b0C<br \/>\nCorriente nominal de funcionamiento: 150A.<br \/>\nTensi\u00f3n nominal de aislamiento (Ui): 690 V<br \/>\nTensi\u00f3n nominal de funcionamiento (Ue) en CA &#8211; m\u00e1x.: 690 V<br \/>\nPotencia nominal de funcionamiento: 75kW.<br \/>\nConexi\u00f3n: Terminales de tornillo<br \/>\nN\u00famero de contactos auxiliares (contactos normalmente cerrados): 0<br \/>\nN\u00famero de contactos auxiliares (contactos normalmente abiertos): 0<br \/>\nN\u00famero de contactos normalmente cerrados como contacto principal: 0<br \/>\nN\u00famero de contactos normalmente abiertos como contacto principal: 3<\/p>\n","protected":false},"featured_media":28252,"comment_status":"open","ping_status":"closed","template":"","meta":{"_monsterinsights_skip_tracking":false,"_monsterinsights_sitenote_active":false,"_monsterinsights_sitenote_note":"","_monsterinsights_sitenote_category":0},"product_brand":[],"product_cat":[332],"product_tag":[61],"class_list":{"0":"post-28251","1":"product","2":"type-product","3":"status-publish","4":"has-post-thumbnail","6":"product_cat-a-contactores","7":"product_tag-eaton-moeller","9":"first","10":"outofstock","11":"shipping-taxable","12":"purchasable","13":"product-type-simple"},"yoast_head":"<!-- This site is optimized with the Yoast SEO plugin v25.3.1 - https:\/\/yoast.com\/wordpress\/plugins\/seo\/ -->\n<title>CONTACTOR AC3 75KW DILM150(RAC240) 150A - BOBINA 220V - 1 NA - Tienda Rigelec<\/title>\n<meta name=\"robots\" content=\"index, follow, max-snippet:-1, max-image-preview:large, max-video-preview:-1\" \/>\n<link rel=\"canonical\" href=\"https:\/\/tienda.rigelec.com.ar\/?product=contactor-ac3-75kw-dilm150rac240-150a-bobina-220v-1-na\" \/>\n<meta property=\"og:locale\" content=\"es_ES\" \/>\n<meta property=\"og:type\" content=\"article\" \/>\n<meta property=\"og:title\" content=\"CONTACTOR AC3 75KW DILM150(RAC240) 150A - BOBINA 220V - 1 NA - Tienda Rigelec\" \/>\n<meta property=\"og:description\" content=\"3X380V Tipo de producto: Contactor. Aplicaci\u00f3n: Contactores para motores. Grado de protecci\u00f3n: IP00 Frecuencia de funcionamiento: 3600 operaciones mec\u00e1nicas\/h (AC). Tensi\u00f3n nominal soportada a impulsos: 8000 V CA Resistencia por polo: 0.6mOHM Tipo de voltaje: Corriente alterna Temperatura ambiente de funcionamiento - min: -25 \u00b0C Temperatura ambiente de funcionamiento - m\u00e1x.: 60 \u00b0C Temperatura ambiente de almacenamiento - min: 40 \u00b0C Temperatura ambiente de almacenamiento: m\u00e1x. 80 \u00b0C Corriente nominal de funcionamiento: 150A. Tensi\u00f3n nominal de aislamiento (Ui): 690 V Tensi\u00f3n nominal de funcionamiento (Ue) en CA - m\u00e1x.: 690 V Potencia nominal de funcionamiento: 75kW. Conexi\u00f3n: Terminales de tornillo N\u00famero de contactos auxiliares (contactos normalmente cerrados): 0 N\u00famero de contactos auxiliares (contactos normalmente abiertos): 0 N\u00famero de contactos normalmente cerrados como contacto principal: 0 N\u00famero de contactos normalmente abiertos como contacto principal: 3\" \/>\n<meta property=\"og:url\" content=\"https:\/\/tienda.rigelec.com.ar\/?product=contactor-ac3-75kw-dilm150rac240-150a-bobina-220v-1-na\" \/>\n<meta property=\"og:site_name\" content=\"Tienda Rigelec\" \/>\n<meta property=\"article:modified_time\" content=\"2026-05-04T10:32:34+00:00\" \/>\n<meta property=\"og:image\" content=\"https:\/\/tienda.rigelec.com.ar\/wp-content\/uploads\/2024\/12\/CONTACTORAC375KW.jpg\" \/>\n\t<meta property=\"og:image:width\" content=\"967\" \/>\n\t<meta property=\"og:image:height\" content=\"951\" \/>\n\t<meta property=\"og:image:type\" content=\"image\/jpeg\" \/>\n<meta name=\"twitter:card\" content=\"summary_large_image\" \/>\n<script type=\"application\/ld+json\" class=\"yoast-schema-graph\">{\"@context\":\"https:\/\/schema.org\",\"@graph\":[{\"@type\":\"WebPage\",\"@id\":\"https:\/\/tienda.rigelec.com.ar\/?product=contactor-ac3-75kw-dilm150rac240-150a-bobina-220v-1-na\",\"url\":\"https:\/\/tienda.rigelec.com.ar\/?product=contactor-ac3-75kw-dilm150rac240-150a-bobina-220v-1-na\",\"name\":\"CONTACTOR AC3 75KW DILM150(RAC240) 150A - BOBINA 220V - 1 NA - Tienda Rigelec\",\"isPartOf\":{\"@id\":\"https:\/\/tienda.rigelec.com.ar\/#website\"},\"primaryImageOfPage\":{\"@id\":\"https:\/\/tienda.rigelec.com.ar\/?product=contactor-ac3-75kw-dilm150rac240-150a-bobina-220v-1-na#primaryimage\"},\"image\":{\"@id\":\"https:\/\/tienda.rigelec.com.ar\/?product=contactor-ac3-75kw-dilm150rac240-150a-bobina-220v-1-na#primaryimage\"},\"thumbnailUrl\":\"https:\/\/tienda.rigelec.com.ar\/wp-content\/uploads\/2024\/12\/CONTACTORAC375KW.jpg\",\"datePublished\":\"2024-12-19T22:29:00+00:00\",\"dateModified\":\"2026-05-04T10:32:34+00:00\",\"breadcrumb\":{\"@id\":\"https:\/\/tienda.rigelec.com.ar\/?product=contactor-ac3-75kw-dilm150rac240-150a-bobina-220v-1-na#breadcrumb\"},\"inLanguage\":\"es-AR\",\"potentialAction\":[{\"@type\":\"ReadAction\",\"target\":[\"https:\/\/tienda.rigelec.com.ar\/?product=contactor-ac3-75kw-dilm150rac240-150a-bobina-220v-1-na\"]}]},{\"@type\":\"ImageObject\",\"inLanguage\":\"es-AR\",\"@id\":\"https:\/\/tienda.rigelec.com.ar\/?product=contactor-ac3-75kw-dilm150rac240-150a-bobina-220v-1-na#primaryimage\",\"url\":\"https:\/\/tienda.rigelec.com.ar\/wp-content\/uploads\/2024\/12\/CONTACTORAC375KW.jpg\",\"contentUrl\":\"https:\/\/tienda.rigelec.com.ar\/wp-content\/uploads\/2024\/12\/CONTACTORAC375KW.jpg\",\"width\":967,\"height\":951},{\"@type\":\"BreadcrumbList\",\"@id\":\"https:\/\/tienda.rigelec.com.ar\/?product=contactor-ac3-75kw-dilm150rac240-150a-bobina-220v-1-na#breadcrumb\",\"itemListElement\":[{\"@type\":\"ListItem\",\"position\":1,\"name\":\"Inicio\",\"item\":\"https:\/\/tienda.rigelec.com.ar\/\"},{\"@type\":\"ListItem\",\"position\":2,\"name\":\"Shop\",\"item\":\"https:\/\/tienda.rigelec.com.ar\/?page_id=12\"},{\"@type\":\"ListItem\",\"position\":3,\"name\":\"CONTACTOR AC3 75KW DILM150(RAC240) 150A &#8211; BOBINA 220V &#8211; 1 NA\"}]},{\"@type\":\"WebSite\",\"@id\":\"https:\/\/tienda.rigelec.com.ar\/#website\",\"url\":\"https:\/\/tienda.rigelec.com.ar\/\",\"name\":\"Tienda Rigelec\",\"description\":\"Energia en movimiento\",\"publisher\":{\"@id\":\"https:\/\/tienda.rigelec.com.ar\/#organization\"},\"potentialAction\":[{\"@type\":\"SearchAction\",\"target\":{\"@type\":\"EntryPoint\",\"urlTemplate\":\"https:\/\/tienda.rigelec.com.ar\/?s={search_term_string}\"},\"query-input\":{\"@type\":\"PropertyValueSpecification\",\"valueRequired\":true,\"valueName\":\"search_term_string\"}}],\"inLanguage\":\"es-AR\"},{\"@type\":\"Organization\",\"@id\":\"https:\/\/tienda.rigelec.com.ar\/#organization\",\"name\":\"Tienda Rigelec\",\"url\":\"https:\/\/tienda.rigelec.com.ar\/\",\"logo\":{\"@type\":\"ImageObject\",\"inLanguage\":\"es-AR\",\"@id\":\"https:\/\/tienda.rigelec.com.ar\/#\/schema\/logo\/image\/\",\"url\":\"https:\/\/tienda.rigelec.com.ar\/wp-content\/uploads\/2024\/09\/isologo-blanco-rigelec.png\",\"contentUrl\":\"https:\/\/tienda.rigelec.com.ar\/wp-content\/uploads\/2024\/09\/isologo-blanco-rigelec.png\",\"width\":94,\"height\":97,\"caption\":\"Tienda Rigelec\"},\"image\":{\"@id\":\"https:\/\/tienda.rigelec.com.ar\/#\/schema\/logo\/image\/\"}}]}<\/script>\n<!-- \/ Yoast SEO plugin. -->","yoast_head_json":{"title":"CONTACTOR AC3 75KW DILM150(RAC240) 150A - BOBINA 220V - 1 NA - Tienda Rigelec","robots":{"index":"index","follow":"follow","max-snippet":"max-snippet:-1","max-image-preview":"max-image-preview:large","max-video-preview":"max-video-preview:-1"},"canonical":"https:\/\/tienda.rigelec.com.ar\/?product=contactor-ac3-75kw-dilm150rac240-150a-bobina-220v-1-na","og_locale":"es_ES","og_type":"article","og_title":"CONTACTOR AC3 75KW DILM150(RAC240) 150A - BOBINA 220V - 1 NA - Tienda Rigelec","og_description":"3X380V Tipo de producto: Contactor. Aplicaci\u00f3n: Contactores para motores. Grado de protecci\u00f3n: IP00 Frecuencia de funcionamiento: 3600 operaciones mec\u00e1nicas\/h (AC). Tensi\u00f3n nominal soportada a impulsos: 8000 V CA Resistencia por polo: 0.6mOHM Tipo de voltaje: Corriente alterna Temperatura ambiente de funcionamiento - min: -25 \u00b0C Temperatura ambiente de funcionamiento - m\u00e1x.: 60 \u00b0C Temperatura ambiente de almacenamiento - min: 40 \u00b0C Temperatura ambiente de almacenamiento: m\u00e1x. 80 \u00b0C Corriente nominal de funcionamiento: 150A. Tensi\u00f3n nominal de aislamiento (Ui): 690 V Tensi\u00f3n nominal de funcionamiento (Ue) en CA - m\u00e1x.: 690 V Potencia nominal de funcionamiento: 75kW. Conexi\u00f3n: Terminales de tornillo N\u00famero de contactos auxiliares (contactos normalmente cerrados): 0 N\u00famero de contactos auxiliares (contactos normalmente abiertos): 0 N\u00famero de contactos normalmente cerrados como contacto principal: 0 N\u00famero de contactos normalmente abiertos como contacto principal: 3","og_url":"https:\/\/tienda.rigelec.com.ar\/?product=contactor-ac3-75kw-dilm150rac240-150a-bobina-220v-1-na","og_site_name":"Tienda Rigelec","article_modified_time":"2026-05-04T10:32:34+00:00","og_image":[{"width":967,"height":951,"url":"https:\/\/tienda.rigelec.com.ar\/wp-content\/uploads\/2024\/12\/CONTACTORAC375KW.jpg","type":"image\/jpeg"}],"twitter_card":"summary_large_image","schema":{"@context":"https:\/\/schema.org","@graph":[{"@type":"WebPage","@id":"https:\/\/tienda.rigelec.com.ar\/?product=contactor-ac3-75kw-dilm150rac240-150a-bobina-220v-1-na","url":"https:\/\/tienda.rigelec.com.ar\/?product=contactor-ac3-75kw-dilm150rac240-150a-bobina-220v-1-na","name":"CONTACTOR AC3 75KW DILM150(RAC240) 150A - BOBINA 220V - 1 NA - Tienda Rigelec","isPartOf":{"@id":"https:\/\/tienda.rigelec.com.ar\/#website"},"primaryImageOfPage":{"@id":"https:\/\/tienda.rigelec.com.ar\/?product=contactor-ac3-75kw-dilm150rac240-150a-bobina-220v-1-na#primaryimage"},"image":{"@id":"https:\/\/tienda.rigelec.com.ar\/?product=contactor-ac3-75kw-dilm150rac240-150a-bobina-220v-1-na#primaryimage"},"thumbnailUrl":"https:\/\/tienda.rigelec.com.ar\/wp-content\/uploads\/2024\/12\/CONTACTORAC375KW.jpg","datePublished":"2024-12-19T22:29:00+00:00","dateModified":"2026-05-04T10:32:34+00:00","breadcrumb":{"@id":"https:\/\/tienda.rigelec.com.ar\/?product=contactor-ac3-75kw-dilm150rac240-150a-bobina-220v-1-na#breadcrumb"},"inLanguage":"es-AR","potentialAction":[{"@type":"ReadAction","target":["https:\/\/tienda.rigelec.com.ar\/?product=contactor-ac3-75kw-dilm150rac240-150a-bobina-220v-1-na"]}]},{"@type":"ImageObject","inLanguage":"es-AR","@id":"https:\/\/tienda.rigelec.com.ar\/?product=contactor-ac3-75kw-dilm150rac240-150a-bobina-220v-1-na#primaryimage","url":"https:\/\/tienda.rigelec.com.ar\/wp-content\/uploads\/2024\/12\/CONTACTORAC375KW.jpg","contentUrl":"https:\/\/tienda.rigelec.com.ar\/wp-content\/uploads\/2024\/12\/CONTACTORAC375KW.jpg","width":967,"height":951},{"@type":"BreadcrumbList","@id":"https:\/\/tienda.rigelec.com.ar\/?product=contactor-ac3-75kw-dilm150rac240-150a-bobina-220v-1-na#breadcrumb","itemListElement":[{"@type":"ListItem","position":1,"name":"Inicio","item":"https:\/\/tienda.rigelec.com.ar\/"},{"@type":"ListItem","position":2,"name":"Shop","item":"https:\/\/tienda.rigelec.com.ar\/?page_id=12"},{"@type":"ListItem","position":3,"name":"CONTACTOR AC3 75KW DILM150(RAC240) 150A &#8211; BOBINA 220V &#8211; 1 NA"}]},{"@type":"WebSite","@id":"https:\/\/tienda.rigelec.com.ar\/#website","url":"https:\/\/tienda.rigelec.com.ar\/","name":"Tienda Rigelec","description":"Energia en movimiento","publisher":{"@id":"https:\/\/tienda.rigelec.com.ar\/#organization"},"potentialAction":[{"@type":"SearchAction","target":{"@type":"EntryPoint","urlTemplate":"https:\/\/tienda.rigelec.com.ar\/?s={search_term_string}"},"query-input":{"@type":"PropertyValueSpecification","valueRequired":true,"valueName":"search_term_string"}}],"inLanguage":"es-AR"},{"@type":"Organization","@id":"https:\/\/tienda.rigelec.com.ar\/#organization","name":"Tienda Rigelec","url":"https:\/\/tienda.rigelec.com.ar\/","logo":{"@type":"ImageObject","inLanguage":"es-AR","@id":"https:\/\/tienda.rigelec.com.ar\/#\/schema\/logo\/image\/","url":"https:\/\/tienda.rigelec.com.ar\/wp-content\/uploads\/2024\/09\/isologo-blanco-rigelec.png","contentUrl":"https:\/\/tienda.rigelec.com.ar\/wp-content\/uploads\/2024\/09\/isologo-blanco-rigelec.png","width":94,"height":97,"caption":"Tienda Rigelec"},"image":{"@id":"https:\/\/tienda.rigelec.com.ar\/#\/schema\/logo\/image\/"}}]}},"jetpack_sharing_enabled":true,"_links":{"self":[{"href":"https:\/\/tienda.rigelec.com.ar\/index.php?rest_route=\/wp\/v2\/product\/28251","targetHints":{"allow":["GET"]}}],"collection":[{"href":"https:\/\/tienda.rigelec.com.ar\/index.php?rest_route=\/wp\/v2\/product"}],"about":[{"href":"https:\/\/tienda.rigelec.com.ar\/index.php?rest_route=\/wp\/v2\/types\/product"}],"replies":[{"embeddable":true,"href":"https:\/\/tienda.rigelec.com.ar\/index.php?rest_route=%2Fwp%2Fv2%2Fcomments&post=28251"}],"wp:featuredmedia":[{"embeddable":true,"href":"https:\/\/tienda.rigelec.com.ar\/index.php?rest_route=\/wp\/v2\/media\/28252"}],"wp:attachment":[{"href":"https:\/\/tienda.rigelec.com.ar\/index.php?rest_route=%2Fwp%2Fv2%2Fmedia&parent=28251"}],"wp:term":[{"taxonomy":"product_brand","embeddable":true,"href":"https:\/\/tienda.rigelec.com.ar\/index.php?rest_route=%2Fwp%2Fv2%2Fproduct_brand&post=28251"},{"taxonomy":"product_cat","embeddable":true,"href":"https:\/\/tienda.rigelec.com.ar\/index.php?rest_route=%2Fwp%2Fv2%2Fproduct_cat&post=28251"},{"taxonomy":"product_tag","embeddable":true,"href":"https:\/\/tienda.rigelec.com.ar\/index.php?rest_route=%2Fwp%2Fv2%2Fproduct_tag&post=28251"}],"curies":[{"name":"wp","href":"https:\/\/api.w.org\/{rel}","templated":true}]}}