{"id":28279,"date":"2024-12-19T19:31:22","date_gmt":"2024-12-19T22:31:22","guid":{"rendered":"https:\/\/tienda.test.rigelec.com.ar\/?product=reflector-led-luz-calida-ip65-150w-13500lm"},"modified":"2026-04-30T22:02:14","modified_gmt":"2026-05-01T01:02:14","slug":"reflector-led-macroled-150w-13500lm-luz-calida-ip65","status":"publish","type":"product","link":"https:\/\/tienda.rigelec.com.ar\/?product=reflector-led-macroled-150w-13500lm-luz-calida-ip65","title":{"rendered":"REFLECTOR LED LUZ CALIDA IP65 150W &#8211; 13500LM"},"content":{"rendered":"<p data-start=\"512\" data-end=\"800\">El <strong data-start=\"515\" data-end=\"557\">Reflector LED Macroled 150W Luz C\u00e1lida<\/strong> est\u00e1 dise\u00f1ado para brindar <strong data-start=\"585\" data-end=\"630\">iluminaci\u00f3n potente, eficiente y duradera<\/strong> en espacios amplios. Con un rendimiento de <strong data-start=\"674\" data-end=\"691\">13500 l\u00famenes<\/strong>, genera una <strong data-start=\"704\" data-end=\"732\">luz c\u00e1lida y confortable<\/strong>, adecuada tanto para uso residencial como comercial e industrial.<\/p>\n<p data-start=\"802\" data-end=\"1142\">Su <strong data-start=\"805\" data-end=\"824\">protecci\u00f3n IP65<\/strong> lo hace resistente al polvo y al agua, asegurando un funcionamiento confiable en exteriores, incluso bajo condiciones clim\u00e1ticas adversas. Adem\u00e1s, su <strong data-start=\"975\" data-end=\"993\">tecnolog\u00eda LED<\/strong> permite un importante <strong data-start=\"1016\" data-end=\"1037\">ahorro energ\u00e9tico<\/strong>, una <strong data-start=\"1043\" data-end=\"1067\">vida \u00fatil prolongada<\/strong> y <strong data-start=\"1070\" data-end=\"1094\">m\u00ednimo mantenimiento<\/strong> en comparaci\u00f3n con reflectores tradicionales.<\/p>\n<p data-start=\"1144\" data-end=\"1291\">Este reflector es la soluci\u00f3n perfecta para quienes necesitan <strong data-start=\"1206\" data-end=\"1288\">gran caudal lum\u00ednico con eficiencia energ\u00e9tica y calidad de iluminaci\u00f3n c\u00e1lida<\/strong>.<\/p>\n<h2 data-start=\"1298\" data-end=\"1333\"><strong data-start=\"1301\" data-end=\"1331\">Caracter\u00edsticas<\/strong><\/h2>\n<ul data-start=\"1334\" data-end=\"1679\">\n<li data-start=\"1334\" data-end=\"1357\">\n<p data-start=\"1336\" data-end=\"1357\"><strong data-start=\"1336\" data-end=\"1346\">Marca:<\/strong> Macroled<\/p>\n<\/li>\n<li data-start=\"1358\" data-end=\"1397\">\n<p data-start=\"1360\" data-end=\"1397\"><strong data-start=\"1360\" data-end=\"1371\">Modelo:<\/strong> Reflector LED IP65 150W<\/p>\n<\/li>\n<li data-start=\"1398\" data-end=\"1420\">\n<p data-start=\"1400\" data-end=\"1420\"><strong data-start=\"1400\" data-end=\"1413\">Potencia:<\/strong> 150W<\/p>\n<\/li>\n<li data-start=\"1421\" data-end=\"1454\">\n<p data-start=\"1423\" data-end=\"1454\"><strong data-start=\"1423\" data-end=\"1442\">Flujo luminoso:<\/strong> 13.500 lm<\/p>\n<\/li>\n<li data-start=\"1455\" data-end=\"1495\">\n<p data-start=\"1457\" data-end=\"1495\"><strong data-start=\"1457\" data-end=\"1482\">Temperatura de color:<\/strong> Luz c\u00e1lida<\/p>\n<\/li>\n<li data-start=\"1496\" data-end=\"1552\">\n<p data-start=\"1498\" data-end=\"1552\"><strong data-start=\"1498\" data-end=\"1513\">Protecci\u00f3n:<\/strong> IP65 (resistente al agua y al polvo)<\/p>\n<\/li>\n<li data-start=\"1553\" data-end=\"1623\">\n<p data-start=\"1555\" data-end=\"1623\"><strong data-start=\"1555\" data-end=\"1581\">Eficiencia energ\u00e9tica:<\/strong> Bajo consumo con alta potencia lum\u00ednica<\/p>\n<\/li>\n<li data-start=\"1624\" data-end=\"1679\">\n<p data-start=\"1626\" data-end=\"1679\"><strong data-start=\"1626\" data-end=\"1642\">Durabilidad:<\/strong> Larga vida \u00fatil con tecnolog\u00eda LED<\/p>\n<\/li>\n<\/ul>\n<h2 data-start=\"1686\" data-end=\"1720\"><strong data-start=\"1689\" data-end=\"1718\">Aplicaciones recomendadas<\/strong><\/h2>\n<ul data-start=\"1721\" data-end=\"1918\">\n<li data-start=\"1721\" data-end=\"1754\">\n<p data-start=\"1723\" data-end=\"1754\">Galpones y naves industriales<\/p>\n<\/li>\n<li data-start=\"1755\" data-end=\"1796\">\n<p data-start=\"1757\" data-end=\"1796\">Estacionamientos y playas de maniobra<\/p>\n<\/li>\n<li data-start=\"1797\" data-end=\"1838\">\n<p data-start=\"1799\" data-end=\"1838\">Campos deportivos y \u00e1reas recreativas<\/p>\n<\/li>\n<li data-start=\"1839\" data-end=\"1868\">\n<p data-start=\"1841\" data-end=\"1868\">Patios y jardines amplios<\/p>\n<\/li>\n<li data-start=\"1869\" data-end=\"1918\">\n<p data-start=\"1871\" data-end=\"1918\">Iluminaci\u00f3n de fachadas y accesos principales<\/p>\n<\/li>\n<\/ul>\n<p><a href=\"https:\/\/www.macroled.com.ar\/buscar?*=EFL-\">https:\/\/www.macroled.com.ar\/buscar?*=EFL-<\/a><\/p>\n","protected":false},"excerpt":{"rendered":"<p>Brazo a 45\u00b0<br \/>\nPotencia: 150W<br \/>\nModelo: EFL-150W<br \/>\nTensi\u00f3n: AC100-240V<br \/>\nTama\u00f1o de L\u00e1mpara: 375x280x38mm<br \/>\nPeso de L\u00e1mpara: 2,68 Kg<\/p>\n","protected":false},"featured_media":28280,"comment_status":"open","ping_status":"closed","template":"","meta":{"_monsterinsights_skip_tracking":false,"_monsterinsights_sitenote_active":false,"_monsterinsights_sitenote_note":"","_monsterinsights_sitenote_category":0},"product_brand":[],"product_cat":[193],"product_tag":[146],"class_list":{"0":"post-28279","1":"product","2":"type-product","3":"status-publish","4":"has-post-thumbnail","6":"product_cat-1-led","7":"product_tag-macroled","9":"first","10":"instock","11":"shipping-taxable","12":"purchasable","13":"product-type-simple"},"yoast_head":"<!-- This site is optimized with the Yoast SEO plugin v25.3.1 - https:\/\/yoast.com\/wordpress\/plugins\/seo\/ -->\n<title>Tienda Rigelec Reflector LED Macroled 150W \u2013 13500lm Luz C\u00e1lida IP65<\/title>\n<meta name=\"description\" content=\"Reflector LED Macroled 150W con 13500 l\u00famenes de luz c\u00e1lida. Protecci\u00f3n IP65 contra agua y polvo. Ideal para galpones, patios, fachadas y exteriores.\" \/>\n<meta name=\"robots\" content=\"index, follow, max-snippet:-1, max-image-preview:large, max-video-preview:-1\" \/>\n<link rel=\"canonical\" href=\"https:\/\/tienda.rigelec.com.ar\/?product=reflector-led-macroled-150w-13500lm-luz-calida-ip65\" \/>\n<meta property=\"og:locale\" content=\"es_ES\" \/>\n<meta property=\"og:type\" content=\"article\" \/>\n<meta property=\"og:title\" content=\"Tienda Rigelec Reflector LED Macroled 150W \u2013 13500lm Luz C\u00e1lida IP65\" \/>\n<meta property=\"og:description\" content=\"Reflector LED Macroled 150W con 13500 l\u00famenes de luz c\u00e1lida. Protecci\u00f3n IP65 contra agua y polvo. Ideal para galpones, patios, fachadas y exteriores.\" \/>\n<meta property=\"og:url\" content=\"https:\/\/tienda.rigelec.com.ar\/?product=reflector-led-macroled-150w-13500lm-luz-calida-ip65\" \/>\n<meta property=\"og:site_name\" content=\"Tienda Rigelec\" \/>\n<meta property=\"article:modified_time\" content=\"2026-05-01T01:02:14+00:00\" \/>\n<meta property=\"og:image\" content=\"https:\/\/tienda.rigelec.com.ar\/wp-content\/uploads\/2024\/12\/REFLECTORLEDLUZCALIDA-5.jpg\" \/>\n\t<meta property=\"og:image:width\" content=\"1080\" \/>\n\t<meta property=\"og:image:height\" content=\"959\" \/>\n\t<meta property=\"og:image:type\" content=\"image\/jpeg\" \/>\n<meta name=\"twitter:card\" content=\"summary_large_image\" \/>\n<meta name=\"twitter:label1\" content=\"Tiempo de lectura\" \/>\n\t<meta name=\"twitter:data1\" content=\"1 minuto\" \/>\n<script type=\"application\/ld+json\" class=\"yoast-schema-graph\">{\"@context\":\"https:\/\/schema.org\",\"@graph\":[{\"@type\":\"WebPage\",\"@id\":\"https:\/\/tienda.rigelec.com.ar\/?product=reflector-led-macroled-150w-13500lm-luz-calida-ip65\",\"url\":\"https:\/\/tienda.rigelec.com.ar\/?product=reflector-led-macroled-150w-13500lm-luz-calida-ip65\",\"name\":\"Tienda Rigelec Reflector LED Macroled 150W \u2013 13500lm Luz C\u00e1lida IP65\",\"isPartOf\":{\"@id\":\"https:\/\/tienda.rigelec.com.ar\/#website\"},\"primaryImageOfPage\":{\"@id\":\"https:\/\/tienda.rigelec.com.ar\/?product=reflector-led-macroled-150w-13500lm-luz-calida-ip65#primaryimage\"},\"image\":{\"@id\":\"https:\/\/tienda.rigelec.com.ar\/?product=reflector-led-macroled-150w-13500lm-luz-calida-ip65#primaryimage\"},\"thumbnailUrl\":\"https:\/\/tienda.rigelec.com.ar\/wp-content\/uploads\/2024\/12\/REFLECTORLEDLUZCALIDA-5.jpg\",\"datePublished\":\"2024-12-19T22:31:22+00:00\",\"dateModified\":\"2026-05-01T01:02:14+00:00\",\"description\":\"Reflector LED Macroled 150W con 13500 l\u00famenes de luz c\u00e1lida. Protecci\u00f3n IP65 contra agua y polvo. Ideal para galpones, patios, fachadas y exteriores.\",\"breadcrumb\":{\"@id\":\"https:\/\/tienda.rigelec.com.ar\/?product=reflector-led-macroled-150w-13500lm-luz-calida-ip65#breadcrumb\"},\"inLanguage\":\"es-AR\",\"potentialAction\":[{\"@type\":\"ReadAction\",\"target\":[\"https:\/\/tienda.rigelec.com.ar\/?product=reflector-led-macroled-150w-13500lm-luz-calida-ip65\"]}]},{\"@type\":\"ImageObject\",\"inLanguage\":\"es-AR\",\"@id\":\"https:\/\/tienda.rigelec.com.ar\/?product=reflector-led-macroled-150w-13500lm-luz-calida-ip65#primaryimage\",\"url\":\"https:\/\/tienda.rigelec.com.ar\/wp-content\/uploads\/2024\/12\/REFLECTORLEDLUZCALIDA-5.jpg\",\"contentUrl\":\"https:\/\/tienda.rigelec.com.ar\/wp-content\/uploads\/2024\/12\/REFLECTORLEDLUZCALIDA-5.jpg\",\"width\":1080,\"height\":959},{\"@type\":\"BreadcrumbList\",\"@id\":\"https:\/\/tienda.rigelec.com.ar\/?product=reflector-led-macroled-150w-13500lm-luz-calida-ip65#breadcrumb\",\"itemListElement\":[{\"@type\":\"ListItem\",\"position\":1,\"name\":\"Inicio\",\"item\":\"https:\/\/tienda.rigelec.com.ar\/\"},{\"@type\":\"ListItem\",\"position\":2,\"name\":\"Shop\",\"item\":\"https:\/\/tienda.rigelec.com.ar\/?page_id=12\"},{\"@type\":\"ListItem\",\"position\":3,\"name\":\"REFLECTOR LED LUZ CALIDA IP65 150W &#8211; 13500LM\"}]},{\"@type\":\"WebSite\",\"@id\":\"https:\/\/tienda.rigelec.com.ar\/#website\",\"url\":\"https:\/\/tienda.rigelec.com.ar\/\",\"name\":\"Tienda Rigelec\",\"description\":\"Energia en movimiento\",\"publisher\":{\"@id\":\"https:\/\/tienda.rigelec.com.ar\/#organization\"},\"potentialAction\":[{\"@type\":\"SearchAction\",\"target\":{\"@type\":\"EntryPoint\",\"urlTemplate\":\"https:\/\/tienda.rigelec.com.ar\/?s={search_term_string}\"},\"query-input\":{\"@type\":\"PropertyValueSpecification\",\"valueRequired\":true,\"valueName\":\"search_term_string\"}}],\"inLanguage\":\"es-AR\"},{\"@type\":\"Organization\",\"@id\":\"https:\/\/tienda.rigelec.com.ar\/#organization\",\"name\":\"Tienda Rigelec\",\"url\":\"https:\/\/tienda.rigelec.com.ar\/\",\"logo\":{\"@type\":\"ImageObject\",\"inLanguage\":\"es-AR\",\"@id\":\"https:\/\/tienda.rigelec.com.ar\/#\/schema\/logo\/image\/\",\"url\":\"https:\/\/tienda.rigelec.com.ar\/wp-content\/uploads\/2024\/09\/isologo-blanco-rigelec.png\",\"contentUrl\":\"https:\/\/tienda.rigelec.com.ar\/wp-content\/uploads\/2024\/09\/isologo-blanco-rigelec.png\",\"width\":94,\"height\":97,\"caption\":\"Tienda Rigelec\"},\"image\":{\"@id\":\"https:\/\/tienda.rigelec.com.ar\/#\/schema\/logo\/image\/\"}}]}<\/script>\n<!-- \/ Yoast SEO plugin. -->","yoast_head_json":{"title":"Tienda Rigelec Reflector LED Macroled 150W \u2013 13500lm Luz C\u00e1lida IP65","description":"Reflector LED Macroled 150W con 13500 l\u00famenes de luz c\u00e1lida. Protecci\u00f3n IP65 contra agua y polvo. Ideal para galpones, patios, fachadas y exteriores.","robots":{"index":"index","follow":"follow","max-snippet":"max-snippet:-1","max-image-preview":"max-image-preview:large","max-video-preview":"max-video-preview:-1"},"canonical":"https:\/\/tienda.rigelec.com.ar\/?product=reflector-led-macroled-150w-13500lm-luz-calida-ip65","og_locale":"es_ES","og_type":"article","og_title":"Tienda Rigelec Reflector LED Macroled 150W \u2013 13500lm Luz C\u00e1lida IP65","og_description":"Reflector LED Macroled 150W con 13500 l\u00famenes de luz c\u00e1lida. Protecci\u00f3n IP65 contra agua y polvo. Ideal para galpones, patios, fachadas y exteriores.","og_url":"https:\/\/tienda.rigelec.com.ar\/?product=reflector-led-macroled-150w-13500lm-luz-calida-ip65","og_site_name":"Tienda Rigelec","article_modified_time":"2026-05-01T01:02:14+00:00","og_image":[{"width":1080,"height":959,"url":"https:\/\/tienda.rigelec.com.ar\/wp-content\/uploads\/2024\/12\/REFLECTORLEDLUZCALIDA-5.jpg","type":"image\/jpeg"}],"twitter_card":"summary_large_image","twitter_misc":{"Tiempo de lectura":"1 minuto"},"schema":{"@context":"https:\/\/schema.org","@graph":[{"@type":"WebPage","@id":"https:\/\/tienda.rigelec.com.ar\/?product=reflector-led-macroled-150w-13500lm-luz-calida-ip65","url":"https:\/\/tienda.rigelec.com.ar\/?product=reflector-led-macroled-150w-13500lm-luz-calida-ip65","name":"Tienda Rigelec Reflector LED Macroled 150W \u2013 13500lm Luz C\u00e1lida IP65","isPartOf":{"@id":"https:\/\/tienda.rigelec.com.ar\/#website"},"primaryImageOfPage":{"@id":"https:\/\/tienda.rigelec.com.ar\/?product=reflector-led-macroled-150w-13500lm-luz-calida-ip65#primaryimage"},"image":{"@id":"https:\/\/tienda.rigelec.com.ar\/?product=reflector-led-macroled-150w-13500lm-luz-calida-ip65#primaryimage"},"thumbnailUrl":"https:\/\/tienda.rigelec.com.ar\/wp-content\/uploads\/2024\/12\/REFLECTORLEDLUZCALIDA-5.jpg","datePublished":"2024-12-19T22:31:22+00:00","dateModified":"2026-05-01T01:02:14+00:00","description":"Reflector LED Macroled 150W con 13500 l\u00famenes de luz c\u00e1lida. Protecci\u00f3n IP65 contra agua y polvo. Ideal para galpones, patios, fachadas y exteriores.","breadcrumb":{"@id":"https:\/\/tienda.rigelec.com.ar\/?product=reflector-led-macroled-150w-13500lm-luz-calida-ip65#breadcrumb"},"inLanguage":"es-AR","potentialAction":[{"@type":"ReadAction","target":["https:\/\/tienda.rigelec.com.ar\/?product=reflector-led-macroled-150w-13500lm-luz-calida-ip65"]}]},{"@type":"ImageObject","inLanguage":"es-AR","@id":"https:\/\/tienda.rigelec.com.ar\/?product=reflector-led-macroled-150w-13500lm-luz-calida-ip65#primaryimage","url":"https:\/\/tienda.rigelec.com.ar\/wp-content\/uploads\/2024\/12\/REFLECTORLEDLUZCALIDA-5.jpg","contentUrl":"https:\/\/tienda.rigelec.com.ar\/wp-content\/uploads\/2024\/12\/REFLECTORLEDLUZCALIDA-5.jpg","width":1080,"height":959},{"@type":"BreadcrumbList","@id":"https:\/\/tienda.rigelec.com.ar\/?product=reflector-led-macroled-150w-13500lm-luz-calida-ip65#breadcrumb","itemListElement":[{"@type":"ListItem","position":1,"name":"Inicio","item":"https:\/\/tienda.rigelec.com.ar\/"},{"@type":"ListItem","position":2,"name":"Shop","item":"https:\/\/tienda.rigelec.com.ar\/?page_id=12"},{"@type":"ListItem","position":3,"name":"REFLECTOR LED LUZ CALIDA IP65 150W &#8211; 13500LM"}]},{"@type":"WebSite","@id":"https:\/\/tienda.rigelec.com.ar\/#website","url":"https:\/\/tienda.rigelec.com.ar\/","name":"Tienda Rigelec","description":"Energia en movimiento","publisher":{"@id":"https:\/\/tienda.rigelec.com.ar\/#organization"},"potentialAction":[{"@type":"SearchAction","target":{"@type":"EntryPoint","urlTemplate":"https:\/\/tienda.rigelec.com.ar\/?s={search_term_string}"},"query-input":{"@type":"PropertyValueSpecification","valueRequired":true,"valueName":"search_term_string"}}],"inLanguage":"es-AR"},{"@type":"Organization","@id":"https:\/\/tienda.rigelec.com.ar\/#organization","name":"Tienda Rigelec","url":"https:\/\/tienda.rigelec.com.ar\/","logo":{"@type":"ImageObject","inLanguage":"es-AR","@id":"https:\/\/tienda.rigelec.com.ar\/#\/schema\/logo\/image\/","url":"https:\/\/tienda.rigelec.com.ar\/wp-content\/uploads\/2024\/09\/isologo-blanco-rigelec.png","contentUrl":"https:\/\/tienda.rigelec.com.ar\/wp-content\/uploads\/2024\/09\/isologo-blanco-rigelec.png","width":94,"height":97,"caption":"Tienda Rigelec"},"image":{"@id":"https:\/\/tienda.rigelec.com.ar\/#\/schema\/logo\/image\/"}}]}},"jetpack_sharing_enabled":true,"_links":{"self":[{"href":"https:\/\/tienda.rigelec.com.ar\/index.php?rest_route=\/wp\/v2\/product\/28279","targetHints":{"allow":["GET"]}}],"collection":[{"href":"https:\/\/tienda.rigelec.com.ar\/index.php?rest_route=\/wp\/v2\/product"}],"about":[{"href":"https:\/\/tienda.rigelec.com.ar\/index.php?rest_route=\/wp\/v2\/types\/product"}],"replies":[{"embeddable":true,"href":"https:\/\/tienda.rigelec.com.ar\/index.php?rest_route=%2Fwp%2Fv2%2Fcomments&post=28279"}],"wp:featuredmedia":[{"embeddable":true,"href":"https:\/\/tienda.rigelec.com.ar\/index.php?rest_route=\/wp\/v2\/media\/28280"}],"wp:attachment":[{"href":"https:\/\/tienda.rigelec.com.ar\/index.php?rest_route=%2Fwp%2Fv2%2Fmedia&parent=28279"}],"wp:term":[{"taxonomy":"product_brand","embeddable":true,"href":"https:\/\/tienda.rigelec.com.ar\/index.php?rest_route=%2Fwp%2Fv2%2Fproduct_brand&post=28279"},{"taxonomy":"product_cat","embeddable":true,"href":"https:\/\/tienda.rigelec.com.ar\/index.php?rest_route=%2Fwp%2Fv2%2Fproduct_cat&post=28279"},{"taxonomy":"product_tag","embeddable":true,"href":"https:\/\/tienda.rigelec.com.ar\/index.php?rest_route=%2Fwp%2Fv2%2Fproduct_tag&post=28279"}],"curies":[{"name":"wp","href":"https:\/\/api.w.org\/{rel}","templated":true}]}}